{"id":239270,"date":"2020-12-30T10:15:48","date_gmt":"2020-12-30T10:15:48","guid":{"rendered":"https:\/\/www.italianacontenitori.com\/shop\/"},"modified":"2026-01-15T08:59:02","modified_gmt":"2026-01-15T08:59:02","slug":"katalog-de","status":"publish","type":"page","link":"https:\/\/www.italianacontenitori.com\/de\/katalog-de\/","title":{"rendered":"Katalog"},"content":{"rendered":"<p>[et_pb_section fb_built=&#8221;1&#8243; specialty=&#8221;on&#8221; _builder_version=&#8221;4.16&#8243; _module_preset=&#8221;default&#8221; background_color=&#8221;#f2f2f2&#8243; width=&#8221;100%&#8221; max_width=&#8221;100%&#8221; inner_width=&#8221;100%&#8221; inner_max_width=&#8221;100%&#8221; custom_padding=&#8221;2px|||10px|false|false&#8221; global_colors_info=&#8221;{}&#8221;][et_pb_column type=&#8221;3_4&#8243; specialty_columns=&#8221;3&#8243; _builder_version=&#8221;4.16&#8243; custom_padding=&#8221;|||&#8221; global_colors_info=&#8221;{}&#8221; custom_padding__hover=&#8221;|||&#8221;][et_pb_row_inner column_structure=&#8221;1_2,1_2&#8243; use_custom_gutter=&#8221;on&#8221; gutter_width=&#8221;2&#8243; _builder_version=&#8221;4.16&#8243; _module_preset=&#8221;default&#8221; width=&#8221;100%&#8221; max_width=&#8221;100%&#8221; custom_padding=&#8221;||4px|||&#8221; global_colors_info=&#8221;{}&#8221;][et_pb_column_inner type=&#8221;1_2&#8243; saved_specialty_column_type=&#8221;3_4&#8243; _builder_version=&#8221;4.16&#8243; _module_preset=&#8221;default&#8221; global_colors_info=&#8221;{}&#8221;][et_pb_sidebar area=&#8221;et_pb_widget_area_1&#8243; disabled_on=&#8221;off|off|off&#8221; admin_label=&#8221;Famiglia&#8221; _builder_version=&#8221;4.16&#8243; _module_preset=&#8221;default&#8221; global_colors_info=&#8221;{}&#8221;][\/et_pb_sidebar][\/et_pb_column_inner][et_pb_column_inner type=&#8221;1_2&#8243; saved_specialty_column_type=&#8221;3_4&#8243; _builder_version=&#8221;4.16&#8243; _module_preset=&#8221;default&#8221; global_colors_info=&#8221;{}&#8221;][et_pb_sidebar area=&#8221;et_pb_widget_area_2&#8243; disabled_on=&#8221;off|off|off&#8221; admin_label=&#8221;Impieghi&#8221; _builder_version=&#8221;4.16&#8243; _module_preset=&#8221;default&#8221; global_colors_info=&#8221;{}&#8221;][\/et_pb_sidebar][\/et_pb_column_inner][\/et_pb_row_inner][et_pb_row_inner _builder_version=&#8221;4.16&#8243; _module_preset=&#8221;default&#8221; custom_padding=&#8221;4px|||||&#8221; global_colors_info=&#8221;{}&#8221;][et_pb_column_inner saved_specialty_column_type=&#8221;3_4&#8243; _builder_version=&#8221;4.16&#8243; _module_preset=&#8221;default&#8221; global_colors_info=&#8221;{}&#8221;][et_pb_shop posts_number=&#8221;25&#8243; show_pagination=&#8221;on&#8221; columns_number=&#8221;4&#8243; _builder_version=&#8221;4.27.0&#8243; _module_preset=&#8221;default&#8221; title_text_color=&#8221;#01A25F&#8221; title_font_size=&#8221;20px&#8221; title_letter_spacing=&#8221;1px&#8221; rating_font_size=&#8221;10px&#8221; rating_letter_spacing=&#8221;4px&#8221; background_color=&#8221;rgba(0,0,0,0.01)&#8221; child_filter_brightness=&#8221;95%&#8221; hover_enabled=&#8221;0&#8243; bapf_apply=&#8221;enable&#8221; border_radii_image=&#8221;on|10px|10px|10px|10px&#8221; global_colors_info=&#8221;{}&#8221; sticky_enabled=&#8221;0&#8243;][\/et_pb_shop][\/et_pb_column_inner][\/et_pb_row_inner][et_pb_row_inner _builder_version=&#8221;4.23.1&#8243; _module_preset=&#8221;default&#8221; global_colors_info=&#8221;{}&#8221;][et_pb_column_inner saved_specialty_column_type=&#8221;3_4&#8243; _builder_version=&#8221;4.23.1&#8243; _module_preset=&#8221;default&#8221; global_colors_info=&#8221;{}&#8221;][et_pb_text _builder_version=&#8221;4.23.1&#8243; _module_preset=&#8221;default&#8221; header_font_size=&#8221;40px&#8221; custom_margin=&#8221;||1px|||&#8221; custom_padding=&#8221;||19px|||&#8221; global_colors_info=&#8221;{}&#8221;]<\/p>\n<h1>Der Katalog der Italiana Contenitori<\/h1>\n<h2><span style=\"color: #339966;\">Der Wert eines Produkts, das Perfektion zur Tradition gemacht hat<\/span><\/h2>\n<p>[\/et_pb_text][et_pb_text _builder_version=&#8221;4.23.1&#8243; _module_preset=&#8221;default&#8221; global_colors_info=&#8221;{}&#8221;]<\/p>\n<p>Mit mehr als vier Jahrzehnten Erfahrung in der Branche sind wir stolz darauf, unseren Katalog f\u00fcr Lager- und Warenumschlagsl\u00f6sungen, verzinkte Gitterboxen, zu pr\u00e4sentieren, die f\u00fcr Spitzenleistungen in Logistik und Lagerung stehen. Unsere Beh\u00e4lter sind ein <strong>Symbol f\u00fcr Robustheit, St\u00e4rke und Langlebigkeit,<\/strong> das Ergebnis von Erfahrung und st\u00e4ndigem Engagement in Forschung und Entwicklung. Wenn Sie sich f\u00fcr Italiana Contenitori entscheiden, entscheiden Sie sich f\u00fcr <strong>einen Partner, dem Sie vertrauen k\u00f6nnen<\/strong> und der in der Lage ist, Ihnen qualitativ hochwertige L\u00f6sungen zu einem wettbewerbsf\u00e4higen Preis anzubieten. Vertrauen Sie auf unsere Erfahrung f\u00fcr Ihren Bedarf an Metallbeh\u00e4ltern.<\/p>\n<h2>Warum Drahtgittercontainer?<\/h2>\n<p><strong>Gitterboxen<\/strong> sind leicht, wendig und k\u00f6nnen bei Nichtgebrauch zusammengefaltet, zu vertikalen Lagern gestapelt, zum m\u00fchelosen und ger\u00e4uschlosen Transport schwerer G\u00fcter verwendet, zur Schaffung von Laderaum auf Paletten gestellt und f\u00fcr den sicheren Transport von Wertgegenst\u00e4nden eingesetzt werden.<\/p>\n<h2>Arten von Drahtcontainern<\/h2>\n<p>Entdecken Sie in unserem Sortiment eine Vielzahl von Drahtgitterbeh\u00e4ltern, die das Raummanagement und die Logistik in Ihrem Arbeitsumfeld optimieren. Unser Angebot an <strong>Rollcontainern<\/strong>, die in zahlreichen zwei-, drei- und vierseitigen Konfigurationen erh\u00e4ltlich sind, wurde entwickelt, um einen sicheren, effizienten und reibungslosen Warenumschlag zu gew\u00e4hrleisten.<\/p>\n<p>F\u00fcr das Palettenhandling finden Sie im Katalog speziell konzipierte <strong>Trennw\u00e4nde<\/strong>, die den verf\u00fcgbaren Raum maximal ausnutzen. Unser Katalog wird durch <strong>Metallk\u00e4sten und -k\u00f6rbe<\/strong> erweitert, die auf die spezifischen Bed\u00fcrfnisse verschiedener Branchen zugeschnitten sind, wie die Serien Market, Leggero und Emak.<\/p>\n<h2>Anwendungen und Einsatzbereiche f\u00fcr Drahtgitterk\u00f6rbe und Rollcontainer<\/h2>\n<p>Unsere Produktpalette eignet sich ideal f\u00fcr viele Bereiche, von der W\u00e4scherei \u00fcber die Schwerindustrie, den Weinbau und die Landwirtschaft bis hin zu gro\u00dfen Einzelhandels- und Krankenhauseinrichtungen. F\u00fcr den Transport von empfindlichen oder besonders wertvollen G\u00fctern wie Wertsachen oder High-Tech-Produkten finden Sie in unserer Serie von Sicherheitsrollbeh\u00e4ltern, die mit einem dichten Netz und einem Verschluss ausgestattet sind.<\/p>\n<h2>Der Wert des <em>Made in Italy &#8211;<\/em> Container nach Ma\u00df, Respekt f\u00fcr die Umwelt und die Arbeit<\/h2>\n<p>Bei Italiana Contenitori l\u00e4sst die Standardisierung auch Raum f\u00fcr Innovation und individuelle Gestaltung: Wir kontrollieren jede Phase des Produktionszyklus im eigenen Haus, von der Auswahl der Rohstoffe bis zur Auslieferung, und gew\u00e4hrleisten so qualitativ hochwertige Produkte. Eine Abteilung, die sich mit dem Entwurf von \u00fcber-industriellen Containern besch\u00e4ftigt, die nach Ihren Anforderungen und auch auf Projektbasis hergestellt werden, steht Ihnen jederzeit zur Verf\u00fcgung.<\/p>\n<p>IC-Produkte werden unter Ber\u00fccksichtigung der Umwelt und der Rechte der Arbeitnehmer hergestellt, sind haltbar, langlebig und vollst\u00e4ndig recycelbar und verringern die Umweltbelastung in allen Bereichen, in denen sie verwendet werden.<\/p>\n<p>[\/et_pb_text][\/et_pb_column_inner][\/et_pb_row_inner][\/et_pb_column][et_pb_column type=&#8221;1_4&#8243; _builder_version=&#8221;4.16&#8243; custom_padding=&#8221;|||&#8221; global_colors_info=&#8221;{}&#8221; custom_padding__hover=&#8221;|||&#8221;][et_pb_sidebar admin_label=&#8221;Sidebar&#8221; _builder_version=&#8221;4.16&#8243; _module_preset=&#8221;default&#8221; scroll_vertical_motion=&#8221;0|22|22|100|4|0|-4&#8243; motion_trigger_start=&#8221;top&#8221; global_colors_info=&#8221;{}&#8221;][\/et_pb_sidebar][\/et_pb_column][\/et_pb_section]<\/p>\n","protected":false},"excerpt":{"rendered":"<p>Der Katalog der Italiana Contenitori Der Wert eines Produkts, das Perfektion zur Tradition gemacht hatMit mehr als vier Jahrzehnten Erfahrung in der Branche sind wir stolz darauf, unseren Katalog f\u00fcr Lager- und Warenumschlagsl\u00f6sungen, verzinkte Gitterboxen, zu pr\u00e4sentieren, die f\u00fcr Spitzenleistungen in Logistik und Lagerung stehen. Unsere Beh\u00e4lter sind ein Symbol f\u00fcr Robustheit, St\u00e4rke und Langlebigkeit, [&hellip;]<\/p>\n","protected":false},"author":1,"featured_media":0,"parent":0,"menu_order":0,"comment_status":"closed","ping_status":"closed","template":"","meta":{"_acf_changed":false,"_et_pb_use_builder":"on","_et_pb_old_content":"","_et_gb_content_width":"","footnotes":""},"class_list":["post-239270","page","type-page","status-publish","hentry"],"acf":{"mirror_link":null,"campaign_id":null,"newsletter_html":null},"yoast_head":"<!-- This site is optimized with the Yoast SEO plugin v27.3 - https:\/\/yoast.com\/product\/yoast-seo-wordpress\/ -->\n<title>Katalog - italianacontenitori.com<\/title>\n<meta name=\"description\" content=\"Ein kompletter \u00dcberblick \u00fcber alle Industriecontainer-Modelle von IC: stapelbare Gitterbeh\u00e4lter, Palettenaufsatzrahmen, Rollcontainer und vieles mehr\" \/>\n<meta name=\"robots\" content=\"index, follow, max-snippet:-1, max-image-preview:large, max-video-preview:-1\" \/>\n<link rel=\"canonical\" href=\"https:\/\/www.italianacontenitori.com\/de\/katalog-de\/\" \/>\n<meta property=\"og:locale\" content=\"de_DE\" \/>\n<meta property=\"og:type\" content=\"article\" \/>\n<meta property=\"og:title\" content=\"Katalog - italianacontenitori.com\" \/>\n<meta property=\"og:description\" content=\"Ein kompletter \u00dcberblick \u00fcber alle Industriecontainer-Modelle von IC: stapelbare Gitterbeh\u00e4lter, Palettenaufsatzrahmen, Rollcontainer und vieles mehr\" \/>\n<meta property=\"og:url\" content=\"https:\/\/www.italianacontenitori.com\/de\/katalog-de\/\" \/>\n<meta property=\"og:site_name\" content=\"italianacontenitori.com\" \/>\n<meta property=\"article:modified_time\" content=\"2026-01-15T08:59:02+00:00\" \/>\n<meta name=\"twitter:card\" content=\"summary_large_image\" \/>\n<meta name=\"twitter:label1\" content=\"Gesch\u00e4tzte Lesezeit\" \/>\n\t<meta name=\"twitter:data1\" content=\"4\u00a0Minuten\" \/>\n<script type=\"application\/ld+json\" class=\"yoast-schema-graph\">{\"@context\":\"https:\\\/\\\/schema.org\",\"@graph\":[{\"@type\":\"WebPage\",\"@id\":\"https:\\\/\\\/www.italianacontenitori.com\\\/de\\\/katalog-de\\\/\",\"url\":\"https:\\\/\\\/www.italianacontenitori.com\\\/de\\\/katalog-de\\\/\",\"name\":\"Katalog - italianacontenitori.com\",\"isPartOf\":{\"@id\":\"https:\\\/\\\/www.italianacontenitori.com\\\/de\\\/#website\"},\"datePublished\":\"2020-12-30T10:15:48+00:00\",\"dateModified\":\"2026-01-15T08:59:02+00:00\",\"description\":\"Ein kompletter \u00dcberblick \u00fcber alle Industriecontainer-Modelle von IC: stapelbare Gitterbeh\u00e4lter, Palettenaufsatzrahmen, Rollcontainer und vieles mehr\",\"breadcrumb\":{\"@id\":\"https:\\\/\\\/www.italianacontenitori.com\\\/de\\\/katalog-de\\\/#breadcrumb\"},\"inLanguage\":\"de\",\"potentialAction\":[{\"@type\":\"ReadAction\",\"target\":[\"https:\\\/\\\/www.italianacontenitori.com\\\/de\\\/katalog-de\\\/\"]}]},{\"@type\":\"BreadcrumbList\",\"@id\":\"https:\\\/\\\/www.italianacontenitori.com\\\/de\\\/katalog-de\\\/#breadcrumb\",\"itemListElement\":[{\"@type\":\"ListItem\",\"position\":1,\"name\":\"Home\",\"item\":\"https:\\\/\\\/www.italianacontenitori.com\\\/de\\\/metallgitterboxen\\\/\"},{\"@type\":\"ListItem\",\"position\":2,\"name\":\"Katalog\"}]},{\"@type\":\"WebSite\",\"@id\":\"https:\\\/\\\/www.italianacontenitori.com\\\/de\\\/#website\",\"url\":\"https:\\\/\\\/www.italianacontenitori.com\\\/de\\\/\",\"name\":\"italianacontenitori.com\",\"description\":\"Produzione di contenitori industriali e roll container\",\"publisher\":{\"@id\":\"https:\\\/\\\/www.italianacontenitori.com\\\/de\\\/#organization\"},\"potentialAction\":[{\"@type\":\"SearchAction\",\"target\":{\"@type\":\"EntryPoint\",\"urlTemplate\":\"https:\\\/\\\/www.italianacontenitori.com\\\/de\\\/?s={search_term_string}\"},\"query-input\":{\"@type\":\"PropertyValueSpecification\",\"valueRequired\":true,\"valueName\":\"search_term_string\"}}],\"inLanguage\":\"de\"},{\"@type\":\"Organization\",\"@id\":\"https:\\\/\\\/www.italianacontenitori.com\\\/de\\\/#organization\",\"name\":\"Italiana Contenitori s.r.l.\",\"alternateName\":\"IC\",\"url\":\"https:\\\/\\\/www.italianacontenitori.com\\\/de\\\/\",\"logo\":{\"@type\":\"ImageObject\",\"inLanguage\":\"de\",\"@id\":\"https:\\\/\\\/www.italianacontenitori.com\\\/de\\\/#\\\/schema\\\/logo\\\/image\\\/\",\"url\":\"https:\\\/\\\/www.italianacontenitori.com\\\/wp-content\\\/uploads\\\/2020\\\/11\\\/cropped-Logo-Italiana-Contenitori_favicon.jpg\",\"contentUrl\":\"https:\\\/\\\/www.italianacontenitori.com\\\/wp-content\\\/uploads\\\/2020\\\/11\\\/cropped-Logo-Italiana-Contenitori_favicon.jpg\",\"width\":512,\"height\":512,\"caption\":\"Italiana Contenitori s.r.l.\"},\"image\":{\"@id\":\"https:\\\/\\\/www.italianacontenitori.com\\\/de\\\/#\\\/schema\\\/logo\\\/image\\\/\"}}]}<\/script>\n<!-- \/ Yoast SEO plugin. -->","yoast_head_json":{"title":"Katalog - italianacontenitori.com","description":"Ein kompletter \u00dcberblick \u00fcber alle Industriecontainer-Modelle von IC: stapelbare Gitterbeh\u00e4lter, Palettenaufsatzrahmen, Rollcontainer und vieles mehr","robots":{"index":"index","follow":"follow","max-snippet":"max-snippet:-1","max-image-preview":"max-image-preview:large","max-video-preview":"max-video-preview:-1"},"canonical":"https:\/\/www.italianacontenitori.com\/de\/katalog-de\/","og_locale":"de_DE","og_type":"article","og_title":"Katalog - italianacontenitori.com","og_description":"Ein kompletter \u00dcberblick \u00fcber alle Industriecontainer-Modelle von IC: stapelbare Gitterbeh\u00e4lter, Palettenaufsatzrahmen, Rollcontainer und vieles mehr","og_url":"https:\/\/www.italianacontenitori.com\/de\/katalog-de\/","og_site_name":"italianacontenitori.com","article_modified_time":"2026-01-15T08:59:02+00:00","twitter_card":"summary_large_image","twitter_misc":{"Gesch\u00e4tzte Lesezeit":"4\u00a0Minuten"},"schema":{"@context":"https:\/\/schema.org","@graph":[{"@type":"WebPage","@id":"https:\/\/www.italianacontenitori.com\/de\/katalog-de\/","url":"https:\/\/www.italianacontenitori.com\/de\/katalog-de\/","name":"Katalog - italianacontenitori.com","isPartOf":{"@id":"https:\/\/www.italianacontenitori.com\/de\/#website"},"datePublished":"2020-12-30T10:15:48+00:00","dateModified":"2026-01-15T08:59:02+00:00","description":"Ein kompletter \u00dcberblick \u00fcber alle Industriecontainer-Modelle von IC: stapelbare Gitterbeh\u00e4lter, Palettenaufsatzrahmen, Rollcontainer und vieles mehr","breadcrumb":{"@id":"https:\/\/www.italianacontenitori.com\/de\/katalog-de\/#breadcrumb"},"inLanguage":"de","potentialAction":[{"@type":"ReadAction","target":["https:\/\/www.italianacontenitori.com\/de\/katalog-de\/"]}]},{"@type":"BreadcrumbList","@id":"https:\/\/www.italianacontenitori.com\/de\/katalog-de\/#breadcrumb","itemListElement":[{"@type":"ListItem","position":1,"name":"Home","item":"https:\/\/www.italianacontenitori.com\/de\/metallgitterboxen\/"},{"@type":"ListItem","position":2,"name":"Katalog"}]},{"@type":"WebSite","@id":"https:\/\/www.italianacontenitori.com\/de\/#website","url":"https:\/\/www.italianacontenitori.com\/de\/","name":"italianacontenitori.com","description":"Produzione di contenitori industriali e roll container","publisher":{"@id":"https:\/\/www.italianacontenitori.com\/de\/#organization"},"potentialAction":[{"@type":"SearchAction","target":{"@type":"EntryPoint","urlTemplate":"https:\/\/www.italianacontenitori.com\/de\/?s={search_term_string}"},"query-input":{"@type":"PropertyValueSpecification","valueRequired":true,"valueName":"search_term_string"}}],"inLanguage":"de"},{"@type":"Organization","@id":"https:\/\/www.italianacontenitori.com\/de\/#organization","name":"Italiana Contenitori s.r.l.","alternateName":"IC","url":"https:\/\/www.italianacontenitori.com\/de\/","logo":{"@type":"ImageObject","inLanguage":"de","@id":"https:\/\/www.italianacontenitori.com\/de\/#\/schema\/logo\/image\/","url":"https:\/\/www.italianacontenitori.com\/wp-content\/uploads\/2020\/11\/cropped-Logo-Italiana-Contenitori_favicon.jpg","contentUrl":"https:\/\/www.italianacontenitori.com\/wp-content\/uploads\/2020\/11\/cropped-Logo-Italiana-Contenitori_favicon.jpg","width":512,"height":512,"caption":"Italiana Contenitori s.r.l."},"image":{"@id":"https:\/\/www.italianacontenitori.com\/de\/#\/schema\/logo\/image\/"}}]}},"_links":{"self":[{"href":"https:\/\/www.italianacontenitori.com\/de\/wp-json\/wp\/v2\/pages\/239270","targetHints":{"allow":["GET"]}}],"collection":[{"href":"https:\/\/www.italianacontenitori.com\/de\/wp-json\/wp\/v2\/pages"}],"about":[{"href":"https:\/\/www.italianacontenitori.com\/de\/wp-json\/wp\/v2\/types\/page"}],"author":[{"embeddable":true,"href":"https:\/\/www.italianacontenitori.com\/de\/wp-json\/wp\/v2\/users\/1"}],"replies":[{"embeddable":true,"href":"https:\/\/www.italianacontenitori.com\/de\/wp-json\/wp\/v2\/comments?post=239270"}],"version-history":[{"count":3,"href":"https:\/\/www.italianacontenitori.com\/de\/wp-json\/wp\/v2\/pages\/239270\/revisions"}],"predecessor-version":[{"id":247947,"href":"https:\/\/www.italianacontenitori.com\/de\/wp-json\/wp\/v2\/pages\/239270\/revisions\/247947"}],"wp:attachment":[{"href":"https:\/\/www.italianacontenitori.com\/de\/wp-json\/wp\/v2\/media?parent=239270"}],"curies":[{"name":"wp","href":"https:\/\/api.w.org\/{rel}","templated":true}]}}