{"id":241081,"date":"2021-01-11T16:54:42","date_gmt":"2021-03-01T13:41:29","guid":{"rendered":"https:\/\/www.italianacontenitori.com\/product\/market-120-x-80\/"},"modified":"2025-06-13T13:22:17","modified_gmt":"2025-06-13T13:22:17","slug":"market-120-x-80","status":"publish","type":"product","link":"https:\/\/www.italianacontenitori.com\/de\/prodotto\/market-120-x-80\/","title":{"rendered":"Industrie-Gitterbox &#8211; Markt 120 x 80 &#8211; EUR"},"content":{"rendered":"<p>Der Market 120 x 80 ist die perfekte L\u00f6sung f\u00fcr alle, die Effizienz und Langlebigkeit in einem industriellen EUR-Drahtgitterkorb in Standardgr\u00f6\u00dfe suchen. Dieser <strong>in Italien aus hochwertigen Materialien hergestellte<\/strong> Drahtkorb ist dank seiner <strong>Verzinkung<\/strong> wetterfest, staub-, schmutz- und salzbest\u00e4ndig. Seine Robustheit wird durch die <strong>selbsttragende Drahtgeflechtstruktur<\/strong> verst\u00e4rkt <strong>, die<\/strong> nicht nur f\u00fcr Langlebigkeit sorgt, sondern auch f\u00fcr eine sofortige Sichtbarkeit des Inhalts, was f\u00fcr die Optimierung des Lagers entscheidend ist. Der Beh\u00e4lter hat eine Inspektionst\u00fcr an der L\u00e4ngsseite, um die Kommissionierung zu erleichtern.   <\/p>\n<h2>Der perfekte Industriedrahtbeh\u00e4lter: leicht, stapelbar, faltbar und mit hoher Tragf\u00e4higkeit<\/h2>\n<p>Das Design des Market 120 x 80 ist bis ins kleinste Detail durchdacht. Dank seiner Stapelkapazit\u00e4t <strong>k\u00f6nnen bis zu drei voll beladene Beh\u00e4lter \u00fcbereinander gestapelt<\/strong> werden. Diese Eigenschaft macht den Metallkorb vielseitig einsetzbar und ideal f\u00fcr eine breite Palette von industriellen Anwendungen. <strong>Die Abmessungen entsprechen den europ\u00e4ischen Normen<\/strong> und gew\u00e4hrleisten Kompatibilit\u00e4t und Effizienz in verschiedenen Betriebskontexten. <\/p>\n<p>Eine besondere St\u00e4rke von Italiana Contenitori ist die Anpassung an Kundenw\u00fcnsche: <strong>Wir kontrollieren den gesamten Produktionszyklus und bieten unseren Kunden die M\u00f6glichkeit, Metall-Industriecontainer nach Ma\u00df herzustellen<\/strong>. Standardoptionen f\u00fcr die maximale Belastung in zwei verschiedenen Gr\u00f6\u00dfen &#8211; <strong>Tragf\u00e4higkeit: 600 und 1000 kg<\/strong> &#8211; und verschiedene H\u00f6hen (790, 900, 980 und 1190 cm) erm\u00f6glichen es unseren Kunden, bereits auf unserer Website die Konfiguration zu w\u00e4hlen, die ihren spezifischen Bed\u00fcrfnissen am besten entspricht. Sollten die Standardvarianten nicht Ihren speziellen Bed\u00fcrfnissen entsprechen, wenden Sie sich bitte an unseren Kundendienst, der in Zusammenarbeit mit der Technik- und Designabteilung eine <strong>ma\u00dfgeschneiderte, langlebige und widerstandsf\u00e4hige L\u00f6sung<\/strong> anbieten kann.  <\/p>\n<h2>Ein Metallkorb zur vielseitigen Aufbewahrung<\/h2>\n<p>Die Vielseitigkeit dieses industriellen Drahtgeflechtbeh\u00e4lters ist eines seiner innovativsten Merkmale. Bei Nichtgebrauch oder bei leeren R\u00fccktransporten l\u00e4sst sich der Beh\u00e4lter <strong>leicht zusammenfalten, wodurch das Durcheinander reduziert<\/strong> und der Lager- und Transportraum optimal genutzt werden kann. Seine Abmessungen sind ideal, um Ihre Transporte zu s\u00e4ttigen: 68 offenen Beh\u00e4ltern stehen 330 gefaltete gegen\u00fcber.  <\/p>\n<p>Market 120 x 80 eignet sich perfekt f\u00fcr den <strong>Wein-, Industrie- und Landwirtschaftssektor und<\/strong> ist eine zuverl\u00e4ssige L\u00f6sung f\u00fcr die Lagerung und den Umschlag von Waren. Seine Vielseitigkeit macht ihn ideal f\u00fcr jedes Lager, das eine flexible, anpassungsf\u00e4hige und leicht zu handhabende L\u00f6sung ben\u00f6tigt. Mit dem Industriekorb Market 120 x 80 wird Ihr Lager effizienter, organisierter und bereit, auf alle Platz- und Handhabungsanforderungen zu reagieren.  <\/p>\n","protected":false},"excerpt":{"rendered":"<p>Stapelbarer, robuster und vielseitiger Beh\u00e4lter. Die M\u00f6glichkeit des Zusammenklappens spart Platz bei leeren Transporten und im Lager. Seine Abmessungen sind ideal f\u00fcr die Optimierung des Transports: Bis zu 52 offene und 330 gefaltete Beh\u00e4lter.<\/p>\n","protected":false},"featured_media":240087,"comment_status":"open","ping_status":"closed","template":"","meta":{"_acf_changed":false,"_et_pb_use_builder":"off","_et_pb_old_content":"Der Market 120 x 80 ist die perfekte L\u00f6sung f\u00fcr alle, die Effizienz und Langlebigkeit in einem industriellen EUR-Gitterkorb in Standardgr\u00f6\u00dfe suchen. Dieser <strong>in Italien aus hochwertigen Materialien hergestellte<\/strong> Metallkorb ist dank seiner <strong>Verzinkung<\/strong> wetterfest, staub-, schmutz- und salzbest\u00e4ndig. Seine Robustheit wird durch die <strong>selbsttragende Drahtgitterstruktur<\/strong> verst\u00e4rkt, die nicht nur Langlebigkeit, sondern auch eine unmittelbare Sichtbarkeit des Inhalts garantiert, ein entscheidender Aspekt f\u00fcr die Optimierung des Lagers. Der Beh\u00e4lter hat eine Inspektionst\u00fcr an der L\u00e4ngsseite, um die Kommissionierung zu erleichtern.   \n<h2>Der perfekte Industriecontainer: leicht, stapelbar, faltbar und mit gro\u00dfer Ladekapazit\u00e4t<\/h2>\nDas Design des Market 120 x 80 ist bis ins kleinste Detail durchdacht. Dank seiner Stapelkapazit\u00e4t <strong>k\u00f6nnen bis zu drei voll beladene Container \u00fcbereinander gestapelt<\/strong> werden. Diese Eigenschaft macht den Container vielseitig und ideal f\u00fcr eine Vielzahl von industriellen Anwendungen. <strong>Die Abmessungen entsprechen den europ\u00e4ischen Normen<\/strong> und gew\u00e4hrleisten Kompatibilit\u00e4t und Effizienz in verschiedenen Betriebskontexten. \n\nEine besondere St\u00e4rke von Italiana Contenitori ist die Anpassung an Kundenw\u00fcnsche: <strong>Wir kontrollieren den gesamten Produktionszyklus und bieten unseren Kunden die M\u00f6glichkeit, Metall-Industriecontainer nach Ma\u00df herzustellen<\/strong>. Standardoptionen f\u00fcr die maximale Belastung in zwei verschiedenen Gr\u00f6\u00dfen - <strong>Tragf\u00e4higkeit: 600 und 1000 kg<\/strong> - und verschiedene H\u00f6hen (790, 900, 980 und 1190 cm) erm\u00f6glichen es unseren Kunden, bereits auf unserer Website die Konfiguration zu w\u00e4hlen, die ihren spezifischen Bed\u00fcrfnissen am besten entspricht. Sollten die Standardvarianten nicht Ihren speziellen Bed\u00fcrfnissen entsprechen, wenden Sie sich bitte an unseren Kundendienst, der in Zusammenarbeit mit der Technik- und Designabteilung eine <strong>ma\u00dfgeschneiderte, langlebige und widerstandsf\u00e4hige L\u00f6sung<\/strong> anbieten kann.  \n\nDie Vielseitigkeit dieses Containers ist eines seiner innovativsten Merkmale. Bei Nichtgebrauch oder bei leeren R\u00fcckfahrten l\u00e4sst sich der Container <strong>leicht zusammenfalten, was das Durcheinander reduziert<\/strong> und eine unvergleichliche Optimierung von Lager- und Transportraum erm\u00f6glicht. Seine Abmessungen sind ideal, um Ihre Transporte zu s\u00e4ttigen: 68 offenen Containern stehen 330 gefaltete gegen\u00fcber.  \n\nMarket 120 x 80 eignet sich perfekt f\u00fcr den <strong>Wein-, Industrie- und Landwirtschaftssektor und<\/strong> ist eine zuverl\u00e4ssige L\u00f6sung f\u00fcr die Lagerung und den Umschlag von Waren. Durch seine Vielseitigkeit ist er ideal f\u00fcr jedes Lager, das eine flexible, anpassungsf\u00e4hige und leicht zu handhabende L\u00f6sung ben\u00f6tigt. Mit dem Market 120 x 80 wird Ihr Lager effizienter, organisierter und bereit, auf alle Platz- und Handhabungsanforderungen zu reagieren.  ","_et_gb_content_width":""},"product_brand":[],"product_cat":[1930],"product_tag":[2044],"class_list":{"0":"post-241081","1":"product","2":"type-product","3":"status-publish","4":"has-post-thumbnail","6":"product_cat-market-de","7":"product_tag-containers-de","9":"first","10":"instock","11":"shipping-taxable","12":"purchasable","13":"product-type-variable"},"acf":[],"yoast_head":"<!-- This site is optimized with the Yoast SEO plugin v27.3 - https:\/\/yoast.com\/product\/yoast-seo-wordpress\/ -->\n<title>Industrie-Gitterbox | Market 120x80 - EUR<\/title>\n<meta name=\"description\" content=\"Verzinkter Drahtgitterkorb. Tragf\u00e4higkeit 600\/1000 kg, stapelbar (3 auf 1), faltbar, mit Inspektionst\u00fcr, transportabel. Hergestellt in Italien.\" \/>\n<meta name=\"robots\" content=\"index, follow, max-snippet:-1, max-image-preview:large, max-video-preview:-1\" \/>\n<link rel=\"canonical\" href=\"https:\/\/www.italianacontenitori.com\/de\/prodotto\/market-120-x-80\/\" \/>\n<meta property=\"og:locale\" content=\"de_DE\" \/>\n<meta property=\"og:type\" content=\"article\" \/>\n<meta property=\"og:title\" content=\"Industrie-Gitterbox | Market 120x80 - EUR\" \/>\n<meta property=\"og:description\" content=\"Verzinkter Drahtgitterkorb. Tragf\u00e4higkeit 600\/1000 kg, stapelbar (3 auf 1), faltbar, mit Inspektionst\u00fcr, transportabel. Hergestellt in Italien.\" \/>\n<meta property=\"og:url\" content=\"https:\/\/www.italianacontenitori.com\/de\/prodotto\/market-120-x-80\/\" \/>\n<meta property=\"og:site_name\" content=\"italianacontenitori.com\" \/>\n<meta property=\"article:modified_time\" content=\"2025-06-13T13:22:17+00:00\" \/>\n<meta property=\"og:image\" content=\"https:\/\/www.italianacontenitori.com\/wp-content\/uploads\/2021\/01\/MARK079119.png\" \/>\n\t<meta property=\"og:image:width\" content=\"1024\" \/>\n\t<meta property=\"og:image:height\" content=\"1024\" \/>\n\t<meta property=\"og:image:type\" content=\"image\/png\" \/>\n<meta name=\"twitter:card\" content=\"summary_large_image\" \/>\n<meta name=\"twitter:label1\" content=\"Gesch\u00e4tzte Lesezeit\" \/>\n\t<meta name=\"twitter:data1\" content=\"2\u00a0Minuten\" \/>\n<script type=\"application\/ld+json\" class=\"yoast-schema-graph\">{\"@context\":\"https:\\\/\\\/schema.org\",\"@graph\":[{\"@type\":\"WebPage\",\"@id\":\"https:\\\/\\\/www.italianacontenitori.com\\\/de\\\/prodotto\\\/market-120-x-80\\\/\",\"url\":\"https:\\\/\\\/www.italianacontenitori.com\\\/de\\\/prodotto\\\/market-120-x-80\\\/\",\"name\":\"Industrie-Gitterbox | Market 120x80 - EUR\",\"isPartOf\":{\"@id\":\"https:\\\/\\\/www.italianacontenitori.com\\\/de\\\/#website\"},\"primaryImageOfPage\":{\"@id\":\"https:\\\/\\\/www.italianacontenitori.com\\\/de\\\/prodotto\\\/market-120-x-80\\\/#primaryimage\"},\"image\":{\"@id\":\"https:\\\/\\\/www.italianacontenitori.com\\\/de\\\/prodotto\\\/market-120-x-80\\\/#primaryimage\"},\"thumbnailUrl\":\"https:\\\/\\\/www.italianacontenitori.com\\\/wp-content\\\/uploads\\\/2021\\\/01\\\/MARK079119.png\",\"datePublished\":\"2021-03-01T13:41:29+00:00\",\"dateModified\":\"2025-06-13T13:22:17+00:00\",\"description\":\"Verzinkter Drahtgitterkorb. Tragf\u00e4higkeit 600\\\/1000 kg, stapelbar (3 auf 1), faltbar, mit Inspektionst\u00fcr, transportabel. Hergestellt in Italien.\",\"breadcrumb\":{\"@id\":\"https:\\\/\\\/www.italianacontenitori.com\\\/de\\\/prodotto\\\/market-120-x-80\\\/#breadcrumb\"},\"inLanguage\":\"de\",\"potentialAction\":[{\"@type\":\"ReadAction\",\"target\":[\"https:\\\/\\\/www.italianacontenitori.com\\\/de\\\/prodotto\\\/market-120-x-80\\\/\"]}]},{\"@type\":\"ImageObject\",\"inLanguage\":\"de\",\"@id\":\"https:\\\/\\\/www.italianacontenitori.com\\\/de\\\/prodotto\\\/market-120-x-80\\\/#primaryimage\",\"url\":\"https:\\\/\\\/www.italianacontenitori.com\\\/wp-content\\\/uploads\\\/2021\\\/01\\\/MARK079119.png\",\"contentUrl\":\"https:\\\/\\\/www.italianacontenitori.com\\\/wp-content\\\/uploads\\\/2021\\\/01\\\/MARK079119.png\",\"width\":1024,\"height\":1024,\"caption\":\"Contenitore industriale in rete metallica galvanizzata. Sovrapponibile, ripieghevole, resistente. Portata 600\\\/1000kg. Italiana Contenitori.\"},{\"@type\":\"BreadcrumbList\",\"@id\":\"https:\\\/\\\/www.italianacontenitori.com\\\/de\\\/prodotto\\\/market-120-x-80\\\/#breadcrumb\",\"itemListElement\":[{\"@type\":\"ListItem\",\"position\":1,\"name\":\"Home\",\"item\":\"https:\\\/\\\/www.italianacontenitori.com\\\/de\\\/metallgitterboxen\\\/\"},{\"@type\":\"ListItem\",\"position\":2,\"name\":\"Industrie-Gitterbox &#8211; Markt 120 x 80 &#8211; EUR\"}]},{\"@type\":\"WebSite\",\"@id\":\"https:\\\/\\\/www.italianacontenitori.com\\\/de\\\/#website\",\"url\":\"https:\\\/\\\/www.italianacontenitori.com\\\/de\\\/\",\"name\":\"italianacontenitori.com\",\"description\":\"Produzione di contenitori industriali e roll container\",\"publisher\":{\"@id\":\"https:\\\/\\\/www.italianacontenitori.com\\\/de\\\/#organization\"},\"potentialAction\":[{\"@type\":\"SearchAction\",\"target\":{\"@type\":\"EntryPoint\",\"urlTemplate\":\"https:\\\/\\\/www.italianacontenitori.com\\\/de\\\/?s={search_term_string}\"},\"query-input\":{\"@type\":\"PropertyValueSpecification\",\"valueRequired\":true,\"valueName\":\"search_term_string\"}}],\"inLanguage\":\"de\"},{\"@type\":\"Organization\",\"@id\":\"https:\\\/\\\/www.italianacontenitori.com\\\/de\\\/#organization\",\"name\":\"Italiana Contenitori s.r.l.\",\"alternateName\":\"IC\",\"url\":\"https:\\\/\\\/www.italianacontenitori.com\\\/de\\\/\",\"logo\":{\"@type\":\"ImageObject\",\"inLanguage\":\"de\",\"@id\":\"https:\\\/\\\/www.italianacontenitori.com\\\/de\\\/#\\\/schema\\\/logo\\\/image\\\/\",\"url\":\"https:\\\/\\\/www.italianacontenitori.com\\\/wp-content\\\/uploads\\\/2020\\\/11\\\/cropped-Logo-Italiana-Contenitori_favicon.jpg\",\"contentUrl\":\"https:\\\/\\\/www.italianacontenitori.com\\\/wp-content\\\/uploads\\\/2020\\\/11\\\/cropped-Logo-Italiana-Contenitori_favicon.jpg\",\"width\":512,\"height\":512,\"caption\":\"Italiana Contenitori s.r.l.\"},\"image\":{\"@id\":\"https:\\\/\\\/www.italianacontenitori.com\\\/de\\\/#\\\/schema\\\/logo\\\/image\\\/\"}}]}<\/script>\n<!-- \/ Yoast SEO plugin. -->","yoast_head_json":{"title":"Industrie-Gitterbox | Market 120x80 - EUR","description":"Verzinkter Drahtgitterkorb. Tragf\u00e4higkeit 600\/1000 kg, stapelbar (3 auf 1), faltbar, mit Inspektionst\u00fcr, transportabel. Hergestellt in Italien.","robots":{"index":"index","follow":"follow","max-snippet":"max-snippet:-1","max-image-preview":"max-image-preview:large","max-video-preview":"max-video-preview:-1"},"canonical":"https:\/\/www.italianacontenitori.com\/de\/prodotto\/market-120-x-80\/","og_locale":"de_DE","og_type":"article","og_title":"Industrie-Gitterbox | Market 120x80 - EUR","og_description":"Verzinkter Drahtgitterkorb. Tragf\u00e4higkeit 600\/1000 kg, stapelbar (3 auf 1), faltbar, mit Inspektionst\u00fcr, transportabel. Hergestellt in Italien.","og_url":"https:\/\/www.italianacontenitori.com\/de\/prodotto\/market-120-x-80\/","og_site_name":"italianacontenitori.com","article_modified_time":"2025-06-13T13:22:17+00:00","og_image":[{"width":1024,"height":1024,"url":"https:\/\/www.italianacontenitori.com\/wp-content\/uploads\/2021\/01\/MARK079119.png","type":"image\/png"}],"twitter_card":"summary_large_image","twitter_misc":{"Gesch\u00e4tzte Lesezeit":"2\u00a0Minuten"},"schema":{"@context":"https:\/\/schema.org","@graph":[{"@type":"WebPage","@id":"https:\/\/www.italianacontenitori.com\/de\/prodotto\/market-120-x-80\/","url":"https:\/\/www.italianacontenitori.com\/de\/prodotto\/market-120-x-80\/","name":"Industrie-Gitterbox | Market 120x80 - EUR","isPartOf":{"@id":"https:\/\/www.italianacontenitori.com\/de\/#website"},"primaryImageOfPage":{"@id":"https:\/\/www.italianacontenitori.com\/de\/prodotto\/market-120-x-80\/#primaryimage"},"image":{"@id":"https:\/\/www.italianacontenitori.com\/de\/prodotto\/market-120-x-80\/#primaryimage"},"thumbnailUrl":"https:\/\/www.italianacontenitori.com\/wp-content\/uploads\/2021\/01\/MARK079119.png","datePublished":"2021-03-01T13:41:29+00:00","dateModified":"2025-06-13T13:22:17+00:00","description":"Verzinkter Drahtgitterkorb. Tragf\u00e4higkeit 600\/1000 kg, stapelbar (3 auf 1), faltbar, mit Inspektionst\u00fcr, transportabel. Hergestellt in Italien.","breadcrumb":{"@id":"https:\/\/www.italianacontenitori.com\/de\/prodotto\/market-120-x-80\/#breadcrumb"},"inLanguage":"de","potentialAction":[{"@type":"ReadAction","target":["https:\/\/www.italianacontenitori.com\/de\/prodotto\/market-120-x-80\/"]}]},{"@type":"ImageObject","inLanguage":"de","@id":"https:\/\/www.italianacontenitori.com\/de\/prodotto\/market-120-x-80\/#primaryimage","url":"https:\/\/www.italianacontenitori.com\/wp-content\/uploads\/2021\/01\/MARK079119.png","contentUrl":"https:\/\/www.italianacontenitori.com\/wp-content\/uploads\/2021\/01\/MARK079119.png","width":1024,"height":1024,"caption":"Contenitore industriale in rete metallica galvanizzata. Sovrapponibile, ripieghevole, resistente. Portata 600\/1000kg. Italiana Contenitori."},{"@type":"BreadcrumbList","@id":"https:\/\/www.italianacontenitori.com\/de\/prodotto\/market-120-x-80\/#breadcrumb","itemListElement":[{"@type":"ListItem","position":1,"name":"Home","item":"https:\/\/www.italianacontenitori.com\/de\/metallgitterboxen\/"},{"@type":"ListItem","position":2,"name":"Industrie-Gitterbox &#8211; Markt 120 x 80 &#8211; EUR"}]},{"@type":"WebSite","@id":"https:\/\/www.italianacontenitori.com\/de\/#website","url":"https:\/\/www.italianacontenitori.com\/de\/","name":"italianacontenitori.com","description":"Produzione di contenitori industriali e roll container","publisher":{"@id":"https:\/\/www.italianacontenitori.com\/de\/#organization"},"potentialAction":[{"@type":"SearchAction","target":{"@type":"EntryPoint","urlTemplate":"https:\/\/www.italianacontenitori.com\/de\/?s={search_term_string}"},"query-input":{"@type":"PropertyValueSpecification","valueRequired":true,"valueName":"search_term_string"}}],"inLanguage":"de"},{"@type":"Organization","@id":"https:\/\/www.italianacontenitori.com\/de\/#organization","name":"Italiana Contenitori s.r.l.","alternateName":"IC","url":"https:\/\/www.italianacontenitori.com\/de\/","logo":{"@type":"ImageObject","inLanguage":"de","@id":"https:\/\/www.italianacontenitori.com\/de\/#\/schema\/logo\/image\/","url":"https:\/\/www.italianacontenitori.com\/wp-content\/uploads\/2020\/11\/cropped-Logo-Italiana-Contenitori_favicon.jpg","contentUrl":"https:\/\/www.italianacontenitori.com\/wp-content\/uploads\/2020\/11\/cropped-Logo-Italiana-Contenitori_favicon.jpg","width":512,"height":512,"caption":"Italiana Contenitori s.r.l."},"image":{"@id":"https:\/\/www.italianacontenitori.com\/de\/#\/schema\/logo\/image\/"}}]}},"_links":{"self":[{"href":"https:\/\/www.italianacontenitori.com\/de\/wp-json\/wp\/v2\/product\/241081","targetHints":{"allow":["GET"]}}],"collection":[{"href":"https:\/\/www.italianacontenitori.com\/de\/wp-json\/wp\/v2\/product"}],"about":[{"href":"https:\/\/www.italianacontenitori.com\/de\/wp-json\/wp\/v2\/types\/product"}],"replies":[{"embeddable":true,"href":"https:\/\/www.italianacontenitori.com\/de\/wp-json\/wp\/v2\/comments?post=241081"}],"wp:featuredmedia":[{"embeddable":true,"href":"https:\/\/www.italianacontenitori.com\/de\/wp-json\/wp\/v2\/media\/240087"}],"wp:attachment":[{"href":"https:\/\/www.italianacontenitori.com\/de\/wp-json\/wp\/v2\/media?parent=241081"}],"wp:term":[{"taxonomy":"product_brand","embeddable":true,"href":"https:\/\/www.italianacontenitori.com\/de\/wp-json\/wp\/v2\/product_brand?post=241081"},{"taxonomy":"product_cat","embeddable":true,"href":"https:\/\/www.italianacontenitori.com\/de\/wp-json\/wp\/v2\/product_cat?post=241081"},{"taxonomy":"product_tag","embeddable":true,"href":"https:\/\/www.italianacontenitori.com\/de\/wp-json\/wp\/v2\/product_tag?post=241081"}],"curies":[{"name":"wp","href":"https:\/\/api.w.org\/{rel}","templated":true}]}}