{"id":241110,"date":"2020-12-15T13:18:45","date_gmt":"2020-12-15T13:18:45","guid":{"rendered":"https:\/\/www.italianacontenitori.com\/product\/sicherheits-rollbehaelter-ineinanderschiebbar-roll-comp-sic\/"},"modified":"2026-04-10T14:36:36","modified_gmt":"2026-04-10T14:36:36","slug":"sicherheits-rollbehalter-ineinanderschiebbar","status":"publish","type":"product","link":"https:\/\/www.italianacontenitori.com\/de\/prodotto\/sicherheits-rollbehalter-ineinanderschiebbar\/","title":{"rendered":"Rollcontainer Sicherheit 72 x 86 cm &#8211; Kompensierbar"},"content":{"rendered":"<p>Der <strong>Packable<\/strong> <strong>Security Roll Container<\/strong> (auch bekannt als <strong>Packable Roll Container<\/strong>) ist die ideale L\u00f6sung f\u00fcr alle, die einen maximalen Schutz f\u00fcr ihre wertvollen G\u00fcter suchen. Mit einer <strong>vollst\u00e4ndig geschlossenen Struktur<\/strong> und starken <strong>, dichten Metallgitterw\u00e4nden (50&#215;50 mm)<\/strong> bietet dieser <strong>Industriewagen<\/strong> <strong>wirksamen Schutz vor Diebstahl<\/strong>, sowohl beim Transport als auch bei der Lagerung. Das <strong>Anti-Diebstahl-Gitter<\/strong> und die <strong>abschlie\u00dfbare T\u00fcr<\/strong> verringern nicht nur das Risiko von Diebst\u00e4hlen, sondern sorgen auch daf\u00fcr, dass Einbruchsversuche sofort erkennbar sind, was auch f\u00fcr Versicherungszwecke von entscheidender Bedeutung ist. Dieser <strong>vielseitige Rollcontainer<\/strong> l\u00e4sst sich mit wenigen Handgriffen zusammenfalten und verf\u00fcgt \u00fcber einen <strong>halbhohen Klappboden<\/strong> f\u00fcr sofortige Flexibilit\u00e4t.   <\/p>\n<h2>Platzoptimierung &#8211; warum eine Bottle Roll?<\/h2>\n<p>Diese  <strong>Rollcontainer<\/strong> zeichnet sich nicht nur durch seine Robustheit aus, sondern auch durch seine Praktikabilit\u00e4t und Vielseitigkeit, konkrete Vorteile f\u00fcr Ihre Logistik:<\/p>\n<ul>\n<li>Packbares <strong>Design f\u00fcr minimalen Platzbedarf<\/strong>: <strong>leere Rollbeh\u00e4lter passen ineinander<\/strong>, <strong>wie Einkaufswagen<\/strong>. Diese L\u00f6sung reduziert die leere Stellfl\u00e4che erheblich, ohne dass eine Demontage erforderlich ist, und optimiert den Platz in Lagern, auf R\u00fccktransportfahrzeugen und in allen Bereichen, in denen der Platz knapp ist. <\/li>\n<li><strong>Optimale Ausnutzung des Innenvolumens<\/strong>: Dank der dichten Webart des Netzes (50&#215;50 mm) k\u00f6nnen die Einlegeb\u00f6den in vertikalen Abst\u00e4nden von nur 5 cm positioniert werden. Dadurch wird jeder Zentimeter des Innenvolumens optimal ausgenutzt. Das macht ihn ideal f\u00fcr den Transport und die Lagerung kleiner und mittelgro\u00dfer G\u00fcter und verhindert, dass diese verrutschen oder herunterfallen. <\/li>\n<\/ul>\n<h2>Gesch\u00fctzte Bewegung mit der Compenetrable Safety Roll<\/h2>\n<p>Wenn Sie sich f\u00fcr den <strong>kompromisslosen Sicherheits-Rollcontainer<\/strong> von Italiana Contenitori entscheiden, investieren Sie in eine L\u00f6sung, die fortschrittlichen Schutz, logistische Effizienz und intelligentes Design f\u00fcr den optimalen Transport Ihrer wichtigsten G\u00fcter vereint.<\/p>\n<ul>\n<li><strong>Einfache und kontrollierte Handhabung<\/strong>\n<ul>\n<li>Unsere <strong>Rollcontainer<\/strong> sind mit <strong>vier hochwertigen Rollen<\/strong> ausgestattet, von denen in der Regel <strong>zwei feststehen<\/strong>, um die Bahn beim Schieben beizubehalten, und <strong>zwei Lenkrollen mit Bremsen<\/strong>, um Man\u00f6vrierf\u00e4higkeit, Stabilit\u00e4t und Sicherheit zu gew\u00e4hrleisten, wenn der Wagen im Einsatz ist.<\/li>\n<li>Die Standardkonfiguration gew\u00e4hrleistet eine <strong>reibungslose Man\u00f6vrierbarkeit und optimale Kontrolle<\/strong>, selbst bei voller Beladung, was die interne Handhabung und den Transport erleichtert.<\/li>\n<\/ul>\n<\/li>\n<li><strong>Ideal f\u00fcr viele Branchen<\/strong>: perfekt f\u00fcr die Logistik, den gro\u00dffl\u00e4chigen Einzelhandel (GDO), den Pharmasektor und jede Branche, die empfindliche oder wertvolle Waren effizient und sicher sch\u00fctzen und transportieren muss.<\/li>\n<\/ul>\n<p>Wenn Sie sich f\u00fcr den <strong>kompromisslosen Sicherheits-Rollcontainer<\/strong> von Italiana Contenitori entscheiden, investieren Sie in eine L\u00f6sung, die fortschrittlichen Schutz, logistische Effizienz und intelligentes Design f\u00fcr den optimalen Transport Ihrer wichtigsten G\u00fcter vereint.<\/p>\n","protected":false},"excerpt":{"rendered":"<p>Ein vielseitiger Rollbeh\u00e4lter, den mit wenigen Handgriffen geschlossen werden kann. Das Ineinanderschieben erm\u00f6glicht eine erhebliche Reduzierung der Gesamtabmessungen, ohne dass eine Demontage erforderlich ist. Das 50 x 50 mm gro\u00dfe Netz und die abschlie\u00dfbare T\u00fcr verringern das Diebstahlrisiko und stellen sicher, dass eventuelle Diebst\u00e4hle nicht unbemerkt bleiben. Enth\u00e4lt einen klappbaren Zwischenboden auf halber H\u00f6he.<\/p>\n","protected":false},"featured_media":240118,"comment_status":"open","ping_status":"closed","template":"","meta":{"_acf_changed":false,"_et_pb_use_builder":"","_et_pb_old_content":"","_et_gb_content_width":""},"product_brand":[],"product_cat":[1547],"product_tag":[2125,2124],"class_list":{"0":"post-241110","1":"product","2":"type-product","3":"status-publish","4":"has-post-thumbnail","6":"product_cat-roll-container-de","7":"product_tag-rollcontainer-standardabmessungen","8":"product_tag-sicherheit","9":"pa_numero-di-sponde-komplett-geschlossen","11":"first","12":"instock","13":"shipping-taxable","14":"purchasable","15":"product-type-simple"},"acf":[],"yoast_head":"<!-- This site is optimized with the Yoast SEO plugin v27.3 - https:\/\/yoast.com\/product\/yoast-seo-wordpress\/ -->\n<title>Rollcontainer Sicherheit - Kompensierbar | Italiana Contenitori<\/title>\n<meta name=\"description\" content=\"Kompensierbare Sicherheits-Rollbeh\u00e4lter: Sie passen ineinander. Dank des dichten Netzes erm\u00f6glichen sie den sicheren Transport von wertvollen G\u00fctern.\" \/>\n<meta name=\"robots\" content=\"index, follow, max-snippet:-1, max-image-preview:large, max-video-preview:-1\" \/>\n<link rel=\"canonical\" href=\"https:\/\/www.italianacontenitori.com\/de\/prodotto\/sicherheits-rollbehalter-ineinanderschiebbar\/\" \/>\n<meta property=\"og:locale\" content=\"de_DE\" \/>\n<meta property=\"og:type\" content=\"article\" \/>\n<meta property=\"og:title\" content=\"Rollcontainer Sicherheit - Kompensierbar | Italiana Contenitori\" \/>\n<meta property=\"og:description\" content=\"Kompensierbare Sicherheits-Rollbeh\u00e4lter: Sie passen ineinander. Dank des dichten Netzes erm\u00f6glichen sie den sicheren Transport von wertvollen G\u00fctern.\" \/>\n<meta property=\"og:url\" content=\"https:\/\/www.italianacontenitori.com\/de\/prodotto\/sicherheits-rollbehalter-ineinanderschiebbar\/\" \/>\n<meta property=\"og:site_name\" content=\"italianacontenitori.com\" \/>\n<meta property=\"article:modified_time\" content=\"2026-04-10T14:36:36+00:00\" \/>\n<meta property=\"og:image\" content=\"https:\/\/www.italianacontenitori.com\/wp-content\/uploads\/2020\/12\/ROLL201011.png\" \/>\n\t<meta property=\"og:image:width\" content=\"1024\" \/>\n\t<meta property=\"og:image:height\" content=\"1024\" \/>\n\t<meta property=\"og:image:type\" content=\"image\/png\" \/>\n<meta name=\"twitter:card\" content=\"summary_large_image\" \/>\n<meta name=\"twitter:label1\" content=\"Gesch\u00e4tzte Lesezeit\" \/>\n\t<meta name=\"twitter:data1\" content=\"2\u00a0Minuten\" \/>\n<script type=\"application\/ld+json\" class=\"yoast-schema-graph\">{\"@context\":\"https:\\\/\\\/schema.org\",\"@graph\":[{\"@type\":\"WebPage\",\"@id\":\"https:\\\/\\\/www.italianacontenitori.com\\\/de\\\/prodotto\\\/sicherheits-rollbehalter-ineinanderschiebbar\\\/\",\"url\":\"https:\\\/\\\/www.italianacontenitori.com\\\/de\\\/prodotto\\\/sicherheits-rollbehalter-ineinanderschiebbar\\\/\",\"name\":\"Rollcontainer Sicherheit - Kompensierbar | Italiana Contenitori\",\"isPartOf\":{\"@id\":\"https:\\\/\\\/www.italianacontenitori.com\\\/de\\\/#website\"},\"primaryImageOfPage\":{\"@id\":\"https:\\\/\\\/www.italianacontenitori.com\\\/de\\\/prodotto\\\/sicherheits-rollbehalter-ineinanderschiebbar\\\/#primaryimage\"},\"image\":{\"@id\":\"https:\\\/\\\/www.italianacontenitori.com\\\/de\\\/prodotto\\\/sicherheits-rollbehalter-ineinanderschiebbar\\\/#primaryimage\"},\"thumbnailUrl\":\"https:\\\/\\\/www.italianacontenitori.com\\\/wp-content\\\/uploads\\\/2020\\\/12\\\/ROLL201011.png\",\"datePublished\":\"2020-12-15T13:18:45+00:00\",\"dateModified\":\"2026-04-10T14:36:36+00:00\",\"description\":\"Kompensierbare Sicherheits-Rollbeh\u00e4lter: Sie passen ineinander. Dank des dichten Netzes erm\u00f6glichen sie den sicheren Transport von wertvollen G\u00fctern.\",\"breadcrumb\":{\"@id\":\"https:\\\/\\\/www.italianacontenitori.com\\\/de\\\/prodotto\\\/sicherheits-rollbehalter-ineinanderschiebbar\\\/#breadcrumb\"},\"inLanguage\":\"de\",\"potentialAction\":[{\"@type\":\"ReadAction\",\"target\":[\"https:\\\/\\\/www.italianacontenitori.com\\\/de\\\/prodotto\\\/sicherheits-rollbehalter-ineinanderschiebbar\\\/\"]}]},{\"@type\":\"ImageObject\",\"inLanguage\":\"de\",\"@id\":\"https:\\\/\\\/www.italianacontenitori.com\\\/de\\\/prodotto\\\/sicherheits-rollbehalter-ineinanderschiebbar\\\/#primaryimage\",\"url\":\"https:\\\/\\\/www.italianacontenitori.com\\\/wp-content\\\/uploads\\\/2020\\\/12\\\/ROLL201011.png\",\"contentUrl\":\"https:\\\/\\\/www.italianacontenitori.com\\\/wp-content\\\/uploads\\\/2020\\\/12\\\/ROLL201011.png\",\"width\":1024,\"height\":1024,\"caption\":\"Kompensierbarer Sicherheitsrollbeh\u00e4lter\"},{\"@type\":\"BreadcrumbList\",\"@id\":\"https:\\\/\\\/www.italianacontenitori.com\\\/de\\\/prodotto\\\/sicherheits-rollbehalter-ineinanderschiebbar\\\/#breadcrumb\",\"itemListElement\":[{\"@type\":\"ListItem\",\"position\":1,\"name\":\"Home\",\"item\":\"https:\\\/\\\/www.italianacontenitori.com\\\/de\\\/metallgitterboxen\\\/\"},{\"@type\":\"ListItem\",\"position\":2,\"name\":\"Rollcontainer Sicherheit 72 x 86 cm &#8211; Kompensierbar\"}]},{\"@type\":\"WebSite\",\"@id\":\"https:\\\/\\\/www.italianacontenitori.com\\\/de\\\/#website\",\"url\":\"https:\\\/\\\/www.italianacontenitori.com\\\/de\\\/\",\"name\":\"italianacontenitori.com\",\"description\":\"Produzione di contenitori industriali e roll container\",\"publisher\":{\"@id\":\"https:\\\/\\\/www.italianacontenitori.com\\\/de\\\/#organization\"},\"potentialAction\":[{\"@type\":\"SearchAction\",\"target\":{\"@type\":\"EntryPoint\",\"urlTemplate\":\"https:\\\/\\\/www.italianacontenitori.com\\\/de\\\/?s={search_term_string}\"},\"query-input\":{\"@type\":\"PropertyValueSpecification\",\"valueRequired\":true,\"valueName\":\"search_term_string\"}}],\"inLanguage\":\"de\"},{\"@type\":\"Organization\",\"@id\":\"https:\\\/\\\/www.italianacontenitori.com\\\/de\\\/#organization\",\"name\":\"Italiana Contenitori s.r.l.\",\"alternateName\":\"IC\",\"url\":\"https:\\\/\\\/www.italianacontenitori.com\\\/de\\\/\",\"logo\":{\"@type\":\"ImageObject\",\"inLanguage\":\"de\",\"@id\":\"https:\\\/\\\/www.italianacontenitori.com\\\/de\\\/#\\\/schema\\\/logo\\\/image\\\/\",\"url\":\"https:\\\/\\\/www.italianacontenitori.com\\\/wp-content\\\/uploads\\\/2020\\\/11\\\/cropped-Logo-Italiana-Contenitori_favicon.jpg\",\"contentUrl\":\"https:\\\/\\\/www.italianacontenitori.com\\\/wp-content\\\/uploads\\\/2020\\\/11\\\/cropped-Logo-Italiana-Contenitori_favicon.jpg\",\"width\":512,\"height\":512,\"caption\":\"Italiana Contenitori s.r.l.\"},\"image\":{\"@id\":\"https:\\\/\\\/www.italianacontenitori.com\\\/de\\\/#\\\/schema\\\/logo\\\/image\\\/\"}}]}<\/script>\n<!-- \/ Yoast SEO plugin. -->","yoast_head_json":{"title":"Rollcontainer Sicherheit - Kompensierbar | Italiana Contenitori","description":"Kompensierbare Sicherheits-Rollbeh\u00e4lter: Sie passen ineinander. Dank des dichten Netzes erm\u00f6glichen sie den sicheren Transport von wertvollen G\u00fctern.","robots":{"index":"index","follow":"follow","max-snippet":"max-snippet:-1","max-image-preview":"max-image-preview:large","max-video-preview":"max-video-preview:-1"},"canonical":"https:\/\/www.italianacontenitori.com\/de\/prodotto\/sicherheits-rollbehalter-ineinanderschiebbar\/","og_locale":"de_DE","og_type":"article","og_title":"Rollcontainer Sicherheit - Kompensierbar | Italiana Contenitori","og_description":"Kompensierbare Sicherheits-Rollbeh\u00e4lter: Sie passen ineinander. Dank des dichten Netzes erm\u00f6glichen sie den sicheren Transport von wertvollen G\u00fctern.","og_url":"https:\/\/www.italianacontenitori.com\/de\/prodotto\/sicherheits-rollbehalter-ineinanderschiebbar\/","og_site_name":"italianacontenitori.com","article_modified_time":"2026-04-10T14:36:36+00:00","og_image":[{"width":1024,"height":1024,"url":"https:\/\/www.italianacontenitori.com\/wp-content\/uploads\/2020\/12\/ROLL201011.png","type":"image\/png"}],"twitter_card":"summary_large_image","twitter_misc":{"Gesch\u00e4tzte Lesezeit":"2\u00a0Minuten"},"schema":{"@context":"https:\/\/schema.org","@graph":[{"@type":"WebPage","@id":"https:\/\/www.italianacontenitori.com\/de\/prodotto\/sicherheits-rollbehalter-ineinanderschiebbar\/","url":"https:\/\/www.italianacontenitori.com\/de\/prodotto\/sicherheits-rollbehalter-ineinanderschiebbar\/","name":"Rollcontainer Sicherheit - Kompensierbar | Italiana Contenitori","isPartOf":{"@id":"https:\/\/www.italianacontenitori.com\/de\/#website"},"primaryImageOfPage":{"@id":"https:\/\/www.italianacontenitori.com\/de\/prodotto\/sicherheits-rollbehalter-ineinanderschiebbar\/#primaryimage"},"image":{"@id":"https:\/\/www.italianacontenitori.com\/de\/prodotto\/sicherheits-rollbehalter-ineinanderschiebbar\/#primaryimage"},"thumbnailUrl":"https:\/\/www.italianacontenitori.com\/wp-content\/uploads\/2020\/12\/ROLL201011.png","datePublished":"2020-12-15T13:18:45+00:00","dateModified":"2026-04-10T14:36:36+00:00","description":"Kompensierbare Sicherheits-Rollbeh\u00e4lter: Sie passen ineinander. Dank des dichten Netzes erm\u00f6glichen sie den sicheren Transport von wertvollen G\u00fctern.","breadcrumb":{"@id":"https:\/\/www.italianacontenitori.com\/de\/prodotto\/sicherheits-rollbehalter-ineinanderschiebbar\/#breadcrumb"},"inLanguage":"de","potentialAction":[{"@type":"ReadAction","target":["https:\/\/www.italianacontenitori.com\/de\/prodotto\/sicherheits-rollbehalter-ineinanderschiebbar\/"]}]},{"@type":"ImageObject","inLanguage":"de","@id":"https:\/\/www.italianacontenitori.com\/de\/prodotto\/sicherheits-rollbehalter-ineinanderschiebbar\/#primaryimage","url":"https:\/\/www.italianacontenitori.com\/wp-content\/uploads\/2020\/12\/ROLL201011.png","contentUrl":"https:\/\/www.italianacontenitori.com\/wp-content\/uploads\/2020\/12\/ROLL201011.png","width":1024,"height":1024,"caption":"Kompensierbarer Sicherheitsrollbeh\u00e4lter"},{"@type":"BreadcrumbList","@id":"https:\/\/www.italianacontenitori.com\/de\/prodotto\/sicherheits-rollbehalter-ineinanderschiebbar\/#breadcrumb","itemListElement":[{"@type":"ListItem","position":1,"name":"Home","item":"https:\/\/www.italianacontenitori.com\/de\/metallgitterboxen\/"},{"@type":"ListItem","position":2,"name":"Rollcontainer Sicherheit 72 x 86 cm &#8211; Kompensierbar"}]},{"@type":"WebSite","@id":"https:\/\/www.italianacontenitori.com\/de\/#website","url":"https:\/\/www.italianacontenitori.com\/de\/","name":"italianacontenitori.com","description":"Produzione di contenitori industriali e roll container","publisher":{"@id":"https:\/\/www.italianacontenitori.com\/de\/#organization"},"potentialAction":[{"@type":"SearchAction","target":{"@type":"EntryPoint","urlTemplate":"https:\/\/www.italianacontenitori.com\/de\/?s={search_term_string}"},"query-input":{"@type":"PropertyValueSpecification","valueRequired":true,"valueName":"search_term_string"}}],"inLanguage":"de"},{"@type":"Organization","@id":"https:\/\/www.italianacontenitori.com\/de\/#organization","name":"Italiana Contenitori s.r.l.","alternateName":"IC","url":"https:\/\/www.italianacontenitori.com\/de\/","logo":{"@type":"ImageObject","inLanguage":"de","@id":"https:\/\/www.italianacontenitori.com\/de\/#\/schema\/logo\/image\/","url":"https:\/\/www.italianacontenitori.com\/wp-content\/uploads\/2020\/11\/cropped-Logo-Italiana-Contenitori_favicon.jpg","contentUrl":"https:\/\/www.italianacontenitori.com\/wp-content\/uploads\/2020\/11\/cropped-Logo-Italiana-Contenitori_favicon.jpg","width":512,"height":512,"caption":"Italiana Contenitori s.r.l."},"image":{"@id":"https:\/\/www.italianacontenitori.com\/de\/#\/schema\/logo\/image\/"}}]}},"_links":{"self":[{"href":"https:\/\/www.italianacontenitori.com\/de\/wp-json\/wp\/v2\/product\/241110","targetHints":{"allow":["GET"]}}],"collection":[{"href":"https:\/\/www.italianacontenitori.com\/de\/wp-json\/wp\/v2\/product"}],"about":[{"href":"https:\/\/www.italianacontenitori.com\/de\/wp-json\/wp\/v2\/types\/product"}],"replies":[{"embeddable":true,"href":"https:\/\/www.italianacontenitori.com\/de\/wp-json\/wp\/v2\/comments?post=241110"}],"wp:featuredmedia":[{"embeddable":true,"href":"https:\/\/www.italianacontenitori.com\/de\/wp-json\/wp\/v2\/media\/240118"}],"wp:attachment":[{"href":"https:\/\/www.italianacontenitori.com\/de\/wp-json\/wp\/v2\/media?parent=241110"}],"wp:term":[{"taxonomy":"product_brand","embeddable":true,"href":"https:\/\/www.italianacontenitori.com\/de\/wp-json\/wp\/v2\/product_brand?post=241110"},{"taxonomy":"product_cat","embeddable":true,"href":"https:\/\/www.italianacontenitori.com\/de\/wp-json\/wp\/v2\/product_cat?post=241110"},{"taxonomy":"product_tag","embeddable":true,"href":"https:\/\/www.italianacontenitori.com\/de\/wp-json\/wp\/v2\/product_tag?post=241110"}],"curies":[{"name":"wp","href":"https:\/\/api.w.org\/{rel}","templated":true}]}}