{"id":241138,"date":"2020-12-15T10:57:07","date_gmt":"2020-12-15T10:57:07","guid":{"rendered":"https:\/\/www.italianacontenitori.com\/product\/roll-rohr-o-25mm\/"},"modified":"2026-04-10T14:36:22","modified_gmt":"2026-04-10T14:36:22","slug":"roll-base-francia-fr-72-x-81-t25","status":"publish","type":"product","link":"https:\/\/www.italianacontenitori.com\/de\/produkt\/roll-base-francia-fr-72-x-81-t25\/","title":{"rendered":"Rollcontainer mit franz\u00f6sischem Boden &#8211; 72 x 81 cm (Rohr \u00f8 25 mm)"},"content":{"rendered":"<p>Der <strong>72&#215;81 cm gro\u00dfe Basis-Rollbeh\u00e4lter<\/strong> ist eine vielseitige <strong>Standardl\u00f6sung<\/strong> f\u00fcr die effiziente Lagerung und den Transport Ihrer Waren. Die <strong>Seitengitter<\/strong> aus <strong>\u00fcberdimensionierten Rohren<\/strong> mit einem Durchmesser von 25 mm bieten eine<strong>hervorragende Robustheit, ideal f\u00fcr schwere und sperrige Lasten.<\/strong> Dieses Modell ist <strong>mit zwei elastischen Gurten<\/strong> ausgestattet, um die Ladung w\u00e4hrend des Transports zu sichern, sowie mit einer Metallplatte \u00fcber jeder Seitenwand zur Anbringung von Kennzeichnungsetiketten.  <\/p>\n<h2>Rollcontainer mit Standardboden: Hauptmerkmale<\/h2>\n<ul>\n<li>Au\u00dfenma\u00dfe: 720 x 810 mm<\/li>\n<li>Inneres Fassungsverm\u00f6gen: 660 x 790 mm<\/li>\n<li>Struktur: Seitenschienen mit \u00d825-mm-Rohren f\u00fcr mehr Stabilit\u00e4t<\/li>\n<li>Mitgeliefertes Zubeh\u00f6r: zwei elastische Gurte zur Sicherung der Ladung und Kennzeichnungsschilder aus Metall<\/li>\n<\/ul>\n<p>Dieser 72&#215;81 Basis-Rollcontainer wurde entwickelt, um den Anforderungen verschiedener Sektoren gerecht zu werden. Er ist eine zuverl\u00e4ssige und langlebige L\u00f6sung f\u00fcr den Umschlag und die Lagerung von G\u00fctern f\u00fcr verschiedene Sektoren wie Einzelhandel und Einzelhandelsgesch\u00e4fte, Industrie, W\u00e4schereien, Abfallwirtschaft, Recycling, Transport und internes Handling.<\/p>\n","protected":false},"excerpt":{"rendered":"<p>Ein vielseitiger Rollbeh\u00e4lter zur Lagerung und zum Transport von Waren. Die Seitenw\u00e4nde mit \u00d8 25 mm Rohr sorgen f\u00fcr hohe Festigkeit. Das Produkt enth\u00e4lt zwei elastische B\u00e4nder zum Sichern der Ladung und eine Metalltafel auf beiden Seitenw\u00e4nden, um Etiketten anzubringen.<\/p>\n","protected":false},"featured_media":240139,"comment_status":"open","ping_status":"closed","template":"","meta":{"_acf_changed":false,"_et_pb_use_builder":"","_et_pb_old_content":"","_et_gb_content_width":""},"product_brand":[],"product_cat":[1547],"product_tag":[2125],"class_list":{"0":"post-241138","1":"product","2":"type-product","3":"status-publish","4":"has-post-thumbnail","6":"product_cat-roll-container-de","7":"product_tag-rollcontainer-standardabmessungen","9":"first","10":"instock","11":"shipping-taxable","12":"purchasable","13":"product-type-variable","14":"has-default-attributes"},"acf":[],"yoast_head":"<!-- This site is optimized with the Yoast SEO plugin v27.3 - https:\/\/yoast.com\/product\/yoast-seo-wordpress\/ -->\n<title>Rollcontainer Standard 72x81 - italianacontenitori.com<\/title>\n<meta name=\"description\" content=\"Rollcontainerbasis 72x81 Standard, hat Seitenschienen mit 25 mm \u00fcberdimensionierten Rohren f\u00fcr h\u00f6here Festigkeit, zwei elastische Gurte und Platten inklusive.\" \/>\n<meta name=\"robots\" content=\"index, follow, max-snippet:-1, max-image-preview:large, max-video-preview:-1\" \/>\n<link rel=\"canonical\" href=\"https:\/\/www.italianacontenitori.com\/de\/produkt\/roll-base-francia-fr-72-x-81-t25\/\" \/>\n<meta property=\"og:locale\" content=\"de_DE\" \/>\n<meta property=\"og:type\" content=\"article\" \/>\n<meta property=\"og:title\" content=\"Rollcontainer Standard 72x81 - italianacontenitori.com\" \/>\n<meta property=\"og:description\" content=\"Rollcontainerbasis 72x81 Standard, hat Seitenschienen mit 25 mm \u00fcberdimensionierten Rohren f\u00fcr h\u00f6here Festigkeit, zwei elastische Gurte und Platten inklusive.\" \/>\n<meta property=\"og:url\" content=\"https:\/\/www.italianacontenitori.com\/de\/produkt\/roll-base-francia-fr-72-x-81-t25\/\" \/>\n<meta property=\"og:site_name\" content=\"italianacontenitori.com\" \/>\n<meta property=\"article:modified_time\" content=\"2026-04-10T14:36:22+00:00\" \/>\n<meta property=\"og:image\" content=\"https:\/\/www.italianacontenitori.com\/wp-content\/uploads\/2020\/12\/ROLF0060H210.png\" \/>\n\t<meta property=\"og:image:width\" content=\"1024\" \/>\n\t<meta property=\"og:image:height\" content=\"1024\" \/>\n\t<meta property=\"og:image:type\" content=\"image\/png\" \/>\n<meta name=\"twitter:card\" content=\"summary_large_image\" \/>\n<meta name=\"twitter:label1\" content=\"Gesch\u00e4tzte Lesezeit\" \/>\n\t<meta name=\"twitter:data1\" content=\"1\u00a0Minute\" \/>\n<script type=\"application\/ld+json\" class=\"yoast-schema-graph\">{\"@context\":\"https:\\\/\\\/schema.org\",\"@graph\":[{\"@type\":\"WebPage\",\"@id\":\"https:\\\/\\\/www.italianacontenitori.com\\\/de\\\/produkt\\\/roll-base-francia-fr-72-x-81-t25\\\/\",\"url\":\"https:\\\/\\\/www.italianacontenitori.com\\\/de\\\/produkt\\\/roll-base-francia-fr-72-x-81-t25\\\/\",\"name\":\"Rollcontainer Standard 72x81 - italianacontenitori.com\",\"isPartOf\":{\"@id\":\"https:\\\/\\\/www.italianacontenitori.com\\\/de\\\/#website\"},\"primaryImageOfPage\":{\"@id\":\"https:\\\/\\\/www.italianacontenitori.com\\\/de\\\/produkt\\\/roll-base-francia-fr-72-x-81-t25\\\/#primaryimage\"},\"image\":{\"@id\":\"https:\\\/\\\/www.italianacontenitori.com\\\/de\\\/produkt\\\/roll-base-francia-fr-72-x-81-t25\\\/#primaryimage\"},\"thumbnailUrl\":\"https:\\\/\\\/www.italianacontenitori.com\\\/wp-content\\\/uploads\\\/2020\\\/12\\\/ROLF0060H210.png\",\"datePublished\":\"2020-12-15T10:57:07+00:00\",\"dateModified\":\"2026-04-10T14:36:22+00:00\",\"description\":\"Rollcontainerbasis 72x81 Standard, hat Seitenschienen mit 25 mm \u00fcberdimensionierten Rohren f\u00fcr h\u00f6here Festigkeit, zwei elastische Gurte und Platten inklusive.\",\"breadcrumb\":{\"@id\":\"https:\\\/\\\/www.italianacontenitori.com\\\/de\\\/produkt\\\/roll-base-francia-fr-72-x-81-t25\\\/#breadcrumb\"},\"inLanguage\":\"de\",\"potentialAction\":[{\"@type\":\"ReadAction\",\"target\":[\"https:\\\/\\\/www.italianacontenitori.com\\\/de\\\/produkt\\\/roll-base-francia-fr-72-x-81-t25\\\/\"]}]},{\"@type\":\"ImageObject\",\"inLanguage\":\"de\",\"@id\":\"https:\\\/\\\/www.italianacontenitori.com\\\/de\\\/produkt\\\/roll-base-francia-fr-72-x-81-t25\\\/#primaryimage\",\"url\":\"https:\\\/\\\/www.italianacontenitori.com\\\/wp-content\\\/uploads\\\/2020\\\/12\\\/ROLF0060H210.png\",\"contentUrl\":\"https:\\\/\\\/www.italianacontenitori.com\\\/wp-content\\\/uploads\\\/2020\\\/12\\\/ROLF0060H210.png\",\"width\":1024,\"height\":1024,\"caption\":\"Rollcontainer franz\u00f6sischer Boden mit verst\u00e4rkten Seiten. Modell ROLF0060H210\"},{\"@type\":\"BreadcrumbList\",\"@id\":\"https:\\\/\\\/www.italianacontenitori.com\\\/de\\\/produkt\\\/roll-base-francia-fr-72-x-81-t25\\\/#breadcrumb\",\"itemListElement\":[{\"@type\":\"ListItem\",\"position\":1,\"name\":\"Home\",\"item\":\"https:\\\/\\\/www.italianacontenitori.com\\\/de\\\/metallgitterboxen\\\/\"},{\"@type\":\"ListItem\",\"position\":2,\"name\":\"Katalog\",\"item\":\"https:\\\/\\\/www.italianacontenitori.com\\\/de\\\/katalog-de\\\/\"},{\"@type\":\"ListItem\",\"position\":3,\"name\":\"Rollcontainer mit franz\u00f6sischem Boden &#8211; 72 x 81 cm (Rohr \u00f8 25 mm)\"}]},{\"@type\":\"WebSite\",\"@id\":\"https:\\\/\\\/www.italianacontenitori.com\\\/de\\\/#website\",\"url\":\"https:\\\/\\\/www.italianacontenitori.com\\\/de\\\/\",\"name\":\"italianacontenitori.com\",\"description\":\"Produzione di contenitori industriali e roll container\",\"publisher\":{\"@id\":\"https:\\\/\\\/www.italianacontenitori.com\\\/de\\\/#organization\"},\"potentialAction\":[{\"@type\":\"SearchAction\",\"target\":{\"@type\":\"EntryPoint\",\"urlTemplate\":\"https:\\\/\\\/www.italianacontenitori.com\\\/de\\\/?s={search_term_string}\"},\"query-input\":{\"@type\":\"PropertyValueSpecification\",\"valueRequired\":true,\"valueName\":\"search_term_string\"}}],\"inLanguage\":\"de\"},{\"@type\":\"Organization\",\"@id\":\"https:\\\/\\\/www.italianacontenitori.com\\\/de\\\/#organization\",\"name\":\"Italiana Contenitori s.r.l.\",\"alternateName\":\"IC\",\"url\":\"https:\\\/\\\/www.italianacontenitori.com\\\/de\\\/\",\"logo\":{\"@type\":\"ImageObject\",\"inLanguage\":\"de\",\"@id\":\"https:\\\/\\\/www.italianacontenitori.com\\\/de\\\/#\\\/schema\\\/logo\\\/image\\\/\",\"url\":\"https:\\\/\\\/www.italianacontenitori.com\\\/wp-content\\\/uploads\\\/2020\\\/11\\\/cropped-Logo-Italiana-Contenitori_favicon.jpg\",\"contentUrl\":\"https:\\\/\\\/www.italianacontenitori.com\\\/wp-content\\\/uploads\\\/2020\\\/11\\\/cropped-Logo-Italiana-Contenitori_favicon.jpg\",\"width\":512,\"height\":512,\"caption\":\"Italiana Contenitori s.r.l.\"},\"image\":{\"@id\":\"https:\\\/\\\/www.italianacontenitori.com\\\/de\\\/#\\\/schema\\\/logo\\\/image\\\/\"}}]}<\/script>\n<!-- \/ Yoast SEO plugin. -->","yoast_head_json":{"title":"Rollcontainer Standard 72x81 - italianacontenitori.com","description":"Rollcontainerbasis 72x81 Standard, hat Seitenschienen mit 25 mm \u00fcberdimensionierten Rohren f\u00fcr h\u00f6here Festigkeit, zwei elastische Gurte und Platten inklusive.","robots":{"index":"index","follow":"follow","max-snippet":"max-snippet:-1","max-image-preview":"max-image-preview:large","max-video-preview":"max-video-preview:-1"},"canonical":"https:\/\/www.italianacontenitori.com\/de\/produkt\/roll-base-francia-fr-72-x-81-t25\/","og_locale":"de_DE","og_type":"article","og_title":"Rollcontainer Standard 72x81 - italianacontenitori.com","og_description":"Rollcontainerbasis 72x81 Standard, hat Seitenschienen mit 25 mm \u00fcberdimensionierten Rohren f\u00fcr h\u00f6here Festigkeit, zwei elastische Gurte und Platten inklusive.","og_url":"https:\/\/www.italianacontenitori.com\/de\/produkt\/roll-base-francia-fr-72-x-81-t25\/","og_site_name":"italianacontenitori.com","article_modified_time":"2026-04-10T14:36:22+00:00","og_image":[{"width":1024,"height":1024,"url":"https:\/\/www.italianacontenitori.com\/wp-content\/uploads\/2020\/12\/ROLF0060H210.png","type":"image\/png"}],"twitter_card":"summary_large_image","twitter_misc":{"Gesch\u00e4tzte Lesezeit":"1\u00a0Minute"},"schema":{"@context":"https:\/\/schema.org","@graph":[{"@type":"WebPage","@id":"https:\/\/www.italianacontenitori.com\/de\/produkt\/roll-base-francia-fr-72-x-81-t25\/","url":"https:\/\/www.italianacontenitori.com\/de\/produkt\/roll-base-francia-fr-72-x-81-t25\/","name":"Rollcontainer Standard 72x81 - italianacontenitori.com","isPartOf":{"@id":"https:\/\/www.italianacontenitori.com\/de\/#website"},"primaryImageOfPage":{"@id":"https:\/\/www.italianacontenitori.com\/de\/produkt\/roll-base-francia-fr-72-x-81-t25\/#primaryimage"},"image":{"@id":"https:\/\/www.italianacontenitori.com\/de\/produkt\/roll-base-francia-fr-72-x-81-t25\/#primaryimage"},"thumbnailUrl":"https:\/\/www.italianacontenitori.com\/wp-content\/uploads\/2020\/12\/ROLF0060H210.png","datePublished":"2020-12-15T10:57:07+00:00","dateModified":"2026-04-10T14:36:22+00:00","description":"Rollcontainerbasis 72x81 Standard, hat Seitenschienen mit 25 mm \u00fcberdimensionierten Rohren f\u00fcr h\u00f6here Festigkeit, zwei elastische Gurte und Platten inklusive.","breadcrumb":{"@id":"https:\/\/www.italianacontenitori.com\/de\/produkt\/roll-base-francia-fr-72-x-81-t25\/#breadcrumb"},"inLanguage":"de","potentialAction":[{"@type":"ReadAction","target":["https:\/\/www.italianacontenitori.com\/de\/produkt\/roll-base-francia-fr-72-x-81-t25\/"]}]},{"@type":"ImageObject","inLanguage":"de","@id":"https:\/\/www.italianacontenitori.com\/de\/produkt\/roll-base-francia-fr-72-x-81-t25\/#primaryimage","url":"https:\/\/www.italianacontenitori.com\/wp-content\/uploads\/2020\/12\/ROLF0060H210.png","contentUrl":"https:\/\/www.italianacontenitori.com\/wp-content\/uploads\/2020\/12\/ROLF0060H210.png","width":1024,"height":1024,"caption":"Rollcontainer franz\u00f6sischer Boden mit verst\u00e4rkten Seiten. Modell ROLF0060H210"},{"@type":"BreadcrumbList","@id":"https:\/\/www.italianacontenitori.com\/de\/produkt\/roll-base-francia-fr-72-x-81-t25\/#breadcrumb","itemListElement":[{"@type":"ListItem","position":1,"name":"Home","item":"https:\/\/www.italianacontenitori.com\/de\/metallgitterboxen\/"},{"@type":"ListItem","position":2,"name":"Katalog","item":"https:\/\/www.italianacontenitori.com\/de\/katalog-de\/"},{"@type":"ListItem","position":3,"name":"Rollcontainer mit franz\u00f6sischem Boden &#8211; 72 x 81 cm (Rohr \u00f8 25 mm)"}]},{"@type":"WebSite","@id":"https:\/\/www.italianacontenitori.com\/de\/#website","url":"https:\/\/www.italianacontenitori.com\/de\/","name":"italianacontenitori.com","description":"Produzione di contenitori industriali e roll container","publisher":{"@id":"https:\/\/www.italianacontenitori.com\/de\/#organization"},"potentialAction":[{"@type":"SearchAction","target":{"@type":"EntryPoint","urlTemplate":"https:\/\/www.italianacontenitori.com\/de\/?s={search_term_string}"},"query-input":{"@type":"PropertyValueSpecification","valueRequired":true,"valueName":"search_term_string"}}],"inLanguage":"de"},{"@type":"Organization","@id":"https:\/\/www.italianacontenitori.com\/de\/#organization","name":"Italiana Contenitori s.r.l.","alternateName":"IC","url":"https:\/\/www.italianacontenitori.com\/de\/","logo":{"@type":"ImageObject","inLanguage":"de","@id":"https:\/\/www.italianacontenitori.com\/de\/#\/schema\/logo\/image\/","url":"https:\/\/www.italianacontenitori.com\/wp-content\/uploads\/2020\/11\/cropped-Logo-Italiana-Contenitori_favicon.jpg","contentUrl":"https:\/\/www.italianacontenitori.com\/wp-content\/uploads\/2020\/11\/cropped-Logo-Italiana-Contenitori_favicon.jpg","width":512,"height":512,"caption":"Italiana Contenitori s.r.l."},"image":{"@id":"https:\/\/www.italianacontenitori.com\/de\/#\/schema\/logo\/image\/"}}]}},"_links":{"self":[{"href":"https:\/\/www.italianacontenitori.com\/de\/wp-json\/wp\/v2\/product\/241138","targetHints":{"allow":["GET"]}}],"collection":[{"href":"https:\/\/www.italianacontenitori.com\/de\/wp-json\/wp\/v2\/product"}],"about":[{"href":"https:\/\/www.italianacontenitori.com\/de\/wp-json\/wp\/v2\/types\/product"}],"replies":[{"embeddable":true,"href":"https:\/\/www.italianacontenitori.com\/de\/wp-json\/wp\/v2\/comments?post=241138"}],"wp:featuredmedia":[{"embeddable":true,"href":"https:\/\/www.italianacontenitori.com\/de\/wp-json\/wp\/v2\/media\/240139"}],"wp:attachment":[{"href":"https:\/\/www.italianacontenitori.com\/de\/wp-json\/wp\/v2\/media?parent=241138"}],"wp:term":[{"taxonomy":"product_brand","embeddable":true,"href":"https:\/\/www.italianacontenitori.com\/de\/wp-json\/wp\/v2\/product_brand?post=241138"},{"taxonomy":"product_cat","embeddable":true,"href":"https:\/\/www.italianacontenitori.com\/de\/wp-json\/wp\/v2\/product_cat?post=241138"},{"taxonomy":"product_tag","embeddable":true,"href":"https:\/\/www.italianacontenitori.com\/de\/wp-json\/wp\/v2\/product_tag?post=241138"}],"curies":[{"name":"wp","href":"https:\/\/api.w.org\/{rel}","templated":true}]}}