{"id":241167,"date":"2020-12-15T10:39:07","date_gmt":"2020-12-15T10:39:07","guid":{"rendered":"https:\/\/www.italianacontenitori.com\/product\/rollbehaelter-mit-kunststoffboden-rohr-o-25mm-roll-pl-25\/"},"modified":"2026-04-10T14:36:24","modified_gmt":"2026-04-10T14:36:24","slug":"roll-pl-25","status":"publish","type":"product","link":"https:\/\/www.italianacontenitori.com\/de\/prodotto\/roll-pl-25\/","title":{"rendered":"Rollcontainer mit Kunststoffboden 72 x 81 &#8211; Verst\u00e4rkt"},"content":{"rendered":"<p>Der 72 x 81 cm gro\u00dfe <strong>verst\u00e4rkte Rollcontainer mit Kunststoffboden<\/strong> vereint Leichtigkeit und Solidit\u00e4t, dank des gr\u00f6\u00dferen Durchmessers der Seitenschienen und eines mit vier Metallst\u00e4ben verst\u00e4rkten Kunststoffbodens, der das Gewicht gleichm\u00e4\u00dfig verteilt und so auch bei schweren Lasten Widerstandsf\u00e4higkeit garantiert. Der Kunststoffboden bietet eine gr\u00f6\u00dfere Leichtigkeit als Modelle aus Metall, wodurch dieser Rollbeh\u00e4lter ideal f\u00fcr Bereiche wie den Gro\u00dfhandel und industrielle W\u00e4schereien ist, in denen h\u00e4ufiges Handling an der Tagesordnung ist. <\/p>\n<h2>Verst\u00e4rkter Rollbeh\u00e4lter mit Kunststoffboden: Hauptmerkmale<\/h2>\n<ul>\n<li><strong>Au\u00dfenma\u00dfe:<\/strong> 720 x 810 mm<\/li>\n<li><strong>Inneres Fassungsverm\u00f6gen:<\/strong> 660 x 800 mm<\/li>\n<li><strong>Verst\u00e4rkte Struktur:<\/strong> Seitenschienen mit \u00d825 mm Rohren f\u00fcr Stabilit\u00e4t auch bei schweren Lasten<\/li>\n<li><strong>Leichter und widerstandsf\u00e4higer Sockel:<\/strong> Kunststoff mit Metallst\u00e4ben verst\u00e4rkt, die ein Verbiegen verhindern und eine lange Lebensdauer garantieren<\/li>\n<li><strong>Inklusive Zubeh\u00f6r:<\/strong> zwei elastische Gurte zur Sicherung der Ladung und Metallschilder zur Kennzeichnung der Ware<\/li>\n<\/ul>\n<p>Dank der Kombination aus <strong>leichtem Kunststoff und Metallverst\u00e4rkungen<\/strong> stellt dieser <strong>verst\u00e4rkte Rollcontainer<\/strong> ein ideales Gleichgewicht zwischen leichter Man\u00f6vrierbarkeit und Ladekapazit\u00e4t dar, f\u00fcr einen sicheren und optimierten Transport auch in den dynamischsten Situationen.<\/p>\n","protected":false},"excerpt":{"rendered":"<p>Ein leichter und vielseitiger Rollbeh\u00e4lter zur Lagerung und zum Transport von Waren. Die Seitenw\u00e4nde mit \u00d8 25 mm Rohr sorgen f\u00fcr hohe Festigkeit. Das Produkt enth\u00e4lt zwei elastische B\u00e4nder zum Sichern der Ladung und eine Metalltafel auf beiden Seitenw\u00e4nden, um Etiketten anzubringen. Der Kunststoffboden ist f\u00fcr zus\u00e4tzliche Festigkeit mit Metallkernen verst\u00e4rkt.<\/p>\n","protected":false},"featured_media":240160,"comment_status":"open","ping_status":"closed","template":"","meta":{"_acf_changed":false,"_et_pb_use_builder":"","_et_pb_old_content":"","_et_gb_content_width":""},"product_brand":[],"product_cat":[1547],"product_tag":[2125,2156],"class_list":{"0":"post-241167","1":"product","2":"type-product","3":"status-publish","4":"has-post-thumbnail","6":"product_cat-roll-container-de","7":"product_tag-rollcontainer-standardabmessungen","8":"product_tag-rollenbasis-kunststoff","9":"pa_base-roll-plastik","10":"pa_numero-di-sponde-2-de","11":"pa_numero-di-sponde-3-de","12":"pa_numero-di-sponde-4-mit-klappe","14":"first","15":"instock","16":"shipping-taxable","17":"purchasable","18":"product-type-variable","19":"has-default-attributes"},"acf":[],"yoast_head":"<!-- This site is optimized with the Yoast SEO plugin v27.3 - https:\/\/yoast.com\/product\/yoast-seo-wordpress\/ -->\n<title>italianacontenitori.com<\/title>\n<meta name=\"description\" content=\"Rollcontainer mit Kunststoffboden und verst\u00e4rkten Seiten f\u00fcr schwere Lasten. Leicht, wendig und langlebig, erh\u00e4ltlich mit 2, 3 und 4 Bordw\u00e4nden.\" \/>\n<meta name=\"robots\" content=\"index, follow, max-snippet:-1, max-image-preview:large, max-video-preview:-1\" \/>\n<link rel=\"canonical\" href=\"https:\/\/www.italianacontenitori.com\/de\/prodotto\/roll-pl-25\/\" \/>\n<meta property=\"og:locale\" content=\"de_DE\" \/>\n<meta property=\"og:type\" content=\"article\" \/>\n<meta property=\"og:description\" content=\"Rollcontainer mit Kunststoffboden und verst\u00e4rkten Seiten f\u00fcr schwere Lasten. Leicht, wendig und langlebig, erh\u00e4ltlich mit 2, 3 und 4 Bordw\u00e4nden.\" \/>\n<meta property=\"og:url\" content=\"https:\/\/www.italianacontenitori.com\/de\/prodotto\/roll-pl-25\/\" \/>\n<meta property=\"og:site_name\" content=\"italianacontenitori.com\" \/>\n<meta property=\"article:modified_time\" content=\"2026-04-10T14:36:24+00:00\" \/>\n<meta property=\"og:image\" content=\"https:\/\/www.italianacontenitori.com\/wp-content\/uploads\/2020\/12\/ROLL0020.png\" \/>\n\t<meta property=\"og:image:width\" content=\"1024\" \/>\n\t<meta property=\"og:image:height\" content=\"1024\" \/>\n\t<meta property=\"og:image:type\" content=\"image\/png\" \/>\n<meta name=\"twitter:card\" content=\"summary_large_image\" \/>\n<meta name=\"twitter:label1\" content=\"Gesch\u00e4tzte Lesezeit\" \/>\n\t<meta name=\"twitter:data1\" content=\"1\u00a0Minute\" \/>\n<script type=\"application\/ld+json\" class=\"yoast-schema-graph\">{\"@context\":\"https:\\\/\\\/schema.org\",\"@graph\":[{\"@type\":\"WebPage\",\"@id\":\"https:\\\/\\\/www.italianacontenitori.com\\\/de\\\/prodotto\\\/roll-pl-25\\\/\",\"url\":\"https:\\\/\\\/www.italianacontenitori.com\\\/de\\\/prodotto\\\/roll-pl-25\\\/\",\"name\":\"\",\"isPartOf\":{\"@id\":\"https:\\\/\\\/www.italianacontenitori.com\\\/de\\\/#website\"},\"primaryImageOfPage\":{\"@id\":\"https:\\\/\\\/www.italianacontenitori.com\\\/de\\\/prodotto\\\/roll-pl-25\\\/#primaryimage\"},\"image\":{\"@id\":\"https:\\\/\\\/www.italianacontenitori.com\\\/de\\\/prodotto\\\/roll-pl-25\\\/#primaryimage\"},\"thumbnailUrl\":\"https:\\\/\\\/www.italianacontenitori.com\\\/wp-content\\\/uploads\\\/2020\\\/12\\\/ROLL0020.png\",\"datePublished\":\"2020-12-15T10:39:07+00:00\",\"dateModified\":\"2026-04-10T14:36:24+00:00\",\"description\":\"Rollcontainer mit Kunststoffboden und verst\u00e4rkten Seiten f\u00fcr schwere Lasten. Leicht, wendig und langlebig, erh\u00e4ltlich mit 2, 3 und 4 Bordw\u00e4nden.\",\"breadcrumb\":{\"@id\":\"https:\\\/\\\/www.italianacontenitori.com\\\/de\\\/prodotto\\\/roll-pl-25\\\/#breadcrumb\"},\"inLanguage\":\"de\",\"potentialAction\":[{\"@type\":\"ReadAction\",\"target\":[\"https:\\\/\\\/www.italianacontenitori.com\\\/de\\\/prodotto\\\/roll-pl-25\\\/\"]}]},{\"@type\":\"ImageObject\",\"inLanguage\":\"de\",\"@id\":\"https:\\\/\\\/www.italianacontenitori.com\\\/de\\\/prodotto\\\/roll-pl-25\\\/#primaryimage\",\"url\":\"https:\\\/\\\/www.italianacontenitori.com\\\/wp-content\\\/uploads\\\/2020\\\/12\\\/ROLL0020.png\",\"contentUrl\":\"https:\\\/\\\/www.italianacontenitori.com\\\/wp-content\\\/uploads\\\/2020\\\/12\\\/ROLL0020.png\",\"width\":1024,\"height\":1024,\"caption\":\"Verst\u00e4rkter Rollbeh\u00e4lter mit Kunststoffboden. Modell ROLL0020\"},{\"@type\":\"BreadcrumbList\",\"@id\":\"https:\\\/\\\/www.italianacontenitori.com\\\/de\\\/prodotto\\\/roll-pl-25\\\/#breadcrumb\",\"itemListElement\":[{\"@type\":\"ListItem\",\"position\":1,\"name\":\"Home\",\"item\":\"https:\\\/\\\/www.italianacontenitori.com\\\/de\\\/metallgitterboxen\\\/\"},{\"@type\":\"ListItem\",\"position\":2,\"name\":\"Rollcontainer mit Kunststoffboden 72 x 81 &#8211; Verst\u00e4rkt\"}]},{\"@type\":\"WebSite\",\"@id\":\"https:\\\/\\\/www.italianacontenitori.com\\\/de\\\/#website\",\"url\":\"https:\\\/\\\/www.italianacontenitori.com\\\/de\\\/\",\"name\":\"italianacontenitori.com\",\"description\":\"Produzione di contenitori industriali e roll container\",\"publisher\":{\"@id\":\"https:\\\/\\\/www.italianacontenitori.com\\\/de\\\/#organization\"},\"potentialAction\":[{\"@type\":\"SearchAction\",\"target\":{\"@type\":\"EntryPoint\",\"urlTemplate\":\"https:\\\/\\\/www.italianacontenitori.com\\\/de\\\/?s={search_term_string}\"},\"query-input\":{\"@type\":\"PropertyValueSpecification\",\"valueRequired\":true,\"valueName\":\"search_term_string\"}}],\"inLanguage\":\"de\"},{\"@type\":\"Organization\",\"@id\":\"https:\\\/\\\/www.italianacontenitori.com\\\/de\\\/#organization\",\"name\":\"Italiana Contenitori s.r.l.\",\"alternateName\":\"IC\",\"url\":\"https:\\\/\\\/www.italianacontenitori.com\\\/de\\\/\",\"logo\":{\"@type\":\"ImageObject\",\"inLanguage\":\"de\",\"@id\":\"https:\\\/\\\/www.italianacontenitori.com\\\/de\\\/#\\\/schema\\\/logo\\\/image\\\/\",\"url\":\"https:\\\/\\\/www.italianacontenitori.com\\\/wp-content\\\/uploads\\\/2020\\\/11\\\/cropped-Logo-Italiana-Contenitori_favicon.jpg\",\"contentUrl\":\"https:\\\/\\\/www.italianacontenitori.com\\\/wp-content\\\/uploads\\\/2020\\\/11\\\/cropped-Logo-Italiana-Contenitori_favicon.jpg\",\"width\":512,\"height\":512,\"caption\":\"Italiana Contenitori s.r.l.\"},\"image\":{\"@id\":\"https:\\\/\\\/www.italianacontenitori.com\\\/de\\\/#\\\/schema\\\/logo\\\/image\\\/\"}}]}<\/script>\n<!-- \/ Yoast SEO plugin. -->","yoast_head_json":{"title":"italianacontenitori.com","description":"Rollcontainer mit Kunststoffboden und verst\u00e4rkten Seiten f\u00fcr schwere Lasten. Leicht, wendig und langlebig, erh\u00e4ltlich mit 2, 3 und 4 Bordw\u00e4nden.","robots":{"index":"index","follow":"follow","max-snippet":"max-snippet:-1","max-image-preview":"max-image-preview:large","max-video-preview":"max-video-preview:-1"},"canonical":"https:\/\/www.italianacontenitori.com\/de\/prodotto\/roll-pl-25\/","og_locale":"de_DE","og_type":"article","og_description":"Rollcontainer mit Kunststoffboden und verst\u00e4rkten Seiten f\u00fcr schwere Lasten. Leicht, wendig und langlebig, erh\u00e4ltlich mit 2, 3 und 4 Bordw\u00e4nden.","og_url":"https:\/\/www.italianacontenitori.com\/de\/prodotto\/roll-pl-25\/","og_site_name":"italianacontenitori.com","article_modified_time":"2026-04-10T14:36:24+00:00","og_image":[{"width":1024,"height":1024,"url":"https:\/\/www.italianacontenitori.com\/wp-content\/uploads\/2020\/12\/ROLL0020.png","type":"image\/png"}],"twitter_card":"summary_large_image","twitter_misc":{"Gesch\u00e4tzte Lesezeit":"1\u00a0Minute"},"schema":{"@context":"https:\/\/schema.org","@graph":[{"@type":"WebPage","@id":"https:\/\/www.italianacontenitori.com\/de\/prodotto\/roll-pl-25\/","url":"https:\/\/www.italianacontenitori.com\/de\/prodotto\/roll-pl-25\/","name":"","isPartOf":{"@id":"https:\/\/www.italianacontenitori.com\/de\/#website"},"primaryImageOfPage":{"@id":"https:\/\/www.italianacontenitori.com\/de\/prodotto\/roll-pl-25\/#primaryimage"},"image":{"@id":"https:\/\/www.italianacontenitori.com\/de\/prodotto\/roll-pl-25\/#primaryimage"},"thumbnailUrl":"https:\/\/www.italianacontenitori.com\/wp-content\/uploads\/2020\/12\/ROLL0020.png","datePublished":"2020-12-15T10:39:07+00:00","dateModified":"2026-04-10T14:36:24+00:00","description":"Rollcontainer mit Kunststoffboden und verst\u00e4rkten Seiten f\u00fcr schwere Lasten. Leicht, wendig und langlebig, erh\u00e4ltlich mit 2, 3 und 4 Bordw\u00e4nden.","breadcrumb":{"@id":"https:\/\/www.italianacontenitori.com\/de\/prodotto\/roll-pl-25\/#breadcrumb"},"inLanguage":"de","potentialAction":[{"@type":"ReadAction","target":["https:\/\/www.italianacontenitori.com\/de\/prodotto\/roll-pl-25\/"]}]},{"@type":"ImageObject","inLanguage":"de","@id":"https:\/\/www.italianacontenitori.com\/de\/prodotto\/roll-pl-25\/#primaryimage","url":"https:\/\/www.italianacontenitori.com\/wp-content\/uploads\/2020\/12\/ROLL0020.png","contentUrl":"https:\/\/www.italianacontenitori.com\/wp-content\/uploads\/2020\/12\/ROLL0020.png","width":1024,"height":1024,"caption":"Verst\u00e4rkter Rollbeh\u00e4lter mit Kunststoffboden. Modell ROLL0020"},{"@type":"BreadcrumbList","@id":"https:\/\/www.italianacontenitori.com\/de\/prodotto\/roll-pl-25\/#breadcrumb","itemListElement":[{"@type":"ListItem","position":1,"name":"Home","item":"https:\/\/www.italianacontenitori.com\/de\/metallgitterboxen\/"},{"@type":"ListItem","position":2,"name":"Rollcontainer mit Kunststoffboden 72 x 81 &#8211; Verst\u00e4rkt"}]},{"@type":"WebSite","@id":"https:\/\/www.italianacontenitori.com\/de\/#website","url":"https:\/\/www.italianacontenitori.com\/de\/","name":"italianacontenitori.com","description":"Produzione di contenitori industriali e roll container","publisher":{"@id":"https:\/\/www.italianacontenitori.com\/de\/#organization"},"potentialAction":[{"@type":"SearchAction","target":{"@type":"EntryPoint","urlTemplate":"https:\/\/www.italianacontenitori.com\/de\/?s={search_term_string}"},"query-input":{"@type":"PropertyValueSpecification","valueRequired":true,"valueName":"search_term_string"}}],"inLanguage":"de"},{"@type":"Organization","@id":"https:\/\/www.italianacontenitori.com\/de\/#organization","name":"Italiana Contenitori s.r.l.","alternateName":"IC","url":"https:\/\/www.italianacontenitori.com\/de\/","logo":{"@type":"ImageObject","inLanguage":"de","@id":"https:\/\/www.italianacontenitori.com\/de\/#\/schema\/logo\/image\/","url":"https:\/\/www.italianacontenitori.com\/wp-content\/uploads\/2020\/11\/cropped-Logo-Italiana-Contenitori_favicon.jpg","contentUrl":"https:\/\/www.italianacontenitori.com\/wp-content\/uploads\/2020\/11\/cropped-Logo-Italiana-Contenitori_favicon.jpg","width":512,"height":512,"caption":"Italiana Contenitori s.r.l."},"image":{"@id":"https:\/\/www.italianacontenitori.com\/de\/#\/schema\/logo\/image\/"}}]}},"_links":{"self":[{"href":"https:\/\/www.italianacontenitori.com\/de\/wp-json\/wp\/v2\/product\/241167","targetHints":{"allow":["GET"]}}],"collection":[{"href":"https:\/\/www.italianacontenitori.com\/de\/wp-json\/wp\/v2\/product"}],"about":[{"href":"https:\/\/www.italianacontenitori.com\/de\/wp-json\/wp\/v2\/types\/product"}],"replies":[{"embeddable":true,"href":"https:\/\/www.italianacontenitori.com\/de\/wp-json\/wp\/v2\/comments?post=241167"}],"wp:featuredmedia":[{"embeddable":true,"href":"https:\/\/www.italianacontenitori.com\/de\/wp-json\/wp\/v2\/media\/240160"}],"wp:attachment":[{"href":"https:\/\/www.italianacontenitori.com\/de\/wp-json\/wp\/v2\/media?parent=241167"}],"wp:term":[{"taxonomy":"product_brand","embeddable":true,"href":"https:\/\/www.italianacontenitori.com\/de\/wp-json\/wp\/v2\/product_brand?post=241167"},{"taxonomy":"product_cat","embeddable":true,"href":"https:\/\/www.italianacontenitori.com\/de\/wp-json\/wp\/v2\/product_cat?post=241167"},{"taxonomy":"product_tag","embeddable":true,"href":"https:\/\/www.italianacontenitori.com\/de\/wp-json\/wp\/v2\/product_tag?post=241167"}],"curies":[{"name":"wp","href":"https:\/\/api.w.org\/{rel}","templated":true}]}}