{"id":241195,"date":"2020-12-11T17:48:02","date_gmt":"2020-12-11T17:48:02","guid":{"rendered":"https:\/\/www.italianacontenitori.com\/product\/rollbehaelter-mit-kunststoffboden-rohr-o-2125-mm-roll-pl-21\/"},"modified":"2026-04-10T14:36:15","modified_gmt":"2026-04-10T14:36:15","slug":"roll-pl-21_72-x-81-t21","status":"publish","type":"product","link":"https:\/\/www.italianacontenitori.com\/de\/produkt\/roll-pl-21_72-x-81-t21\/","title":{"rendered":"Rollcontainer mit Kunststoffboden &#8211; 72 x 81 cm"},"content":{"rendered":"<p>Der <strong>Standard-Rollbeh\u00e4lter mit einem<\/strong> 72 x 81 cm gro\u00dfen <strong>Kunststoffboden<\/strong> ist f\u00fcr eine einfache und sichere Handhabung konzipiert und stellt eine leichte und vielseitige L\u00f6sung f\u00fcr die Lagerung und den Transport von Waren dar. <strong>Der mit Metallklingen verst\u00e4rkte Kunststoffboden verleiht dem Rollbeh\u00e4lter eine solide und dennoch leichte Struktur f\u00fcr den sicheren Transport voll beladener Waren.<\/strong> Leichtigkeit und St\u00e4rke machen diesen<strong> Rollbeh\u00e4lter mit Kunststoffboden<\/strong> ideal f\u00fcr Anwendungen, bei denen Waren h\u00e4ufig bewegt werden m\u00fcssen, wie z.B. in Lagerh\u00e4usern und Vertriebszentren.<\/p>\n<h2>Rollcontainer mit Kunststoffboden: Hauptmerkmale<\/h2>\n<ul>\n<li><strong>Au\u00dfenma\u00dfe:<\/strong> 720 x 810 mm<\/li>\n<li><strong>Inneres Fassungsverm\u00f6gen:<\/strong> 660 x 800 mm<\/li>\n<li><strong>Robuste Konstruktion:<\/strong> Seitenschienen aus \u00d821,25-mm-Rohren f\u00fcr mehr Stabilit\u00e4t<\/li>\n<li><strong>Verst\u00e4rkte Kunststoffbasis:<\/strong> robust und leicht, einfach zu man\u00f6vrieren und langlebig<\/li>\n<li><strong>Vielseitig einsetzbar:<\/strong> perfekt f\u00fcr den Einzelhandel, die Industrie, W\u00e4schereien, die Abfallwirtschaft, das Recycling, den Transport und die interne Handhabung.<\/li>\n<\/ul>\n<p>Der <strong>Standard-Rollcontainer mit Kunststoffboden<\/strong> kann auch mit n\u00fctzlichem Zubeh\u00f6r f\u00fcr Sicherheit und Komfort ausgestattet werden: elastische Gurte zur Sicherung der Ladung, Metallplatten auf jeder Seite zur Anbringung von Kennzeichnungsschildern und mehr. Dank seiner <strong>leichten und soliden Struktur<\/strong> erf\u00fcllt dieser Rollcontainer mit Kunststoffboden die Anforderungen verschiedener Sektoren und bietet eine praktische und dauerhafte Option f\u00fcr den Transport und die Lagerung von Waren. <\/p>\n","protected":false},"excerpt":{"rendered":"<p>Standard-Rollbeh\u00e4lter mit Kunststoffboden 720&#215;810 mm, leicht und stark dank des verst\u00e4rkten Bodens mit Metalllamellen. Er l\u00e4sst sich leicht man\u00f6vrieren und ist ideal f\u00fcr die Lagerung und den Umschlag von Waren im Einzelhandel, in der Logistik, in W\u00e4schereien und in der Industrie. Mit Zubeh\u00f6r anpassbar f\u00fcr einen noch sichereren und effizienteren Warenumschlag.  <\/p>\n","protected":false},"featured_media":240191,"comment_status":"open","ping_status":"closed","template":"","meta":{"_acf_changed":false,"_et_pb_use_builder":"","_et_pb_old_content":"","_et_gb_content_width":""},"product_brand":[],"product_cat":[1547],"product_tag":[2125,2156],"class_list":{"0":"post-241195","1":"product","2":"type-product","3":"status-publish","4":"has-post-thumbnail","6":"product_cat-roll-container-de","7":"product_tag-rollcontainer-standardabmessungen","8":"product_tag-rollenbasis-kunststoff","10":"first","11":"instock","12":"shipping-taxable","13":"purchasable","14":"product-type-variable","15":"has-default-attributes"},"acf":[],"yoast_head":"<!-- This site is optimized with the Yoast SEO plugin v27.3 - https:\/\/yoast.com\/product\/yoast-seo-wordpress\/ -->\n<title>Rollcontainer mit Kunststoffboden - 72 x 81 cm - italianacontenitori.com<\/title>\n<meta name=\"description\" content=\"Der Standard-Rollbeh\u00e4lter mit Kunststoffboden (mit Metallklingen verst\u00e4rkt) hat eine solide und dennoch leichte Konstruktion. Langlebig.\" \/>\n<meta name=\"robots\" content=\"index, follow, max-snippet:-1, max-image-preview:large, max-video-preview:-1\" \/>\n<link rel=\"canonical\" href=\"https:\/\/www.italianacontenitori.com\/de\/produkt\/roll-pl-21_72-x-81-t21\/\" \/>\n<meta property=\"og:locale\" content=\"de_DE\" \/>\n<meta property=\"og:type\" content=\"article\" \/>\n<meta property=\"og:title\" content=\"Rollcontainer mit Kunststoffboden - 72 x 81 cm - italianacontenitori.com\" \/>\n<meta property=\"og:description\" content=\"Der Standard-Rollbeh\u00e4lter mit Kunststoffboden (mit Metallklingen verst\u00e4rkt) hat eine solide und dennoch leichte Konstruktion. Langlebig.\" \/>\n<meta property=\"og:url\" content=\"https:\/\/www.italianacontenitori.com\/de\/produkt\/roll-pl-21_72-x-81-t21\/\" \/>\n<meta property=\"og:site_name\" content=\"italianacontenitori.com\" \/>\n<meta property=\"article:modified_time\" content=\"2026-04-10T14:36:15+00:00\" \/>\n<meta property=\"og:image\" content=\"https:\/\/www.italianacontenitori.com\/wp-content\/uploads\/2020\/12\/ROLL0035.png\" \/>\n\t<meta property=\"og:image:width\" content=\"1024\" \/>\n\t<meta property=\"og:image:height\" content=\"1024\" \/>\n\t<meta property=\"og:image:type\" content=\"image\/png\" \/>\n<meta name=\"twitter:card\" content=\"summary_large_image\" \/>\n<meta name=\"twitter:label1\" content=\"Gesch\u00e4tzte Lesezeit\" \/>\n\t<meta name=\"twitter:data1\" content=\"1\u00a0Minute\" \/>\n<script type=\"application\/ld+json\" class=\"yoast-schema-graph\">{\"@context\":\"https:\\\/\\\/schema.org\",\"@graph\":[{\"@type\":\"WebPage\",\"@id\":\"https:\\\/\\\/www.italianacontenitori.com\\\/de\\\/produkt\\\/roll-pl-21_72-x-81-t21\\\/\",\"url\":\"https:\\\/\\\/www.italianacontenitori.com\\\/de\\\/produkt\\\/roll-pl-21_72-x-81-t21\\\/\",\"name\":\"Rollcontainer mit Kunststoffboden - 72 x 81 cm - italianacontenitori.com\",\"isPartOf\":{\"@id\":\"https:\\\/\\\/www.italianacontenitori.com\\\/de\\\/#website\"},\"primaryImageOfPage\":{\"@id\":\"https:\\\/\\\/www.italianacontenitori.com\\\/de\\\/produkt\\\/roll-pl-21_72-x-81-t21\\\/#primaryimage\"},\"image\":{\"@id\":\"https:\\\/\\\/www.italianacontenitori.com\\\/de\\\/produkt\\\/roll-pl-21_72-x-81-t21\\\/#primaryimage\"},\"thumbnailUrl\":\"https:\\\/\\\/www.italianacontenitori.com\\\/wp-content\\\/uploads\\\/2020\\\/12\\\/ROLL0035.png\",\"datePublished\":\"2020-12-11T17:48:02+00:00\",\"dateModified\":\"2026-04-10T14:36:15+00:00\",\"description\":\"Der Standard-Rollbeh\u00e4lter mit Kunststoffboden (mit Metallklingen verst\u00e4rkt) hat eine solide und dennoch leichte Konstruktion. Langlebig.\",\"breadcrumb\":{\"@id\":\"https:\\\/\\\/www.italianacontenitori.com\\\/de\\\/produkt\\\/roll-pl-21_72-x-81-t21\\\/#breadcrumb\"},\"inLanguage\":\"de\",\"potentialAction\":[{\"@type\":\"ReadAction\",\"target\":[\"https:\\\/\\\/www.italianacontenitori.com\\\/de\\\/produkt\\\/roll-pl-21_72-x-81-t21\\\/\"]}]},{\"@type\":\"ImageObject\",\"inLanguage\":\"de\",\"@id\":\"https:\\\/\\\/www.italianacontenitori.com\\\/de\\\/produkt\\\/roll-pl-21_72-x-81-t21\\\/#primaryimage\",\"url\":\"https:\\\/\\\/www.italianacontenitori.com\\\/wp-content\\\/uploads\\\/2020\\\/12\\\/ROLL0035.png\",\"contentUrl\":\"https:\\\/\\\/www.italianacontenitori.com\\\/wp-content\\\/uploads\\\/2020\\\/12\\\/ROLL0035.png\",\"width\":1024,\"height\":1024,\"caption\":\"Standard-Rollbeh\u00e4lter mit Kunststoffboden. Modell ROLL0035\"},{\"@type\":\"BreadcrumbList\",\"@id\":\"https:\\\/\\\/www.italianacontenitori.com\\\/de\\\/produkt\\\/roll-pl-21_72-x-81-t21\\\/#breadcrumb\",\"itemListElement\":[{\"@type\":\"ListItem\",\"position\":1,\"name\":\"Home\",\"item\":\"https:\\\/\\\/www.italianacontenitori.com\\\/de\\\/metallgitterboxen\\\/\"},{\"@type\":\"ListItem\",\"position\":2,\"name\":\"Rollcontainer mit Kunststoffboden &#8211; 72 x 81 cm\"}]},{\"@type\":\"WebSite\",\"@id\":\"https:\\\/\\\/www.italianacontenitori.com\\\/de\\\/#website\",\"url\":\"https:\\\/\\\/www.italianacontenitori.com\\\/de\\\/\",\"name\":\"italianacontenitori.com\",\"description\":\"Produzione di contenitori industriali e roll container\",\"publisher\":{\"@id\":\"https:\\\/\\\/www.italianacontenitori.com\\\/de\\\/#organization\"},\"potentialAction\":[{\"@type\":\"SearchAction\",\"target\":{\"@type\":\"EntryPoint\",\"urlTemplate\":\"https:\\\/\\\/www.italianacontenitori.com\\\/de\\\/?s={search_term_string}\"},\"query-input\":{\"@type\":\"PropertyValueSpecification\",\"valueRequired\":true,\"valueName\":\"search_term_string\"}}],\"inLanguage\":\"de\"},{\"@type\":\"Organization\",\"@id\":\"https:\\\/\\\/www.italianacontenitori.com\\\/de\\\/#organization\",\"name\":\"Italiana Contenitori s.r.l.\",\"alternateName\":\"IC\",\"url\":\"https:\\\/\\\/www.italianacontenitori.com\\\/de\\\/\",\"logo\":{\"@type\":\"ImageObject\",\"inLanguage\":\"de\",\"@id\":\"https:\\\/\\\/www.italianacontenitori.com\\\/de\\\/#\\\/schema\\\/logo\\\/image\\\/\",\"url\":\"https:\\\/\\\/www.italianacontenitori.com\\\/wp-content\\\/uploads\\\/2020\\\/11\\\/cropped-Logo-Italiana-Contenitori_favicon.jpg\",\"contentUrl\":\"https:\\\/\\\/www.italianacontenitori.com\\\/wp-content\\\/uploads\\\/2020\\\/11\\\/cropped-Logo-Italiana-Contenitori_favicon.jpg\",\"width\":512,\"height\":512,\"caption\":\"Italiana Contenitori s.r.l.\"},\"image\":{\"@id\":\"https:\\\/\\\/www.italianacontenitori.com\\\/de\\\/#\\\/schema\\\/logo\\\/image\\\/\"}}]}<\/script>\n<!-- \/ Yoast SEO plugin. -->","yoast_head_json":{"title":"Rollcontainer mit Kunststoffboden - 72 x 81 cm - italianacontenitori.com","description":"Der Standard-Rollbeh\u00e4lter mit Kunststoffboden (mit Metallklingen verst\u00e4rkt) hat eine solide und dennoch leichte Konstruktion. Langlebig.","robots":{"index":"index","follow":"follow","max-snippet":"max-snippet:-1","max-image-preview":"max-image-preview:large","max-video-preview":"max-video-preview:-1"},"canonical":"https:\/\/www.italianacontenitori.com\/de\/produkt\/roll-pl-21_72-x-81-t21\/","og_locale":"de_DE","og_type":"article","og_title":"Rollcontainer mit Kunststoffboden - 72 x 81 cm - italianacontenitori.com","og_description":"Der Standard-Rollbeh\u00e4lter mit Kunststoffboden (mit Metallklingen verst\u00e4rkt) hat eine solide und dennoch leichte Konstruktion. Langlebig.","og_url":"https:\/\/www.italianacontenitori.com\/de\/produkt\/roll-pl-21_72-x-81-t21\/","og_site_name":"italianacontenitori.com","article_modified_time":"2026-04-10T14:36:15+00:00","og_image":[{"width":1024,"height":1024,"url":"https:\/\/www.italianacontenitori.com\/wp-content\/uploads\/2020\/12\/ROLL0035.png","type":"image\/png"}],"twitter_card":"summary_large_image","twitter_misc":{"Gesch\u00e4tzte Lesezeit":"1\u00a0Minute"},"schema":{"@context":"https:\/\/schema.org","@graph":[{"@type":"WebPage","@id":"https:\/\/www.italianacontenitori.com\/de\/produkt\/roll-pl-21_72-x-81-t21\/","url":"https:\/\/www.italianacontenitori.com\/de\/produkt\/roll-pl-21_72-x-81-t21\/","name":"Rollcontainer mit Kunststoffboden - 72 x 81 cm - italianacontenitori.com","isPartOf":{"@id":"https:\/\/www.italianacontenitori.com\/de\/#website"},"primaryImageOfPage":{"@id":"https:\/\/www.italianacontenitori.com\/de\/produkt\/roll-pl-21_72-x-81-t21\/#primaryimage"},"image":{"@id":"https:\/\/www.italianacontenitori.com\/de\/produkt\/roll-pl-21_72-x-81-t21\/#primaryimage"},"thumbnailUrl":"https:\/\/www.italianacontenitori.com\/wp-content\/uploads\/2020\/12\/ROLL0035.png","datePublished":"2020-12-11T17:48:02+00:00","dateModified":"2026-04-10T14:36:15+00:00","description":"Der Standard-Rollbeh\u00e4lter mit Kunststoffboden (mit Metallklingen verst\u00e4rkt) hat eine solide und dennoch leichte Konstruktion. Langlebig.","breadcrumb":{"@id":"https:\/\/www.italianacontenitori.com\/de\/produkt\/roll-pl-21_72-x-81-t21\/#breadcrumb"},"inLanguage":"de","potentialAction":[{"@type":"ReadAction","target":["https:\/\/www.italianacontenitori.com\/de\/produkt\/roll-pl-21_72-x-81-t21\/"]}]},{"@type":"ImageObject","inLanguage":"de","@id":"https:\/\/www.italianacontenitori.com\/de\/produkt\/roll-pl-21_72-x-81-t21\/#primaryimage","url":"https:\/\/www.italianacontenitori.com\/wp-content\/uploads\/2020\/12\/ROLL0035.png","contentUrl":"https:\/\/www.italianacontenitori.com\/wp-content\/uploads\/2020\/12\/ROLL0035.png","width":1024,"height":1024,"caption":"Standard-Rollbeh\u00e4lter mit Kunststoffboden. Modell ROLL0035"},{"@type":"BreadcrumbList","@id":"https:\/\/www.italianacontenitori.com\/de\/produkt\/roll-pl-21_72-x-81-t21\/#breadcrumb","itemListElement":[{"@type":"ListItem","position":1,"name":"Home","item":"https:\/\/www.italianacontenitori.com\/de\/metallgitterboxen\/"},{"@type":"ListItem","position":2,"name":"Rollcontainer mit Kunststoffboden &#8211; 72 x 81 cm"}]},{"@type":"WebSite","@id":"https:\/\/www.italianacontenitori.com\/de\/#website","url":"https:\/\/www.italianacontenitori.com\/de\/","name":"italianacontenitori.com","description":"Produzione di contenitori industriali e roll container","publisher":{"@id":"https:\/\/www.italianacontenitori.com\/de\/#organization"},"potentialAction":[{"@type":"SearchAction","target":{"@type":"EntryPoint","urlTemplate":"https:\/\/www.italianacontenitori.com\/de\/?s={search_term_string}"},"query-input":{"@type":"PropertyValueSpecification","valueRequired":true,"valueName":"search_term_string"}}],"inLanguage":"de"},{"@type":"Organization","@id":"https:\/\/www.italianacontenitori.com\/de\/#organization","name":"Italiana Contenitori s.r.l.","alternateName":"IC","url":"https:\/\/www.italianacontenitori.com\/de\/","logo":{"@type":"ImageObject","inLanguage":"de","@id":"https:\/\/www.italianacontenitori.com\/de\/#\/schema\/logo\/image\/","url":"https:\/\/www.italianacontenitori.com\/wp-content\/uploads\/2020\/11\/cropped-Logo-Italiana-Contenitori_favicon.jpg","contentUrl":"https:\/\/www.italianacontenitori.com\/wp-content\/uploads\/2020\/11\/cropped-Logo-Italiana-Contenitori_favicon.jpg","width":512,"height":512,"caption":"Italiana Contenitori s.r.l."},"image":{"@id":"https:\/\/www.italianacontenitori.com\/de\/#\/schema\/logo\/image\/"}}]}},"_links":{"self":[{"href":"https:\/\/www.italianacontenitori.com\/de\/wp-json\/wp\/v2\/product\/241195","targetHints":{"allow":["GET"]}}],"collection":[{"href":"https:\/\/www.italianacontenitori.com\/de\/wp-json\/wp\/v2\/product"}],"about":[{"href":"https:\/\/www.italianacontenitori.com\/de\/wp-json\/wp\/v2\/types\/product"}],"replies":[{"embeddable":true,"href":"https:\/\/www.italianacontenitori.com\/de\/wp-json\/wp\/v2\/comments?post=241195"}],"wp:featuredmedia":[{"embeddable":true,"href":"https:\/\/www.italianacontenitori.com\/de\/wp-json\/wp\/v2\/media\/240191"}],"wp:attachment":[{"href":"https:\/\/www.italianacontenitori.com\/de\/wp-json\/wp\/v2\/media?parent=241195"}],"wp:term":[{"taxonomy":"product_brand","embeddable":true,"href":"https:\/\/www.italianacontenitori.com\/de\/wp-json\/wp\/v2\/product_brand?post=241195"},{"taxonomy":"product_cat","embeddable":true,"href":"https:\/\/www.italianacontenitori.com\/de\/wp-json\/wp\/v2\/product_cat?post=241195"},{"taxonomy":"product_tag","embeddable":true,"href":"https:\/\/www.italianacontenitori.com\/de\/wp-json\/wp\/v2\/product_tag?post=241195"}],"curies":[{"name":"wp","href":"https:\/\/api.w.org\/{rel}","templated":true}]}}