{"id":241210,"date":"2020-12-15T13:31:49","date_gmt":"2020-12-15T13:31:49","guid":{"rendered":"https:\/\/www.italianacontenitori.com\/product\/roll-picking-137-x-67-cm\/"},"modified":"2026-04-10T14:36:35","modified_gmt":"2026-04-10T14:36:35","slug":"roll-picking-griffe","status":"publish","type":"product","link":"https:\/\/www.italianacontenitori.com\/de\/prodotto\/roll-picking-griffe\/","title":{"rendered":"Rollcontainer f\u00fcr die Kommissionierung 137 x 67 cm"},"content":{"rendered":"<p>Der <strong>Picking Roll<\/strong> Container <strong>mit den Ma\u00dfen 137 x 67 cm<\/strong> von Italiana Contenitori wurde entwickelt, um Kommissioniervorg\u00e4nge und die Handhabung von 600 x 400 mm gro\u00dfen Kunststoffbeh\u00e4ltern zu optimieren. Dieser Industriewagen kann <strong>mit zwei praktischen Griffen ausgestattet<\/strong> werden, die dem Bediener einen sicheren Halt f\u00fcr eine funktionelle, praktische und effiziente Handhabung bieten.<\/p>\n<h2>Hauptmerkmale der Rollenkommissionierung<\/h2>\n<ul>\n<li><strong>Au\u00dfenma\u00dfe<\/strong>: 129* x 67 x 183 cm. (*Breite: +8 cm Schiebegriffe)<\/li>\n<li><strong>Fassungsverm\u00f6gen innen<\/strong>: 123 x 61 x 164 cm<\/li>\n<li><strong>Anzahl der Seitengitter<\/strong>: 2. Hintere Seitengitterverst\u00e4rkung ohne Netz, optional. <\/li>\n<li><strong>Maschenweite<\/strong>: 50 x 50 mm<\/li>\n<li><strong>Gewicht<\/strong>: 59 kg<\/li>\n<li><strong>Verzinkung<\/strong>: elektrolytisch wei\u00df (hochfestes Cr3 auf Anfrage)<\/li>\n<li><strong>Tragf\u00e4higkeit<\/strong>: 400 kg<\/li>\n<li><strong>R\u00e4der<\/strong>: 125 mm Durchmesser, 4 schwenkbare, ger\u00e4uscharme <strong>Gummir\u00e4der<\/strong><\/li>\n<\/ul>\n<h2>St\u00e4rken der Rollenkommissionierung<br \/>\n<span style=\"font-size: 17px; font-style: italic;\">Der Wagen f\u00fcr die Produktkommissionierung und Auftragsvorbereitung<\/span><\/h2>\n<p>Diese  Der <strong>Rollcontainer f\u00fcr die Kommissionierung<\/strong> ist eine ideale L\u00f6sung f\u00fcr die Optimierung des Logistikmanagements in verschiedenen Bereichen, d.h. von der <strong>organisierten Gro\u00dfverteilung (GDO)<\/strong> bis zu den <strong>Verkaufsstellen<\/strong>, von der<strong>Industrie<\/strong> bis zum <strong>internen Warenumschlag<\/strong>. Seine Struktur ist so konzipiert, dass sie <strong>Zweckm\u00e4\u00dfigkeit und Effizienz<\/strong> miteinander verbindet, die Kommissionierung und den Transport vereinfacht und gleichzeitig dank ihrer robusten und vielseitigen Konstruktion <strong>Sicherheit und Funktionalit\u00e4t<\/strong> gew\u00e4hrleistet. <\/p>\n<p><strong>Ausgestattet mit drei Regalb\u00f6den mit<\/strong> beidseitig <strong>25 mm starken Lastsicherungskanten<\/strong>, erleichtert er die Organisation und den Zugriff auf die Produkte und sorgt so f\u00fcr eine reibungslose Handhabung des Lagers, insbesondere in dynamischen Umgebungen wie Distributionszentren oder Nachschubabteilungen von Gesch\u00e4ften.<\/p>\n<p>Kommissionierwagen k\u00f6nnen mit Bock- und Lenkrollen ausgestattet werden, mit und ohne Bremsen (in der Regel zwei Bockrollen zur Beibehaltung der Fahrbahn und zwei Lenkrollen mit Bremsen). Sie k\u00f6nnen auch mit zahlreichem Zubeh\u00f6r wie Kennzeichnungsschildern, Metallordnern usw. ausgestattet werden. <\/p>\n","protected":false},"excerpt":{"rendered":"<p>Rollbeh\u00e4lter ideal f\u00fcr Kommissionierung und f\u00fcr die Handhabung von Kunststoffboxen 600 x 400 mm. Die R\u00fcckwand kann mit oder ohne 50 x 50 mm Netz geliefert werden.  Aufgrund der praktischen Griffe wird w\u00e4hrend der Handhabung immer ein fester Halt gew\u00e4hrleistet. Enth\u00e4lt drei Zwischenb\u00f6den mit beidseitig 25 mm hohem Rand.<\/p>\n","protected":false},"featured_media":240103,"comment_status":"open","ping_status":"closed","template":"","meta":{"_acf_changed":false,"_et_pb_use_builder":"","_et_pb_old_content":"","_et_gb_content_width":""},"product_brand":[],"product_cat":[1547],"product_tag":[2118],"class_list":{"0":"post-241210","1":"product","2":"type-product","3":"status-publish","4":"has-post-thumbnail","6":"product_cat-roll-container-de","7":"product_tag-rollcontainer-maxi-abmessungen","8":"pa_numero-di-sponde-2-de","9":"pa_numero-di-sponde-3-de","11":"first","12":"instock","13":"shipping-taxable","14":"purchasable","15":"product-type-variable","16":"has-default-attributes"},"acf":[],"yoast_head":"<!-- This site is optimized with the Yoast SEO plugin v27.3 - https:\/\/yoast.com\/product\/yoast-seo-wordpress\/ -->\n<title>Rollcontainer f\u00fcr die Kommissionierung 137 x 67 cm - italianacontenitori.com<\/title>\n<meta name=\"description\" content=\"Rollbeh\u00e4lter f\u00fcr die Kommissionierung mit Griffen, ideal f\u00fcr die Kommissionierung im Einzelhandel, in Gesch\u00e4ften, in der Industrie und f\u00fcr die interne Handhabung.\" \/>\n<meta name=\"robots\" content=\"index, follow, max-snippet:-1, max-image-preview:large, max-video-preview:-1\" \/>\n<link rel=\"canonical\" href=\"https:\/\/www.italianacontenitori.com\/de\/prodotto\/roll-picking-griffe\/\" \/>\n<meta property=\"og:locale\" content=\"de_DE\" \/>\n<meta property=\"og:type\" content=\"article\" \/>\n<meta property=\"og:title\" content=\"Rollcontainer f\u00fcr die Kommissionierung 137 x 67 cm - italianacontenitori.com\" \/>\n<meta property=\"og:description\" content=\"Rollbeh\u00e4lter f\u00fcr die Kommissionierung mit Griffen, ideal f\u00fcr die Kommissionierung im Einzelhandel, in Gesch\u00e4ften, in der Industrie und f\u00fcr die interne Handhabung.\" \/>\n<meta property=\"og:url\" content=\"https:\/\/www.italianacontenitori.com\/de\/prodotto\/roll-picking-griffe\/\" \/>\n<meta property=\"og:site_name\" content=\"italianacontenitori.com\" \/>\n<meta property=\"article:modified_time\" content=\"2026-04-10T14:36:35+00:00\" \/>\n<meta property=\"og:image\" content=\"https:\/\/www.italianacontenitori.com\/wp-content\/uploads\/2020\/12\/ROLS-1270.png\" \/>\n\t<meta property=\"og:image:width\" content=\"1024\" \/>\n\t<meta property=\"og:image:height\" content=\"1024\" \/>\n\t<meta property=\"og:image:type\" content=\"image\/png\" \/>\n<meta name=\"twitter:card\" content=\"summary_large_image\" \/>\n<meta name=\"twitter:label1\" content=\"Gesch\u00e4tzte Lesezeit\" \/>\n\t<meta name=\"twitter:data1\" content=\"1\u00a0Minute\" \/>\n<script type=\"application\/ld+json\" class=\"yoast-schema-graph\">{\"@context\":\"https:\\\/\\\/schema.org\",\"@graph\":[{\"@type\":\"WebPage\",\"@id\":\"https:\\\/\\\/www.italianacontenitori.com\\\/de\\\/prodotto\\\/roll-picking-griffe\\\/\",\"url\":\"https:\\\/\\\/www.italianacontenitori.com\\\/de\\\/prodotto\\\/roll-picking-griffe\\\/\",\"name\":\"Rollcontainer f\u00fcr die Kommissionierung 137 x 67 cm - italianacontenitori.com\",\"isPartOf\":{\"@id\":\"https:\\\/\\\/www.italianacontenitori.com\\\/de\\\/#website\"},\"primaryImageOfPage\":{\"@id\":\"https:\\\/\\\/www.italianacontenitori.com\\\/de\\\/prodotto\\\/roll-picking-griffe\\\/#primaryimage\"},\"image\":{\"@id\":\"https:\\\/\\\/www.italianacontenitori.com\\\/de\\\/prodotto\\\/roll-picking-griffe\\\/#primaryimage\"},\"thumbnailUrl\":\"https:\\\/\\\/www.italianacontenitori.com\\\/wp-content\\\/uploads\\\/2020\\\/12\\\/ROLS-1270.png\",\"datePublished\":\"2020-12-15T13:31:49+00:00\",\"dateModified\":\"2026-04-10T14:36:35+00:00\",\"description\":\"Rollbeh\u00e4lter f\u00fcr die Kommissionierung mit Griffen, ideal f\u00fcr die Kommissionierung im Einzelhandel, in Gesch\u00e4ften, in der Industrie und f\u00fcr die interne Handhabung.\",\"breadcrumb\":{\"@id\":\"https:\\\/\\\/www.italianacontenitori.com\\\/de\\\/prodotto\\\/roll-picking-griffe\\\/#breadcrumb\"},\"inLanguage\":\"de\",\"potentialAction\":[{\"@type\":\"ReadAction\",\"target\":[\"https:\\\/\\\/www.italianacontenitori.com\\\/de\\\/prodotto\\\/roll-picking-griffe\\\/\"]}]},{\"@type\":\"ImageObject\",\"inLanguage\":\"de\",\"@id\":\"https:\\\/\\\/www.italianacontenitori.com\\\/de\\\/prodotto\\\/roll-picking-griffe\\\/#primaryimage\",\"url\":\"https:\\\/\\\/www.italianacontenitori.com\\\/wp-content\\\/uploads\\\/2020\\\/12\\\/ROLS-1270.png\",\"contentUrl\":\"https:\\\/\\\/www.italianacontenitori.com\\\/wp-content\\\/uploads\\\/2020\\\/12\\\/ROLS-1270.png\",\"width\":1024,\"height\":1024,\"caption\":\"Rollcontainer f\u00fcr die Kommissionierung\"},{\"@type\":\"BreadcrumbList\",\"@id\":\"https:\\\/\\\/www.italianacontenitori.com\\\/de\\\/prodotto\\\/roll-picking-griffe\\\/#breadcrumb\",\"itemListElement\":[{\"@type\":\"ListItem\",\"position\":1,\"name\":\"Home\",\"item\":\"https:\\\/\\\/www.italianacontenitori.com\\\/de\\\/metallgitterboxen\\\/\"},{\"@type\":\"ListItem\",\"position\":2,\"name\":\"Rollcontainer f\u00fcr die Kommissionierung 137 x 67 cm\"}]},{\"@type\":\"WebSite\",\"@id\":\"https:\\\/\\\/www.italianacontenitori.com\\\/de\\\/#website\",\"url\":\"https:\\\/\\\/www.italianacontenitori.com\\\/de\\\/\",\"name\":\"italianacontenitori.com\",\"description\":\"Produzione di contenitori industriali e roll container\",\"publisher\":{\"@id\":\"https:\\\/\\\/www.italianacontenitori.com\\\/de\\\/#organization\"},\"potentialAction\":[{\"@type\":\"SearchAction\",\"target\":{\"@type\":\"EntryPoint\",\"urlTemplate\":\"https:\\\/\\\/www.italianacontenitori.com\\\/de\\\/?s={search_term_string}\"},\"query-input\":{\"@type\":\"PropertyValueSpecification\",\"valueRequired\":true,\"valueName\":\"search_term_string\"}}],\"inLanguage\":\"de\"},{\"@type\":\"Organization\",\"@id\":\"https:\\\/\\\/www.italianacontenitori.com\\\/de\\\/#organization\",\"name\":\"Italiana Contenitori s.r.l.\",\"alternateName\":\"IC\",\"url\":\"https:\\\/\\\/www.italianacontenitori.com\\\/de\\\/\",\"logo\":{\"@type\":\"ImageObject\",\"inLanguage\":\"de\",\"@id\":\"https:\\\/\\\/www.italianacontenitori.com\\\/de\\\/#\\\/schema\\\/logo\\\/image\\\/\",\"url\":\"https:\\\/\\\/www.italianacontenitori.com\\\/wp-content\\\/uploads\\\/2020\\\/11\\\/cropped-Logo-Italiana-Contenitori_favicon.jpg\",\"contentUrl\":\"https:\\\/\\\/www.italianacontenitori.com\\\/wp-content\\\/uploads\\\/2020\\\/11\\\/cropped-Logo-Italiana-Contenitori_favicon.jpg\",\"width\":512,\"height\":512,\"caption\":\"Italiana Contenitori s.r.l.\"},\"image\":{\"@id\":\"https:\\\/\\\/www.italianacontenitori.com\\\/de\\\/#\\\/schema\\\/logo\\\/image\\\/\"}}]}<\/script>\n<!-- \/ Yoast SEO plugin. -->","yoast_head_json":{"title":"Rollcontainer f\u00fcr die Kommissionierung 137 x 67 cm - italianacontenitori.com","description":"Rollbeh\u00e4lter f\u00fcr die Kommissionierung mit Griffen, ideal f\u00fcr die Kommissionierung im Einzelhandel, in Gesch\u00e4ften, in der Industrie und f\u00fcr die interne Handhabung.","robots":{"index":"index","follow":"follow","max-snippet":"max-snippet:-1","max-image-preview":"max-image-preview:large","max-video-preview":"max-video-preview:-1"},"canonical":"https:\/\/www.italianacontenitori.com\/de\/prodotto\/roll-picking-griffe\/","og_locale":"de_DE","og_type":"article","og_title":"Rollcontainer f\u00fcr die Kommissionierung 137 x 67 cm - italianacontenitori.com","og_description":"Rollbeh\u00e4lter f\u00fcr die Kommissionierung mit Griffen, ideal f\u00fcr die Kommissionierung im Einzelhandel, in Gesch\u00e4ften, in der Industrie und f\u00fcr die interne Handhabung.","og_url":"https:\/\/www.italianacontenitori.com\/de\/prodotto\/roll-picking-griffe\/","og_site_name":"italianacontenitori.com","article_modified_time":"2026-04-10T14:36:35+00:00","og_image":[{"width":1024,"height":1024,"url":"https:\/\/www.italianacontenitori.com\/wp-content\/uploads\/2020\/12\/ROLS-1270.png","type":"image\/png"}],"twitter_card":"summary_large_image","twitter_misc":{"Gesch\u00e4tzte Lesezeit":"1\u00a0Minute"},"schema":{"@context":"https:\/\/schema.org","@graph":[{"@type":"WebPage","@id":"https:\/\/www.italianacontenitori.com\/de\/prodotto\/roll-picking-griffe\/","url":"https:\/\/www.italianacontenitori.com\/de\/prodotto\/roll-picking-griffe\/","name":"Rollcontainer f\u00fcr die Kommissionierung 137 x 67 cm - italianacontenitori.com","isPartOf":{"@id":"https:\/\/www.italianacontenitori.com\/de\/#website"},"primaryImageOfPage":{"@id":"https:\/\/www.italianacontenitori.com\/de\/prodotto\/roll-picking-griffe\/#primaryimage"},"image":{"@id":"https:\/\/www.italianacontenitori.com\/de\/prodotto\/roll-picking-griffe\/#primaryimage"},"thumbnailUrl":"https:\/\/www.italianacontenitori.com\/wp-content\/uploads\/2020\/12\/ROLS-1270.png","datePublished":"2020-12-15T13:31:49+00:00","dateModified":"2026-04-10T14:36:35+00:00","description":"Rollbeh\u00e4lter f\u00fcr die Kommissionierung mit Griffen, ideal f\u00fcr die Kommissionierung im Einzelhandel, in Gesch\u00e4ften, in der Industrie und f\u00fcr die interne Handhabung.","breadcrumb":{"@id":"https:\/\/www.italianacontenitori.com\/de\/prodotto\/roll-picking-griffe\/#breadcrumb"},"inLanguage":"de","potentialAction":[{"@type":"ReadAction","target":["https:\/\/www.italianacontenitori.com\/de\/prodotto\/roll-picking-griffe\/"]}]},{"@type":"ImageObject","inLanguage":"de","@id":"https:\/\/www.italianacontenitori.com\/de\/prodotto\/roll-picking-griffe\/#primaryimage","url":"https:\/\/www.italianacontenitori.com\/wp-content\/uploads\/2020\/12\/ROLS-1270.png","contentUrl":"https:\/\/www.italianacontenitori.com\/wp-content\/uploads\/2020\/12\/ROLS-1270.png","width":1024,"height":1024,"caption":"Rollcontainer f\u00fcr die Kommissionierung"},{"@type":"BreadcrumbList","@id":"https:\/\/www.italianacontenitori.com\/de\/prodotto\/roll-picking-griffe\/#breadcrumb","itemListElement":[{"@type":"ListItem","position":1,"name":"Home","item":"https:\/\/www.italianacontenitori.com\/de\/metallgitterboxen\/"},{"@type":"ListItem","position":2,"name":"Rollcontainer f\u00fcr die Kommissionierung 137 x 67 cm"}]},{"@type":"WebSite","@id":"https:\/\/www.italianacontenitori.com\/de\/#website","url":"https:\/\/www.italianacontenitori.com\/de\/","name":"italianacontenitori.com","description":"Produzione di contenitori industriali e roll container","publisher":{"@id":"https:\/\/www.italianacontenitori.com\/de\/#organization"},"potentialAction":[{"@type":"SearchAction","target":{"@type":"EntryPoint","urlTemplate":"https:\/\/www.italianacontenitori.com\/de\/?s={search_term_string}"},"query-input":{"@type":"PropertyValueSpecification","valueRequired":true,"valueName":"search_term_string"}}],"inLanguage":"de"},{"@type":"Organization","@id":"https:\/\/www.italianacontenitori.com\/de\/#organization","name":"Italiana Contenitori s.r.l.","alternateName":"IC","url":"https:\/\/www.italianacontenitori.com\/de\/","logo":{"@type":"ImageObject","inLanguage":"de","@id":"https:\/\/www.italianacontenitori.com\/de\/#\/schema\/logo\/image\/","url":"https:\/\/www.italianacontenitori.com\/wp-content\/uploads\/2020\/11\/cropped-Logo-Italiana-Contenitori_favicon.jpg","contentUrl":"https:\/\/www.italianacontenitori.com\/wp-content\/uploads\/2020\/11\/cropped-Logo-Italiana-Contenitori_favicon.jpg","width":512,"height":512,"caption":"Italiana Contenitori s.r.l."},"image":{"@id":"https:\/\/www.italianacontenitori.com\/de\/#\/schema\/logo\/image\/"}}]}},"_links":{"self":[{"href":"https:\/\/www.italianacontenitori.com\/de\/wp-json\/wp\/v2\/product\/241210","targetHints":{"allow":["GET"]}}],"collection":[{"href":"https:\/\/www.italianacontenitori.com\/de\/wp-json\/wp\/v2\/product"}],"about":[{"href":"https:\/\/www.italianacontenitori.com\/de\/wp-json\/wp\/v2\/types\/product"}],"replies":[{"embeddable":true,"href":"https:\/\/www.italianacontenitori.com\/de\/wp-json\/wp\/v2\/comments?post=241210"}],"wp:featuredmedia":[{"embeddable":true,"href":"https:\/\/www.italianacontenitori.com\/de\/wp-json\/wp\/v2\/media\/240103"}],"wp:attachment":[{"href":"https:\/\/www.italianacontenitori.com\/de\/wp-json\/wp\/v2\/media?parent=241210"}],"wp:term":[{"taxonomy":"product_brand","embeddable":true,"href":"https:\/\/www.italianacontenitori.com\/de\/wp-json\/wp\/v2\/product_brand?post=241210"},{"taxonomy":"product_cat","embeddable":true,"href":"https:\/\/www.italianacontenitori.com\/de\/wp-json\/wp\/v2\/product_cat?post=241210"},{"taxonomy":"product_tag","embeddable":true,"href":"https:\/\/www.italianacontenitori.com\/de\/wp-json\/wp\/v2\/product_tag?post=241210"}],"curies":[{"name":"wp","href":"https:\/\/api.w.org\/{rel}","templated":true}]}}