{"id":241229,"date":"2020-12-11T16:45:15","date_gmt":"2020-12-11T16:45:15","guid":{"rendered":"https:\/\/www.italianacontenitori.com\/product\/sicherheits-rollbehaelter-120-x-80-cm\/"},"modified":"2026-04-10T14:36:08","modified_gmt":"2026-04-10T14:36:08","slug":"roll-120-x-80-cm-sicherheit","status":"publish","type":"product","link":"https:\/\/www.italianacontenitori.com\/de\/prodotto\/roll-120-x-80-cm-sicherheit\/","title":{"rendered":"MAXI Sicherheitsrollbeh\u00e4lter &#8211; 120 x 80 cm"},"content":{"rendered":"<p>Der <strong>Sicherheitsrollcontainer<\/strong> 120 x 80 cm ist die ideale L\u00f6sung f\u00fcr <strong>maximalen Schutz beim Transport und bei der Lagerung<\/strong> wertvoller Produkte. Das dichte Drahtgeflecht mit einer <strong>Maschenweite von 50 x 50 mm<\/strong> und die f\u00fcr ein Vorh\u00e4ngeschloss vorbereiteten Frontt\u00fcren verhindern den unbefugten Zugriff, Diebstahl oder das Fallenlassen von Waren. Dieser <strong>robuste Rollcontainer<\/strong> ist in hohem Ma\u00dfe anpassbar (H\u00f6he, R\u00e4der, Ladekapazit\u00e4t, Zubeh\u00f6r) und dank der M\u00f6glichkeit, zahlreiche Einlegeb\u00f6den (bis zu einem alle 5 cm) hinzuzuf\u00fcgen, kann der gesamte Innenraum f\u00fcr das Laden kleiner und wertvoller Gegenst\u00e4nde genutzt werden. Die R\u00e4der, die in verschiedenen Varianten erh\u00e4ltlich sind, sorgen f\u00fcr eine reibungslose Handhabung in allen Situationen. <strong>Sicherheitsrollbeh\u00e4lter<\/strong> werden aufgrund ihrer Vielseitigkeit und ihrer F\u00e4higkeit, wertvolle G\u00fcter w\u00e4hrend der Handhabung und Lagerung zu sch\u00fctzen, in verschiedenen Bereichen eingesetzt. Zu den wichtigsten Bereichen, in denen sie eingesetzt werden, geh\u00f6ren:     <\/p>\n<ol>\n<li><strong>Einzelhandel und gro\u00dffl\u00e4chiger Einzelhandel.<\/strong>  Sicherheitsrollen werden zum Schutz empfindlicher oder wertvoller Produkte verwendet, insbesondere bei der internen Verteilung und Lagerung in Lagerh\u00e4usern, um Diebstahl und unbefugten Zugriff zu verhindern.<\/li>\n<li><strong>Logistik und Transport.<\/strong>  Beim Umschlag von wertvollen G\u00fctern sch\u00fctzen Sicherheitsrollbeh\u00e4lter die Ladung sowohl vor Trauma und k\u00f6rperlicher Belastung als auch vor Diebstahlversuchen.<\/li>\n<li><strong>Apotheken, Krankenh\u00e4user und Wohneinrichtungen.<\/strong>  Wird in Krankenh\u00e4usern und Gesundheitszentren zum Transport und zur Aufbewahrung von Medikamenten, medizinischer Ausr\u00fcstung oder anderen wichtigen Materialien verwendet, um die Gegenst\u00e4nde vor Diebstahl oder Besch\u00e4digung zu sch\u00fctzen.<\/li>\n<li><strong>Industrie<\/strong>: Geeignet f\u00fcr den Einsatz in Industrieumgebungen, in denen wertvolle oder gef\u00e4hrliche Materialien transportiert werden m\u00fcssen, damit sie w\u00e4hrend der Handhabung gut gesch\u00fctzt sind.<\/li>\n<\/ol>\n<p>Generell sind Sicherheitsrollbeh\u00e4lter eine ideale L\u00f6sung f\u00fcr alle Bereiche, in denen der Schutz und die Unversehrtheit von Waren w\u00e4hrend des Transports und der Lagerung gew\u00e4hrleistet werden muss.<\/p>\n","protected":false},"excerpt":{"rendered":"<p>Der <strong>Sicherheitsrollcontainer<\/strong> 120 x 80 cm ist die ideale L\u00f6sung f\u00fcr <strong>maximalen Schutz beim Transport und bei der Lagerung<\/strong> wertvoller Produkte. Das dichte Drahtgeflecht mit <strong>50 x 50 mm Maschenweite<\/strong> und die f\u00fcr ein Vorh\u00e4ngeschloss vorbereiteten Frontt\u00fcren verhindern den unbefugten Zugriff, Diebstahl oder das Fallenlassen von Waren. <\/p>\n","protected":false},"featured_media":240227,"comment_status":"open","ping_status":"closed","template":"","meta":{"_acf_changed":false,"_et_pb_use_builder":"","_et_pb_old_content":"","_et_gb_content_width":""},"product_brand":[],"product_cat":[1547,2065],"product_tag":[2118,2124],"class_list":{"0":"post-241229","1":"product","2":"type-product","3":"status-publish","4":"has-post-thumbnail","6":"product_cat-roll-container-de","7":"product_cat-sicherheitsrollcontainer","8":"product_tag-rollcontainer-maxi-abmessungen","9":"product_tag-sicherheit","10":"pa_numero-di-sponde-4-mit-klappe","12":"first","13":"instock","14":"shipping-taxable","15":"purchasable","16":"product-type-variable","17":"has-default-attributes"},"acf":[],"yoast_head":"<!-- This site is optimized with the Yoast SEO plugin v27.3 - https:\/\/yoast.com\/product\/yoast-seo-wordpress\/ -->\n<title>MAXI Sicherheitsrollbeh\u00e4lter - 120 x 80 cm - italianacontenitori.com<\/title>\n<meta name=\"description\" content=\"Rollcontainer Security f\u00fcr den Transport von wertvollen, empfindlichen oder sensiblen G\u00fctern. Sicher, robust, langlebig, mit dichtem Netz und abschlie\u00dfbaren T\u00fcren.\" \/>\n<meta name=\"robots\" content=\"index, follow, max-snippet:-1, max-image-preview:large, max-video-preview:-1\" \/>\n<link rel=\"canonical\" href=\"https:\/\/www.italianacontenitori.com\/de\/prodotto\/roll-120-x-80-cm-sicherheit\/\" \/>\n<meta property=\"og:locale\" content=\"de_DE\" \/>\n<meta property=\"og:type\" content=\"article\" \/>\n<meta property=\"og:title\" content=\"MAXI Sicherheitsrollbeh\u00e4lter - 120 x 80 cm - italianacontenitori.com\" \/>\n<meta property=\"og:description\" content=\"Rollcontainer Security f\u00fcr den Transport von wertvollen, empfindlichen oder sensiblen G\u00fctern. Sicher, robust, langlebig, mit dichtem Netz und abschlie\u00dfbaren T\u00fcren.\" \/>\n<meta property=\"og:url\" content=\"https:\/\/www.italianacontenitori.com\/de\/prodotto\/roll-120-x-80-cm-sicherheit\/\" \/>\n<meta property=\"og:site_name\" content=\"italianacontenitori.com\" \/>\n<meta property=\"article:modified_time\" content=\"2026-04-10T14:36:08+00:00\" \/>\n<meta property=\"og:image\" content=\"https:\/\/www.italianacontenitori.com\/wp-content\/uploads\/2020\/12\/ROLS120510.png\" \/>\n\t<meta property=\"og:image:width\" content=\"1024\" \/>\n\t<meta property=\"og:image:height\" content=\"1024\" \/>\n\t<meta property=\"og:image:type\" content=\"image\/png\" \/>\n<meta name=\"twitter:card\" content=\"summary_large_image\" \/>\n<meta name=\"twitter:label1\" content=\"Gesch\u00e4tzte Lesezeit\" \/>\n\t<meta name=\"twitter:data1\" content=\"2\u00a0Minuten\" \/>\n<script type=\"application\/ld+json\" class=\"yoast-schema-graph\">{\"@context\":\"https:\\\/\\\/schema.org\",\"@graph\":[{\"@type\":\"WebPage\",\"@id\":\"https:\\\/\\\/www.italianacontenitori.com\\\/de\\\/prodotto\\\/roll-120-x-80-cm-sicherheit\\\/\",\"url\":\"https:\\\/\\\/www.italianacontenitori.com\\\/de\\\/prodotto\\\/roll-120-x-80-cm-sicherheit\\\/\",\"name\":\"MAXI Sicherheitsrollbeh\u00e4lter - 120 x 80 cm - italianacontenitori.com\",\"isPartOf\":{\"@id\":\"https:\\\/\\\/www.italianacontenitori.com\\\/de\\\/#website\"},\"primaryImageOfPage\":{\"@id\":\"https:\\\/\\\/www.italianacontenitori.com\\\/de\\\/prodotto\\\/roll-120-x-80-cm-sicherheit\\\/#primaryimage\"},\"image\":{\"@id\":\"https:\\\/\\\/www.italianacontenitori.com\\\/de\\\/prodotto\\\/roll-120-x-80-cm-sicherheit\\\/#primaryimage\"},\"thumbnailUrl\":\"https:\\\/\\\/www.italianacontenitori.com\\\/wp-content\\\/uploads\\\/2020\\\/12\\\/ROLS120510.png\",\"datePublished\":\"2020-12-11T16:45:15+00:00\",\"dateModified\":\"2026-04-10T14:36:08+00:00\",\"description\":\"Rollcontainer Security f\u00fcr den Transport von wertvollen, empfindlichen oder sensiblen G\u00fctern. Sicher, robust, langlebig, mit dichtem Netz und abschlie\u00dfbaren T\u00fcren.\",\"breadcrumb\":{\"@id\":\"https:\\\/\\\/www.italianacontenitori.com\\\/de\\\/prodotto\\\/roll-120-x-80-cm-sicherheit\\\/#breadcrumb\"},\"inLanguage\":\"de\",\"potentialAction\":[{\"@type\":\"ReadAction\",\"target\":[\"https:\\\/\\\/www.italianacontenitori.com\\\/de\\\/prodotto\\\/roll-120-x-80-cm-sicherheit\\\/\"]}]},{\"@type\":\"ImageObject\",\"inLanguage\":\"de\",\"@id\":\"https:\\\/\\\/www.italianacontenitori.com\\\/de\\\/prodotto\\\/roll-120-x-80-cm-sicherheit\\\/#primaryimage\",\"url\":\"https:\\\/\\\/www.italianacontenitori.com\\\/wp-content\\\/uploads\\\/2020\\\/12\\\/ROLS120510.png\",\"contentUrl\":\"https:\\\/\\\/www.italianacontenitori.com\\\/wp-content\\\/uploads\\\/2020\\\/12\\\/ROLS120510.png\",\"width\":1024,\"height\":1024,\"caption\":\"Dicht gewebter Sicherheitsrollbeh\u00e4lter mit abschlie\u00dfbarer Doppelt\u00fcr - 120 x 80 cm\"},{\"@type\":\"BreadcrumbList\",\"@id\":\"https:\\\/\\\/www.italianacontenitori.com\\\/de\\\/prodotto\\\/roll-120-x-80-cm-sicherheit\\\/#breadcrumb\",\"itemListElement\":[{\"@type\":\"ListItem\",\"position\":1,\"name\":\"Home\",\"item\":\"https:\\\/\\\/www.italianacontenitori.com\\\/de\\\/metallgitterboxen\\\/\"},{\"@type\":\"ListItem\",\"position\":2,\"name\":\"MAXI Sicherheitsrollbeh\u00e4lter &#8211; 120 x 80 cm\"}]},{\"@type\":\"WebSite\",\"@id\":\"https:\\\/\\\/www.italianacontenitori.com\\\/de\\\/#website\",\"url\":\"https:\\\/\\\/www.italianacontenitori.com\\\/de\\\/\",\"name\":\"italianacontenitori.com\",\"description\":\"Produzione di contenitori industriali e roll container\",\"publisher\":{\"@id\":\"https:\\\/\\\/www.italianacontenitori.com\\\/de\\\/#organization\"},\"potentialAction\":[{\"@type\":\"SearchAction\",\"target\":{\"@type\":\"EntryPoint\",\"urlTemplate\":\"https:\\\/\\\/www.italianacontenitori.com\\\/de\\\/?s={search_term_string}\"},\"query-input\":{\"@type\":\"PropertyValueSpecification\",\"valueRequired\":true,\"valueName\":\"search_term_string\"}}],\"inLanguage\":\"de\"},{\"@type\":\"Organization\",\"@id\":\"https:\\\/\\\/www.italianacontenitori.com\\\/de\\\/#organization\",\"name\":\"Italiana Contenitori s.r.l.\",\"alternateName\":\"IC\",\"url\":\"https:\\\/\\\/www.italianacontenitori.com\\\/de\\\/\",\"logo\":{\"@type\":\"ImageObject\",\"inLanguage\":\"de\",\"@id\":\"https:\\\/\\\/www.italianacontenitori.com\\\/de\\\/#\\\/schema\\\/logo\\\/image\\\/\",\"url\":\"https:\\\/\\\/www.italianacontenitori.com\\\/wp-content\\\/uploads\\\/2020\\\/11\\\/cropped-Logo-Italiana-Contenitori_favicon.jpg\",\"contentUrl\":\"https:\\\/\\\/www.italianacontenitori.com\\\/wp-content\\\/uploads\\\/2020\\\/11\\\/cropped-Logo-Italiana-Contenitori_favicon.jpg\",\"width\":512,\"height\":512,\"caption\":\"Italiana Contenitori s.r.l.\"},\"image\":{\"@id\":\"https:\\\/\\\/www.italianacontenitori.com\\\/de\\\/#\\\/schema\\\/logo\\\/image\\\/\"}}]}<\/script>\n<!-- \/ Yoast SEO plugin. -->","yoast_head_json":{"title":"MAXI Sicherheitsrollbeh\u00e4lter - 120 x 80 cm - italianacontenitori.com","description":"Rollcontainer Security f\u00fcr den Transport von wertvollen, empfindlichen oder sensiblen G\u00fctern. Sicher, robust, langlebig, mit dichtem Netz und abschlie\u00dfbaren T\u00fcren.","robots":{"index":"index","follow":"follow","max-snippet":"max-snippet:-1","max-image-preview":"max-image-preview:large","max-video-preview":"max-video-preview:-1"},"canonical":"https:\/\/www.italianacontenitori.com\/de\/prodotto\/roll-120-x-80-cm-sicherheit\/","og_locale":"de_DE","og_type":"article","og_title":"MAXI Sicherheitsrollbeh\u00e4lter - 120 x 80 cm - italianacontenitori.com","og_description":"Rollcontainer Security f\u00fcr den Transport von wertvollen, empfindlichen oder sensiblen G\u00fctern. Sicher, robust, langlebig, mit dichtem Netz und abschlie\u00dfbaren T\u00fcren.","og_url":"https:\/\/www.italianacontenitori.com\/de\/prodotto\/roll-120-x-80-cm-sicherheit\/","og_site_name":"italianacontenitori.com","article_modified_time":"2026-04-10T14:36:08+00:00","og_image":[{"width":1024,"height":1024,"url":"https:\/\/www.italianacontenitori.com\/wp-content\/uploads\/2020\/12\/ROLS120510.png","type":"image\/png"}],"twitter_card":"summary_large_image","twitter_misc":{"Gesch\u00e4tzte Lesezeit":"2\u00a0Minuten"},"schema":{"@context":"https:\/\/schema.org","@graph":[{"@type":"WebPage","@id":"https:\/\/www.italianacontenitori.com\/de\/prodotto\/roll-120-x-80-cm-sicherheit\/","url":"https:\/\/www.italianacontenitori.com\/de\/prodotto\/roll-120-x-80-cm-sicherheit\/","name":"MAXI Sicherheitsrollbeh\u00e4lter - 120 x 80 cm - italianacontenitori.com","isPartOf":{"@id":"https:\/\/www.italianacontenitori.com\/de\/#website"},"primaryImageOfPage":{"@id":"https:\/\/www.italianacontenitori.com\/de\/prodotto\/roll-120-x-80-cm-sicherheit\/#primaryimage"},"image":{"@id":"https:\/\/www.italianacontenitori.com\/de\/prodotto\/roll-120-x-80-cm-sicherheit\/#primaryimage"},"thumbnailUrl":"https:\/\/www.italianacontenitori.com\/wp-content\/uploads\/2020\/12\/ROLS120510.png","datePublished":"2020-12-11T16:45:15+00:00","dateModified":"2026-04-10T14:36:08+00:00","description":"Rollcontainer Security f\u00fcr den Transport von wertvollen, empfindlichen oder sensiblen G\u00fctern. Sicher, robust, langlebig, mit dichtem Netz und abschlie\u00dfbaren T\u00fcren.","breadcrumb":{"@id":"https:\/\/www.italianacontenitori.com\/de\/prodotto\/roll-120-x-80-cm-sicherheit\/#breadcrumb"},"inLanguage":"de","potentialAction":[{"@type":"ReadAction","target":["https:\/\/www.italianacontenitori.com\/de\/prodotto\/roll-120-x-80-cm-sicherheit\/"]}]},{"@type":"ImageObject","inLanguage":"de","@id":"https:\/\/www.italianacontenitori.com\/de\/prodotto\/roll-120-x-80-cm-sicherheit\/#primaryimage","url":"https:\/\/www.italianacontenitori.com\/wp-content\/uploads\/2020\/12\/ROLS120510.png","contentUrl":"https:\/\/www.italianacontenitori.com\/wp-content\/uploads\/2020\/12\/ROLS120510.png","width":1024,"height":1024,"caption":"Dicht gewebter Sicherheitsrollbeh\u00e4lter mit abschlie\u00dfbarer Doppelt\u00fcr - 120 x 80 cm"},{"@type":"BreadcrumbList","@id":"https:\/\/www.italianacontenitori.com\/de\/prodotto\/roll-120-x-80-cm-sicherheit\/#breadcrumb","itemListElement":[{"@type":"ListItem","position":1,"name":"Home","item":"https:\/\/www.italianacontenitori.com\/de\/metallgitterboxen\/"},{"@type":"ListItem","position":2,"name":"MAXI Sicherheitsrollbeh\u00e4lter &#8211; 120 x 80 cm"}]},{"@type":"WebSite","@id":"https:\/\/www.italianacontenitori.com\/de\/#website","url":"https:\/\/www.italianacontenitori.com\/de\/","name":"italianacontenitori.com","description":"Produzione di contenitori industriali e roll container","publisher":{"@id":"https:\/\/www.italianacontenitori.com\/de\/#organization"},"potentialAction":[{"@type":"SearchAction","target":{"@type":"EntryPoint","urlTemplate":"https:\/\/www.italianacontenitori.com\/de\/?s={search_term_string}"},"query-input":{"@type":"PropertyValueSpecification","valueRequired":true,"valueName":"search_term_string"}}],"inLanguage":"de"},{"@type":"Organization","@id":"https:\/\/www.italianacontenitori.com\/de\/#organization","name":"Italiana Contenitori s.r.l.","alternateName":"IC","url":"https:\/\/www.italianacontenitori.com\/de\/","logo":{"@type":"ImageObject","inLanguage":"de","@id":"https:\/\/www.italianacontenitori.com\/de\/#\/schema\/logo\/image\/","url":"https:\/\/www.italianacontenitori.com\/wp-content\/uploads\/2020\/11\/cropped-Logo-Italiana-Contenitori_favicon.jpg","contentUrl":"https:\/\/www.italianacontenitori.com\/wp-content\/uploads\/2020\/11\/cropped-Logo-Italiana-Contenitori_favicon.jpg","width":512,"height":512,"caption":"Italiana Contenitori s.r.l."},"image":{"@id":"https:\/\/www.italianacontenitori.com\/de\/#\/schema\/logo\/image\/"}}]}},"_links":{"self":[{"href":"https:\/\/www.italianacontenitori.com\/de\/wp-json\/wp\/v2\/product\/241229","targetHints":{"allow":["GET"]}}],"collection":[{"href":"https:\/\/www.italianacontenitori.com\/de\/wp-json\/wp\/v2\/product"}],"about":[{"href":"https:\/\/www.italianacontenitori.com\/de\/wp-json\/wp\/v2\/types\/product"}],"replies":[{"embeddable":true,"href":"https:\/\/www.italianacontenitori.com\/de\/wp-json\/wp\/v2\/comments?post=241229"}],"wp:featuredmedia":[{"embeddable":true,"href":"https:\/\/www.italianacontenitori.com\/de\/wp-json\/wp\/v2\/media\/240227"}],"wp:attachment":[{"href":"https:\/\/www.italianacontenitori.com\/de\/wp-json\/wp\/v2\/media?parent=241229"}],"wp:term":[{"taxonomy":"product_brand","embeddable":true,"href":"https:\/\/www.italianacontenitori.com\/de\/wp-json\/wp\/v2\/product_brand?post=241229"},{"taxonomy":"product_cat","embeddable":true,"href":"https:\/\/www.italianacontenitori.com\/de\/wp-json\/wp\/v2\/product_cat?post=241229"},{"taxonomy":"product_tag","embeddable":true,"href":"https:\/\/www.italianacontenitori.com\/de\/wp-json\/wp\/v2\/product_tag?post=241229"}],"curies":[{"name":"wp","href":"https:\/\/api.w.org\/{rel}","templated":true}]}}