{"id":241242,"date":"2020-12-11T16:20:33","date_gmt":"2020-12-11T16:20:33","guid":{"rendered":"https:\/\/www.italianacontenitori.com\/product\/sicherheits-rollbehaelter-72-x-80-cm\/"},"modified":"2026-04-10T14:36:02","modified_gmt":"2026-04-10T14:36:02","slug":"roll-72-x-80-cm-sicherheit","status":"publish","type":"product","link":"https:\/\/www.italianacontenitori.com\/de\/produkt\/roll-72-x-80-cm-sicherheit\/","title":{"rendered":"Rollcontainer Sicherheit &#8211; 72 x 80 cm"},"content":{"rendered":"<p>Der<strong> 72 x 80 cm gro\u00dfe<\/strong> <strong>Standard-Sicherheitsrollbeh\u00e4lter<\/strong> ist die ideale L\u00f6sung f\u00fcr den sicheren Transport von wertvollen, empfindlichen und kleinen G\u00fctern. Ausgestattet mit einer robusten <strong>abschlie\u00dfbaren T\u00fcr<\/strong>, garantiert er Schutz vor unbefugtem Zugriff. Dank seiner Konstruktion<strong> aus hochdichtem Drahtgeflecht mit einer dichten Maschenweite von 5 x 5 cm<\/strong> ist dieser <strong>Anti-Diebstahl-Wagen<\/strong> perfekt f\u00fcr den Transport und die Handhabung wertvoller Produkte in Logistik- und Einzelhandelsumgebungen geeignet.  <\/p>\n<h2>Abschlie\u00dfbarer Rollcontainer: sichere Logistik mit Lenkrollen und Bremse<\/h2>\n<p>Dieser <strong>Rollcontainer mit Bock- und Lenkrollen<\/strong> ist \u00e4u\u00dferst vielseitig und erm\u00f6glicht eine einfache Handhabung auf verschiedenen Untergr\u00fcnden. Die R\u00e4der k\u00f6nnen je nach Bedarf mit oder ohne Bremse konfiguriert werden, indem Sie die untenstehenden anpassbaren Optionen w\u00e4hlen. Sobald er mit einem Vorh\u00e4ngeschloss verschlossen ist, bietet der Sicherheits-Rollcontainer keinen Zugang mehr zu den darin gelagerten wertvollen G\u00fctern, <strong>sch\u00fctzt vor Einbruchsversuchen und macht den Diebstahl f\u00fcr Versicherungszwecke sichtbar.<\/strong>  <\/p>\n<h2>Rollcontainer-Sicherheit f\u00fcr den Transport wertvoller Produkte<\/h2>\n<p>Mit einer Tragf\u00e4higkeit von <strong>bis zu 600 kg<\/strong> ist dieser <strong>Rollcontainer mit Diebstahlschutzgitter<\/strong> f\u00fcr eine intensive Nutzung ausgelegt. Das <strong>dichte Drahtgeflecht<\/strong> (50 x 50 mm Maschenweite) sorgt daf\u00fcr, dass die Waren vor Diebstahl oder unbefugter Entnahme gesch\u00fctzt sind, was ihn ideal f\u00fcr die Lagerung und den Umschlag in Industrie und Transport macht. <\/p>\n<h2>Dichter Drahtgitterwagen, der den Platz optimiert&#8230; auch wenn er nicht gebraucht wird<\/h2>\n<p>Mit diesem <strong>Rollcontainer<\/strong> k\u00f6nnen Sie bis zu <strong>einem Regal pro 5 cm vertikaler Entwicklung<\/strong> hinzuf\u00fcgen, um den Innenraum zu optimieren. Sein cleveres Design macht ihn perfekt f\u00fcr dynamische logistische Anforderungen, da er sich schnell verstauen l\u00e4sst. Wenn er nicht in Gebrauch ist, <strong>kann<\/strong> der <strong>Rollwagen ohne Spezialwerkzeug zerlegt<\/strong> und schnell und einfach wieder zusammengebaut werden.  <\/p>\n","protected":false},"excerpt":{"rendered":"<p>Mit diesem Antidiebstahl Rollbeh\u00e4lter, kann das unbefugte Entnehmen verhindert und \u00fcberpr\u00fcft werden. Die Vordert\u00fcr kann mit einem Vorh\u00e4ngeschloss verschlossen werden. Ideal f\u00fcr die Lagerung und die Handhabung wertvoller Produkte. Erh\u00e4ltlich in drei verschiedenen H\u00f6hen passt sich daher jedem Transportmittel an.<\/p>\n","protected":false},"featured_media":240232,"comment_status":"open","ping_status":"closed","template":"","meta":{"_acf_changed":false,"_et_pb_use_builder":"","_et_pb_old_content":"","_et_gb_content_width":""},"product_brand":[],"product_cat":[1547,2065],"product_tag":[2125,2124],"class_list":{"0":"post-241242","1":"product","2":"type-product","3":"status-publish","4":"has-post-thumbnail","6":"product_cat-roll-container-de","7":"product_cat-sicherheitsrollcontainer","8":"product_tag-rollcontainer-standardabmessungen","9":"product_tag-sicherheit","11":"first","12":"instock","13":"shipping-taxable","14":"purchasable","15":"product-type-variable","16":"has-default-attributes"},"acf":[],"yoast_head":"<!-- This site is optimized with the Yoast SEO plugin v27.3 - https:\/\/yoast.com\/product\/yoast-seo-wordpress\/ -->\n<title>Rollcontainer Sicherheit - 72 x 80 cm - italianacontenitori.com<\/title>\n<meta name=\"robots\" content=\"index, follow, max-snippet:-1, max-image-preview:large, max-video-preview:-1\" \/>\n<link rel=\"canonical\" href=\"https:\/\/www.italianacontenitori.com\/de\/produkt\/roll-72-x-80-cm-sicherheit\/\" \/>\n<meta property=\"og:locale\" content=\"de_DE\" \/>\n<meta property=\"og:type\" content=\"article\" \/>\n<meta property=\"og:title\" content=\"Rollcontainer Sicherheit - 72 x 80 cm - italianacontenitori.com\" \/>\n<meta property=\"og:description\" content=\"Mit diesem Antidiebstahl Rollbeh\u00e4lter, kann das unbefugte Entnehmen verhindert und \u00fcberpr\u00fcft werden. Die Vordert\u00fcr kann mit einem Vorh\u00e4ngeschloss verschlossen werden. Ideal f\u00fcr die Lagerung und die Handhabung wertvoller Produkte. Erh\u00e4ltlich in drei verschiedenen H\u00f6hen passt sich daher jedem Transportmittel an.\" \/>\n<meta property=\"og:url\" content=\"https:\/\/www.italianacontenitori.com\/de\/produkt\/roll-72-x-80-cm-sicherheit\/\" \/>\n<meta property=\"og:site_name\" content=\"italianacontenitori.com\" \/>\n<meta property=\"article:modified_time\" content=\"2026-04-10T14:36:02+00:00\" \/>\n<meta property=\"og:image\" content=\"https:\/\/www.italianacontenitori.com\/wp-content\/uploads\/2020\/12\/ROLS1200.png\" \/>\n\t<meta property=\"og:image:width\" content=\"1024\" \/>\n\t<meta property=\"og:image:height\" content=\"1024\" \/>\n\t<meta property=\"og:image:type\" content=\"image\/png\" \/>\n<meta name=\"twitter:card\" content=\"summary_large_image\" \/>\n<meta name=\"twitter:label1\" content=\"Gesch\u00e4tzte Lesezeit\" \/>\n\t<meta name=\"twitter:data1\" content=\"1\u00a0Minute\" \/>\n<script type=\"application\/ld+json\" class=\"yoast-schema-graph\">{\"@context\":\"https:\\\/\\\/schema.org\",\"@graph\":[{\"@type\":\"WebPage\",\"@id\":\"https:\\\/\\\/www.italianacontenitori.com\\\/de\\\/produkt\\\/roll-72-x-80-cm-sicherheit\\\/\",\"url\":\"https:\\\/\\\/www.italianacontenitori.com\\\/de\\\/produkt\\\/roll-72-x-80-cm-sicherheit\\\/\",\"name\":\"Rollcontainer Sicherheit - 72 x 80 cm - italianacontenitori.com\",\"isPartOf\":{\"@id\":\"https:\\\/\\\/www.italianacontenitori.com\\\/de\\\/#website\"},\"primaryImageOfPage\":{\"@id\":\"https:\\\/\\\/www.italianacontenitori.com\\\/de\\\/produkt\\\/roll-72-x-80-cm-sicherheit\\\/#primaryimage\"},\"image\":{\"@id\":\"https:\\\/\\\/www.italianacontenitori.com\\\/de\\\/produkt\\\/roll-72-x-80-cm-sicherheit\\\/#primaryimage\"},\"thumbnailUrl\":\"https:\\\/\\\/www.italianacontenitori.com\\\/wp-content\\\/uploads\\\/2020\\\/12\\\/ROLS1200.png\",\"datePublished\":\"2020-12-11T16:20:33+00:00\",\"dateModified\":\"2026-04-10T14:36:02+00:00\",\"breadcrumb\":{\"@id\":\"https:\\\/\\\/www.italianacontenitori.com\\\/de\\\/produkt\\\/roll-72-x-80-cm-sicherheit\\\/#breadcrumb\"},\"inLanguage\":\"de\",\"potentialAction\":[{\"@type\":\"ReadAction\",\"target\":[\"https:\\\/\\\/www.italianacontenitori.com\\\/de\\\/produkt\\\/roll-72-x-80-cm-sicherheit\\\/\"]}]},{\"@type\":\"ImageObject\",\"inLanguage\":\"de\",\"@id\":\"https:\\\/\\\/www.italianacontenitori.com\\\/de\\\/produkt\\\/roll-72-x-80-cm-sicherheit\\\/#primaryimage\",\"url\":\"https:\\\/\\\/www.italianacontenitori.com\\\/wp-content\\\/uploads\\\/2020\\\/12\\\/ROLS1200.png\",\"contentUrl\":\"https:\\\/\\\/www.italianacontenitori.com\\\/wp-content\\\/uploads\\\/2020\\\/12\\\/ROLS1200.png\",\"width\":1024,\"height\":1024,\"caption\":\"Rollcontainer Security Standard engmaschig. Optimiert den Versand von wertvollen oder empfindlichen G\u00fctern.\"},{\"@type\":\"BreadcrumbList\",\"@id\":\"https:\\\/\\\/www.italianacontenitori.com\\\/de\\\/produkt\\\/roll-72-x-80-cm-sicherheit\\\/#breadcrumb\",\"itemListElement\":[{\"@type\":\"ListItem\",\"position\":1,\"name\":\"Home\",\"item\":\"https:\\\/\\\/www.italianacontenitori.com\\\/de\\\/metallgitterboxen\\\/\"},{\"@type\":\"ListItem\",\"position\":2,\"name\":\"Rollcontainer Sicherheit &#8211; 72 x 80 cm\"}]},{\"@type\":\"WebSite\",\"@id\":\"https:\\\/\\\/www.italianacontenitori.com\\\/de\\\/#website\",\"url\":\"https:\\\/\\\/www.italianacontenitori.com\\\/de\\\/\",\"name\":\"italianacontenitori.com\",\"description\":\"Produzione di contenitori industriali e roll container\",\"publisher\":{\"@id\":\"https:\\\/\\\/www.italianacontenitori.com\\\/de\\\/#organization\"},\"potentialAction\":[{\"@type\":\"SearchAction\",\"target\":{\"@type\":\"EntryPoint\",\"urlTemplate\":\"https:\\\/\\\/www.italianacontenitori.com\\\/de\\\/?s={search_term_string}\"},\"query-input\":{\"@type\":\"PropertyValueSpecification\",\"valueRequired\":true,\"valueName\":\"search_term_string\"}}],\"inLanguage\":\"de\"},{\"@type\":\"Organization\",\"@id\":\"https:\\\/\\\/www.italianacontenitori.com\\\/de\\\/#organization\",\"name\":\"Italiana Contenitori s.r.l.\",\"alternateName\":\"IC\",\"url\":\"https:\\\/\\\/www.italianacontenitori.com\\\/de\\\/\",\"logo\":{\"@type\":\"ImageObject\",\"inLanguage\":\"de\",\"@id\":\"https:\\\/\\\/www.italianacontenitori.com\\\/de\\\/#\\\/schema\\\/logo\\\/image\\\/\",\"url\":\"https:\\\/\\\/www.italianacontenitori.com\\\/wp-content\\\/uploads\\\/2020\\\/11\\\/cropped-Logo-Italiana-Contenitori_favicon.jpg\",\"contentUrl\":\"https:\\\/\\\/www.italianacontenitori.com\\\/wp-content\\\/uploads\\\/2020\\\/11\\\/cropped-Logo-Italiana-Contenitori_favicon.jpg\",\"width\":512,\"height\":512,\"caption\":\"Italiana Contenitori s.r.l.\"},\"image\":{\"@id\":\"https:\\\/\\\/www.italianacontenitori.com\\\/de\\\/#\\\/schema\\\/logo\\\/image\\\/\"}}]}<\/script>\n<!-- \/ Yoast SEO plugin. -->","yoast_head_json":{"title":"Rollcontainer Sicherheit - 72 x 80 cm - italianacontenitori.com","robots":{"index":"index","follow":"follow","max-snippet":"max-snippet:-1","max-image-preview":"max-image-preview:large","max-video-preview":"max-video-preview:-1"},"canonical":"https:\/\/www.italianacontenitori.com\/de\/produkt\/roll-72-x-80-cm-sicherheit\/","og_locale":"de_DE","og_type":"article","og_title":"Rollcontainer Sicherheit - 72 x 80 cm - italianacontenitori.com","og_description":"Mit diesem Antidiebstahl Rollbeh\u00e4lter, kann das unbefugte Entnehmen verhindert und \u00fcberpr\u00fcft werden. Die Vordert\u00fcr kann mit einem Vorh\u00e4ngeschloss verschlossen werden. Ideal f\u00fcr die Lagerung und die Handhabung wertvoller Produkte. Erh\u00e4ltlich in drei verschiedenen H\u00f6hen passt sich daher jedem Transportmittel an.","og_url":"https:\/\/www.italianacontenitori.com\/de\/produkt\/roll-72-x-80-cm-sicherheit\/","og_site_name":"italianacontenitori.com","article_modified_time":"2026-04-10T14:36:02+00:00","og_image":[{"width":1024,"height":1024,"url":"https:\/\/www.italianacontenitori.com\/wp-content\/uploads\/2020\/12\/ROLS1200.png","type":"image\/png"}],"twitter_card":"summary_large_image","twitter_misc":{"Gesch\u00e4tzte Lesezeit":"1\u00a0Minute"},"schema":{"@context":"https:\/\/schema.org","@graph":[{"@type":"WebPage","@id":"https:\/\/www.italianacontenitori.com\/de\/produkt\/roll-72-x-80-cm-sicherheit\/","url":"https:\/\/www.italianacontenitori.com\/de\/produkt\/roll-72-x-80-cm-sicherheit\/","name":"Rollcontainer Sicherheit - 72 x 80 cm - italianacontenitori.com","isPartOf":{"@id":"https:\/\/www.italianacontenitori.com\/de\/#website"},"primaryImageOfPage":{"@id":"https:\/\/www.italianacontenitori.com\/de\/produkt\/roll-72-x-80-cm-sicherheit\/#primaryimage"},"image":{"@id":"https:\/\/www.italianacontenitori.com\/de\/produkt\/roll-72-x-80-cm-sicherheit\/#primaryimage"},"thumbnailUrl":"https:\/\/www.italianacontenitori.com\/wp-content\/uploads\/2020\/12\/ROLS1200.png","datePublished":"2020-12-11T16:20:33+00:00","dateModified":"2026-04-10T14:36:02+00:00","breadcrumb":{"@id":"https:\/\/www.italianacontenitori.com\/de\/produkt\/roll-72-x-80-cm-sicherheit\/#breadcrumb"},"inLanguage":"de","potentialAction":[{"@type":"ReadAction","target":["https:\/\/www.italianacontenitori.com\/de\/produkt\/roll-72-x-80-cm-sicherheit\/"]}]},{"@type":"ImageObject","inLanguage":"de","@id":"https:\/\/www.italianacontenitori.com\/de\/produkt\/roll-72-x-80-cm-sicherheit\/#primaryimage","url":"https:\/\/www.italianacontenitori.com\/wp-content\/uploads\/2020\/12\/ROLS1200.png","contentUrl":"https:\/\/www.italianacontenitori.com\/wp-content\/uploads\/2020\/12\/ROLS1200.png","width":1024,"height":1024,"caption":"Rollcontainer Security Standard engmaschig. Optimiert den Versand von wertvollen oder empfindlichen G\u00fctern."},{"@type":"BreadcrumbList","@id":"https:\/\/www.italianacontenitori.com\/de\/produkt\/roll-72-x-80-cm-sicherheit\/#breadcrumb","itemListElement":[{"@type":"ListItem","position":1,"name":"Home","item":"https:\/\/www.italianacontenitori.com\/de\/metallgitterboxen\/"},{"@type":"ListItem","position":2,"name":"Rollcontainer Sicherheit &#8211; 72 x 80 cm"}]},{"@type":"WebSite","@id":"https:\/\/www.italianacontenitori.com\/de\/#website","url":"https:\/\/www.italianacontenitori.com\/de\/","name":"italianacontenitori.com","description":"Produzione di contenitori industriali e roll container","publisher":{"@id":"https:\/\/www.italianacontenitori.com\/de\/#organization"},"potentialAction":[{"@type":"SearchAction","target":{"@type":"EntryPoint","urlTemplate":"https:\/\/www.italianacontenitori.com\/de\/?s={search_term_string}"},"query-input":{"@type":"PropertyValueSpecification","valueRequired":true,"valueName":"search_term_string"}}],"inLanguage":"de"},{"@type":"Organization","@id":"https:\/\/www.italianacontenitori.com\/de\/#organization","name":"Italiana Contenitori s.r.l.","alternateName":"IC","url":"https:\/\/www.italianacontenitori.com\/de\/","logo":{"@type":"ImageObject","inLanguage":"de","@id":"https:\/\/www.italianacontenitori.com\/de\/#\/schema\/logo\/image\/","url":"https:\/\/www.italianacontenitori.com\/wp-content\/uploads\/2020\/11\/cropped-Logo-Italiana-Contenitori_favicon.jpg","contentUrl":"https:\/\/www.italianacontenitori.com\/wp-content\/uploads\/2020\/11\/cropped-Logo-Italiana-Contenitori_favicon.jpg","width":512,"height":512,"caption":"Italiana Contenitori s.r.l."},"image":{"@id":"https:\/\/www.italianacontenitori.com\/de\/#\/schema\/logo\/image\/"}}]}},"_links":{"self":[{"href":"https:\/\/www.italianacontenitori.com\/de\/wp-json\/wp\/v2\/product\/241242","targetHints":{"allow":["GET"]}}],"collection":[{"href":"https:\/\/www.italianacontenitori.com\/de\/wp-json\/wp\/v2\/product"}],"about":[{"href":"https:\/\/www.italianacontenitori.com\/de\/wp-json\/wp\/v2\/types\/product"}],"replies":[{"embeddable":true,"href":"https:\/\/www.italianacontenitori.com\/de\/wp-json\/wp\/v2\/comments?post=241242"}],"wp:featuredmedia":[{"embeddable":true,"href":"https:\/\/www.italianacontenitori.com\/de\/wp-json\/wp\/v2\/media\/240232"}],"wp:attachment":[{"href":"https:\/\/www.italianacontenitori.com\/de\/wp-json\/wp\/v2\/media?parent=241242"}],"wp:term":[{"taxonomy":"product_brand","embeddable":true,"href":"https:\/\/www.italianacontenitori.com\/de\/wp-json\/wp\/v2\/product_brand?post=241242"},{"taxonomy":"product_cat","embeddable":true,"href":"https:\/\/www.italianacontenitori.com\/de\/wp-json\/wp\/v2\/product_cat?post=241242"},{"taxonomy":"product_tag","embeddable":true,"href":"https:\/\/www.italianacontenitori.com\/de\/wp-json\/wp\/v2\/product_tag?post=241242"}],"curies":[{"name":"wp","href":"https:\/\/api.w.org\/{rel}","templated":true}]}}