{"id":241286,"date":"2020-12-11T15:53:28","date_gmt":"2020-12-11T15:53:28","guid":{"rendered":"https:\/\/www.italianacontenitori.com\/product\/roll-120-x-100-cm-verstaerkt\/"},"modified":"2026-04-10T14:35:55","modified_gmt":"2026-04-10T14:35:55","slug":"roll-120-x-100-cm-verstarkt","status":"publish","type":"product","link":"https:\/\/www.italianacontenitori.com\/de\/produkt\/roll-120-x-100-cm-verstarkt\/","title":{"rendered":"Rollcontainer MAXI 120 x 100 cm &#8211; Verst\u00e4rkt"},"content":{"rendered":"<p>Der <strong>verst\u00e4rkte Maxi-Rollbeh\u00e4lter 120 x 100 cm<\/strong>, Modell ROLR0180, wurde f\u00fcr die Handhabung sperriger Lasten in Umgebungen wie <strong>Lagerh\u00e4usern<\/strong>, <strong>Vertriebszentren<\/strong> und <strong>industriellen W\u00e4schereien<\/strong> entwickelt. Dank seiner Robustheit und seiner gro\u00dfz\u00fcgigen Abmessungen ist er ideal f\u00fcr die Optimierung von LKW-Ladungen, die Verbesserung der logistischen Effizienz und die Reduzierung der Transportzeit. <\/p>\n<p>Mit <strong>Au\u00dfenma\u00dfen von 1200 x 1000 mm<\/strong> bietet dieser Rollcontainer eine Tragf\u00e4higkeit von bis zu <strong>600 kg<\/strong> und sorgt so f\u00fcr Stabilit\u00e4t und Sicherheit beim Transport von sperrigen G\u00fctern. Seine Konstruktion <strong>aus verzinktem Draht<\/strong> sorgt f\u00fcr Langlebigkeit und Korrosionsbest\u00e4ndigkeit, so dass er sich auch f\u00fcr den intensiven Einsatz in rauen Umgebungen eignet. <\/p>\n<h2>Die wichtigsten Merkmale des <strong>Maxi-Rollcontainers mit verst\u00e4rktem Boden<\/strong>:<\/h2>\n<ul>\n<li><strong>Au\u00dfenma\u00dfe<\/strong>: 1200 x 1000 mm<\/li>\n<li><strong>Maximale Tragf\u00e4higkeit<\/strong>: 600 kg<\/li>\n<li><strong>Verf\u00fcgbare H\u00f6hen<\/strong>: 1520 bis 1800 mm<\/li>\n<li><strong>Robuste Konstruktion<\/strong>: elektrolytisch verzinktes Drahtgeflecht f\u00fcr St\u00e4rke und Haltbarkeit<\/li>\n<li><strong>Verstellbare Einlegeb\u00f6den<\/strong>: Es besteht die M\u00f6glichkeit, die Rolle mit Einlegeb\u00f6den zu konfigurieren, um den Innenraum zu optimieren<\/li>\n<\/ul>\n<p>Die ger\u00e4uscharmen und langlebigen <strong>Polyurethan-R\u00e4der<\/strong> sorgen f\u00fcr perfekte Man\u00f6vrierbarkeit auf verschiedenen Untergr\u00fcnden und machen den Rollcontainer ideal f\u00fcr den <strong>Transport von Waren in Lagerh\u00e4usern<\/strong> und <strong>Distributionszentren<\/strong>. Er kann mit <strong>Bremsr\u00e4dern<\/strong> ausgestattet werden, um die Stabilit\u00e4t beim Be- und Entladen zu verbessern, insbesondere auf absch\u00fcssigen Fl\u00e4chen oder in stark frequentierten Umgebungen. <\/p>\n<h2>Optimierung der Logistik und Sicherheit<\/h2>\n<p>Dank seiner optimierten Gr\u00f6\u00dfe und seines Designs nutzt der <strong>verst\u00e4rkte Maxi-Rollbeh\u00e4lter<\/strong> den verf\u00fcgbaren Platz im Lkw optimal aus, maximiert die Ladung und reduziert die Transportkosten. Die <strong>Seitenw\u00e4nde aus Drahtgitter<\/strong> sorgen daf\u00fcr, dass der Inhalt w\u00e4hrend des Transports stabil und gesch\u00fctzt bleibt. Er kann mit <strong>Zubeh\u00f6r wie Gurten, Regalen<\/strong> <strong>und Kennzeichnungsschildern<\/strong> ausgestattet werden, um die betriebliche Effizienz weiter zu steigern.  <\/p>\n","protected":false},"excerpt":{"rendered":"<p>Gro\u00dfer Rollbeh\u00e4lter zur Lagerung und Handhabung. Er bietet Platz f\u00fcr bis zu drei horizontale Zwischenb\u00f6den. Die Verst\u00e4rkungen an den Ecken des Bodens sorgen f\u00fcr mehr Belastbarkeit.<\/p>\n","protected":false},"featured_media":240267,"comment_status":"open","ping_status":"closed","template":"","meta":{"_acf_changed":false,"_et_pb_use_builder":"","_et_pb_old_content":"","_et_gb_content_width":""},"product_brand":[],"product_cat":[1547],"product_tag":[2118],"class_list":{"0":"post-241286","1":"product","2":"type-product","3":"status-publish","4":"has-post-thumbnail","6":"product_cat-roll-container-de","7":"product_tag-rollcontainer-maxi-abmessungen","9":"first","10":"instock","11":"shipping-taxable","12":"purchasable","13":"product-type-variable","14":"has-default-attributes"},"acf":[],"yoast_head":"<!-- This site is optimized with the Yoast SEO plugin v27.3 - https:\/\/yoast.com\/product\/yoast-seo-wordpress\/ -->\n<title>MAXI Verst\u00e4rkter Rollcontainer 120 x 100 cm | Italiana Contenitori<\/title>\n<meta name=\"description\" content=\"MAXI-Rollbeh\u00e4lter mit verst\u00e4rktem Boden, ideal f\u00fcr sperrige Lasten bis zu 600 kg. Von 2 bis 4 Bordw\u00e4nden, mit verstellbaren Einlegeb\u00f6den und Zubeh\u00f6r.\" \/>\n<meta name=\"robots\" content=\"index, follow, max-snippet:-1, max-image-preview:large, max-video-preview:-1\" \/>\n<link rel=\"canonical\" href=\"https:\/\/www.italianacontenitori.com\/de\/produkt\/roll-120-x-100-cm-verstarkt\/\" \/>\n<meta property=\"og:locale\" content=\"de_DE\" \/>\n<meta property=\"og:type\" content=\"article\" \/>\n<meta property=\"og:title\" content=\"MAXI Verst\u00e4rkter Rollcontainer 120 x 100 cm | Italiana Contenitori\" \/>\n<meta property=\"og:description\" content=\"MAXI-Rollbeh\u00e4lter mit verst\u00e4rktem Boden, ideal f\u00fcr sperrige Lasten bis zu 600 kg. Von 2 bis 4 Bordw\u00e4nden, mit verstellbaren Einlegeb\u00f6den und Zubeh\u00f6r.\" \/>\n<meta property=\"og:url\" content=\"https:\/\/www.italianacontenitori.com\/de\/produkt\/roll-120-x-100-cm-verstarkt\/\" \/>\n<meta property=\"og:site_name\" content=\"italianacontenitori.com\" \/>\n<meta property=\"article:modified_time\" content=\"2026-04-10T14:35:55+00:00\" \/>\n<meta property=\"og:image\" content=\"https:\/\/www.italianacontenitori.com\/wp-content\/uploads\/2020\/12\/ROLR0180H4R0-1.png\" \/>\n\t<meta property=\"og:image:width\" content=\"1024\" \/>\n\t<meta property=\"og:image:height\" content=\"1024\" \/>\n\t<meta property=\"og:image:type\" content=\"image\/png\" \/>\n<meta name=\"twitter:card\" content=\"summary_large_image\" \/>\n<meta name=\"twitter:label1\" content=\"Gesch\u00e4tzte Lesezeit\" \/>\n\t<meta name=\"twitter:data1\" content=\"2\u00a0Minuten\" \/>\n<script type=\"application\/ld+json\" class=\"yoast-schema-graph\">{\"@context\":\"https:\\\/\\\/schema.org\",\"@graph\":[{\"@type\":\"WebPage\",\"@id\":\"https:\\\/\\\/www.italianacontenitori.com\\\/de\\\/produkt\\\/roll-120-x-100-cm-verstarkt\\\/\",\"url\":\"https:\\\/\\\/www.italianacontenitori.com\\\/de\\\/produkt\\\/roll-120-x-100-cm-verstarkt\\\/\",\"name\":\"MAXI Verst\u00e4rkter Rollcontainer 120 x 100 cm | Italiana Contenitori\",\"isPartOf\":{\"@id\":\"https:\\\/\\\/www.italianacontenitori.com\\\/de\\\/#website\"},\"primaryImageOfPage\":{\"@id\":\"https:\\\/\\\/www.italianacontenitori.com\\\/de\\\/produkt\\\/roll-120-x-100-cm-verstarkt\\\/#primaryimage\"},\"image\":{\"@id\":\"https:\\\/\\\/www.italianacontenitori.com\\\/de\\\/produkt\\\/roll-120-x-100-cm-verstarkt\\\/#primaryimage\"},\"thumbnailUrl\":\"https:\\\/\\\/www.italianacontenitori.com\\\/wp-content\\\/uploads\\\/2020\\\/12\\\/ROLR0180H4R0-1.png\",\"datePublished\":\"2020-12-11T15:53:28+00:00\",\"dateModified\":\"2026-04-10T14:35:55+00:00\",\"description\":\"MAXI-Rollbeh\u00e4lter mit verst\u00e4rktem Boden, ideal f\u00fcr sperrige Lasten bis zu 600 kg. Von 2 bis 4 Bordw\u00e4nden, mit verstellbaren Einlegeb\u00f6den und Zubeh\u00f6r.\",\"breadcrumb\":{\"@id\":\"https:\\\/\\\/www.italianacontenitori.com\\\/de\\\/produkt\\\/roll-120-x-100-cm-verstarkt\\\/#breadcrumb\"},\"inLanguage\":\"de\",\"potentialAction\":[{\"@type\":\"ReadAction\",\"target\":[\"https:\\\/\\\/www.italianacontenitori.com\\\/de\\\/produkt\\\/roll-120-x-100-cm-verstarkt\\\/\"]}]},{\"@type\":\"ImageObject\",\"inLanguage\":\"de\",\"@id\":\"https:\\\/\\\/www.italianacontenitori.com\\\/de\\\/produkt\\\/roll-120-x-100-cm-verstarkt\\\/#primaryimage\",\"url\":\"https:\\\/\\\/www.italianacontenitori.com\\\/wp-content\\\/uploads\\\/2020\\\/12\\\/ROLR0180H4R0-1.png\",\"contentUrl\":\"https:\\\/\\\/www.italianacontenitori.com\\\/wp-content\\\/uploads\\\/2020\\\/12\\\/ROLR0180H4R0-1.png\",\"width\":1024,\"height\":1024,\"caption\":\"Rollcontainer MAXI mit verst\u00e4rktem Boden - 2 bis 4 Seiten mit Klappe. Tragf\u00e4higkeit bis zu 600 kg f\u00fcr sperrige G\u00fcter\"},{\"@type\":\"BreadcrumbList\",\"@id\":\"https:\\\/\\\/www.italianacontenitori.com\\\/de\\\/produkt\\\/roll-120-x-100-cm-verstarkt\\\/#breadcrumb\",\"itemListElement\":[{\"@type\":\"ListItem\",\"position\":1,\"name\":\"Home\",\"item\":\"https:\\\/\\\/www.italianacontenitori.com\\\/de\\\/metallgitterboxen\\\/\"},{\"@type\":\"ListItem\",\"position\":2,\"name\":\"Rollcontainer MAXI 120 x 100 cm &#8211; Verst\u00e4rkt\"}]},{\"@type\":\"WebSite\",\"@id\":\"https:\\\/\\\/www.italianacontenitori.com\\\/de\\\/#website\",\"url\":\"https:\\\/\\\/www.italianacontenitori.com\\\/de\\\/\",\"name\":\"italianacontenitori.com\",\"description\":\"Produzione di contenitori industriali e roll container\",\"publisher\":{\"@id\":\"https:\\\/\\\/www.italianacontenitori.com\\\/de\\\/#organization\"},\"potentialAction\":[{\"@type\":\"SearchAction\",\"target\":{\"@type\":\"EntryPoint\",\"urlTemplate\":\"https:\\\/\\\/www.italianacontenitori.com\\\/de\\\/?s={search_term_string}\"},\"query-input\":{\"@type\":\"PropertyValueSpecification\",\"valueRequired\":true,\"valueName\":\"search_term_string\"}}],\"inLanguage\":\"de\"},{\"@type\":\"Organization\",\"@id\":\"https:\\\/\\\/www.italianacontenitori.com\\\/de\\\/#organization\",\"name\":\"Italiana Contenitori s.r.l.\",\"alternateName\":\"IC\",\"url\":\"https:\\\/\\\/www.italianacontenitori.com\\\/de\\\/\",\"logo\":{\"@type\":\"ImageObject\",\"inLanguage\":\"de\",\"@id\":\"https:\\\/\\\/www.italianacontenitori.com\\\/de\\\/#\\\/schema\\\/logo\\\/image\\\/\",\"url\":\"https:\\\/\\\/www.italianacontenitori.com\\\/wp-content\\\/uploads\\\/2020\\\/11\\\/cropped-Logo-Italiana-Contenitori_favicon.jpg\",\"contentUrl\":\"https:\\\/\\\/www.italianacontenitori.com\\\/wp-content\\\/uploads\\\/2020\\\/11\\\/cropped-Logo-Italiana-Contenitori_favicon.jpg\",\"width\":512,\"height\":512,\"caption\":\"Italiana Contenitori s.r.l.\"},\"image\":{\"@id\":\"https:\\\/\\\/www.italianacontenitori.com\\\/de\\\/#\\\/schema\\\/logo\\\/image\\\/\"}}]}<\/script>\n<!-- \/ Yoast SEO plugin. -->","yoast_head_json":{"title":"MAXI Verst\u00e4rkter Rollcontainer 120 x 100 cm | Italiana Contenitori","description":"MAXI-Rollbeh\u00e4lter mit verst\u00e4rktem Boden, ideal f\u00fcr sperrige Lasten bis zu 600 kg. Von 2 bis 4 Bordw\u00e4nden, mit verstellbaren Einlegeb\u00f6den und Zubeh\u00f6r.","robots":{"index":"index","follow":"follow","max-snippet":"max-snippet:-1","max-image-preview":"max-image-preview:large","max-video-preview":"max-video-preview:-1"},"canonical":"https:\/\/www.italianacontenitori.com\/de\/produkt\/roll-120-x-100-cm-verstarkt\/","og_locale":"de_DE","og_type":"article","og_title":"MAXI Verst\u00e4rkter Rollcontainer 120 x 100 cm | Italiana Contenitori","og_description":"MAXI-Rollbeh\u00e4lter mit verst\u00e4rktem Boden, ideal f\u00fcr sperrige Lasten bis zu 600 kg. Von 2 bis 4 Bordw\u00e4nden, mit verstellbaren Einlegeb\u00f6den und Zubeh\u00f6r.","og_url":"https:\/\/www.italianacontenitori.com\/de\/produkt\/roll-120-x-100-cm-verstarkt\/","og_site_name":"italianacontenitori.com","article_modified_time":"2026-04-10T14:35:55+00:00","og_image":[{"width":1024,"height":1024,"url":"https:\/\/www.italianacontenitori.com\/wp-content\/uploads\/2020\/12\/ROLR0180H4R0-1.png","type":"image\/png"}],"twitter_card":"summary_large_image","twitter_misc":{"Gesch\u00e4tzte Lesezeit":"2\u00a0Minuten"},"schema":{"@context":"https:\/\/schema.org","@graph":[{"@type":"WebPage","@id":"https:\/\/www.italianacontenitori.com\/de\/produkt\/roll-120-x-100-cm-verstarkt\/","url":"https:\/\/www.italianacontenitori.com\/de\/produkt\/roll-120-x-100-cm-verstarkt\/","name":"MAXI Verst\u00e4rkter Rollcontainer 120 x 100 cm | Italiana Contenitori","isPartOf":{"@id":"https:\/\/www.italianacontenitori.com\/de\/#website"},"primaryImageOfPage":{"@id":"https:\/\/www.italianacontenitori.com\/de\/produkt\/roll-120-x-100-cm-verstarkt\/#primaryimage"},"image":{"@id":"https:\/\/www.italianacontenitori.com\/de\/produkt\/roll-120-x-100-cm-verstarkt\/#primaryimage"},"thumbnailUrl":"https:\/\/www.italianacontenitori.com\/wp-content\/uploads\/2020\/12\/ROLR0180H4R0-1.png","datePublished":"2020-12-11T15:53:28+00:00","dateModified":"2026-04-10T14:35:55+00:00","description":"MAXI-Rollbeh\u00e4lter mit verst\u00e4rktem Boden, ideal f\u00fcr sperrige Lasten bis zu 600 kg. Von 2 bis 4 Bordw\u00e4nden, mit verstellbaren Einlegeb\u00f6den und Zubeh\u00f6r.","breadcrumb":{"@id":"https:\/\/www.italianacontenitori.com\/de\/produkt\/roll-120-x-100-cm-verstarkt\/#breadcrumb"},"inLanguage":"de","potentialAction":[{"@type":"ReadAction","target":["https:\/\/www.italianacontenitori.com\/de\/produkt\/roll-120-x-100-cm-verstarkt\/"]}]},{"@type":"ImageObject","inLanguage":"de","@id":"https:\/\/www.italianacontenitori.com\/de\/produkt\/roll-120-x-100-cm-verstarkt\/#primaryimage","url":"https:\/\/www.italianacontenitori.com\/wp-content\/uploads\/2020\/12\/ROLR0180H4R0-1.png","contentUrl":"https:\/\/www.italianacontenitori.com\/wp-content\/uploads\/2020\/12\/ROLR0180H4R0-1.png","width":1024,"height":1024,"caption":"Rollcontainer MAXI mit verst\u00e4rktem Boden - 2 bis 4 Seiten mit Klappe. Tragf\u00e4higkeit bis zu 600 kg f\u00fcr sperrige G\u00fcter"},{"@type":"BreadcrumbList","@id":"https:\/\/www.italianacontenitori.com\/de\/produkt\/roll-120-x-100-cm-verstarkt\/#breadcrumb","itemListElement":[{"@type":"ListItem","position":1,"name":"Home","item":"https:\/\/www.italianacontenitori.com\/de\/metallgitterboxen\/"},{"@type":"ListItem","position":2,"name":"Rollcontainer MAXI 120 x 100 cm &#8211; Verst\u00e4rkt"}]},{"@type":"WebSite","@id":"https:\/\/www.italianacontenitori.com\/de\/#website","url":"https:\/\/www.italianacontenitori.com\/de\/","name":"italianacontenitori.com","description":"Produzione di contenitori industriali e roll container","publisher":{"@id":"https:\/\/www.italianacontenitori.com\/de\/#organization"},"potentialAction":[{"@type":"SearchAction","target":{"@type":"EntryPoint","urlTemplate":"https:\/\/www.italianacontenitori.com\/de\/?s={search_term_string}"},"query-input":{"@type":"PropertyValueSpecification","valueRequired":true,"valueName":"search_term_string"}}],"inLanguage":"de"},{"@type":"Organization","@id":"https:\/\/www.italianacontenitori.com\/de\/#organization","name":"Italiana Contenitori s.r.l.","alternateName":"IC","url":"https:\/\/www.italianacontenitori.com\/de\/","logo":{"@type":"ImageObject","inLanguage":"de","@id":"https:\/\/www.italianacontenitori.com\/de\/#\/schema\/logo\/image\/","url":"https:\/\/www.italianacontenitori.com\/wp-content\/uploads\/2020\/11\/cropped-Logo-Italiana-Contenitori_favicon.jpg","contentUrl":"https:\/\/www.italianacontenitori.com\/wp-content\/uploads\/2020\/11\/cropped-Logo-Italiana-Contenitori_favicon.jpg","width":512,"height":512,"caption":"Italiana Contenitori s.r.l."},"image":{"@id":"https:\/\/www.italianacontenitori.com\/de\/#\/schema\/logo\/image\/"}}]}},"_links":{"self":[{"href":"https:\/\/www.italianacontenitori.com\/de\/wp-json\/wp\/v2\/product\/241286","targetHints":{"allow":["GET"]}}],"collection":[{"href":"https:\/\/www.italianacontenitori.com\/de\/wp-json\/wp\/v2\/product"}],"about":[{"href":"https:\/\/www.italianacontenitori.com\/de\/wp-json\/wp\/v2\/types\/product"}],"replies":[{"embeddable":true,"href":"https:\/\/www.italianacontenitori.com\/de\/wp-json\/wp\/v2\/comments?post=241286"}],"wp:featuredmedia":[{"embeddable":true,"href":"https:\/\/www.italianacontenitori.com\/de\/wp-json\/wp\/v2\/media\/240267"}],"wp:attachment":[{"href":"https:\/\/www.italianacontenitori.com\/de\/wp-json\/wp\/v2\/media?parent=241286"}],"wp:term":[{"taxonomy":"product_brand","embeddable":true,"href":"https:\/\/www.italianacontenitori.com\/de\/wp-json\/wp\/v2\/product_brand?post=241286"},{"taxonomy":"product_cat","embeddable":true,"href":"https:\/\/www.italianacontenitori.com\/de\/wp-json\/wp\/v2\/product_cat?post=241286"},{"taxonomy":"product_tag","embeddable":true,"href":"https:\/\/www.italianacontenitori.com\/de\/wp-json\/wp\/v2\/product_tag?post=241286"}],"curies":[{"name":"wp","href":"https:\/\/api.w.org\/{rel}","templated":true}]}}