{"id":241330,"date":"2020-12-11T14:18:06","date_gmt":"2020-12-11T14:18:06","guid":{"rendered":"https:\/\/www.italianacontenitori.com\/product\/roll-72-x-80-cm-verstaerkter-boden\/"},"modified":"2026-04-10T14:35:56","modified_gmt":"2026-04-10T14:35:56","slug":"roll-72-x-80-cm-verstakter-boden","status":"publish","type":"product","link":"https:\/\/www.italianacontenitori.com\/de\/produkt\/roll-72-x-80-cm-verstakter-boden\/","title":{"rendered":"Standard-Rollbeh\u00e4lter 72 x 80 cm &#8211; Verst\u00e4rkt"},"content":{"rendered":"<p>Der 72 x 80 cm gro\u00dfe Standard-Rollcontainer mit verst\u00e4rktem Boden ist ein Drahtgitterwagen auf R\u00e4dern, der f\u00fcr die effizienteste Handhabung und Lagerung von Waren in stark frequentierten Umgebungen wie <strong>Industriew\u00e4schereien, Krankenh\u00e4usern und Gemeinden<\/strong> entwickelt wurde. Dieser robuste Paketwagen bietet St\u00e4rke und Stabilit\u00e4t mit einer Tragf\u00e4higkeit von bis zu 600 kg, perfekt f\u00fcr den Transport von sperrigen und schweren G\u00fctern. <strong>Die Eckverst\u00e4rkungen im Boden sorgen f\u00fcr zus\u00e4tzliche Festigkeit<\/strong>, so dass er sich ideal f\u00fcr eine intensive Nutzung eignet, auch in einer zweiseitigen Konfiguration mit Hilfe von Gurten.  <\/p>\n<h2><strong>Standard-Industriewagen mit verst\u00e4rktem Boden<\/strong> 72&#215;80 cm auf einen Blick:<\/h2>\n<ul>\n<li><strong>Au\u00dfenma\u00dfe:<\/strong> 72 x 80 cm<\/li>\n<li><strong>H\u00f6he:<\/strong> 152 bis 180 cm<\/li>\n<li><strong>Tragf\u00e4higkeit:<\/strong> 400 kg oder 600 kg je nach den gew\u00e4hlten R\u00e4dern<\/li>\n<li><strong>Dichtes Bodennetz<\/strong>: verhindert, dass kleine Gegenst\u00e4nde herunterfallen.<\/li>\n<\/ul>\n<h2>Seitengitter, Netz, R\u00e4der und andere Merkmale<\/h2>\n<p>Der Lastentr\u00e4ger mit verst\u00e4rktem Boden ist in verschiedenen <strong>Sideboard-Konfigurationen<\/strong> erh\u00e4ltlich <strong>: 2, 3 oder 4 mit Klappe<\/strong> zum einfachen Be- und Entladen von Waren. Seine robuste Struktur wird durch ein 105&#215;155 mm und 380&#215;395 mm gro\u00dfes Gitter erg\u00e4nzt, das f\u00fcr maximale Sicherheit beim Transport sorgt. Die robusten R\u00e4der, die wahlweise fest oder schwenkbar konfiguriert werden k\u00f6nnen, sorgen f\u00fcr eine hervorragende Man\u00f6vrierf\u00e4higkeit auch bei schweren Lasten und machen ihn so ideal f\u00fcr den Einsatz in Bereichen wie der Gastronomie oder dem Abfall- und Kartonhandling.  <\/p>\n<p><strong>Versand:<\/strong> Eine vollst\u00e4ndig montierte Rolle enth\u00e4lt bis zu 4 zerlegte Einheiten. Dadurch <strong>k\u00f6nnen 5 Standard-Rollcontainer in einem versandt werden, was<\/strong> die Transport- und R\u00fccksendekosten reduziert.<\/p>\n","protected":false},"excerpt":{"rendered":"<p>Klassischer Rollbeh\u00e4lter f\u00fcr alle Verwendungszwecke. Erh\u00e4ltlich in verschiedenen H\u00f6hen und Konfigurationen, um die Lagerung und Handhabung von Waren bestens verwalten zu k\u00f6nnen. Die Verst\u00e4rkungen an den Ecken des Bodens sorgen f\u00fcr mehr Belastbarkeit.<\/p>\n","protected":false},"featured_media":240272,"comment_status":"open","ping_status":"closed","template":"","meta":{"_acf_changed":false,"_et_pb_use_builder":"","_et_pb_old_content":"","_et_gb_content_width":""},"product_brand":[],"product_cat":[1547,2065],"product_tag":[2125],"class_list":{"0":"post-241330","1":"product","2":"type-product","3":"status-publish","4":"has-post-thumbnail","6":"product_cat-roll-container-de","7":"product_cat-sicherheitsrollcontainer","8":"product_tag-rollcontainer-standardabmessungen","10":"first","11":"instock","12":"shipping-taxable","13":"purchasable","14":"product-type-variable","15":"has-default-attributes"},"acf":[],"yoast_head":"<!-- This site is optimized with the Yoast SEO plugin v27.3 - https:\/\/yoast.com\/product\/yoast-seo-wordpress\/ -->\n<title>Standard-Rollbeh\u00e4lter 72 x 80 cm - Verst\u00e4rkt - italianacontenitori.com<\/title>\n<meta name=\"description\" content=\"Standard-Rollbeh\u00e4lter mit verst\u00e4rktem Boden. Robustheit und Stabilit\u00e4t f\u00fcr schwere G\u00fcter, ideal f\u00fcr W\u00e4schereien, Industrie, Gro\u00dfhandel. Maximale Belastung: 600 kg.\" \/>\n<meta name=\"robots\" content=\"index, follow, max-snippet:-1, max-image-preview:large, max-video-preview:-1\" \/>\n<link rel=\"canonical\" href=\"https:\/\/www.italianacontenitori.com\/de\/produkt\/roll-72-x-80-cm-verstakter-boden\/\" \/>\n<meta property=\"og:locale\" content=\"de_DE\" \/>\n<meta property=\"og:type\" content=\"article\" \/>\n<meta property=\"og:title\" content=\"Standard-Rollbeh\u00e4lter 72 x 80 cm - Verst\u00e4rkt - italianacontenitori.com\" \/>\n<meta property=\"og:description\" content=\"Standard-Rollbeh\u00e4lter mit verst\u00e4rktem Boden. Robustheit und Stabilit\u00e4t f\u00fcr schwere G\u00fcter, ideal f\u00fcr W\u00e4schereien, Industrie, Gro\u00dfhandel. Maximale Belastung: 600 kg.\" \/>\n<meta property=\"og:url\" content=\"https:\/\/www.italianacontenitori.com\/de\/produkt\/roll-72-x-80-cm-verstakter-boden\/\" \/>\n<meta property=\"og:site_name\" content=\"italianacontenitori.com\" \/>\n<meta property=\"article:modified_time\" content=\"2026-04-10T14:35:56+00:00\" \/>\n<meta property=\"og:image\" content=\"https:\/\/www.italianacontenitori.com\/wp-content\/uploads\/2020\/12\/ROLR0050H4R0-1.png\" \/>\n\t<meta property=\"og:image:width\" content=\"1024\" \/>\n\t<meta property=\"og:image:height\" content=\"1024\" \/>\n\t<meta property=\"og:image:type\" content=\"image\/png\" \/>\n<meta name=\"twitter:card\" content=\"summary_large_image\" \/>\n<meta name=\"twitter:label1\" content=\"Gesch\u00e4tzte Lesezeit\" \/>\n\t<meta name=\"twitter:data1\" content=\"1\u00a0Minute\" \/>\n<script type=\"application\/ld+json\" class=\"yoast-schema-graph\">{\"@context\":\"https:\\\/\\\/schema.org\",\"@graph\":[{\"@type\":\"WebPage\",\"@id\":\"https:\\\/\\\/www.italianacontenitori.com\\\/de\\\/produkt\\\/roll-72-x-80-cm-verstakter-boden\\\/\",\"url\":\"https:\\\/\\\/www.italianacontenitori.com\\\/de\\\/produkt\\\/roll-72-x-80-cm-verstakter-boden\\\/\",\"name\":\"Standard-Rollbeh\u00e4lter 72 x 80 cm - Verst\u00e4rkt - italianacontenitori.com\",\"isPartOf\":{\"@id\":\"https:\\\/\\\/www.italianacontenitori.com\\\/de\\\/#website\"},\"primaryImageOfPage\":{\"@id\":\"https:\\\/\\\/www.italianacontenitori.com\\\/de\\\/produkt\\\/roll-72-x-80-cm-verstakter-boden\\\/#primaryimage\"},\"image\":{\"@id\":\"https:\\\/\\\/www.italianacontenitori.com\\\/de\\\/produkt\\\/roll-72-x-80-cm-verstakter-boden\\\/#primaryimage\"},\"thumbnailUrl\":\"https:\\\/\\\/www.italianacontenitori.com\\\/wp-content\\\/uploads\\\/2020\\\/12\\\/ROLR0050H4R0-1.png\",\"datePublished\":\"2020-12-11T14:18:06+00:00\",\"dateModified\":\"2026-04-10T14:35:56+00:00\",\"description\":\"Standard-Rollbeh\u00e4lter mit verst\u00e4rktem Boden. Robustheit und Stabilit\u00e4t f\u00fcr schwere G\u00fcter, ideal f\u00fcr W\u00e4schereien, Industrie, Gro\u00dfhandel. Maximale Belastung: 600 kg.\",\"breadcrumb\":{\"@id\":\"https:\\\/\\\/www.italianacontenitori.com\\\/de\\\/produkt\\\/roll-72-x-80-cm-verstakter-boden\\\/#breadcrumb\"},\"inLanguage\":\"de\",\"potentialAction\":[{\"@type\":\"ReadAction\",\"target\":[\"https:\\\/\\\/www.italianacontenitori.com\\\/de\\\/produkt\\\/roll-72-x-80-cm-verstakter-boden\\\/\"]}]},{\"@type\":\"ImageObject\",\"inLanguage\":\"de\",\"@id\":\"https:\\\/\\\/www.italianacontenitori.com\\\/de\\\/produkt\\\/roll-72-x-80-cm-verstakter-boden\\\/#primaryimage\",\"url\":\"https:\\\/\\\/www.italianacontenitori.com\\\/wp-content\\\/uploads\\\/2020\\\/12\\\/ROLR0050H4R0-1.png\",\"contentUrl\":\"https:\\\/\\\/www.italianacontenitori.com\\\/wp-content\\\/uploads\\\/2020\\\/12\\\/ROLR0050H4R0-1.png\",\"width\":1024,\"height\":1024,\"caption\":\"Standard-Rollbeh\u00e4lter mit verst\u00e4rktem Boden. 72x80 cm. Erh\u00e4ltlich mit 2 Seiten, 3 Seiten und 4 Seiten mit Klappe. Tragf\u00e4higkeit 600 kg.\"},{\"@type\":\"BreadcrumbList\",\"@id\":\"https:\\\/\\\/www.italianacontenitori.com\\\/de\\\/produkt\\\/roll-72-x-80-cm-verstakter-boden\\\/#breadcrumb\",\"itemListElement\":[{\"@type\":\"ListItem\",\"position\":1,\"name\":\"Home\",\"item\":\"https:\\\/\\\/www.italianacontenitori.com\\\/de\\\/metallgitterboxen\\\/\"},{\"@type\":\"ListItem\",\"position\":2,\"name\":\"Standard-Rollbeh\u00e4lter 72 x 80 cm &#8211; Verst\u00e4rkt\"}]},{\"@type\":\"WebSite\",\"@id\":\"https:\\\/\\\/www.italianacontenitori.com\\\/de\\\/#website\",\"url\":\"https:\\\/\\\/www.italianacontenitori.com\\\/de\\\/\",\"name\":\"italianacontenitori.com\",\"description\":\"Produzione di contenitori industriali e roll container\",\"publisher\":{\"@id\":\"https:\\\/\\\/www.italianacontenitori.com\\\/de\\\/#organization\"},\"potentialAction\":[{\"@type\":\"SearchAction\",\"target\":{\"@type\":\"EntryPoint\",\"urlTemplate\":\"https:\\\/\\\/www.italianacontenitori.com\\\/de\\\/?s={search_term_string}\"},\"query-input\":{\"@type\":\"PropertyValueSpecification\",\"valueRequired\":true,\"valueName\":\"search_term_string\"}}],\"inLanguage\":\"de\"},{\"@type\":\"Organization\",\"@id\":\"https:\\\/\\\/www.italianacontenitori.com\\\/de\\\/#organization\",\"name\":\"Italiana Contenitori s.r.l.\",\"alternateName\":\"IC\",\"url\":\"https:\\\/\\\/www.italianacontenitori.com\\\/de\\\/\",\"logo\":{\"@type\":\"ImageObject\",\"inLanguage\":\"de\",\"@id\":\"https:\\\/\\\/www.italianacontenitori.com\\\/de\\\/#\\\/schema\\\/logo\\\/image\\\/\",\"url\":\"https:\\\/\\\/www.italianacontenitori.com\\\/wp-content\\\/uploads\\\/2020\\\/11\\\/cropped-Logo-Italiana-Contenitori_favicon.jpg\",\"contentUrl\":\"https:\\\/\\\/www.italianacontenitori.com\\\/wp-content\\\/uploads\\\/2020\\\/11\\\/cropped-Logo-Italiana-Contenitori_favicon.jpg\",\"width\":512,\"height\":512,\"caption\":\"Italiana Contenitori s.r.l.\"},\"image\":{\"@id\":\"https:\\\/\\\/www.italianacontenitori.com\\\/de\\\/#\\\/schema\\\/logo\\\/image\\\/\"}}]}<\/script>\n<!-- \/ Yoast SEO plugin. -->","yoast_head_json":{"title":"Standard-Rollbeh\u00e4lter 72 x 80 cm - Verst\u00e4rkt - italianacontenitori.com","description":"Standard-Rollbeh\u00e4lter mit verst\u00e4rktem Boden. Robustheit und Stabilit\u00e4t f\u00fcr schwere G\u00fcter, ideal f\u00fcr W\u00e4schereien, Industrie, Gro\u00dfhandel. Maximale Belastung: 600 kg.","robots":{"index":"index","follow":"follow","max-snippet":"max-snippet:-1","max-image-preview":"max-image-preview:large","max-video-preview":"max-video-preview:-1"},"canonical":"https:\/\/www.italianacontenitori.com\/de\/produkt\/roll-72-x-80-cm-verstakter-boden\/","og_locale":"de_DE","og_type":"article","og_title":"Standard-Rollbeh\u00e4lter 72 x 80 cm - Verst\u00e4rkt - italianacontenitori.com","og_description":"Standard-Rollbeh\u00e4lter mit verst\u00e4rktem Boden. Robustheit und Stabilit\u00e4t f\u00fcr schwere G\u00fcter, ideal f\u00fcr W\u00e4schereien, Industrie, Gro\u00dfhandel. Maximale Belastung: 600 kg.","og_url":"https:\/\/www.italianacontenitori.com\/de\/produkt\/roll-72-x-80-cm-verstakter-boden\/","og_site_name":"italianacontenitori.com","article_modified_time":"2026-04-10T14:35:56+00:00","og_image":[{"width":1024,"height":1024,"url":"https:\/\/www.italianacontenitori.com\/wp-content\/uploads\/2020\/12\/ROLR0050H4R0-1.png","type":"image\/png"}],"twitter_card":"summary_large_image","twitter_misc":{"Gesch\u00e4tzte Lesezeit":"1\u00a0Minute"},"schema":{"@context":"https:\/\/schema.org","@graph":[{"@type":"WebPage","@id":"https:\/\/www.italianacontenitori.com\/de\/produkt\/roll-72-x-80-cm-verstakter-boden\/","url":"https:\/\/www.italianacontenitori.com\/de\/produkt\/roll-72-x-80-cm-verstakter-boden\/","name":"Standard-Rollbeh\u00e4lter 72 x 80 cm - Verst\u00e4rkt - italianacontenitori.com","isPartOf":{"@id":"https:\/\/www.italianacontenitori.com\/de\/#website"},"primaryImageOfPage":{"@id":"https:\/\/www.italianacontenitori.com\/de\/produkt\/roll-72-x-80-cm-verstakter-boden\/#primaryimage"},"image":{"@id":"https:\/\/www.italianacontenitori.com\/de\/produkt\/roll-72-x-80-cm-verstakter-boden\/#primaryimage"},"thumbnailUrl":"https:\/\/www.italianacontenitori.com\/wp-content\/uploads\/2020\/12\/ROLR0050H4R0-1.png","datePublished":"2020-12-11T14:18:06+00:00","dateModified":"2026-04-10T14:35:56+00:00","description":"Standard-Rollbeh\u00e4lter mit verst\u00e4rktem Boden. Robustheit und Stabilit\u00e4t f\u00fcr schwere G\u00fcter, ideal f\u00fcr W\u00e4schereien, Industrie, Gro\u00dfhandel. Maximale Belastung: 600 kg.","breadcrumb":{"@id":"https:\/\/www.italianacontenitori.com\/de\/produkt\/roll-72-x-80-cm-verstakter-boden\/#breadcrumb"},"inLanguage":"de","potentialAction":[{"@type":"ReadAction","target":["https:\/\/www.italianacontenitori.com\/de\/produkt\/roll-72-x-80-cm-verstakter-boden\/"]}]},{"@type":"ImageObject","inLanguage":"de","@id":"https:\/\/www.italianacontenitori.com\/de\/produkt\/roll-72-x-80-cm-verstakter-boden\/#primaryimage","url":"https:\/\/www.italianacontenitori.com\/wp-content\/uploads\/2020\/12\/ROLR0050H4R0-1.png","contentUrl":"https:\/\/www.italianacontenitori.com\/wp-content\/uploads\/2020\/12\/ROLR0050H4R0-1.png","width":1024,"height":1024,"caption":"Standard-Rollbeh\u00e4lter mit verst\u00e4rktem Boden. 72x80 cm. Erh\u00e4ltlich mit 2 Seiten, 3 Seiten und 4 Seiten mit Klappe. Tragf\u00e4higkeit 600 kg."},{"@type":"BreadcrumbList","@id":"https:\/\/www.italianacontenitori.com\/de\/produkt\/roll-72-x-80-cm-verstakter-boden\/#breadcrumb","itemListElement":[{"@type":"ListItem","position":1,"name":"Home","item":"https:\/\/www.italianacontenitori.com\/de\/metallgitterboxen\/"},{"@type":"ListItem","position":2,"name":"Standard-Rollbeh\u00e4lter 72 x 80 cm &#8211; Verst\u00e4rkt"}]},{"@type":"WebSite","@id":"https:\/\/www.italianacontenitori.com\/de\/#website","url":"https:\/\/www.italianacontenitori.com\/de\/","name":"italianacontenitori.com","description":"Produzione di contenitori industriali e roll container","publisher":{"@id":"https:\/\/www.italianacontenitori.com\/de\/#organization"},"potentialAction":[{"@type":"SearchAction","target":{"@type":"EntryPoint","urlTemplate":"https:\/\/www.italianacontenitori.com\/de\/?s={search_term_string}"},"query-input":{"@type":"PropertyValueSpecification","valueRequired":true,"valueName":"search_term_string"}}],"inLanguage":"de"},{"@type":"Organization","@id":"https:\/\/www.italianacontenitori.com\/de\/#organization","name":"Italiana Contenitori s.r.l.","alternateName":"IC","url":"https:\/\/www.italianacontenitori.com\/de\/","logo":{"@type":"ImageObject","inLanguage":"de","@id":"https:\/\/www.italianacontenitori.com\/de\/#\/schema\/logo\/image\/","url":"https:\/\/www.italianacontenitori.com\/wp-content\/uploads\/2020\/11\/cropped-Logo-Italiana-Contenitori_favicon.jpg","contentUrl":"https:\/\/www.italianacontenitori.com\/wp-content\/uploads\/2020\/11\/cropped-Logo-Italiana-Contenitori_favicon.jpg","width":512,"height":512,"caption":"Italiana Contenitori s.r.l."},"image":{"@id":"https:\/\/www.italianacontenitori.com\/de\/#\/schema\/logo\/image\/"}}]}},"_links":{"self":[{"href":"https:\/\/www.italianacontenitori.com\/de\/wp-json\/wp\/v2\/product\/241330","targetHints":{"allow":["GET"]}}],"collection":[{"href":"https:\/\/www.italianacontenitori.com\/de\/wp-json\/wp\/v2\/product"}],"about":[{"href":"https:\/\/www.italianacontenitori.com\/de\/wp-json\/wp\/v2\/types\/product"}],"replies":[{"embeddable":true,"href":"https:\/\/www.italianacontenitori.com\/de\/wp-json\/wp\/v2\/comments?post=241330"}],"wp:featuredmedia":[{"embeddable":true,"href":"https:\/\/www.italianacontenitori.com\/de\/wp-json\/wp\/v2\/media\/240272"}],"wp:attachment":[{"href":"https:\/\/www.italianacontenitori.com\/de\/wp-json\/wp\/v2\/media?parent=241330"}],"wp:term":[{"taxonomy":"product_brand","embeddable":true,"href":"https:\/\/www.italianacontenitori.com\/de\/wp-json\/wp\/v2\/product_brand?post=241330"},{"taxonomy":"product_cat","embeddable":true,"href":"https:\/\/www.italianacontenitori.com\/de\/wp-json\/wp\/v2\/product_cat?post=241330"},{"taxonomy":"product_tag","embeddable":true,"href":"https:\/\/www.italianacontenitori.com\/de\/wp-json\/wp\/v2\/product_tag?post=241330"}],"curies":[{"name":"wp","href":"https:\/\/api.w.org\/{rel}","templated":true}]}}