{"id":241435,"date":"2020-12-11T09:34:32","date_gmt":"2020-12-11T09:34:32","guid":{"rendered":"https:\/\/www.italianacontenitori.com\/product\/roll-60-x-80-cm\/"},"modified":"2026-04-10T14:35:42","modified_gmt":"2026-04-10T14:35:42","slug":"roll-60-x-80-cm-de","status":"publish","type":"product","link":"https:\/\/www.italianacontenitori.com\/de\/produkt\/roll-60-x-80-cm-de\/","title":{"rendered":"Rollcontainer 60 x 80 cm &#8211; Klein"},"content":{"rendered":"<p>Der <strong>60 x 80 cm kleine Drahtrollbeh\u00e4lter<\/strong>, Modell ROLG0030, ist perfekt f\u00fcr alle, die eine kompakte, robuste und vielseitige Transportl\u00f6sung suchen. Mit Au\u00dfenma\u00dfen von <strong>600 x 800 mm<\/strong> ist diese <strong>Industrierolle<\/strong> platzoptimiert und ideal f\u00fcr die Lagerung in Bereichen wie Industriew\u00e4schereien, Krankenh\u00e4usern und Lagerh\u00e4usern. <\/p>\n<p>Dieser <strong>Rollcontainer<\/strong> ist in H\u00f6hen bis zu <strong>1800 mm<\/strong> erh\u00e4ltlich und kann trotz seiner geringen Gr\u00f6\u00dfe schwere Lasten von bis zu <strong>600 kg <\/strong>tragen &#8211; eine effiziente L\u00f6sung f\u00fcr den Warenumschlag. Seine solide und starke Struktur aus verzinktem Draht wird durch ein <strong>Metallgitter<\/strong> erg\u00e4nzt, das je nach H\u00f6he und Konfiguration der Rolle variiert. Die Rolle kann mit wenigen Handgriffen und ohne Werkzeug schnell abgebaut werden.  <\/p>\n<p>Die <strong>verstellbaren Einlegeb\u00f6den<\/strong> nutzen den Platz im Inneren optimal aus, passen sich an verschiedene Arten von Waren an und verbessern die Organisation der Ladung. Diese Flexibilit\u00e4t macht ihn ideal f\u00fcr eine Vielzahl von Anwendungen, vom Produktionsmanagement bis hin zur Handhabung in Superm\u00e4rkten und Einzelhandelsgesch\u00e4ften. <\/p>\n<h2>Kompakter Rollcontainer 60 x 80 cm auf einen Blick:<\/h2>\n<ul>\n<li><strong>Au\u00dfenma\u00dfe<\/strong>: 600 x 800 mm<\/li>\n<li><strong>Tragf\u00e4higkeit<\/strong>: bis zu 600 kg<\/li>\n<li><strong>Verf\u00fcgbare H\u00f6hen<\/strong>: 1520 mm, 1650 mm, 1800 mm<\/li>\n<\/ul>\n<p><strong>R\u00e4der<\/strong> f\u00fcr jeden Bedarf Der Rollcontainer kann mit <strong>vier<\/strong> speziell entwickelten <strong>R\u00e4derkits<\/strong> ausgestattet werden, um jedem Bedarf gerecht zu werden. In aufsteigender Reihenfolge der Leistung: <strong>Standard Kit, <\/strong><strong>Quiet <\/strong><strong>Kit, <\/strong><strong>Heavy Kit, Strong Kit. <\/strong>Die R\u00e4der k\u00f6nnen schwenkbar oder gebremst sein, normalerweise paarweise. <\/p>\n<h2>Optimierte Logistik und Versand<\/h2>\n<p>Dank seines intelligenten Designs passt der <strong>industrielle Rollcontainer mit einer schmalen Basis<\/strong> (nur 60 cm) problemlos auf Transporter und Aufz\u00fcge und bietet eine perfekte L\u00f6sung f\u00fcr alle, die logistische Effizienz suchen. Mit der M\u00f6glichkeit, bis zu <strong>5 zerlegte Einheiten<\/strong> in einer zusammengebauten Rolle zu versenden, k\u00f6nnen Sie Ihre R\u00fccktransportkosten drastisch senken und den Lkw-Platz optimieren, indem Sie die Anzahl der Rollen pro Ladung maximieren. Mit dieser L\u00f6sung k\u00f6nnen Sie <strong>sofortige Einsparungen<\/strong> erzielen, Ihr Platzmanagement verbessern und die betriebliche Effizienz Ihres Unternehmens steigern.  <\/p>\n","protected":false},"excerpt":{"rendered":"<p>Rollbeh\u00e4lter ideal f\u00fcr Gross- und Krankenhausw\u00e4schereien, die geringe Gr\u00f6\u00dfe erleichtert das Einf\u00fchren in Aufz\u00fcge und den Transport in Lieferwagen. Erh\u00e4ltlich in verschiedenen H\u00f6hen und Konfigurationen, um die Lagerung und Handhabung von Waren bestens verwalten zu k\u00f6nnen.<\/p>\n","protected":false},"featured_media":240654,"comment_status":"open","ping_status":"closed","template":"","meta":{"_acf_changed":false,"_et_pb_use_builder":"","_et_pb_old_content":"","_et_gb_content_width":""},"product_brand":[],"product_cat":[1547],"product_tag":[2236],"class_list":{"0":"post-241435","1":"product","2":"type-product","3":"status-publish","4":"has-post-thumbnail","6":"product_cat-roll-container-de","7":"product_tag-rollcontainer-kompakte-abmessungen","9":"first","10":"instock","11":"shipping-taxable","12":"purchasable","13":"product-type-variable","14":"has-default-attributes"},"acf":[],"yoast_head":"<!-- This site is optimized with the Yoast SEO plugin v27.3 - https:\/\/yoast.com\/product\/yoast-seo-wordpress\/ -->\n<title>Kleiner Rollcontainer 60 x 80 cm | Italiana Contenitori<\/title>\n<meta name=\"description\" content=\"Kleiner, aber robuster, man\u00f6vrierf\u00e4higer und stabiler Rollcontainer. Verstellbare Einlegeb\u00f6den und 4 Rad-Sets erh\u00e4ltlich. Passt \u00fcber Kleintransporter und Aufz\u00fcge, tr\u00e4gt bis zu 600 kg\" \/>\n<meta name=\"robots\" content=\"index, follow, max-snippet:-1, max-image-preview:large, max-video-preview:-1\" \/>\n<link rel=\"canonical\" href=\"https:\/\/www.italianacontenitori.com\/de\/produkt\/roll-60-x-80-cm-de\/\" \/>\n<meta property=\"og:locale\" content=\"de_DE\" \/>\n<meta property=\"og:type\" content=\"article\" \/>\n<meta property=\"og:title\" content=\"Kleiner Rollcontainer 60 x 80 cm | Italiana Contenitori\" \/>\n<meta property=\"og:description\" content=\"Kleiner, aber robuster, man\u00f6vrierf\u00e4higer und stabiler Rollcontainer. Verstellbare Einlegeb\u00f6den und 4 Rad-Sets erh\u00e4ltlich. Passt \u00fcber Kleintransporter und Aufz\u00fcge, tr\u00e4gt bis zu 600 kg\" \/>\n<meta property=\"og:url\" content=\"https:\/\/www.italianacontenitori.com\/de\/produkt\/roll-60-x-80-cm-de\/\" \/>\n<meta property=\"og:site_name\" content=\"italianacontenitori.com\" \/>\n<meta property=\"article:modified_time\" content=\"2026-04-10T14:35:42+00:00\" \/>\n<meta property=\"og:image\" content=\"https:\/\/www.italianacontenitori.com\/wp-content\/uploads\/2020\/12\/ROLG0030H4R0a.png\" \/>\n\t<meta property=\"og:image:width\" content=\"1024\" \/>\n\t<meta property=\"og:image:height\" content=\"1024\" \/>\n\t<meta property=\"og:image:type\" content=\"image\/png\" \/>\n<meta name=\"twitter:card\" content=\"summary_large_image\" \/>\n<meta name=\"twitter:label1\" content=\"Gesch\u00e4tzte Lesezeit\" \/>\n\t<meta name=\"twitter:data1\" content=\"2\u00a0Minuten\" \/>\n<script type=\"application\/ld+json\" class=\"yoast-schema-graph\">{\"@context\":\"https:\\\/\\\/schema.org\",\"@graph\":[{\"@type\":\"WebPage\",\"@id\":\"https:\\\/\\\/www.italianacontenitori.com\\\/de\\\/produkt\\\/roll-60-x-80-cm-de\\\/\",\"url\":\"https:\\\/\\\/www.italianacontenitori.com\\\/de\\\/produkt\\\/roll-60-x-80-cm-de\\\/\",\"name\":\"Kleiner Rollcontainer 60 x 80 cm | Italiana Contenitori\",\"isPartOf\":{\"@id\":\"https:\\\/\\\/www.italianacontenitori.com\\\/de\\\/#website\"},\"primaryImageOfPage\":{\"@id\":\"https:\\\/\\\/www.italianacontenitori.com\\\/de\\\/produkt\\\/roll-60-x-80-cm-de\\\/#primaryimage\"},\"image\":{\"@id\":\"https:\\\/\\\/www.italianacontenitori.com\\\/de\\\/produkt\\\/roll-60-x-80-cm-de\\\/#primaryimage\"},\"thumbnailUrl\":\"https:\\\/\\\/www.italianacontenitori.com\\\/wp-content\\\/uploads\\\/2020\\\/12\\\/ROLG0030H4R0a.png\",\"datePublished\":\"2020-12-11T09:34:32+00:00\",\"dateModified\":\"2026-04-10T14:35:42+00:00\",\"description\":\"Kleiner, aber robuster, man\u00f6vrierf\u00e4higer und stabiler Rollcontainer. Verstellbare Einlegeb\u00f6den und 4 Rad-Sets erh\u00e4ltlich. Passt \u00fcber Kleintransporter und Aufz\u00fcge, tr\u00e4gt bis zu 600 kg\",\"breadcrumb\":{\"@id\":\"https:\\\/\\\/www.italianacontenitori.com\\\/de\\\/produkt\\\/roll-60-x-80-cm-de\\\/#breadcrumb\"},\"inLanguage\":\"de\",\"potentialAction\":[{\"@type\":\"ReadAction\",\"target\":[\"https:\\\/\\\/www.italianacontenitori.com\\\/de\\\/produkt\\\/roll-60-x-80-cm-de\\\/\"]}]},{\"@type\":\"ImageObject\",\"inLanguage\":\"de\",\"@id\":\"https:\\\/\\\/www.italianacontenitori.com\\\/de\\\/produkt\\\/roll-60-x-80-cm-de\\\/#primaryimage\",\"url\":\"https:\\\/\\\/www.italianacontenitori.com\\\/wp-content\\\/uploads\\\/2020\\\/12\\\/ROLG0030H4R0a.png\",\"contentUrl\":\"https:\\\/\\\/www.italianacontenitori.com\\\/wp-content\\\/uploads\\\/2020\\\/12\\\/ROLG0030H4R0a.png\",\"width\":1024,\"height\":1024,\"caption\":\"Kleiner Rollcontainer. Kompakte Abmessungen f\u00fcr kleine R\u00e4ume, Aufz\u00fcge, Transporter. Kann bis zu 600 kg tragen. Regale und Zubeh\u00f6r erh\u00e4ltlich.\"},{\"@type\":\"BreadcrumbList\",\"@id\":\"https:\\\/\\\/www.italianacontenitori.com\\\/de\\\/produkt\\\/roll-60-x-80-cm-de\\\/#breadcrumb\",\"itemListElement\":[{\"@type\":\"ListItem\",\"position\":1,\"name\":\"Home\",\"item\":\"https:\\\/\\\/www.italianacontenitori.com\\\/de\\\/metallgitterboxen\\\/\"},{\"@type\":\"ListItem\",\"position\":2,\"name\":\"Rollcontainer 60 x 80 cm &#8211; Klein\"}]},{\"@type\":\"WebSite\",\"@id\":\"https:\\\/\\\/www.italianacontenitori.com\\\/de\\\/#website\",\"url\":\"https:\\\/\\\/www.italianacontenitori.com\\\/de\\\/\",\"name\":\"italianacontenitori.com\",\"description\":\"Produzione di contenitori industriali e roll container\",\"publisher\":{\"@id\":\"https:\\\/\\\/www.italianacontenitori.com\\\/de\\\/#organization\"},\"potentialAction\":[{\"@type\":\"SearchAction\",\"target\":{\"@type\":\"EntryPoint\",\"urlTemplate\":\"https:\\\/\\\/www.italianacontenitori.com\\\/de\\\/?s={search_term_string}\"},\"query-input\":{\"@type\":\"PropertyValueSpecification\",\"valueRequired\":true,\"valueName\":\"search_term_string\"}}],\"inLanguage\":\"de\"},{\"@type\":\"Organization\",\"@id\":\"https:\\\/\\\/www.italianacontenitori.com\\\/de\\\/#organization\",\"name\":\"Italiana Contenitori s.r.l.\",\"alternateName\":\"IC\",\"url\":\"https:\\\/\\\/www.italianacontenitori.com\\\/de\\\/\",\"logo\":{\"@type\":\"ImageObject\",\"inLanguage\":\"de\",\"@id\":\"https:\\\/\\\/www.italianacontenitori.com\\\/de\\\/#\\\/schema\\\/logo\\\/image\\\/\",\"url\":\"https:\\\/\\\/www.italianacontenitori.com\\\/wp-content\\\/uploads\\\/2020\\\/11\\\/cropped-Logo-Italiana-Contenitori_favicon.jpg\",\"contentUrl\":\"https:\\\/\\\/www.italianacontenitori.com\\\/wp-content\\\/uploads\\\/2020\\\/11\\\/cropped-Logo-Italiana-Contenitori_favicon.jpg\",\"width\":512,\"height\":512,\"caption\":\"Italiana Contenitori s.r.l.\"},\"image\":{\"@id\":\"https:\\\/\\\/www.italianacontenitori.com\\\/de\\\/#\\\/schema\\\/logo\\\/image\\\/\"}}]}<\/script>\n<!-- \/ Yoast SEO plugin. -->","yoast_head_json":{"title":"Kleiner Rollcontainer 60 x 80 cm | Italiana Contenitori","description":"Kleiner, aber robuster, man\u00f6vrierf\u00e4higer und stabiler Rollcontainer. Verstellbare Einlegeb\u00f6den und 4 Rad-Sets erh\u00e4ltlich. Passt \u00fcber Kleintransporter und Aufz\u00fcge, tr\u00e4gt bis zu 600 kg","robots":{"index":"index","follow":"follow","max-snippet":"max-snippet:-1","max-image-preview":"max-image-preview:large","max-video-preview":"max-video-preview:-1"},"canonical":"https:\/\/www.italianacontenitori.com\/de\/produkt\/roll-60-x-80-cm-de\/","og_locale":"de_DE","og_type":"article","og_title":"Kleiner Rollcontainer 60 x 80 cm | Italiana Contenitori","og_description":"Kleiner, aber robuster, man\u00f6vrierf\u00e4higer und stabiler Rollcontainer. Verstellbare Einlegeb\u00f6den und 4 Rad-Sets erh\u00e4ltlich. Passt \u00fcber Kleintransporter und Aufz\u00fcge, tr\u00e4gt bis zu 600 kg","og_url":"https:\/\/www.italianacontenitori.com\/de\/produkt\/roll-60-x-80-cm-de\/","og_site_name":"italianacontenitori.com","article_modified_time":"2026-04-10T14:35:42+00:00","og_image":[{"width":1024,"height":1024,"url":"https:\/\/www.italianacontenitori.com\/wp-content\/uploads\/2020\/12\/ROLG0030H4R0a.png","type":"image\/png"}],"twitter_card":"summary_large_image","twitter_misc":{"Gesch\u00e4tzte Lesezeit":"2\u00a0Minuten"},"schema":{"@context":"https:\/\/schema.org","@graph":[{"@type":"WebPage","@id":"https:\/\/www.italianacontenitori.com\/de\/produkt\/roll-60-x-80-cm-de\/","url":"https:\/\/www.italianacontenitori.com\/de\/produkt\/roll-60-x-80-cm-de\/","name":"Kleiner Rollcontainer 60 x 80 cm | Italiana Contenitori","isPartOf":{"@id":"https:\/\/www.italianacontenitori.com\/de\/#website"},"primaryImageOfPage":{"@id":"https:\/\/www.italianacontenitori.com\/de\/produkt\/roll-60-x-80-cm-de\/#primaryimage"},"image":{"@id":"https:\/\/www.italianacontenitori.com\/de\/produkt\/roll-60-x-80-cm-de\/#primaryimage"},"thumbnailUrl":"https:\/\/www.italianacontenitori.com\/wp-content\/uploads\/2020\/12\/ROLG0030H4R0a.png","datePublished":"2020-12-11T09:34:32+00:00","dateModified":"2026-04-10T14:35:42+00:00","description":"Kleiner, aber robuster, man\u00f6vrierf\u00e4higer und stabiler Rollcontainer. Verstellbare Einlegeb\u00f6den und 4 Rad-Sets erh\u00e4ltlich. Passt \u00fcber Kleintransporter und Aufz\u00fcge, tr\u00e4gt bis zu 600 kg","breadcrumb":{"@id":"https:\/\/www.italianacontenitori.com\/de\/produkt\/roll-60-x-80-cm-de\/#breadcrumb"},"inLanguage":"de","potentialAction":[{"@type":"ReadAction","target":["https:\/\/www.italianacontenitori.com\/de\/produkt\/roll-60-x-80-cm-de\/"]}]},{"@type":"ImageObject","inLanguage":"de","@id":"https:\/\/www.italianacontenitori.com\/de\/produkt\/roll-60-x-80-cm-de\/#primaryimage","url":"https:\/\/www.italianacontenitori.com\/wp-content\/uploads\/2020\/12\/ROLG0030H4R0a.png","contentUrl":"https:\/\/www.italianacontenitori.com\/wp-content\/uploads\/2020\/12\/ROLG0030H4R0a.png","width":1024,"height":1024,"caption":"Kleiner Rollcontainer. Kompakte Abmessungen f\u00fcr kleine R\u00e4ume, Aufz\u00fcge, Transporter. Kann bis zu 600 kg tragen. Regale und Zubeh\u00f6r erh\u00e4ltlich."},{"@type":"BreadcrumbList","@id":"https:\/\/www.italianacontenitori.com\/de\/produkt\/roll-60-x-80-cm-de\/#breadcrumb","itemListElement":[{"@type":"ListItem","position":1,"name":"Home","item":"https:\/\/www.italianacontenitori.com\/de\/metallgitterboxen\/"},{"@type":"ListItem","position":2,"name":"Rollcontainer 60 x 80 cm &#8211; Klein"}]},{"@type":"WebSite","@id":"https:\/\/www.italianacontenitori.com\/de\/#website","url":"https:\/\/www.italianacontenitori.com\/de\/","name":"italianacontenitori.com","description":"Produzione di contenitori industriali e roll container","publisher":{"@id":"https:\/\/www.italianacontenitori.com\/de\/#organization"},"potentialAction":[{"@type":"SearchAction","target":{"@type":"EntryPoint","urlTemplate":"https:\/\/www.italianacontenitori.com\/de\/?s={search_term_string}"},"query-input":{"@type":"PropertyValueSpecification","valueRequired":true,"valueName":"search_term_string"}}],"inLanguage":"de"},{"@type":"Organization","@id":"https:\/\/www.italianacontenitori.com\/de\/#organization","name":"Italiana Contenitori s.r.l.","alternateName":"IC","url":"https:\/\/www.italianacontenitori.com\/de\/","logo":{"@type":"ImageObject","inLanguage":"de","@id":"https:\/\/www.italianacontenitori.com\/de\/#\/schema\/logo\/image\/","url":"https:\/\/www.italianacontenitori.com\/wp-content\/uploads\/2020\/11\/cropped-Logo-Italiana-Contenitori_favicon.jpg","contentUrl":"https:\/\/www.italianacontenitori.com\/wp-content\/uploads\/2020\/11\/cropped-Logo-Italiana-Contenitori_favicon.jpg","width":512,"height":512,"caption":"Italiana Contenitori s.r.l."},"image":{"@id":"https:\/\/www.italianacontenitori.com\/de\/#\/schema\/logo\/image\/"}}]}},"_links":{"self":[{"href":"https:\/\/www.italianacontenitori.com\/de\/wp-json\/wp\/v2\/product\/241435","targetHints":{"allow":["GET"]}}],"collection":[{"href":"https:\/\/www.italianacontenitori.com\/de\/wp-json\/wp\/v2\/product"}],"about":[{"href":"https:\/\/www.italianacontenitori.com\/de\/wp-json\/wp\/v2\/types\/product"}],"replies":[{"embeddable":true,"href":"https:\/\/www.italianacontenitori.com\/de\/wp-json\/wp\/v2\/comments?post=241435"}],"wp:featuredmedia":[{"embeddable":true,"href":"https:\/\/www.italianacontenitori.com\/de\/wp-json\/wp\/v2\/media\/240654"}],"wp:attachment":[{"href":"https:\/\/www.italianacontenitori.com\/de\/wp-json\/wp\/v2\/media?parent=241435"}],"wp:term":[{"taxonomy":"product_brand","embeddable":true,"href":"https:\/\/www.italianacontenitori.com\/de\/wp-json\/wp\/v2\/product_brand?post=241435"},{"taxonomy":"product_cat","embeddable":true,"href":"https:\/\/www.italianacontenitori.com\/de\/wp-json\/wp\/v2\/product_cat?post=241435"},{"taxonomy":"product_tag","embeddable":true,"href":"https:\/\/www.italianacontenitori.com\/de\/wp-json\/wp\/v2\/product_tag?post=241435"}],"curies":[{"name":"wp","href":"https:\/\/api.w.org\/{rel}","templated":true}]}}