{"id":241487,"date":"2020-12-11T09:13:02","date_gmt":"2021-03-03T09:31:50","guid":{"rendered":"https:\/\/www.italianacontenitori.com\/product\/roll-60-x-74-cm\/"},"modified":"2021-03-15T14:10:04","modified_gmt":"2021-03-15T14:10:04","slug":"roll-60-x-74-cm-de","status":"publish","type":"product","link":"https:\/\/www.italianacontenitori.com\/de\/prodotto\/roll-60-x-74-cm-de\/","title":{"rendered":"ROLL 60 x 74 cm"},"content":{"rendered":"<p>Rollbeh\u00e4lter ideal f\u00fcr Gross- und Krankenhausw\u00e4schereien, die geringe Gr\u00f6\u00dfe erleichtert das Einf\u00fchren in Aufz\u00fcge und den Transport in Lieferwagen. Erh\u00e4ltlich in verschiedenen H\u00f6hen und Konfigurationen, um die Lagerung und Handhabung von Waren bestens verwalten zu k\u00f6nnen.<\/p>\n","protected":false},"excerpt":{"rendered":"<p>Rollbeh\u00e4lter ideal f\u00fcr Gross- und Krankenhausw\u00e4schereien, die geringe Gr\u00f6\u00dfe erleichtert das Einf\u00fchren in Aufz\u00fcge und den Transport in Lieferwagen. Erh\u00e4ltlich in verschiedenen H\u00f6hen und Konfigurationen, um die Lagerung und Handhabung von Waren bestens verwalten zu k\u00f6nnen.<\/p>\n","protected":false},"featured_media":240323,"comment_status":"open","ping_status":"closed","template":"","meta":{"_acf_changed":false,"_et_pb_use_builder":"","_et_pb_old_content":"","_et_gb_content_width":""},"product_brand":[],"product_cat":[1547],"product_tag":[],"class_list":{"0":"post-241487","1":"product","2":"type-product","3":"status-publish","4":"has-post-thumbnail","6":"product_cat-roll-container-de","7":"pa_numero-di-sponde-2-de","8":"pa_numero-di-sponde-3-de","9":"pa_numero-di-sponde-3-eingerichtet-fur-4","10":"pa_numero-di-sponde-4-mit-klappe","12":"first","13":"instock","14":"shipping-taxable","15":"purchasable","16":"product-type-variable","17":"has-default-attributes"},"acf":[],"yoast_head":"<!-- This site is optimized with the Yoast SEO plugin v27.2 - https:\/\/yoast.com\/product\/yoast-seo-wordpress\/ -->\n<title>ROLL 60 x 74 cm - italianacontenitori.com<\/title>\n<meta name=\"robots\" content=\"index, follow, max-snippet:-1, max-image-preview:large, max-video-preview:-1\" \/>\n<link rel=\"canonical\" href=\"https:\/\/www.italianacontenitori.com\/de\/prodotto\/roll-60-x-74-cm-de\/\" \/>\n<meta property=\"og:locale\" content=\"de_DE\" \/>\n<meta property=\"og:type\" content=\"article\" \/>\n<meta property=\"og:title\" content=\"ROLL 60 x 74 cm - italianacontenitori.com\" \/>\n<meta property=\"og:description\" content=\"Rollbeh\u00e4lter ideal f\u00fcr Gross- und Krankenhausw\u00e4schereien, die geringe Gr\u00f6\u00dfe erleichtert das Einf\u00fchren in Aufz\u00fcge und den Transport in Lieferwagen. Erh\u00e4ltlich in verschiedenen H\u00f6hen und Konfigurationen, um die Lagerung und Handhabung von Waren bestens verwalten zu k\u00f6nnen.\" \/>\n<meta property=\"og:url\" content=\"https:\/\/www.italianacontenitori.com\/de\/prodotto\/roll-60-x-74-cm-de\/\" \/>\n<meta property=\"og:site_name\" content=\"italianacontenitori.com\" \/>\n<meta property=\"article:modified_time\" content=\"2021-03-15T14:10:04+00:00\" \/>\n<meta property=\"og:image\" content=\"https:\/\/www.italianacontenitori.com\/wp-content\/uploads\/2020\/12\/ROLG0020E2R0.png\" \/>\n\t<meta property=\"og:image:width\" content=\"1024\" \/>\n\t<meta property=\"og:image:height\" content=\"1024\" \/>\n\t<meta property=\"og:image:type\" content=\"image\/png\" \/>\n<meta name=\"twitter:card\" content=\"summary_large_image\" \/>\n<script type=\"application\/ld+json\" class=\"yoast-schema-graph\">{\"@context\":\"https:\/\/schema.org\",\"@graph\":[{\"@type\":\"WebPage\",\"@id\":\"https:\/\/www.italianacontenitori.com\/de\/prodotto\/roll-60-x-74-cm-de\/\",\"url\":\"https:\/\/www.italianacontenitori.com\/de\/prodotto\/roll-60-x-74-cm-de\/\",\"name\":\"ROLL 60 x 74 cm - italianacontenitori.com\",\"isPartOf\":{\"@id\":\"https:\/\/www.italianacontenitori.com\/de\/#website\"},\"primaryImageOfPage\":{\"@id\":\"https:\/\/www.italianacontenitori.com\/de\/prodotto\/roll-60-x-74-cm-de\/#primaryimage\"},\"image\":{\"@id\":\"https:\/\/www.italianacontenitori.com\/de\/prodotto\/roll-60-x-74-cm-de\/#primaryimage\"},\"thumbnailUrl\":\"https:\/\/www.italianacontenitori.com\/wp-content\/uploads\/2020\/12\/ROLG0020E2R0.png\",\"datePublished\":\"2021-03-03T09:31:50+00:00\",\"dateModified\":\"2021-03-15T14:10:04+00:00\",\"breadcrumb\":{\"@id\":\"https:\/\/www.italianacontenitori.com\/de\/prodotto\/roll-60-x-74-cm-de\/#breadcrumb\"},\"inLanguage\":\"de\",\"potentialAction\":[{\"@type\":\"ReadAction\",\"target\":[\"https:\/\/www.italianacontenitori.com\/de\/prodotto\/roll-60-x-74-cm-de\/\"]}]},{\"@type\":\"ImageObject\",\"inLanguage\":\"de\",\"@id\":\"https:\/\/www.italianacontenitori.com\/de\/prodotto\/roll-60-x-74-cm-de\/#primaryimage\",\"url\":\"https:\/\/www.italianacontenitori.com\/wp-content\/uploads\/2020\/12\/ROLG0020E2R0.png\",\"contentUrl\":\"https:\/\/www.italianacontenitori.com\/wp-content\/uploads\/2020\/12\/ROLG0020E2R0.png\",\"width\":1024,\"height\":1024,\"caption\":\"Roll container compatto\"},{\"@type\":\"BreadcrumbList\",\"@id\":\"https:\/\/www.italianacontenitori.com\/de\/prodotto\/roll-60-x-74-cm-de\/#breadcrumb\",\"itemListElement\":[{\"@type\":\"ListItem\",\"position\":1,\"name\":\"Home\",\"item\":\"https:\/\/www.italianacontenitori.com\/de\/metallgitterboxen\/\"},{\"@type\":\"ListItem\",\"position\":2,\"name\":\"ROLL 60 x 74 cm\"}]},{\"@type\":\"WebSite\",\"@id\":\"https:\/\/www.italianacontenitori.com\/de\/#website\",\"url\":\"https:\/\/www.italianacontenitori.com\/de\/\",\"name\":\"italianacontenitori.com\",\"description\":\"Produzione di contenitori industriali e roll container\",\"publisher\":{\"@id\":\"https:\/\/www.italianacontenitori.com\/de\/#organization\"},\"potentialAction\":[{\"@type\":\"SearchAction\",\"target\":{\"@type\":\"EntryPoint\",\"urlTemplate\":\"https:\/\/www.italianacontenitori.com\/de\/?s={search_term_string}\"},\"query-input\":{\"@type\":\"PropertyValueSpecification\",\"valueRequired\":true,\"valueName\":\"search_term_string\"}}],\"inLanguage\":\"de\"},{\"@type\":\"Organization\",\"@id\":\"https:\/\/www.italianacontenitori.com\/de\/#organization\",\"name\":\"Italiana Contenitori s.r.l.\",\"alternateName\":\"IC\",\"url\":\"https:\/\/www.italianacontenitori.com\/de\/\",\"logo\":{\"@type\":\"ImageObject\",\"inLanguage\":\"de\",\"@id\":\"https:\/\/www.italianacontenitori.com\/de\/#\/schema\/logo\/image\/\",\"url\":\"https:\/\/www.italianacontenitori.com\/wp-content\/uploads\/2020\/11\/cropped-Logo-Italiana-Contenitori_favicon.jpg\",\"contentUrl\":\"https:\/\/www.italianacontenitori.com\/wp-content\/uploads\/2020\/11\/cropped-Logo-Italiana-Contenitori_favicon.jpg\",\"width\":512,\"height\":512,\"caption\":\"Italiana Contenitori s.r.l.\"},\"image\":{\"@id\":\"https:\/\/www.italianacontenitori.com\/de\/#\/schema\/logo\/image\/\"}}]}<\/script>\n<!-- \/ Yoast SEO plugin. -->","yoast_head_json":{"title":"ROLL 60 x 74 cm - italianacontenitori.com","robots":{"index":"index","follow":"follow","max-snippet":"max-snippet:-1","max-image-preview":"max-image-preview:large","max-video-preview":"max-video-preview:-1"},"canonical":"https:\/\/www.italianacontenitori.com\/de\/prodotto\/roll-60-x-74-cm-de\/","og_locale":"de_DE","og_type":"article","og_title":"ROLL 60 x 74 cm - italianacontenitori.com","og_description":"Rollbeh\u00e4lter ideal f\u00fcr Gross- und Krankenhausw\u00e4schereien, die geringe Gr\u00f6\u00dfe erleichtert das Einf\u00fchren in Aufz\u00fcge und den Transport in Lieferwagen. Erh\u00e4ltlich in verschiedenen H\u00f6hen und Konfigurationen, um die Lagerung und Handhabung von Waren bestens verwalten zu k\u00f6nnen.","og_url":"https:\/\/www.italianacontenitori.com\/de\/prodotto\/roll-60-x-74-cm-de\/","og_site_name":"italianacontenitori.com","article_modified_time":"2021-03-15T14:10:04+00:00","og_image":[{"width":1024,"height":1024,"url":"https:\/\/www.italianacontenitori.com\/wp-content\/uploads\/2020\/12\/ROLG0020E2R0.png","type":"image\/png"}],"twitter_card":"summary_large_image","schema":{"@context":"https:\/\/schema.org","@graph":[{"@type":"WebPage","@id":"https:\/\/www.italianacontenitori.com\/de\/prodotto\/roll-60-x-74-cm-de\/","url":"https:\/\/www.italianacontenitori.com\/de\/prodotto\/roll-60-x-74-cm-de\/","name":"ROLL 60 x 74 cm - italianacontenitori.com","isPartOf":{"@id":"https:\/\/www.italianacontenitori.com\/de\/#website"},"primaryImageOfPage":{"@id":"https:\/\/www.italianacontenitori.com\/de\/prodotto\/roll-60-x-74-cm-de\/#primaryimage"},"image":{"@id":"https:\/\/www.italianacontenitori.com\/de\/prodotto\/roll-60-x-74-cm-de\/#primaryimage"},"thumbnailUrl":"https:\/\/www.italianacontenitori.com\/wp-content\/uploads\/2020\/12\/ROLG0020E2R0.png","datePublished":"2021-03-03T09:31:50+00:00","dateModified":"2021-03-15T14:10:04+00:00","breadcrumb":{"@id":"https:\/\/www.italianacontenitori.com\/de\/prodotto\/roll-60-x-74-cm-de\/#breadcrumb"},"inLanguage":"de","potentialAction":[{"@type":"ReadAction","target":["https:\/\/www.italianacontenitori.com\/de\/prodotto\/roll-60-x-74-cm-de\/"]}]},{"@type":"ImageObject","inLanguage":"de","@id":"https:\/\/www.italianacontenitori.com\/de\/prodotto\/roll-60-x-74-cm-de\/#primaryimage","url":"https:\/\/www.italianacontenitori.com\/wp-content\/uploads\/2020\/12\/ROLG0020E2R0.png","contentUrl":"https:\/\/www.italianacontenitori.com\/wp-content\/uploads\/2020\/12\/ROLG0020E2R0.png","width":1024,"height":1024,"caption":"Roll container compatto"},{"@type":"BreadcrumbList","@id":"https:\/\/www.italianacontenitori.com\/de\/prodotto\/roll-60-x-74-cm-de\/#breadcrumb","itemListElement":[{"@type":"ListItem","position":1,"name":"Home","item":"https:\/\/www.italianacontenitori.com\/de\/metallgitterboxen\/"},{"@type":"ListItem","position":2,"name":"ROLL 60 x 74 cm"}]},{"@type":"WebSite","@id":"https:\/\/www.italianacontenitori.com\/de\/#website","url":"https:\/\/www.italianacontenitori.com\/de\/","name":"italianacontenitori.com","description":"Produzione di contenitori industriali e roll container","publisher":{"@id":"https:\/\/www.italianacontenitori.com\/de\/#organization"},"potentialAction":[{"@type":"SearchAction","target":{"@type":"EntryPoint","urlTemplate":"https:\/\/www.italianacontenitori.com\/de\/?s={search_term_string}"},"query-input":{"@type":"PropertyValueSpecification","valueRequired":true,"valueName":"search_term_string"}}],"inLanguage":"de"},{"@type":"Organization","@id":"https:\/\/www.italianacontenitori.com\/de\/#organization","name":"Italiana Contenitori s.r.l.","alternateName":"IC","url":"https:\/\/www.italianacontenitori.com\/de\/","logo":{"@type":"ImageObject","inLanguage":"de","@id":"https:\/\/www.italianacontenitori.com\/de\/#\/schema\/logo\/image\/","url":"https:\/\/www.italianacontenitori.com\/wp-content\/uploads\/2020\/11\/cropped-Logo-Italiana-Contenitori_favicon.jpg","contentUrl":"https:\/\/www.italianacontenitori.com\/wp-content\/uploads\/2020\/11\/cropped-Logo-Italiana-Contenitori_favicon.jpg","width":512,"height":512,"caption":"Italiana Contenitori s.r.l."},"image":{"@id":"https:\/\/www.italianacontenitori.com\/de\/#\/schema\/logo\/image\/"}}]}},"_links":{"self":[{"href":"https:\/\/www.italianacontenitori.com\/de\/wp-json\/wp\/v2\/product\/241487","targetHints":{"allow":["GET"]}}],"collection":[{"href":"https:\/\/www.italianacontenitori.com\/de\/wp-json\/wp\/v2\/product"}],"about":[{"href":"https:\/\/www.italianacontenitori.com\/de\/wp-json\/wp\/v2\/types\/product"}],"replies":[{"embeddable":true,"href":"https:\/\/www.italianacontenitori.com\/de\/wp-json\/wp\/v2\/comments?post=241487"}],"wp:featuredmedia":[{"embeddable":true,"href":"https:\/\/www.italianacontenitori.com\/de\/wp-json\/wp\/v2\/media\/240323"}],"wp:attachment":[{"href":"https:\/\/www.italianacontenitori.com\/de\/wp-json\/wp\/v2\/media?parent=241487"}],"wp:term":[{"taxonomy":"product_brand","embeddable":true,"href":"https:\/\/www.italianacontenitori.com\/de\/wp-json\/wp\/v2\/product_brand?post=241487"},{"taxonomy":"product_cat","embeddable":true,"href":"https:\/\/www.italianacontenitori.com\/de\/wp-json\/wp\/v2\/product_cat?post=241487"},{"taxonomy":"product_tag","embeddable":true,"href":"https:\/\/www.italianacontenitori.com\/de\/wp-json\/wp\/v2\/product_tag?post=241487"}],"curies":[{"name":"wp","href":"https:\/\/api.w.org\/{rel}","templated":true}]}}