{"id":241543,"date":"2020-12-10T10:07:55","date_gmt":"2020-12-10T10:07:55","guid":{"rendered":"https:\/\/www.italianacontenitori.com\/product\/roll-120-x-80-cm-verstaerkter-standardfbasis\/"},"modified":"2026-04-10T14:35:34","modified_gmt":"2026-04-10T14:35:34","slug":"roll-120-x-80-cm-de","status":"publish","type":"product","link":"https:\/\/www.italianacontenitori.com\/de\/prodotto\/roll-120-x-80-cm-de\/","title":{"rendered":"Rollcontainer MAXI 120 x 80 cm"},"content":{"rendered":"<p>Der <strong>Rollbeh\u00e4lter MAXI 120 x 80 cm<\/strong> ist eine perfekte L\u00f6sung f\u00fcr <strong>Logistik<\/strong>, <strong>Lagerhaltung<\/strong> und <strong>Warentransport<\/strong>. Mit seinen Au\u00dfenma\u00dfen von <strong>1200 x 800 mm<\/strong> entspricht er genau den Abmessungen einer Standardpalette und erm\u00f6glicht eine optimale Beladung von LKWs in Lagern. Das Innenvolumen von <strong>1140 x 740 mm<\/strong> (x gew\u00e4hlte H\u00f6he) bietet eine gro\u00dfe Lagerkapazit\u00e4t, ideal f\u00fcr die Handhabung sperriger G\u00fcter.  <\/p>\n<p>Dieser <strong>Wagen aus verzinktem Eisen<\/strong> ist in verschiedenen H\u00f6hen bis zu <strong>1800 mm<\/strong> erh\u00e4ltlich und kann Lasten von bis zu <strong>600 kg<\/strong> tragen <strong>.<\/strong> Seine robuste Konstruktion <strong>aus Drahtgeflecht<\/strong> sorgt f\u00fcr einen sicheren und stabilen Transport von Waren. <strong>Die Seitenschienen<\/strong>, die mit einer Klappe versehen werden k\u00f6nnen, erleichtern das Be- und Entladen.  <\/p>\n<h2>Maxi-Rolle mit Standardfu\u00df auf einen Blick:<\/h2>\n<ul>\n<li><strong>Au\u00dfenma\u00dfe<\/strong>: 1200 x 800 mm, EUR Standard<\/li>\n<li><strong>Tragf\u00e4higkeit<\/strong>: bis zu 600 kg<\/li>\n<li><strong>Verf\u00fcgbare H\u00f6hen<\/strong>: 1520 mm, 1650 mm, 1800 mm<\/li>\n<\/ul>\n<p>Die R\u00e4der aus <strong>Nylon<\/strong>, <strong>Polyurethan<\/strong> oder <strong>Silentgummi<\/strong> mit einem Durchmesser von <strong>100 mm<\/strong> oder <strong>125 mm<\/strong> garantieren perfekte Man\u00f6vrierf\u00e4higkeit. F\u00fcr zus\u00e4tzliche Sicherheit k\u00f6nnen Sie R\u00e4der mit <strong>Bremsen<\/strong> w\u00e4hlen.<strong> Dieser<\/strong> <strong>Lager-Rollcontainer<\/strong> kann mit<strong> bis zu drei Einlegeb\u00f6den<\/strong> ausgestattet werden<strong>, so dass das gesamte Volumen dieses<\/strong> \u00e4u\u00dferst vielseitigen<strong> Gitterwagens<\/strong> f\u00fcr eine Vielzahl von Lager- und Handhabungsanforderungen<strong> genutzt werden kann<\/strong>.  <\/p>\n<p>Dieser <strong>MAXI-Rollcontainer mit R\u00e4dern<\/strong> wurde f\u00fcr den <strong>Transport<\/strong> und das <strong>interne Handling<\/strong> in Sektoren wie dem <strong>Einzelhandel<\/strong> und dem <strong>Logistikmanagement<\/strong> entwickelt. Er ist perfekt f\u00fcr alle, die eine robuste und zuverl\u00e4ssige L\u00f6sung suchen. Die <strong>wei\u00dfe elektrolytische Verzinkung<\/strong> sch\u00fctzt den Wagen vor Korrosion und macht ihn ideal f\u00fcr den intensiven Einsatz in industriellen Umgebungen. <\/p>\n","protected":false},"excerpt":{"rendered":"<p>Gro\u00dfer Rollbeh\u00e4lter zur Lagerung und Handhabung. Er bietet Platz f\u00fcr bis zu drei horizontale Zwischenb\u00f6den. Erh\u00e4ltlich in verschiedenen H\u00f6hen und Konfigurationen, um die Lagerung und Handhabung von Waren bestens verwalten zu k\u00f6nnen.<\/p>\n","protected":false},"featured_media":240252,"comment_status":"open","ping_status":"closed","template":"","meta":{"_acf_changed":false,"_et_pb_use_builder":"","_et_pb_old_content":"","_et_gb_content_width":""},"product_brand":[],"product_cat":[1547,2065],"product_tag":[2118],"class_list":{"0":"post-241543","1":"product","2":"type-product","3":"status-publish","4":"has-post-thumbnail","6":"product_cat-roll-container-de","7":"product_cat-sicherheitsrollcontainer","8":"product_tag-rollcontainer-maxi-abmessungen","9":"pa_numero-di-sponde-2-de","10":"pa_numero-di-sponde-3-de","11":"pa_numero-di-sponde-3-eingerichtet-fur-4","12":"pa_numero-di-sponde-4-mit-klappe","14":"first","15":"instock","16":"shipping-taxable","17":"purchasable","18":"product-type-variable","19":"has-default-attributes"},"acf":[],"yoast_head":"<!-- This site is optimized with the Yoast SEO plugin v27.3 - https:\/\/yoast.com\/product\/yoast-seo-wordpress\/ -->\n<title>Rollcontainer MAXI | Italiana Contenitori seit 1981<\/title>\n<meta name=\"description\" content=\"Rollcontainer MAXI 120x80 cm, Standardboden, bis zu 600 kg Tragf\u00e4higkeit, ideal f\u00fcr Logistik und Lagerh\u00e4user. Schwerlast-Radsatz.\" \/>\n<meta name=\"robots\" content=\"index, follow, max-snippet:-1, max-image-preview:large, max-video-preview:-1\" \/>\n<link rel=\"canonical\" href=\"https:\/\/www.italianacontenitori.com\/de\/prodotto\/roll-120-x-80-cm-de\/\" \/>\n<meta property=\"og:locale\" content=\"de_DE\" \/>\n<meta property=\"og:type\" content=\"article\" \/>\n<meta property=\"og:title\" content=\"Rollcontainer MAXI | Italiana Contenitori seit 1981\" \/>\n<meta property=\"og:description\" content=\"Rollcontainer MAXI 120x80 cm, Standardboden, bis zu 600 kg Tragf\u00e4higkeit, ideal f\u00fcr Logistik und Lagerh\u00e4user. Schwerlast-Radsatz.\" \/>\n<meta property=\"og:url\" content=\"https:\/\/www.italianacontenitori.com\/de\/prodotto\/roll-120-x-80-cm-de\/\" \/>\n<meta property=\"og:site_name\" content=\"italianacontenitori.com\" \/>\n<meta property=\"article:modified_time\" content=\"2026-04-10T14:35:34+00:00\" \/>\n<meta property=\"og:image\" content=\"https:\/\/www.italianacontenitori.com\/wp-content\/uploads\/2020\/12\/ROLR0170H4R0-1.png\" \/>\n\t<meta property=\"og:image:width\" content=\"1024\" \/>\n\t<meta property=\"og:image:height\" content=\"1024\" \/>\n\t<meta property=\"og:image:type\" content=\"image\/png\" \/>\n<meta name=\"twitter:card\" content=\"summary_large_image\" \/>\n<meta name=\"twitter:label1\" content=\"Gesch\u00e4tzte Lesezeit\" \/>\n\t<meta name=\"twitter:data1\" content=\"1\u00a0Minute\" \/>\n<script type=\"application\/ld+json\" class=\"yoast-schema-graph\">{\"@context\":\"https:\\\/\\\/schema.org\",\"@graph\":[{\"@type\":\"WebPage\",\"@id\":\"https:\\\/\\\/www.italianacontenitori.com\\\/de\\\/prodotto\\\/roll-120-x-80-cm-de\\\/\",\"url\":\"https:\\\/\\\/www.italianacontenitori.com\\\/de\\\/prodotto\\\/roll-120-x-80-cm-de\\\/\",\"name\":\"Rollcontainer MAXI | Italiana Contenitori seit 1981\",\"isPartOf\":{\"@id\":\"https:\\\/\\\/www.italianacontenitori.com\\\/de\\\/#website\"},\"primaryImageOfPage\":{\"@id\":\"https:\\\/\\\/www.italianacontenitori.com\\\/de\\\/prodotto\\\/roll-120-x-80-cm-de\\\/#primaryimage\"},\"image\":{\"@id\":\"https:\\\/\\\/www.italianacontenitori.com\\\/de\\\/prodotto\\\/roll-120-x-80-cm-de\\\/#primaryimage\"},\"thumbnailUrl\":\"https:\\\/\\\/www.italianacontenitori.com\\\/wp-content\\\/uploads\\\/2020\\\/12\\\/ROLR0170H4R0-1.png\",\"datePublished\":\"2020-12-10T10:07:55+00:00\",\"dateModified\":\"2026-04-10T14:35:34+00:00\",\"description\":\"Rollcontainer MAXI 120x80 cm, Standardboden, bis zu 600 kg Tragf\u00e4higkeit, ideal f\u00fcr Logistik und Lagerh\u00e4user. Schwerlast-Radsatz.\",\"breadcrumb\":{\"@id\":\"https:\\\/\\\/www.italianacontenitori.com\\\/de\\\/prodotto\\\/roll-120-x-80-cm-de\\\/#breadcrumb\"},\"inLanguage\":\"de\",\"potentialAction\":[{\"@type\":\"ReadAction\",\"target\":[\"https:\\\/\\\/www.italianacontenitori.com\\\/de\\\/prodotto\\\/roll-120-x-80-cm-de\\\/\"]}]},{\"@type\":\"ImageObject\",\"inLanguage\":\"de\",\"@id\":\"https:\\\/\\\/www.italianacontenitori.com\\\/de\\\/prodotto\\\/roll-120-x-80-cm-de\\\/#primaryimage\",\"url\":\"https:\\\/\\\/www.italianacontenitori.com\\\/wp-content\\\/uploads\\\/2020\\\/12\\\/ROLR0170H4R0-1.png\",\"contentUrl\":\"https:\\\/\\\/www.italianacontenitori.com\\\/wp-content\\\/uploads\\\/2020\\\/12\\\/ROLR0170H4R0-1.png\",\"width\":1024,\"height\":1024,\"caption\":\"MAXI-Rollbeh\u00e4lter mit Standardboden 120 x 80 cm. Max. Tragf\u00e4higkeit: 600 kg. Verschiedene H\u00f6hen verf\u00fcgbar. Bis zu 3 Einlegeb\u00f6den, und Zubeh\u00f6r\"},{\"@type\":\"BreadcrumbList\",\"@id\":\"https:\\\/\\\/www.italianacontenitori.com\\\/de\\\/prodotto\\\/roll-120-x-80-cm-de\\\/#breadcrumb\",\"itemListElement\":[{\"@type\":\"ListItem\",\"position\":1,\"name\":\"Home\",\"item\":\"https:\\\/\\\/www.italianacontenitori.com\\\/de\\\/metallgitterboxen\\\/\"},{\"@type\":\"ListItem\",\"position\":2,\"name\":\"Rollcontainer MAXI 120 x 80 cm\"}]},{\"@type\":\"WebSite\",\"@id\":\"https:\\\/\\\/www.italianacontenitori.com\\\/de\\\/#website\",\"url\":\"https:\\\/\\\/www.italianacontenitori.com\\\/de\\\/\",\"name\":\"italianacontenitori.com\",\"description\":\"Produzione di contenitori industriali e roll container\",\"publisher\":{\"@id\":\"https:\\\/\\\/www.italianacontenitori.com\\\/de\\\/#organization\"},\"potentialAction\":[{\"@type\":\"SearchAction\",\"target\":{\"@type\":\"EntryPoint\",\"urlTemplate\":\"https:\\\/\\\/www.italianacontenitori.com\\\/de\\\/?s={search_term_string}\"},\"query-input\":{\"@type\":\"PropertyValueSpecification\",\"valueRequired\":true,\"valueName\":\"search_term_string\"}}],\"inLanguage\":\"de\"},{\"@type\":\"Organization\",\"@id\":\"https:\\\/\\\/www.italianacontenitori.com\\\/de\\\/#organization\",\"name\":\"Italiana Contenitori s.r.l.\",\"alternateName\":\"IC\",\"url\":\"https:\\\/\\\/www.italianacontenitori.com\\\/de\\\/\",\"logo\":{\"@type\":\"ImageObject\",\"inLanguage\":\"de\",\"@id\":\"https:\\\/\\\/www.italianacontenitori.com\\\/de\\\/#\\\/schema\\\/logo\\\/image\\\/\",\"url\":\"https:\\\/\\\/www.italianacontenitori.com\\\/wp-content\\\/uploads\\\/2020\\\/11\\\/cropped-Logo-Italiana-Contenitori_favicon.jpg\",\"contentUrl\":\"https:\\\/\\\/www.italianacontenitori.com\\\/wp-content\\\/uploads\\\/2020\\\/11\\\/cropped-Logo-Italiana-Contenitori_favicon.jpg\",\"width\":512,\"height\":512,\"caption\":\"Italiana Contenitori s.r.l.\"},\"image\":{\"@id\":\"https:\\\/\\\/www.italianacontenitori.com\\\/de\\\/#\\\/schema\\\/logo\\\/image\\\/\"}}]}<\/script>\n<!-- \/ Yoast SEO plugin. -->","yoast_head_json":{"title":"Rollcontainer MAXI | Italiana Contenitori seit 1981","description":"Rollcontainer MAXI 120x80 cm, Standardboden, bis zu 600 kg Tragf\u00e4higkeit, ideal f\u00fcr Logistik und Lagerh\u00e4user. Schwerlast-Radsatz.","robots":{"index":"index","follow":"follow","max-snippet":"max-snippet:-1","max-image-preview":"max-image-preview:large","max-video-preview":"max-video-preview:-1"},"canonical":"https:\/\/www.italianacontenitori.com\/de\/prodotto\/roll-120-x-80-cm-de\/","og_locale":"de_DE","og_type":"article","og_title":"Rollcontainer MAXI | Italiana Contenitori seit 1981","og_description":"Rollcontainer MAXI 120x80 cm, Standardboden, bis zu 600 kg Tragf\u00e4higkeit, ideal f\u00fcr Logistik und Lagerh\u00e4user. Schwerlast-Radsatz.","og_url":"https:\/\/www.italianacontenitori.com\/de\/prodotto\/roll-120-x-80-cm-de\/","og_site_name":"italianacontenitori.com","article_modified_time":"2026-04-10T14:35:34+00:00","og_image":[{"width":1024,"height":1024,"url":"https:\/\/www.italianacontenitori.com\/wp-content\/uploads\/2020\/12\/ROLR0170H4R0-1.png","type":"image\/png"}],"twitter_card":"summary_large_image","twitter_misc":{"Gesch\u00e4tzte Lesezeit":"1\u00a0Minute"},"schema":{"@context":"https:\/\/schema.org","@graph":[{"@type":"WebPage","@id":"https:\/\/www.italianacontenitori.com\/de\/prodotto\/roll-120-x-80-cm-de\/","url":"https:\/\/www.italianacontenitori.com\/de\/prodotto\/roll-120-x-80-cm-de\/","name":"Rollcontainer MAXI | Italiana Contenitori seit 1981","isPartOf":{"@id":"https:\/\/www.italianacontenitori.com\/de\/#website"},"primaryImageOfPage":{"@id":"https:\/\/www.italianacontenitori.com\/de\/prodotto\/roll-120-x-80-cm-de\/#primaryimage"},"image":{"@id":"https:\/\/www.italianacontenitori.com\/de\/prodotto\/roll-120-x-80-cm-de\/#primaryimage"},"thumbnailUrl":"https:\/\/www.italianacontenitori.com\/wp-content\/uploads\/2020\/12\/ROLR0170H4R0-1.png","datePublished":"2020-12-10T10:07:55+00:00","dateModified":"2026-04-10T14:35:34+00:00","description":"Rollcontainer MAXI 120x80 cm, Standardboden, bis zu 600 kg Tragf\u00e4higkeit, ideal f\u00fcr Logistik und Lagerh\u00e4user. Schwerlast-Radsatz.","breadcrumb":{"@id":"https:\/\/www.italianacontenitori.com\/de\/prodotto\/roll-120-x-80-cm-de\/#breadcrumb"},"inLanguage":"de","potentialAction":[{"@type":"ReadAction","target":["https:\/\/www.italianacontenitori.com\/de\/prodotto\/roll-120-x-80-cm-de\/"]}]},{"@type":"ImageObject","inLanguage":"de","@id":"https:\/\/www.italianacontenitori.com\/de\/prodotto\/roll-120-x-80-cm-de\/#primaryimage","url":"https:\/\/www.italianacontenitori.com\/wp-content\/uploads\/2020\/12\/ROLR0170H4R0-1.png","contentUrl":"https:\/\/www.italianacontenitori.com\/wp-content\/uploads\/2020\/12\/ROLR0170H4R0-1.png","width":1024,"height":1024,"caption":"MAXI-Rollbeh\u00e4lter mit Standardboden 120 x 80 cm. Max. Tragf\u00e4higkeit: 600 kg. Verschiedene H\u00f6hen verf\u00fcgbar. Bis zu 3 Einlegeb\u00f6den, und Zubeh\u00f6r"},{"@type":"BreadcrumbList","@id":"https:\/\/www.italianacontenitori.com\/de\/prodotto\/roll-120-x-80-cm-de\/#breadcrumb","itemListElement":[{"@type":"ListItem","position":1,"name":"Home","item":"https:\/\/www.italianacontenitori.com\/de\/metallgitterboxen\/"},{"@type":"ListItem","position":2,"name":"Rollcontainer MAXI 120 x 80 cm"}]},{"@type":"WebSite","@id":"https:\/\/www.italianacontenitori.com\/de\/#website","url":"https:\/\/www.italianacontenitori.com\/de\/","name":"italianacontenitori.com","description":"Produzione di contenitori industriali e roll container","publisher":{"@id":"https:\/\/www.italianacontenitori.com\/de\/#organization"},"potentialAction":[{"@type":"SearchAction","target":{"@type":"EntryPoint","urlTemplate":"https:\/\/www.italianacontenitori.com\/de\/?s={search_term_string}"},"query-input":{"@type":"PropertyValueSpecification","valueRequired":true,"valueName":"search_term_string"}}],"inLanguage":"de"},{"@type":"Organization","@id":"https:\/\/www.italianacontenitori.com\/de\/#organization","name":"Italiana Contenitori s.r.l.","alternateName":"IC","url":"https:\/\/www.italianacontenitori.com\/de\/","logo":{"@type":"ImageObject","inLanguage":"de","@id":"https:\/\/www.italianacontenitori.com\/de\/#\/schema\/logo\/image\/","url":"https:\/\/www.italianacontenitori.com\/wp-content\/uploads\/2020\/11\/cropped-Logo-Italiana-Contenitori_favicon.jpg","contentUrl":"https:\/\/www.italianacontenitori.com\/wp-content\/uploads\/2020\/11\/cropped-Logo-Italiana-Contenitori_favicon.jpg","width":512,"height":512,"caption":"Italiana Contenitori s.r.l."},"image":{"@id":"https:\/\/www.italianacontenitori.com\/de\/#\/schema\/logo\/image\/"}}]}},"_links":{"self":[{"href":"https:\/\/www.italianacontenitori.com\/de\/wp-json\/wp\/v2\/product\/241543","targetHints":{"allow":["GET"]}}],"collection":[{"href":"https:\/\/www.italianacontenitori.com\/de\/wp-json\/wp\/v2\/product"}],"about":[{"href":"https:\/\/www.italianacontenitori.com\/de\/wp-json\/wp\/v2\/types\/product"}],"replies":[{"embeddable":true,"href":"https:\/\/www.italianacontenitori.com\/de\/wp-json\/wp\/v2\/comments?post=241543"}],"wp:featuredmedia":[{"embeddable":true,"href":"https:\/\/www.italianacontenitori.com\/de\/wp-json\/wp\/v2\/media\/240252"}],"wp:attachment":[{"href":"https:\/\/www.italianacontenitori.com\/de\/wp-json\/wp\/v2\/media?parent=241543"}],"wp:term":[{"taxonomy":"product_brand","embeddable":true,"href":"https:\/\/www.italianacontenitori.com\/de\/wp-json\/wp\/v2\/product_brand?post=241543"},{"taxonomy":"product_cat","embeddable":true,"href":"https:\/\/www.italianacontenitori.com\/de\/wp-json\/wp\/v2\/product_cat?post=241543"},{"taxonomy":"product_tag","embeddable":true,"href":"https:\/\/www.italianacontenitori.com\/de\/wp-json\/wp\/v2\/product_tag?post=241543"}],"curies":[{"name":"wp","href":"https:\/\/api.w.org\/{rel}","templated":true}]}}