{"id":241577,"date":"2020-12-10T09:44:15","date_gmt":"2021-03-03T09:42:39","guid":{"rendered":"https:\/\/www.italianacontenitori.com\/product\/pet-103-x-121-cm\/"},"modified":"2025-08-25T08:36:47","modified_gmt":"2025-08-25T08:36:47","slug":"behalter-103-x-121-cm-pet","status":"publish","type":"product","link":"https:\/\/www.italianacontenitori.com\/de\/produkt\/behalter-103-x-121-cm-pet\/","title":{"rendered":"Industriecontainer f\u00fcr PET-Vorformlinge &#8211; 103 x 121 cm"},"content":{"rendered":"<p>Ein Industriebeh\u00e4lter f\u00fcr PET-Preforms aus Drahtgewebe mit den Ma\u00dfen 103 x 121 cm ist die ideale L\u00f6sung f\u00fcr die Lagerung und Handhabung von Preforms bei der Herstellung von Kunststoffflaschen. PET-Preforms sind kleine, transparente Kunststoffr\u00f6hrchen, \u00e4hnlich wie Reagenzgl\u00e4ser, die geblasen und geformt werden, um Flaschen herzustellen. Da sie leicht, aber sperrig sind, ben\u00f6tigen sie belastungsoptimierte, stapelbare K\u00e4fige, die einen <strong>maximalen Schutz w\u00e4hrend des Transports und der Lagerung<\/strong> gew\u00e4hrleisten, ohne dass es zu Verformungen oder Besch\u00e4digungen kommt. F\u00fcr einen noch besseren Schutz <strong>k\u00f6nnen die W\u00e4nde mit einer Kunststoffauskleidung versehen werden<\/strong>, die verhindert, dass die Preforms versehentlich herausfallen, selbst bei St\u00f6\u00dfen oder Ersch\u00fctterungen w\u00e4hrend des Transports.   <\/p>\n<p>Dieser Metallkorb wurde mit Blick auf die speziellen Anforderungen der Verpackungsindustrie entwickelt und seine Netzkonstruktion gew\u00e4hrleistet:<\/p>\n<ul>\n<li>Robustheit und Stabilit\u00e4t auch unter Volllast<\/li>\n<li>Druckfestigkeit<\/li>\n<li>Einfache Stapelung und Handhabung mit Gabelstaplern.<\/li>\n<\/ul>\n<p>Dank seiner Kompatibilit\u00e4t mit den Standardma\u00dfen der Industrie erleichtert dieser Industriebeh\u00e4lter f\u00fcr PET-Preforms die logistischen Abl\u00e4ufe, optimiert die Lagerfl\u00e4che und sch\u00fctzt die Preforms vor St\u00f6\u00dfen und Verformungen. Perfekt f\u00fcr Unternehmen, die bei der Handhabung von PET-Preforms auf Effizienz, Sicherheit und Ordnung achten. <\/p>\n","protected":false},"excerpt":{"rendered":"<p>Faltbarer und stapelbarer Beh\u00e4lter, speziell f\u00fcr PET-Vorformlinge. Die W\u00e4nde k\u00f6nnen mit einer Kunststoffbeschichtung versehen werden, um ein Austreten der Vorformlinge zu verhindern.<\/p>\n","protected":false},"featured_media":240348,"comment_status":"open","ping_status":"closed","template":"","meta":{"_acf_changed":false,"_et_pb_use_builder":"","_et_pb_old_content":"","_et_gb_content_width":""},"product_brand":[],"product_cat":[1914,1938],"product_tag":[2044],"class_list":{"0":"post-241577","1":"product","2":"type-product","3":"status-publish","4":"has-post-thumbnail","6":"product_cat-container-de","7":"product_cat-pet-preforms-de","8":"product_tag-containers-de","10":"first","11":"instock","12":"shipping-taxable","13":"purchasable","14":"product-type-variable"},"acf":[],"yoast_head":"<!-- This site is optimized with the Yoast SEO plugin v27.3 - https:\/\/yoast.com\/product\/yoast-seo-wordpress\/ -->\n<title>Industriecontainer f\u00fcr PET-Vorformlinge - Italiana Contenitori<\/title>\n<meta name=\"description\" content=\"Industriecontainer, der f\u00fcr die Lagerung und Handhabung von PET-Vorformlingen optimiert ist. Optimierte Abmessungen f\u00fcr die Beladung. Zusammenklappbar und langlebig.\" \/>\n<meta name=\"robots\" content=\"index, follow, max-snippet:-1, max-image-preview:large, max-video-preview:-1\" \/>\n<link rel=\"canonical\" href=\"https:\/\/www.italianacontenitori.com\/de\/produkt\/behalter-103-x-121-cm-pet\/\" \/>\n<meta property=\"og:locale\" content=\"de_DE\" \/>\n<meta property=\"og:type\" content=\"article\" \/>\n<meta property=\"og:title\" content=\"Industriecontainer f\u00fcr PET-Vorformlinge - Italiana Contenitori\" \/>\n<meta property=\"og:description\" content=\"Industriecontainer, der f\u00fcr die Lagerung und Handhabung von PET-Vorformlingen optimiert ist. Optimierte Abmessungen f\u00fcr die Beladung. Zusammenklappbar und langlebig.\" \/>\n<meta property=\"og:url\" content=\"https:\/\/www.italianacontenitori.com\/de\/produkt\/behalter-103-x-121-cm-pet\/\" \/>\n<meta property=\"og:site_name\" content=\"italianacontenitori.com\" \/>\n<meta property=\"article:modified_time\" content=\"2025-08-25T08:36:47+00:00\" \/>\n<meta property=\"og:image\" content=\"https:\/\/www.italianacontenitori.com\/wp-content\/uploads\/2020\/12\/CONT1150.png\" \/>\n\t<meta property=\"og:image:width\" content=\"1024\" \/>\n\t<meta property=\"og:image:height\" content=\"1024\" \/>\n\t<meta property=\"og:image:type\" content=\"image\/png\" \/>\n<meta name=\"twitter:card\" content=\"summary_large_image\" \/>\n<meta name=\"twitter:label1\" content=\"Gesch\u00e4tzte Lesezeit\" \/>\n\t<meta name=\"twitter:data1\" content=\"1\u00a0Minute\" \/>\n<script type=\"application\/ld+json\" class=\"yoast-schema-graph\">{\"@context\":\"https:\\\/\\\/schema.org\",\"@graph\":[{\"@type\":\"WebPage\",\"@id\":\"https:\\\/\\\/www.italianacontenitori.com\\\/de\\\/produkt\\\/behalter-103-x-121-cm-pet\\\/\",\"url\":\"https:\\\/\\\/www.italianacontenitori.com\\\/de\\\/produkt\\\/behalter-103-x-121-cm-pet\\\/\",\"name\":\"Industriecontainer f\u00fcr PET-Vorformlinge - Italiana Contenitori\",\"isPartOf\":{\"@id\":\"https:\\\/\\\/www.italianacontenitori.com\\\/de\\\/#website\"},\"primaryImageOfPage\":{\"@id\":\"https:\\\/\\\/www.italianacontenitori.com\\\/de\\\/produkt\\\/behalter-103-x-121-cm-pet\\\/#primaryimage\"},\"image\":{\"@id\":\"https:\\\/\\\/www.italianacontenitori.com\\\/de\\\/produkt\\\/behalter-103-x-121-cm-pet\\\/#primaryimage\"},\"thumbnailUrl\":\"https:\\\/\\\/www.italianacontenitori.com\\\/wp-content\\\/uploads\\\/2020\\\/12\\\/CONT1150.png\",\"datePublished\":\"2021-03-03T09:42:39+00:00\",\"dateModified\":\"2025-08-25T08:36:47+00:00\",\"description\":\"Industriecontainer, der f\u00fcr die Lagerung und Handhabung von PET-Vorformlingen optimiert ist. Optimierte Abmessungen f\u00fcr die Beladung. Zusammenklappbar und langlebig.\",\"breadcrumb\":{\"@id\":\"https:\\\/\\\/www.italianacontenitori.com\\\/de\\\/produkt\\\/behalter-103-x-121-cm-pet\\\/#breadcrumb\"},\"inLanguage\":\"de\",\"potentialAction\":[{\"@type\":\"ReadAction\",\"target\":[\"https:\\\/\\\/www.italianacontenitori.com\\\/de\\\/produkt\\\/behalter-103-x-121-cm-pet\\\/\"]}]},{\"@type\":\"ImageObject\",\"inLanguage\":\"de\",\"@id\":\"https:\\\/\\\/www.italianacontenitori.com\\\/de\\\/produkt\\\/behalter-103-x-121-cm-pet\\\/#primaryimage\",\"url\":\"https:\\\/\\\/www.italianacontenitori.com\\\/wp-content\\\/uploads\\\/2020\\\/12\\\/CONT1150.png\",\"contentUrl\":\"https:\\\/\\\/www.italianacontenitori.com\\\/wp-content\\\/uploads\\\/2020\\\/12\\\/CONT1150.png\",\"width\":1024,\"height\":1024},{\"@type\":\"BreadcrumbList\",\"@id\":\"https:\\\/\\\/www.italianacontenitori.com\\\/de\\\/produkt\\\/behalter-103-x-121-cm-pet\\\/#breadcrumb\",\"itemListElement\":[{\"@type\":\"ListItem\",\"position\":1,\"name\":\"Home\",\"item\":\"https:\\\/\\\/www.italianacontenitori.com\\\/de\\\/metallgitterboxen\\\/\"},{\"@type\":\"ListItem\",\"position\":2,\"name\":\"Industriecontainer f\u00fcr PET-Vorformlinge &#8211; 103 x 121 cm\"}]},{\"@type\":\"WebSite\",\"@id\":\"https:\\\/\\\/www.italianacontenitori.com\\\/de\\\/#website\",\"url\":\"https:\\\/\\\/www.italianacontenitori.com\\\/de\\\/\",\"name\":\"italianacontenitori.com\",\"description\":\"Produzione di contenitori industriali e roll container\",\"publisher\":{\"@id\":\"https:\\\/\\\/www.italianacontenitori.com\\\/de\\\/#organization\"},\"potentialAction\":[{\"@type\":\"SearchAction\",\"target\":{\"@type\":\"EntryPoint\",\"urlTemplate\":\"https:\\\/\\\/www.italianacontenitori.com\\\/de\\\/?s={search_term_string}\"},\"query-input\":{\"@type\":\"PropertyValueSpecification\",\"valueRequired\":true,\"valueName\":\"search_term_string\"}}],\"inLanguage\":\"de\"},{\"@type\":\"Organization\",\"@id\":\"https:\\\/\\\/www.italianacontenitori.com\\\/de\\\/#organization\",\"name\":\"Italiana Contenitori s.r.l.\",\"alternateName\":\"IC\",\"url\":\"https:\\\/\\\/www.italianacontenitori.com\\\/de\\\/\",\"logo\":{\"@type\":\"ImageObject\",\"inLanguage\":\"de\",\"@id\":\"https:\\\/\\\/www.italianacontenitori.com\\\/de\\\/#\\\/schema\\\/logo\\\/image\\\/\",\"url\":\"https:\\\/\\\/www.italianacontenitori.com\\\/wp-content\\\/uploads\\\/2020\\\/11\\\/cropped-Logo-Italiana-Contenitori_favicon.jpg\",\"contentUrl\":\"https:\\\/\\\/www.italianacontenitori.com\\\/wp-content\\\/uploads\\\/2020\\\/11\\\/cropped-Logo-Italiana-Contenitori_favicon.jpg\",\"width\":512,\"height\":512,\"caption\":\"Italiana Contenitori s.r.l.\"},\"image\":{\"@id\":\"https:\\\/\\\/www.italianacontenitori.com\\\/de\\\/#\\\/schema\\\/logo\\\/image\\\/\"}}]}<\/script>\n<!-- \/ Yoast SEO plugin. -->","yoast_head_json":{"title":"Industriecontainer f\u00fcr PET-Vorformlinge - Italiana Contenitori","description":"Industriecontainer, der f\u00fcr die Lagerung und Handhabung von PET-Vorformlingen optimiert ist. Optimierte Abmessungen f\u00fcr die Beladung. Zusammenklappbar und langlebig.","robots":{"index":"index","follow":"follow","max-snippet":"max-snippet:-1","max-image-preview":"max-image-preview:large","max-video-preview":"max-video-preview:-1"},"canonical":"https:\/\/www.italianacontenitori.com\/de\/produkt\/behalter-103-x-121-cm-pet\/","og_locale":"de_DE","og_type":"article","og_title":"Industriecontainer f\u00fcr PET-Vorformlinge - Italiana Contenitori","og_description":"Industriecontainer, der f\u00fcr die Lagerung und Handhabung von PET-Vorformlingen optimiert ist. Optimierte Abmessungen f\u00fcr die Beladung. Zusammenklappbar und langlebig.","og_url":"https:\/\/www.italianacontenitori.com\/de\/produkt\/behalter-103-x-121-cm-pet\/","og_site_name":"italianacontenitori.com","article_modified_time":"2025-08-25T08:36:47+00:00","og_image":[{"width":1024,"height":1024,"url":"https:\/\/www.italianacontenitori.com\/wp-content\/uploads\/2020\/12\/CONT1150.png","type":"image\/png"}],"twitter_card":"summary_large_image","twitter_misc":{"Gesch\u00e4tzte Lesezeit":"1\u00a0Minute"},"schema":{"@context":"https:\/\/schema.org","@graph":[{"@type":"WebPage","@id":"https:\/\/www.italianacontenitori.com\/de\/produkt\/behalter-103-x-121-cm-pet\/","url":"https:\/\/www.italianacontenitori.com\/de\/produkt\/behalter-103-x-121-cm-pet\/","name":"Industriecontainer f\u00fcr PET-Vorformlinge - Italiana Contenitori","isPartOf":{"@id":"https:\/\/www.italianacontenitori.com\/de\/#website"},"primaryImageOfPage":{"@id":"https:\/\/www.italianacontenitori.com\/de\/produkt\/behalter-103-x-121-cm-pet\/#primaryimage"},"image":{"@id":"https:\/\/www.italianacontenitori.com\/de\/produkt\/behalter-103-x-121-cm-pet\/#primaryimage"},"thumbnailUrl":"https:\/\/www.italianacontenitori.com\/wp-content\/uploads\/2020\/12\/CONT1150.png","datePublished":"2021-03-03T09:42:39+00:00","dateModified":"2025-08-25T08:36:47+00:00","description":"Industriecontainer, der f\u00fcr die Lagerung und Handhabung von PET-Vorformlingen optimiert ist. Optimierte Abmessungen f\u00fcr die Beladung. Zusammenklappbar und langlebig.","breadcrumb":{"@id":"https:\/\/www.italianacontenitori.com\/de\/produkt\/behalter-103-x-121-cm-pet\/#breadcrumb"},"inLanguage":"de","potentialAction":[{"@type":"ReadAction","target":["https:\/\/www.italianacontenitori.com\/de\/produkt\/behalter-103-x-121-cm-pet\/"]}]},{"@type":"ImageObject","inLanguage":"de","@id":"https:\/\/www.italianacontenitori.com\/de\/produkt\/behalter-103-x-121-cm-pet\/#primaryimage","url":"https:\/\/www.italianacontenitori.com\/wp-content\/uploads\/2020\/12\/CONT1150.png","contentUrl":"https:\/\/www.italianacontenitori.com\/wp-content\/uploads\/2020\/12\/CONT1150.png","width":1024,"height":1024},{"@type":"BreadcrumbList","@id":"https:\/\/www.italianacontenitori.com\/de\/produkt\/behalter-103-x-121-cm-pet\/#breadcrumb","itemListElement":[{"@type":"ListItem","position":1,"name":"Home","item":"https:\/\/www.italianacontenitori.com\/de\/metallgitterboxen\/"},{"@type":"ListItem","position":2,"name":"Industriecontainer f\u00fcr PET-Vorformlinge &#8211; 103 x 121 cm"}]},{"@type":"WebSite","@id":"https:\/\/www.italianacontenitori.com\/de\/#website","url":"https:\/\/www.italianacontenitori.com\/de\/","name":"italianacontenitori.com","description":"Produzione di contenitori industriali e roll container","publisher":{"@id":"https:\/\/www.italianacontenitori.com\/de\/#organization"},"potentialAction":[{"@type":"SearchAction","target":{"@type":"EntryPoint","urlTemplate":"https:\/\/www.italianacontenitori.com\/de\/?s={search_term_string}"},"query-input":{"@type":"PropertyValueSpecification","valueRequired":true,"valueName":"search_term_string"}}],"inLanguage":"de"},{"@type":"Organization","@id":"https:\/\/www.italianacontenitori.com\/de\/#organization","name":"Italiana Contenitori s.r.l.","alternateName":"IC","url":"https:\/\/www.italianacontenitori.com\/de\/","logo":{"@type":"ImageObject","inLanguage":"de","@id":"https:\/\/www.italianacontenitori.com\/de\/#\/schema\/logo\/image\/","url":"https:\/\/www.italianacontenitori.com\/wp-content\/uploads\/2020\/11\/cropped-Logo-Italiana-Contenitori_favicon.jpg","contentUrl":"https:\/\/www.italianacontenitori.com\/wp-content\/uploads\/2020\/11\/cropped-Logo-Italiana-Contenitori_favicon.jpg","width":512,"height":512,"caption":"Italiana Contenitori s.r.l."},"image":{"@id":"https:\/\/www.italianacontenitori.com\/de\/#\/schema\/logo\/image\/"}}]}},"_links":{"self":[{"href":"https:\/\/www.italianacontenitori.com\/de\/wp-json\/wp\/v2\/product\/241577","targetHints":{"allow":["GET"]}}],"collection":[{"href":"https:\/\/www.italianacontenitori.com\/de\/wp-json\/wp\/v2\/product"}],"about":[{"href":"https:\/\/www.italianacontenitori.com\/de\/wp-json\/wp\/v2\/types\/product"}],"replies":[{"embeddable":true,"href":"https:\/\/www.italianacontenitori.com\/de\/wp-json\/wp\/v2\/comments?post=241577"}],"wp:featuredmedia":[{"embeddable":true,"href":"https:\/\/www.italianacontenitori.com\/de\/wp-json\/wp\/v2\/media\/240348"}],"wp:attachment":[{"href":"https:\/\/www.italianacontenitori.com\/de\/wp-json\/wp\/v2\/media?parent=241577"}],"wp:term":[{"taxonomy":"product_brand","embeddable":true,"href":"https:\/\/www.italianacontenitori.com\/de\/wp-json\/wp\/v2\/product_brand?post=241577"},{"taxonomy":"product_cat","embeddable":true,"href":"https:\/\/www.italianacontenitori.com\/de\/wp-json\/wp\/v2\/product_cat?post=241577"},{"taxonomy":"product_tag","embeddable":true,"href":"https:\/\/www.italianacontenitori.com\/de\/wp-json\/wp\/v2\/product_tag?post=241577"}],"curies":[{"name":"wp","href":"https:\/\/api.w.org\/{rel}","templated":true}]}}