{"id":241586,"date":"2020-12-10T09:31:28","date_gmt":"2021-03-03T09:47:29","guid":{"rendered":"https:\/\/www.italianacontenitori.com\/product\/behaelter-100-x-120-cm-sicherheit\/"},"modified":"2025-08-25T08:12:55","modified_gmt":"2025-08-25T08:12:55","slug":"cont-100-x-120-cm_sic","status":"publish","type":"product","link":"https:\/\/www.italianacontenitori.com\/de\/prodotto\/cont-100-x-120-cm_sic\/","title":{"rendered":"Anti-Diebstahl-Industriecontainer 100 x 120 cm &#8211; Sicherheit"},"content":{"rendered":"<p>Dieser 100 x 120 cm gro\u00dfe Eisenk\u00e4fig wurde entwickelt, um <strong>maximale Sicherheit beim Transport und der Lagerung wertvoller Produkte zu gew\u00e4hrleisten<\/strong>. Ausgestattet mit einem abschlie\u00dfbaren Deckel und einem 50&#215;50 mm gro\u00dfen Maschendrahtgitter ist er eine ideale L\u00f6sung f\u00fcr den Umgang mit <strong>empfindlichen, pharmazeutischen oder teuren Materialien<\/strong> und reduziert das Risiko von Diebstahl und Manipulation. Dank des Vorh\u00e4ngeschloss-Verschlusses ist jeder Einbruchsversuch in den Anti-Diebstahl-Industriecontainer sichtbar und dokumentierbar, ein wichtiger Vorteil auch im Falle eines Versicherungsanspruchs.  <\/p>\n<h2>Diebstahlsicherer Industriecontainer: Sicherheit, Robustheit und Zweckm\u00e4\u00dfigkeit<\/h2>\n<p>Dieser Industriekorb kombiniert die Robustheit des Metallgitters mit einer leichten und wendigen Struktur, die sich leicht mit Hubwagen und Gabelstaplern handhaben l\u00e4sst. Dar\u00fcber hinaus ist er: <\/p>\n<ul>\n<li>Stapelbar, um den Stauraum zu optimieren<\/li>\n<li>Zusammenklappbar, um das Gewicht beim R\u00fccktransport oder bei Nichtgebrauch zu reduzieren<\/li>\n<li>Abriebfest, ideal f\u00fcr den intensiven Einsatz in Logistik und Industrie.<\/li>\n<\/ul>\n<p>Der <a href=\"https:\/\/www.italianacontenitori.com\/de\/katalog-de\/?filters=caratteristiche%5B174%5D\">Anti-Diebstahl-Industriecontainer geh\u00f6rt zu den industriellen Sicherheitsbeh\u00e4ltern<\/a> und ist die perfekte Wahl f\u00fcr Unternehmen, die sichere, praktische und langlebige L\u00f6sungen f\u00fcr den Transport hochwertiger G\u00fcter ben\u00f6tigen. Mindestmenge: 100 St\u00fcck <\/p>\n","protected":false},"excerpt":{"rendered":"<p>Diebstahlschutzbeh\u00e4lter mit 50 x 50 mm Netz und abschlie\u00dfbarem Deckel. Zusammenklappbar und \u00fcber-1 stapelbar, ist er ideal f\u00fcr den Transport von pharmazeutischen oder wertvollen Produkten. Maximale Tragf\u00e4higkeit: 1.000 kg.  Mindestlos 100 St\u00fcck.<\/p>\n","protected":false},"featured_media":240353,"comment_status":"open","ping_status":"closed","template":"","meta":{"_acf_changed":false,"_et_pb_use_builder":"off","_et_pb_old_content":"Dieser 100 x 120 cm gro\u00dfe Eisenk\u00e4fig wurde f\u00fcr <strong>maximale Sicherheit beim Transport und der Lagerung wertvoller Produkte<\/strong> entwickelt. Ausgestattet mit einem mit einem Vorh\u00e4ngeschloss verschlie\u00dfbaren Deckel und einem 50x50 mm gro\u00dfen Drahtgeflecht ist er eine ideale L\u00f6sung f\u00fcr den Umgang mit <strong>empfindlichen, pharmazeutischen oder teuren Materialien<\/strong> und minimiert das Risiko von Diebstahl und Manipulationen. Dank des Verschlusses mit Vorh\u00e4ngeschloss ist jeder Einbruchsversuch sichtbar und dokumentierbar, ein wichtiger Vorteil auch im Falle eines Versicherungsanspruchs.  \n<h2>Diebstahlsicherer Industriecontainer: Sicherheit, Robustheit und Zweckm\u00e4\u00dfigkeit<\/h2>\nDieser Industriekorb kombiniert die Robustheit des Metallgitters mit einer leichten und wendigen Struktur, die sich leicht mit Hubwagen und Gabelstaplern handhaben l\u00e4sst. Dar\u00fcber hinaus ist er: \n<ul>\n \t<li>Stapelbar, um den Stauraum zu optimieren<\/li>\n \t<li>Zusammenklappbar, um das Gewicht beim R\u00fccktransport oder bei Nichtgebrauch zu reduzieren<\/li>\n \t<li>Abriebfest, ideal f\u00fcr den intensiven Einsatz in Logistik und Industrie.<\/li>\n<\/ul>\nDer diebstahlsichere Industriecontainer ist die perfekte Wahl f\u00fcr Unternehmen, die sichere, praktische und langlebige L\u00f6sungen f\u00fcr den Transport hochwertiger G\u00fcter ben\u00f6tigen.\n\nMindestmenge: 100 St\u00fcck","_et_gb_content_width":""},"product_brand":[],"product_cat":[1914],"product_tag":[2169,2124],"class_list":{"0":"post-241586","1":"product","2":"type-product","3":"status-publish","4":"has-post-thumbnail","6":"product_cat-container-de","7":"product_tag-dichtes-netz","8":"product_tag-sicherheit","10":"first","11":"instock","12":"shipping-taxable","13":"purchasable","14":"product-type-simple"},"acf":[],"yoast_head":"<!-- This site is optimized with the Yoast SEO plugin v27.3 - https:\/\/yoast.com\/product\/yoast-seo-wordpress\/ -->\n<title>Anti-Diebstahl-Industriecontainer 100 x 120 cm - Sicherheit - italianacontenitori.com<\/title>\n<meta name=\"description\" content=\"Engmaschiger Container mit abschlie\u00dfbarem Deckel, konzipiert f\u00fcr die Lagerung und den Umschlag von wertvollen G\u00fctern. Tragf\u00e4higkeit 1.000 kg. \u00dcbereinander stapelbar 3 in 1.\" \/>\n<meta name=\"robots\" content=\"index, follow, max-snippet:-1, max-image-preview:large, max-video-preview:-1\" \/>\n<link rel=\"canonical\" href=\"https:\/\/www.italianacontenitori.com\/de\/prodotto\/cont-100-x-120-cm_sic\/\" \/>\n<meta property=\"og:locale\" content=\"de_DE\" \/>\n<meta property=\"og:type\" content=\"article\" \/>\n<meta property=\"og:title\" content=\"Anti-Diebstahl-Industriecontainer 100 x 120 cm - Sicherheit - italianacontenitori.com\" \/>\n<meta property=\"og:description\" content=\"Engmaschiger Container mit abschlie\u00dfbarem Deckel, konzipiert f\u00fcr die Lagerung und den Umschlag von wertvollen G\u00fctern. Tragf\u00e4higkeit 1.000 kg. \u00dcbereinander stapelbar 3 in 1.\" \/>\n<meta property=\"og:url\" content=\"https:\/\/www.italianacontenitori.com\/de\/prodotto\/cont-100-x-120-cm_sic\/\" \/>\n<meta property=\"og:site_name\" content=\"italianacontenitori.com\" \/>\n<meta property=\"article:modified_time\" content=\"2025-08-25T08:12:55+00:00\" \/>\n<meta property=\"og:image\" content=\"https:\/\/www.italianacontenitori.com\/wp-content\/uploads\/2020\/12\/CONT1220-1.jpg\" \/>\n\t<meta property=\"og:image:width\" content=\"1249\" \/>\n\t<meta property=\"og:image:height\" content=\"1249\" \/>\n\t<meta property=\"og:image:type\" content=\"image\/jpeg\" \/>\n<meta name=\"twitter:card\" content=\"summary_large_image\" \/>\n<meta name=\"twitter:label1\" content=\"Gesch\u00e4tzte Lesezeit\" \/>\n\t<meta name=\"twitter:data1\" content=\"1\u00a0Minute\" \/>\n<script type=\"application\/ld+json\" class=\"yoast-schema-graph\">{\"@context\":\"https:\\\/\\\/schema.org\",\"@graph\":[{\"@type\":\"WebPage\",\"@id\":\"https:\\\/\\\/www.italianacontenitori.com\\\/de\\\/prodotto\\\/cont-100-x-120-cm_sic\\\/\",\"url\":\"https:\\\/\\\/www.italianacontenitori.com\\\/de\\\/prodotto\\\/cont-100-x-120-cm_sic\\\/\",\"name\":\"Anti-Diebstahl-Industriecontainer 100 x 120 cm - Sicherheit - italianacontenitori.com\",\"isPartOf\":{\"@id\":\"https:\\\/\\\/www.italianacontenitori.com\\\/de\\\/#website\"},\"primaryImageOfPage\":{\"@id\":\"https:\\\/\\\/www.italianacontenitori.com\\\/de\\\/prodotto\\\/cont-100-x-120-cm_sic\\\/#primaryimage\"},\"image\":{\"@id\":\"https:\\\/\\\/www.italianacontenitori.com\\\/de\\\/prodotto\\\/cont-100-x-120-cm_sic\\\/#primaryimage\"},\"thumbnailUrl\":\"https:\\\/\\\/www.italianacontenitori.com\\\/wp-content\\\/uploads\\\/2020\\\/12\\\/CONT1220-1.jpg\",\"datePublished\":\"2021-03-03T09:47:29+00:00\",\"dateModified\":\"2025-08-25T08:12:55+00:00\",\"description\":\"Engmaschiger Container mit abschlie\u00dfbarem Deckel, konzipiert f\u00fcr die Lagerung und den Umschlag von wertvollen G\u00fctern. Tragf\u00e4higkeit 1.000 kg. \u00dcbereinander stapelbar 3 in 1.\",\"breadcrumb\":{\"@id\":\"https:\\\/\\\/www.italianacontenitori.com\\\/de\\\/prodotto\\\/cont-100-x-120-cm_sic\\\/#breadcrumb\"},\"inLanguage\":\"de\",\"potentialAction\":[{\"@type\":\"ReadAction\",\"target\":[\"https:\\\/\\\/www.italianacontenitori.com\\\/de\\\/prodotto\\\/cont-100-x-120-cm_sic\\\/\"]}]},{\"@type\":\"ImageObject\",\"inLanguage\":\"de\",\"@id\":\"https:\\\/\\\/www.italianacontenitori.com\\\/de\\\/prodotto\\\/cont-100-x-120-cm_sic\\\/#primaryimage\",\"url\":\"https:\\\/\\\/www.italianacontenitori.com\\\/wp-content\\\/uploads\\\/2020\\\/12\\\/CONT1220-1.jpg\",\"contentUrl\":\"https:\\\/\\\/www.italianacontenitori.com\\\/wp-content\\\/uploads\\\/2020\\\/12\\\/CONT1220-1.jpg\",\"width\":1249,\"height\":1249,\"caption\":\"Contenitore industriale antifurto\"},{\"@type\":\"BreadcrumbList\",\"@id\":\"https:\\\/\\\/www.italianacontenitori.com\\\/de\\\/prodotto\\\/cont-100-x-120-cm_sic\\\/#breadcrumb\",\"itemListElement\":[{\"@type\":\"ListItem\",\"position\":1,\"name\":\"Home\",\"item\":\"https:\\\/\\\/www.italianacontenitori.com\\\/de\\\/metallgitterboxen\\\/\"},{\"@type\":\"ListItem\",\"position\":2,\"name\":\"Anti-Diebstahl-Industriecontainer 100 x 120 cm &#8211; Sicherheit\"}]},{\"@type\":\"WebSite\",\"@id\":\"https:\\\/\\\/www.italianacontenitori.com\\\/de\\\/#website\",\"url\":\"https:\\\/\\\/www.italianacontenitori.com\\\/de\\\/\",\"name\":\"italianacontenitori.com\",\"description\":\"Produzione di contenitori industriali e roll container\",\"publisher\":{\"@id\":\"https:\\\/\\\/www.italianacontenitori.com\\\/de\\\/#organization\"},\"potentialAction\":[{\"@type\":\"SearchAction\",\"target\":{\"@type\":\"EntryPoint\",\"urlTemplate\":\"https:\\\/\\\/www.italianacontenitori.com\\\/de\\\/?s={search_term_string}\"},\"query-input\":{\"@type\":\"PropertyValueSpecification\",\"valueRequired\":true,\"valueName\":\"search_term_string\"}}],\"inLanguage\":\"de\"},{\"@type\":\"Organization\",\"@id\":\"https:\\\/\\\/www.italianacontenitori.com\\\/de\\\/#organization\",\"name\":\"Italiana Contenitori s.r.l.\",\"alternateName\":\"IC\",\"url\":\"https:\\\/\\\/www.italianacontenitori.com\\\/de\\\/\",\"logo\":{\"@type\":\"ImageObject\",\"inLanguage\":\"de\",\"@id\":\"https:\\\/\\\/www.italianacontenitori.com\\\/de\\\/#\\\/schema\\\/logo\\\/image\\\/\",\"url\":\"https:\\\/\\\/www.italianacontenitori.com\\\/wp-content\\\/uploads\\\/2020\\\/11\\\/cropped-Logo-Italiana-Contenitori_favicon.jpg\",\"contentUrl\":\"https:\\\/\\\/www.italianacontenitori.com\\\/wp-content\\\/uploads\\\/2020\\\/11\\\/cropped-Logo-Italiana-Contenitori_favicon.jpg\",\"width\":512,\"height\":512,\"caption\":\"Italiana Contenitori s.r.l.\"},\"image\":{\"@id\":\"https:\\\/\\\/www.italianacontenitori.com\\\/de\\\/#\\\/schema\\\/logo\\\/image\\\/\"}}]}<\/script>\n<!-- \/ Yoast SEO plugin. -->","yoast_head_json":{"title":"Anti-Diebstahl-Industriecontainer 100 x 120 cm - Sicherheit - italianacontenitori.com","description":"Engmaschiger Container mit abschlie\u00dfbarem Deckel, konzipiert f\u00fcr die Lagerung und den Umschlag von wertvollen G\u00fctern. Tragf\u00e4higkeit 1.000 kg. \u00dcbereinander stapelbar 3 in 1.","robots":{"index":"index","follow":"follow","max-snippet":"max-snippet:-1","max-image-preview":"max-image-preview:large","max-video-preview":"max-video-preview:-1"},"canonical":"https:\/\/www.italianacontenitori.com\/de\/prodotto\/cont-100-x-120-cm_sic\/","og_locale":"de_DE","og_type":"article","og_title":"Anti-Diebstahl-Industriecontainer 100 x 120 cm - Sicherheit - italianacontenitori.com","og_description":"Engmaschiger Container mit abschlie\u00dfbarem Deckel, konzipiert f\u00fcr die Lagerung und den Umschlag von wertvollen G\u00fctern. Tragf\u00e4higkeit 1.000 kg. \u00dcbereinander stapelbar 3 in 1.","og_url":"https:\/\/www.italianacontenitori.com\/de\/prodotto\/cont-100-x-120-cm_sic\/","og_site_name":"italianacontenitori.com","article_modified_time":"2025-08-25T08:12:55+00:00","og_image":[{"width":1249,"height":1249,"url":"https:\/\/www.italianacontenitori.com\/wp-content\/uploads\/2020\/12\/CONT1220-1.jpg","type":"image\/jpeg"}],"twitter_card":"summary_large_image","twitter_misc":{"Gesch\u00e4tzte Lesezeit":"1\u00a0Minute"},"schema":{"@context":"https:\/\/schema.org","@graph":[{"@type":"WebPage","@id":"https:\/\/www.italianacontenitori.com\/de\/prodotto\/cont-100-x-120-cm_sic\/","url":"https:\/\/www.italianacontenitori.com\/de\/prodotto\/cont-100-x-120-cm_sic\/","name":"Anti-Diebstahl-Industriecontainer 100 x 120 cm - Sicherheit - italianacontenitori.com","isPartOf":{"@id":"https:\/\/www.italianacontenitori.com\/de\/#website"},"primaryImageOfPage":{"@id":"https:\/\/www.italianacontenitori.com\/de\/prodotto\/cont-100-x-120-cm_sic\/#primaryimage"},"image":{"@id":"https:\/\/www.italianacontenitori.com\/de\/prodotto\/cont-100-x-120-cm_sic\/#primaryimage"},"thumbnailUrl":"https:\/\/www.italianacontenitori.com\/wp-content\/uploads\/2020\/12\/CONT1220-1.jpg","datePublished":"2021-03-03T09:47:29+00:00","dateModified":"2025-08-25T08:12:55+00:00","description":"Engmaschiger Container mit abschlie\u00dfbarem Deckel, konzipiert f\u00fcr die Lagerung und den Umschlag von wertvollen G\u00fctern. Tragf\u00e4higkeit 1.000 kg. \u00dcbereinander stapelbar 3 in 1.","breadcrumb":{"@id":"https:\/\/www.italianacontenitori.com\/de\/prodotto\/cont-100-x-120-cm_sic\/#breadcrumb"},"inLanguage":"de","potentialAction":[{"@type":"ReadAction","target":["https:\/\/www.italianacontenitori.com\/de\/prodotto\/cont-100-x-120-cm_sic\/"]}]},{"@type":"ImageObject","inLanguage":"de","@id":"https:\/\/www.italianacontenitori.com\/de\/prodotto\/cont-100-x-120-cm_sic\/#primaryimage","url":"https:\/\/www.italianacontenitori.com\/wp-content\/uploads\/2020\/12\/CONT1220-1.jpg","contentUrl":"https:\/\/www.italianacontenitori.com\/wp-content\/uploads\/2020\/12\/CONT1220-1.jpg","width":1249,"height":1249,"caption":"Contenitore industriale antifurto"},{"@type":"BreadcrumbList","@id":"https:\/\/www.italianacontenitori.com\/de\/prodotto\/cont-100-x-120-cm_sic\/#breadcrumb","itemListElement":[{"@type":"ListItem","position":1,"name":"Home","item":"https:\/\/www.italianacontenitori.com\/de\/metallgitterboxen\/"},{"@type":"ListItem","position":2,"name":"Anti-Diebstahl-Industriecontainer 100 x 120 cm &#8211; Sicherheit"}]},{"@type":"WebSite","@id":"https:\/\/www.italianacontenitori.com\/de\/#website","url":"https:\/\/www.italianacontenitori.com\/de\/","name":"italianacontenitori.com","description":"Produzione di contenitori industriali e roll container","publisher":{"@id":"https:\/\/www.italianacontenitori.com\/de\/#organization"},"potentialAction":[{"@type":"SearchAction","target":{"@type":"EntryPoint","urlTemplate":"https:\/\/www.italianacontenitori.com\/de\/?s={search_term_string}"},"query-input":{"@type":"PropertyValueSpecification","valueRequired":true,"valueName":"search_term_string"}}],"inLanguage":"de"},{"@type":"Organization","@id":"https:\/\/www.italianacontenitori.com\/de\/#organization","name":"Italiana Contenitori s.r.l.","alternateName":"IC","url":"https:\/\/www.italianacontenitori.com\/de\/","logo":{"@type":"ImageObject","inLanguage":"de","@id":"https:\/\/www.italianacontenitori.com\/de\/#\/schema\/logo\/image\/","url":"https:\/\/www.italianacontenitori.com\/wp-content\/uploads\/2020\/11\/cropped-Logo-Italiana-Contenitori_favicon.jpg","contentUrl":"https:\/\/www.italianacontenitori.com\/wp-content\/uploads\/2020\/11\/cropped-Logo-Italiana-Contenitori_favicon.jpg","width":512,"height":512,"caption":"Italiana Contenitori s.r.l."},"image":{"@id":"https:\/\/www.italianacontenitori.com\/de\/#\/schema\/logo\/image\/"}}]}},"_links":{"self":[{"href":"https:\/\/www.italianacontenitori.com\/de\/wp-json\/wp\/v2\/product\/241586","targetHints":{"allow":["GET"]}}],"collection":[{"href":"https:\/\/www.italianacontenitori.com\/de\/wp-json\/wp\/v2\/product"}],"about":[{"href":"https:\/\/www.italianacontenitori.com\/de\/wp-json\/wp\/v2\/types\/product"}],"replies":[{"embeddable":true,"href":"https:\/\/www.italianacontenitori.com\/de\/wp-json\/wp\/v2\/comments?post=241586"}],"wp:featuredmedia":[{"embeddable":true,"href":"https:\/\/www.italianacontenitori.com\/de\/wp-json\/wp\/v2\/media\/240353"}],"wp:attachment":[{"href":"https:\/\/www.italianacontenitori.com\/de\/wp-json\/wp\/v2\/media?parent=241586"}],"wp:term":[{"taxonomy":"product_brand","embeddable":true,"href":"https:\/\/www.italianacontenitori.com\/de\/wp-json\/wp\/v2\/product_brand?post=241586"},{"taxonomy":"product_cat","embeddable":true,"href":"https:\/\/www.italianacontenitori.com\/de\/wp-json\/wp\/v2\/product_cat?post=241586"},{"taxonomy":"product_tag","embeddable":true,"href":"https:\/\/www.italianacontenitori.com\/de\/wp-json\/wp\/v2\/product_tag?post=241586"}],"curies":[{"name":"wp","href":"https:\/\/api.w.org\/{rel}","templated":true}]}}