{"id":241590,"date":"2020-12-09T14:50:35","date_gmt":"2020-12-09T14:50:35","guid":{"rendered":"https:\/\/www.italianacontenitori.com\/product\/leggero-102-x-120-cm-h-140m\/"},"modified":"2026-04-10T14:35:34","modified_gmt":"2026-04-10T14:35:34","slug":"leggero-102-x-120-cm-h-140m","status":"publish","type":"product","link":"https:\/\/www.italianacontenitori.com\/de\/produkt\/leggero-102-x-120-cm-h-140m\/","title":{"rendered":"LIGHT 102 x 120 x 140h"},"content":{"rendered":"<p>Dieser Drahtgittercontainer der Lightweight Series bietet ein maximales Innenvolumen und eine einfache Handhabung dank einer robusten, aber leichteren als der Standardkonstruktion. Mit seinen Abmessungen von 102 x 120 x 140h cm bietet er ein <strong>Innenvolumen von mehr als 1,4 m3<\/strong>, ideal f\u00fcr die Lagerung und den Transport von leichten, aber sperrigen Materialien. Die perfekte Wahl f\u00fcr alle, die ein Gleichgewicht zwischen gro\u00dfem Ladevolumen und Man\u00f6vrierf\u00e4higkeit suchen. Dank seines <strong>Gewichts von nur 54 kg<\/strong> bietet er eine hervorragende L\u00f6sung f\u00fcr die <strong>Lagerung und den Transport von sperrigen Materialien<\/strong>, ohne die Logistik zu belasten. Er ist aus <strong>elektrogeschwei\u00dftem Gewebe mit einer Maschenweite von 65 x 115 mm<\/strong> gefertigt und ist langlebig und dennoch leicht zu bewegen, selbst in Umgebungen, in denen h\u00e4ufig manuelles oder leichtes Handling erforderlich ist.   <\/p>\n<p>Dank der<strong>\u00d6ffnung an beiden L\u00e4ngsseiten<\/strong> ist der Inhalt immer leicht zug\u00e4nglich, auch wenn der Beh\u00e4lter gestapelt ist. Das Be- und Entladen ist schnell und sicher. <\/p>\n<h2>Hauptmerkmale des Metallkorbs LEGG102120<\/h2>\n<ul>\n<li><strong>Leicht und robust<\/strong>, ideal f\u00fcr alle, die schnell gro\u00dfe Mengen verarbeiten m\u00fcssen<\/li>\n<li><strong>\u00d6ffnung an beiden L\u00e4ngsseiten<\/strong> f\u00fcr bequemen Zugriff auf den Inhalt aus mehreren Richtungen<\/li>\n<li><strong>Stapelbar und faltbar<\/strong>, um den Stauraum zu optimieren oder f\u00fcr den R\u00fccktransport<\/li>\n<li><strong>Verst\u00e4rkte Basis<\/strong>, kompatibel mit Hubwagen und Gabelstaplern<\/li>\n<\/ul>\n<p>Perfekt f\u00fcr Unternehmen, die einen leichten, ger\u00e4umigen und funktionellen Industriekorb f\u00fcr die Lagerung und Handhabung sperriger Produkte suchen. Dieser vielseitige und funktionelle Metallkorb eignet sich f\u00fcr eine Vielzahl von Branchen, von der Logistik und dem Recycling bis hin zur Lebensmittelverarbeitung und Fertigung. <\/p>\n","protected":false},"excerpt":{"rendered":"<p>Leichter Beh\u00e4lter mit gro\u00dfem Ladevolumen. Faltbar und stapelbar mit \u00d6ffnung an beiden L\u00e4ngsseiten. Mindestlos 100 St\u00fcck.<\/p>\n","protected":false},"featured_media":240359,"comment_status":"open","ping_status":"closed","template":"","meta":{"_acf_changed":false,"_et_pb_use_builder":"off","_et_pb_old_content":"Leichter Beh\u00e4lter mit gro\u00dfem Ladevolumen. Faltbar und stapelbar mit \u00d6ffnung an beiden L\u00e4ngsseiten. Mindestlos 100 St\u00fcck.","_et_gb_content_width":""},"product_brand":[],"product_cat":[1926],"product_tag":[2044],"class_list":{"0":"post-241590","1":"product","2":"type-product","3":"status-publish","4":"has-post-thumbnail","6":"product_cat-licht-leggero","7":"product_tag-containers-de","9":"first","10":"instock","11":"shipping-taxable","12":"purchasable","13":"product-type-simple"},"acf":[],"yoast_head":"<!-- This site is optimized with the Yoast SEO plugin v27.3 - https:\/\/yoast.com\/product\/yoast-seo-wordpress\/ -->\n<title>Leichter Container f\u00fcr sperrige G\u00fcter - Italiana Contenitori<\/title>\n<meta name=\"description\" content=\"Leichter (41 kg) verzinkter Industriek\u00e4fig mit \u00fcber 800 Litern Fassungsverm\u00f6gen, Doppelt\u00fcr, stapelbar, verst\u00e4rkter Gabelstaplerboden.\" \/>\n<meta name=\"robots\" content=\"index, follow, max-snippet:-1, max-image-preview:large, max-video-preview:-1\" \/>\n<link rel=\"canonical\" href=\"https:\/\/www.italianacontenitori.com\/de\/produkt\/leggero-102-x-120-cm-h-140m\/\" \/>\n<meta property=\"og:locale\" content=\"de_DE\" \/>\n<meta property=\"og:type\" content=\"article\" \/>\n<meta property=\"og:title\" content=\"Leichter Container f\u00fcr sperrige G\u00fcter - Italiana Contenitori\" \/>\n<meta property=\"og:description\" content=\"Leichter (41 kg) verzinkter Industriek\u00e4fig mit \u00fcber 800 Litern Fassungsverm\u00f6gen, Doppelt\u00fcr, stapelbar, verst\u00e4rkter Gabelstaplerboden.\" \/>\n<meta property=\"og:url\" content=\"https:\/\/www.italianacontenitori.com\/de\/produkt\/leggero-102-x-120-cm-h-140m\/\" \/>\n<meta property=\"og:site_name\" content=\"italianacontenitori.com\" \/>\n<meta property=\"article:modified_time\" content=\"2026-04-10T14:35:34+00:00\" \/>\n<meta property=\"og:image\" content=\"https:\/\/www.italianacontenitori.com\/wp-content\/uploads\/2020\/12\/LEGG102120.png\" \/>\n\t<meta property=\"og:image:width\" content=\"1024\" \/>\n\t<meta property=\"og:image:height\" content=\"1024\" \/>\n\t<meta property=\"og:image:type\" content=\"image\/png\" \/>\n<meta name=\"twitter:card\" content=\"summary_large_image\" \/>\n<meta name=\"twitter:label1\" content=\"Gesch\u00e4tzte Lesezeit\" \/>\n\t<meta name=\"twitter:data1\" content=\"1\u00a0Minute\" \/>\n<script type=\"application\/ld+json\" class=\"yoast-schema-graph\">{\"@context\":\"https:\\\/\\\/schema.org\",\"@graph\":[{\"@type\":\"WebPage\",\"@id\":\"https:\\\/\\\/www.italianacontenitori.com\\\/de\\\/produkt\\\/leggero-102-x-120-cm-h-140m\\\/\",\"url\":\"https:\\\/\\\/www.italianacontenitori.com\\\/de\\\/produkt\\\/leggero-102-x-120-cm-h-140m\\\/\",\"name\":\"Leichter Container f\u00fcr sperrige G\u00fcter - Italiana Contenitori\",\"isPartOf\":{\"@id\":\"https:\\\/\\\/www.italianacontenitori.com\\\/de\\\/#website\"},\"primaryImageOfPage\":{\"@id\":\"https:\\\/\\\/www.italianacontenitori.com\\\/de\\\/produkt\\\/leggero-102-x-120-cm-h-140m\\\/#primaryimage\"},\"image\":{\"@id\":\"https:\\\/\\\/www.italianacontenitori.com\\\/de\\\/produkt\\\/leggero-102-x-120-cm-h-140m\\\/#primaryimage\"},\"thumbnailUrl\":\"https:\\\/\\\/www.italianacontenitori.com\\\/wp-content\\\/uploads\\\/2020\\\/12\\\/LEGG102120.png\",\"datePublished\":\"2020-12-09T14:50:35+00:00\",\"dateModified\":\"2026-04-10T14:35:34+00:00\",\"description\":\"Leichter (41 kg) verzinkter Industriek\u00e4fig mit \u00fcber 800 Litern Fassungsverm\u00f6gen, Doppelt\u00fcr, stapelbar, verst\u00e4rkter Gabelstaplerboden.\",\"breadcrumb\":{\"@id\":\"https:\\\/\\\/www.italianacontenitori.com\\\/de\\\/produkt\\\/leggero-102-x-120-cm-h-140m\\\/#breadcrumb\"},\"inLanguage\":\"de\",\"potentialAction\":[{\"@type\":\"ReadAction\",\"target\":[\"https:\\\/\\\/www.italianacontenitori.com\\\/de\\\/produkt\\\/leggero-102-x-120-cm-h-140m\\\/\"]}]},{\"@type\":\"ImageObject\",\"inLanguage\":\"de\",\"@id\":\"https:\\\/\\\/www.italianacontenitori.com\\\/de\\\/produkt\\\/leggero-102-x-120-cm-h-140m\\\/#primaryimage\",\"url\":\"https:\\\/\\\/www.italianacontenitori.com\\\/wp-content\\\/uploads\\\/2020\\\/12\\\/LEGG102120.png\",\"contentUrl\":\"https:\\\/\\\/www.italianacontenitori.com\\\/wp-content\\\/uploads\\\/2020\\\/12\\\/LEGG102120.png\",\"width\":1024,\"height\":1024},{\"@type\":\"BreadcrumbList\",\"@id\":\"https:\\\/\\\/www.italianacontenitori.com\\\/de\\\/produkt\\\/leggero-102-x-120-cm-h-140m\\\/#breadcrumb\",\"itemListElement\":[{\"@type\":\"ListItem\",\"position\":1,\"name\":\"Home\",\"item\":\"https:\\\/\\\/www.italianacontenitori.com\\\/de\\\/metallgitterboxen\\\/\"},{\"@type\":\"ListItem\",\"position\":2,\"name\":\"LIGHT 102 x 120 x 140h\"}]},{\"@type\":\"WebSite\",\"@id\":\"https:\\\/\\\/www.italianacontenitori.com\\\/de\\\/#website\",\"url\":\"https:\\\/\\\/www.italianacontenitori.com\\\/de\\\/\",\"name\":\"italianacontenitori.com\",\"description\":\"Produzione di contenitori industriali e roll container\",\"publisher\":{\"@id\":\"https:\\\/\\\/www.italianacontenitori.com\\\/de\\\/#organization\"},\"potentialAction\":[{\"@type\":\"SearchAction\",\"target\":{\"@type\":\"EntryPoint\",\"urlTemplate\":\"https:\\\/\\\/www.italianacontenitori.com\\\/de\\\/?s={search_term_string}\"},\"query-input\":{\"@type\":\"PropertyValueSpecification\",\"valueRequired\":true,\"valueName\":\"search_term_string\"}}],\"inLanguage\":\"de\"},{\"@type\":\"Organization\",\"@id\":\"https:\\\/\\\/www.italianacontenitori.com\\\/de\\\/#organization\",\"name\":\"Italiana Contenitori s.r.l.\",\"alternateName\":\"IC\",\"url\":\"https:\\\/\\\/www.italianacontenitori.com\\\/de\\\/\",\"logo\":{\"@type\":\"ImageObject\",\"inLanguage\":\"de\",\"@id\":\"https:\\\/\\\/www.italianacontenitori.com\\\/de\\\/#\\\/schema\\\/logo\\\/image\\\/\",\"url\":\"https:\\\/\\\/www.italianacontenitori.com\\\/wp-content\\\/uploads\\\/2020\\\/11\\\/cropped-Logo-Italiana-Contenitori_favicon.jpg\",\"contentUrl\":\"https:\\\/\\\/www.italianacontenitori.com\\\/wp-content\\\/uploads\\\/2020\\\/11\\\/cropped-Logo-Italiana-Contenitori_favicon.jpg\",\"width\":512,\"height\":512,\"caption\":\"Italiana Contenitori s.r.l.\"},\"image\":{\"@id\":\"https:\\\/\\\/www.italianacontenitori.com\\\/de\\\/#\\\/schema\\\/logo\\\/image\\\/\"}}]}<\/script>\n<!-- \/ Yoast SEO plugin. -->","yoast_head_json":{"title":"Leichter Container f\u00fcr sperrige G\u00fcter - Italiana Contenitori","description":"Leichter (41 kg) verzinkter Industriek\u00e4fig mit \u00fcber 800 Litern Fassungsverm\u00f6gen, Doppelt\u00fcr, stapelbar, verst\u00e4rkter Gabelstaplerboden.","robots":{"index":"index","follow":"follow","max-snippet":"max-snippet:-1","max-image-preview":"max-image-preview:large","max-video-preview":"max-video-preview:-1"},"canonical":"https:\/\/www.italianacontenitori.com\/de\/produkt\/leggero-102-x-120-cm-h-140m\/","og_locale":"de_DE","og_type":"article","og_title":"Leichter Container f\u00fcr sperrige G\u00fcter - Italiana Contenitori","og_description":"Leichter (41 kg) verzinkter Industriek\u00e4fig mit \u00fcber 800 Litern Fassungsverm\u00f6gen, Doppelt\u00fcr, stapelbar, verst\u00e4rkter Gabelstaplerboden.","og_url":"https:\/\/www.italianacontenitori.com\/de\/produkt\/leggero-102-x-120-cm-h-140m\/","og_site_name":"italianacontenitori.com","article_modified_time":"2026-04-10T14:35:34+00:00","og_image":[{"width":1024,"height":1024,"url":"https:\/\/www.italianacontenitori.com\/wp-content\/uploads\/2020\/12\/LEGG102120.png","type":"image\/png"}],"twitter_card":"summary_large_image","twitter_misc":{"Gesch\u00e4tzte Lesezeit":"1\u00a0Minute"},"schema":{"@context":"https:\/\/schema.org","@graph":[{"@type":"WebPage","@id":"https:\/\/www.italianacontenitori.com\/de\/produkt\/leggero-102-x-120-cm-h-140m\/","url":"https:\/\/www.italianacontenitori.com\/de\/produkt\/leggero-102-x-120-cm-h-140m\/","name":"Leichter Container f\u00fcr sperrige G\u00fcter - Italiana Contenitori","isPartOf":{"@id":"https:\/\/www.italianacontenitori.com\/de\/#website"},"primaryImageOfPage":{"@id":"https:\/\/www.italianacontenitori.com\/de\/produkt\/leggero-102-x-120-cm-h-140m\/#primaryimage"},"image":{"@id":"https:\/\/www.italianacontenitori.com\/de\/produkt\/leggero-102-x-120-cm-h-140m\/#primaryimage"},"thumbnailUrl":"https:\/\/www.italianacontenitori.com\/wp-content\/uploads\/2020\/12\/LEGG102120.png","datePublished":"2020-12-09T14:50:35+00:00","dateModified":"2026-04-10T14:35:34+00:00","description":"Leichter (41 kg) verzinkter Industriek\u00e4fig mit \u00fcber 800 Litern Fassungsverm\u00f6gen, Doppelt\u00fcr, stapelbar, verst\u00e4rkter Gabelstaplerboden.","breadcrumb":{"@id":"https:\/\/www.italianacontenitori.com\/de\/produkt\/leggero-102-x-120-cm-h-140m\/#breadcrumb"},"inLanguage":"de","potentialAction":[{"@type":"ReadAction","target":["https:\/\/www.italianacontenitori.com\/de\/produkt\/leggero-102-x-120-cm-h-140m\/"]}]},{"@type":"ImageObject","inLanguage":"de","@id":"https:\/\/www.italianacontenitori.com\/de\/produkt\/leggero-102-x-120-cm-h-140m\/#primaryimage","url":"https:\/\/www.italianacontenitori.com\/wp-content\/uploads\/2020\/12\/LEGG102120.png","contentUrl":"https:\/\/www.italianacontenitori.com\/wp-content\/uploads\/2020\/12\/LEGG102120.png","width":1024,"height":1024},{"@type":"BreadcrumbList","@id":"https:\/\/www.italianacontenitori.com\/de\/produkt\/leggero-102-x-120-cm-h-140m\/#breadcrumb","itemListElement":[{"@type":"ListItem","position":1,"name":"Home","item":"https:\/\/www.italianacontenitori.com\/de\/metallgitterboxen\/"},{"@type":"ListItem","position":2,"name":"LIGHT 102 x 120 x 140h"}]},{"@type":"WebSite","@id":"https:\/\/www.italianacontenitori.com\/de\/#website","url":"https:\/\/www.italianacontenitori.com\/de\/","name":"italianacontenitori.com","description":"Produzione di contenitori industriali e roll container","publisher":{"@id":"https:\/\/www.italianacontenitori.com\/de\/#organization"},"potentialAction":[{"@type":"SearchAction","target":{"@type":"EntryPoint","urlTemplate":"https:\/\/www.italianacontenitori.com\/de\/?s={search_term_string}"},"query-input":{"@type":"PropertyValueSpecification","valueRequired":true,"valueName":"search_term_string"}}],"inLanguage":"de"},{"@type":"Organization","@id":"https:\/\/www.italianacontenitori.com\/de\/#organization","name":"Italiana Contenitori s.r.l.","alternateName":"IC","url":"https:\/\/www.italianacontenitori.com\/de\/","logo":{"@type":"ImageObject","inLanguage":"de","@id":"https:\/\/www.italianacontenitori.com\/de\/#\/schema\/logo\/image\/","url":"https:\/\/www.italianacontenitori.com\/wp-content\/uploads\/2020\/11\/cropped-Logo-Italiana-Contenitori_favicon.jpg","contentUrl":"https:\/\/www.italianacontenitori.com\/wp-content\/uploads\/2020\/11\/cropped-Logo-Italiana-Contenitori_favicon.jpg","width":512,"height":512,"caption":"Italiana Contenitori s.r.l."},"image":{"@id":"https:\/\/www.italianacontenitori.com\/de\/#\/schema\/logo\/image\/"}}]}},"_links":{"self":[{"href":"https:\/\/www.italianacontenitori.com\/de\/wp-json\/wp\/v2\/product\/241590","targetHints":{"allow":["GET"]}}],"collection":[{"href":"https:\/\/www.italianacontenitori.com\/de\/wp-json\/wp\/v2\/product"}],"about":[{"href":"https:\/\/www.italianacontenitori.com\/de\/wp-json\/wp\/v2\/types\/product"}],"replies":[{"embeddable":true,"href":"https:\/\/www.italianacontenitori.com\/de\/wp-json\/wp\/v2\/comments?post=241590"}],"wp:featuredmedia":[{"embeddable":true,"href":"https:\/\/www.italianacontenitori.com\/de\/wp-json\/wp\/v2\/media\/240359"}],"wp:attachment":[{"href":"https:\/\/www.italianacontenitori.com\/de\/wp-json\/wp\/v2\/media?parent=241590"}],"wp:term":[{"taxonomy":"product_brand","embeddable":true,"href":"https:\/\/www.italianacontenitori.com\/de\/wp-json\/wp\/v2\/product_brand?post=241590"},{"taxonomy":"product_cat","embeddable":true,"href":"https:\/\/www.italianacontenitori.com\/de\/wp-json\/wp\/v2\/product_cat?post=241590"},{"taxonomy":"product_tag","embeddable":true,"href":"https:\/\/www.italianacontenitori.com\/de\/wp-json\/wp\/v2\/product_tag?post=241590"}],"curies":[{"name":"wp","href":"https:\/\/api.w.org\/{rel}","templated":true}]}}