{"id":241599,"date":"2020-12-09T14:42:14","date_gmt":"2020-12-09T14:42:14","guid":{"rendered":"https:\/\/www.italianacontenitori.com\/product\/leggero-100-x-100-cm\/"},"modified":"2026-04-10T14:35:23","modified_gmt":"2026-04-10T14:35:23","slug":"leggero-100-x-100-cm","status":"publish","type":"product","link":"https:\/\/www.italianacontenitori.com\/de\/produkt\/leggero-100-x-100-cm\/","title":{"rendered":"LEGGERO 100 x 100 cm"},"content":{"rendered":"<p>Dieser Drahtgittercontainer aus der <strong>Lightweight Serie<\/strong> ist die ideale Wahl f\u00fcr alle, die ein kompakteres Format suchen, ohne auf ein gutes Innenvolumen zu verzichten. Mit einem <strong>Nutzvolumen von 0,78 m3<\/strong> und einem Gewicht von nur <strong>37 kg<\/strong> ist er perfekt f\u00fcr die Handhabung und Lagerung von <strong>leichten, aber sperrigen Materialien<\/strong> geeignet, insbesondere in Umgebungen, in denen jeder Quadratzentimeter z\u00e4hlt. Die quadratischen Abmessungen machen diesen Beh\u00e4lter besonders geeignet f\u00fcr modulare Lagerr\u00e4ume, w\u00e4hrend die <strong>elektrogeschwei\u00dfte Gitterstruktur mit 65 x 115 mm Maschenweite<\/strong> St\u00e4rke, Zuverl\u00e4ssigkeit und Langlebigkeit garantiert und gleichzeitig eine hohe Man\u00f6vrierf\u00e4higkeit gew\u00e4hrleistet.  <\/p>\n<p>Die<strong>\u00d6ffnung an beiden L\u00e4ngsseiten<\/strong> erleichtert den Zugriff auf den Inhalt, auch wenn der Container gestapelt ist, und erleichtert das Be- und Entladen.<\/p>\n<h3>Leichter Industriecontainer 100 x 100 cm: das quadratische Format, das den Raum optimiert<\/h3>\n<ul>\n<li><strong>Innenkapazit\u00e4t von 774 Litern<\/strong>, perfekt f\u00fcr sperrige Materialien<\/li>\n<li><strong>Nur 37 kg Gewicht<\/strong>, f\u00fcr eine leichte und schnelle Handhabung.<\/li>\n<li><strong>Tragf\u00e4higkeit von<\/strong> 400 kg<\/li>\n<li><strong>\u00d6ffnung an beiden L\u00e4ngsseiten<\/strong> f\u00fcr bequemen und sicheren Zugang<\/li>\n<li><strong>Zusammenklappbare und stapelbare Struktur<\/strong> f\u00fcr optimierten Platzbedarf und R\u00fccktransport<\/li>\n<li><strong>Verst\u00e4rkte Basis<\/strong>, kompatibel mit Hubwagen und Gabelstaplern<\/li>\n<\/ul>\n<p>Dieser <strong>leichte Industriekorb<\/strong> eignet sich f\u00fcr eine Vielzahl von Anwendungen: von der Logistik und der industriellen Produktion bis hin zum Agrar- und Lebensmittelsektor und der Materialr\u00fcckgewinnung.<\/p>\n<p>Mindestlos 50 St\u00fcck.<\/p>\n","protected":false},"excerpt":{"rendered":"<p>Faltbarer und stapelbarer Beh\u00e4lter, ideal f\u00fcr leichte, aber sperrige Waren (Kunststoff, Gummi\u2026). Mindestlos 50 St\u00fcck.<\/p>\n","protected":false},"featured_media":240369,"comment_status":"open","ping_status":"closed","template":"","meta":{"_acf_changed":false,"_et_pb_use_builder":"","_et_pb_old_content":"","_et_gb_content_width":""},"product_brand":[],"product_cat":[1926],"product_tag":[2044],"class_list":{"0":"post-241599","1":"product","2":"type-product","3":"status-publish","4":"has-post-thumbnail","6":"product_cat-licht-leggero","7":"product_tag-containers-de","9":"first","10":"instock","11":"shipping-taxable","12":"purchasable","13":"product-type-simple"},"acf":[],"yoast_head":"<!-- This site is optimized with the Yoast SEO plugin v27.3 - https:\/\/yoast.com\/product\/yoast-seo-wordpress\/ -->\n<title>Leichter Industriecontainer - Italiana Contenitori<\/title>\n<meta name=\"description\" content=\"Metallkorb, der ein Ladevolumen von 750 Litern und 400 kg bei nur 37 kg bietet. Stapelbar, faltbar, mit verst\u00e4rktem Boden f\u00fcr Rollwagen und Hubwagen.\" \/>\n<meta name=\"robots\" content=\"index, follow, max-snippet:-1, max-image-preview:large, max-video-preview:-1\" \/>\n<link rel=\"canonical\" href=\"https:\/\/www.italianacontenitori.com\/de\/produkt\/leggero-100-x-100-cm\/\" \/>\n<meta property=\"og:locale\" content=\"de_DE\" \/>\n<meta property=\"og:type\" content=\"article\" \/>\n<meta property=\"og:title\" content=\"Leichter Industriecontainer - Italiana Contenitori\" \/>\n<meta property=\"og:description\" content=\"Metallkorb, der ein Ladevolumen von 750 Litern und 400 kg bei nur 37 kg bietet. Stapelbar, faltbar, mit verst\u00e4rktem Boden f\u00fcr Rollwagen und Hubwagen.\" \/>\n<meta property=\"og:url\" content=\"https:\/\/www.italianacontenitori.com\/de\/produkt\/leggero-100-x-100-cm\/\" \/>\n<meta property=\"og:site_name\" content=\"italianacontenitori.com\" \/>\n<meta property=\"article:modified_time\" content=\"2026-04-10T14:35:23+00:00\" \/>\n<meta property=\"og:image\" content=\"https:\/\/www.italianacontenitori.com\/wp-content\/uploads\/2020\/12\/LEGG100120.png\" \/>\n\t<meta property=\"og:image:width\" content=\"1024\" \/>\n\t<meta property=\"og:image:height\" content=\"1024\" \/>\n\t<meta property=\"og:image:type\" content=\"image\/png\" \/>\n<meta name=\"twitter:card\" content=\"summary_large_image\" \/>\n<meta name=\"twitter:label1\" content=\"Gesch\u00e4tzte Lesezeit\" \/>\n\t<meta name=\"twitter:data1\" content=\"1\u00a0Minute\" \/>\n<script type=\"application\/ld+json\" class=\"yoast-schema-graph\">{\"@context\":\"https:\\\/\\\/schema.org\",\"@graph\":[{\"@type\":\"WebPage\",\"@id\":\"https:\\\/\\\/www.italianacontenitori.com\\\/de\\\/produkt\\\/leggero-100-x-100-cm\\\/\",\"url\":\"https:\\\/\\\/www.italianacontenitori.com\\\/de\\\/produkt\\\/leggero-100-x-100-cm\\\/\",\"name\":\"Leichter Industriecontainer - Italiana Contenitori\",\"isPartOf\":{\"@id\":\"https:\\\/\\\/www.italianacontenitori.com\\\/de\\\/#website\"},\"primaryImageOfPage\":{\"@id\":\"https:\\\/\\\/www.italianacontenitori.com\\\/de\\\/produkt\\\/leggero-100-x-100-cm\\\/#primaryimage\"},\"image\":{\"@id\":\"https:\\\/\\\/www.italianacontenitori.com\\\/de\\\/produkt\\\/leggero-100-x-100-cm\\\/#primaryimage\"},\"thumbnailUrl\":\"https:\\\/\\\/www.italianacontenitori.com\\\/wp-content\\\/uploads\\\/2020\\\/12\\\/LEGG100120.png\",\"datePublished\":\"2020-12-09T14:42:14+00:00\",\"dateModified\":\"2026-04-10T14:35:23+00:00\",\"description\":\"Metallkorb, der ein Ladevolumen von 750 Litern und 400 kg bei nur 37 kg bietet. Stapelbar, faltbar, mit verst\u00e4rktem Boden f\u00fcr Rollwagen und Hubwagen.\",\"breadcrumb\":{\"@id\":\"https:\\\/\\\/www.italianacontenitori.com\\\/de\\\/produkt\\\/leggero-100-x-100-cm\\\/#breadcrumb\"},\"inLanguage\":\"de\",\"potentialAction\":[{\"@type\":\"ReadAction\",\"target\":[\"https:\\\/\\\/www.italianacontenitori.com\\\/de\\\/produkt\\\/leggero-100-x-100-cm\\\/\"]}]},{\"@type\":\"ImageObject\",\"inLanguage\":\"de\",\"@id\":\"https:\\\/\\\/www.italianacontenitori.com\\\/de\\\/produkt\\\/leggero-100-x-100-cm\\\/#primaryimage\",\"url\":\"https:\\\/\\\/www.italianacontenitori.com\\\/wp-content\\\/uploads\\\/2020\\\/12\\\/LEGG100120.png\",\"contentUrl\":\"https:\\\/\\\/www.italianacontenitori.com\\\/wp-content\\\/uploads\\\/2020\\\/12\\\/LEGG100120.png\",\"width\":1024,\"height\":1024},{\"@type\":\"BreadcrumbList\",\"@id\":\"https:\\\/\\\/www.italianacontenitori.com\\\/de\\\/produkt\\\/leggero-100-x-100-cm\\\/#breadcrumb\",\"itemListElement\":[{\"@type\":\"ListItem\",\"position\":1,\"name\":\"Home\",\"item\":\"https:\\\/\\\/www.italianacontenitori.com\\\/de\\\/metallgitterboxen\\\/\"},{\"@type\":\"ListItem\",\"position\":2,\"name\":\"LEGGERO 100 x 100 cm\"}]},{\"@type\":\"WebSite\",\"@id\":\"https:\\\/\\\/www.italianacontenitori.com\\\/de\\\/#website\",\"url\":\"https:\\\/\\\/www.italianacontenitori.com\\\/de\\\/\",\"name\":\"italianacontenitori.com\",\"description\":\"Produzione di contenitori industriali e roll container\",\"publisher\":{\"@id\":\"https:\\\/\\\/www.italianacontenitori.com\\\/de\\\/#organization\"},\"potentialAction\":[{\"@type\":\"SearchAction\",\"target\":{\"@type\":\"EntryPoint\",\"urlTemplate\":\"https:\\\/\\\/www.italianacontenitori.com\\\/de\\\/?s={search_term_string}\"},\"query-input\":{\"@type\":\"PropertyValueSpecification\",\"valueRequired\":true,\"valueName\":\"search_term_string\"}}],\"inLanguage\":\"de\"},{\"@type\":\"Organization\",\"@id\":\"https:\\\/\\\/www.italianacontenitori.com\\\/de\\\/#organization\",\"name\":\"Italiana Contenitori s.r.l.\",\"alternateName\":\"IC\",\"url\":\"https:\\\/\\\/www.italianacontenitori.com\\\/de\\\/\",\"logo\":{\"@type\":\"ImageObject\",\"inLanguage\":\"de\",\"@id\":\"https:\\\/\\\/www.italianacontenitori.com\\\/de\\\/#\\\/schema\\\/logo\\\/image\\\/\",\"url\":\"https:\\\/\\\/www.italianacontenitori.com\\\/wp-content\\\/uploads\\\/2020\\\/11\\\/cropped-Logo-Italiana-Contenitori_favicon.jpg\",\"contentUrl\":\"https:\\\/\\\/www.italianacontenitori.com\\\/wp-content\\\/uploads\\\/2020\\\/11\\\/cropped-Logo-Italiana-Contenitori_favicon.jpg\",\"width\":512,\"height\":512,\"caption\":\"Italiana Contenitori s.r.l.\"},\"image\":{\"@id\":\"https:\\\/\\\/www.italianacontenitori.com\\\/de\\\/#\\\/schema\\\/logo\\\/image\\\/\"}}]}<\/script>\n<!-- \/ Yoast SEO plugin. -->","yoast_head_json":{"title":"Leichter Industriecontainer - Italiana Contenitori","description":"Metallkorb, der ein Ladevolumen von 750 Litern und 400 kg bei nur 37 kg bietet. Stapelbar, faltbar, mit verst\u00e4rktem Boden f\u00fcr Rollwagen und Hubwagen.","robots":{"index":"index","follow":"follow","max-snippet":"max-snippet:-1","max-image-preview":"max-image-preview:large","max-video-preview":"max-video-preview:-1"},"canonical":"https:\/\/www.italianacontenitori.com\/de\/produkt\/leggero-100-x-100-cm\/","og_locale":"de_DE","og_type":"article","og_title":"Leichter Industriecontainer - Italiana Contenitori","og_description":"Metallkorb, der ein Ladevolumen von 750 Litern und 400 kg bei nur 37 kg bietet. Stapelbar, faltbar, mit verst\u00e4rktem Boden f\u00fcr Rollwagen und Hubwagen.","og_url":"https:\/\/www.italianacontenitori.com\/de\/produkt\/leggero-100-x-100-cm\/","og_site_name":"italianacontenitori.com","article_modified_time":"2026-04-10T14:35:23+00:00","og_image":[{"width":1024,"height":1024,"url":"https:\/\/www.italianacontenitori.com\/wp-content\/uploads\/2020\/12\/LEGG100120.png","type":"image\/png"}],"twitter_card":"summary_large_image","twitter_misc":{"Gesch\u00e4tzte Lesezeit":"1\u00a0Minute"},"schema":{"@context":"https:\/\/schema.org","@graph":[{"@type":"WebPage","@id":"https:\/\/www.italianacontenitori.com\/de\/produkt\/leggero-100-x-100-cm\/","url":"https:\/\/www.italianacontenitori.com\/de\/produkt\/leggero-100-x-100-cm\/","name":"Leichter Industriecontainer - Italiana Contenitori","isPartOf":{"@id":"https:\/\/www.italianacontenitori.com\/de\/#website"},"primaryImageOfPage":{"@id":"https:\/\/www.italianacontenitori.com\/de\/produkt\/leggero-100-x-100-cm\/#primaryimage"},"image":{"@id":"https:\/\/www.italianacontenitori.com\/de\/produkt\/leggero-100-x-100-cm\/#primaryimage"},"thumbnailUrl":"https:\/\/www.italianacontenitori.com\/wp-content\/uploads\/2020\/12\/LEGG100120.png","datePublished":"2020-12-09T14:42:14+00:00","dateModified":"2026-04-10T14:35:23+00:00","description":"Metallkorb, der ein Ladevolumen von 750 Litern und 400 kg bei nur 37 kg bietet. Stapelbar, faltbar, mit verst\u00e4rktem Boden f\u00fcr Rollwagen und Hubwagen.","breadcrumb":{"@id":"https:\/\/www.italianacontenitori.com\/de\/produkt\/leggero-100-x-100-cm\/#breadcrumb"},"inLanguage":"de","potentialAction":[{"@type":"ReadAction","target":["https:\/\/www.italianacontenitori.com\/de\/produkt\/leggero-100-x-100-cm\/"]}]},{"@type":"ImageObject","inLanguage":"de","@id":"https:\/\/www.italianacontenitori.com\/de\/produkt\/leggero-100-x-100-cm\/#primaryimage","url":"https:\/\/www.italianacontenitori.com\/wp-content\/uploads\/2020\/12\/LEGG100120.png","contentUrl":"https:\/\/www.italianacontenitori.com\/wp-content\/uploads\/2020\/12\/LEGG100120.png","width":1024,"height":1024},{"@type":"BreadcrumbList","@id":"https:\/\/www.italianacontenitori.com\/de\/produkt\/leggero-100-x-100-cm\/#breadcrumb","itemListElement":[{"@type":"ListItem","position":1,"name":"Home","item":"https:\/\/www.italianacontenitori.com\/de\/metallgitterboxen\/"},{"@type":"ListItem","position":2,"name":"LEGGERO 100 x 100 cm"}]},{"@type":"WebSite","@id":"https:\/\/www.italianacontenitori.com\/de\/#website","url":"https:\/\/www.italianacontenitori.com\/de\/","name":"italianacontenitori.com","description":"Produzione di contenitori industriali e roll container","publisher":{"@id":"https:\/\/www.italianacontenitori.com\/de\/#organization"},"potentialAction":[{"@type":"SearchAction","target":{"@type":"EntryPoint","urlTemplate":"https:\/\/www.italianacontenitori.com\/de\/?s={search_term_string}"},"query-input":{"@type":"PropertyValueSpecification","valueRequired":true,"valueName":"search_term_string"}}],"inLanguage":"de"},{"@type":"Organization","@id":"https:\/\/www.italianacontenitori.com\/de\/#organization","name":"Italiana Contenitori s.r.l.","alternateName":"IC","url":"https:\/\/www.italianacontenitori.com\/de\/","logo":{"@type":"ImageObject","inLanguage":"de","@id":"https:\/\/www.italianacontenitori.com\/de\/#\/schema\/logo\/image\/","url":"https:\/\/www.italianacontenitori.com\/wp-content\/uploads\/2020\/11\/cropped-Logo-Italiana-Contenitori_favicon.jpg","contentUrl":"https:\/\/www.italianacontenitori.com\/wp-content\/uploads\/2020\/11\/cropped-Logo-Italiana-Contenitori_favicon.jpg","width":512,"height":512,"caption":"Italiana Contenitori s.r.l."},"image":{"@id":"https:\/\/www.italianacontenitori.com\/de\/#\/schema\/logo\/image\/"}}]}},"_links":{"self":[{"href":"https:\/\/www.italianacontenitori.com\/de\/wp-json\/wp\/v2\/product\/241599","targetHints":{"allow":["GET"]}}],"collection":[{"href":"https:\/\/www.italianacontenitori.com\/de\/wp-json\/wp\/v2\/product"}],"about":[{"href":"https:\/\/www.italianacontenitori.com\/de\/wp-json\/wp\/v2\/types\/product"}],"replies":[{"embeddable":true,"href":"https:\/\/www.italianacontenitori.com\/de\/wp-json\/wp\/v2\/comments?post=241599"}],"wp:featuredmedia":[{"embeddable":true,"href":"https:\/\/www.italianacontenitori.com\/de\/wp-json\/wp\/v2\/media\/240369"}],"wp:attachment":[{"href":"https:\/\/www.italianacontenitori.com\/de\/wp-json\/wp\/v2\/media?parent=241599"}],"wp:term":[{"taxonomy":"product_brand","embeddable":true,"href":"https:\/\/www.italianacontenitori.com\/de\/wp-json\/wp\/v2\/product_brand?post=241599"},{"taxonomy":"product_cat","embeddable":true,"href":"https:\/\/www.italianacontenitori.com\/de\/wp-json\/wp\/v2\/product_cat?post=241599"},{"taxonomy":"product_tag","embeddable":true,"href":"https:\/\/www.italianacontenitori.com\/de\/wp-json\/wp\/v2\/product_tag?post=241599"}],"curies":[{"name":"wp","href":"https:\/\/api.w.org\/{rel}","templated":true}]}}