{"id":241603,"date":"2020-12-09T14:37:36","date_gmt":"2020-12-09T14:37:36","guid":{"rendered":"https:\/\/www.italianacontenitori.com\/product\/leggero-80-x-120-cm\/"},"modified":"2026-04-10T14:35:24","modified_gmt":"2026-04-10T14:35:24","slug":"leggero-80-x-120-cm","status":"publish","type":"product","link":"https:\/\/www.italianacontenitori.com\/de\/prodotto\/leggero-80-x-120-cm\/","title":{"rendered":"LEGGERO 80 x 120 cm"},"content":{"rendered":"<p>Dieser Drahtgittercontainer aus der <strong>Lightweight Series<\/strong> ist die ideale L\u00f6sung f\u00fcr alle, die einen Container mit <strong>kompakten Abmessungen<\/strong>, aber <strong>erstaunlichem Fassungsverm\u00f6gen<\/strong> suchen. Mit einem <strong>Nutzvolumen von 0,78 m3<\/strong> und einem Gewicht von nur <strong>37 kg<\/strong> eignet er sich perfekt f\u00fcr die Lagerung und den Transport von leichten, aber sperrigen Materialien und optimiert so den Platzbedarf, ohne auf Robustheit zu verzichten. Die <strong>elektrogeschwei\u00dfte Gitterstruktur mit 65 x 115 mm Maschenweite <\/strong>sorgt f\u00fcr Festigkeit, w\u00e4hrend das <strong>leichte Design<\/strong> eine schnelle und sichere Handhabung erm\u00f6glicht. Der verst\u00e4rkte Boden macht ihn kompatibel mit Hubwagen und Gabelstaplern, so dass der Beh\u00e4lter auch in stark frequentierten Umgebungen leicht bewegt werden kann.   <\/p>\n<p>Dank der<strong>\u00d6ffnung an beiden L\u00e4ngsseiten<\/strong> ist der Zugriff auf den Inhalt einfach, auch wenn der Beh\u00e4lter gestapelt ist. Perfekt f\u00fcr schnelles und effizientes Be- und Entladen. <\/p>\n<h3>Hauptmerkmale des Metallkorbs LEGG80120<\/h3>\n<ul>\n<li><strong>784 Liter Fassungsverm\u00f6gen<\/strong>, ideal f\u00fcr sperrige Materialien<\/li>\n<li><strong>Leichter 37 kg Rahmen<\/strong> f\u00fcr schnelle und sichere Handhabung<\/li>\n<li><strong>Tragf\u00e4higkeit von<\/strong> 400 kg<\/li>\n<li><strong>\u00d6ffnung an beiden L\u00e4ngsseiten<\/strong> f\u00fcr schnellen und einfachen Zugriff<\/li>\n<li><strong>Zusammenklappbar und stapelbar<\/strong>, zur Optimierung des Stauraums und beim R\u00fccktransport<\/li>\n<li><strong>Kompatibel mit Gabelhubwagen und Gabelstaplern<\/strong>, dank verst\u00e4rktem Sockel<\/li>\n<\/ul>\n<p>Dieser leichte und robuste <strong>Industriebeh\u00e4lter<\/strong> ist ideal f\u00fcr <strong>Logistik<\/strong>, <strong>Fertigung<\/strong>, <strong>Lebensmittelverarbeitung<\/strong> und andere industrielle Anwendungen, die eine <strong>hohe Lagerkapazit\u00e4t auf kleinem Raum<\/strong> erfordern.<\/p>\n","protected":false},"excerpt":{"rendered":"<p>Faltbarer und stapelbarer Beh\u00e4lter, ideal f\u00fcr leichte, aber sperrige Waren (Kunststoff, Gummi\u2026). Mindestlos 50 St\u00fcck.<\/p>\n","protected":false},"featured_media":240364,"comment_status":"open","ping_status":"closed","template":"","meta":{"_acf_changed":false,"_et_pb_use_builder":"","_et_pb_old_content":"","_et_gb_content_width":""},"product_brand":[],"product_cat":[1926],"product_tag":[2044],"class_list":{"0":"post-241603","1":"product","2":"type-product","3":"status-publish","4":"has-post-thumbnail","6":"product_cat-licht-leggero","7":"product_tag-containers-de","9":"first","10":"instock","11":"shipping-taxable","12":"purchasable","13":"product-type-simple"},"acf":[],"yoast_head":"<!-- This site is optimized with the Yoast SEO plugin v27.3 - https:\/\/yoast.com\/product\/yoast-seo-wordpress\/ -->\n<title>Leichter Container 80x120 cm | Stapelbarer Container<\/title>\n<meta name=\"description\" content=\"Leichter Container 80x120 cm mit einem Fassungsverm\u00f6gen von 784 Litern, Tragf\u00e4higkeit 400 kg. Robuste Konstruktion (37 kg), \u00d6ffnung an den Seiten und einfache Handhabung.\" \/>\n<meta name=\"robots\" content=\"index, follow, max-snippet:-1, max-image-preview:large, max-video-preview:-1\" \/>\n<link rel=\"canonical\" href=\"https:\/\/www.italianacontenitori.com\/de\/prodotto\/leggero-80-x-120-cm\/\" \/>\n<meta property=\"og:locale\" content=\"de_DE\" \/>\n<meta property=\"og:type\" content=\"article\" \/>\n<meta property=\"og:title\" content=\"Leichter Container 80x120 cm | Stapelbarer Container\" \/>\n<meta property=\"og:description\" content=\"Leichter Container 80x120 cm mit einem Fassungsverm\u00f6gen von 784 Litern, Tragf\u00e4higkeit 400 kg. Robuste Konstruktion (37 kg), \u00d6ffnung an den Seiten und einfache Handhabung.\" \/>\n<meta property=\"og:url\" content=\"https:\/\/www.italianacontenitori.com\/de\/prodotto\/leggero-80-x-120-cm\/\" \/>\n<meta property=\"og:site_name\" content=\"italianacontenitori.com\" \/>\n<meta property=\"article:modified_time\" content=\"2026-04-10T14:35:24+00:00\" \/>\n<meta property=\"og:image\" content=\"https:\/\/www.italianacontenitori.com\/wp-content\/uploads\/2020\/12\/LEGG080120.png\" \/>\n\t<meta property=\"og:image:width\" content=\"1024\" \/>\n\t<meta property=\"og:image:height\" content=\"1024\" \/>\n\t<meta property=\"og:image:type\" content=\"image\/png\" \/>\n<meta name=\"twitter:card\" content=\"summary_large_image\" \/>\n<meta name=\"twitter:label1\" content=\"Gesch\u00e4tzte Lesezeit\" \/>\n\t<meta name=\"twitter:data1\" content=\"1\u00a0Minute\" \/>\n<script type=\"application\/ld+json\" class=\"yoast-schema-graph\">{\"@context\":\"https:\\\/\\\/schema.org\",\"@graph\":[{\"@type\":\"WebPage\",\"@id\":\"https:\\\/\\\/www.italianacontenitori.com\\\/de\\\/prodotto\\\/leggero-80-x-120-cm\\\/\",\"url\":\"https:\\\/\\\/www.italianacontenitori.com\\\/de\\\/prodotto\\\/leggero-80-x-120-cm\\\/\",\"name\":\"Leichter Container 80x120 cm | Stapelbarer Container\",\"isPartOf\":{\"@id\":\"https:\\\/\\\/www.italianacontenitori.com\\\/de\\\/#website\"},\"primaryImageOfPage\":{\"@id\":\"https:\\\/\\\/www.italianacontenitori.com\\\/de\\\/prodotto\\\/leggero-80-x-120-cm\\\/#primaryimage\"},\"image\":{\"@id\":\"https:\\\/\\\/www.italianacontenitori.com\\\/de\\\/prodotto\\\/leggero-80-x-120-cm\\\/#primaryimage\"},\"thumbnailUrl\":\"https:\\\/\\\/www.italianacontenitori.com\\\/wp-content\\\/uploads\\\/2020\\\/12\\\/LEGG080120.png\",\"datePublished\":\"2020-12-09T14:37:36+00:00\",\"dateModified\":\"2026-04-10T14:35:24+00:00\",\"description\":\"Leichter Container 80x120 cm mit einem Fassungsverm\u00f6gen von 784 Litern, Tragf\u00e4higkeit 400 kg. Robuste Konstruktion (37 kg), \u00d6ffnung an den Seiten und einfache Handhabung.\",\"breadcrumb\":{\"@id\":\"https:\\\/\\\/www.italianacontenitori.com\\\/de\\\/prodotto\\\/leggero-80-x-120-cm\\\/#breadcrumb\"},\"inLanguage\":\"de\",\"potentialAction\":[{\"@type\":\"ReadAction\",\"target\":[\"https:\\\/\\\/www.italianacontenitori.com\\\/de\\\/prodotto\\\/leggero-80-x-120-cm\\\/\"]}]},{\"@type\":\"ImageObject\",\"inLanguage\":\"de\",\"@id\":\"https:\\\/\\\/www.italianacontenitori.com\\\/de\\\/prodotto\\\/leggero-80-x-120-cm\\\/#primaryimage\",\"url\":\"https:\\\/\\\/www.italianacontenitori.com\\\/wp-content\\\/uploads\\\/2020\\\/12\\\/LEGG080120.png\",\"contentUrl\":\"https:\\\/\\\/www.italianacontenitori.com\\\/wp-content\\\/uploads\\\/2020\\\/12\\\/LEGG080120.png\",\"width\":1024,\"height\":1024},{\"@type\":\"BreadcrumbList\",\"@id\":\"https:\\\/\\\/www.italianacontenitori.com\\\/de\\\/prodotto\\\/leggero-80-x-120-cm\\\/#breadcrumb\",\"itemListElement\":[{\"@type\":\"ListItem\",\"position\":1,\"name\":\"Home\",\"item\":\"https:\\\/\\\/www.italianacontenitori.com\\\/de\\\/metallgitterboxen\\\/\"},{\"@type\":\"ListItem\",\"position\":2,\"name\":\"LEGGERO 80 x 120 cm\"}]},{\"@type\":\"WebSite\",\"@id\":\"https:\\\/\\\/www.italianacontenitori.com\\\/de\\\/#website\",\"url\":\"https:\\\/\\\/www.italianacontenitori.com\\\/de\\\/\",\"name\":\"italianacontenitori.com\",\"description\":\"Produzione di contenitori industriali e roll container\",\"publisher\":{\"@id\":\"https:\\\/\\\/www.italianacontenitori.com\\\/de\\\/#organization\"},\"potentialAction\":[{\"@type\":\"SearchAction\",\"target\":{\"@type\":\"EntryPoint\",\"urlTemplate\":\"https:\\\/\\\/www.italianacontenitori.com\\\/de\\\/?s={search_term_string}\"},\"query-input\":{\"@type\":\"PropertyValueSpecification\",\"valueRequired\":true,\"valueName\":\"search_term_string\"}}],\"inLanguage\":\"de\"},{\"@type\":\"Organization\",\"@id\":\"https:\\\/\\\/www.italianacontenitori.com\\\/de\\\/#organization\",\"name\":\"Italiana Contenitori s.r.l.\",\"alternateName\":\"IC\",\"url\":\"https:\\\/\\\/www.italianacontenitori.com\\\/de\\\/\",\"logo\":{\"@type\":\"ImageObject\",\"inLanguage\":\"de\",\"@id\":\"https:\\\/\\\/www.italianacontenitori.com\\\/de\\\/#\\\/schema\\\/logo\\\/image\\\/\",\"url\":\"https:\\\/\\\/www.italianacontenitori.com\\\/wp-content\\\/uploads\\\/2020\\\/11\\\/cropped-Logo-Italiana-Contenitori_favicon.jpg\",\"contentUrl\":\"https:\\\/\\\/www.italianacontenitori.com\\\/wp-content\\\/uploads\\\/2020\\\/11\\\/cropped-Logo-Italiana-Contenitori_favicon.jpg\",\"width\":512,\"height\":512,\"caption\":\"Italiana Contenitori s.r.l.\"},\"image\":{\"@id\":\"https:\\\/\\\/www.italianacontenitori.com\\\/de\\\/#\\\/schema\\\/logo\\\/image\\\/\"}}]}<\/script>\n<!-- \/ Yoast SEO plugin. -->","yoast_head_json":{"title":"Leichter Container 80x120 cm | Stapelbarer Container","description":"Leichter Container 80x120 cm mit einem Fassungsverm\u00f6gen von 784 Litern, Tragf\u00e4higkeit 400 kg. Robuste Konstruktion (37 kg), \u00d6ffnung an den Seiten und einfache Handhabung.","robots":{"index":"index","follow":"follow","max-snippet":"max-snippet:-1","max-image-preview":"max-image-preview:large","max-video-preview":"max-video-preview:-1"},"canonical":"https:\/\/www.italianacontenitori.com\/de\/prodotto\/leggero-80-x-120-cm\/","og_locale":"de_DE","og_type":"article","og_title":"Leichter Container 80x120 cm | Stapelbarer Container","og_description":"Leichter Container 80x120 cm mit einem Fassungsverm\u00f6gen von 784 Litern, Tragf\u00e4higkeit 400 kg. Robuste Konstruktion (37 kg), \u00d6ffnung an den Seiten und einfache Handhabung.","og_url":"https:\/\/www.italianacontenitori.com\/de\/prodotto\/leggero-80-x-120-cm\/","og_site_name":"italianacontenitori.com","article_modified_time":"2026-04-10T14:35:24+00:00","og_image":[{"width":1024,"height":1024,"url":"https:\/\/www.italianacontenitori.com\/wp-content\/uploads\/2020\/12\/LEGG080120.png","type":"image\/png"}],"twitter_card":"summary_large_image","twitter_misc":{"Gesch\u00e4tzte Lesezeit":"1\u00a0Minute"},"schema":{"@context":"https:\/\/schema.org","@graph":[{"@type":"WebPage","@id":"https:\/\/www.italianacontenitori.com\/de\/prodotto\/leggero-80-x-120-cm\/","url":"https:\/\/www.italianacontenitori.com\/de\/prodotto\/leggero-80-x-120-cm\/","name":"Leichter Container 80x120 cm | Stapelbarer Container","isPartOf":{"@id":"https:\/\/www.italianacontenitori.com\/de\/#website"},"primaryImageOfPage":{"@id":"https:\/\/www.italianacontenitori.com\/de\/prodotto\/leggero-80-x-120-cm\/#primaryimage"},"image":{"@id":"https:\/\/www.italianacontenitori.com\/de\/prodotto\/leggero-80-x-120-cm\/#primaryimage"},"thumbnailUrl":"https:\/\/www.italianacontenitori.com\/wp-content\/uploads\/2020\/12\/LEGG080120.png","datePublished":"2020-12-09T14:37:36+00:00","dateModified":"2026-04-10T14:35:24+00:00","description":"Leichter Container 80x120 cm mit einem Fassungsverm\u00f6gen von 784 Litern, Tragf\u00e4higkeit 400 kg. Robuste Konstruktion (37 kg), \u00d6ffnung an den Seiten und einfache Handhabung.","breadcrumb":{"@id":"https:\/\/www.italianacontenitori.com\/de\/prodotto\/leggero-80-x-120-cm\/#breadcrumb"},"inLanguage":"de","potentialAction":[{"@type":"ReadAction","target":["https:\/\/www.italianacontenitori.com\/de\/prodotto\/leggero-80-x-120-cm\/"]}]},{"@type":"ImageObject","inLanguage":"de","@id":"https:\/\/www.italianacontenitori.com\/de\/prodotto\/leggero-80-x-120-cm\/#primaryimage","url":"https:\/\/www.italianacontenitori.com\/wp-content\/uploads\/2020\/12\/LEGG080120.png","contentUrl":"https:\/\/www.italianacontenitori.com\/wp-content\/uploads\/2020\/12\/LEGG080120.png","width":1024,"height":1024},{"@type":"BreadcrumbList","@id":"https:\/\/www.italianacontenitori.com\/de\/prodotto\/leggero-80-x-120-cm\/#breadcrumb","itemListElement":[{"@type":"ListItem","position":1,"name":"Home","item":"https:\/\/www.italianacontenitori.com\/de\/metallgitterboxen\/"},{"@type":"ListItem","position":2,"name":"LEGGERO 80 x 120 cm"}]},{"@type":"WebSite","@id":"https:\/\/www.italianacontenitori.com\/de\/#website","url":"https:\/\/www.italianacontenitori.com\/de\/","name":"italianacontenitori.com","description":"Produzione di contenitori industriali e roll container","publisher":{"@id":"https:\/\/www.italianacontenitori.com\/de\/#organization"},"potentialAction":[{"@type":"SearchAction","target":{"@type":"EntryPoint","urlTemplate":"https:\/\/www.italianacontenitori.com\/de\/?s={search_term_string}"},"query-input":{"@type":"PropertyValueSpecification","valueRequired":true,"valueName":"search_term_string"}}],"inLanguage":"de"},{"@type":"Organization","@id":"https:\/\/www.italianacontenitori.com\/de\/#organization","name":"Italiana Contenitori s.r.l.","alternateName":"IC","url":"https:\/\/www.italianacontenitori.com\/de\/","logo":{"@type":"ImageObject","inLanguage":"de","@id":"https:\/\/www.italianacontenitori.com\/de\/#\/schema\/logo\/image\/","url":"https:\/\/www.italianacontenitori.com\/wp-content\/uploads\/2020\/11\/cropped-Logo-Italiana-Contenitori_favicon.jpg","contentUrl":"https:\/\/www.italianacontenitori.com\/wp-content\/uploads\/2020\/11\/cropped-Logo-Italiana-Contenitori_favicon.jpg","width":512,"height":512,"caption":"Italiana Contenitori s.r.l."},"image":{"@id":"https:\/\/www.italianacontenitori.com\/de\/#\/schema\/logo\/image\/"}}]}},"_links":{"self":[{"href":"https:\/\/www.italianacontenitori.com\/de\/wp-json\/wp\/v2\/product\/241603","targetHints":{"allow":["GET"]}}],"collection":[{"href":"https:\/\/www.italianacontenitori.com\/de\/wp-json\/wp\/v2\/product"}],"about":[{"href":"https:\/\/www.italianacontenitori.com\/de\/wp-json\/wp\/v2\/types\/product"}],"replies":[{"embeddable":true,"href":"https:\/\/www.italianacontenitori.com\/de\/wp-json\/wp\/v2\/comments?post=241603"}],"wp:featuredmedia":[{"embeddable":true,"href":"https:\/\/www.italianacontenitori.com\/de\/wp-json\/wp\/v2\/media\/240364"}],"wp:attachment":[{"href":"https:\/\/www.italianacontenitori.com\/de\/wp-json\/wp\/v2\/media?parent=241603"}],"wp:term":[{"taxonomy":"product_brand","embeddable":true,"href":"https:\/\/www.italianacontenitori.com\/de\/wp-json\/wp\/v2\/product_brand?post=241603"},{"taxonomy":"product_cat","embeddable":true,"href":"https:\/\/www.italianacontenitori.com\/de\/wp-json\/wp\/v2\/product_cat?post=241603"},{"taxonomy":"product_tag","embeddable":true,"href":"https:\/\/www.italianacontenitori.com\/de\/wp-json\/wp\/v2\/product_tag?post=241603"}],"curies":[{"name":"wp","href":"https:\/\/api.w.org\/{rel}","templated":true}]}}