{"id":241607,"date":"2020-12-09T14:09:24","date_gmt":"2021-03-03T10:07:13","guid":{"rendered":"https:\/\/www.italianacontenitori.com\/product\/euro-market-102-x-123-cm\/"},"modified":"2025-08-25T09:05:03","modified_gmt":"2025-08-25T09:05:03","slug":"euro-market-102-x-123-cm","status":"publish","type":"product","link":"https:\/\/www.italianacontenitori.com\/de\/prodotto\/euro-market-102-x-123-cm\/","title":{"rendered":"Industriecontainer mit Palettenaufsatzleisten &#8211; Euro Market 102 x 123 cm"},"content":{"rendered":"<p>EURO MARKET 102&#215;123 ist ein robuster, <strong>faltbarer<\/strong> und besonders vielseitiger Industriecontainer. <strong>Dank der Begrenzungsbleche<\/strong> an der Oberseite ist es m\u00f6glich, <strong>eine EUR-Palette auf diesen Holzgitterboxen<\/strong> mit den Ma\u00dfen 100&#215;120 zu <strong>stapeln<\/strong>. Die EURO MARKET-Beh\u00e4lter bieten eine<strong> robuste und sch\u00fctzende Struktur<\/strong> f\u00fcr die Waren und dank der <strong>oberen Palettenschienen<\/strong> ist es m\u00f6glich, eine EUR-Plattform darauf zu stapeln. Dieses Konstruktionsmerkmal tr\u00e4gt dazu bei, empfindliche Waren vom Boden fernzuhalten und sie vor Feuchtigkeit, Schmutz und Besch\u00e4digung w\u00e4hrend der Lagerung zu sch\u00fctzen. Die L-f\u00f6rmige Kante der oberen Begrenzungsplatten erm\u00f6glicht einen sicheren Transport und eine sichere Handhabung, und die gestapelte Palette <strong>steht immer fest auf dem Grundbeh\u00e4lter<\/strong>.   <\/p>\n<h2>Der flexible Industriecontainer, ideal f\u00fcr die vertikale Lagerung<\/h2>\n<p>Es ist erw\u00e4hnenswert, dass die vertikale Lagerung es erm\u00f6glicht, <strong>den verf\u00fcgbaren Platz in Lagern<\/strong> und Transportfahrzeugen <strong>zu optimieren<\/strong>: durch die Verwendung von EURO MARKET <strong>Industriegitterk\u00f6rben<\/strong> als Basiseinheit k\u00f6nnen mehrere Ladungen vertikal gestapelt werden, wodurch der Platzbedarf reduziert wird. Neben der M\u00f6glichkeit, eine EUR-Palette zu stapeln, ist es auch m\u00f6glich, <strong>bis zu drei Beh\u00e4lter der Serie PALLET\/EUROMARKET auf einer Grundeinheit zu stapeln.<\/strong> Diese Flexibilit\u00e4t erm\u00f6glicht eine maximale Ausnutzung des verf\u00fcgbaren Platzes in den Lagerzentren, was auch die Logistik optimiert. Denken Sie daran, dass jeder EURO MARKET-Beh\u00e4lter eine <strong>Tragf\u00e4higkeit von 1000 kg<\/strong> hat und bis zu 3000 kg auf dem Basisbeh\u00e4lter gestapelt werden kann.   <\/p>\n<h2>Accessoires, Design und Qualit\u00e4t made in Italy<\/h2>\n<p>In der Mitte der Vorderwand befindet sich eine praktische T\u00fcr &#8211; oder Inspektionsluke -, die einen schnellen Zugang auch bei statischer Stapelung erm\u00f6glicht. F\u00fcr dieses industrielle Gitterboxenmodell, das f\u00fcr die Bed\u00fcrfnisse von Industrie und Logistik entwickelt wurde, ist auch eine Reihe von Zubeh\u00f6r und Anpassungen erh\u00e4ltlich. Dieser <strong>in Italien aus hochwertigen Materialien hergestellte<\/strong> Drahtkorb ist dank seiner <strong>Verzinkung<\/strong> wetterfest, staub-, schmutz- und salzbest\u00e4ndig. Seine Robustheit wird durch die <strong>selbsttragende Drahtgitterstruktur<\/strong> verst\u00e4rkt, die nicht nur Langlebigkeit, sondern auch eine unmittelbare Sichtbarkeit des Inhalts garantiert, ein entscheidender Aspekt f\u00fcr die Optimierung des Lagers.   <\/p>\n<p><strong>Mindestlos 100 St\u00fcck.<\/strong><\/p>\n","protected":false},"excerpt":{"rendered":"<p>Robuster, faltbarer und besonders vielseitiger Beh\u00e4lter. Die oberen Stapelbleche erm\u00f6glichen die Stapelung mit beladenen Holzpaletten 120&#215;80 \/120&#215;100 oder mit anderen Beh\u00e4lter der Serie PALLET\/EUROMARKET. Die praktische Klappe in der Mitte der Vorderwand erm\u00f6glicht einen schnellen Zugang auch bei statischer Stapelung. Mindestlos 100 St\u00fcck.<\/p>\n","protected":false},"featured_media":240379,"comment_status":"open","ping_status":"closed","template":"","meta":{"_acf_changed":false,"_et_pb_use_builder":"","_et_pb_old_content":"","_et_gb_content_width":""},"product_brand":[],"product_cat":[1922],"product_tag":[2044],"class_list":{"0":"post-241607","1":"product","2":"type-product","3":"status-publish","4":"has-post-thumbnail","6":"product_cat-emak-de","7":"product_tag-containers-de","9":"first","10":"instock","11":"shipping-taxable","12":"purchasable","13":"product-type-simple"},"acf":[],"yoast_head":"<!-- This site is optimized with the Yoast SEO plugin v27.2 - https:\/\/yoast.com\/product\/yoast-seo-wordpress\/ -->\n<title>Industriegitterbox mit EUR-Palettenschienen<\/title>\n<meta name=\"description\" content=\"Gitterbox aus Metall. Dank der Begrenzungsbleche am oberen Rand ist es m\u00f6glich, eine EUR 100x120 Plattform oder drei Container zu stapeln\" \/>\n<meta name=\"robots\" content=\"index, follow, max-snippet:-1, max-image-preview:large, max-video-preview:-1\" \/>\n<link rel=\"canonical\" href=\"https:\/\/www.italianacontenitori.com\/de\/prodotto\/euro-market-102-x-123-cm\/\" \/>\n<meta property=\"og:locale\" content=\"de_DE\" \/>\n<meta property=\"og:type\" content=\"article\" \/>\n<meta property=\"og:title\" content=\"Industriegitterbox mit EUR-Palettenschienen\" \/>\n<meta property=\"og:description\" content=\"Gitterbox aus Metall. Dank der Begrenzungsbleche am oberen Rand ist es m\u00f6glich, eine EUR 100x120 Plattform oder drei Container zu stapeln\" \/>\n<meta property=\"og:url\" content=\"https:\/\/www.italianacontenitori.com\/de\/prodotto\/euro-market-102-x-123-cm\/\" \/>\n<meta property=\"og:site_name\" content=\"italianacontenitori.com\" \/>\n<meta property=\"article:modified_time\" content=\"2025-08-25T09:05:03+00:00\" \/>\n<meta property=\"og:image\" content=\"https:\/\/www.italianacontenitori.com\/wp-content\/uploads\/2020\/12\/EMAK102123.png\" \/>\n\t<meta property=\"og:image:width\" content=\"1024\" \/>\n\t<meta property=\"og:image:height\" content=\"1024\" \/>\n\t<meta property=\"og:image:type\" content=\"image\/png\" \/>\n<meta name=\"twitter:card\" content=\"summary_large_image\" \/>\n<meta name=\"twitter:label1\" content=\"Gesch\u00e4tzte Lesezeit\" \/>\n\t<meta name=\"twitter:data1\" content=\"2\u00a0Minuten\" \/>\n<script type=\"application\/ld+json\" class=\"yoast-schema-graph\">{\"@context\":\"https:\/\/schema.org\",\"@graph\":[{\"@type\":\"WebPage\",\"@id\":\"https:\/\/www.italianacontenitori.com\/de\/prodotto\/euro-market-102-x-123-cm\/\",\"url\":\"https:\/\/www.italianacontenitori.com\/de\/prodotto\/euro-market-102-x-123-cm\/\",\"name\":\"Industriegitterbox mit EUR-Palettenschienen\",\"isPartOf\":{\"@id\":\"https:\/\/www.italianacontenitori.com\/de\/#website\"},\"primaryImageOfPage\":{\"@id\":\"https:\/\/www.italianacontenitori.com\/de\/prodotto\/euro-market-102-x-123-cm\/#primaryimage\"},\"image\":{\"@id\":\"https:\/\/www.italianacontenitori.com\/de\/prodotto\/euro-market-102-x-123-cm\/#primaryimage\"},\"thumbnailUrl\":\"https:\/\/www.italianacontenitori.com\/wp-content\/uploads\/2020\/12\/EMAK102123.png\",\"datePublished\":\"2021-03-03T10:07:13+00:00\",\"dateModified\":\"2025-08-25T09:05:03+00:00\",\"description\":\"Gitterbox aus Metall. Dank der Begrenzungsbleche am oberen Rand ist es m\u00f6glich, eine EUR 100x120 Plattform oder drei Container zu stapeln\",\"breadcrumb\":{\"@id\":\"https:\/\/www.italianacontenitori.com\/de\/prodotto\/euro-market-102-x-123-cm\/#breadcrumb\"},\"inLanguage\":\"de\",\"potentialAction\":[{\"@type\":\"ReadAction\",\"target\":[\"https:\/\/www.italianacontenitori.com\/de\/prodotto\/euro-market-102-x-123-cm\/\"]}]},{\"@type\":\"ImageObject\",\"inLanguage\":\"de\",\"@id\":\"https:\/\/www.italianacontenitori.com\/de\/prodotto\/euro-market-102-x-123-cm\/#primaryimage\",\"url\":\"https:\/\/www.italianacontenitori.com\/wp-content\/uploads\/2020\/12\/EMAK102123.png\",\"contentUrl\":\"https:\/\/www.italianacontenitori.com\/wp-content\/uploads\/2020\/12\/EMAK102123.png\",\"width\":1024,\"height\":1024},{\"@type\":\"BreadcrumbList\",\"@id\":\"https:\/\/www.italianacontenitori.com\/de\/prodotto\/euro-market-102-x-123-cm\/#breadcrumb\",\"itemListElement\":[{\"@type\":\"ListItem\",\"position\":1,\"name\":\"Home\",\"item\":\"https:\/\/www.italianacontenitori.com\/de\/metallgitterboxen\/\"},{\"@type\":\"ListItem\",\"position\":2,\"name\":\"Industriecontainer mit Palettenaufsatzleisten &#8211; Euro Market 102 x 123 cm\"}]},{\"@type\":\"WebSite\",\"@id\":\"https:\/\/www.italianacontenitori.com\/de\/#website\",\"url\":\"https:\/\/www.italianacontenitori.com\/de\/\",\"name\":\"italianacontenitori.com\",\"description\":\"Produzione di contenitori industriali e roll container\",\"publisher\":{\"@id\":\"https:\/\/www.italianacontenitori.com\/de\/#organization\"},\"potentialAction\":[{\"@type\":\"SearchAction\",\"target\":{\"@type\":\"EntryPoint\",\"urlTemplate\":\"https:\/\/www.italianacontenitori.com\/de\/?s={search_term_string}\"},\"query-input\":{\"@type\":\"PropertyValueSpecification\",\"valueRequired\":true,\"valueName\":\"search_term_string\"}}],\"inLanguage\":\"de\"},{\"@type\":\"Organization\",\"@id\":\"https:\/\/www.italianacontenitori.com\/de\/#organization\",\"name\":\"Italiana Contenitori s.r.l.\",\"alternateName\":\"IC\",\"url\":\"https:\/\/www.italianacontenitori.com\/de\/\",\"logo\":{\"@type\":\"ImageObject\",\"inLanguage\":\"de\",\"@id\":\"https:\/\/www.italianacontenitori.com\/de\/#\/schema\/logo\/image\/\",\"url\":\"https:\/\/www.italianacontenitori.com\/wp-content\/uploads\/2020\/11\/cropped-Logo-Italiana-Contenitori_favicon.jpg\",\"contentUrl\":\"https:\/\/www.italianacontenitori.com\/wp-content\/uploads\/2020\/11\/cropped-Logo-Italiana-Contenitori_favicon.jpg\",\"width\":512,\"height\":512,\"caption\":\"Italiana Contenitori s.r.l.\"},\"image\":{\"@id\":\"https:\/\/www.italianacontenitori.com\/de\/#\/schema\/logo\/image\/\"}}]}<\/script>\n<!-- \/ Yoast SEO plugin. -->","yoast_head_json":{"title":"Industriegitterbox mit EUR-Palettenschienen","description":"Gitterbox aus Metall. Dank der Begrenzungsbleche am oberen Rand ist es m\u00f6glich, eine EUR 100x120 Plattform oder drei Container zu stapeln","robots":{"index":"index","follow":"follow","max-snippet":"max-snippet:-1","max-image-preview":"max-image-preview:large","max-video-preview":"max-video-preview:-1"},"canonical":"https:\/\/www.italianacontenitori.com\/de\/prodotto\/euro-market-102-x-123-cm\/","og_locale":"de_DE","og_type":"article","og_title":"Industriegitterbox mit EUR-Palettenschienen","og_description":"Gitterbox aus Metall. Dank der Begrenzungsbleche am oberen Rand ist es m\u00f6glich, eine EUR 100x120 Plattform oder drei Container zu stapeln","og_url":"https:\/\/www.italianacontenitori.com\/de\/prodotto\/euro-market-102-x-123-cm\/","og_site_name":"italianacontenitori.com","article_modified_time":"2025-08-25T09:05:03+00:00","og_image":[{"width":1024,"height":1024,"url":"https:\/\/www.italianacontenitori.com\/wp-content\/uploads\/2020\/12\/EMAK102123.png","type":"image\/png"}],"twitter_card":"summary_large_image","twitter_misc":{"Gesch\u00e4tzte Lesezeit":"2\u00a0Minuten"},"schema":{"@context":"https:\/\/schema.org","@graph":[{"@type":"WebPage","@id":"https:\/\/www.italianacontenitori.com\/de\/prodotto\/euro-market-102-x-123-cm\/","url":"https:\/\/www.italianacontenitori.com\/de\/prodotto\/euro-market-102-x-123-cm\/","name":"Industriegitterbox mit EUR-Palettenschienen","isPartOf":{"@id":"https:\/\/www.italianacontenitori.com\/de\/#website"},"primaryImageOfPage":{"@id":"https:\/\/www.italianacontenitori.com\/de\/prodotto\/euro-market-102-x-123-cm\/#primaryimage"},"image":{"@id":"https:\/\/www.italianacontenitori.com\/de\/prodotto\/euro-market-102-x-123-cm\/#primaryimage"},"thumbnailUrl":"https:\/\/www.italianacontenitori.com\/wp-content\/uploads\/2020\/12\/EMAK102123.png","datePublished":"2021-03-03T10:07:13+00:00","dateModified":"2025-08-25T09:05:03+00:00","description":"Gitterbox aus Metall. Dank der Begrenzungsbleche am oberen Rand ist es m\u00f6glich, eine EUR 100x120 Plattform oder drei Container zu stapeln","breadcrumb":{"@id":"https:\/\/www.italianacontenitori.com\/de\/prodotto\/euro-market-102-x-123-cm\/#breadcrumb"},"inLanguage":"de","potentialAction":[{"@type":"ReadAction","target":["https:\/\/www.italianacontenitori.com\/de\/prodotto\/euro-market-102-x-123-cm\/"]}]},{"@type":"ImageObject","inLanguage":"de","@id":"https:\/\/www.italianacontenitori.com\/de\/prodotto\/euro-market-102-x-123-cm\/#primaryimage","url":"https:\/\/www.italianacontenitori.com\/wp-content\/uploads\/2020\/12\/EMAK102123.png","contentUrl":"https:\/\/www.italianacontenitori.com\/wp-content\/uploads\/2020\/12\/EMAK102123.png","width":1024,"height":1024},{"@type":"BreadcrumbList","@id":"https:\/\/www.italianacontenitori.com\/de\/prodotto\/euro-market-102-x-123-cm\/#breadcrumb","itemListElement":[{"@type":"ListItem","position":1,"name":"Home","item":"https:\/\/www.italianacontenitori.com\/de\/metallgitterboxen\/"},{"@type":"ListItem","position":2,"name":"Industriecontainer mit Palettenaufsatzleisten &#8211; Euro Market 102 x 123 cm"}]},{"@type":"WebSite","@id":"https:\/\/www.italianacontenitori.com\/de\/#website","url":"https:\/\/www.italianacontenitori.com\/de\/","name":"italianacontenitori.com","description":"Produzione di contenitori industriali e roll container","publisher":{"@id":"https:\/\/www.italianacontenitori.com\/de\/#organization"},"potentialAction":[{"@type":"SearchAction","target":{"@type":"EntryPoint","urlTemplate":"https:\/\/www.italianacontenitori.com\/de\/?s={search_term_string}"},"query-input":{"@type":"PropertyValueSpecification","valueRequired":true,"valueName":"search_term_string"}}],"inLanguage":"de"},{"@type":"Organization","@id":"https:\/\/www.italianacontenitori.com\/de\/#organization","name":"Italiana Contenitori s.r.l.","alternateName":"IC","url":"https:\/\/www.italianacontenitori.com\/de\/","logo":{"@type":"ImageObject","inLanguage":"de","@id":"https:\/\/www.italianacontenitori.com\/de\/#\/schema\/logo\/image\/","url":"https:\/\/www.italianacontenitori.com\/wp-content\/uploads\/2020\/11\/cropped-Logo-Italiana-Contenitori_favicon.jpg","contentUrl":"https:\/\/www.italianacontenitori.com\/wp-content\/uploads\/2020\/11\/cropped-Logo-Italiana-Contenitori_favicon.jpg","width":512,"height":512,"caption":"Italiana Contenitori s.r.l."},"image":{"@id":"https:\/\/www.italianacontenitori.com\/de\/#\/schema\/logo\/image\/"}}]}},"_links":{"self":[{"href":"https:\/\/www.italianacontenitori.com\/de\/wp-json\/wp\/v2\/product\/241607","targetHints":{"allow":["GET"]}}],"collection":[{"href":"https:\/\/www.italianacontenitori.com\/de\/wp-json\/wp\/v2\/product"}],"about":[{"href":"https:\/\/www.italianacontenitori.com\/de\/wp-json\/wp\/v2\/types\/product"}],"replies":[{"embeddable":true,"href":"https:\/\/www.italianacontenitori.com\/de\/wp-json\/wp\/v2\/comments?post=241607"}],"wp:featuredmedia":[{"embeddable":true,"href":"https:\/\/www.italianacontenitori.com\/de\/wp-json\/wp\/v2\/media\/240379"}],"wp:attachment":[{"href":"https:\/\/www.italianacontenitori.com\/de\/wp-json\/wp\/v2\/media?parent=241607"}],"wp:term":[{"taxonomy":"product_brand","embeddable":true,"href":"https:\/\/www.italianacontenitori.com\/de\/wp-json\/wp\/v2\/product_brand?post=241607"},{"taxonomy":"product_cat","embeddable":true,"href":"https:\/\/www.italianacontenitori.com\/de\/wp-json\/wp\/v2\/product_cat?post=241607"},{"taxonomy":"product_tag","embeddable":true,"href":"https:\/\/www.italianacontenitori.com\/de\/wp-json\/wp\/v2\/product_tag?post=241607"}],"curies":[{"name":"wp","href":"https:\/\/api.w.org\/{rel}","templated":true}]}}