{"id":241645,"date":"2020-12-07T17:02:42","date_gmt":"2020-12-07T17:02:42","guid":{"rendered":"https:\/\/www.italianacontenitori.com\/product\/pallet-80-x-120-cm\/"},"modified":"2026-04-10T14:38:49","modified_gmt":"2026-04-10T14:38:49","slug":"pallet-80-x-120-cm","status":"publish","type":"product","link":"https:\/\/www.italianacontenitori.com\/de\/produkt\/pallet-80-x-120-cm\/","title":{"rendered":"PALLET 80 x 120 cm"},"content":{"rendered":"<p>Die <strong>Palettenwand<\/strong> <strong>80&#215;120<\/strong>, auch bekannt als <strong>Palettenumrandung<\/strong> oder <strong>Palettenbox<\/strong>, ist die perfekte L\u00f6sung f\u00fcr die Optimierung der Handhabung und Lagerung von Waren. Mit einer robusten Konstruktion und einer Tragf\u00e4higkeit von bis zu 800 kg ist diese Palettenwand ideal f\u00fcr Branchen wie <strong>Einzelhandel<\/strong>, <strong>Wein<\/strong>, <strong>Industrie<\/strong> und <strong>Transport<\/strong>. Das kompakte Design in Kombination mit der M\u00f6glichkeit, <strong>bis zu 3 Einheiten \u00fcbereinander zu stapeln<\/strong>, sorgt f\u00fcr eine optimale Raumausnutzung, weniger Unordnung und eine Optimierung der Logistikabl\u00e4ufe.  <\/p>\n<p>Das <strong>80&#215;120 Wandpaneel<\/strong> wird aus hochwertigem verzinktem 65 x 120 mm Drahtgeflecht hergestellt und bietet St\u00e4rke und Haltbarkeit. Au\u00dferdem kann es dank seiner<strong>Stapelbarkeit<\/strong> und Faltbarkeit bei Nichtgebrauch erheblich verkleinert werden, was es zu einer vielseitigen L\u00f6sung f\u00fcr alle Lager- und Transportanforderungen macht. <\/p>\n<p>Das <strong>Wandpaneel 80&#215;120<\/strong> ist in verschiedenen H\u00f6hen erh\u00e4ltlich, von <strong>42 cm bis 122 cm<\/strong>, um sich an verschiedene Aufbewahrungsbed\u00fcrfnisse anzupassen und die Raumausnutzung weiter zu optimieren.<\/p>\n<h3>Warum eine 80&#215;120 Palettenumrandung w\u00e4hlen<\/h3>\n<ul>\n<li><strong>Stapelbarkeit<\/strong>: bis zu 3 Einheiten, um den verf\u00fcgbaren Platz zu optimieren.<\/li>\n<li><strong>Tragf\u00e4higkeit<\/strong>: 800 kg f\u00fcr eine sichere Handhabung von Lasten.<\/li>\n<li><strong>Material<\/strong>: verzinktes Drahtgeflecht, stark und langlebig.<\/li>\n<li><strong>Einfache Aufbewahrung<\/strong>: zerlegbar und stapelbar f\u00fcr effektives Platzmanagement.<\/li>\n<li><strong>Vielseitigkeit<\/strong>: geeignet f\u00fcr den Einzelhandel, die \u00d6nologie, den Transport, die Industrie, das Recycling und die interne Handhabung.<\/li>\n<li><strong>Netzmaschen<\/strong>: 65 x 120 mm f\u00fcr mehr Stabilit\u00e4t.<\/li>\n<li><strong>Individuell anpassbare H\u00f6hen<\/strong>: von <strong>42 cm bis 122 cm<\/strong> erh\u00e4ltlich, um verschiedenen Aufbewahrungsbed\u00fcrfnissen gerecht zu werden.<\/li>\n<li><strong>Optimierung des Versands<\/strong>: mit 128 Paketen \u00fcber einen Lkw gefaltet, um die R\u00fcckfahrten zu optimieren.<\/li>\n<\/ul>\n<p>Die <strong>80&#215;120-Palette<\/strong> ist die ideale Wahl f\u00fcr alle, die ein praktisches, langlebiges und leicht zu handhabendes Produkt suchen, das den Lager- und Transportbedarf in verschiedenen Bereichen erf\u00fcllt, die betriebliche Effizienz verbessert und die Kosten senkt.<\/p>\n","protected":false},"excerpt":{"rendered":"<p>Die <strong data-start=\"86\" data-end=\"109\">Palettenumrandung<\/strong> verwandelt eine 80&#215;120 EPAL-Palette in einen stabilen, stapelbaren Beh\u00e4lter, der die Waren sch\u00fctzt und dank der Seitent\u00fcr zug\u00e4nglich bleibt. Die in verschiedenen H\u00f6hen von 42 bis 122 cm erh\u00e4ltliche <strong data-start=\"312\" data-end=\"335\">Palettenumrandung<\/strong> (auch <strong data-start=\"349\" data-end=\"363\">Palettenbox<\/strong> genannt) ist faltbar und kann in wenigen Augenblicken sicher an der Plattform befestigt werden. <\/p>\n","protected":false},"featured_media":240404,"comment_status":"open","ping_status":"closed","template":"","meta":{"_acf_changed":false,"_et_pb_use_builder":"","_et_pb_old_content":"","_et_gb_content_width":""},"product_brand":[],"product_cat":[1934],"product_tag":[2044],"class_list":{"0":"post-241645","1":"product","2":"type-product","3":"status-publish","4":"has-post-thumbnail","6":"product_cat-palettengitterbox","7":"product_tag-containers-de","9":"first","10":"instock","11":"shipping-taxable","12":"purchasable","13":"product-type-variable","14":"has-default-attributes"},"acf":[],"yoast_head":"<!-- This site is optimized with the Yoast SEO plugin v27.3 - https:\/\/yoast.com\/product\/yoast-seo-wordpress\/ -->\n<title>Paletten-Wandschrank 80x120 cm - Italiana Contenitori<\/title>\n<meta name=\"description\" content=\"Faltbare, robuste und langlebige Palettenumrandung. Tragf\u00e4higkeit 800 kg, stapelbar drei Beh\u00e4lter \u00fcbereinander. Auswahl an H\u00f6hen von 42 cm bis 122 cm. Mit T\u00fcr.\" \/>\n<meta name=\"robots\" content=\"index, follow, max-snippet:-1, max-image-preview:large, max-video-preview:-1\" \/>\n<link rel=\"canonical\" href=\"https:\/\/www.italianacontenitori.com\/de\/produkt\/pallet-80-x-120-cm\/\" \/>\n<meta property=\"og:locale\" content=\"de_DE\" \/>\n<meta property=\"og:type\" content=\"article\" \/>\n<meta property=\"og:title\" content=\"Paletten-Wandschrank 80x120 cm - Italiana Contenitori\" \/>\n<meta property=\"og:description\" content=\"Faltbare, robuste und langlebige Palettenumrandung. Tragf\u00e4higkeit 800 kg, stapelbar drei Beh\u00e4lter \u00fcbereinander. Auswahl an H\u00f6hen von 42 cm bis 122 cm. Mit T\u00fcr.\" \/>\n<meta property=\"og:url\" content=\"https:\/\/www.italianacontenitori.com\/de\/produkt\/pallet-80-x-120-cm\/\" \/>\n<meta property=\"og:site_name\" content=\"italianacontenitori.com\" \/>\n<meta property=\"article:modified_time\" content=\"2026-04-10T14:38:49+00:00\" \/>\n<meta property=\"og:image\" content=\"https:\/\/www.italianacontenitori.com\/wp-content\/uploads\/2020\/12\/PALL080085.png\" \/>\n\t<meta property=\"og:image:width\" content=\"1024\" \/>\n\t<meta property=\"og:image:height\" content=\"1024\" \/>\n\t<meta property=\"og:image:type\" content=\"image\/png\" \/>\n<meta name=\"twitter:card\" content=\"summary_large_image\" \/>\n<meta name=\"twitter:label1\" content=\"Gesch\u00e4tzte Lesezeit\" \/>\n\t<meta name=\"twitter:data1\" content=\"1\u00a0Minute\" \/>\n<script type=\"application\/ld+json\" class=\"yoast-schema-graph\">{\"@context\":\"https:\\\/\\\/schema.org\",\"@graph\":[{\"@type\":\"WebPage\",\"@id\":\"https:\\\/\\\/www.italianacontenitori.com\\\/de\\\/produkt\\\/pallet-80-x-120-cm\\\/\",\"url\":\"https:\\\/\\\/www.italianacontenitori.com\\\/de\\\/produkt\\\/pallet-80-x-120-cm\\\/\",\"name\":\"Paletten-Wandschrank 80x120 cm - Italiana Contenitori\",\"isPartOf\":{\"@id\":\"https:\\\/\\\/www.italianacontenitori.com\\\/de\\\/#website\"},\"primaryImageOfPage\":{\"@id\":\"https:\\\/\\\/www.italianacontenitori.com\\\/de\\\/produkt\\\/pallet-80-x-120-cm\\\/#primaryimage\"},\"image\":{\"@id\":\"https:\\\/\\\/www.italianacontenitori.com\\\/de\\\/produkt\\\/pallet-80-x-120-cm\\\/#primaryimage\"},\"thumbnailUrl\":\"https:\\\/\\\/www.italianacontenitori.com\\\/wp-content\\\/uploads\\\/2020\\\/12\\\/PALL080085.png\",\"datePublished\":\"2020-12-07T17:02:42+00:00\",\"dateModified\":\"2026-04-10T14:38:49+00:00\",\"description\":\"Faltbare, robuste und langlebige Palettenumrandung. Tragf\u00e4higkeit 800 kg, stapelbar drei Beh\u00e4lter \u00fcbereinander. Auswahl an H\u00f6hen von 42 cm bis 122 cm. Mit T\u00fcr.\",\"breadcrumb\":{\"@id\":\"https:\\\/\\\/www.italianacontenitori.com\\\/de\\\/produkt\\\/pallet-80-x-120-cm\\\/#breadcrumb\"},\"inLanguage\":\"de\",\"potentialAction\":[{\"@type\":\"ReadAction\",\"target\":[\"https:\\\/\\\/www.italianacontenitori.com\\\/de\\\/produkt\\\/pallet-80-x-120-cm\\\/\"]}]},{\"@type\":\"ImageObject\",\"inLanguage\":\"de\",\"@id\":\"https:\\\/\\\/www.italianacontenitori.com\\\/de\\\/produkt\\\/pallet-80-x-120-cm\\\/#primaryimage\",\"url\":\"https:\\\/\\\/www.italianacontenitori.com\\\/wp-content\\\/uploads\\\/2020\\\/12\\\/PALL080085.png\",\"contentUrl\":\"https:\\\/\\\/www.italianacontenitori.com\\\/wp-content\\\/uploads\\\/2020\\\/12\\\/PALL080085.png\",\"width\":1024,\"height\":1024},{\"@type\":\"BreadcrumbList\",\"@id\":\"https:\\\/\\\/www.italianacontenitori.com\\\/de\\\/produkt\\\/pallet-80-x-120-cm\\\/#breadcrumb\",\"itemListElement\":[{\"@type\":\"ListItem\",\"position\":1,\"name\":\"Home\",\"item\":\"https:\\\/\\\/www.italianacontenitori.com\\\/de\\\/metallgitterboxen\\\/\"},{\"@type\":\"ListItem\",\"position\":2,\"name\":\"PALLET 80 x 120 cm\"}]},{\"@type\":\"WebSite\",\"@id\":\"https:\\\/\\\/www.italianacontenitori.com\\\/de\\\/#website\",\"url\":\"https:\\\/\\\/www.italianacontenitori.com\\\/de\\\/\",\"name\":\"italianacontenitori.com\",\"description\":\"Produzione di contenitori industriali e roll container\",\"publisher\":{\"@id\":\"https:\\\/\\\/www.italianacontenitori.com\\\/de\\\/#organization\"},\"potentialAction\":[{\"@type\":\"SearchAction\",\"target\":{\"@type\":\"EntryPoint\",\"urlTemplate\":\"https:\\\/\\\/www.italianacontenitori.com\\\/de\\\/?s={search_term_string}\"},\"query-input\":{\"@type\":\"PropertyValueSpecification\",\"valueRequired\":true,\"valueName\":\"search_term_string\"}}],\"inLanguage\":\"de\"},{\"@type\":\"Organization\",\"@id\":\"https:\\\/\\\/www.italianacontenitori.com\\\/de\\\/#organization\",\"name\":\"Italiana Contenitori s.r.l.\",\"alternateName\":\"IC\",\"url\":\"https:\\\/\\\/www.italianacontenitori.com\\\/de\\\/\",\"logo\":{\"@type\":\"ImageObject\",\"inLanguage\":\"de\",\"@id\":\"https:\\\/\\\/www.italianacontenitori.com\\\/de\\\/#\\\/schema\\\/logo\\\/image\\\/\",\"url\":\"https:\\\/\\\/www.italianacontenitori.com\\\/wp-content\\\/uploads\\\/2020\\\/11\\\/cropped-Logo-Italiana-Contenitori_favicon.jpg\",\"contentUrl\":\"https:\\\/\\\/www.italianacontenitori.com\\\/wp-content\\\/uploads\\\/2020\\\/11\\\/cropped-Logo-Italiana-Contenitori_favicon.jpg\",\"width\":512,\"height\":512,\"caption\":\"Italiana Contenitori s.r.l.\"},\"image\":{\"@id\":\"https:\\\/\\\/www.italianacontenitori.com\\\/de\\\/#\\\/schema\\\/logo\\\/image\\\/\"}}]}<\/script>\n<!-- \/ Yoast SEO plugin. -->","yoast_head_json":{"title":"Paletten-Wandschrank 80x120 cm - Italiana Contenitori","description":"Faltbare, robuste und langlebige Palettenumrandung. Tragf\u00e4higkeit 800 kg, stapelbar drei Beh\u00e4lter \u00fcbereinander. Auswahl an H\u00f6hen von 42 cm bis 122 cm. Mit T\u00fcr.","robots":{"index":"index","follow":"follow","max-snippet":"max-snippet:-1","max-image-preview":"max-image-preview:large","max-video-preview":"max-video-preview:-1"},"canonical":"https:\/\/www.italianacontenitori.com\/de\/produkt\/pallet-80-x-120-cm\/","og_locale":"de_DE","og_type":"article","og_title":"Paletten-Wandschrank 80x120 cm - Italiana Contenitori","og_description":"Faltbare, robuste und langlebige Palettenumrandung. Tragf\u00e4higkeit 800 kg, stapelbar drei Beh\u00e4lter \u00fcbereinander. Auswahl an H\u00f6hen von 42 cm bis 122 cm. Mit T\u00fcr.","og_url":"https:\/\/www.italianacontenitori.com\/de\/produkt\/pallet-80-x-120-cm\/","og_site_name":"italianacontenitori.com","article_modified_time":"2026-04-10T14:38:49+00:00","og_image":[{"width":1024,"height":1024,"url":"https:\/\/www.italianacontenitori.com\/wp-content\/uploads\/2020\/12\/PALL080085.png","type":"image\/png"}],"twitter_card":"summary_large_image","twitter_misc":{"Gesch\u00e4tzte Lesezeit":"1\u00a0Minute"},"schema":{"@context":"https:\/\/schema.org","@graph":[{"@type":"WebPage","@id":"https:\/\/www.italianacontenitori.com\/de\/produkt\/pallet-80-x-120-cm\/","url":"https:\/\/www.italianacontenitori.com\/de\/produkt\/pallet-80-x-120-cm\/","name":"Paletten-Wandschrank 80x120 cm - Italiana Contenitori","isPartOf":{"@id":"https:\/\/www.italianacontenitori.com\/de\/#website"},"primaryImageOfPage":{"@id":"https:\/\/www.italianacontenitori.com\/de\/produkt\/pallet-80-x-120-cm\/#primaryimage"},"image":{"@id":"https:\/\/www.italianacontenitori.com\/de\/produkt\/pallet-80-x-120-cm\/#primaryimage"},"thumbnailUrl":"https:\/\/www.italianacontenitori.com\/wp-content\/uploads\/2020\/12\/PALL080085.png","datePublished":"2020-12-07T17:02:42+00:00","dateModified":"2026-04-10T14:38:49+00:00","description":"Faltbare, robuste und langlebige Palettenumrandung. Tragf\u00e4higkeit 800 kg, stapelbar drei Beh\u00e4lter \u00fcbereinander. Auswahl an H\u00f6hen von 42 cm bis 122 cm. Mit T\u00fcr.","breadcrumb":{"@id":"https:\/\/www.italianacontenitori.com\/de\/produkt\/pallet-80-x-120-cm\/#breadcrumb"},"inLanguage":"de","potentialAction":[{"@type":"ReadAction","target":["https:\/\/www.italianacontenitori.com\/de\/produkt\/pallet-80-x-120-cm\/"]}]},{"@type":"ImageObject","inLanguage":"de","@id":"https:\/\/www.italianacontenitori.com\/de\/produkt\/pallet-80-x-120-cm\/#primaryimage","url":"https:\/\/www.italianacontenitori.com\/wp-content\/uploads\/2020\/12\/PALL080085.png","contentUrl":"https:\/\/www.italianacontenitori.com\/wp-content\/uploads\/2020\/12\/PALL080085.png","width":1024,"height":1024},{"@type":"BreadcrumbList","@id":"https:\/\/www.italianacontenitori.com\/de\/produkt\/pallet-80-x-120-cm\/#breadcrumb","itemListElement":[{"@type":"ListItem","position":1,"name":"Home","item":"https:\/\/www.italianacontenitori.com\/de\/metallgitterboxen\/"},{"@type":"ListItem","position":2,"name":"PALLET 80 x 120 cm"}]},{"@type":"WebSite","@id":"https:\/\/www.italianacontenitori.com\/de\/#website","url":"https:\/\/www.italianacontenitori.com\/de\/","name":"italianacontenitori.com","description":"Produzione di contenitori industriali e roll container","publisher":{"@id":"https:\/\/www.italianacontenitori.com\/de\/#organization"},"potentialAction":[{"@type":"SearchAction","target":{"@type":"EntryPoint","urlTemplate":"https:\/\/www.italianacontenitori.com\/de\/?s={search_term_string}"},"query-input":{"@type":"PropertyValueSpecification","valueRequired":true,"valueName":"search_term_string"}}],"inLanguage":"de"},{"@type":"Organization","@id":"https:\/\/www.italianacontenitori.com\/de\/#organization","name":"Italiana Contenitori s.r.l.","alternateName":"IC","url":"https:\/\/www.italianacontenitori.com\/de\/","logo":{"@type":"ImageObject","inLanguage":"de","@id":"https:\/\/www.italianacontenitori.com\/de\/#\/schema\/logo\/image\/","url":"https:\/\/www.italianacontenitori.com\/wp-content\/uploads\/2020\/11\/cropped-Logo-Italiana-Contenitori_favicon.jpg","contentUrl":"https:\/\/www.italianacontenitori.com\/wp-content\/uploads\/2020\/11\/cropped-Logo-Italiana-Contenitori_favicon.jpg","width":512,"height":512,"caption":"Italiana Contenitori s.r.l."},"image":{"@id":"https:\/\/www.italianacontenitori.com\/de\/#\/schema\/logo\/image\/"}}]}},"_links":{"self":[{"href":"https:\/\/www.italianacontenitori.com\/de\/wp-json\/wp\/v2\/product\/241645","targetHints":{"allow":["GET"]}}],"collection":[{"href":"https:\/\/www.italianacontenitori.com\/de\/wp-json\/wp\/v2\/product"}],"about":[{"href":"https:\/\/www.italianacontenitori.com\/de\/wp-json\/wp\/v2\/types\/product"}],"replies":[{"embeddable":true,"href":"https:\/\/www.italianacontenitori.com\/de\/wp-json\/wp\/v2\/comments?post=241645"}],"wp:featuredmedia":[{"embeddable":true,"href":"https:\/\/www.italianacontenitori.com\/de\/wp-json\/wp\/v2\/media\/240404"}],"wp:attachment":[{"href":"https:\/\/www.italianacontenitori.com\/de\/wp-json\/wp\/v2\/media?parent=241645"}],"wp:term":[{"taxonomy":"product_brand","embeddable":true,"href":"https:\/\/www.italianacontenitori.com\/de\/wp-json\/wp\/v2\/product_brand?post=241645"},{"taxonomy":"product_cat","embeddable":true,"href":"https:\/\/www.italianacontenitori.com\/de\/wp-json\/wp\/v2\/product_cat?post=241645"},{"taxonomy":"product_tag","embeddable":true,"href":"https:\/\/www.italianacontenitori.com\/de\/wp-json\/wp\/v2\/product_tag?post=241645"}],"curies":[{"name":"wp","href":"https:\/\/api.w.org\/{rel}","templated":true}]}}