{"id":241665,"date":"2020-12-07T16:31:05","date_gmt":"2020-12-07T16:31:05","guid":{"rendered":"https:\/\/www.italianacontenitori.com\/product\/market-120-x-200-cm\/"},"modified":"2026-04-10T14:38:42","modified_gmt":"2026-04-10T14:38:42","slug":"market-120-x-200-cm","status":"publish","type":"product","link":"https:\/\/www.italianacontenitori.com\/de\/prodotto\/market-120-x-200-cm\/","title":{"rendered":"Industrie-Sperrgutbeh\u00e4lter &#8211; Markt 120 x 200 cm"},"content":{"rendered":"<p>Der Market 120&#215;200 ist <strong>der gr\u00f6\u00dfte der Industriecontainer<\/strong> der MARKET-Familie. Er ist faltbar und stapelbar und eignet sich f\u00fcr den <strong>Umschlag und die Lagerung sperriger G\u00fcter.<\/strong> Dieser Metallkorb mit einem Ladevolumen von nicht weniger als 2,2 Kubikmetern wird <strong>in Italien aus hochwertigen Materialien hergestellt<\/strong> und ist dank seiner <strong>Verzinkung<\/strong> witterungsbest\u00e4ndig, staub-, schmutz- und salzresistent. Seine Robustheit wird durch die <strong>selbsttragende Drahtgitterstruktur<\/strong> verst\u00e4rkt, die nicht nur Langlebigkeit, sondern auch sofortige Sichtbarkeit des Inhalts garantiert, ein entscheidender Aspekt f\u00fcr die Optimierung des Lagers. Der Beh\u00e4lter hat eine <strong>Inspektionst\u00fcr an der L\u00e4ngsseite<\/strong>, um die Kommissionierung zu erleichtern.  <\/p>\n<h2>Gro\u00dfer Industriekorb f\u00fcr sperrige G\u00fcter und Abf\u00e4lle: leicht, stapelbar, faltbar und mit 600 kg Tragf\u00e4higkeit<\/h2>\n<p>Das Design des Market 120 x 200 ist bis ins kleinste Detail durchdacht. Dank seiner Stapelkapazit\u00e4t k\u00f6nnen <strong>bis zu zwei voll beladene Metallk\u00f6rbe \u00fcbereinander gestapelt<\/strong> werden. Diese Eigenschaft macht den Beh\u00e4lter vielseitig und ideal f\u00fcr eine Vielzahl von industriellen Anwendungen. Aufgrund seiner beachtlichen Abmessungen ist dieser gro\u00dfe Metallgitterbeh\u00e4lter mit robusten Kippsicherungen ausgestattet, die, wie der Name schon sagt, ein Umkippen des Beh\u00e4lters beim Handling mit Elektrostaplern oder Hubwagen verhindern.  <\/p>\n<p>Eine besondere St\u00e4rke von Italiana Contenitori sind die Anpassungsm\u00f6glichkeiten: <strong>Wir kontrollieren den gesamten Produktionszyklus und sind daher in der Lage, ein H\u00f6chstma\u00df an Individualit\u00e4t zu bieten<\/strong>. Sollten die Standardvarianten Ihren spezifischen Anforderungen nicht entsprechen, wenden Sie sich bitte an unseren Kundendienst, der in Zusammenarbeit mit der Technik- und Designabteilung eine <strong>ma\u00dfgeschneiderte, langlebige und widerstandsf\u00e4hige L\u00f6sung<\/strong> anbieten kann. <\/p>\n<p>Die Vielseitigkeit dieses <strong>gro\u00dfen Industriekorbs<\/strong> ist eine seiner innovativsten Eigenschaften. Bei Nichtgebrauch oder auf leeren R\u00fcckfahrten l\u00e4sst sich der Korb <strong>leicht zusammenfalten, wodurch er weniger Unordnung<\/strong> schafft und eine beispiellose Optimierung des Lager- und Transportraums erm\u00f6glicht. Seine Abmessungen sind ideal, um Ihre Transporte zu s\u00e4ttigen.  <\/p>\n<p>Market 120&#215;200 eignet sich perfekt f\u00fcr die <strong>Industrie und die \u00f6kologische M\u00fcllabfuhr und<\/strong> bietet eine zuverl\u00e4ssige L\u00f6sung f\u00fcr die Lagerung und den Umschlag von Waren. Durch seine Vielseitigkeit ist er ideal f\u00fcr jedes Lager, das eine wendige und dennoch extrem ger\u00e4umige, anpassungsf\u00e4hige und leicht zu handhabende L\u00f6sung ben\u00f6tigt. Mit dem Market 120 x 200 wird Ihr Lager effizienter, organisierter und bereit, auf alle Platz- und Handhabungsanforderungen zu reagieren.  <\/p>\n<p><strong>Mindestlos 100 St\u00fcck.<\/strong><\/p>\n","protected":false},"excerpt":{"rendered":"<p>Der gr\u00f6\u00dfte der Container der MARKET-Familie, faltbar und stapelbar. Dank eines nutzbaren Ladevolumens von 2,2 m3 eignet er sich besonders f\u00fcr das Handling von sperrigen G\u00fctern. Ausgestattet mit stabilen Stangen mit Anti-Kipp-Funktion. Mindestlos 100 St\u00fcck.<\/p>\n","protected":false},"featured_media":240032,"comment_status":"open","ping_status":"closed","template":"","meta":{"_acf_changed":false,"_et_pb_use_builder":"","_et_pb_old_content":"","_et_gb_content_width":""},"product_brand":[],"product_cat":[1942,1930],"product_tag":[2044],"class_list":{"0":"post-241665","1":"product","2":"type-product","3":"status-publish","4":"has-post-thumbnail","6":"product_cat-abfallsammlung-verpackung-elektro-und-elektronikaltgerate","7":"product_cat-market-de","8":"product_tag-containers-de","10":"first","11":"instock","12":"shipping-taxable","13":"purchasable","14":"product-type-simple"},"acf":[],"yoast_head":"<!-- This site is optimized with the Yoast SEO plugin v27.3 - https:\/\/yoast.com\/product\/yoast-seo-wordpress\/ -->\n<title>Sperrgut- und Abfallbeh\u00e4lter - Markt 120 x 200 cm<\/title>\n<meta name=\"description\" content=\"Gro\u00dfer Industriecontainer aus verzinktem Drahtgitter. Stapelbar, faltbar, robust und leicht. Volumen: 2,2 m3. Tragf\u00e4higkeit 600 kg. Abmessungen 120x200 cm.\" \/>\n<meta name=\"robots\" content=\"index, follow, max-snippet:-1, max-image-preview:large, max-video-preview:-1\" \/>\n<link rel=\"canonical\" href=\"https:\/\/www.italianacontenitori.com\/de\/prodotto\/market-120-x-200-cm\/\" \/>\n<meta property=\"og:locale\" content=\"de_DE\" \/>\n<meta property=\"og:type\" content=\"article\" \/>\n<meta property=\"og:title\" content=\"Sperrgut- und Abfallbeh\u00e4lter - Markt 120 x 200 cm\" \/>\n<meta property=\"og:description\" content=\"Gro\u00dfer Industriecontainer aus verzinktem Drahtgitter. Stapelbar, faltbar, robust und leicht. Volumen: 2,2 m3. Tragf\u00e4higkeit 600 kg. Abmessungen 120x200 cm.\" \/>\n<meta property=\"og:url\" content=\"https:\/\/www.italianacontenitori.com\/de\/prodotto\/market-120-x-200-cm\/\" \/>\n<meta property=\"og:site_name\" content=\"italianacontenitori.com\" \/>\n<meta property=\"article:modified_time\" content=\"2026-04-10T14:38:42+00:00\" \/>\n<meta property=\"og:image\" content=\"https:\/\/www.italianacontenitori.com\/wp-content\/uploads\/2020\/12\/MARK120200.png\" \/>\n\t<meta property=\"og:image:width\" content=\"1024\" \/>\n\t<meta property=\"og:image:height\" content=\"1024\" \/>\n\t<meta property=\"og:image:type\" content=\"image\/png\" \/>\n<meta name=\"twitter:card\" content=\"summary_large_image\" \/>\n<meta name=\"twitter:label1\" content=\"Gesch\u00e4tzte Lesezeit\" \/>\n\t<meta name=\"twitter:data1\" content=\"2\u00a0Minuten\" \/>\n<script type=\"application\/ld+json\" class=\"yoast-schema-graph\">{\"@context\":\"https:\\\/\\\/schema.org\",\"@graph\":[{\"@type\":\"WebPage\",\"@id\":\"https:\\\/\\\/www.italianacontenitori.com\\\/de\\\/prodotto\\\/market-120-x-200-cm\\\/\",\"url\":\"https:\\\/\\\/www.italianacontenitori.com\\\/de\\\/prodotto\\\/market-120-x-200-cm\\\/\",\"name\":\"Sperrgut- und Abfallbeh\u00e4lter - Markt 120 x 200 cm\",\"isPartOf\":{\"@id\":\"https:\\\/\\\/www.italianacontenitori.com\\\/de\\\/#website\"},\"primaryImageOfPage\":{\"@id\":\"https:\\\/\\\/www.italianacontenitori.com\\\/de\\\/prodotto\\\/market-120-x-200-cm\\\/#primaryimage\"},\"image\":{\"@id\":\"https:\\\/\\\/www.italianacontenitori.com\\\/de\\\/prodotto\\\/market-120-x-200-cm\\\/#primaryimage\"},\"thumbnailUrl\":\"https:\\\/\\\/www.italianacontenitori.com\\\/wp-content\\\/uploads\\\/2020\\\/12\\\/MARK120200.png\",\"datePublished\":\"2020-12-07T16:31:05+00:00\",\"dateModified\":\"2026-04-10T14:38:42+00:00\",\"description\":\"Gro\u00dfer Industriecontainer aus verzinktem Drahtgitter. Stapelbar, faltbar, robust und leicht. Volumen: 2,2 m3. Tragf\u00e4higkeit 600 kg. Abmessungen 120x200 cm.\",\"breadcrumb\":{\"@id\":\"https:\\\/\\\/www.italianacontenitori.com\\\/de\\\/prodotto\\\/market-120-x-200-cm\\\/#breadcrumb\"},\"inLanguage\":\"de\",\"potentialAction\":[{\"@type\":\"ReadAction\",\"target\":[\"https:\\\/\\\/www.italianacontenitori.com\\\/de\\\/prodotto\\\/market-120-x-200-cm\\\/\"]}]},{\"@type\":\"ImageObject\",\"inLanguage\":\"de\",\"@id\":\"https:\\\/\\\/www.italianacontenitori.com\\\/de\\\/prodotto\\\/market-120-x-200-cm\\\/#primaryimage\",\"url\":\"https:\\\/\\\/www.italianacontenitori.com\\\/wp-content\\\/uploads\\\/2020\\\/12\\\/MARK120200.png\",\"contentUrl\":\"https:\\\/\\\/www.italianacontenitori.com\\\/wp-content\\\/uploads\\\/2020\\\/12\\\/MARK120200.png\",\"width\":1024,\"height\":1024,\"caption\":\"Industriecontainer aus elektrogeschwei\u00dftem Drahtgitter - MARK120200\"},{\"@type\":\"BreadcrumbList\",\"@id\":\"https:\\\/\\\/www.italianacontenitori.com\\\/de\\\/prodotto\\\/market-120-x-200-cm\\\/#breadcrumb\",\"itemListElement\":[{\"@type\":\"ListItem\",\"position\":1,\"name\":\"Home\",\"item\":\"https:\\\/\\\/www.italianacontenitori.com\\\/de\\\/metallgitterboxen\\\/\"},{\"@type\":\"ListItem\",\"position\":2,\"name\":\"Industrie-Sperrgutbeh\u00e4lter &#8211; Markt 120 x 200 cm\"}]},{\"@type\":\"WebSite\",\"@id\":\"https:\\\/\\\/www.italianacontenitori.com\\\/de\\\/#website\",\"url\":\"https:\\\/\\\/www.italianacontenitori.com\\\/de\\\/\",\"name\":\"italianacontenitori.com\",\"description\":\"Produzione di contenitori industriali e roll container\",\"publisher\":{\"@id\":\"https:\\\/\\\/www.italianacontenitori.com\\\/de\\\/#organization\"},\"potentialAction\":[{\"@type\":\"SearchAction\",\"target\":{\"@type\":\"EntryPoint\",\"urlTemplate\":\"https:\\\/\\\/www.italianacontenitori.com\\\/de\\\/?s={search_term_string}\"},\"query-input\":{\"@type\":\"PropertyValueSpecification\",\"valueRequired\":true,\"valueName\":\"search_term_string\"}}],\"inLanguage\":\"de\"},{\"@type\":\"Organization\",\"@id\":\"https:\\\/\\\/www.italianacontenitori.com\\\/de\\\/#organization\",\"name\":\"Italiana Contenitori s.r.l.\",\"alternateName\":\"IC\",\"url\":\"https:\\\/\\\/www.italianacontenitori.com\\\/de\\\/\",\"logo\":{\"@type\":\"ImageObject\",\"inLanguage\":\"de\",\"@id\":\"https:\\\/\\\/www.italianacontenitori.com\\\/de\\\/#\\\/schema\\\/logo\\\/image\\\/\",\"url\":\"https:\\\/\\\/www.italianacontenitori.com\\\/wp-content\\\/uploads\\\/2020\\\/11\\\/cropped-Logo-Italiana-Contenitori_favicon.jpg\",\"contentUrl\":\"https:\\\/\\\/www.italianacontenitori.com\\\/wp-content\\\/uploads\\\/2020\\\/11\\\/cropped-Logo-Italiana-Contenitori_favicon.jpg\",\"width\":512,\"height\":512,\"caption\":\"Italiana Contenitori s.r.l.\"},\"image\":{\"@id\":\"https:\\\/\\\/www.italianacontenitori.com\\\/de\\\/#\\\/schema\\\/logo\\\/image\\\/\"}}]}<\/script>\n<!-- \/ Yoast SEO plugin. -->","yoast_head_json":{"title":"Sperrgut- und Abfallbeh\u00e4lter - Markt 120 x 200 cm","description":"Gro\u00dfer Industriecontainer aus verzinktem Drahtgitter. Stapelbar, faltbar, robust und leicht. Volumen: 2,2 m3. Tragf\u00e4higkeit 600 kg. Abmessungen 120x200 cm.","robots":{"index":"index","follow":"follow","max-snippet":"max-snippet:-1","max-image-preview":"max-image-preview:large","max-video-preview":"max-video-preview:-1"},"canonical":"https:\/\/www.italianacontenitori.com\/de\/prodotto\/market-120-x-200-cm\/","og_locale":"de_DE","og_type":"article","og_title":"Sperrgut- und Abfallbeh\u00e4lter - Markt 120 x 200 cm","og_description":"Gro\u00dfer Industriecontainer aus verzinktem Drahtgitter. Stapelbar, faltbar, robust und leicht. Volumen: 2,2 m3. Tragf\u00e4higkeit 600 kg. Abmessungen 120x200 cm.","og_url":"https:\/\/www.italianacontenitori.com\/de\/prodotto\/market-120-x-200-cm\/","og_site_name":"italianacontenitori.com","article_modified_time":"2026-04-10T14:38:42+00:00","og_image":[{"width":1024,"height":1024,"url":"https:\/\/www.italianacontenitori.com\/wp-content\/uploads\/2020\/12\/MARK120200.png","type":"image\/png"}],"twitter_card":"summary_large_image","twitter_misc":{"Gesch\u00e4tzte Lesezeit":"2\u00a0Minuten"},"schema":{"@context":"https:\/\/schema.org","@graph":[{"@type":"WebPage","@id":"https:\/\/www.italianacontenitori.com\/de\/prodotto\/market-120-x-200-cm\/","url":"https:\/\/www.italianacontenitori.com\/de\/prodotto\/market-120-x-200-cm\/","name":"Sperrgut- und Abfallbeh\u00e4lter - Markt 120 x 200 cm","isPartOf":{"@id":"https:\/\/www.italianacontenitori.com\/de\/#website"},"primaryImageOfPage":{"@id":"https:\/\/www.italianacontenitori.com\/de\/prodotto\/market-120-x-200-cm\/#primaryimage"},"image":{"@id":"https:\/\/www.italianacontenitori.com\/de\/prodotto\/market-120-x-200-cm\/#primaryimage"},"thumbnailUrl":"https:\/\/www.italianacontenitori.com\/wp-content\/uploads\/2020\/12\/MARK120200.png","datePublished":"2020-12-07T16:31:05+00:00","dateModified":"2026-04-10T14:38:42+00:00","description":"Gro\u00dfer Industriecontainer aus verzinktem Drahtgitter. Stapelbar, faltbar, robust und leicht. Volumen: 2,2 m3. Tragf\u00e4higkeit 600 kg. Abmessungen 120x200 cm.","breadcrumb":{"@id":"https:\/\/www.italianacontenitori.com\/de\/prodotto\/market-120-x-200-cm\/#breadcrumb"},"inLanguage":"de","potentialAction":[{"@type":"ReadAction","target":["https:\/\/www.italianacontenitori.com\/de\/prodotto\/market-120-x-200-cm\/"]}]},{"@type":"ImageObject","inLanguage":"de","@id":"https:\/\/www.italianacontenitori.com\/de\/prodotto\/market-120-x-200-cm\/#primaryimage","url":"https:\/\/www.italianacontenitori.com\/wp-content\/uploads\/2020\/12\/MARK120200.png","contentUrl":"https:\/\/www.italianacontenitori.com\/wp-content\/uploads\/2020\/12\/MARK120200.png","width":1024,"height":1024,"caption":"Industriecontainer aus elektrogeschwei\u00dftem Drahtgitter - MARK120200"},{"@type":"BreadcrumbList","@id":"https:\/\/www.italianacontenitori.com\/de\/prodotto\/market-120-x-200-cm\/#breadcrumb","itemListElement":[{"@type":"ListItem","position":1,"name":"Home","item":"https:\/\/www.italianacontenitori.com\/de\/metallgitterboxen\/"},{"@type":"ListItem","position":2,"name":"Industrie-Sperrgutbeh\u00e4lter &#8211; Markt 120 x 200 cm"}]},{"@type":"WebSite","@id":"https:\/\/www.italianacontenitori.com\/de\/#website","url":"https:\/\/www.italianacontenitori.com\/de\/","name":"italianacontenitori.com","description":"Produzione di contenitori industriali e roll container","publisher":{"@id":"https:\/\/www.italianacontenitori.com\/de\/#organization"},"potentialAction":[{"@type":"SearchAction","target":{"@type":"EntryPoint","urlTemplate":"https:\/\/www.italianacontenitori.com\/de\/?s={search_term_string}"},"query-input":{"@type":"PropertyValueSpecification","valueRequired":true,"valueName":"search_term_string"}}],"inLanguage":"de"},{"@type":"Organization","@id":"https:\/\/www.italianacontenitori.com\/de\/#organization","name":"Italiana Contenitori s.r.l.","alternateName":"IC","url":"https:\/\/www.italianacontenitori.com\/de\/","logo":{"@type":"ImageObject","inLanguage":"de","@id":"https:\/\/www.italianacontenitori.com\/de\/#\/schema\/logo\/image\/","url":"https:\/\/www.italianacontenitori.com\/wp-content\/uploads\/2020\/11\/cropped-Logo-Italiana-Contenitori_favicon.jpg","contentUrl":"https:\/\/www.italianacontenitori.com\/wp-content\/uploads\/2020\/11\/cropped-Logo-Italiana-Contenitori_favicon.jpg","width":512,"height":512,"caption":"Italiana Contenitori s.r.l."},"image":{"@id":"https:\/\/www.italianacontenitori.com\/de\/#\/schema\/logo\/image\/"}}]}},"_links":{"self":[{"href":"https:\/\/www.italianacontenitori.com\/de\/wp-json\/wp\/v2\/product\/241665","targetHints":{"allow":["GET"]}}],"collection":[{"href":"https:\/\/www.italianacontenitori.com\/de\/wp-json\/wp\/v2\/product"}],"about":[{"href":"https:\/\/www.italianacontenitori.com\/de\/wp-json\/wp\/v2\/types\/product"}],"replies":[{"embeddable":true,"href":"https:\/\/www.italianacontenitori.com\/de\/wp-json\/wp\/v2\/comments?post=241665"}],"wp:featuredmedia":[{"embeddable":true,"href":"https:\/\/www.italianacontenitori.com\/de\/wp-json\/wp\/v2\/media\/240032"}],"wp:attachment":[{"href":"https:\/\/www.italianacontenitori.com\/de\/wp-json\/wp\/v2\/media?parent=241665"}],"wp:term":[{"taxonomy":"product_brand","embeddable":true,"href":"https:\/\/www.italianacontenitori.com\/de\/wp-json\/wp\/v2\/product_brand?post=241665"},{"taxonomy":"product_cat","embeddable":true,"href":"https:\/\/www.italianacontenitori.com\/de\/wp-json\/wp\/v2\/product_cat?post=241665"},{"taxonomy":"product_tag","embeddable":true,"href":"https:\/\/www.italianacontenitori.com\/de\/wp-json\/wp\/v2\/product_tag?post=241665"}],"curies":[{"name":"wp","href":"https:\/\/api.w.org\/{rel}","templated":true}]}}