{"id":241669,"date":"2020-12-07T16:20:01","date_gmt":"2020-12-07T16:20:01","guid":{"rendered":"https:\/\/www.italianacontenitori.com\/product\/market-120-x-165-cm\/"},"modified":"2026-04-10T14:38:43","modified_gmt":"2026-04-10T14:38:43","slug":"market-120-x-165-cm","status":"publish","type":"product","link":"https:\/\/www.italianacontenitori.com\/de\/produkt\/market-120-x-165-cm\/","title":{"rendered":"Industrieller Metallbeh\u00e4lter &#8211; Markt 120 x 165 cm"},"content":{"rendered":"<p>Der Market 120&#215;165 ist einer der gr\u00f6\u00dften industriellen Metallbeh\u00e4lter der MARKET-Familie. Er ist faltbar und stapelbar und eignet sich f\u00fcr den <strong>Umschlag und die Lagerung sperriger G\u00fcter.<\/strong> Dieser Drahtgittercontainer mit einem Ladevolumen von 1,7 Kubikmetern wird <strong>in Italien aus hochwertigen Materialien hergestellt<\/strong> und ist dank seiner <strong>Verzinkung<\/strong> wetterfest, staub-, schmutz- und salzbest\u00e4ndig. Seine Robustheit wird durch die <strong>selbsttragende Drahtgitterstruktur<\/strong> verst\u00e4rkt, die nicht nur Langlebigkeit und Robustheit garantiert, sondern auch eine sofortige Sicht auf den Inhalt, was f\u00fcr die Optimierung des Lagers entscheidend ist. Der Beh\u00e4lter hat eine <strong>Inspektionst\u00fcr an der L\u00e4ngsseite<\/strong>, um die Kommissionierung zu erleichtern.  <\/p>\n<h2>Der Industriecontainer f\u00fcr sperrige G\u00fcter und Abf\u00e4lle: leicht, stapelbar, faltbar und mit 600 kg Ladekapazit\u00e4t<\/h2>\n<ul>\n<li><strong>Gro\u00dfer Drahtgittercontainer<\/strong> mit \u00fcbersichtlichem Design f\u00fcr die optimale Lagerung und Handhabung von sperrigen G\u00fctern und Abf\u00e4llen.<\/li>\n<li><strong>Stapelbar<\/strong> bis zu <strong>drei voll beladene Einheiten auf einer Basis<\/strong>, ideal f\u00fcr industrielle und kommerzielle Anwendungen.<\/li>\n<li>Ausgestattet mit <strong>Kippschutzstangen<\/strong> sorgt er f\u00fcr Stabilit\u00e4t beim Transport mit elektrischen Gabelstaplern oder Hubwagen.<\/li>\n<li><strong>Einfach zusammenzuklappen<\/strong>, wenn es nicht gebraucht wird, reduziert die Unordnung und optimiert den Platz f\u00fcr Lagerung und Transport.<\/li>\n<li>Perfekt f\u00fcr die <strong>M\u00fclltrennung<\/strong>, die sichere und bequeme Handhabung von <strong>sperrigen G\u00fctern<\/strong> und <strong>WEEE<\/strong>.<\/li>\n<li><strong>Au\u00dfergew\u00f6hnliches Fassungsverm\u00f6gen<\/strong> von 1,7 m3 f\u00fcr den Bedarf an gro\u00dfer Lagerkapazit\u00e4t in Lagern und industriellen Umgebungen.<\/li>\n<li>Durch <strong>seine Vielseitigkeit<\/strong> ist er ideal f\u00fcr verschiedene Bereiche, vom <strong>Handel<\/strong> bis zur<strong>Industrie<\/strong>, geeignet und verbessert die Effizienz und die Lagerorganisation.<\/li>\n<\/ul>\n<p><strong>Gro\u00dfe Maschendrahtbeh\u00e4lter auch \u00fcber Ma\u00df, fragen Sie hier nach Informationen.  <\/strong><strong>Mindestlos 100 St\u00fcck. <\/strong><\/p>\n","protected":false},"excerpt":{"rendered":"<p>Einer der gr\u00f6\u00dften Container der MARKET-Familie, faltbar und stapelbar. Dank eines nutzbaren Ladevolumens von 1,7 m3 eignet er sich besonders f\u00fcr das Handling von sperrigen G\u00fctern. Ausgestattet mit stabilen Stangen mit Anti-Kipp-Funktion. Mindestlos 100 St\u00fcck.<\/p>\n","protected":false},"featured_media":240032,"comment_status":"open","ping_status":"closed","template":"","meta":{"_acf_changed":false,"_et_pb_use_builder":"","_et_pb_old_content":"","_et_gb_content_width":""},"product_brand":[],"product_cat":[1942,1930],"product_tag":[2044],"class_list":{"0":"post-241669","1":"product","2":"type-product","3":"status-publish","4":"has-post-thumbnail","6":"product_cat-abfallsammlung-verpackung-elektro-und-elektronikaltgerate","7":"product_cat-market-de","8":"product_tag-containers-de","10":"first","11":"instock","12":"shipping-taxable","13":"purchasable","14":"product-type-simple"},"acf":[],"yoast_head":"<!-- This site is optimized with the Yoast SEO plugin v27.3 - https:\/\/yoast.com\/product\/yoast-seo-wordpress\/ -->\n<title>Metallbeh\u00e4lter f\u00fcr Sperrgut | Markt 120x165cm<\/title>\n<meta name=\"description\" content=\"Industrieller Metallbeh\u00e4lter aus verzinktem Drahtgitter. 3-auf-1 stapelbar, faltbar, robust und leicht. Volumen: 1,7 m3. Tragf\u00e4higkeit 600kg.\" \/>\n<meta name=\"robots\" content=\"index, follow, max-snippet:-1, max-image-preview:large, max-video-preview:-1\" \/>\n<link rel=\"canonical\" href=\"https:\/\/www.italianacontenitori.com\/de\/produkt\/market-120-x-165-cm\/\" \/>\n<meta property=\"og:locale\" content=\"de_DE\" \/>\n<meta property=\"og:type\" content=\"article\" \/>\n<meta property=\"og:title\" content=\"Metallbeh\u00e4lter f\u00fcr Sperrgut | Markt 120x165cm\" \/>\n<meta property=\"og:description\" content=\"Industrieller Metallbeh\u00e4lter aus verzinktem Drahtgitter. 3-auf-1 stapelbar, faltbar, robust und leicht. Volumen: 1,7 m3. Tragf\u00e4higkeit 600kg.\" \/>\n<meta property=\"og:url\" content=\"https:\/\/www.italianacontenitori.com\/de\/produkt\/market-120-x-165-cm\/\" \/>\n<meta property=\"og:site_name\" content=\"italianacontenitori.com\" \/>\n<meta property=\"article:modified_time\" content=\"2026-04-10T14:38:43+00:00\" \/>\n<meta property=\"og:image\" content=\"https:\/\/www.italianacontenitori.com\/wp-content\/uploads\/2020\/12\/MARK120200.png\" \/>\n\t<meta property=\"og:image:width\" content=\"1024\" \/>\n\t<meta property=\"og:image:height\" content=\"1024\" \/>\n\t<meta property=\"og:image:type\" content=\"image\/png\" \/>\n<meta name=\"twitter:card\" content=\"summary_large_image\" \/>\n<meta name=\"twitter:label1\" content=\"Gesch\u00e4tzte Lesezeit\" \/>\n\t<meta name=\"twitter:data1\" content=\"1\u00a0Minute\" \/>\n<script type=\"application\/ld+json\" class=\"yoast-schema-graph\">{\"@context\":\"https:\\\/\\\/schema.org\",\"@graph\":[{\"@type\":\"WebPage\",\"@id\":\"https:\\\/\\\/www.italianacontenitori.com\\\/de\\\/produkt\\\/market-120-x-165-cm\\\/\",\"url\":\"https:\\\/\\\/www.italianacontenitori.com\\\/de\\\/produkt\\\/market-120-x-165-cm\\\/\",\"name\":\"Metallbeh\u00e4lter f\u00fcr Sperrgut | Markt 120x165cm\",\"isPartOf\":{\"@id\":\"https:\\\/\\\/www.italianacontenitori.com\\\/de\\\/#website\"},\"primaryImageOfPage\":{\"@id\":\"https:\\\/\\\/www.italianacontenitori.com\\\/de\\\/produkt\\\/market-120-x-165-cm\\\/#primaryimage\"},\"image\":{\"@id\":\"https:\\\/\\\/www.italianacontenitori.com\\\/de\\\/produkt\\\/market-120-x-165-cm\\\/#primaryimage\"},\"thumbnailUrl\":\"https:\\\/\\\/www.italianacontenitori.com\\\/wp-content\\\/uploads\\\/2020\\\/12\\\/MARK120200.png\",\"datePublished\":\"2020-12-07T16:20:01+00:00\",\"dateModified\":\"2026-04-10T14:38:43+00:00\",\"description\":\"Industrieller Metallbeh\u00e4lter aus verzinktem Drahtgitter. 3-auf-1 stapelbar, faltbar, robust und leicht. Volumen: 1,7 m3. Tragf\u00e4higkeit 600kg.\",\"breadcrumb\":{\"@id\":\"https:\\\/\\\/www.italianacontenitori.com\\\/de\\\/produkt\\\/market-120-x-165-cm\\\/#breadcrumb\"},\"inLanguage\":\"de\",\"potentialAction\":[{\"@type\":\"ReadAction\",\"target\":[\"https:\\\/\\\/www.italianacontenitori.com\\\/de\\\/produkt\\\/market-120-x-165-cm\\\/\"]}]},{\"@type\":\"ImageObject\",\"inLanguage\":\"de\",\"@id\":\"https:\\\/\\\/www.italianacontenitori.com\\\/de\\\/produkt\\\/market-120-x-165-cm\\\/#primaryimage\",\"url\":\"https:\\\/\\\/www.italianacontenitori.com\\\/wp-content\\\/uploads\\\/2020\\\/12\\\/MARK120200.png\",\"contentUrl\":\"https:\\\/\\\/www.italianacontenitori.com\\\/wp-content\\\/uploads\\\/2020\\\/12\\\/MARK120200.png\",\"width\":1024,\"height\":1024,\"caption\":\"Industriecontainer aus elektrogeschwei\u00dftem Drahtgitter - MARK120200\"},{\"@type\":\"BreadcrumbList\",\"@id\":\"https:\\\/\\\/www.italianacontenitori.com\\\/de\\\/produkt\\\/market-120-x-165-cm\\\/#breadcrumb\",\"itemListElement\":[{\"@type\":\"ListItem\",\"position\":1,\"name\":\"Home\",\"item\":\"https:\\\/\\\/www.italianacontenitori.com\\\/de\\\/metallgitterboxen\\\/\"},{\"@type\":\"ListItem\",\"position\":2,\"name\":\"Industrieller Metallbeh\u00e4lter &#8211; Markt 120 x 165 cm\"}]},{\"@type\":\"WebSite\",\"@id\":\"https:\\\/\\\/www.italianacontenitori.com\\\/de\\\/#website\",\"url\":\"https:\\\/\\\/www.italianacontenitori.com\\\/de\\\/\",\"name\":\"italianacontenitori.com\",\"description\":\"Produzione di contenitori industriali e roll container\",\"publisher\":{\"@id\":\"https:\\\/\\\/www.italianacontenitori.com\\\/de\\\/#organization\"},\"potentialAction\":[{\"@type\":\"SearchAction\",\"target\":{\"@type\":\"EntryPoint\",\"urlTemplate\":\"https:\\\/\\\/www.italianacontenitori.com\\\/de\\\/?s={search_term_string}\"},\"query-input\":{\"@type\":\"PropertyValueSpecification\",\"valueRequired\":true,\"valueName\":\"search_term_string\"}}],\"inLanguage\":\"de\"},{\"@type\":\"Organization\",\"@id\":\"https:\\\/\\\/www.italianacontenitori.com\\\/de\\\/#organization\",\"name\":\"Italiana Contenitori s.r.l.\",\"alternateName\":\"IC\",\"url\":\"https:\\\/\\\/www.italianacontenitori.com\\\/de\\\/\",\"logo\":{\"@type\":\"ImageObject\",\"inLanguage\":\"de\",\"@id\":\"https:\\\/\\\/www.italianacontenitori.com\\\/de\\\/#\\\/schema\\\/logo\\\/image\\\/\",\"url\":\"https:\\\/\\\/www.italianacontenitori.com\\\/wp-content\\\/uploads\\\/2020\\\/11\\\/cropped-Logo-Italiana-Contenitori_favicon.jpg\",\"contentUrl\":\"https:\\\/\\\/www.italianacontenitori.com\\\/wp-content\\\/uploads\\\/2020\\\/11\\\/cropped-Logo-Italiana-Contenitori_favicon.jpg\",\"width\":512,\"height\":512,\"caption\":\"Italiana Contenitori s.r.l.\"},\"image\":{\"@id\":\"https:\\\/\\\/www.italianacontenitori.com\\\/de\\\/#\\\/schema\\\/logo\\\/image\\\/\"}}]}<\/script>\n<!-- \/ Yoast SEO plugin. -->","yoast_head_json":{"title":"Metallbeh\u00e4lter f\u00fcr Sperrgut | Markt 120x165cm","description":"Industrieller Metallbeh\u00e4lter aus verzinktem Drahtgitter. 3-auf-1 stapelbar, faltbar, robust und leicht. Volumen: 1,7 m3. Tragf\u00e4higkeit 600kg.","robots":{"index":"index","follow":"follow","max-snippet":"max-snippet:-1","max-image-preview":"max-image-preview:large","max-video-preview":"max-video-preview:-1"},"canonical":"https:\/\/www.italianacontenitori.com\/de\/produkt\/market-120-x-165-cm\/","og_locale":"de_DE","og_type":"article","og_title":"Metallbeh\u00e4lter f\u00fcr Sperrgut | Markt 120x165cm","og_description":"Industrieller Metallbeh\u00e4lter aus verzinktem Drahtgitter. 3-auf-1 stapelbar, faltbar, robust und leicht. Volumen: 1,7 m3. Tragf\u00e4higkeit 600kg.","og_url":"https:\/\/www.italianacontenitori.com\/de\/produkt\/market-120-x-165-cm\/","og_site_name":"italianacontenitori.com","article_modified_time":"2026-04-10T14:38:43+00:00","og_image":[{"width":1024,"height":1024,"url":"https:\/\/www.italianacontenitori.com\/wp-content\/uploads\/2020\/12\/MARK120200.png","type":"image\/png"}],"twitter_card":"summary_large_image","twitter_misc":{"Gesch\u00e4tzte Lesezeit":"1\u00a0Minute"},"schema":{"@context":"https:\/\/schema.org","@graph":[{"@type":"WebPage","@id":"https:\/\/www.italianacontenitori.com\/de\/produkt\/market-120-x-165-cm\/","url":"https:\/\/www.italianacontenitori.com\/de\/produkt\/market-120-x-165-cm\/","name":"Metallbeh\u00e4lter f\u00fcr Sperrgut | Markt 120x165cm","isPartOf":{"@id":"https:\/\/www.italianacontenitori.com\/de\/#website"},"primaryImageOfPage":{"@id":"https:\/\/www.italianacontenitori.com\/de\/produkt\/market-120-x-165-cm\/#primaryimage"},"image":{"@id":"https:\/\/www.italianacontenitori.com\/de\/produkt\/market-120-x-165-cm\/#primaryimage"},"thumbnailUrl":"https:\/\/www.italianacontenitori.com\/wp-content\/uploads\/2020\/12\/MARK120200.png","datePublished":"2020-12-07T16:20:01+00:00","dateModified":"2026-04-10T14:38:43+00:00","description":"Industrieller Metallbeh\u00e4lter aus verzinktem Drahtgitter. 3-auf-1 stapelbar, faltbar, robust und leicht. Volumen: 1,7 m3. Tragf\u00e4higkeit 600kg.","breadcrumb":{"@id":"https:\/\/www.italianacontenitori.com\/de\/produkt\/market-120-x-165-cm\/#breadcrumb"},"inLanguage":"de","potentialAction":[{"@type":"ReadAction","target":["https:\/\/www.italianacontenitori.com\/de\/produkt\/market-120-x-165-cm\/"]}]},{"@type":"ImageObject","inLanguage":"de","@id":"https:\/\/www.italianacontenitori.com\/de\/produkt\/market-120-x-165-cm\/#primaryimage","url":"https:\/\/www.italianacontenitori.com\/wp-content\/uploads\/2020\/12\/MARK120200.png","contentUrl":"https:\/\/www.italianacontenitori.com\/wp-content\/uploads\/2020\/12\/MARK120200.png","width":1024,"height":1024,"caption":"Industriecontainer aus elektrogeschwei\u00dftem Drahtgitter - MARK120200"},{"@type":"BreadcrumbList","@id":"https:\/\/www.italianacontenitori.com\/de\/produkt\/market-120-x-165-cm\/#breadcrumb","itemListElement":[{"@type":"ListItem","position":1,"name":"Home","item":"https:\/\/www.italianacontenitori.com\/de\/metallgitterboxen\/"},{"@type":"ListItem","position":2,"name":"Industrieller Metallbeh\u00e4lter &#8211; Markt 120 x 165 cm"}]},{"@type":"WebSite","@id":"https:\/\/www.italianacontenitori.com\/de\/#website","url":"https:\/\/www.italianacontenitori.com\/de\/","name":"italianacontenitori.com","description":"Produzione di contenitori industriali e roll container","publisher":{"@id":"https:\/\/www.italianacontenitori.com\/de\/#organization"},"potentialAction":[{"@type":"SearchAction","target":{"@type":"EntryPoint","urlTemplate":"https:\/\/www.italianacontenitori.com\/de\/?s={search_term_string}"},"query-input":{"@type":"PropertyValueSpecification","valueRequired":true,"valueName":"search_term_string"}}],"inLanguage":"de"},{"@type":"Organization","@id":"https:\/\/www.italianacontenitori.com\/de\/#organization","name":"Italiana Contenitori s.r.l.","alternateName":"IC","url":"https:\/\/www.italianacontenitori.com\/de\/","logo":{"@type":"ImageObject","inLanguage":"de","@id":"https:\/\/www.italianacontenitori.com\/de\/#\/schema\/logo\/image\/","url":"https:\/\/www.italianacontenitori.com\/wp-content\/uploads\/2020\/11\/cropped-Logo-Italiana-Contenitori_favicon.jpg","contentUrl":"https:\/\/www.italianacontenitori.com\/wp-content\/uploads\/2020\/11\/cropped-Logo-Italiana-Contenitori_favicon.jpg","width":512,"height":512,"caption":"Italiana Contenitori s.r.l."},"image":{"@id":"https:\/\/www.italianacontenitori.com\/de\/#\/schema\/logo\/image\/"}}]}},"_links":{"self":[{"href":"https:\/\/www.italianacontenitori.com\/de\/wp-json\/wp\/v2\/product\/241669","targetHints":{"allow":["GET"]}}],"collection":[{"href":"https:\/\/www.italianacontenitori.com\/de\/wp-json\/wp\/v2\/product"}],"about":[{"href":"https:\/\/www.italianacontenitori.com\/de\/wp-json\/wp\/v2\/types\/product"}],"replies":[{"embeddable":true,"href":"https:\/\/www.italianacontenitori.com\/de\/wp-json\/wp\/v2\/comments?post=241669"}],"wp:featuredmedia":[{"embeddable":true,"href":"https:\/\/www.italianacontenitori.com\/de\/wp-json\/wp\/v2\/media\/240032"}],"wp:attachment":[{"href":"https:\/\/www.italianacontenitori.com\/de\/wp-json\/wp\/v2\/media?parent=241669"}],"wp:term":[{"taxonomy":"product_brand","embeddable":true,"href":"https:\/\/www.italianacontenitori.com\/de\/wp-json\/wp\/v2\/product_brand?post=241669"},{"taxonomy":"product_cat","embeddable":true,"href":"https:\/\/www.italianacontenitori.com\/de\/wp-json\/wp\/v2\/product_cat?post=241669"},{"taxonomy":"product_tag","embeddable":true,"href":"https:\/\/www.italianacontenitori.com\/de\/wp-json\/wp\/v2\/product_tag?post=241669"}],"curies":[{"name":"wp","href":"https:\/\/api.w.org\/{rel}","templated":true}]}}