{"id":241673,"date":"2020-12-07T16:15:26","date_gmt":"2020-12-07T16:15:26","guid":{"rendered":"https:\/\/www.italianacontenitori.com\/product\/market-113-x-145-cm-elephant\/"},"modified":"2026-04-10T14:38:35","modified_gmt":"2026-04-10T14:38:35","slug":"market-113-x-145-cm-elephant","status":"publish","type":"product","link":"https:\/\/www.italianacontenitori.com\/de\/produkt\/market-113-x-145-cm-elephant\/","title":{"rendered":"Industrieller Metallbeh\u00e4lter &#8211; Markt Elefant 113 x 145 cm"},"content":{"rendered":"<p>Der Market Elephant ist der ideale Industriebeh\u00e4lter f\u00fcr alle, die auf der Suche nach Robustheit, gro\u00dfer Ladekapazit\u00e4t, gro\u00dfz\u00fcgigen Abmessungen und St\u00e4rke sind. Im Vergleich zu Box- und Blechk\u00f6rben ist der Elephant ein echter Gewinner: er hat ein Innenvolumen von 1,64 Kubikmetern, ist stapelbar, faltbar, besteht aus engmaschigem Netz &#8211; 5&#215;5 cm &#8211; um auch kleine Gegenst\u00e4nde zu transportieren und hat eine <strong>Tragf\u00e4higkeit von 1000 kg<\/strong>, ein echter Rekord angesichts seines Federgewichts. Dieser industrielle Eisen-Metall-Korb <strong>aus hochwertigen Materialien<\/strong> ist dank der <strong>Verzinkung <\/strong>wetterfest, staub-, schmutz- und salzbest\u00e4ndig. Seine Robustheit wird durch die <strong>selbsttragende Drahtgitterstruktur<\/strong> verst\u00e4rkt, die nicht nur Langlebigkeit, sondern auch eine sofortige Sichtbarkeit des Inhalts garantiert, ein entscheidender Aspekt f\u00fcr die Optimierung des Lagers. Der Beh\u00e4lter hat eine Inspektionst\u00fcr an der L\u00e4ngsseite, um die Kommissionierung zu erleichtern.    <\/p>\n<h2>Der Industriecontainer f\u00fcr schwere, sperrige und kleine G\u00fcter. Elephant ist leicht, stapelbar, faltbar und hat eine rekordverd\u00e4chtige Ladekapazit\u00e4t. <\/h2>\n<p>Hier finden Sie den Text in Form einer Aufz\u00e4hlung, wobei der Schwerpunkt auf der <strong>gro\u00dfen Ladekapazit\u00e4t<\/strong> liegt:<\/p>\n<ul>\n<li><strong>Gro\u00dfe Ladekapazit\u00e4t<\/strong>: bis zu <strong>drei voll beladene Container<\/strong> (1000 kg) k\u00f6nnen \u00fcbereinander gestapelt werden, was den Platzbedarf optimiert und die betriebliche Effizienz erh\u00f6ht.<\/li>\n<li><strong>Optimale Abmessungen<\/strong>: Gem\u00e4\u00df den <strong>europ\u00e4ischen Normen<\/strong> konzipiert, garantiert er Kompatibilit\u00e4t und einfache Nutzung in verschiedenen industriellen und kommerziellen Kontexten.<\/li>\n<li><strong>Einfaches Zusammenklappen<\/strong>: Wenn der <strong>Container<\/strong> nicht in Gebrauch ist, l\u00e4sst er <strong>sich leicht zusammenklappen<\/strong>, wodurch weniger Unordnung entsteht und der <strong>Platz f\u00fcr Lagerung<\/strong> und Transport optimiert wird.<\/li>\n<li><strong>Au\u00dfergew\u00f6hnliche Vielseitigkeit<\/strong>: ideal f\u00fcr eine Vielzahl von Anwendungen, wie z.B. <strong>Abfallmanagement<\/strong>, <strong>Lagerung von schweren G\u00fctern<\/strong> und <strong>interner Transport<\/strong>.<\/li>\n<li><strong>Anwendungsbereiche<\/strong>: Ideal f\u00fcr Industrie, Vertrieb und Logistik, zur Verbesserung der Effizienz und Organisation in Lagern und beim Transport.<\/li>\n<\/ul>\n<p>Mit <strong>Market Elephant<\/strong> wird Ihr Betrieb effizienter und organisierter, denn er gew\u00e4hrleistet <strong>eine hohe Ladekapazit\u00e4t<\/strong> und optimiert die Nutzung des verf\u00fcgbaren Raums. Au\u00dferdem k\u00f6nnen wir dank der vollst\u00e4ndigen Kontrolle \u00fcber den Produktionszyklus <strong>ma\u00dfgeschneiderte L\u00f6sungen<\/strong> anbieten und den Container an Ihre spezifischen Bed\u00fcrfnisse anpassen. <\/p>\n<p><strong>Mindestlos 50 St\u00fcck.<\/strong><\/p>\n","protected":false},"excerpt":{"rendered":"<article class=\"text-token-text-primary w-full\" dir=\"auto\" data-testid=\"conversation-turn-62\" data-scroll-anchor=\"false\">\n<div class=\"text-base my-auto mx-auto py-5 [--thread-content-margin:--spacing(4)] @[37rem]:[--thread-content-margin:--spacing(6)] @[70rem]:[--thread-content-margin:--spacing(12)] px-(--thread-content-margin)\">\n<div class=\"[--thread-content-max-width:32rem] @[34rem]:[--thread-content-max-width:40rem] @[64rem]:[--thread-content-max-width:48rem] mx-auto flex max-w-(--thread-content-max-width) flex-1 text-base gap-4 md:gap-5 lg:gap-6 group\/turn-messages focus-visible:outline-hidden\" tabindex=\"-1\">\n<div class=\"group\/conversation-turn relative flex w-full min-w-0 flex-col agent-turn\">\n<div class=\"relative flex-col gap-1 md:gap-3\">\n<div class=\"flex max-w-full flex-col grow\">\n<div class=\"min-h-8 text-message relative flex w-full flex-col items-end gap-2 text-start break-words whitespace-normal [.text-message+&amp;]:mt-5\" dir=\"auto\" data-message-author-role=\"assistant\" data-message-id=\"c8f43570-dce0-47df-b24f-ba79b05cce7d\" data-message-model-slug=\"gpt-4o-mini\">\n<div class=\"flex w-full flex-col gap-1 empty:hidden first:pt-[3px]\">\n<div class=\"markdown prose dark:prose-invert w-full break-words light\">\n<p class=\"\" data-start=\"0\" data-end=\"400\">Entdecken Sie den <strong data-start=\"33\" data-end=\"52\">Market Elephant<\/strong>, den Industriecontainer, der Robustheit, hohe Tragf\u00e4higkeit (bis zu 1000 kg) und Vielseitigkeit vereint. Er ist stapelbar, faltbar und wetterfest und eignet sich ideal f\u00fcr den Transport von sperrigen und kleinen G\u00fctern (5&#215;5 Maschen). Mit seinem innovativen Design und der hochwertigen Drahtgitterkonstruktion optimiert er den Raum und die Logistikabl\u00e4ufe.  <\/p>\n<\/div>\n<\/div>\n<\/div>\n<\/div>\n<\/div>\n<\/div>\n<\/div>\n<\/div>\n<\/article>\n","protected":false},"featured_media":240422,"comment_status":"open","ping_status":"closed","template":"","meta":{"_acf_changed":false,"_et_pb_use_builder":"","_et_pb_old_content":"","_et_gb_content_width":""},"product_brand":[],"product_cat":[1942,1930],"product_tag":[2044],"class_list":{"0":"post-241673","1":"product","2":"type-product","3":"status-publish","4":"has-post-thumbnail","6":"product_cat-abfallsammlung-verpackung-elektro-und-elektronikaltgerate","7":"product_cat-market-de","8":"product_tag-containers-de","10":"first","11":"instock","12":"shipping-taxable","13":"purchasable","14":"product-type-simple"},"acf":[],"yoast_head":"<!-- This site is optimized with the Yoast SEO plugin v27.3 - https:\/\/yoast.com\/product\/yoast-seo-wordpress\/ -->\n<title>Industriecontainer Markt Elefant | Gro\u00df, wendig und stark<\/title>\n<meta name=\"description\" content=\"Industrieller Metallgitterbeh\u00e4lter. 3-auf-1 stapelbar, faltbar, robust und leicht. Volumen: 1,64 m3. Tragf\u00e4higkeit 1000kg. Abmessungen 113x145 cm\" \/>\n<meta name=\"robots\" content=\"index, follow, max-snippet:-1, max-image-preview:large, max-video-preview:-1\" \/>\n<link rel=\"canonical\" href=\"https:\/\/www.italianacontenitori.com\/de\/produkt\/market-113-x-145-cm-elephant\/\" \/>\n<meta property=\"og:locale\" content=\"de_DE\" \/>\n<meta property=\"og:type\" content=\"article\" \/>\n<meta property=\"og:title\" content=\"Industriecontainer Markt Elefant | Gro\u00df, wendig und stark\" \/>\n<meta property=\"og:description\" content=\"Industrieller Metallgitterbeh\u00e4lter. 3-auf-1 stapelbar, faltbar, robust und leicht. Volumen: 1,64 m3. Tragf\u00e4higkeit 1000kg. Abmessungen 113x145 cm\" \/>\n<meta property=\"og:url\" content=\"https:\/\/www.italianacontenitori.com\/de\/produkt\/market-113-x-145-cm-elephant\/\" \/>\n<meta property=\"og:site_name\" content=\"italianacontenitori.com\" \/>\n<meta property=\"article:modified_time\" content=\"2026-04-10T14:38:35+00:00\" \/>\n<meta property=\"og:image\" content=\"https:\/\/www.italianacontenitori.com\/wp-content\/uploads\/2020\/12\/MARK114145.png\" \/>\n\t<meta property=\"og:image:width\" content=\"1024\" \/>\n\t<meta property=\"og:image:height\" content=\"1024\" \/>\n\t<meta property=\"og:image:type\" content=\"image\/png\" \/>\n<meta name=\"twitter:card\" content=\"summary_large_image\" \/>\n<meta name=\"twitter:label1\" content=\"Gesch\u00e4tzte Lesezeit\" \/>\n\t<meta name=\"twitter:data1\" content=\"2\u00a0Minuten\" \/>\n<script type=\"application\/ld+json\" class=\"yoast-schema-graph\">{\"@context\":\"https:\\\/\\\/schema.org\",\"@graph\":[{\"@type\":\"WebPage\",\"@id\":\"https:\\\/\\\/www.italianacontenitori.com\\\/de\\\/produkt\\\/market-113-x-145-cm-elephant\\\/\",\"url\":\"https:\\\/\\\/www.italianacontenitori.com\\\/de\\\/produkt\\\/market-113-x-145-cm-elephant\\\/\",\"name\":\"Industriecontainer Markt Elefant | Gro\u00df, wendig und stark\",\"isPartOf\":{\"@id\":\"https:\\\/\\\/www.italianacontenitori.com\\\/de\\\/#website\"},\"primaryImageOfPage\":{\"@id\":\"https:\\\/\\\/www.italianacontenitori.com\\\/de\\\/produkt\\\/market-113-x-145-cm-elephant\\\/#primaryimage\"},\"image\":{\"@id\":\"https:\\\/\\\/www.italianacontenitori.com\\\/de\\\/produkt\\\/market-113-x-145-cm-elephant\\\/#primaryimage\"},\"thumbnailUrl\":\"https:\\\/\\\/www.italianacontenitori.com\\\/wp-content\\\/uploads\\\/2020\\\/12\\\/MARK114145.png\",\"datePublished\":\"2020-12-07T16:15:26+00:00\",\"dateModified\":\"2026-04-10T14:38:35+00:00\",\"description\":\"Industrieller Metallgitterbeh\u00e4lter. 3-auf-1 stapelbar, faltbar, robust und leicht. Volumen: 1,64 m3. Tragf\u00e4higkeit 1000kg. Abmessungen 113x145 cm\",\"breadcrumb\":{\"@id\":\"https:\\\/\\\/www.italianacontenitori.com\\\/de\\\/produkt\\\/market-113-x-145-cm-elephant\\\/#breadcrumb\"},\"inLanguage\":\"de\",\"potentialAction\":[{\"@type\":\"ReadAction\",\"target\":[\"https:\\\/\\\/www.italianacontenitori.com\\\/de\\\/produkt\\\/market-113-x-145-cm-elephant\\\/\"]}]},{\"@type\":\"ImageObject\",\"inLanguage\":\"de\",\"@id\":\"https:\\\/\\\/www.italianacontenitori.com\\\/de\\\/produkt\\\/market-113-x-145-cm-elephant\\\/#primaryimage\",\"url\":\"https:\\\/\\\/www.italianacontenitori.com\\\/wp-content\\\/uploads\\\/2020\\\/12\\\/MARK114145.png\",\"contentUrl\":\"https:\\\/\\\/www.italianacontenitori.com\\\/wp-content\\\/uploads\\\/2020\\\/12\\\/MARK114145.png\",\"width\":1024,\"height\":1024,\"caption\":\"Gro\u00dfer industrieller Metallgitterbeh\u00e4lter f\u00fcr sperrige G\u00fcter. Tragf\u00e4higkeit 1000 kg. Modell: MARK114145\"},{\"@type\":\"BreadcrumbList\",\"@id\":\"https:\\\/\\\/www.italianacontenitori.com\\\/de\\\/produkt\\\/market-113-x-145-cm-elephant\\\/#breadcrumb\",\"itemListElement\":[{\"@type\":\"ListItem\",\"position\":1,\"name\":\"Home\",\"item\":\"https:\\\/\\\/www.italianacontenitori.com\\\/de\\\/metallgitterboxen\\\/\"},{\"@type\":\"ListItem\",\"position\":2,\"name\":\"Industrieller Metallbeh\u00e4lter &#8211; Markt Elefant 113 x 145 cm\"}]},{\"@type\":\"WebSite\",\"@id\":\"https:\\\/\\\/www.italianacontenitori.com\\\/de\\\/#website\",\"url\":\"https:\\\/\\\/www.italianacontenitori.com\\\/de\\\/\",\"name\":\"italianacontenitori.com\",\"description\":\"Produzione di contenitori industriali e roll container\",\"publisher\":{\"@id\":\"https:\\\/\\\/www.italianacontenitori.com\\\/de\\\/#organization\"},\"potentialAction\":[{\"@type\":\"SearchAction\",\"target\":{\"@type\":\"EntryPoint\",\"urlTemplate\":\"https:\\\/\\\/www.italianacontenitori.com\\\/de\\\/?s={search_term_string}\"},\"query-input\":{\"@type\":\"PropertyValueSpecification\",\"valueRequired\":true,\"valueName\":\"search_term_string\"}}],\"inLanguage\":\"de\"},{\"@type\":\"Organization\",\"@id\":\"https:\\\/\\\/www.italianacontenitori.com\\\/de\\\/#organization\",\"name\":\"Italiana Contenitori s.r.l.\",\"alternateName\":\"IC\",\"url\":\"https:\\\/\\\/www.italianacontenitori.com\\\/de\\\/\",\"logo\":{\"@type\":\"ImageObject\",\"inLanguage\":\"de\",\"@id\":\"https:\\\/\\\/www.italianacontenitori.com\\\/de\\\/#\\\/schema\\\/logo\\\/image\\\/\",\"url\":\"https:\\\/\\\/www.italianacontenitori.com\\\/wp-content\\\/uploads\\\/2020\\\/11\\\/cropped-Logo-Italiana-Contenitori_favicon.jpg\",\"contentUrl\":\"https:\\\/\\\/www.italianacontenitori.com\\\/wp-content\\\/uploads\\\/2020\\\/11\\\/cropped-Logo-Italiana-Contenitori_favicon.jpg\",\"width\":512,\"height\":512,\"caption\":\"Italiana Contenitori s.r.l.\"},\"image\":{\"@id\":\"https:\\\/\\\/www.italianacontenitori.com\\\/de\\\/#\\\/schema\\\/logo\\\/image\\\/\"}}]}<\/script>\n<!-- \/ Yoast SEO plugin. -->","yoast_head_json":{"title":"Industriecontainer Markt Elefant | Gro\u00df, wendig und stark","description":"Industrieller Metallgitterbeh\u00e4lter. 3-auf-1 stapelbar, faltbar, robust und leicht. Volumen: 1,64 m3. Tragf\u00e4higkeit 1000kg. Abmessungen 113x145 cm","robots":{"index":"index","follow":"follow","max-snippet":"max-snippet:-1","max-image-preview":"max-image-preview:large","max-video-preview":"max-video-preview:-1"},"canonical":"https:\/\/www.italianacontenitori.com\/de\/produkt\/market-113-x-145-cm-elephant\/","og_locale":"de_DE","og_type":"article","og_title":"Industriecontainer Markt Elefant | Gro\u00df, wendig und stark","og_description":"Industrieller Metallgitterbeh\u00e4lter. 3-auf-1 stapelbar, faltbar, robust und leicht. Volumen: 1,64 m3. Tragf\u00e4higkeit 1000kg. Abmessungen 113x145 cm","og_url":"https:\/\/www.italianacontenitori.com\/de\/produkt\/market-113-x-145-cm-elephant\/","og_site_name":"italianacontenitori.com","article_modified_time":"2026-04-10T14:38:35+00:00","og_image":[{"width":1024,"height":1024,"url":"https:\/\/www.italianacontenitori.com\/wp-content\/uploads\/2020\/12\/MARK114145.png","type":"image\/png"}],"twitter_card":"summary_large_image","twitter_misc":{"Gesch\u00e4tzte Lesezeit":"2\u00a0Minuten"},"schema":{"@context":"https:\/\/schema.org","@graph":[{"@type":"WebPage","@id":"https:\/\/www.italianacontenitori.com\/de\/produkt\/market-113-x-145-cm-elephant\/","url":"https:\/\/www.italianacontenitori.com\/de\/produkt\/market-113-x-145-cm-elephant\/","name":"Industriecontainer Markt Elefant | Gro\u00df, wendig und stark","isPartOf":{"@id":"https:\/\/www.italianacontenitori.com\/de\/#website"},"primaryImageOfPage":{"@id":"https:\/\/www.italianacontenitori.com\/de\/produkt\/market-113-x-145-cm-elephant\/#primaryimage"},"image":{"@id":"https:\/\/www.italianacontenitori.com\/de\/produkt\/market-113-x-145-cm-elephant\/#primaryimage"},"thumbnailUrl":"https:\/\/www.italianacontenitori.com\/wp-content\/uploads\/2020\/12\/MARK114145.png","datePublished":"2020-12-07T16:15:26+00:00","dateModified":"2026-04-10T14:38:35+00:00","description":"Industrieller Metallgitterbeh\u00e4lter. 3-auf-1 stapelbar, faltbar, robust und leicht. Volumen: 1,64 m3. Tragf\u00e4higkeit 1000kg. Abmessungen 113x145 cm","breadcrumb":{"@id":"https:\/\/www.italianacontenitori.com\/de\/produkt\/market-113-x-145-cm-elephant\/#breadcrumb"},"inLanguage":"de","potentialAction":[{"@type":"ReadAction","target":["https:\/\/www.italianacontenitori.com\/de\/produkt\/market-113-x-145-cm-elephant\/"]}]},{"@type":"ImageObject","inLanguage":"de","@id":"https:\/\/www.italianacontenitori.com\/de\/produkt\/market-113-x-145-cm-elephant\/#primaryimage","url":"https:\/\/www.italianacontenitori.com\/wp-content\/uploads\/2020\/12\/MARK114145.png","contentUrl":"https:\/\/www.italianacontenitori.com\/wp-content\/uploads\/2020\/12\/MARK114145.png","width":1024,"height":1024,"caption":"Gro\u00dfer industrieller Metallgitterbeh\u00e4lter f\u00fcr sperrige G\u00fcter. Tragf\u00e4higkeit 1000 kg. Modell: MARK114145"},{"@type":"BreadcrumbList","@id":"https:\/\/www.italianacontenitori.com\/de\/produkt\/market-113-x-145-cm-elephant\/#breadcrumb","itemListElement":[{"@type":"ListItem","position":1,"name":"Home","item":"https:\/\/www.italianacontenitori.com\/de\/metallgitterboxen\/"},{"@type":"ListItem","position":2,"name":"Industrieller Metallbeh\u00e4lter &#8211; Markt Elefant 113 x 145 cm"}]},{"@type":"WebSite","@id":"https:\/\/www.italianacontenitori.com\/de\/#website","url":"https:\/\/www.italianacontenitori.com\/de\/","name":"italianacontenitori.com","description":"Produzione di contenitori industriali e roll container","publisher":{"@id":"https:\/\/www.italianacontenitori.com\/de\/#organization"},"potentialAction":[{"@type":"SearchAction","target":{"@type":"EntryPoint","urlTemplate":"https:\/\/www.italianacontenitori.com\/de\/?s={search_term_string}"},"query-input":{"@type":"PropertyValueSpecification","valueRequired":true,"valueName":"search_term_string"}}],"inLanguage":"de"},{"@type":"Organization","@id":"https:\/\/www.italianacontenitori.com\/de\/#organization","name":"Italiana Contenitori s.r.l.","alternateName":"IC","url":"https:\/\/www.italianacontenitori.com\/de\/","logo":{"@type":"ImageObject","inLanguage":"de","@id":"https:\/\/www.italianacontenitori.com\/de\/#\/schema\/logo\/image\/","url":"https:\/\/www.italianacontenitori.com\/wp-content\/uploads\/2020\/11\/cropped-Logo-Italiana-Contenitori_favicon.jpg","contentUrl":"https:\/\/www.italianacontenitori.com\/wp-content\/uploads\/2020\/11\/cropped-Logo-Italiana-Contenitori_favicon.jpg","width":512,"height":512,"caption":"Italiana Contenitori s.r.l."},"image":{"@id":"https:\/\/www.italianacontenitori.com\/de\/#\/schema\/logo\/image\/"}}]}},"_links":{"self":[{"href":"https:\/\/www.italianacontenitori.com\/de\/wp-json\/wp\/v2\/product\/241673","targetHints":{"allow":["GET"]}}],"collection":[{"href":"https:\/\/www.italianacontenitori.com\/de\/wp-json\/wp\/v2\/product"}],"about":[{"href":"https:\/\/www.italianacontenitori.com\/de\/wp-json\/wp\/v2\/types\/product"}],"replies":[{"embeddable":true,"href":"https:\/\/www.italianacontenitori.com\/de\/wp-json\/wp\/v2\/comments?post=241673"}],"wp:featuredmedia":[{"embeddable":true,"href":"https:\/\/www.italianacontenitori.com\/de\/wp-json\/wp\/v2\/media\/240422"}],"wp:attachment":[{"href":"https:\/\/www.italianacontenitori.com\/de\/wp-json\/wp\/v2\/media?parent=241673"}],"wp:term":[{"taxonomy":"product_brand","embeddable":true,"href":"https:\/\/www.italianacontenitori.com\/de\/wp-json\/wp\/v2\/product_brand?post=241673"},{"taxonomy":"product_cat","embeddable":true,"href":"https:\/\/www.italianacontenitori.com\/de\/wp-json\/wp\/v2\/product_cat?post=241673"},{"taxonomy":"product_tag","embeddable":true,"href":"https:\/\/www.italianacontenitori.com\/de\/wp-json\/wp\/v2\/product_tag?post=241673"}],"curies":[{"name":"wp","href":"https:\/\/api.w.org\/{rel}","templated":true}]}}