{"id":241677,"date":"2020-12-07T15:58:45","date_gmt":"2020-12-07T15:58:45","guid":{"rendered":"https:\/\/www.italianacontenitori.com\/product\/market-105-x-125-cm\/"},"modified":"2026-04-10T14:38:31","modified_gmt":"2026-04-10T14:38:31","slug":"market-105-x-125-cm","status":"publish","type":"product","link":"https:\/\/www.italianacontenitori.com\/de\/produkt\/market-105-x-125-cm\/","title":{"rendered":"Industrieller Metallbeh\u00e4lter &#8211; Markt 105 x 125 cm"},"content":{"rendered":"<p>Der Market 105&#215;125 ist die L\u00f6sung f\u00fcr alle, die auf der Suche nach einem effizienten und langlebigen Industriegitterkorb sind. Dieser <strong>in Italien aus hochwertigen Materialien hergestellte<\/strong> Drahtkorb ist dank seiner <strong>Verzinkung<\/strong> wetterfest, staub-, schmutz- und salzbest\u00e4ndig. Seine Robustheit wird durch die <strong>selbsttragende Drahtgitterstruktur<\/strong> verst\u00e4rkt, die nicht nur Langlebigkeit, sondern auch eine sofortige Sichtbarkeit des Inhalts garantiert, ein entscheidender Aspekt f\u00fcr die Optimierung des Lagers. Der Beh\u00e4lter hat eine Inspektionst\u00fcr an der L\u00e4ngsseite, um die Kommissionierung zu erleichtern.   <\/p>\n<h2>Industrieller Metallkorb: leicht, stapelbar, faltbar und mit hoher Kapazit\u00e4t<\/h2>\n<ul>\n<li>Tragf\u00e4higkeit bis zu 1000 kg, mit einem Volumen von ca. 1 m\u00b3<\/li>\n<li>Stapelbar bis zu 3 Einheiten bei voller Beladung, perfekt f\u00fcr den industriellen Einsatz<\/li>\n<li>kompatibel mit EUR-Paletten (100&#215;120 cm), ideal f\u00fcr die Logistik<\/li>\n<li>faltbar und platzsparend, ideal f\u00fcr die Aufbewahrung und die R\u00fcckreise<\/li>\n<li>Auf Wunsch individuell anpassbar dank der internen Produktionskontrolle<\/li>\n<\/ul>\n<p>Market 105&#215;125 eignet sich perfekt f\u00fcr den <strong>industriellen, landwirtschaftlichen und logistischen Bereich<\/strong> und bietet eine zuverl\u00e4ssige L\u00f6sung f\u00fcr die Lagerung und den Umschlag von Waren. Seine Vielseitigkeit macht ihn ideal f\u00fcr jedes Lager, das eine flexible, anpassungsf\u00e4hige und leicht zu handhabende L\u00f6sung ben\u00f6tigt. Mit dem Market 105&#215;125 wird Ihr Lager effizient, organisiert und bereit sein, auf jeden Lager- und Umschlagbedarf zu reagieren.  <\/p>\n","protected":false},"excerpt":{"rendered":"<p>Leichter, faltbarer und stapelbarer Industriekorb aus Metall. Der Market 105&#215;125 ist ein verzinkter Gitterbeh\u00e4lter mit einer Tragf\u00e4higkeit von bis zu 1000 kg und 1 m\u00b3 Volumen, perfekt f\u00fcr Logistik, Industrie und Landwirtschaft. Mit Inspektionst\u00fcr, selbsttragender Struktur und auf Wunsch individuell gestaltbar.  <\/p>\n","protected":false},"featured_media":240427,"comment_status":"open","ping_status":"closed","template":"","meta":{"_acf_changed":false,"_et_pb_use_builder":"","_et_pb_old_content":"","_et_gb_content_width":""},"product_brand":[],"product_cat":[1930],"product_tag":[2044],"class_list":{"0":"post-241677","1":"product","2":"type-product","3":"status-publish","4":"has-post-thumbnail","6":"product_cat-market-de","7":"product_tag-containers-de","9":"first","10":"instock","11":"shipping-taxable","12":"purchasable","13":"product-type-simple"},"acf":[],"yoast_head":"<!-- This site is optimized with the Yoast SEO plugin v27.3 - https:\/\/yoast.com\/product\/yoast-seo-wordpress\/ -->\n<title>Industrieller Maschendrahtbeh\u00e4lter | Markt 105x25<\/title>\n<meta name=\"description\" content=\"Verzinkter Drahtgitterkorb. Tragf\u00e4higkeit 1000 kg, \u00fcbereinander stapelbar, zusammenklappbar, mit Inspektionsklappe. Stabil, leicht, in Italien hergestellt.\" \/>\n<meta name=\"robots\" content=\"index, follow, max-snippet:-1, max-image-preview:large, max-video-preview:-1\" \/>\n<link rel=\"canonical\" href=\"https:\/\/www.italianacontenitori.com\/de\/produkt\/market-105-x-125-cm\/\" \/>\n<meta property=\"og:locale\" content=\"de_DE\" \/>\n<meta property=\"og:type\" content=\"article\" \/>\n<meta property=\"og:title\" content=\"Industrieller Maschendrahtbeh\u00e4lter | Markt 105x25\" \/>\n<meta property=\"og:description\" content=\"Verzinkter Drahtgitterkorb. Tragf\u00e4higkeit 1000 kg, \u00fcbereinander stapelbar, zusammenklappbar, mit Inspektionsklappe. Stabil, leicht, in Italien hergestellt.\" \/>\n<meta property=\"og:url\" content=\"https:\/\/www.italianacontenitori.com\/de\/produkt\/market-105-x-125-cm\/\" \/>\n<meta property=\"og:site_name\" content=\"italianacontenitori.com\" \/>\n<meta property=\"article:modified_time\" content=\"2026-04-10T14:38:31+00:00\" \/>\n<meta property=\"og:image\" content=\"https:\/\/www.italianacontenitori.com\/wp-content\/uploads\/2020\/12\/MARK100120.png\" \/>\n\t<meta property=\"og:image:width\" content=\"1024\" \/>\n\t<meta property=\"og:image:height\" content=\"1024\" \/>\n\t<meta property=\"og:image:type\" content=\"image\/png\" \/>\n<meta name=\"twitter:card\" content=\"summary_large_image\" \/>\n<meta name=\"twitter:label1\" content=\"Gesch\u00e4tzte Lesezeit\" \/>\n\t<meta name=\"twitter:data1\" content=\"1\u00a0Minute\" \/>\n<script type=\"application\/ld+json\" class=\"yoast-schema-graph\">{\"@context\":\"https:\\\/\\\/schema.org\",\"@graph\":[{\"@type\":\"WebPage\",\"@id\":\"https:\\\/\\\/www.italianacontenitori.com\\\/de\\\/produkt\\\/market-105-x-125-cm\\\/\",\"url\":\"https:\\\/\\\/www.italianacontenitori.com\\\/de\\\/produkt\\\/market-105-x-125-cm\\\/\",\"name\":\"Industrieller Maschendrahtbeh\u00e4lter | Markt 105x25\",\"isPartOf\":{\"@id\":\"https:\\\/\\\/www.italianacontenitori.com\\\/de\\\/#website\"},\"primaryImageOfPage\":{\"@id\":\"https:\\\/\\\/www.italianacontenitori.com\\\/de\\\/produkt\\\/market-105-x-125-cm\\\/#primaryimage\"},\"image\":{\"@id\":\"https:\\\/\\\/www.italianacontenitori.com\\\/de\\\/produkt\\\/market-105-x-125-cm\\\/#primaryimage\"},\"thumbnailUrl\":\"https:\\\/\\\/www.italianacontenitori.com\\\/wp-content\\\/uploads\\\/2020\\\/12\\\/MARK100120.png\",\"datePublished\":\"2020-12-07T15:58:45+00:00\",\"dateModified\":\"2026-04-10T14:38:31+00:00\",\"description\":\"Verzinkter Drahtgitterkorb. Tragf\u00e4higkeit 1000 kg, \u00fcbereinander stapelbar, zusammenklappbar, mit Inspektionsklappe. Stabil, leicht, in Italien hergestellt.\",\"breadcrumb\":{\"@id\":\"https:\\\/\\\/www.italianacontenitori.com\\\/de\\\/produkt\\\/market-105-x-125-cm\\\/#breadcrumb\"},\"inLanguage\":\"de\",\"potentialAction\":[{\"@type\":\"ReadAction\",\"target\":[\"https:\\\/\\\/www.italianacontenitori.com\\\/de\\\/produkt\\\/market-105-x-125-cm\\\/\"]}]},{\"@type\":\"ImageObject\",\"inLanguage\":\"de\",\"@id\":\"https:\\\/\\\/www.italianacontenitori.com\\\/de\\\/produkt\\\/market-105-x-125-cm\\\/#primaryimage\",\"url\":\"https:\\\/\\\/www.italianacontenitori.com\\\/wp-content\\\/uploads\\\/2020\\\/12\\\/MARK100120.png\",\"contentUrl\":\"https:\\\/\\\/www.italianacontenitori.com\\\/wp-content\\\/uploads\\\/2020\\\/12\\\/MARK100120.png\",\"width\":1024,\"height\":1024,\"caption\":\"Industriecontainer aus verzinktem Drahtgitter. Modell: MARK100120\"},{\"@type\":\"BreadcrumbList\",\"@id\":\"https:\\\/\\\/www.italianacontenitori.com\\\/de\\\/produkt\\\/market-105-x-125-cm\\\/#breadcrumb\",\"itemListElement\":[{\"@type\":\"ListItem\",\"position\":1,\"name\":\"Home\",\"item\":\"https:\\\/\\\/www.italianacontenitori.com\\\/de\\\/metallgitterboxen\\\/\"},{\"@type\":\"ListItem\",\"position\":2,\"name\":\"Industrieller Metallbeh\u00e4lter &#8211; Markt 105 x 125 cm\"}]},{\"@type\":\"WebSite\",\"@id\":\"https:\\\/\\\/www.italianacontenitori.com\\\/de\\\/#website\",\"url\":\"https:\\\/\\\/www.italianacontenitori.com\\\/de\\\/\",\"name\":\"italianacontenitori.com\",\"description\":\"Produzione di contenitori industriali e roll container\",\"publisher\":{\"@id\":\"https:\\\/\\\/www.italianacontenitori.com\\\/de\\\/#organization\"},\"potentialAction\":[{\"@type\":\"SearchAction\",\"target\":{\"@type\":\"EntryPoint\",\"urlTemplate\":\"https:\\\/\\\/www.italianacontenitori.com\\\/de\\\/?s={search_term_string}\"},\"query-input\":{\"@type\":\"PropertyValueSpecification\",\"valueRequired\":true,\"valueName\":\"search_term_string\"}}],\"inLanguage\":\"de\"},{\"@type\":\"Organization\",\"@id\":\"https:\\\/\\\/www.italianacontenitori.com\\\/de\\\/#organization\",\"name\":\"Italiana Contenitori s.r.l.\",\"alternateName\":\"IC\",\"url\":\"https:\\\/\\\/www.italianacontenitori.com\\\/de\\\/\",\"logo\":{\"@type\":\"ImageObject\",\"inLanguage\":\"de\",\"@id\":\"https:\\\/\\\/www.italianacontenitori.com\\\/de\\\/#\\\/schema\\\/logo\\\/image\\\/\",\"url\":\"https:\\\/\\\/www.italianacontenitori.com\\\/wp-content\\\/uploads\\\/2020\\\/11\\\/cropped-Logo-Italiana-Contenitori_favicon.jpg\",\"contentUrl\":\"https:\\\/\\\/www.italianacontenitori.com\\\/wp-content\\\/uploads\\\/2020\\\/11\\\/cropped-Logo-Italiana-Contenitori_favicon.jpg\",\"width\":512,\"height\":512,\"caption\":\"Italiana Contenitori s.r.l.\"},\"image\":{\"@id\":\"https:\\\/\\\/www.italianacontenitori.com\\\/de\\\/#\\\/schema\\\/logo\\\/image\\\/\"}}]}<\/script>\n<!-- \/ Yoast SEO plugin. -->","yoast_head_json":{"title":"Industrieller Maschendrahtbeh\u00e4lter | Markt 105x25","description":"Verzinkter Drahtgitterkorb. Tragf\u00e4higkeit 1000 kg, \u00fcbereinander stapelbar, zusammenklappbar, mit Inspektionsklappe. Stabil, leicht, in Italien hergestellt.","robots":{"index":"index","follow":"follow","max-snippet":"max-snippet:-1","max-image-preview":"max-image-preview:large","max-video-preview":"max-video-preview:-1"},"canonical":"https:\/\/www.italianacontenitori.com\/de\/produkt\/market-105-x-125-cm\/","og_locale":"de_DE","og_type":"article","og_title":"Industrieller Maschendrahtbeh\u00e4lter | Markt 105x25","og_description":"Verzinkter Drahtgitterkorb. Tragf\u00e4higkeit 1000 kg, \u00fcbereinander stapelbar, zusammenklappbar, mit Inspektionsklappe. Stabil, leicht, in Italien hergestellt.","og_url":"https:\/\/www.italianacontenitori.com\/de\/produkt\/market-105-x-125-cm\/","og_site_name":"italianacontenitori.com","article_modified_time":"2026-04-10T14:38:31+00:00","og_image":[{"width":1024,"height":1024,"url":"https:\/\/www.italianacontenitori.com\/wp-content\/uploads\/2020\/12\/MARK100120.png","type":"image\/png"}],"twitter_card":"summary_large_image","twitter_misc":{"Gesch\u00e4tzte Lesezeit":"1\u00a0Minute"},"schema":{"@context":"https:\/\/schema.org","@graph":[{"@type":"WebPage","@id":"https:\/\/www.italianacontenitori.com\/de\/produkt\/market-105-x-125-cm\/","url":"https:\/\/www.italianacontenitori.com\/de\/produkt\/market-105-x-125-cm\/","name":"Industrieller Maschendrahtbeh\u00e4lter | Markt 105x25","isPartOf":{"@id":"https:\/\/www.italianacontenitori.com\/de\/#website"},"primaryImageOfPage":{"@id":"https:\/\/www.italianacontenitori.com\/de\/produkt\/market-105-x-125-cm\/#primaryimage"},"image":{"@id":"https:\/\/www.italianacontenitori.com\/de\/produkt\/market-105-x-125-cm\/#primaryimage"},"thumbnailUrl":"https:\/\/www.italianacontenitori.com\/wp-content\/uploads\/2020\/12\/MARK100120.png","datePublished":"2020-12-07T15:58:45+00:00","dateModified":"2026-04-10T14:38:31+00:00","description":"Verzinkter Drahtgitterkorb. Tragf\u00e4higkeit 1000 kg, \u00fcbereinander stapelbar, zusammenklappbar, mit Inspektionsklappe. Stabil, leicht, in Italien hergestellt.","breadcrumb":{"@id":"https:\/\/www.italianacontenitori.com\/de\/produkt\/market-105-x-125-cm\/#breadcrumb"},"inLanguage":"de","potentialAction":[{"@type":"ReadAction","target":["https:\/\/www.italianacontenitori.com\/de\/produkt\/market-105-x-125-cm\/"]}]},{"@type":"ImageObject","inLanguage":"de","@id":"https:\/\/www.italianacontenitori.com\/de\/produkt\/market-105-x-125-cm\/#primaryimage","url":"https:\/\/www.italianacontenitori.com\/wp-content\/uploads\/2020\/12\/MARK100120.png","contentUrl":"https:\/\/www.italianacontenitori.com\/wp-content\/uploads\/2020\/12\/MARK100120.png","width":1024,"height":1024,"caption":"Industriecontainer aus verzinktem Drahtgitter. Modell: MARK100120"},{"@type":"BreadcrumbList","@id":"https:\/\/www.italianacontenitori.com\/de\/produkt\/market-105-x-125-cm\/#breadcrumb","itemListElement":[{"@type":"ListItem","position":1,"name":"Home","item":"https:\/\/www.italianacontenitori.com\/de\/metallgitterboxen\/"},{"@type":"ListItem","position":2,"name":"Industrieller Metallbeh\u00e4lter &#8211; Markt 105 x 125 cm"}]},{"@type":"WebSite","@id":"https:\/\/www.italianacontenitori.com\/de\/#website","url":"https:\/\/www.italianacontenitori.com\/de\/","name":"italianacontenitori.com","description":"Produzione di contenitori industriali e roll container","publisher":{"@id":"https:\/\/www.italianacontenitori.com\/de\/#organization"},"potentialAction":[{"@type":"SearchAction","target":{"@type":"EntryPoint","urlTemplate":"https:\/\/www.italianacontenitori.com\/de\/?s={search_term_string}"},"query-input":{"@type":"PropertyValueSpecification","valueRequired":true,"valueName":"search_term_string"}}],"inLanguage":"de"},{"@type":"Organization","@id":"https:\/\/www.italianacontenitori.com\/de\/#organization","name":"Italiana Contenitori s.r.l.","alternateName":"IC","url":"https:\/\/www.italianacontenitori.com\/de\/","logo":{"@type":"ImageObject","inLanguage":"de","@id":"https:\/\/www.italianacontenitori.com\/de\/#\/schema\/logo\/image\/","url":"https:\/\/www.italianacontenitori.com\/wp-content\/uploads\/2020\/11\/cropped-Logo-Italiana-Contenitori_favicon.jpg","contentUrl":"https:\/\/www.italianacontenitori.com\/wp-content\/uploads\/2020\/11\/cropped-Logo-Italiana-Contenitori_favicon.jpg","width":512,"height":512,"caption":"Italiana Contenitori s.r.l."},"image":{"@id":"https:\/\/www.italianacontenitori.com\/de\/#\/schema\/logo\/image\/"}}]}},"_links":{"self":[{"href":"https:\/\/www.italianacontenitori.com\/de\/wp-json\/wp\/v2\/product\/241677","targetHints":{"allow":["GET"]}}],"collection":[{"href":"https:\/\/www.italianacontenitori.com\/de\/wp-json\/wp\/v2\/product"}],"about":[{"href":"https:\/\/www.italianacontenitori.com\/de\/wp-json\/wp\/v2\/types\/product"}],"replies":[{"embeddable":true,"href":"https:\/\/www.italianacontenitori.com\/de\/wp-json\/wp\/v2\/comments?post=241677"}],"wp:featuredmedia":[{"embeddable":true,"href":"https:\/\/www.italianacontenitori.com\/de\/wp-json\/wp\/v2\/media\/240427"}],"wp:attachment":[{"href":"https:\/\/www.italianacontenitori.com\/de\/wp-json\/wp\/v2\/media?parent=241677"}],"wp:term":[{"taxonomy":"product_brand","embeddable":true,"href":"https:\/\/www.italianacontenitori.com\/de\/wp-json\/wp\/v2\/product_brand?post=241677"},{"taxonomy":"product_cat","embeddable":true,"href":"https:\/\/www.italianacontenitori.com\/de\/wp-json\/wp\/v2\/product_cat?post=241677"},{"taxonomy":"product_tag","embeddable":true,"href":"https:\/\/www.italianacontenitori.com\/de\/wp-json\/wp\/v2\/product_tag?post=241677"}],"curies":[{"name":"wp","href":"https:\/\/api.w.org\/{rel}","templated":true}]}}