{"id":241685,"date":"2020-12-07T13:29:37","date_gmt":"2020-12-07T13:29:37","guid":{"rendered":"https:\/\/www.italianacontenitori.com\/product\/market-100-x-120-cm\/"},"modified":"2026-04-10T14:38:33","modified_gmt":"2026-04-10T14:38:33","slug":"market-100-x-120-cm","status":"publish","type":"product","link":"https:\/\/www.italianacontenitori.com\/de\/produkt\/market-100-x-120-cm\/","title":{"rendered":"Industrie-Gitterbox &#8211; Markt 100 x 120 cm &#8211; EUR"},"content":{"rendered":"<p>Der Market 100&#215;120 ist ein Industriebeh\u00e4lter aus <strong>elektrogeschwei\u00dftem Eisengitter<\/strong>, das mit einer elektrolytischen Verzinkung versehen ist, um die Best\u00e4ndigkeit gegen Wetter, Fl\u00fcssigkeiten, Staub, Schmutz und Salz zu gew\u00e4hrleisten. Dieser Metallkorb hat gro\u00dfz\u00fcgige Abmessungen (100 x 120 cm) und eine Tragf\u00e4higkeit von 1000 kg, obwohl <strong>er nur 47 kg wiegt.<\/strong> Seine Robustheit wird durch die solide, selbsttragende Drahtgitterstruktur gew\u00e4hrleistet, die nicht nur das geringe Gewicht und die Langlebigkeit des Beh\u00e4lters garantiert, sondern es Ihnen auch erm\u00f6glicht, seinen Inhalt zu sehen, ohne ihn \u00f6ffnen oder bewegen zu m\u00fcssen. Der Beh\u00e4lter hat an der L\u00e4ngsseite eine Inspektionst\u00fcr f\u00fcr die Kommissionierung.   <\/p>\n<h2>Ein leichter, stapelbarer, zusammenklappbarer Industriecontainer. Tragf\u00e4higkeit: 1000 kg. <\/h2>\n<p>Market 100&#215;120 erm\u00f6glicht das <strong>Stapeln von bis zu drei voll beladenen Beh\u00e4ltern auf einer Basis: <\/strong>die ideale L\u00f6sung f\u00fcr die vertikale Lagerung, <strong>mit einer maximalen Last von 1000 kg und einem Volumen von ca. <strong>1 Kubikmeter<\/strong> pro Beh\u00e4lter.<\/strong> Er ist in zwei H\u00f6henvarianten von 98 und 118 cm erh\u00e4ltlich. Dieser Market-Beh\u00e4lter wird in verschiedenen Sektoren eingesetzt: von der Schwerindustrie bis zur Abfallwirtschaft, von der Lebensmittel- und Weinbranche bis zur Lagerverwaltung. <\/p>\n<p>Bei Nichtgebrauch oder bei leeren R\u00fcckfahrten l\u00e4sst sich der Beh\u00e4lter <strong>leicht zusammenklappen, wodurch die <strong>Dicke des zusammengeklappten Beh\u00e4lters auf nur 33 cm<\/strong> reduziert wird und eine beispiellose Optimierung von Lager- und Transportraum erm\u00f6glicht wird. <\/strong>Mit dem Market 100&#215;120 wird Ihr Lager effizient, organisiert und bereit sein, auf alle Platz- und Handhabungsbed\u00fcrfnisse zu reagieren&#8230; Wie immer wenden Sie sich bitte an den Kundenservice, wenn Sie einen nicht standardisierten Container ben\u00f6tigen.<\/p>\n","protected":false},"excerpt":{"rendered":"<p>Leichter und dennoch robuster Industriekorb aus verzinktem Metall mit einer Tragf\u00e4higkeit von 1000 kg und einem Volumen von 1 m\u00b3. Market 100&#215;120 ist faltbar, bei voller Beladung bis zu 3 Einheiten stapelbar und in zwei H\u00f6hen (98 und 118 cm) erh\u00e4ltlich. Ideal f\u00fcr Industrie, Logistik, Abfallwirtschaft und den Lebensmittelsektor. Mit Inspektionst\u00fcr und auf Wunsch individuell gestaltbar.   <\/p>\n","protected":false},"featured_media":240437,"comment_status":"open","ping_status":"closed","template":"","meta":{"_acf_changed":false,"_et_pb_use_builder":"","_et_pb_old_content":"","_et_gb_content_width":""},"product_brand":[],"product_cat":[1918,1930],"product_tag":[2044],"class_list":{"0":"post-241685","1":"product","2":"type-product","3":"status-publish","4":"has-post-thumbnail","6":"product_cat-industrielle-gitterboxen","7":"product_cat-market-de","8":"product_tag-containers-de","10":"first","11":"instock","12":"shipping-taxable","13":"purchasable","14":"product-type-variable","15":"has-default-attributes"},"acf":[],"yoast_head":"<!-- This site is optimized with the Yoast SEO plugin v27.4 - https:\/\/yoast.com\/product\/yoast-seo-wordpress\/ -->\n<title>italianacontenitori.com<\/title>\n<meta name=\"description\" content=\"Industriecontainer aus verzinktem Gitterrost. Tragf\u00e4higkeit 1000 kg, stapelbar (3 auf 1), faltbar, mit Inspektionst\u00fcr, transportabel. Hergestellt in Italien.\" \/>\n<meta name=\"robots\" content=\"index, follow, max-snippet:-1, max-image-preview:large, max-video-preview:-1\" \/>\n<link rel=\"canonical\" href=\"https:\/\/www.italianacontenitori.com\/de\/produkt\/market-100-x-120-cm\/\" \/>\n<meta property=\"og:locale\" content=\"de_DE\" \/>\n<meta property=\"og:type\" content=\"article\" \/>\n<meta property=\"og:description\" content=\"Industriecontainer aus verzinktem Gitterrost. Tragf\u00e4higkeit 1000 kg, stapelbar (3 auf 1), faltbar, mit Inspektionst\u00fcr, transportabel. Hergestellt in Italien.\" \/>\n<meta property=\"og:url\" content=\"https:\/\/www.italianacontenitori.com\/de\/produkt\/market-100-x-120-cm\/\" \/>\n<meta property=\"og:site_name\" content=\"italianacontenitori.com\" \/>\n<meta property=\"article:modified_time\" content=\"2026-04-10T14:38:33+00:00\" \/>\n<meta property=\"og:image\" content=\"https:\/\/www.italianacontenitori.com\/wp-content\/uploads\/2020\/12\/MARK09911911.png\" \/>\n\t<meta property=\"og:image:width\" content=\"1024\" \/>\n\t<meta property=\"og:image:height\" content=\"1024\" \/>\n\t<meta property=\"og:image:type\" content=\"image\/png\" \/>\n<meta name=\"twitter:card\" content=\"summary_large_image\" \/>\n<meta name=\"twitter:label1\" content=\"Gesch\u00e4tzte Lesezeit\" \/>\n\t<meta name=\"twitter:data1\" content=\"1\u00a0Minute\" \/>\n<script type=\"application\/ld+json\" class=\"yoast-schema-graph\">{\"@context\":\"https:\\\/\\\/schema.org\",\"@graph\":[{\"@type\":\"WebPage\",\"@id\":\"https:\\\/\\\/www.italianacontenitori.com\\\/de\\\/produkt\\\/market-100-x-120-cm\\\/\",\"url\":\"https:\\\/\\\/www.italianacontenitori.com\\\/de\\\/produkt\\\/market-100-x-120-cm\\\/\",\"name\":\"\",\"isPartOf\":{\"@id\":\"https:\\\/\\\/www.italianacontenitori.com\\\/de\\\/#website\"},\"primaryImageOfPage\":{\"@id\":\"https:\\\/\\\/www.italianacontenitori.com\\\/de\\\/produkt\\\/market-100-x-120-cm\\\/#primaryimage\"},\"image\":{\"@id\":\"https:\\\/\\\/www.italianacontenitori.com\\\/de\\\/produkt\\\/market-100-x-120-cm\\\/#primaryimage\"},\"thumbnailUrl\":\"https:\\\/\\\/www.italianacontenitori.com\\\/wp-content\\\/uploads\\\/2020\\\/12\\\/MARK09911911.png\",\"datePublished\":\"2020-12-07T13:29:37+00:00\",\"dateModified\":\"2026-04-10T14:38:33+00:00\",\"description\":\"Industriecontainer aus verzinktem Gitterrost. Tragf\u00e4higkeit 1000 kg, stapelbar (3 auf 1), faltbar, mit Inspektionst\u00fcr, transportabel. Hergestellt in Italien.\",\"breadcrumb\":{\"@id\":\"https:\\\/\\\/www.italianacontenitori.com\\\/de\\\/produkt\\\/market-100-x-120-cm\\\/#breadcrumb\"},\"inLanguage\":\"de\",\"potentialAction\":[{\"@type\":\"ReadAction\",\"target\":[\"https:\\\/\\\/www.italianacontenitori.com\\\/de\\\/produkt\\\/market-100-x-120-cm\\\/\"]}]},{\"@type\":\"ImageObject\",\"inLanguage\":\"de\",\"@id\":\"https:\\\/\\\/www.italianacontenitori.com\\\/de\\\/produkt\\\/market-100-x-120-cm\\\/#primaryimage\",\"url\":\"https:\\\/\\\/www.italianacontenitori.com\\\/wp-content\\\/uploads\\\/2020\\\/12\\\/MARK09911911.png\",\"contentUrl\":\"https:\\\/\\\/www.italianacontenitori.com\\\/wp-content\\\/uploads\\\/2020\\\/12\\\/MARK09911911.png\",\"width\":1024,\"height\":1024,\"caption\":\"Industrieller Metallgittercontainer. Marktmodell 100x120\"},{\"@type\":\"BreadcrumbList\",\"@id\":\"https:\\\/\\\/www.italianacontenitori.com\\\/de\\\/produkt\\\/market-100-x-120-cm\\\/#breadcrumb\",\"itemListElement\":[{\"@type\":\"ListItem\",\"position\":1,\"name\":\"Home\",\"item\":\"https:\\\/\\\/www.italianacontenitori.com\\\/de\\\/metallgitterboxen\\\/\"},{\"@type\":\"ListItem\",\"position\":2,\"name\":\"Katalog\",\"item\":\"https:\\\/\\\/www.italianacontenitori.com\\\/de\\\/katalog-de\\\/\"},{\"@type\":\"ListItem\",\"position\":3,\"name\":\"Industrie-Gitterbox &#8211; Markt 100 x 120 cm &#8211; EUR\"}]},{\"@type\":\"WebSite\",\"@id\":\"https:\\\/\\\/www.italianacontenitori.com\\\/de\\\/#website\",\"url\":\"https:\\\/\\\/www.italianacontenitori.com\\\/de\\\/\",\"name\":\"italianacontenitori.com\",\"description\":\"Produzione di contenitori industriali e roll container\",\"publisher\":{\"@id\":\"https:\\\/\\\/www.italianacontenitori.com\\\/de\\\/#organization\"},\"potentialAction\":[{\"@type\":\"SearchAction\",\"target\":{\"@type\":\"EntryPoint\",\"urlTemplate\":\"https:\\\/\\\/www.italianacontenitori.com\\\/de\\\/?s={search_term_string}\"},\"query-input\":{\"@type\":\"PropertyValueSpecification\",\"valueRequired\":true,\"valueName\":\"search_term_string\"}}],\"inLanguage\":\"de\"},{\"@type\":\"Organization\",\"@id\":\"https:\\\/\\\/www.italianacontenitori.com\\\/de\\\/#organization\",\"name\":\"Italiana Contenitori s.r.l.\",\"alternateName\":\"IC\",\"url\":\"https:\\\/\\\/www.italianacontenitori.com\\\/de\\\/\",\"logo\":{\"@type\":\"ImageObject\",\"inLanguage\":\"de\",\"@id\":\"https:\\\/\\\/www.italianacontenitori.com\\\/de\\\/#\\\/schema\\\/logo\\\/image\\\/\",\"url\":\"https:\\\/\\\/www.italianacontenitori.com\\\/wp-content\\\/uploads\\\/2020\\\/11\\\/cropped-Logo-Italiana-Contenitori_favicon.jpg\",\"contentUrl\":\"https:\\\/\\\/www.italianacontenitori.com\\\/wp-content\\\/uploads\\\/2020\\\/11\\\/cropped-Logo-Italiana-Contenitori_favicon.jpg\",\"width\":512,\"height\":512,\"caption\":\"Italiana Contenitori s.r.l.\"},\"image\":{\"@id\":\"https:\\\/\\\/www.italianacontenitori.com\\\/de\\\/#\\\/schema\\\/logo\\\/image\\\/\"}}]}<\/script>\n<!-- \/ Yoast SEO plugin. -->","yoast_head_json":{"title":"italianacontenitori.com","description":"Industriecontainer aus verzinktem Gitterrost. Tragf\u00e4higkeit 1000 kg, stapelbar (3 auf 1), faltbar, mit Inspektionst\u00fcr, transportabel. Hergestellt in Italien.","robots":{"index":"index","follow":"follow","max-snippet":"max-snippet:-1","max-image-preview":"max-image-preview:large","max-video-preview":"max-video-preview:-1"},"canonical":"https:\/\/www.italianacontenitori.com\/de\/produkt\/market-100-x-120-cm\/","og_locale":"de_DE","og_type":"article","og_description":"Industriecontainer aus verzinktem Gitterrost. Tragf\u00e4higkeit 1000 kg, stapelbar (3 auf 1), faltbar, mit Inspektionst\u00fcr, transportabel. Hergestellt in Italien.","og_url":"https:\/\/www.italianacontenitori.com\/de\/produkt\/market-100-x-120-cm\/","og_site_name":"italianacontenitori.com","article_modified_time":"2026-04-10T14:38:33+00:00","og_image":[{"width":1024,"height":1024,"url":"https:\/\/www.italianacontenitori.com\/wp-content\/uploads\/2020\/12\/MARK09911911.png","type":"image\/png"}],"twitter_card":"summary_large_image","twitter_misc":{"Gesch\u00e4tzte Lesezeit":"1\u00a0Minute"},"schema":{"@context":"https:\/\/schema.org","@graph":[{"@type":"WebPage","@id":"https:\/\/www.italianacontenitori.com\/de\/produkt\/market-100-x-120-cm\/","url":"https:\/\/www.italianacontenitori.com\/de\/produkt\/market-100-x-120-cm\/","name":"","isPartOf":{"@id":"https:\/\/www.italianacontenitori.com\/de\/#website"},"primaryImageOfPage":{"@id":"https:\/\/www.italianacontenitori.com\/de\/produkt\/market-100-x-120-cm\/#primaryimage"},"image":{"@id":"https:\/\/www.italianacontenitori.com\/de\/produkt\/market-100-x-120-cm\/#primaryimage"},"thumbnailUrl":"https:\/\/www.italianacontenitori.com\/wp-content\/uploads\/2020\/12\/MARK09911911.png","datePublished":"2020-12-07T13:29:37+00:00","dateModified":"2026-04-10T14:38:33+00:00","description":"Industriecontainer aus verzinktem Gitterrost. Tragf\u00e4higkeit 1000 kg, stapelbar (3 auf 1), faltbar, mit Inspektionst\u00fcr, transportabel. Hergestellt in Italien.","breadcrumb":{"@id":"https:\/\/www.italianacontenitori.com\/de\/produkt\/market-100-x-120-cm\/#breadcrumb"},"inLanguage":"de","potentialAction":[{"@type":"ReadAction","target":["https:\/\/www.italianacontenitori.com\/de\/produkt\/market-100-x-120-cm\/"]}]},{"@type":"ImageObject","inLanguage":"de","@id":"https:\/\/www.italianacontenitori.com\/de\/produkt\/market-100-x-120-cm\/#primaryimage","url":"https:\/\/www.italianacontenitori.com\/wp-content\/uploads\/2020\/12\/MARK09911911.png","contentUrl":"https:\/\/www.italianacontenitori.com\/wp-content\/uploads\/2020\/12\/MARK09911911.png","width":1024,"height":1024,"caption":"Industrieller Metallgittercontainer. Marktmodell 100x120"},{"@type":"BreadcrumbList","@id":"https:\/\/www.italianacontenitori.com\/de\/produkt\/market-100-x-120-cm\/#breadcrumb","itemListElement":[{"@type":"ListItem","position":1,"name":"Home","item":"https:\/\/www.italianacontenitori.com\/de\/metallgitterboxen\/"},{"@type":"ListItem","position":2,"name":"Katalog","item":"https:\/\/www.italianacontenitori.com\/de\/katalog-de\/"},{"@type":"ListItem","position":3,"name":"Industrie-Gitterbox &#8211; Markt 100 x 120 cm &#8211; EUR"}]},{"@type":"WebSite","@id":"https:\/\/www.italianacontenitori.com\/de\/#website","url":"https:\/\/www.italianacontenitori.com\/de\/","name":"italianacontenitori.com","description":"Produzione di contenitori industriali e roll container","publisher":{"@id":"https:\/\/www.italianacontenitori.com\/de\/#organization"},"potentialAction":[{"@type":"SearchAction","target":{"@type":"EntryPoint","urlTemplate":"https:\/\/www.italianacontenitori.com\/de\/?s={search_term_string}"},"query-input":{"@type":"PropertyValueSpecification","valueRequired":true,"valueName":"search_term_string"}}],"inLanguage":"de"},{"@type":"Organization","@id":"https:\/\/www.italianacontenitori.com\/de\/#organization","name":"Italiana Contenitori s.r.l.","alternateName":"IC","url":"https:\/\/www.italianacontenitori.com\/de\/","logo":{"@type":"ImageObject","inLanguage":"de","@id":"https:\/\/www.italianacontenitori.com\/de\/#\/schema\/logo\/image\/","url":"https:\/\/www.italianacontenitori.com\/wp-content\/uploads\/2020\/11\/cropped-Logo-Italiana-Contenitori_favicon.jpg","contentUrl":"https:\/\/www.italianacontenitori.com\/wp-content\/uploads\/2020\/11\/cropped-Logo-Italiana-Contenitori_favicon.jpg","width":512,"height":512,"caption":"Italiana Contenitori s.r.l."},"image":{"@id":"https:\/\/www.italianacontenitori.com\/de\/#\/schema\/logo\/image\/"}}]}},"_links":{"self":[{"href":"https:\/\/www.italianacontenitori.com\/de\/wp-json\/wp\/v2\/product\/241685","targetHints":{"allow":["GET"]}}],"collection":[{"href":"https:\/\/www.italianacontenitori.com\/de\/wp-json\/wp\/v2\/product"}],"about":[{"href":"https:\/\/www.italianacontenitori.com\/de\/wp-json\/wp\/v2\/types\/product"}],"replies":[{"embeddable":true,"href":"https:\/\/www.italianacontenitori.com\/de\/wp-json\/wp\/v2\/comments?post=241685"}],"wp:featuredmedia":[{"embeddable":true,"href":"https:\/\/www.italianacontenitori.com\/de\/wp-json\/wp\/v2\/media\/240437"}],"wp:attachment":[{"href":"https:\/\/www.italianacontenitori.com\/de\/wp-json\/wp\/v2\/media?parent=241685"}],"wp:term":[{"taxonomy":"product_brand","embeddable":true,"href":"https:\/\/www.italianacontenitori.com\/de\/wp-json\/wp\/v2\/product_brand?post=241685"},{"taxonomy":"product_cat","embeddable":true,"href":"https:\/\/www.italianacontenitori.com\/de\/wp-json\/wp\/v2\/product_cat?post=241685"},{"taxonomy":"product_tag","embeddable":true,"href":"https:\/\/www.italianacontenitori.com\/de\/wp-json\/wp\/v2\/product_tag?post=241685"}],"curies":[{"name":"wp","href":"https:\/\/api.w.org\/{rel}","templated":true}]}}