{"id":241693,"date":"2020-12-07T13:16:49","date_gmt":"2020-12-07T13:16:49","guid":{"rendered":"https:\/\/www.italianacontenitori.com\/product\/market-93-x-119-cm-bordeaux\/"},"modified":"2026-04-10T14:38:26","modified_gmt":"2026-04-10T14:38:26","slug":"market-93-x-119-cm-bordeaux","status":"publish","type":"product","link":"https:\/\/www.italianacontenitori.com\/de\/prodotto\/market-93-x-119-cm-bordeaux\/","title":{"rendered":"Industrieller Weinflaschenbeh\u00e4lter &#8211; Markt Bordeaux 93 x 119 cm"},"content":{"rendered":"<h2>Fasst 600 Bordeaux-Flaschen und kann f\u00fcnf Beh\u00e4lter auf einen stapeln<\/h2>\n<p>Die <strong>Market 93 x 119<\/strong> Bordeaux-Flaschenkiste <strong>ist eine hervorragende L\u00f6sung f\u00fcr die Lagerung und Reifung von Wein.<\/strong> Dieser Flaschenkasten bietet eine betr\u00e4chtliche Stapelkapazit\u00e4t und erm\u00f6glicht es, <strong>bis zu f\u00fcnf voll beladene Beh\u00e4lter auf einer Basis zu stapeln<\/strong>. Diese au\u00dfergew\u00f6hnliche Eigenschaft maximiert die <strong>Nutzung des verf\u00fcgbaren Platzes im Keller<\/strong> und macht den Market Bordeaux ideal f\u00fcr eine breite Palette von Produktions- und Logistikanwendungen. Seine Abmessungen wurden <strong>speziell auf die optimale Lagerkapazit\u00e4t von Bordeaux-Flaschen (bis zu 600 Flaschen pro Container) abgestimmt<\/strong> und bieten eine effiziente Raumnutzung und optimale Weinlagerung.   <\/p>\n<p>Bei Nichtgebrauch oder bei leeren R\u00fcckfahrten l\u00e4sst sich der industrielle Weinflaschencontainer <strong>leicht zusammenfalten, wodurch er weniger Unordnung<\/strong> schafft und eine unvergleichliche Optimierung des Lager- und Transportraums erm\u00f6glicht. Seine Abmessungen sind ideal, um Ihren Transport zu s\u00e4ttigen: 68 offene Beh\u00e4lter entsprechen 330 gefalteten. <\/p>\n<h2>Der Drahtgitterbeh\u00e4lter f\u00fcr Weinflaschen: italienische Qualit\u00e4t f\u00fcr die Weinindustrie<\/h2>\n<p>Der Market 93 x 119 ist ein Drahtgitterbeh\u00e4lter f\u00fcr Weinflaschen, der speziell f\u00fcr die Wein- und Weinindustrie entwickelt wurde. Diese <strong>in Italien aus hochwertigen Materialien hergestellte<\/strong> Metallbox ist dank ihrer <strong>Verzinkung<\/strong> wetterfest, staub-, schmutz- und salzbest\u00e4ndig. Seine Robustheit wird durch seine <strong>selbsttragende Drahtgitterstruktur<\/strong> verst\u00e4rkt. Der Beh\u00e4lter hat eine <strong>Inspektionst\u00fcr<\/strong> an der L\u00e4ngsseite, um die <strong>Kommissionierung<\/strong> zu erleichtern.   <\/p>\n<p>Eine besondere St\u00e4rke von Italiana Contenitori sind die Anpassungsm\u00f6glichkeiten: <strong>Wir kontrollieren den gesamten Produktionszyklus und sind daher in der Lage, ein H\u00f6chstma\u00df an Individualit\u00e4t zu bieten<\/strong>. Sollten die Standardvarianten Ihren spezifischen Anforderungen nicht entsprechen (siehe Datenblatt unten), laden wir Sie ein, sich an unseren Kundendienst zu wenden, der in Zusammenarbeit mit der Technik- und Designabteilung eine <strong>ma\u00dfgeschneiderte, langlebige und widerstandsf\u00e4hige L\u00f6sung<\/strong> anbieten kann. <\/p>\n<p>Market 93 x 119 ist perfekt f\u00fcr den <strong>Wein- und Landwirtschaftssektor<\/strong> geeignet <strong>und<\/strong> bietet eine zuverl\u00e4ssige L\u00f6sung f\u00fcr die Lagerung und den Transport von Weinflaschen. Durch seine Vielseitigkeit ist er ideal f\u00fcr jede Weinkellerei oder jeden Weinproduzenten, der eine L\u00f6sung ben\u00f6tigt, die flexibel, anpassungsf\u00e4hig und leicht zu bewegen ist. Mit dem Market 93 x 119 wird Ihr Arbeitsbereich effizienter, organisierter und bereit, auf jeden Platz- und Handhabungsbedarf zu reagieren.  <\/p>\n<p>&nbsp;<\/p>\n","protected":false},"excerpt":{"rendered":"<p>Drahtgitterbeh\u00e4lter f\u00fcr Bordeaux-Weinflaschen, fasst 600 Flaschen bei einer maximalen Tragf\u00e4higkeit von 800 kg. Inspektionst\u00fcr, Stapelkapazit\u00e4t 5 in 1. Zusammenklappbar, leicht, rostfrei.  <\/p>\n","protected":false},"featured_media":240447,"comment_status":"open","ping_status":"closed","template":"","meta":{"_acf_changed":false,"_et_pb_use_builder":"","_et_pb_old_content":"","_et_gb_content_width":""},"product_brand":[],"product_cat":[1930],"product_tag":[2044],"class_list":{"0":"post-241693","1":"product","2":"type-product","3":"status-publish","4":"has-post-thumbnail","6":"product_cat-market-de","7":"product_tag-containers-de","9":"first","10":"instock","11":"shipping-taxable","12":"purchasable","13":"product-type-simple"},"acf":[],"yoast_head":"<!-- This site is optimized with the Yoast SEO plugin v27.3 - https:\/\/yoast.com\/product\/yoast-seo-wordpress\/ -->\n<title>Drahtgitterbeh\u00e4lter f\u00fcr Weinflaschen - MARKT 93x119<\/title>\n<meta name=\"description\" content=\"Drahtgitterbeh\u00e4lter f\u00fcr Weinflaschen. Kapazit\u00e4t 800 kg, d.h. 600 Bordeaux-Flaschen. 5 auf 1 stapelbar, faltbar und stabil.\" \/>\n<meta name=\"robots\" content=\"index, follow, max-snippet:-1, max-image-preview:large, max-video-preview:-1\" \/>\n<link rel=\"canonical\" href=\"https:\/\/www.italianacontenitori.com\/de\/prodotto\/market-93-x-119-cm-bordeaux\/\" \/>\n<meta property=\"og:locale\" content=\"de_DE\" \/>\n<meta property=\"og:type\" content=\"article\" \/>\n<meta property=\"og:title\" content=\"Drahtgitterbeh\u00e4lter f\u00fcr Weinflaschen - MARKT 93x119\" \/>\n<meta property=\"og:description\" content=\"Drahtgitterbeh\u00e4lter f\u00fcr Weinflaschen. Kapazit\u00e4t 800 kg, d.h. 600 Bordeaux-Flaschen. 5 auf 1 stapelbar, faltbar und stabil.\" \/>\n<meta property=\"og:url\" content=\"https:\/\/www.italianacontenitori.com\/de\/prodotto\/market-93-x-119-cm-bordeaux\/\" \/>\n<meta property=\"og:site_name\" content=\"italianacontenitori.com\" \/>\n<meta property=\"article:modified_time\" content=\"2026-04-10T14:38:26+00:00\" \/>\n<meta property=\"og:image\" content=\"https:\/\/www.italianacontenitori.com\/wp-content\/uploads\/2020\/12\/MARK093120S.png\" \/>\n\t<meta property=\"og:image:width\" content=\"1024\" \/>\n\t<meta property=\"og:image:height\" content=\"1024\" \/>\n\t<meta property=\"og:image:type\" content=\"image\/png\" \/>\n<meta name=\"twitter:card\" content=\"summary_large_image\" \/>\n<meta name=\"twitter:label1\" content=\"Gesch\u00e4tzte Lesezeit\" \/>\n\t<meta name=\"twitter:data1\" content=\"2\u00a0Minuten\" \/>\n<script type=\"application\/ld+json\" class=\"yoast-schema-graph\">{\"@context\":\"https:\\\/\\\/schema.org\",\"@graph\":[{\"@type\":\"WebPage\",\"@id\":\"https:\\\/\\\/www.italianacontenitori.com\\\/de\\\/prodotto\\\/market-93-x-119-cm-bordeaux\\\/\",\"url\":\"https:\\\/\\\/www.italianacontenitori.com\\\/de\\\/prodotto\\\/market-93-x-119-cm-bordeaux\\\/\",\"name\":\"Drahtgitterbeh\u00e4lter f\u00fcr Weinflaschen - MARKT 93x119\",\"isPartOf\":{\"@id\":\"https:\\\/\\\/www.italianacontenitori.com\\\/de\\\/#website\"},\"primaryImageOfPage\":{\"@id\":\"https:\\\/\\\/www.italianacontenitori.com\\\/de\\\/prodotto\\\/market-93-x-119-cm-bordeaux\\\/#primaryimage\"},\"image\":{\"@id\":\"https:\\\/\\\/www.italianacontenitori.com\\\/de\\\/prodotto\\\/market-93-x-119-cm-bordeaux\\\/#primaryimage\"},\"thumbnailUrl\":\"https:\\\/\\\/www.italianacontenitori.com\\\/wp-content\\\/uploads\\\/2020\\\/12\\\/MARK093120S.png\",\"datePublished\":\"2020-12-07T13:16:49+00:00\",\"dateModified\":\"2026-04-10T14:38:26+00:00\",\"description\":\"Drahtgitterbeh\u00e4lter f\u00fcr Weinflaschen. Kapazit\u00e4t 800 kg, d.h. 600 Bordeaux-Flaschen. 5 auf 1 stapelbar, faltbar und stabil.\",\"breadcrumb\":{\"@id\":\"https:\\\/\\\/www.italianacontenitori.com\\\/de\\\/prodotto\\\/market-93-x-119-cm-bordeaux\\\/#breadcrumb\"},\"inLanguage\":\"de\",\"potentialAction\":[{\"@type\":\"ReadAction\",\"target\":[\"https:\\\/\\\/www.italianacontenitori.com\\\/de\\\/prodotto\\\/market-93-x-119-cm-bordeaux\\\/\"]}]},{\"@type\":\"ImageObject\",\"inLanguage\":\"de\",\"@id\":\"https:\\\/\\\/www.italianacontenitori.com\\\/de\\\/prodotto\\\/market-93-x-119-cm-bordeaux\\\/#primaryimage\",\"url\":\"https:\\\/\\\/www.italianacontenitori.com\\\/wp-content\\\/uploads\\\/2020\\\/12\\\/MARK093120S.png\",\"contentUrl\":\"https:\\\/\\\/www.italianacontenitori.com\\\/wp-content\\\/uploads\\\/2020\\\/12\\\/MARK093120S.png\",\"width\":1024,\"height\":1024,\"caption\":\"Drahtgitterbeh\u00e4lter f\u00fcr Bordeaux-Weinflaschen. Modell MARK093120S\"},{\"@type\":\"BreadcrumbList\",\"@id\":\"https:\\\/\\\/www.italianacontenitori.com\\\/de\\\/prodotto\\\/market-93-x-119-cm-bordeaux\\\/#breadcrumb\",\"itemListElement\":[{\"@type\":\"ListItem\",\"position\":1,\"name\":\"Home\",\"item\":\"https:\\\/\\\/www.italianacontenitori.com\\\/de\\\/metallgitterboxen\\\/\"},{\"@type\":\"ListItem\",\"position\":2,\"name\":\"Industrieller Weinflaschenbeh\u00e4lter &#8211; Markt Bordeaux 93 x 119 cm\"}]},{\"@type\":\"WebSite\",\"@id\":\"https:\\\/\\\/www.italianacontenitori.com\\\/de\\\/#website\",\"url\":\"https:\\\/\\\/www.italianacontenitori.com\\\/de\\\/\",\"name\":\"italianacontenitori.com\",\"description\":\"Produzione di contenitori industriali e roll container\",\"publisher\":{\"@id\":\"https:\\\/\\\/www.italianacontenitori.com\\\/de\\\/#organization\"},\"potentialAction\":[{\"@type\":\"SearchAction\",\"target\":{\"@type\":\"EntryPoint\",\"urlTemplate\":\"https:\\\/\\\/www.italianacontenitori.com\\\/de\\\/?s={search_term_string}\"},\"query-input\":{\"@type\":\"PropertyValueSpecification\",\"valueRequired\":true,\"valueName\":\"search_term_string\"}}],\"inLanguage\":\"de\"},{\"@type\":\"Organization\",\"@id\":\"https:\\\/\\\/www.italianacontenitori.com\\\/de\\\/#organization\",\"name\":\"Italiana Contenitori s.r.l.\",\"alternateName\":\"IC\",\"url\":\"https:\\\/\\\/www.italianacontenitori.com\\\/de\\\/\",\"logo\":{\"@type\":\"ImageObject\",\"inLanguage\":\"de\",\"@id\":\"https:\\\/\\\/www.italianacontenitori.com\\\/de\\\/#\\\/schema\\\/logo\\\/image\\\/\",\"url\":\"https:\\\/\\\/www.italianacontenitori.com\\\/wp-content\\\/uploads\\\/2020\\\/11\\\/cropped-Logo-Italiana-Contenitori_favicon.jpg\",\"contentUrl\":\"https:\\\/\\\/www.italianacontenitori.com\\\/wp-content\\\/uploads\\\/2020\\\/11\\\/cropped-Logo-Italiana-Contenitori_favicon.jpg\",\"width\":512,\"height\":512,\"caption\":\"Italiana Contenitori s.r.l.\"},\"image\":{\"@id\":\"https:\\\/\\\/www.italianacontenitori.com\\\/de\\\/#\\\/schema\\\/logo\\\/image\\\/\"}}]}<\/script>\n<!-- \/ Yoast SEO plugin. -->","yoast_head_json":{"title":"Drahtgitterbeh\u00e4lter f\u00fcr Weinflaschen - MARKT 93x119","description":"Drahtgitterbeh\u00e4lter f\u00fcr Weinflaschen. Kapazit\u00e4t 800 kg, d.h. 600 Bordeaux-Flaschen. 5 auf 1 stapelbar, faltbar und stabil.","robots":{"index":"index","follow":"follow","max-snippet":"max-snippet:-1","max-image-preview":"max-image-preview:large","max-video-preview":"max-video-preview:-1"},"canonical":"https:\/\/www.italianacontenitori.com\/de\/prodotto\/market-93-x-119-cm-bordeaux\/","og_locale":"de_DE","og_type":"article","og_title":"Drahtgitterbeh\u00e4lter f\u00fcr Weinflaschen - MARKT 93x119","og_description":"Drahtgitterbeh\u00e4lter f\u00fcr Weinflaschen. Kapazit\u00e4t 800 kg, d.h. 600 Bordeaux-Flaschen. 5 auf 1 stapelbar, faltbar und stabil.","og_url":"https:\/\/www.italianacontenitori.com\/de\/prodotto\/market-93-x-119-cm-bordeaux\/","og_site_name":"italianacontenitori.com","article_modified_time":"2026-04-10T14:38:26+00:00","og_image":[{"width":1024,"height":1024,"url":"https:\/\/www.italianacontenitori.com\/wp-content\/uploads\/2020\/12\/MARK093120S.png","type":"image\/png"}],"twitter_card":"summary_large_image","twitter_misc":{"Gesch\u00e4tzte Lesezeit":"2\u00a0Minuten"},"schema":{"@context":"https:\/\/schema.org","@graph":[{"@type":"WebPage","@id":"https:\/\/www.italianacontenitori.com\/de\/prodotto\/market-93-x-119-cm-bordeaux\/","url":"https:\/\/www.italianacontenitori.com\/de\/prodotto\/market-93-x-119-cm-bordeaux\/","name":"Drahtgitterbeh\u00e4lter f\u00fcr Weinflaschen - MARKT 93x119","isPartOf":{"@id":"https:\/\/www.italianacontenitori.com\/de\/#website"},"primaryImageOfPage":{"@id":"https:\/\/www.italianacontenitori.com\/de\/prodotto\/market-93-x-119-cm-bordeaux\/#primaryimage"},"image":{"@id":"https:\/\/www.italianacontenitori.com\/de\/prodotto\/market-93-x-119-cm-bordeaux\/#primaryimage"},"thumbnailUrl":"https:\/\/www.italianacontenitori.com\/wp-content\/uploads\/2020\/12\/MARK093120S.png","datePublished":"2020-12-07T13:16:49+00:00","dateModified":"2026-04-10T14:38:26+00:00","description":"Drahtgitterbeh\u00e4lter f\u00fcr Weinflaschen. Kapazit\u00e4t 800 kg, d.h. 600 Bordeaux-Flaschen. 5 auf 1 stapelbar, faltbar und stabil.","breadcrumb":{"@id":"https:\/\/www.italianacontenitori.com\/de\/prodotto\/market-93-x-119-cm-bordeaux\/#breadcrumb"},"inLanguage":"de","potentialAction":[{"@type":"ReadAction","target":["https:\/\/www.italianacontenitori.com\/de\/prodotto\/market-93-x-119-cm-bordeaux\/"]}]},{"@type":"ImageObject","inLanguage":"de","@id":"https:\/\/www.italianacontenitori.com\/de\/prodotto\/market-93-x-119-cm-bordeaux\/#primaryimage","url":"https:\/\/www.italianacontenitori.com\/wp-content\/uploads\/2020\/12\/MARK093120S.png","contentUrl":"https:\/\/www.italianacontenitori.com\/wp-content\/uploads\/2020\/12\/MARK093120S.png","width":1024,"height":1024,"caption":"Drahtgitterbeh\u00e4lter f\u00fcr Bordeaux-Weinflaschen. Modell MARK093120S"},{"@type":"BreadcrumbList","@id":"https:\/\/www.italianacontenitori.com\/de\/prodotto\/market-93-x-119-cm-bordeaux\/#breadcrumb","itemListElement":[{"@type":"ListItem","position":1,"name":"Home","item":"https:\/\/www.italianacontenitori.com\/de\/metallgitterboxen\/"},{"@type":"ListItem","position":2,"name":"Industrieller Weinflaschenbeh\u00e4lter &#8211; Markt Bordeaux 93 x 119 cm"}]},{"@type":"WebSite","@id":"https:\/\/www.italianacontenitori.com\/de\/#website","url":"https:\/\/www.italianacontenitori.com\/de\/","name":"italianacontenitori.com","description":"Produzione di contenitori industriali e roll container","publisher":{"@id":"https:\/\/www.italianacontenitori.com\/de\/#organization"},"potentialAction":[{"@type":"SearchAction","target":{"@type":"EntryPoint","urlTemplate":"https:\/\/www.italianacontenitori.com\/de\/?s={search_term_string}"},"query-input":{"@type":"PropertyValueSpecification","valueRequired":true,"valueName":"search_term_string"}}],"inLanguage":"de"},{"@type":"Organization","@id":"https:\/\/www.italianacontenitori.com\/de\/#organization","name":"Italiana Contenitori s.r.l.","alternateName":"IC","url":"https:\/\/www.italianacontenitori.com\/de\/","logo":{"@type":"ImageObject","inLanguage":"de","@id":"https:\/\/www.italianacontenitori.com\/de\/#\/schema\/logo\/image\/","url":"https:\/\/www.italianacontenitori.com\/wp-content\/uploads\/2020\/11\/cropped-Logo-Italiana-Contenitori_favicon.jpg","contentUrl":"https:\/\/www.italianacontenitori.com\/wp-content\/uploads\/2020\/11\/cropped-Logo-Italiana-Contenitori_favicon.jpg","width":512,"height":512,"caption":"Italiana Contenitori s.r.l."},"image":{"@id":"https:\/\/www.italianacontenitori.com\/de\/#\/schema\/logo\/image\/"}}]}},"_links":{"self":[{"href":"https:\/\/www.italianacontenitori.com\/de\/wp-json\/wp\/v2\/product\/241693","targetHints":{"allow":["GET"]}}],"collection":[{"href":"https:\/\/www.italianacontenitori.com\/de\/wp-json\/wp\/v2\/product"}],"about":[{"href":"https:\/\/www.italianacontenitori.com\/de\/wp-json\/wp\/v2\/types\/product"}],"replies":[{"embeddable":true,"href":"https:\/\/www.italianacontenitori.com\/de\/wp-json\/wp\/v2\/comments?post=241693"}],"wp:featuredmedia":[{"embeddable":true,"href":"https:\/\/www.italianacontenitori.com\/de\/wp-json\/wp\/v2\/media\/240447"}],"wp:attachment":[{"href":"https:\/\/www.italianacontenitori.com\/de\/wp-json\/wp\/v2\/media?parent=241693"}],"wp:term":[{"taxonomy":"product_brand","embeddable":true,"href":"https:\/\/www.italianacontenitori.com\/de\/wp-json\/wp\/v2\/product_brand?post=241693"},{"taxonomy":"product_cat","embeddable":true,"href":"https:\/\/www.italianacontenitori.com\/de\/wp-json\/wp\/v2\/product_cat?post=241693"},{"taxonomy":"product_tag","embeddable":true,"href":"https:\/\/www.italianacontenitori.com\/de\/wp-json\/wp\/v2\/product_tag?post=241693"}],"curies":[{"name":"wp","href":"https:\/\/api.w.org\/{rel}","templated":true}]}}