{"id":241698,"date":"2020-12-07T13:11:23","date_gmt":"2021-03-03T11:38:54","guid":{"rendered":"https:\/\/www.italianacontenitori.com\/product\/market-85-x-125-cm-bourgogne\/"},"modified":"2021-03-15T14:29:03","modified_gmt":"2021-03-15T14:29:03","slug":"market-85-x-125-cm-bourgogne","status":"publish","type":"product","link":"https:\/\/www.italianacontenitori.com\/de\/prodotto\/market-85-x-125-cm-bourgogne\/","title":{"rendered":"MARKET 85 x 125 cm (Bourgogne)"},"content":{"rendered":"<p>Stapelbarer, robuster und vielseitiger Beh\u00e4lter. Die M\u00f6glichkeit des Zusammenklappens spart Platz bei leeren Transporten und im Lager. Ideal f\u00fcr die Weinindustrie: f\u00fcr Bourgogne- und Bordeaux-Flaschen.<\/p>\n","protected":false},"excerpt":{"rendered":"<p>Stapelbarer, robuster und vielseitiger Beh\u00e4lter. Die M\u00f6glichkeit des Zusammenklappens spart Platz bei leeren Transporten und im Lager. Ideal f\u00fcr die Weinindustrie: f\u00fcr Bourgogne- und Bordeaux-Flaschen.<\/p>\n","protected":false},"featured_media":240452,"comment_status":"open","ping_status":"closed","template":"","meta":{"_acf_changed":false,"_et_pb_use_builder":"","_et_pb_old_content":"","_et_gb_content_width":""},"product_brand":[],"product_cat":[1930],"product_tag":[2044],"class_list":{"0":"post-241698","1":"product","2":"type-product","3":"status-publish","4":"has-post-thumbnail","6":"product_cat-market-de","7":"product_tag-containers-de","9":"first","10":"instock","11":"shipping-taxable","12":"purchasable","13":"product-type-simple"},"acf":[],"yoast_head":"<!-- This site is optimized with the Yoast SEO plugin v27.2 - https:\/\/yoast.com\/product\/yoast-seo-wordpress\/ -->\n<title>MARKET 85 x 125 cm (Bourgogne) - italianacontenitori.com<\/title>\n<meta name=\"robots\" content=\"index, follow, max-snippet:-1, max-image-preview:large, max-video-preview:-1\" \/>\n<link rel=\"canonical\" href=\"https:\/\/www.italianacontenitori.com\/de\/prodotto\/market-85-x-125-cm-bourgogne\/\" \/>\n<meta property=\"og:locale\" content=\"de_DE\" \/>\n<meta property=\"og:type\" content=\"article\" \/>\n<meta property=\"og:title\" content=\"MARKET 85 x 125 cm (Bourgogne) - italianacontenitori.com\" \/>\n<meta property=\"og:description\" content=\"Stapelbarer, robuster und vielseitiger Beh\u00e4lter. Die M\u00f6glichkeit des Zusammenklappens spart Platz bei leeren Transporten und im Lager. Ideal f\u00fcr die Weinindustrie: f\u00fcr Bourgogne- und Bordeaux-Flaschen.\" \/>\n<meta property=\"og:url\" content=\"https:\/\/www.italianacontenitori.com\/de\/prodotto\/market-85-x-125-cm-bourgogne\/\" \/>\n<meta property=\"og:site_name\" content=\"italianacontenitori.com\" \/>\n<meta property=\"article:modified_time\" content=\"2021-03-15T14:29:03+00:00\" \/>\n<meta property=\"og:image\" content=\"https:\/\/www.italianacontenitori.com\/wp-content\/uploads\/2020\/12\/MARK080120.png\" \/>\n\t<meta property=\"og:image:width\" content=\"1024\" \/>\n\t<meta property=\"og:image:height\" content=\"1024\" \/>\n\t<meta property=\"og:image:type\" content=\"image\/png\" \/>\n<meta name=\"twitter:card\" content=\"summary_large_image\" \/>\n<script type=\"application\/ld+json\" class=\"yoast-schema-graph\">{\"@context\":\"https:\/\/schema.org\",\"@graph\":[{\"@type\":\"WebPage\",\"@id\":\"https:\/\/www.italianacontenitori.com\/de\/prodotto\/market-85-x-125-cm-bourgogne\/\",\"url\":\"https:\/\/www.italianacontenitori.com\/de\/prodotto\/market-85-x-125-cm-bourgogne\/\",\"name\":\"MARKET 85 x 125 cm (Bourgogne) - italianacontenitori.com\",\"isPartOf\":{\"@id\":\"https:\/\/www.italianacontenitori.com\/de\/#website\"},\"primaryImageOfPage\":{\"@id\":\"https:\/\/www.italianacontenitori.com\/de\/prodotto\/market-85-x-125-cm-bourgogne\/#primaryimage\"},\"image\":{\"@id\":\"https:\/\/www.italianacontenitori.com\/de\/prodotto\/market-85-x-125-cm-bourgogne\/#primaryimage\"},\"thumbnailUrl\":\"https:\/\/www.italianacontenitori.com\/wp-content\/uploads\/2020\/12\/MARK080120.png\",\"datePublished\":\"2021-03-03T11:38:54+00:00\",\"dateModified\":\"2021-03-15T14:29:03+00:00\",\"breadcrumb\":{\"@id\":\"https:\/\/www.italianacontenitori.com\/de\/prodotto\/market-85-x-125-cm-bourgogne\/#breadcrumb\"},\"inLanguage\":\"de\",\"potentialAction\":[{\"@type\":\"ReadAction\",\"target\":[\"https:\/\/www.italianacontenitori.com\/de\/prodotto\/market-85-x-125-cm-bourgogne\/\"]}]},{\"@type\":\"ImageObject\",\"inLanguage\":\"de\",\"@id\":\"https:\/\/www.italianacontenitori.com\/de\/prodotto\/market-85-x-125-cm-bourgogne\/#primaryimage\",\"url\":\"https:\/\/www.italianacontenitori.com\/wp-content\/uploads\/2020\/12\/MARK080120.png\",\"contentUrl\":\"https:\/\/www.italianacontenitori.com\/wp-content\/uploads\/2020\/12\/MARK080120.png\",\"width\":1024,\"height\":1024,\"caption\":\"Market - Industriedrahtbeh\u00e4lter - Italiana Contenitori\"},{\"@type\":\"BreadcrumbList\",\"@id\":\"https:\/\/www.italianacontenitori.com\/de\/prodotto\/market-85-x-125-cm-bourgogne\/#breadcrumb\",\"itemListElement\":[{\"@type\":\"ListItem\",\"position\":1,\"name\":\"Home\",\"item\":\"https:\/\/www.italianacontenitori.com\/de\/metallgitterboxen\/\"},{\"@type\":\"ListItem\",\"position\":2,\"name\":\"MARKET 85 x 125 cm (Bourgogne)\"}]},{\"@type\":\"WebSite\",\"@id\":\"https:\/\/www.italianacontenitori.com\/de\/#website\",\"url\":\"https:\/\/www.italianacontenitori.com\/de\/\",\"name\":\"italianacontenitori.com\",\"description\":\"Produzione di contenitori industriali e roll container\",\"publisher\":{\"@id\":\"https:\/\/www.italianacontenitori.com\/de\/#organization\"},\"potentialAction\":[{\"@type\":\"SearchAction\",\"target\":{\"@type\":\"EntryPoint\",\"urlTemplate\":\"https:\/\/www.italianacontenitori.com\/de\/?s={search_term_string}\"},\"query-input\":{\"@type\":\"PropertyValueSpecification\",\"valueRequired\":true,\"valueName\":\"search_term_string\"}}],\"inLanguage\":\"de\"},{\"@type\":\"Organization\",\"@id\":\"https:\/\/www.italianacontenitori.com\/de\/#organization\",\"name\":\"Italiana Contenitori s.r.l.\",\"alternateName\":\"IC\",\"url\":\"https:\/\/www.italianacontenitori.com\/de\/\",\"logo\":{\"@type\":\"ImageObject\",\"inLanguage\":\"de\",\"@id\":\"https:\/\/www.italianacontenitori.com\/de\/#\/schema\/logo\/image\/\",\"url\":\"https:\/\/www.italianacontenitori.com\/wp-content\/uploads\/2020\/11\/cropped-Logo-Italiana-Contenitori_favicon.jpg\",\"contentUrl\":\"https:\/\/www.italianacontenitori.com\/wp-content\/uploads\/2020\/11\/cropped-Logo-Italiana-Contenitori_favicon.jpg\",\"width\":512,\"height\":512,\"caption\":\"Italiana Contenitori s.r.l.\"},\"image\":{\"@id\":\"https:\/\/www.italianacontenitori.com\/de\/#\/schema\/logo\/image\/\"}}]}<\/script>\n<!-- \/ Yoast SEO plugin. -->","yoast_head_json":{"title":"MARKET 85 x 125 cm (Bourgogne) - italianacontenitori.com","robots":{"index":"index","follow":"follow","max-snippet":"max-snippet:-1","max-image-preview":"max-image-preview:large","max-video-preview":"max-video-preview:-1"},"canonical":"https:\/\/www.italianacontenitori.com\/de\/prodotto\/market-85-x-125-cm-bourgogne\/","og_locale":"de_DE","og_type":"article","og_title":"MARKET 85 x 125 cm (Bourgogne) - italianacontenitori.com","og_description":"Stapelbarer, robuster und vielseitiger Beh\u00e4lter. Die M\u00f6glichkeit des Zusammenklappens spart Platz bei leeren Transporten und im Lager. Ideal f\u00fcr die Weinindustrie: f\u00fcr Bourgogne- und Bordeaux-Flaschen.","og_url":"https:\/\/www.italianacontenitori.com\/de\/prodotto\/market-85-x-125-cm-bourgogne\/","og_site_name":"italianacontenitori.com","article_modified_time":"2021-03-15T14:29:03+00:00","og_image":[{"width":1024,"height":1024,"url":"https:\/\/www.italianacontenitori.com\/wp-content\/uploads\/2020\/12\/MARK080120.png","type":"image\/png"}],"twitter_card":"summary_large_image","schema":{"@context":"https:\/\/schema.org","@graph":[{"@type":"WebPage","@id":"https:\/\/www.italianacontenitori.com\/de\/prodotto\/market-85-x-125-cm-bourgogne\/","url":"https:\/\/www.italianacontenitori.com\/de\/prodotto\/market-85-x-125-cm-bourgogne\/","name":"MARKET 85 x 125 cm (Bourgogne) - italianacontenitori.com","isPartOf":{"@id":"https:\/\/www.italianacontenitori.com\/de\/#website"},"primaryImageOfPage":{"@id":"https:\/\/www.italianacontenitori.com\/de\/prodotto\/market-85-x-125-cm-bourgogne\/#primaryimage"},"image":{"@id":"https:\/\/www.italianacontenitori.com\/de\/prodotto\/market-85-x-125-cm-bourgogne\/#primaryimage"},"thumbnailUrl":"https:\/\/www.italianacontenitori.com\/wp-content\/uploads\/2020\/12\/MARK080120.png","datePublished":"2021-03-03T11:38:54+00:00","dateModified":"2021-03-15T14:29:03+00:00","breadcrumb":{"@id":"https:\/\/www.italianacontenitori.com\/de\/prodotto\/market-85-x-125-cm-bourgogne\/#breadcrumb"},"inLanguage":"de","potentialAction":[{"@type":"ReadAction","target":["https:\/\/www.italianacontenitori.com\/de\/prodotto\/market-85-x-125-cm-bourgogne\/"]}]},{"@type":"ImageObject","inLanguage":"de","@id":"https:\/\/www.italianacontenitori.com\/de\/prodotto\/market-85-x-125-cm-bourgogne\/#primaryimage","url":"https:\/\/www.italianacontenitori.com\/wp-content\/uploads\/2020\/12\/MARK080120.png","contentUrl":"https:\/\/www.italianacontenitori.com\/wp-content\/uploads\/2020\/12\/MARK080120.png","width":1024,"height":1024,"caption":"Market - Industriedrahtbeh\u00e4lter - Italiana Contenitori"},{"@type":"BreadcrumbList","@id":"https:\/\/www.italianacontenitori.com\/de\/prodotto\/market-85-x-125-cm-bourgogne\/#breadcrumb","itemListElement":[{"@type":"ListItem","position":1,"name":"Home","item":"https:\/\/www.italianacontenitori.com\/de\/metallgitterboxen\/"},{"@type":"ListItem","position":2,"name":"MARKET 85 x 125 cm (Bourgogne)"}]},{"@type":"WebSite","@id":"https:\/\/www.italianacontenitori.com\/de\/#website","url":"https:\/\/www.italianacontenitori.com\/de\/","name":"italianacontenitori.com","description":"Produzione di contenitori industriali e roll container","publisher":{"@id":"https:\/\/www.italianacontenitori.com\/de\/#organization"},"potentialAction":[{"@type":"SearchAction","target":{"@type":"EntryPoint","urlTemplate":"https:\/\/www.italianacontenitori.com\/de\/?s={search_term_string}"},"query-input":{"@type":"PropertyValueSpecification","valueRequired":true,"valueName":"search_term_string"}}],"inLanguage":"de"},{"@type":"Organization","@id":"https:\/\/www.italianacontenitori.com\/de\/#organization","name":"Italiana Contenitori s.r.l.","alternateName":"IC","url":"https:\/\/www.italianacontenitori.com\/de\/","logo":{"@type":"ImageObject","inLanguage":"de","@id":"https:\/\/www.italianacontenitori.com\/de\/#\/schema\/logo\/image\/","url":"https:\/\/www.italianacontenitori.com\/wp-content\/uploads\/2020\/11\/cropped-Logo-Italiana-Contenitori_favicon.jpg","contentUrl":"https:\/\/www.italianacontenitori.com\/wp-content\/uploads\/2020\/11\/cropped-Logo-Italiana-Contenitori_favicon.jpg","width":512,"height":512,"caption":"Italiana Contenitori s.r.l."},"image":{"@id":"https:\/\/www.italianacontenitori.com\/de\/#\/schema\/logo\/image\/"}}]}},"_links":{"self":[{"href":"https:\/\/www.italianacontenitori.com\/de\/wp-json\/wp\/v2\/product\/241698","targetHints":{"allow":["GET"]}}],"collection":[{"href":"https:\/\/www.italianacontenitori.com\/de\/wp-json\/wp\/v2\/product"}],"about":[{"href":"https:\/\/www.italianacontenitori.com\/de\/wp-json\/wp\/v2\/types\/product"}],"replies":[{"embeddable":true,"href":"https:\/\/www.italianacontenitori.com\/de\/wp-json\/wp\/v2\/comments?post=241698"}],"wp:featuredmedia":[{"embeddable":true,"href":"https:\/\/www.italianacontenitori.com\/de\/wp-json\/wp\/v2\/media\/240452"}],"wp:attachment":[{"href":"https:\/\/www.italianacontenitori.com\/de\/wp-json\/wp\/v2\/media?parent=241698"}],"wp:term":[{"taxonomy":"product_brand","embeddable":true,"href":"https:\/\/www.italianacontenitori.com\/de\/wp-json\/wp\/v2\/product_brand?post=241698"},{"taxonomy":"product_cat","embeddable":true,"href":"https:\/\/www.italianacontenitori.com\/de\/wp-json\/wp\/v2\/product_cat?post=241698"},{"taxonomy":"product_tag","embeddable":true,"href":"https:\/\/www.italianacontenitori.com\/de\/wp-json\/wp\/v2\/product_tag?post=241698"}],"curies":[{"name":"wp","href":"https:\/\/api.w.org\/{rel}","templated":true}]}}