{"id":241702,"date":"2020-12-07T13:03:37","date_gmt":"2021-03-03T11:40:01","guid":{"rendered":"https:\/\/www.italianacontenitori.com\/product\/market-85-x-115-cm-bourgogne\/"},"modified":"2024-08-29T11:01:42","modified_gmt":"2024-08-29T11:01:42","slug":"industrie-weinflaschen-behalter-markt-bourgogne-85-x-115-cm","status":"publish","type":"product","link":"https:\/\/www.italianacontenitori.com\/de\/prodotto\/industrie-weinflaschen-behalter-markt-bourgogne-85-x-115-cm\/","title":{"rendered":"Industrieller Weinflaschenbeh\u00e4lter &#8211; Markt Bourgogne 85 x 115 cm"},"content":{"rendered":"<h2>Der industrielle Weinflaschenbeh\u00e4lter in Burgunderrot<\/h2>\n<p><strong>Market 85 x 115 (kompakte Version) ist eine hervorragende L\u00f6sung f\u00fcr die Lagerung und Veredelung von Burgunder- und Bordeauxweinflaschen <\/strong>.<br \/>\nDiese Flaschenkiste bietet eine betr\u00e4chtliche Stapelkapazit\u00e4t und erm\u00f6glicht es, <strong>drei voll beladene Beh\u00e4lter \u00fcber einem Boden zu stapeln<\/strong>.<br \/>\nDiese Eigenschaft maximiert die <strong>Nutzung des verf\u00fcgbaren Kellerraums<\/strong> und macht den Market Bourgogne Compact ideal f\u00fcr eine breite Palette von Produktions- und Logistikanwendungen.<br \/>\nSeine Abmessungen wurden <strong>speziell auf die optimale Lagerkapazit\u00e4t von Bourgogne-Flaschen abgestimmt<\/strong> und bieten eine effiziente Raumnutzung und optimale Weinlagerung.<br \/>\nBei Nichtgebrauch oder bei Leerfahrten l\u00e4sst sich der industrielle Weinflaschenbeh\u00e4lter <strong>leicht zusammenfalten, wodurch die Unordnung reduziert wird<\/strong> und eine beispiellose Optimierung des Lager- und Transportraums erm\u00f6glicht wird.<br \/>\nSeine Abmessungen sind ideal, um Ihren Transport zu s\u00e4ttigen: 68 offene Beh\u00e4lter entsprechen 330 gefalteten.       <\/p>\n<h2>Italiana Contenitori &#8211; Qualit\u00e4tsbeh\u00e4lter f\u00fcr die Weinindustrie<\/h2>\n<p>  Der Market 85 x 115 ist ein Drahtgitterbeh\u00e4lter f\u00fcr Weinflaschen, der speziell f\u00fcr die Wein- und Weinindustrie entwickelt wurde.<br \/>\nDiese <strong>in Italien aus hochwertigen Materialien hergestellte<\/strong> Metallbox ist dank ihrer <strong>Verzinkung<\/strong> wetterfest, staub-, schmutz- und salzbest\u00e4ndig <strong>.<\/strong><br \/>\nSeine Robustheit wird durch die <strong>selbsttragende Drahtgitterstruktur<\/strong> noch verst\u00e4rkt.<br \/>\nDer Container hat eine <strong>Inspektionst\u00fcr<\/strong> an der L\u00e4ngsseite, um die <strong>Kommissionierung<\/strong> zu erleichtern.<br \/>\nEine der St\u00e4rken von Italiana Contenitori ist die Individualisierung: <strong>Wir kontrollieren den gesamten Produktionszyklus und produzieren Industriecontainer \u00fcber das Design<\/strong>.<br \/>\nSollten die Standardvarianten nicht Ihren spezifischen Anforderungen entsprechen (siehe Datenblatt unten), wenden Sie sich bitte an unseren Kundendienst, der Ihnen in Zusammenarbeit mit der Technik- und Designabteilung eine <strong>ma\u00dfgeschneiderte, langlebige und widerstandsf\u00e4hige L\u00f6sung<\/strong> anbieten wird. <strong>Market Bourgogne<\/strong> ist die Antwort auf die Bed\u00fcrfnisse des <strong>Wein- und Landwirtschaftssektors und<\/strong> bietet eine zuverl\u00e4ssige L\u00f6sung f\u00fcr die Lagerung und Handhabung von Burgunderflaschen.<br \/>\nDurch seine Vielseitigkeit ist er ideal f\u00fcr jede Weinkellerei oder jeden Weinproduzenten, der eine flexible, anpassungsf\u00e4hige und leicht zu handhabende L\u00f6sung ben\u00f6tigt.<br \/>\nMit dem Market 85 x 115 wird Ihr Weinkeller effizienter, organisierter und bereit, auf alle Platz- und Handhabungsanforderungen zu reagieren.         <strong>N\u00fctzliche Links:  <\/strong><\/p>\n<ul>\n<li><a href=\"https:\/\/www.italianacontenitori.com\/prodotto\/contenitore-in-rete-metallica-per-bottiglie-di-vino-market-93-x-119\/\" target=\"_blank\" rel=\"noopener\"><a href=\"https:\/\/www.italianacontenitori.com\/prodotto\/contenitore-in-rete-metallica-per-bottiglie-di-vino-market-93-x-119\/\">Spezieller Beh\u00e4lter f\u00fcr Flaschen vom Typ Bordeaux (Bordeaux)<\/a><\/a><\/li>\n<li><a href=\"https:\/\/www.italianacontenitori.com\/prodotto\/contenitore-in-rete-metallica-per-bottiglie-di-vino-borgognotte-market-85-x-125-cm-bourgogne\/\" target=\"_blank\" rel=\"noopener\"><a href=\"https:\/\/www.italianacontenitori.com\/prodotto\/contenitore-in-rete-metallica-per-bottiglie-di-vino-borgognotte-market-85-x-125-cm-bourgogne\/\">Standardbeh\u00e4lter f\u00fcr Weinflaschen vom Typ Bourgogne. <\/a> <\/a>Ma\u00dfe: 85 x 125 cm<\/li>\n<\/ul>\n<p>&nbsp;<\/p>\n","protected":false},"excerpt":{"rendered":"<p>Stapelbarer, robuster und vielseitiger Beh\u00e4lter. Die M\u00f6glichkeit des Zusammenklappens spart Platz bei leeren Transporten und im Lager. Ideal f\u00fcr die Weinindustrie: f\u00fcr Bourgogne- und Bordeaux-Flaschen.<\/p>\n","protected":false},"featured_media":240457,"comment_status":"open","ping_status":"closed","template":"","meta":{"_acf_changed":false,"_et_pb_use_builder":"","_et_pb_old_content":"","_et_gb_content_width":""},"product_brand":[],"product_cat":[1930],"product_tag":[2044],"class_list":{"0":"post-241702","1":"product","2":"type-product","3":"status-publish","4":"has-post-thumbnail","6":"product_cat-market-de","7":"product_tag-containers-de","9":"first","10":"instock","11":"shipping-taxable","12":"purchasable","13":"product-type-simple"},"acf":[],"yoast_head":"<!-- This site is optimized with the Yoast SEO plugin v27.2 - https:\/\/yoast.com\/product\/yoast-seo-wordpress\/ -->\n<title>Industrieller Weinflaschenbeh\u00e4lter Markt Bourgogne klein<\/title>\n<meta name=\"description\" content=\"Kompakter Beh\u00e4lter f\u00fcr Burgunderweinflaschen. Kapazit\u00e4t 1000 kg. \u00dcbereinander stapelbar 3 in 1. Zusammenklappbar, leicht und stabil. Ideal f\u00fcr Weinkeller.\" \/>\n<meta name=\"robots\" content=\"index, follow, max-snippet:-1, max-image-preview:large, max-video-preview:-1\" \/>\n<link rel=\"canonical\" href=\"https:\/\/www.italianacontenitori.com\/de\/prodotto\/industrie-weinflaschen-behalter-markt-bourgogne-85-x-115-cm\/\" \/>\n<meta property=\"og:locale\" content=\"de_DE\" \/>\n<meta property=\"og:type\" content=\"article\" \/>\n<meta property=\"og:title\" content=\"Industrieller Weinflaschenbeh\u00e4lter Markt Bourgogne klein\" \/>\n<meta property=\"og:description\" content=\"Kompakter Beh\u00e4lter f\u00fcr Burgunderweinflaschen. Kapazit\u00e4t 1000 kg. \u00dcbereinander stapelbar 3 in 1. Zusammenklappbar, leicht und stabil. Ideal f\u00fcr Weinkeller.\" \/>\n<meta property=\"og:url\" content=\"https:\/\/www.italianacontenitori.com\/de\/prodotto\/industrie-weinflaschen-behalter-markt-bourgogne-85-x-115-cm\/\" \/>\n<meta property=\"og:site_name\" content=\"italianacontenitori.com\" \/>\n<meta property=\"article:modified_time\" content=\"2024-08-29T11:01:42+00:00\" \/>\n<meta property=\"og:image\" content=\"https:\/\/www.italianacontenitori.com\/wp-content\/uploads\/2020\/12\/MARK080110.png\" \/>\n\t<meta property=\"og:image:width\" content=\"1024\" \/>\n\t<meta property=\"og:image:height\" content=\"1024\" \/>\n\t<meta property=\"og:image:type\" content=\"image\/png\" \/>\n<meta name=\"twitter:card\" content=\"summary_large_image\" \/>\n<meta name=\"twitter:label1\" content=\"Gesch\u00e4tzte Lesezeit\" \/>\n\t<meta name=\"twitter:data1\" content=\"2\u00a0Minuten\" \/>\n<script type=\"application\/ld+json\" class=\"yoast-schema-graph\">{\"@context\":\"https:\/\/schema.org\",\"@graph\":[{\"@type\":\"WebPage\",\"@id\":\"https:\/\/www.italianacontenitori.com\/de\/prodotto\/industrie-weinflaschen-behalter-markt-bourgogne-85-x-115-cm\/\",\"url\":\"https:\/\/www.italianacontenitori.com\/de\/prodotto\/industrie-weinflaschen-behalter-markt-bourgogne-85-x-115-cm\/\",\"name\":\"Industrieller Weinflaschenbeh\u00e4lter Markt Bourgogne klein\",\"isPartOf\":{\"@id\":\"https:\/\/www.italianacontenitori.com\/de\/#website\"},\"primaryImageOfPage\":{\"@id\":\"https:\/\/www.italianacontenitori.com\/de\/prodotto\/industrie-weinflaschen-behalter-markt-bourgogne-85-x-115-cm\/#primaryimage\"},\"image\":{\"@id\":\"https:\/\/www.italianacontenitori.com\/de\/prodotto\/industrie-weinflaschen-behalter-markt-bourgogne-85-x-115-cm\/#primaryimage\"},\"thumbnailUrl\":\"https:\/\/www.italianacontenitori.com\/wp-content\/uploads\/2020\/12\/MARK080110.png\",\"datePublished\":\"2021-03-03T11:40:01+00:00\",\"dateModified\":\"2024-08-29T11:01:42+00:00\",\"description\":\"Kompakter Beh\u00e4lter f\u00fcr Burgunderweinflaschen. Kapazit\u00e4t 1000 kg. \u00dcbereinander stapelbar 3 in 1. Zusammenklappbar, leicht und stabil. Ideal f\u00fcr Weinkeller.\",\"breadcrumb\":{\"@id\":\"https:\/\/www.italianacontenitori.com\/de\/prodotto\/industrie-weinflaschen-behalter-markt-bourgogne-85-x-115-cm\/#breadcrumb\"},\"inLanguage\":\"de\",\"potentialAction\":[{\"@type\":\"ReadAction\",\"target\":[\"https:\/\/www.italianacontenitori.com\/de\/prodotto\/industrie-weinflaschen-behalter-markt-bourgogne-85-x-115-cm\/\"]}]},{\"@type\":\"ImageObject\",\"inLanguage\":\"de\",\"@id\":\"https:\/\/www.italianacontenitori.com\/de\/prodotto\/industrie-weinflaschen-behalter-markt-bourgogne-85-x-115-cm\/#primaryimage\",\"url\":\"https:\/\/www.italianacontenitori.com\/wp-content\/uploads\/2020\/12\/MARK080110.png\",\"contentUrl\":\"https:\/\/www.italianacontenitori.com\/wp-content\/uploads\/2020\/12\/MARK080110.png\",\"width\":1024,\"height\":1024,\"caption\":\"Contenitore industriale in rete metallica per bottiglie di vino borgognotte. Portata 1000 kg. Sovrapponibile 3 su 1. Pieghevole e leggero. Modello MARK080120\"},{\"@type\":\"BreadcrumbList\",\"@id\":\"https:\/\/www.italianacontenitori.com\/de\/prodotto\/industrie-weinflaschen-behalter-markt-bourgogne-85-x-115-cm\/#breadcrumb\",\"itemListElement\":[{\"@type\":\"ListItem\",\"position\":1,\"name\":\"Home\",\"item\":\"https:\/\/www.italianacontenitori.com\/de\/metallgitterboxen\/\"},{\"@type\":\"ListItem\",\"position\":2,\"name\":\"Industrieller Weinflaschenbeh\u00e4lter &#8211; Markt Bourgogne 85 x 115 cm\"}]},{\"@type\":\"WebSite\",\"@id\":\"https:\/\/www.italianacontenitori.com\/de\/#website\",\"url\":\"https:\/\/www.italianacontenitori.com\/de\/\",\"name\":\"italianacontenitori.com\",\"description\":\"Produzione di contenitori industriali e roll container\",\"publisher\":{\"@id\":\"https:\/\/www.italianacontenitori.com\/de\/#organization\"},\"potentialAction\":[{\"@type\":\"SearchAction\",\"target\":{\"@type\":\"EntryPoint\",\"urlTemplate\":\"https:\/\/www.italianacontenitori.com\/de\/?s={search_term_string}\"},\"query-input\":{\"@type\":\"PropertyValueSpecification\",\"valueRequired\":true,\"valueName\":\"search_term_string\"}}],\"inLanguage\":\"de\"},{\"@type\":\"Organization\",\"@id\":\"https:\/\/www.italianacontenitori.com\/de\/#organization\",\"name\":\"Italiana Contenitori s.r.l.\",\"alternateName\":\"IC\",\"url\":\"https:\/\/www.italianacontenitori.com\/de\/\",\"logo\":{\"@type\":\"ImageObject\",\"inLanguage\":\"de\",\"@id\":\"https:\/\/www.italianacontenitori.com\/de\/#\/schema\/logo\/image\/\",\"url\":\"https:\/\/www.italianacontenitori.com\/wp-content\/uploads\/2020\/11\/cropped-Logo-Italiana-Contenitori_favicon.jpg\",\"contentUrl\":\"https:\/\/www.italianacontenitori.com\/wp-content\/uploads\/2020\/11\/cropped-Logo-Italiana-Contenitori_favicon.jpg\",\"width\":512,\"height\":512,\"caption\":\"Italiana Contenitori s.r.l.\"},\"image\":{\"@id\":\"https:\/\/www.italianacontenitori.com\/de\/#\/schema\/logo\/image\/\"}}]}<\/script>\n<!-- \/ Yoast SEO plugin. -->","yoast_head_json":{"title":"Industrieller Weinflaschenbeh\u00e4lter Markt Bourgogne klein","description":"Kompakter Beh\u00e4lter f\u00fcr Burgunderweinflaschen. Kapazit\u00e4t 1000 kg. \u00dcbereinander stapelbar 3 in 1. Zusammenklappbar, leicht und stabil. Ideal f\u00fcr Weinkeller.","robots":{"index":"index","follow":"follow","max-snippet":"max-snippet:-1","max-image-preview":"max-image-preview:large","max-video-preview":"max-video-preview:-1"},"canonical":"https:\/\/www.italianacontenitori.com\/de\/prodotto\/industrie-weinflaschen-behalter-markt-bourgogne-85-x-115-cm\/","og_locale":"de_DE","og_type":"article","og_title":"Industrieller Weinflaschenbeh\u00e4lter Markt Bourgogne klein","og_description":"Kompakter Beh\u00e4lter f\u00fcr Burgunderweinflaschen. Kapazit\u00e4t 1000 kg. \u00dcbereinander stapelbar 3 in 1. Zusammenklappbar, leicht und stabil. Ideal f\u00fcr Weinkeller.","og_url":"https:\/\/www.italianacontenitori.com\/de\/prodotto\/industrie-weinflaschen-behalter-markt-bourgogne-85-x-115-cm\/","og_site_name":"italianacontenitori.com","article_modified_time":"2024-08-29T11:01:42+00:00","og_image":[{"width":1024,"height":1024,"url":"https:\/\/www.italianacontenitori.com\/wp-content\/uploads\/2020\/12\/MARK080110.png","type":"image\/png"}],"twitter_card":"summary_large_image","twitter_misc":{"Gesch\u00e4tzte Lesezeit":"2\u00a0Minuten"},"schema":{"@context":"https:\/\/schema.org","@graph":[{"@type":"WebPage","@id":"https:\/\/www.italianacontenitori.com\/de\/prodotto\/industrie-weinflaschen-behalter-markt-bourgogne-85-x-115-cm\/","url":"https:\/\/www.italianacontenitori.com\/de\/prodotto\/industrie-weinflaschen-behalter-markt-bourgogne-85-x-115-cm\/","name":"Industrieller Weinflaschenbeh\u00e4lter Markt Bourgogne klein","isPartOf":{"@id":"https:\/\/www.italianacontenitori.com\/de\/#website"},"primaryImageOfPage":{"@id":"https:\/\/www.italianacontenitori.com\/de\/prodotto\/industrie-weinflaschen-behalter-markt-bourgogne-85-x-115-cm\/#primaryimage"},"image":{"@id":"https:\/\/www.italianacontenitori.com\/de\/prodotto\/industrie-weinflaschen-behalter-markt-bourgogne-85-x-115-cm\/#primaryimage"},"thumbnailUrl":"https:\/\/www.italianacontenitori.com\/wp-content\/uploads\/2020\/12\/MARK080110.png","datePublished":"2021-03-03T11:40:01+00:00","dateModified":"2024-08-29T11:01:42+00:00","description":"Kompakter Beh\u00e4lter f\u00fcr Burgunderweinflaschen. Kapazit\u00e4t 1000 kg. \u00dcbereinander stapelbar 3 in 1. Zusammenklappbar, leicht und stabil. Ideal f\u00fcr Weinkeller.","breadcrumb":{"@id":"https:\/\/www.italianacontenitori.com\/de\/prodotto\/industrie-weinflaschen-behalter-markt-bourgogne-85-x-115-cm\/#breadcrumb"},"inLanguage":"de","potentialAction":[{"@type":"ReadAction","target":["https:\/\/www.italianacontenitori.com\/de\/prodotto\/industrie-weinflaschen-behalter-markt-bourgogne-85-x-115-cm\/"]}]},{"@type":"ImageObject","inLanguage":"de","@id":"https:\/\/www.italianacontenitori.com\/de\/prodotto\/industrie-weinflaschen-behalter-markt-bourgogne-85-x-115-cm\/#primaryimage","url":"https:\/\/www.italianacontenitori.com\/wp-content\/uploads\/2020\/12\/MARK080110.png","contentUrl":"https:\/\/www.italianacontenitori.com\/wp-content\/uploads\/2020\/12\/MARK080110.png","width":1024,"height":1024,"caption":"Contenitore industriale in rete metallica per bottiglie di vino borgognotte. Portata 1000 kg. Sovrapponibile 3 su 1. Pieghevole e leggero. Modello MARK080120"},{"@type":"BreadcrumbList","@id":"https:\/\/www.italianacontenitori.com\/de\/prodotto\/industrie-weinflaschen-behalter-markt-bourgogne-85-x-115-cm\/#breadcrumb","itemListElement":[{"@type":"ListItem","position":1,"name":"Home","item":"https:\/\/www.italianacontenitori.com\/de\/metallgitterboxen\/"},{"@type":"ListItem","position":2,"name":"Industrieller Weinflaschenbeh\u00e4lter &#8211; Markt Bourgogne 85 x 115 cm"}]},{"@type":"WebSite","@id":"https:\/\/www.italianacontenitori.com\/de\/#website","url":"https:\/\/www.italianacontenitori.com\/de\/","name":"italianacontenitori.com","description":"Produzione di contenitori industriali e roll container","publisher":{"@id":"https:\/\/www.italianacontenitori.com\/de\/#organization"},"potentialAction":[{"@type":"SearchAction","target":{"@type":"EntryPoint","urlTemplate":"https:\/\/www.italianacontenitori.com\/de\/?s={search_term_string}"},"query-input":{"@type":"PropertyValueSpecification","valueRequired":true,"valueName":"search_term_string"}}],"inLanguage":"de"},{"@type":"Organization","@id":"https:\/\/www.italianacontenitori.com\/de\/#organization","name":"Italiana Contenitori s.r.l.","alternateName":"IC","url":"https:\/\/www.italianacontenitori.com\/de\/","logo":{"@type":"ImageObject","inLanguage":"de","@id":"https:\/\/www.italianacontenitori.com\/de\/#\/schema\/logo\/image\/","url":"https:\/\/www.italianacontenitori.com\/wp-content\/uploads\/2020\/11\/cropped-Logo-Italiana-Contenitori_favicon.jpg","contentUrl":"https:\/\/www.italianacontenitori.com\/wp-content\/uploads\/2020\/11\/cropped-Logo-Italiana-Contenitori_favicon.jpg","width":512,"height":512,"caption":"Italiana Contenitori s.r.l."},"image":{"@id":"https:\/\/www.italianacontenitori.com\/de\/#\/schema\/logo\/image\/"}}]}},"_links":{"self":[{"href":"https:\/\/www.italianacontenitori.com\/de\/wp-json\/wp\/v2\/product\/241702","targetHints":{"allow":["GET"]}}],"collection":[{"href":"https:\/\/www.italianacontenitori.com\/de\/wp-json\/wp\/v2\/product"}],"about":[{"href":"https:\/\/www.italianacontenitori.com\/de\/wp-json\/wp\/v2\/types\/product"}],"replies":[{"embeddable":true,"href":"https:\/\/www.italianacontenitori.com\/de\/wp-json\/wp\/v2\/comments?post=241702"}],"wp:featuredmedia":[{"embeddable":true,"href":"https:\/\/www.italianacontenitori.com\/de\/wp-json\/wp\/v2\/media\/240457"}],"wp:attachment":[{"href":"https:\/\/www.italianacontenitori.com\/de\/wp-json\/wp\/v2\/media?parent=241702"}],"wp:term":[{"taxonomy":"product_brand","embeddable":true,"href":"https:\/\/www.italianacontenitori.com\/de\/wp-json\/wp\/v2\/product_brand?post=241702"},{"taxonomy":"product_cat","embeddable":true,"href":"https:\/\/www.italianacontenitori.com\/de\/wp-json\/wp\/v2\/product_cat?post=241702"},{"taxonomy":"product_tag","embeddable":true,"href":"https:\/\/www.italianacontenitori.com\/de\/wp-json\/wp\/v2\/product_tag?post=241702"}],"curies":[{"name":"wp","href":"https:\/\/api.w.org\/{rel}","templated":true}]}}