{"id":241706,"date":"2020-12-07T12:42:56","date_gmt":"2020-12-07T12:42:56","guid":{"rendered":"https:\/\/www.italianacontenitori.com\/product\/market-66-x-80-cm\/"},"modified":"2026-04-10T14:38:16","modified_gmt":"2026-04-10T14:38:16","slug":"market-66-x-80-cm","status":"publish","type":"product","link":"https:\/\/www.italianacontenitori.com\/de\/prodotto\/market-66-x-80-cm\/","title":{"rendered":"Kleiner industrieller Metallbeh\u00e4lter &#8211; Markt 66 X 80 cm"},"content":{"rendered":"<p>Der Market 66 x 80 Industriekorb ist die perfekte L\u00f6sung f\u00fcr alle, die Effizienz und Langlebigkeit in einem <strong>kleinen Industriedrahtbeh\u00e4lter<\/strong> suchen.<strong> <\/strong>und mit<strong> zwei Inspektionst\u00fcren<\/strong>. Dieser <strong>in Italien aus hochwertigen Materialien hergestellte<\/strong> Metallkorb ist dank seiner <strong>Verzinkung<\/strong> wetterfest, staub- und schmutzabweisend. Seine Robustheit wird durch die <strong>selbsttragende Drahtgitterstruktur<\/strong> verst\u00e4rkt, die nicht nur Langlebigkeit, sondern auch eine sofortige Sichtbarkeit des Inhalts garantiert. Der Beh\u00e4lter hat eine Inspektionst\u00fcr an der L\u00e4ngsseite, um die Kommissionierung zu erleichtern.   <\/p>\n<h2>Der kleine Industriecontainer: leicht, stapelbar und faltbar<\/h2>\n<p>Der Market 66&#215;80 <strong>Drahtgitterkorb<\/strong> wurde f\u00fcr Effizienz, Robustheit und Zweckm\u00e4\u00dfigkeit bei der Handhabung und Lagerung entwickelt. Dank seiner kompakten Abmessungen und seines faltbaren Designs ist er eine ideale L\u00f6sung f\u00fcr Industrie, Logistik und Vertrieb. Im Folgenden finden Sie die wichtigsten Merkmale:  <\/p>\n<ul>\n<li><strong>Kompakte Abmessungen<\/strong>: mit 66 x 80 cm ist er ideal f\u00fcr die Aufbewahrung in kleinen R\u00e4umen, ohne dass Sie auf Funktionalit\u00e4t verzichten m\u00fcssen.<\/li>\n<li><strong>Stapelbar<\/strong>: bis zu zwei voll beladene Container (300 kg) k\u00f6nnen \u00fcbereinander <strong>gestapelt<\/strong> werden, um den vertikalen Raum zu optimieren.<\/li>\n<li><strong>Zusammenklappbar<\/strong>: Bei Nichtgebrauch oder bei leeren R\u00fccksendungen kann er zusammengeklappt werden, um das Volumen zu reduzieren und die Logistik zu erleichtern.<\/li>\n<li><strong>Tragf\u00e4higkeit bis zu 300 kg<\/strong>: perfekt f\u00fcr die sichere und effiziente Handhabung und Lagerung von leichten oder mittelschweren G\u00fctern.<\/li>\n<li><strong>Robuste Konstruktion<\/strong>: Entwickelt, um einer intensiven Nutzung in Industrie und Einzelhandel standzuhalten.<\/li>\n<li><strong>Vielseitig einsetzbar<\/strong>: Hervorragende L\u00f6sung f\u00fcr Lagerh\u00e4user, die kompakte, handliche und leicht zu bewegende Beh\u00e4lter ben\u00f6tigen.<\/li>\n<li><strong>Raumoptimierung<\/strong>: Verbessert die Organisation und Effizienz des Lagers und passt sich an unterschiedliche betriebliche Anforderungen an.<\/li>\n<\/ul>\n<p>Eine besondere St\u00e4rke von Italiana Contenitori sind die Anpassungsm\u00f6glichkeiten: <strong>Wir kontrollieren den gesamten Produktionszyklus und bieten unseren Kunden die M\u00f6glichkeit, Industriecontainer \u00fcber ihr eigenes Design herzustellen<\/strong>. Sollten die Standardvarianten Ihren spezifischen Anforderungen nicht entsprechen, wenden Sie sich bitte an unseren Kundendienst, der in Zusammenarbeit mit der Technik- und Designabteilung eine <strong>ma\u00dfgeschneiderte, langlebige und widerstandsf\u00e4hige L\u00f6sung<\/strong> anbieten kann. <\/p>\n<p>Mindestlos 50 St\u00fcck.<\/p>\n","protected":false},"excerpt":{"rendered":"<p>Kleiner, aber robuster Beh\u00e4lter, die \u00d6ffnung an zwei Seiten erm\u00f6glicht ein einfaches und reibungsloses Entfernen des Inhalts. Faltbar und stapelbar. Mindestlos 50 St\u00fcck.<\/p>\n","protected":false},"featured_media":240462,"comment_status":"open","ping_status":"closed","template":"","meta":{"_acf_changed":false,"_et_pb_use_builder":"","_et_pb_old_content":"","_et_gb_content_width":""},"product_brand":[],"product_cat":[1930],"product_tag":[2044],"class_list":{"0":"post-241706","1":"product","2":"type-product","3":"status-publish","4":"has-post-thumbnail","6":"product_cat-market-de","7":"product_tag-containers-de","9":"first","10":"instock","11":"shipping-taxable","12":"purchasable","13":"product-type-simple"},"acf":[],"yoast_head":"<!-- This site is optimized with the Yoast SEO plugin v27.3 - https:\/\/yoast.com\/product\/yoast-seo-wordpress\/ -->\n<title>italianacontenitori.com<\/title>\n<meta name=\"description\" content=\"Kleiner Drahtgittercontainer mit 300 kg Tragf\u00e4higkeit, stapelbar (2 auf 1), faltbar, mit Inspektionst\u00fcr, sehr leicht.\" \/>\n<meta name=\"robots\" content=\"index, follow, max-snippet:-1, max-image-preview:large, max-video-preview:-1\" \/>\n<link rel=\"canonical\" href=\"https:\/\/www.italianacontenitori.com\/de\/prodotto\/market-66-x-80-cm\/\" \/>\n<meta property=\"og:locale\" content=\"de_DE\" \/>\n<meta property=\"og:type\" content=\"article\" \/>\n<meta property=\"og:description\" content=\"Kleiner Drahtgittercontainer mit 300 kg Tragf\u00e4higkeit, stapelbar (2 auf 1), faltbar, mit Inspektionst\u00fcr, sehr leicht.\" \/>\n<meta property=\"og:url\" content=\"https:\/\/www.italianacontenitori.com\/de\/prodotto\/market-66-x-80-cm\/\" \/>\n<meta property=\"og:site_name\" content=\"italianacontenitori.com\" \/>\n<meta property=\"article:modified_time\" content=\"2026-04-10T14:38:16+00:00\" \/>\n<meta property=\"og:image\" content=\"https:\/\/www.italianacontenitori.com\/wp-content\/uploads\/2020\/12\/MARK066080A4.png\" \/>\n\t<meta property=\"og:image:width\" content=\"1024\" \/>\n\t<meta property=\"og:image:height\" content=\"1024\" \/>\n\t<meta property=\"og:image:type\" content=\"image\/png\" \/>\n<meta name=\"twitter:card\" content=\"summary_large_image\" \/>\n<meta name=\"twitter:label1\" content=\"Gesch\u00e4tzte Lesezeit\" \/>\n\t<meta name=\"twitter:data1\" content=\"2\u00a0Minuten\" \/>\n<script type=\"application\/ld+json\" class=\"yoast-schema-graph\">{\"@context\":\"https:\\\/\\\/schema.org\",\"@graph\":[{\"@type\":\"WebPage\",\"@id\":\"https:\\\/\\\/www.italianacontenitori.com\\\/de\\\/prodotto\\\/market-66-x-80-cm\\\/\",\"url\":\"https:\\\/\\\/www.italianacontenitori.com\\\/de\\\/prodotto\\\/market-66-x-80-cm\\\/\",\"name\":\"\",\"isPartOf\":{\"@id\":\"https:\\\/\\\/www.italianacontenitori.com\\\/de\\\/#website\"},\"primaryImageOfPage\":{\"@id\":\"https:\\\/\\\/www.italianacontenitori.com\\\/de\\\/prodotto\\\/market-66-x-80-cm\\\/#primaryimage\"},\"image\":{\"@id\":\"https:\\\/\\\/www.italianacontenitori.com\\\/de\\\/prodotto\\\/market-66-x-80-cm\\\/#primaryimage\"},\"thumbnailUrl\":\"https:\\\/\\\/www.italianacontenitori.com\\\/wp-content\\\/uploads\\\/2020\\\/12\\\/MARK066080A4.png\",\"datePublished\":\"2020-12-07T12:42:56+00:00\",\"dateModified\":\"2026-04-10T14:38:16+00:00\",\"description\":\"Kleiner Drahtgittercontainer mit 300 kg Tragf\u00e4higkeit, stapelbar (2 auf 1), faltbar, mit Inspektionst\u00fcr, sehr leicht.\",\"breadcrumb\":{\"@id\":\"https:\\\/\\\/www.italianacontenitori.com\\\/de\\\/prodotto\\\/market-66-x-80-cm\\\/#breadcrumb\"},\"inLanguage\":\"de\",\"potentialAction\":[{\"@type\":\"ReadAction\",\"target\":[\"https:\\\/\\\/www.italianacontenitori.com\\\/de\\\/prodotto\\\/market-66-x-80-cm\\\/\"]}]},{\"@type\":\"ImageObject\",\"inLanguage\":\"de\",\"@id\":\"https:\\\/\\\/www.italianacontenitori.com\\\/de\\\/prodotto\\\/market-66-x-80-cm\\\/#primaryimage\",\"url\":\"https:\\\/\\\/www.italianacontenitori.com\\\/wp-content\\\/uploads\\\/2020\\\/12\\\/MARK066080A4.png\",\"contentUrl\":\"https:\\\/\\\/www.italianacontenitori.com\\\/wp-content\\\/uploads\\\/2020\\\/12\\\/MARK066080A4.png\",\"width\":1024,\"height\":1024,\"caption\":\"Kleiner und kompakter industrieller Metallbeh\u00e4lter mit doppelter Inspektionst\u00fcr. Modell: MARK066080A4\"},{\"@type\":\"BreadcrumbList\",\"@id\":\"https:\\\/\\\/www.italianacontenitori.com\\\/de\\\/prodotto\\\/market-66-x-80-cm\\\/#breadcrumb\",\"itemListElement\":[{\"@type\":\"ListItem\",\"position\":1,\"name\":\"Home\",\"item\":\"https:\\\/\\\/www.italianacontenitori.com\\\/de\\\/metallgitterboxen\\\/\"},{\"@type\":\"ListItem\",\"position\":2,\"name\":\"Kleiner industrieller Metallbeh\u00e4lter &#8211; Markt 66 X 80 cm\"}]},{\"@type\":\"WebSite\",\"@id\":\"https:\\\/\\\/www.italianacontenitori.com\\\/de\\\/#website\",\"url\":\"https:\\\/\\\/www.italianacontenitori.com\\\/de\\\/\",\"name\":\"italianacontenitori.com\",\"description\":\"Produzione di contenitori industriali e roll container\",\"publisher\":{\"@id\":\"https:\\\/\\\/www.italianacontenitori.com\\\/de\\\/#organization\"},\"potentialAction\":[{\"@type\":\"SearchAction\",\"target\":{\"@type\":\"EntryPoint\",\"urlTemplate\":\"https:\\\/\\\/www.italianacontenitori.com\\\/de\\\/?s={search_term_string}\"},\"query-input\":{\"@type\":\"PropertyValueSpecification\",\"valueRequired\":true,\"valueName\":\"search_term_string\"}}],\"inLanguage\":\"de\"},{\"@type\":\"Organization\",\"@id\":\"https:\\\/\\\/www.italianacontenitori.com\\\/de\\\/#organization\",\"name\":\"Italiana Contenitori s.r.l.\",\"alternateName\":\"IC\",\"url\":\"https:\\\/\\\/www.italianacontenitori.com\\\/de\\\/\",\"logo\":{\"@type\":\"ImageObject\",\"inLanguage\":\"de\",\"@id\":\"https:\\\/\\\/www.italianacontenitori.com\\\/de\\\/#\\\/schema\\\/logo\\\/image\\\/\",\"url\":\"https:\\\/\\\/www.italianacontenitori.com\\\/wp-content\\\/uploads\\\/2020\\\/11\\\/cropped-Logo-Italiana-Contenitori_favicon.jpg\",\"contentUrl\":\"https:\\\/\\\/www.italianacontenitori.com\\\/wp-content\\\/uploads\\\/2020\\\/11\\\/cropped-Logo-Italiana-Contenitori_favicon.jpg\",\"width\":512,\"height\":512,\"caption\":\"Italiana Contenitori s.r.l.\"},\"image\":{\"@id\":\"https:\\\/\\\/www.italianacontenitori.com\\\/de\\\/#\\\/schema\\\/logo\\\/image\\\/\"}}]}<\/script>\n<!-- \/ Yoast SEO plugin. -->","yoast_head_json":{"title":"italianacontenitori.com","description":"Kleiner Drahtgittercontainer mit 300 kg Tragf\u00e4higkeit, stapelbar (2 auf 1), faltbar, mit Inspektionst\u00fcr, sehr leicht.","robots":{"index":"index","follow":"follow","max-snippet":"max-snippet:-1","max-image-preview":"max-image-preview:large","max-video-preview":"max-video-preview:-1"},"canonical":"https:\/\/www.italianacontenitori.com\/de\/prodotto\/market-66-x-80-cm\/","og_locale":"de_DE","og_type":"article","og_description":"Kleiner Drahtgittercontainer mit 300 kg Tragf\u00e4higkeit, stapelbar (2 auf 1), faltbar, mit Inspektionst\u00fcr, sehr leicht.","og_url":"https:\/\/www.italianacontenitori.com\/de\/prodotto\/market-66-x-80-cm\/","og_site_name":"italianacontenitori.com","article_modified_time":"2026-04-10T14:38:16+00:00","og_image":[{"width":1024,"height":1024,"url":"https:\/\/www.italianacontenitori.com\/wp-content\/uploads\/2020\/12\/MARK066080A4.png","type":"image\/png"}],"twitter_card":"summary_large_image","twitter_misc":{"Gesch\u00e4tzte Lesezeit":"2\u00a0Minuten"},"schema":{"@context":"https:\/\/schema.org","@graph":[{"@type":"WebPage","@id":"https:\/\/www.italianacontenitori.com\/de\/prodotto\/market-66-x-80-cm\/","url":"https:\/\/www.italianacontenitori.com\/de\/prodotto\/market-66-x-80-cm\/","name":"","isPartOf":{"@id":"https:\/\/www.italianacontenitori.com\/de\/#website"},"primaryImageOfPage":{"@id":"https:\/\/www.italianacontenitori.com\/de\/prodotto\/market-66-x-80-cm\/#primaryimage"},"image":{"@id":"https:\/\/www.italianacontenitori.com\/de\/prodotto\/market-66-x-80-cm\/#primaryimage"},"thumbnailUrl":"https:\/\/www.italianacontenitori.com\/wp-content\/uploads\/2020\/12\/MARK066080A4.png","datePublished":"2020-12-07T12:42:56+00:00","dateModified":"2026-04-10T14:38:16+00:00","description":"Kleiner Drahtgittercontainer mit 300 kg Tragf\u00e4higkeit, stapelbar (2 auf 1), faltbar, mit Inspektionst\u00fcr, sehr leicht.","breadcrumb":{"@id":"https:\/\/www.italianacontenitori.com\/de\/prodotto\/market-66-x-80-cm\/#breadcrumb"},"inLanguage":"de","potentialAction":[{"@type":"ReadAction","target":["https:\/\/www.italianacontenitori.com\/de\/prodotto\/market-66-x-80-cm\/"]}]},{"@type":"ImageObject","inLanguage":"de","@id":"https:\/\/www.italianacontenitori.com\/de\/prodotto\/market-66-x-80-cm\/#primaryimage","url":"https:\/\/www.italianacontenitori.com\/wp-content\/uploads\/2020\/12\/MARK066080A4.png","contentUrl":"https:\/\/www.italianacontenitori.com\/wp-content\/uploads\/2020\/12\/MARK066080A4.png","width":1024,"height":1024,"caption":"Kleiner und kompakter industrieller Metallbeh\u00e4lter mit doppelter Inspektionst\u00fcr. Modell: MARK066080A4"},{"@type":"BreadcrumbList","@id":"https:\/\/www.italianacontenitori.com\/de\/prodotto\/market-66-x-80-cm\/#breadcrumb","itemListElement":[{"@type":"ListItem","position":1,"name":"Home","item":"https:\/\/www.italianacontenitori.com\/de\/metallgitterboxen\/"},{"@type":"ListItem","position":2,"name":"Kleiner industrieller Metallbeh\u00e4lter &#8211; Markt 66 X 80 cm"}]},{"@type":"WebSite","@id":"https:\/\/www.italianacontenitori.com\/de\/#website","url":"https:\/\/www.italianacontenitori.com\/de\/","name":"italianacontenitori.com","description":"Produzione di contenitori industriali e roll container","publisher":{"@id":"https:\/\/www.italianacontenitori.com\/de\/#organization"},"potentialAction":[{"@type":"SearchAction","target":{"@type":"EntryPoint","urlTemplate":"https:\/\/www.italianacontenitori.com\/de\/?s={search_term_string}"},"query-input":{"@type":"PropertyValueSpecification","valueRequired":true,"valueName":"search_term_string"}}],"inLanguage":"de"},{"@type":"Organization","@id":"https:\/\/www.italianacontenitori.com\/de\/#organization","name":"Italiana Contenitori s.r.l.","alternateName":"IC","url":"https:\/\/www.italianacontenitori.com\/de\/","logo":{"@type":"ImageObject","inLanguage":"de","@id":"https:\/\/www.italianacontenitori.com\/de\/#\/schema\/logo\/image\/","url":"https:\/\/www.italianacontenitori.com\/wp-content\/uploads\/2020\/11\/cropped-Logo-Italiana-Contenitori_favicon.jpg","contentUrl":"https:\/\/www.italianacontenitori.com\/wp-content\/uploads\/2020\/11\/cropped-Logo-Italiana-Contenitori_favicon.jpg","width":512,"height":512,"caption":"Italiana Contenitori s.r.l."},"image":{"@id":"https:\/\/www.italianacontenitori.com\/de\/#\/schema\/logo\/image\/"}}]}},"_links":{"self":[{"href":"https:\/\/www.italianacontenitori.com\/de\/wp-json\/wp\/v2\/product\/241706","targetHints":{"allow":["GET"]}}],"collection":[{"href":"https:\/\/www.italianacontenitori.com\/de\/wp-json\/wp\/v2\/product"}],"about":[{"href":"https:\/\/www.italianacontenitori.com\/de\/wp-json\/wp\/v2\/types\/product"}],"replies":[{"embeddable":true,"href":"https:\/\/www.italianacontenitori.com\/de\/wp-json\/wp\/v2\/comments?post=241706"}],"wp:featuredmedia":[{"embeddable":true,"href":"https:\/\/www.italianacontenitori.com\/de\/wp-json\/wp\/v2\/media\/240462"}],"wp:attachment":[{"href":"https:\/\/www.italianacontenitori.com\/de\/wp-json\/wp\/v2\/media?parent=241706"}],"wp:term":[{"taxonomy":"product_brand","embeddable":true,"href":"https:\/\/www.italianacontenitori.com\/de\/wp-json\/wp\/v2\/product_brand?post=241706"},{"taxonomy":"product_cat","embeddable":true,"href":"https:\/\/www.italianacontenitori.com\/de\/wp-json\/wp\/v2\/product_cat?post=241706"},{"taxonomy":"product_tag","embeddable":true,"href":"https:\/\/www.italianacontenitori.com\/de\/wp-json\/wp\/v2\/product_tag?post=241706"}],"curies":[{"name":"wp","href":"https:\/\/api.w.org\/{rel}","templated":true}]}}