{"id":241711,"date":"2020-12-07T12:42:44","date_gmt":"2020-12-07T12:42:44","guid":{"rendered":"https:\/\/www.italianacontenitori.com\/product\/market-58-x-86-cm\/"},"modified":"2026-04-10T14:38:10","modified_gmt":"2026-04-10T14:38:10","slug":"market-58-x-86-cm","status":"publish","type":"product","link":"https:\/\/www.italianacontenitori.com\/de\/produkt\/market-58-x-86-cm\/","title":{"rendered":"Kleiner industrieller Metallbeh\u00e4lter &#8211; Markt 58 X 86 cm"},"content":{"rendered":"<p>Der Market 58 X 86 ist der kleinste industrielle Metallbeh\u00e4lter in seiner Familie. Er wurde f\u00fcr diejenigen entwickelt, die Effizienz und Haltbarkeit in einem <strong>kompakten <\/strong>Industriegitterboxen mit<strong> einer Inspektionst\u00fcr<\/strong> suchen. Dieser <strong>in Italien aus hochwertigen Materialien hergestellte<\/strong> Metallkorb ist dank seiner <strong>Verzinkung<\/strong> wetterfest, staub-, schmutz- und salzbest\u00e4ndig. Seine Robustheit wird durch die <strong>selbsttragende Drahtgitterstruktur<\/strong> verst\u00e4rkt, die nicht nur f\u00fcr Langlebigkeit sorgt, sondern auch f\u00fcr eine unmittelbare Sichtbarkeit des Inhalts, ein entscheidender Aspekt f\u00fcr die Optimierung des Lagers. Der Beh\u00e4lter hat eine Inspektionst\u00fcr an der L\u00e4ngsseite, um die Kommissionierung zu erleichtern.    <\/p>\n<h2>Der kleine, leichte, stapelbare und faltbare Industriecontainer<\/h2>\n<p>Der Market 58&#215;86 Industriekorb aus Eisen ist die ideale L\u00f6sung f\u00fcr alle, die in beengten Betriebsumgebungen Platz und Handhabung optimieren m\u00fcssen. Er ist robust, leicht zu handhaben und platzsparend und zeichnet sich durch ein perfektes Gleichgewicht von Kompaktheit und Funktionalit\u00e4t aus. Dank seiner Drahtgitterstruktur und Stapelbarkeit ist er die perfekte Unterst\u00fctzung f\u00fcr leichte Logistik und dynamische Lagerungsanforderungen.  <\/p>\n<ul>\n<li><strong>Kompaktes und optimiertes Format f\u00fcr kleine R\u00e4ume<\/strong><br \/>\nMit einer Grundfl\u00e4che von nur 58&#215;86 cm passt dieser Beh\u00e4lter problemlos auch in die kleinsten Lagerr\u00e4ume. Er ist die ideale Wahl, um Waren ordentlich zu organisieren, ohne dabei auf Solidit\u00e4t zu verzichten. <\/li>\n<li><strong>Stapelbar bis zu zwei volle Einheiten<\/strong><br \/>\nDie verst\u00e4rkte Struktur erm\u00f6glicht das Stapeln von zwei vollen Containern auf einem Basiscontainer, wodurch die vertikale Lagereffizienz verbessert und jeder verf\u00fcgbare Zentimeter optimal genutzt wird. Die Kommissionierklappen erm\u00f6glichen ein schnelles Handling der Waren. <\/li>\n<li><strong>Einfache Handhabung, auch von Hand<\/strong><br \/>\nMit einer maximalen Tragf\u00e4higkeit von 300 kg und einer leichten Konstruktion kann er ohne die Hilfe von Gabelstaplern oder Palettenhubwagen mit R\u00e4dern bewegt werden, was ihn auch bei schnellen Eins\u00e4tzen oder h\u00e4ufigen Umz\u00fcgen extrem vielseitig macht.<\/li>\n<li><strong>Faltbar und platzsparend<\/strong><br \/>\nBei Nichtgebrauch l\u00e4sst sich der Container leicht zusammenfalten. Dadurch wird das beanspruchte Volumen drastisch reduziert, was Leerfahrten und Lagerung optimiert. <\/li>\n<li><strong>Ideal f\u00fcr die Industrie und den gro\u00dffl\u00e4chigen Einzelhandel<\/strong><br \/>\nDer zuverl\u00e4ssige und kosteng\u00fcnstige Market 58&#215;86 wird erfolgreich in der Industrie und im gro\u00dffl\u00e4chigen Einzelhandel eingesetzt, wo jeder Quadratmeter z\u00e4hlt. Er wurde entwickelt, um die interne Logistik, die Kommissionierung und den Umschlag von leichten oder gemischten Waren zu erleichtern. <\/li>\n<\/ul>\n<p>Italiana Contenitori bietet einen exklusiven Vorteil: die M\u00f6glichkeit,<strong>jeden Industriebeh\u00e4lter nach den spezifischen Anforderungen des Kunden zu gestalten<\/strong>. Dank der Kontrolle des gesamten Produktionszyklus ist es m\u00f6glich, \u00fcber lange Zeit widerstandsf\u00e4hige und langlebige L\u00f6sungen zu realisieren. Wenn die Standardvarianten Ihre betrieblichen Anforderungen nicht vollst\u00e4ndig erf\u00fcllen, steht unser technisches Team zu Ihrer Verf\u00fcgung, um den geeignetsten Vorschlag zu entwickeln.  <\/p>\n<p><strong>Kontaktieren Sie unseren Kundenservice f\u00fcr eine pers\u00f6nliche Beratung und finden Sie heraus, wie Sie Ihre Bed\u00fcrfnisse in konkrete L\u00f6sungen umsetzen k\u00f6nnen.<\/strong><\/p>\n<p>Mindestlos 50 St\u00fcck.<\/p>\n","protected":false},"excerpt":{"rendered":"<p>Der Market 58&#215;86 ist ein kompakter industrieller Drahtgitterkorb, der f\u00fcr die optimale Lagerung auf begrenztem Raum entwickelt wurde. Mit einer Tragf\u00e4higkeit von bis zu 300 kg ist er leicht, stapelbar und einfach zu handhaben, auch manuell. Die verst\u00e4rkte Struktur erm\u00f6glicht es, zwei voll beladene Einheiten \u00fcbereinander zu stapeln und so den vertikalen Raum zu optimieren. Da er sich bei Nichtgebrauch zusammenklappen l\u00e4sst, ist er au\u00dferdem ideal f\u00fcr den platzsparenden Transport und die Lagerung. Der aus hochwertigen Materialien gefertigte und verzinkte Schrank ist wetterfest, staub- und salzbest\u00e4ndig und eignet sich perfekt f\u00fcr den Einsatz in der Industrie und im Einzelhandel. Auf Wunsch kann er auch individuell gestaltet werden und bietet so ma\u00dfgeschneiderte L\u00f6sungen f\u00fcr jeden betrieblichen Bedarf.     <\/p>\n","protected":false},"featured_media":240472,"comment_status":"open","ping_status":"closed","template":"","meta":{"_acf_changed":false,"_et_pb_use_builder":"","_et_pb_old_content":"","_et_gb_content_width":""},"product_brand":[],"product_cat":[1930],"product_tag":[2044],"class_list":{"0":"post-241711","1":"product","2":"type-product","3":"status-publish","4":"has-post-thumbnail","6":"product_cat-market-de","7":"product_tag-containers-de","9":"first","10":"instock","11":"shipping-taxable","12":"purchasable","13":"product-type-simple"},"acf":[],"yoast_head":"<!-- This site is optimized with the Yoast SEO plugin v27.3 - https:\/\/yoast.com\/product\/yoast-seo-wordpress\/ -->\n<title>italianacontenitori.com<\/title>\n<meta name=\"description\" content=\"Kleiner Drahtgitterkorb mit 300 kg Tragf\u00e4higkeit, stapelbar (zwei auf einer Basis), faltbar, mit Inspektionsklappe, sehr leicht.\" \/>\n<meta name=\"robots\" content=\"index, follow, max-snippet:-1, max-image-preview:large, max-video-preview:-1\" \/>\n<link rel=\"canonical\" href=\"https:\/\/www.italianacontenitori.com\/de\/produkt\/market-58-x-86-cm\/\" \/>\n<meta property=\"og:locale\" content=\"de_DE\" \/>\n<meta property=\"og:type\" content=\"article\" \/>\n<meta property=\"og:description\" content=\"Kleiner Drahtgitterkorb mit 300 kg Tragf\u00e4higkeit, stapelbar (zwei auf einer Basis), faltbar, mit Inspektionsklappe, sehr leicht.\" \/>\n<meta property=\"og:url\" content=\"https:\/\/www.italianacontenitori.com\/de\/produkt\/market-58-x-86-cm\/\" \/>\n<meta property=\"og:site_name\" content=\"italianacontenitori.com\" \/>\n<meta property=\"article:modified_time\" content=\"2026-04-10T14:38:10+00:00\" \/>\n<meta property=\"og:image\" content=\"https:\/\/www.italianacontenitori.com\/wp-content\/uploads\/2020\/12\/MARK055085.png\" \/>\n\t<meta property=\"og:image:width\" content=\"1024\" \/>\n\t<meta property=\"og:image:height\" content=\"1024\" \/>\n\t<meta property=\"og:image:type\" content=\"image\/png\" \/>\n<meta name=\"twitter:card\" content=\"summary_large_image\" \/>\n<meta name=\"twitter:label1\" content=\"Gesch\u00e4tzte Lesezeit\" \/>\n\t<meta name=\"twitter:data1\" content=\"2\u00a0Minuten\" \/>\n<script type=\"application\/ld+json\" class=\"yoast-schema-graph\">{\"@context\":\"https:\\\/\\\/schema.org\",\"@graph\":[{\"@type\":\"WebPage\",\"@id\":\"https:\\\/\\\/www.italianacontenitori.com\\\/de\\\/produkt\\\/market-58-x-86-cm\\\/\",\"url\":\"https:\\\/\\\/www.italianacontenitori.com\\\/de\\\/produkt\\\/market-58-x-86-cm\\\/\",\"name\":\"\",\"isPartOf\":{\"@id\":\"https:\\\/\\\/www.italianacontenitori.com\\\/de\\\/#website\"},\"primaryImageOfPage\":{\"@id\":\"https:\\\/\\\/www.italianacontenitori.com\\\/de\\\/produkt\\\/market-58-x-86-cm\\\/#primaryimage\"},\"image\":{\"@id\":\"https:\\\/\\\/www.italianacontenitori.com\\\/de\\\/produkt\\\/market-58-x-86-cm\\\/#primaryimage\"},\"thumbnailUrl\":\"https:\\\/\\\/www.italianacontenitori.com\\\/wp-content\\\/uploads\\\/2020\\\/12\\\/MARK055085.png\",\"datePublished\":\"2020-12-07T12:42:44+00:00\",\"dateModified\":\"2026-04-10T14:38:10+00:00\",\"description\":\"Kleiner Drahtgitterkorb mit 300 kg Tragf\u00e4higkeit, stapelbar (zwei auf einer Basis), faltbar, mit Inspektionsklappe, sehr leicht.\",\"breadcrumb\":{\"@id\":\"https:\\\/\\\/www.italianacontenitori.com\\\/de\\\/produkt\\\/market-58-x-86-cm\\\/#breadcrumb\"},\"inLanguage\":\"de\",\"potentialAction\":[{\"@type\":\"ReadAction\",\"target\":[\"https:\\\/\\\/www.italianacontenitori.com\\\/de\\\/produkt\\\/market-58-x-86-cm\\\/\"]}]},{\"@type\":\"ImageObject\",\"inLanguage\":\"de\",\"@id\":\"https:\\\/\\\/www.italianacontenitori.com\\\/de\\\/produkt\\\/market-58-x-86-cm\\\/#primaryimage\",\"url\":\"https:\\\/\\\/www.italianacontenitori.com\\\/wp-content\\\/uploads\\\/2020\\\/12\\\/MARK055085.png\",\"contentUrl\":\"https:\\\/\\\/www.italianacontenitori.com\\\/wp-content\\\/uploads\\\/2020\\\/12\\\/MARK055085.png\",\"width\":1024,\"height\":1024,\"caption\":\"Kleiner und kompakter Industriecontainer aus Metall. Modell\"},{\"@type\":\"BreadcrumbList\",\"@id\":\"https:\\\/\\\/www.italianacontenitori.com\\\/de\\\/produkt\\\/market-58-x-86-cm\\\/#breadcrumb\",\"itemListElement\":[{\"@type\":\"ListItem\",\"position\":1,\"name\":\"Home\",\"item\":\"https:\\\/\\\/www.italianacontenitori.com\\\/de\\\/metallgitterboxen\\\/\"},{\"@type\":\"ListItem\",\"position\":2,\"name\":\"Kleiner industrieller Metallbeh\u00e4lter &#8211; Markt 58 X 86 cm\"}]},{\"@type\":\"WebSite\",\"@id\":\"https:\\\/\\\/www.italianacontenitori.com\\\/de\\\/#website\",\"url\":\"https:\\\/\\\/www.italianacontenitori.com\\\/de\\\/\",\"name\":\"italianacontenitori.com\",\"description\":\"Produzione di contenitori industriali e roll container\",\"publisher\":{\"@id\":\"https:\\\/\\\/www.italianacontenitori.com\\\/de\\\/#organization\"},\"potentialAction\":[{\"@type\":\"SearchAction\",\"target\":{\"@type\":\"EntryPoint\",\"urlTemplate\":\"https:\\\/\\\/www.italianacontenitori.com\\\/de\\\/?s={search_term_string}\"},\"query-input\":{\"@type\":\"PropertyValueSpecification\",\"valueRequired\":true,\"valueName\":\"search_term_string\"}}],\"inLanguage\":\"de\"},{\"@type\":\"Organization\",\"@id\":\"https:\\\/\\\/www.italianacontenitori.com\\\/de\\\/#organization\",\"name\":\"Italiana Contenitori s.r.l.\",\"alternateName\":\"IC\",\"url\":\"https:\\\/\\\/www.italianacontenitori.com\\\/de\\\/\",\"logo\":{\"@type\":\"ImageObject\",\"inLanguage\":\"de\",\"@id\":\"https:\\\/\\\/www.italianacontenitori.com\\\/de\\\/#\\\/schema\\\/logo\\\/image\\\/\",\"url\":\"https:\\\/\\\/www.italianacontenitori.com\\\/wp-content\\\/uploads\\\/2020\\\/11\\\/cropped-Logo-Italiana-Contenitori_favicon.jpg\",\"contentUrl\":\"https:\\\/\\\/www.italianacontenitori.com\\\/wp-content\\\/uploads\\\/2020\\\/11\\\/cropped-Logo-Italiana-Contenitori_favicon.jpg\",\"width\":512,\"height\":512,\"caption\":\"Italiana Contenitori s.r.l.\"},\"image\":{\"@id\":\"https:\\\/\\\/www.italianacontenitori.com\\\/de\\\/#\\\/schema\\\/logo\\\/image\\\/\"}}]}<\/script>\n<!-- \/ Yoast SEO plugin. -->","yoast_head_json":{"title":"italianacontenitori.com","description":"Kleiner Drahtgitterkorb mit 300 kg Tragf\u00e4higkeit, stapelbar (zwei auf einer Basis), faltbar, mit Inspektionsklappe, sehr leicht.","robots":{"index":"index","follow":"follow","max-snippet":"max-snippet:-1","max-image-preview":"max-image-preview:large","max-video-preview":"max-video-preview:-1"},"canonical":"https:\/\/www.italianacontenitori.com\/de\/produkt\/market-58-x-86-cm\/","og_locale":"de_DE","og_type":"article","og_description":"Kleiner Drahtgitterkorb mit 300 kg Tragf\u00e4higkeit, stapelbar (zwei auf einer Basis), faltbar, mit Inspektionsklappe, sehr leicht.","og_url":"https:\/\/www.italianacontenitori.com\/de\/produkt\/market-58-x-86-cm\/","og_site_name":"italianacontenitori.com","article_modified_time":"2026-04-10T14:38:10+00:00","og_image":[{"width":1024,"height":1024,"url":"https:\/\/www.italianacontenitori.com\/wp-content\/uploads\/2020\/12\/MARK055085.png","type":"image\/png"}],"twitter_card":"summary_large_image","twitter_misc":{"Gesch\u00e4tzte Lesezeit":"2\u00a0Minuten"},"schema":{"@context":"https:\/\/schema.org","@graph":[{"@type":"WebPage","@id":"https:\/\/www.italianacontenitori.com\/de\/produkt\/market-58-x-86-cm\/","url":"https:\/\/www.italianacontenitori.com\/de\/produkt\/market-58-x-86-cm\/","name":"","isPartOf":{"@id":"https:\/\/www.italianacontenitori.com\/de\/#website"},"primaryImageOfPage":{"@id":"https:\/\/www.italianacontenitori.com\/de\/produkt\/market-58-x-86-cm\/#primaryimage"},"image":{"@id":"https:\/\/www.italianacontenitori.com\/de\/produkt\/market-58-x-86-cm\/#primaryimage"},"thumbnailUrl":"https:\/\/www.italianacontenitori.com\/wp-content\/uploads\/2020\/12\/MARK055085.png","datePublished":"2020-12-07T12:42:44+00:00","dateModified":"2026-04-10T14:38:10+00:00","description":"Kleiner Drahtgitterkorb mit 300 kg Tragf\u00e4higkeit, stapelbar (zwei auf einer Basis), faltbar, mit Inspektionsklappe, sehr leicht.","breadcrumb":{"@id":"https:\/\/www.italianacontenitori.com\/de\/produkt\/market-58-x-86-cm\/#breadcrumb"},"inLanguage":"de","potentialAction":[{"@type":"ReadAction","target":["https:\/\/www.italianacontenitori.com\/de\/produkt\/market-58-x-86-cm\/"]}]},{"@type":"ImageObject","inLanguage":"de","@id":"https:\/\/www.italianacontenitori.com\/de\/produkt\/market-58-x-86-cm\/#primaryimage","url":"https:\/\/www.italianacontenitori.com\/wp-content\/uploads\/2020\/12\/MARK055085.png","contentUrl":"https:\/\/www.italianacontenitori.com\/wp-content\/uploads\/2020\/12\/MARK055085.png","width":1024,"height":1024,"caption":"Kleiner und kompakter Industriecontainer aus Metall. Modell"},{"@type":"BreadcrumbList","@id":"https:\/\/www.italianacontenitori.com\/de\/produkt\/market-58-x-86-cm\/#breadcrumb","itemListElement":[{"@type":"ListItem","position":1,"name":"Home","item":"https:\/\/www.italianacontenitori.com\/de\/metallgitterboxen\/"},{"@type":"ListItem","position":2,"name":"Kleiner industrieller Metallbeh\u00e4lter &#8211; Markt 58 X 86 cm"}]},{"@type":"WebSite","@id":"https:\/\/www.italianacontenitori.com\/de\/#website","url":"https:\/\/www.italianacontenitori.com\/de\/","name":"italianacontenitori.com","description":"Produzione di contenitori industriali e roll container","publisher":{"@id":"https:\/\/www.italianacontenitori.com\/de\/#organization"},"potentialAction":[{"@type":"SearchAction","target":{"@type":"EntryPoint","urlTemplate":"https:\/\/www.italianacontenitori.com\/de\/?s={search_term_string}"},"query-input":{"@type":"PropertyValueSpecification","valueRequired":true,"valueName":"search_term_string"}}],"inLanguage":"de"},{"@type":"Organization","@id":"https:\/\/www.italianacontenitori.com\/de\/#organization","name":"Italiana Contenitori s.r.l.","alternateName":"IC","url":"https:\/\/www.italianacontenitori.com\/de\/","logo":{"@type":"ImageObject","inLanguage":"de","@id":"https:\/\/www.italianacontenitori.com\/de\/#\/schema\/logo\/image\/","url":"https:\/\/www.italianacontenitori.com\/wp-content\/uploads\/2020\/11\/cropped-Logo-Italiana-Contenitori_favicon.jpg","contentUrl":"https:\/\/www.italianacontenitori.com\/wp-content\/uploads\/2020\/11\/cropped-Logo-Italiana-Contenitori_favicon.jpg","width":512,"height":512,"caption":"Italiana Contenitori s.r.l."},"image":{"@id":"https:\/\/www.italianacontenitori.com\/de\/#\/schema\/logo\/image\/"}}]}},"_links":{"self":[{"href":"https:\/\/www.italianacontenitori.com\/de\/wp-json\/wp\/v2\/product\/241711","targetHints":{"allow":["GET"]}}],"collection":[{"href":"https:\/\/www.italianacontenitori.com\/de\/wp-json\/wp\/v2\/product"}],"about":[{"href":"https:\/\/www.italianacontenitori.com\/de\/wp-json\/wp\/v2\/types\/product"}],"replies":[{"embeddable":true,"href":"https:\/\/www.italianacontenitori.com\/de\/wp-json\/wp\/v2\/comments?post=241711"}],"wp:featuredmedia":[{"embeddable":true,"href":"https:\/\/www.italianacontenitori.com\/de\/wp-json\/wp\/v2\/media\/240472"}],"wp:attachment":[{"href":"https:\/\/www.italianacontenitori.com\/de\/wp-json\/wp\/v2\/media?parent=241711"}],"wp:term":[{"taxonomy":"product_brand","embeddable":true,"href":"https:\/\/www.italianacontenitori.com\/de\/wp-json\/wp\/v2\/product_brand?post=241711"},{"taxonomy":"product_cat","embeddable":true,"href":"https:\/\/www.italianacontenitori.com\/de\/wp-json\/wp\/v2\/product_cat?post=241711"},{"taxonomy":"product_tag","embeddable":true,"href":"https:\/\/www.italianacontenitori.com\/de\/wp-json\/wp\/v2\/product_tag?post=241711"}],"curies":[{"name":"wp","href":"https:\/\/api.w.org\/{rel}","templated":true}]}}