{"id":241720,"date":"2020-12-03T16:04:46","date_gmt":"2020-12-03T16:04:46","guid":{"rendered":"https:\/\/www.italianacontenitori.com\/product\/market-825-x-1245-cm-champagne\/"},"modified":"2026-04-10T14:39:15","modified_gmt":"2026-04-10T14:39:15","slug":"market-825-x-1245-champagne","status":"publish","type":"product","link":"https:\/\/www.italianacontenitori.com\/de\/prodotto\/market-825-x-1245-champagne\/","title":{"rendered":"Industrieller Weinflaschenbeh\u00e4lter &#8211; Market Champagne 82,5 x 124,5 cm"},"content":{"rendered":"<h2>Der industrielle Beh\u00e4lter f\u00fcr Champagne Cuv\u00e9e und Champagnotte Flaschen<\/h2>\n<p>Market 82,5 x 124,5 ist eine hervorragende L\u00f6sung f\u00fcr die <strong>Lagerung und Reifung von Champagner- und Sektflaschen.<\/strong> Dieser industrielle Flaschencontainer bietet eine au\u00dfergew\u00f6hnliche Stapelkapazit\u00e4t und erm\u00f6glicht es, <strong>vier voll beladene Container \u00fcber einem Sockel zu stapeln<\/strong>. Dadurch wird der <strong>verf\u00fcgbare Platz im Keller<\/strong> optimal <strong>ausgenutzt<\/strong> und der Market Champagne ist ideal f\u00fcr eine Vielzahl von Produktions- und Logistikanwendungen. Seine Abmessungen wurden <strong>speziell auf die optimale Lagerkapazit\u00e4t von Champagnerflaschen (einschlie\u00dflich Champagner, Muskateller, Prosecco usw.) abgestimmt<\/strong> und bieten eine effiziente Raumnutzung und optimale Weinlagerung.   <\/p>\n<blockquote>\n<h3>Jeder Market Champagne-Beh\u00e4lter hat eine Tragf\u00e4higkeit von 1000 kg. Sie k\u00f6nnen 5 Beh\u00e4lter stapeln und so bis zu <strong>2500 Flaschen <\/strong>auf dem Platz einer Palette sicher lagern. <\/h3>\n<\/blockquote>\n<p>Bei Nichtgebrauch oder bei leeren R\u00fcckfahrten l\u00e4sst sich der industrielle Weinflaschencontainer <strong>leicht zusammenfalten, wodurch er weniger Unordnung<\/strong> schafft und eine unvergleichliche Optimierung des Lager- und Transportraums erm\u00f6glicht. Seine Abmessungen sind ideal, um Ihren Transport zu s\u00e4ttigen: 68 offene Beh\u00e4lter entsprechen 330 gefalteten. <\/p>\n<h2>Jeder Metallkorb fasst bis zu 500 Flaschen<\/h2>\n<p class=\"\" data-start=\"41\" data-end=\"119\">Wenn Sie sich f\u00fcr Market Champagne entscheiden, entscheiden Sie sich f\u00fcr einen Beh\u00e4lter, der speziell f\u00fcr die Bed\u00fcrfnisse der Wein- und Weinindustrie entwickelt wurde. Dank seiner robusten Drahtgitterstruktur und der Verzinkung garantiert dieser Beh\u00e4lter Witterungs- und Korrosionsbest\u00e4ndigkeit und damit eine lange Lebensdauer. Dar\u00fcber hinaus machen seine Vielseitigkeit und seine F\u00e4higkeit, den Raum zu optimieren, den Market Champagne zu einer idealen L\u00f6sung f\u00fcr die Lagerung und den Transport von Champagner- und Cuv\u00e9e-Flaschen. Er eignet sich perfekt f\u00fcr Weinkellereien und Weinproduzenten und ist die sichere Wahl zur Verbesserung der Effizienz und Organisation in jedem Lager.   <\/p>\n<ul data-start=\"121\" data-end=\"739\">\n<li class=\"\" data-start=\"121\" data-end=\"251\">\n<p class=\"\" data-start=\"123\" data-end=\"251\"><strong data-start=\"123\" data-end=\"162\">Entwickelt f\u00fcr die Weinindustrie<\/strong>: ideal f\u00fcr Champagner- und Cuv\u00e9e-Flaschen, optimiert er die Lagerung und Handhabung.<\/p>\n<\/li>\n<li class=\"\" data-start=\"252\" data-end=\"363\">\n<p class=\"\" data-start=\"254\" data-end=\"363\"><strong data-start=\"254\" data-end=\"278\">Widerstandsf\u00e4hige Materialien<\/strong>: in Italien hergestellt und galvanisiert, um Wetter, Staub und s\u00e4urehaltigen Fl\u00fcssigkeiten zu widerstehen.<\/p>\n<\/li>\n<li class=\"\" data-start=\"364\" data-end=\"469\">\n<p class=\"\" data-start=\"366\" data-end=\"469\"><strong data-start=\"366\" data-end=\"387\">Robuste Struktur<\/strong>: Selbsttragendes Drahtgeflecht f\u00fcr Langlebigkeit und sofortige Sichtbarkeit des Inhalts.<\/p>\n<\/li>\n<li class=\"\" data-start=\"470\" data-end=\"533\">\n<p class=\"\" data-start=\"472\" data-end=\"533\"><strong data-start=\"472\" data-end=\"497\">Inspektionsluke<\/strong>: Erleichtert die Kommissionierung.<\/p>\n<\/li>\n<li class=\"\" data-start=\"534\" data-end=\"648\">\n<p class=\"\" data-start=\"536\" data-end=\"648\"><strong data-start=\"536\" data-end=\"562\">Vielseitig und anpassungsf\u00e4hig<\/strong>: perfekt f\u00fcr Weinkeller und Weinlager, geeignet f\u00fcr verschiedene Arten von Flaschen. Es ist nicht am Boden befestigt, erfordert keine Zertifizierung und ist nicht nur ein hervorragendes Werkzeug f\u00fcr die Lagerung, sondern auch f\u00fcr die Logistik. <\/p>\n<\/li>\n<li class=\"\" data-start=\"649\" data-end=\"739\">\n<p class=\"\" data-start=\"651\" data-end=\"739\"><strong data-start=\"651\" data-end=\"682\">Raumoptimierung<\/strong>: macht Lagerh\u00e4user und Keller effizienter und organisierter.<\/p>\n<\/li>\n<\/ul>\n<p>Eine der St\u00e4rken von Italiana Contenitori ist die Individualisierung: <strong>Wir kontrollieren den gesamten Produktionszyklus und stellen Industriecontainer \u00fcber das Design her<\/strong>. Sollten die Standardvarianten nicht Ihren spezifischen Anforderungen entsprechen (siehe Datenblatt unten), laden wir Sie ein, sich an unseren Kundendienst zu wenden, der in Zusammenarbeit mit der Technik- und Designabteilung in der Lage ist, eine <strong>ma\u00dfgeschneiderte, langlebige und widerstandsf\u00e4hige L\u00f6sung<\/strong> anzubieten. <\/p>\n<p><strong>N\u00fctzliche Links:  <\/strong><\/p>\n<ul>\n<li><a href=\"https:\/\/www.italianacontenitori.com\/prodotto\/contenitore-in-rete-metallica-per-bottiglie-di-vino-market-93-x-119\/\" target=\"_blank\" rel=\"noopener\">Spezieller Beh\u00e4lter f\u00fcr Flaschen vom Typ Bordeaux (Bordeaux)<\/a><\/li>\n<li><a href=\"https:\/\/www.italianacontenitori.com\/prodotto\/contenitore-in-rete-metallica-per-bottiglie-di-vino-borgognotte-market-85-x-125-cm-bourgogne\/\" target=\"_blank\" rel=\"noopener\">Standardbeh\u00e4lter f\u00fcr Weinflaschen vom Typ Bourgogne.  <\/a>Ma\u00dfe: 85 x 125 cm<\/li>\n<\/ul>\n<p>&nbsp;<\/p>\n<p>Mindestlos 224 St\u00fcck.<\/p>\n","protected":false},"excerpt":{"rendered":"<p>Beh\u00e4lter f\u00fcr Champagner 75cl Flaschen (Aufnahmeverm\u00f6gen 500 horizontale Flaschen). Mindestlos 224 St\u00fcck.<\/p>\n","protected":false},"featured_media":240477,"comment_status":"open","ping_status":"closed","template":"","meta":{"_acf_changed":false,"_et_pb_use_builder":"","_et_pb_old_content":"","_et_gb_content_width":""},"product_brand":[],"product_cat":[1930],"product_tag":[2044],"class_list":{"0":"post-241720","1":"product","2":"type-product","3":"status-publish","4":"has-post-thumbnail","6":"product_cat-market-de","7":"product_tag-containers-de","9":"first","10":"instock","11":"shipping-taxable","12":"purchasable","13":"product-type-variable","14":"has-default-attributes"},"acf":[],"yoast_head":"<!-- This site is optimized with the Yoast SEO plugin v27.3 - https:\/\/yoast.com\/product\/yoast-seo-wordpress\/ -->\n<title>Industrieller Metallbeh\u00e4lter f\u00fcr Champagnerflaschen<\/title>\n<meta name=\"description\" content=\"Drahtgitterbeh\u00e4lter f\u00fcr Champagnerflaschen. Kapazit\u00e4t 1000kg, d.h. 500 Flaschen Champagner. 4 auf 1 stapelbar, faltbar und stabil.\" \/>\n<meta name=\"robots\" content=\"index, follow, max-snippet:-1, max-image-preview:large, max-video-preview:-1\" \/>\n<link rel=\"canonical\" href=\"https:\/\/www.italianacontenitori.com\/de\/prodotto\/market-825-x-1245-champagne\/\" \/>\n<meta property=\"og:locale\" content=\"de_DE\" \/>\n<meta property=\"og:type\" content=\"article\" \/>\n<meta property=\"og:title\" content=\"Industrieller Metallbeh\u00e4lter f\u00fcr Champagnerflaschen\" \/>\n<meta property=\"og:description\" content=\"Drahtgitterbeh\u00e4lter f\u00fcr Champagnerflaschen. Kapazit\u00e4t 1000kg, d.h. 500 Flaschen Champagner. 4 auf 1 stapelbar, faltbar und stabil.\" \/>\n<meta property=\"og:url\" content=\"https:\/\/www.italianacontenitori.com\/de\/prodotto\/market-825-x-1245-champagne\/\" \/>\n<meta property=\"og:site_name\" content=\"italianacontenitori.com\" \/>\n<meta property=\"article:modified_time\" content=\"2026-04-10T14:39:15+00:00\" \/>\n<meta property=\"og:image\" content=\"https:\/\/www.italianacontenitori.com\/wp-content\/uploads\/2020\/12\/MARK082124.png\" \/>\n\t<meta property=\"og:image:width\" content=\"1024\" \/>\n\t<meta property=\"og:image:height\" content=\"1024\" \/>\n\t<meta property=\"og:image:type\" content=\"image\/png\" \/>\n<meta name=\"twitter:card\" content=\"summary_large_image\" \/>\n<meta name=\"twitter:label1\" content=\"Gesch\u00e4tzte Lesezeit\" \/>\n\t<meta name=\"twitter:data1\" content=\"2\u00a0Minuten\" \/>\n<script type=\"application\/ld+json\" class=\"yoast-schema-graph\">{\"@context\":\"https:\\\/\\\/schema.org\",\"@graph\":[{\"@type\":\"WebPage\",\"@id\":\"https:\\\/\\\/www.italianacontenitori.com\\\/de\\\/prodotto\\\/market-825-x-1245-champagne\\\/\",\"url\":\"https:\\\/\\\/www.italianacontenitori.com\\\/de\\\/prodotto\\\/market-825-x-1245-champagne\\\/\",\"name\":\"Industrieller Metallbeh\u00e4lter f\u00fcr Champagnerflaschen\",\"isPartOf\":{\"@id\":\"https:\\\/\\\/www.italianacontenitori.com\\\/de\\\/#website\"},\"primaryImageOfPage\":{\"@id\":\"https:\\\/\\\/www.italianacontenitori.com\\\/de\\\/prodotto\\\/market-825-x-1245-champagne\\\/#primaryimage\"},\"image\":{\"@id\":\"https:\\\/\\\/www.italianacontenitori.com\\\/de\\\/prodotto\\\/market-825-x-1245-champagne\\\/#primaryimage\"},\"thumbnailUrl\":\"https:\\\/\\\/www.italianacontenitori.com\\\/wp-content\\\/uploads\\\/2020\\\/12\\\/MARK082124.png\",\"datePublished\":\"2020-12-03T16:04:46+00:00\",\"dateModified\":\"2026-04-10T14:39:15+00:00\",\"description\":\"Drahtgitterbeh\u00e4lter f\u00fcr Champagnerflaschen. Kapazit\u00e4t 1000kg, d.h. 500 Flaschen Champagner. 4 auf 1 stapelbar, faltbar und stabil.\",\"breadcrumb\":{\"@id\":\"https:\\\/\\\/www.italianacontenitori.com\\\/de\\\/prodotto\\\/market-825-x-1245-champagne\\\/#breadcrumb\"},\"inLanguage\":\"de\",\"potentialAction\":[{\"@type\":\"ReadAction\",\"target\":[\"https:\\\/\\\/www.italianacontenitori.com\\\/de\\\/prodotto\\\/market-825-x-1245-champagne\\\/\"]}]},{\"@type\":\"ImageObject\",\"inLanguage\":\"de\",\"@id\":\"https:\\\/\\\/www.italianacontenitori.com\\\/de\\\/prodotto\\\/market-825-x-1245-champagne\\\/#primaryimage\",\"url\":\"https:\\\/\\\/www.italianacontenitori.com\\\/wp-content\\\/uploads\\\/2020\\\/12\\\/MARK082124.png\",\"contentUrl\":\"https:\\\/\\\/www.italianacontenitori.com\\\/wp-content\\\/uploads\\\/2020\\\/12\\\/MARK082124.png\",\"width\":1024,\"height\":1024,\"caption\":\"Metallgitterbeh\u00e4lter f\u00fcr Champagnerflaschen. Kapazit\u00e4t 1000kg, d.h. 500 Champagnerflaschen. Stapelbar, stapelbar 4 in 1. Modell MARK082124\"},{\"@type\":\"BreadcrumbList\",\"@id\":\"https:\\\/\\\/www.italianacontenitori.com\\\/de\\\/prodotto\\\/market-825-x-1245-champagne\\\/#breadcrumb\",\"itemListElement\":[{\"@type\":\"ListItem\",\"position\":1,\"name\":\"Home\",\"item\":\"https:\\\/\\\/www.italianacontenitori.com\\\/de\\\/metallgitterboxen\\\/\"},{\"@type\":\"ListItem\",\"position\":2,\"name\":\"Industrieller Weinflaschenbeh\u00e4lter &#8211; Market Champagne 82,5 x 124,5 cm\"}]},{\"@type\":\"WebSite\",\"@id\":\"https:\\\/\\\/www.italianacontenitori.com\\\/de\\\/#website\",\"url\":\"https:\\\/\\\/www.italianacontenitori.com\\\/de\\\/\",\"name\":\"italianacontenitori.com\",\"description\":\"Produzione di contenitori industriali e roll container\",\"publisher\":{\"@id\":\"https:\\\/\\\/www.italianacontenitori.com\\\/de\\\/#organization\"},\"potentialAction\":[{\"@type\":\"SearchAction\",\"target\":{\"@type\":\"EntryPoint\",\"urlTemplate\":\"https:\\\/\\\/www.italianacontenitori.com\\\/de\\\/?s={search_term_string}\"},\"query-input\":{\"@type\":\"PropertyValueSpecification\",\"valueRequired\":true,\"valueName\":\"search_term_string\"}}],\"inLanguage\":\"de\"},{\"@type\":\"Organization\",\"@id\":\"https:\\\/\\\/www.italianacontenitori.com\\\/de\\\/#organization\",\"name\":\"Italiana Contenitori s.r.l.\",\"alternateName\":\"IC\",\"url\":\"https:\\\/\\\/www.italianacontenitori.com\\\/de\\\/\",\"logo\":{\"@type\":\"ImageObject\",\"inLanguage\":\"de\",\"@id\":\"https:\\\/\\\/www.italianacontenitori.com\\\/de\\\/#\\\/schema\\\/logo\\\/image\\\/\",\"url\":\"https:\\\/\\\/www.italianacontenitori.com\\\/wp-content\\\/uploads\\\/2020\\\/11\\\/cropped-Logo-Italiana-Contenitori_favicon.jpg\",\"contentUrl\":\"https:\\\/\\\/www.italianacontenitori.com\\\/wp-content\\\/uploads\\\/2020\\\/11\\\/cropped-Logo-Italiana-Contenitori_favicon.jpg\",\"width\":512,\"height\":512,\"caption\":\"Italiana Contenitori s.r.l.\"},\"image\":{\"@id\":\"https:\\\/\\\/www.italianacontenitori.com\\\/de\\\/#\\\/schema\\\/logo\\\/image\\\/\"}}]}<\/script>\n<!-- \/ Yoast SEO plugin. -->","yoast_head_json":{"title":"Industrieller Metallbeh\u00e4lter f\u00fcr Champagnerflaschen","description":"Drahtgitterbeh\u00e4lter f\u00fcr Champagnerflaschen. Kapazit\u00e4t 1000kg, d.h. 500 Flaschen Champagner. 4 auf 1 stapelbar, faltbar und stabil.","robots":{"index":"index","follow":"follow","max-snippet":"max-snippet:-1","max-image-preview":"max-image-preview:large","max-video-preview":"max-video-preview:-1"},"canonical":"https:\/\/www.italianacontenitori.com\/de\/prodotto\/market-825-x-1245-champagne\/","og_locale":"de_DE","og_type":"article","og_title":"Industrieller Metallbeh\u00e4lter f\u00fcr Champagnerflaschen","og_description":"Drahtgitterbeh\u00e4lter f\u00fcr Champagnerflaschen. Kapazit\u00e4t 1000kg, d.h. 500 Flaschen Champagner. 4 auf 1 stapelbar, faltbar und stabil.","og_url":"https:\/\/www.italianacontenitori.com\/de\/prodotto\/market-825-x-1245-champagne\/","og_site_name":"italianacontenitori.com","article_modified_time":"2026-04-10T14:39:15+00:00","og_image":[{"width":1024,"height":1024,"url":"https:\/\/www.italianacontenitori.com\/wp-content\/uploads\/2020\/12\/MARK082124.png","type":"image\/png"}],"twitter_card":"summary_large_image","twitter_misc":{"Gesch\u00e4tzte Lesezeit":"2\u00a0Minuten"},"schema":{"@context":"https:\/\/schema.org","@graph":[{"@type":"WebPage","@id":"https:\/\/www.italianacontenitori.com\/de\/prodotto\/market-825-x-1245-champagne\/","url":"https:\/\/www.italianacontenitori.com\/de\/prodotto\/market-825-x-1245-champagne\/","name":"Industrieller Metallbeh\u00e4lter f\u00fcr Champagnerflaschen","isPartOf":{"@id":"https:\/\/www.italianacontenitori.com\/de\/#website"},"primaryImageOfPage":{"@id":"https:\/\/www.italianacontenitori.com\/de\/prodotto\/market-825-x-1245-champagne\/#primaryimage"},"image":{"@id":"https:\/\/www.italianacontenitori.com\/de\/prodotto\/market-825-x-1245-champagne\/#primaryimage"},"thumbnailUrl":"https:\/\/www.italianacontenitori.com\/wp-content\/uploads\/2020\/12\/MARK082124.png","datePublished":"2020-12-03T16:04:46+00:00","dateModified":"2026-04-10T14:39:15+00:00","description":"Drahtgitterbeh\u00e4lter f\u00fcr Champagnerflaschen. Kapazit\u00e4t 1000kg, d.h. 500 Flaschen Champagner. 4 auf 1 stapelbar, faltbar und stabil.","breadcrumb":{"@id":"https:\/\/www.italianacontenitori.com\/de\/prodotto\/market-825-x-1245-champagne\/#breadcrumb"},"inLanguage":"de","potentialAction":[{"@type":"ReadAction","target":["https:\/\/www.italianacontenitori.com\/de\/prodotto\/market-825-x-1245-champagne\/"]}]},{"@type":"ImageObject","inLanguage":"de","@id":"https:\/\/www.italianacontenitori.com\/de\/prodotto\/market-825-x-1245-champagne\/#primaryimage","url":"https:\/\/www.italianacontenitori.com\/wp-content\/uploads\/2020\/12\/MARK082124.png","contentUrl":"https:\/\/www.italianacontenitori.com\/wp-content\/uploads\/2020\/12\/MARK082124.png","width":1024,"height":1024,"caption":"Metallgitterbeh\u00e4lter f\u00fcr Champagnerflaschen. Kapazit\u00e4t 1000kg, d.h. 500 Champagnerflaschen. Stapelbar, stapelbar 4 in 1. Modell MARK082124"},{"@type":"BreadcrumbList","@id":"https:\/\/www.italianacontenitori.com\/de\/prodotto\/market-825-x-1245-champagne\/#breadcrumb","itemListElement":[{"@type":"ListItem","position":1,"name":"Home","item":"https:\/\/www.italianacontenitori.com\/de\/metallgitterboxen\/"},{"@type":"ListItem","position":2,"name":"Industrieller Weinflaschenbeh\u00e4lter &#8211; Market Champagne 82,5 x 124,5 cm"}]},{"@type":"WebSite","@id":"https:\/\/www.italianacontenitori.com\/de\/#website","url":"https:\/\/www.italianacontenitori.com\/de\/","name":"italianacontenitori.com","description":"Produzione di contenitori industriali e roll container","publisher":{"@id":"https:\/\/www.italianacontenitori.com\/de\/#organization"},"potentialAction":[{"@type":"SearchAction","target":{"@type":"EntryPoint","urlTemplate":"https:\/\/www.italianacontenitori.com\/de\/?s={search_term_string}"},"query-input":{"@type":"PropertyValueSpecification","valueRequired":true,"valueName":"search_term_string"}}],"inLanguage":"de"},{"@type":"Organization","@id":"https:\/\/www.italianacontenitori.com\/de\/#organization","name":"Italiana Contenitori s.r.l.","alternateName":"IC","url":"https:\/\/www.italianacontenitori.com\/de\/","logo":{"@type":"ImageObject","inLanguage":"de","@id":"https:\/\/www.italianacontenitori.com\/de\/#\/schema\/logo\/image\/","url":"https:\/\/www.italianacontenitori.com\/wp-content\/uploads\/2020\/11\/cropped-Logo-Italiana-Contenitori_favicon.jpg","contentUrl":"https:\/\/www.italianacontenitori.com\/wp-content\/uploads\/2020\/11\/cropped-Logo-Italiana-Contenitori_favicon.jpg","width":512,"height":512,"caption":"Italiana Contenitori s.r.l."},"image":{"@id":"https:\/\/www.italianacontenitori.com\/de\/#\/schema\/logo\/image\/"}}]}},"_links":{"self":[{"href":"https:\/\/www.italianacontenitori.com\/de\/wp-json\/wp\/v2\/product\/241720","targetHints":{"allow":["GET"]}}],"collection":[{"href":"https:\/\/www.italianacontenitori.com\/de\/wp-json\/wp\/v2\/product"}],"about":[{"href":"https:\/\/www.italianacontenitori.com\/de\/wp-json\/wp\/v2\/types\/product"}],"replies":[{"embeddable":true,"href":"https:\/\/www.italianacontenitori.com\/de\/wp-json\/wp\/v2\/comments?post=241720"}],"wp:featuredmedia":[{"embeddable":true,"href":"https:\/\/www.italianacontenitori.com\/de\/wp-json\/wp\/v2\/media\/240477"}],"wp:attachment":[{"href":"https:\/\/www.italianacontenitori.com\/de\/wp-json\/wp\/v2\/media?parent=241720"}],"wp:term":[{"taxonomy":"product_brand","embeddable":true,"href":"https:\/\/www.italianacontenitori.com\/de\/wp-json\/wp\/v2\/product_brand?post=241720"},{"taxonomy":"product_cat","embeddable":true,"href":"https:\/\/www.italianacontenitori.com\/de\/wp-json\/wp\/v2\/product_cat?post=241720"},{"taxonomy":"product_tag","embeddable":true,"href":"https:\/\/www.italianacontenitori.com\/de\/wp-json\/wp\/v2\/product_tag?post=241720"}],"curies":[{"name":"wp","href":"https:\/\/api.w.org\/{rel}","templated":true}]}}