{"id":241753,"date":"2020-12-03T16:55:39","date_gmt":"2020-12-03T16:55:39","guid":{"rendered":"https:\/\/www.italianacontenitori.com\/product\/roll-120-x-80-cm-verstaerkter-boden\/"},"modified":"2026-04-10T14:38:10","modified_gmt":"2026-04-10T14:38:10","slug":"roll-120-x-80-cm-verstarkter-boden","status":"publish","type":"product","link":"https:\/\/www.italianacontenitori.com\/de\/produkt\/roll-120-x-80-cm-verstarkter-boden\/","title":{"rendered":"Rollcontainer MAXI 120 x 80 cm &#8211; Verst\u00e4rkt"},"content":{"rendered":"<p>Der <strong>Rollcontainer maxi 120 x 80 cm mit verst\u00e4rktem Boden<\/strong> ist die ideale Wahl f\u00fcr die Lagerung und den Umschlag sperriger G\u00fcter. Seine Au\u00dfenma\u00dfe von <strong>1200 x 800 mm<\/strong> entsprechen genau denen einer <strong>Standardpalette<\/strong>, was einen effizienten Transport per LKW garantiert und den Platz f\u00fcr schnelle Be- und Entladevorg\u00e4nge optimiert. Er kann bis zu <strong>drei horizontale Fachb\u00f6den<\/strong> aufnehmen und erm\u00f6glicht so eine optimale Verwaltung des verf\u00fcgbaren Volumens und damit der transportierten G\u00fcter.  <\/p>\n<p>Dieser Rollcontainer wurde f\u00fcr den intensiven Einsatz in Umgebungen wie <strong>Superm\u00e4rkten<\/strong>, <strong>industriellen W\u00e4schereien<\/strong> und <strong>Fertigungsbetrieben<\/strong> entwickelt und ist in drei verschiedenen H\u00f6hen &#8211; <strong>1520 mm, 1650 mm und 1800 mm<\/strong> &#8211; erh\u00e4ltlich, um den unterschiedlichen betrieblichen Anforderungen der jeweiligen Branche gerecht zu werden. Sein <strong>zerlegbares Design<\/strong> erleichtert den Transport und optimiert den Platzbedarf, so dass mehrere<strong> zerlegte Einheiten<\/strong> in einem zusammengebauten Container transportiert werden k\u00f6nnen. <\/p>\n<h2><strong>Roll maxi 120 x 80 cm auf einen Blick:<\/strong><\/h2>\n<ul>\n<li><strong>Au\u00dfenma\u00dfe<\/strong>: 1200 x 800 mm (Ma\u00dfe einer Standardpalette)<\/li>\n<li><strong>Verf\u00fcgbare H\u00f6hen<\/strong>: 1520 mm, 1650 mm, 1800 mm<\/li>\n<li><strong>Maximale Tragf\u00e4higkeit<\/strong>: 600 kg<\/li>\n<\/ul>\n<p>Ausgestattet mit einem<strong> dichten<\/strong><strong>Metallgitterboden<\/strong> garantiert der <strong>Rollcontainer<\/strong> hohe Festigkeit und Sicherheit und verhindert, dass Waren w\u00e4hrend des Transports herausfallen. Die Seitenschienen, die mit einer <strong>Klappe<\/strong> konfiguriert werden k\u00f6nnen, machen das Be- und Entladen einfacher und effizienter. Die R\u00e4der, die in verschiedenen Materialien wie <strong>Nylon<\/strong> und <strong>ger\u00e4uscharmem Gummi<\/strong> erh\u00e4ltlich sind, garantieren eine hervorragende Man\u00f6vrierf\u00e4higkeit, auch in Umgebungen, die Ger\u00e4uschlosigkeit erfordern.  <\/p>\n<p>Der aus robustem <strong>Eisen<\/strong> gefertigte Beh\u00e4lter ist durch seine <strong>elektrolytische blau-wei\u00dfe Lackierung<\/strong> dauerhaft vor Korrosion gesch\u00fctzt und eignet sich daher f\u00fcr industrielle Umgebungen. Mit einer Tragf\u00e4higkeit von bis zu <strong>600 kg<\/strong> garantiert dieser <strong>Rollcontainer maxi<\/strong> mit <strong>Eckverst\u00e4rkungen im Boden<\/strong> eine hervorragende Stabilit\u00e4t und eine lange Lebensdauer auch bei intensiver Nutzung. Der <strong>Rollcontainer maxi<\/strong> ist ein unersetzlicher Verb\u00fcndeter f\u00fcr alle, die logistische Effizienz, optimierte Zeit und maximale Vielseitigkeit ben\u00f6tigen, insbesondere in Branchen, die robuste und sichere L\u00f6sungen f\u00fcr den <strong>Umschlag von gro\u00dfen und schweren G\u00fctern und Produkten<\/strong> ben\u00f6tigen <strong>.<\/strong>  <\/p>\n","protected":false},"excerpt":{"rendered":"<p>Gro\u00dfer Rollbeh\u00e4lter zur Lagerung und Handhabung. Er bietet Platz f\u00fcr bis zu drei horizontale Zwischenb\u00f6den. Erh\u00e4ltlich in verschiedenen H\u00f6hen und Konfigurationen, um die Lagerung und Handhabung von Waren bestens verwalten zu k\u00f6nnen. Die Verst\u00e4rkungen an den Ecken des Bodens sorgen f\u00fcr mehr Belastbarkeit.<\/p>\n","protected":false},"featured_media":240252,"comment_status":"open","ping_status":"closed","template":"","meta":{"_acf_changed":false,"_et_pb_use_builder":"","_et_pb_old_content":"","_et_gb_content_width":""},"product_brand":[],"product_cat":[1547],"product_tag":[2118],"class_list":{"0":"post-241753","1":"product","2":"type-product","3":"status-publish","4":"has-post-thumbnail","6":"product_cat-roll-container-de","7":"product_tag-rollcontainer-maxi-abmessungen","9":"first","10":"instock","11":"shipping-taxable","12":"purchasable","13":"product-type-variable","14":"has-default-attributes"},"acf":[],"yoast_head":"<!-- This site is optimized with the Yoast SEO plugin v27.3 - https:\/\/yoast.com\/product\/yoast-seo-wordpress\/ -->\n<title>Rollcontainer MAXI | Verst\u00e4rkt: 120 x 80 cm | Italiana Contenitori<\/title>\n<meta name=\"description\" content=\"Rollcontainer Maxi mit verst\u00e4rktem Boden, robust und stabil f\u00fcr Lasten bis zu 600 kg. Zerlegbar und individuell gestaltbar. Wir stellen bereits seit 1981 Rollen her.\" \/>\n<meta name=\"robots\" content=\"index, follow, max-snippet:-1, max-image-preview:large, max-video-preview:-1\" \/>\n<link rel=\"canonical\" href=\"https:\/\/www.italianacontenitori.com\/de\/produkt\/roll-120-x-80-cm-verstarkter-boden\/\" \/>\n<meta property=\"og:locale\" content=\"de_DE\" \/>\n<meta property=\"og:type\" content=\"article\" \/>\n<meta property=\"og:title\" content=\"Rollcontainer MAXI | Verst\u00e4rkt: 120 x 80 cm | Italiana Contenitori\" \/>\n<meta property=\"og:description\" content=\"Rollcontainer Maxi mit verst\u00e4rktem Boden, robust und stabil f\u00fcr Lasten bis zu 600 kg. Zerlegbar und individuell gestaltbar. Wir stellen bereits seit 1981 Rollen her.\" \/>\n<meta property=\"og:url\" content=\"https:\/\/www.italianacontenitori.com\/de\/produkt\/roll-120-x-80-cm-verstarkter-boden\/\" \/>\n<meta property=\"og:site_name\" content=\"italianacontenitori.com\" \/>\n<meta property=\"article:modified_time\" content=\"2026-04-10T14:38:10+00:00\" \/>\n<meta property=\"og:image\" content=\"https:\/\/www.italianacontenitori.com\/wp-content\/uploads\/2020\/12\/ROLR0170H4R0-1.png\" \/>\n\t<meta property=\"og:image:width\" content=\"1024\" \/>\n\t<meta property=\"og:image:height\" content=\"1024\" \/>\n\t<meta property=\"og:image:type\" content=\"image\/png\" \/>\n<meta name=\"twitter:card\" content=\"summary_large_image\" \/>\n<meta name=\"twitter:label1\" content=\"Gesch\u00e4tzte Lesezeit\" \/>\n\t<meta name=\"twitter:data1\" content=\"2\u00a0Minuten\" \/>\n<script type=\"application\/ld+json\" class=\"yoast-schema-graph\">{\"@context\":\"https:\\\/\\\/schema.org\",\"@graph\":[{\"@type\":\"WebPage\",\"@id\":\"https:\\\/\\\/www.italianacontenitori.com\\\/de\\\/produkt\\\/roll-120-x-80-cm-verstarkter-boden\\\/\",\"url\":\"https:\\\/\\\/www.italianacontenitori.com\\\/de\\\/produkt\\\/roll-120-x-80-cm-verstarkter-boden\\\/\",\"name\":\"Rollcontainer MAXI | Verst\u00e4rkt: 120 x 80 cm | Italiana Contenitori\",\"isPartOf\":{\"@id\":\"https:\\\/\\\/www.italianacontenitori.com\\\/de\\\/#website\"},\"primaryImageOfPage\":{\"@id\":\"https:\\\/\\\/www.italianacontenitori.com\\\/de\\\/produkt\\\/roll-120-x-80-cm-verstarkter-boden\\\/#primaryimage\"},\"image\":{\"@id\":\"https:\\\/\\\/www.italianacontenitori.com\\\/de\\\/produkt\\\/roll-120-x-80-cm-verstarkter-boden\\\/#primaryimage\"},\"thumbnailUrl\":\"https:\\\/\\\/www.italianacontenitori.com\\\/wp-content\\\/uploads\\\/2020\\\/12\\\/ROLR0170H4R0-1.png\",\"datePublished\":\"2020-12-03T16:55:39+00:00\",\"dateModified\":\"2026-04-10T14:38:10+00:00\",\"description\":\"Rollcontainer Maxi mit verst\u00e4rktem Boden, robust und stabil f\u00fcr Lasten bis zu 600 kg. Zerlegbar und individuell gestaltbar. Wir stellen bereits seit 1981 Rollen her.\",\"breadcrumb\":{\"@id\":\"https:\\\/\\\/www.italianacontenitori.com\\\/de\\\/produkt\\\/roll-120-x-80-cm-verstarkter-boden\\\/#breadcrumb\"},\"inLanguage\":\"de\",\"potentialAction\":[{\"@type\":\"ReadAction\",\"target\":[\"https:\\\/\\\/www.italianacontenitori.com\\\/de\\\/produkt\\\/roll-120-x-80-cm-verstarkter-boden\\\/\"]}]},{\"@type\":\"ImageObject\",\"inLanguage\":\"de\",\"@id\":\"https:\\\/\\\/www.italianacontenitori.com\\\/de\\\/produkt\\\/roll-120-x-80-cm-verstarkter-boden\\\/#primaryimage\",\"url\":\"https:\\\/\\\/www.italianacontenitori.com\\\/wp-content\\\/uploads\\\/2020\\\/12\\\/ROLR0170H4R0-1.png\",\"contentUrl\":\"https:\\\/\\\/www.italianacontenitori.com\\\/wp-content\\\/uploads\\\/2020\\\/12\\\/ROLR0170H4R0-1.png\",\"width\":1024,\"height\":1024,\"caption\":\"MAXI-Rollbeh\u00e4lter mit Standardboden 120 x 80 cm. Max. Tragf\u00e4higkeit: 600 kg. Verschiedene H\u00f6hen verf\u00fcgbar. Bis zu 3 Einlegeb\u00f6den, und Zubeh\u00f6r\"},{\"@type\":\"BreadcrumbList\",\"@id\":\"https:\\\/\\\/www.italianacontenitori.com\\\/de\\\/produkt\\\/roll-120-x-80-cm-verstarkter-boden\\\/#breadcrumb\",\"itemListElement\":[{\"@type\":\"ListItem\",\"position\":1,\"name\":\"Home\",\"item\":\"https:\\\/\\\/www.italianacontenitori.com\\\/de\\\/metallgitterboxen\\\/\"},{\"@type\":\"ListItem\",\"position\":2,\"name\":\"Rollcontainer MAXI 120 x 80 cm &#8211; Verst\u00e4rkt\"}]},{\"@type\":\"WebSite\",\"@id\":\"https:\\\/\\\/www.italianacontenitori.com\\\/de\\\/#website\",\"url\":\"https:\\\/\\\/www.italianacontenitori.com\\\/de\\\/\",\"name\":\"italianacontenitori.com\",\"description\":\"Produzione di contenitori industriali e roll container\",\"publisher\":{\"@id\":\"https:\\\/\\\/www.italianacontenitori.com\\\/de\\\/#organization\"},\"potentialAction\":[{\"@type\":\"SearchAction\",\"target\":{\"@type\":\"EntryPoint\",\"urlTemplate\":\"https:\\\/\\\/www.italianacontenitori.com\\\/de\\\/?s={search_term_string}\"},\"query-input\":{\"@type\":\"PropertyValueSpecification\",\"valueRequired\":true,\"valueName\":\"search_term_string\"}}],\"inLanguage\":\"de\"},{\"@type\":\"Organization\",\"@id\":\"https:\\\/\\\/www.italianacontenitori.com\\\/de\\\/#organization\",\"name\":\"Italiana Contenitori s.r.l.\",\"alternateName\":\"IC\",\"url\":\"https:\\\/\\\/www.italianacontenitori.com\\\/de\\\/\",\"logo\":{\"@type\":\"ImageObject\",\"inLanguage\":\"de\",\"@id\":\"https:\\\/\\\/www.italianacontenitori.com\\\/de\\\/#\\\/schema\\\/logo\\\/image\\\/\",\"url\":\"https:\\\/\\\/www.italianacontenitori.com\\\/wp-content\\\/uploads\\\/2020\\\/11\\\/cropped-Logo-Italiana-Contenitori_favicon.jpg\",\"contentUrl\":\"https:\\\/\\\/www.italianacontenitori.com\\\/wp-content\\\/uploads\\\/2020\\\/11\\\/cropped-Logo-Italiana-Contenitori_favicon.jpg\",\"width\":512,\"height\":512,\"caption\":\"Italiana Contenitori s.r.l.\"},\"image\":{\"@id\":\"https:\\\/\\\/www.italianacontenitori.com\\\/de\\\/#\\\/schema\\\/logo\\\/image\\\/\"}}]}<\/script>\n<!-- \/ Yoast SEO plugin. -->","yoast_head_json":{"title":"Rollcontainer MAXI | Verst\u00e4rkt: 120 x 80 cm | Italiana Contenitori","description":"Rollcontainer Maxi mit verst\u00e4rktem Boden, robust und stabil f\u00fcr Lasten bis zu 600 kg. Zerlegbar und individuell gestaltbar. Wir stellen bereits seit 1981 Rollen her.","robots":{"index":"index","follow":"follow","max-snippet":"max-snippet:-1","max-image-preview":"max-image-preview:large","max-video-preview":"max-video-preview:-1"},"canonical":"https:\/\/www.italianacontenitori.com\/de\/produkt\/roll-120-x-80-cm-verstarkter-boden\/","og_locale":"de_DE","og_type":"article","og_title":"Rollcontainer MAXI | Verst\u00e4rkt: 120 x 80 cm | Italiana Contenitori","og_description":"Rollcontainer Maxi mit verst\u00e4rktem Boden, robust und stabil f\u00fcr Lasten bis zu 600 kg. Zerlegbar und individuell gestaltbar. Wir stellen bereits seit 1981 Rollen her.","og_url":"https:\/\/www.italianacontenitori.com\/de\/produkt\/roll-120-x-80-cm-verstarkter-boden\/","og_site_name":"italianacontenitori.com","article_modified_time":"2026-04-10T14:38:10+00:00","og_image":[{"width":1024,"height":1024,"url":"https:\/\/www.italianacontenitori.com\/wp-content\/uploads\/2020\/12\/ROLR0170H4R0-1.png","type":"image\/png"}],"twitter_card":"summary_large_image","twitter_misc":{"Gesch\u00e4tzte Lesezeit":"2\u00a0Minuten"},"schema":{"@context":"https:\/\/schema.org","@graph":[{"@type":"WebPage","@id":"https:\/\/www.italianacontenitori.com\/de\/produkt\/roll-120-x-80-cm-verstarkter-boden\/","url":"https:\/\/www.italianacontenitori.com\/de\/produkt\/roll-120-x-80-cm-verstarkter-boden\/","name":"Rollcontainer MAXI | Verst\u00e4rkt: 120 x 80 cm | Italiana Contenitori","isPartOf":{"@id":"https:\/\/www.italianacontenitori.com\/de\/#website"},"primaryImageOfPage":{"@id":"https:\/\/www.italianacontenitori.com\/de\/produkt\/roll-120-x-80-cm-verstarkter-boden\/#primaryimage"},"image":{"@id":"https:\/\/www.italianacontenitori.com\/de\/produkt\/roll-120-x-80-cm-verstarkter-boden\/#primaryimage"},"thumbnailUrl":"https:\/\/www.italianacontenitori.com\/wp-content\/uploads\/2020\/12\/ROLR0170H4R0-1.png","datePublished":"2020-12-03T16:55:39+00:00","dateModified":"2026-04-10T14:38:10+00:00","description":"Rollcontainer Maxi mit verst\u00e4rktem Boden, robust und stabil f\u00fcr Lasten bis zu 600 kg. Zerlegbar und individuell gestaltbar. Wir stellen bereits seit 1981 Rollen her.","breadcrumb":{"@id":"https:\/\/www.italianacontenitori.com\/de\/produkt\/roll-120-x-80-cm-verstarkter-boden\/#breadcrumb"},"inLanguage":"de","potentialAction":[{"@type":"ReadAction","target":["https:\/\/www.italianacontenitori.com\/de\/produkt\/roll-120-x-80-cm-verstarkter-boden\/"]}]},{"@type":"ImageObject","inLanguage":"de","@id":"https:\/\/www.italianacontenitori.com\/de\/produkt\/roll-120-x-80-cm-verstarkter-boden\/#primaryimage","url":"https:\/\/www.italianacontenitori.com\/wp-content\/uploads\/2020\/12\/ROLR0170H4R0-1.png","contentUrl":"https:\/\/www.italianacontenitori.com\/wp-content\/uploads\/2020\/12\/ROLR0170H4R0-1.png","width":1024,"height":1024,"caption":"MAXI-Rollbeh\u00e4lter mit Standardboden 120 x 80 cm. Max. Tragf\u00e4higkeit: 600 kg. Verschiedene H\u00f6hen verf\u00fcgbar. Bis zu 3 Einlegeb\u00f6den, und Zubeh\u00f6r"},{"@type":"BreadcrumbList","@id":"https:\/\/www.italianacontenitori.com\/de\/produkt\/roll-120-x-80-cm-verstarkter-boden\/#breadcrumb","itemListElement":[{"@type":"ListItem","position":1,"name":"Home","item":"https:\/\/www.italianacontenitori.com\/de\/metallgitterboxen\/"},{"@type":"ListItem","position":2,"name":"Rollcontainer MAXI 120 x 80 cm &#8211; Verst\u00e4rkt"}]},{"@type":"WebSite","@id":"https:\/\/www.italianacontenitori.com\/de\/#website","url":"https:\/\/www.italianacontenitori.com\/de\/","name":"italianacontenitori.com","description":"Produzione di contenitori industriali e roll container","publisher":{"@id":"https:\/\/www.italianacontenitori.com\/de\/#organization"},"potentialAction":[{"@type":"SearchAction","target":{"@type":"EntryPoint","urlTemplate":"https:\/\/www.italianacontenitori.com\/de\/?s={search_term_string}"},"query-input":{"@type":"PropertyValueSpecification","valueRequired":true,"valueName":"search_term_string"}}],"inLanguage":"de"},{"@type":"Organization","@id":"https:\/\/www.italianacontenitori.com\/de\/#organization","name":"Italiana Contenitori s.r.l.","alternateName":"IC","url":"https:\/\/www.italianacontenitori.com\/de\/","logo":{"@type":"ImageObject","inLanguage":"de","@id":"https:\/\/www.italianacontenitori.com\/de\/#\/schema\/logo\/image\/","url":"https:\/\/www.italianacontenitori.com\/wp-content\/uploads\/2020\/11\/cropped-Logo-Italiana-Contenitori_favicon.jpg","contentUrl":"https:\/\/www.italianacontenitori.com\/wp-content\/uploads\/2020\/11\/cropped-Logo-Italiana-Contenitori_favicon.jpg","width":512,"height":512,"caption":"Italiana Contenitori s.r.l."},"image":{"@id":"https:\/\/www.italianacontenitori.com\/de\/#\/schema\/logo\/image\/"}}]}},"_links":{"self":[{"href":"https:\/\/www.italianacontenitori.com\/de\/wp-json\/wp\/v2\/product\/241753","targetHints":{"allow":["GET"]}}],"collection":[{"href":"https:\/\/www.italianacontenitori.com\/de\/wp-json\/wp\/v2\/product"}],"about":[{"href":"https:\/\/www.italianacontenitori.com\/de\/wp-json\/wp\/v2\/types\/product"}],"replies":[{"embeddable":true,"href":"https:\/\/www.italianacontenitori.com\/de\/wp-json\/wp\/v2\/comments?post=241753"}],"wp:featuredmedia":[{"embeddable":true,"href":"https:\/\/www.italianacontenitori.com\/de\/wp-json\/wp\/v2\/media\/240252"}],"wp:attachment":[{"href":"https:\/\/www.italianacontenitori.com\/de\/wp-json\/wp\/v2\/media?parent=241753"}],"wp:term":[{"taxonomy":"product_brand","embeddable":true,"href":"https:\/\/www.italianacontenitori.com\/de\/wp-json\/wp\/v2\/product_brand?post=241753"},{"taxonomy":"product_cat","embeddable":true,"href":"https:\/\/www.italianacontenitori.com\/de\/wp-json\/wp\/v2\/product_cat?post=241753"},{"taxonomy":"product_tag","embeddable":true,"href":"https:\/\/www.italianacontenitori.com\/de\/wp-json\/wp\/v2\/product_tag?post=241753"}],"curies":[{"name":"wp","href":"https:\/\/api.w.org\/{rel}","templated":true}]}}