{"id":239278,"date":"2020-12-30T10:15:48","date_gmt":"2020-12-30T10:15:48","guid":{"rendered":"https:\/\/www.italianacontenitori.com\/tienda\/"},"modified":"2026-01-15T09:01:39","modified_gmt":"2026-01-15T09:01:39","slug":"cataogo-es","status":"publish","type":"page","link":"https:\/\/www.italianacontenitori.com\/es\/cataogo-es\/","title":{"rendered":"Cat\u00e1logo Espa\u00f1ol"},"content":{"rendered":"<p>[et_pb_section fb_built=&#8221;1&#8243; specialty=&#8221;on&#8221; _builder_version=&#8221;4.16&#8243; _module_preset=&#8221;default&#8221; background_color=&#8221;#f2f2f2&#8243; width=&#8221;100%&#8221; max_width=&#8221;100%&#8221; inner_width=&#8221;100%&#8221; inner_max_width=&#8221;100%&#8221; custom_padding=&#8221;2px|||10px|false|false&#8221; global_colors_info=&#8221;{}&#8221;][et_pb_column type=&#8221;3_4&#8243; specialty_columns=&#8221;3&#8243; _builder_version=&#8221;4.16&#8243; custom_padding=&#8221;|||&#8221; global_colors_info=&#8221;{}&#8221; custom_padding__hover=&#8221;|||&#8221;][et_pb_row_inner column_structure=&#8221;1_2,1_2&#8243; use_custom_gutter=&#8221;on&#8221; gutter_width=&#8221;2&#8243; _builder_version=&#8221;4.16&#8243; _module_preset=&#8221;default&#8221; width=&#8221;100%&#8221; max_width=&#8221;100%&#8221; custom_padding=&#8221;||4px|||&#8221; global_colors_info=&#8221;{}&#8221;][et_pb_column_inner type=&#8221;1_2&#8243; saved_specialty_column_type=&#8221;3_4&#8243; _builder_version=&#8221;4.16&#8243; _module_preset=&#8221;default&#8221; global_colors_info=&#8221;{}&#8221;][et_pb_sidebar area=&#8221;et_pb_widget_area_1&#8243; disabled_on=&#8221;off|off|off&#8221; admin_label=&#8221;Famiglia&#8221; _builder_version=&#8221;4.16&#8243; _module_preset=&#8221;default&#8221; global_colors_info=&#8221;{}&#8221;][\/et_pb_sidebar][\/et_pb_column_inner][et_pb_column_inner type=&#8221;1_2&#8243; saved_specialty_column_type=&#8221;3_4&#8243; _builder_version=&#8221;4.16&#8243; _module_preset=&#8221;default&#8221; global_colors_info=&#8221;{}&#8221;][et_pb_sidebar area=&#8221;et_pb_widget_area_2&#8243; disabled_on=&#8221;off|off|off&#8221; admin_label=&#8221;Impieghi&#8221; _builder_version=&#8221;4.16&#8243; _module_preset=&#8221;default&#8221; global_colors_info=&#8221;{}&#8221;][\/et_pb_sidebar][\/et_pb_column_inner][\/et_pb_row_inner][et_pb_row_inner _builder_version=&#8221;4.16&#8243; _module_preset=&#8221;default&#8221; custom_padding=&#8221;4px|||||&#8221; global_colors_info=&#8221;{}&#8221;][et_pb_column_inner saved_specialty_column_type=&#8221;3_4&#8243; _builder_version=&#8221;4.16&#8243; _module_preset=&#8221;default&#8221; global_colors_info=&#8221;{}&#8221;][et_pb_shop posts_number=&#8221;25&#8243; show_pagination=&#8221;on&#8221; columns_number=&#8221;4&#8243; _builder_version=&#8221;4.27.0&#8243; _module_preset=&#8221;default&#8221; title_text_color=&#8221;#01A25F&#8221; title_font_size=&#8221;20px&#8221; title_letter_spacing=&#8221;1px&#8221; rating_font_size=&#8221;10px&#8221; rating_letter_spacing=&#8221;4px&#8221; background_color=&#8221;rgba(0,0,0,0.01)&#8221; child_filter_brightness=&#8221;95%&#8221; hover_enabled=&#8221;0&#8243; bapf_apply=&#8221;enable&#8221; border_radii_image=&#8221;on|10px|10px|10px|10px&#8221; global_colors_info=&#8221;{}&#8221; sticky_enabled=&#8221;0&#8243;][\/et_pb_shop][\/et_pb_column_inner][\/et_pb_row_inner][et_pb_row_inner _builder_version=&#8221;4.23.1&#8243; _module_preset=&#8221;default&#8221; global_colors_info=&#8221;{}&#8221;][et_pb_column_inner saved_specialty_column_type=&#8221;3_4&#8243; _builder_version=&#8221;4.23.1&#8243; _module_preset=&#8221;default&#8221; global_colors_info=&#8221;{}&#8221;][et_pb_text _builder_version=&#8221;4.23.1&#8243; _module_preset=&#8221;default&#8221; header_font_size=&#8221;40px&#8221; custom_margin=&#8221;||1px|||&#8221; custom_padding=&#8221;||19px|||&#8221; global_colors_info=&#8221;{}&#8221;]<\/p>\n<h1>El cat\u00e1logo de Italiana Contenitori<\/h1>\n<h2><span style=\"color: #339966;\">El valor de un producto que ha hecho de la perfecci\u00f3n una tradici\u00f3n<\/span><\/h2>\n<p>[\/et_pb_text][et_pb_text _builder_version=&#8221;4.23.1&#8243; _module_preset=&#8221;default&#8221; global_colors_info=&#8221;{}&#8221;]<\/p>\n<p>Con m\u00e1s de cuatro d\u00e9cadas de experiencia en el sector, nos enorgullece presentar nuestro cat\u00e1logo de soluciones de almacenamiento y manipulaci\u00f3n de mercanc\u00edas, contenedores de malla met\u00e1lica galvanizada que representan la excelencia en log\u00edstica y almacenamiento. Nuestros contenedores son un <strong>emblema de robustez, resistencia y durabilidad,<\/strong> fruto de la experiencia y de un compromiso constante con la investigaci\u00f3n y el desarrollo. Al elegir Italiana Contenitori, opta por <strong>un socio<\/strong> de confianza, capaz de ofrecerle soluciones de calidad superior a un precio competitivo. Conf\u00ede en nuestra experiencia para sus necesidades de contenedores met\u00e1licos.<\/p>\n<h2>\u00bfPor qu\u00e9 elegir contenedores de malla met\u00e1lica?<\/h2>\n<p>Los <strong>contenedores de malla met\u00e1lica<\/strong> son ligeros, \u00e1giles y pueden plegarse cuando no se utilizan, apilarse para crear almacenes verticales, utilizarse para trasladar mercanc\u00edas pesadas sin esfuerzo y sin ruido, colocarse sobre pal\u00e9s para crear espacios de carga, utilizarse para transportar objetos de valor de forma segura.<\/p>\n<h2>Tipos de contenedores de alambre<\/h2>\n<p>Descubra en nuestro surtido una variedad de contenedores de malla met\u00e1lica dise\u00f1ados para optimizar la gesti\u00f3n del espacio y la log\u00edstica en su entorno de trabajo. Nuestra l\u00ednea de <strong>roll containers<\/strong>, disponible en numerosas configuraciones de dos, tres y cuatro lados, se ha desarrollado para garantizar una manipulaci\u00f3n segura, eficaz y sin problemas de las mercanc\u00edas.<\/p>\n<p>Para la manipulaci\u00f3n de pal\u00e9s, en el cat\u00e1logo encontrar\u00e1 <strong>mamparas<\/strong> especialmente dise\u00f1adas para aprovechar al m\u00e1ximo el espacio disponible. Nuestro cat\u00e1logo se ampl\u00eda con <strong>cajas y cestas met\u00e1licas<\/strong>, dise\u00f1adas para satisfacer las necesidades espec\u00edficas de diferentes industrias, como las series Market, Leggero y Emak.<\/p>\n<h2>Aplicaciones y \u00e1mbitos de uso de las cestas de malla met\u00e1lica y los roll containers<\/h2>\n<p>Nuestra gama de productos es id\u00f3nea para muchos sectores, desde la lavander\u00eda a la industria pesada, pasando por el vino y la agricultura, hasta la gran distribuci\u00f3n y las instalaciones hospitalarias. Para la manipulaci\u00f3n de mercanc\u00edas delicadas o especialmente valiosas, como objetos de valor o productos de alta tecnolog\u00eda, encontrar\u00e1 nuestra serie de contenedores enrollables de seguridad, equipados con una malla y un cierre herm\u00e9ticos.<\/p>\n<h2>El valor del <em>Made in<\/em> Italy &#8211; Envases a medida, respeto por el medio ambiente y la mano de obra<\/h2>\n<p>En Italiana Contenitori, la estandarizaci\u00f3n tambi\u00e9n deja espacio para la innovaci\u00f3n y la personalizaci\u00f3n: controlamos internamente todas las fases del ciclo de producci\u00f3n, desde la selecci\u00f3n de las materias primas hasta la entrega final, garantizando productos de alta calidad. Siempre tiene a su disposici\u00f3n un departamento dedicado al dise\u00f1o de contenedores industriales personalizados, fabricados seg\u00fan sus requisitos y tambi\u00e9n sobre la base de un proyecto.<\/p>\n<p>Los productos IC se fabrican respetando el medio ambiente y los derechos de los trabajadores. Adem\u00e1s, al ser duraderos, resistentes y totalmente reciclables, reducen el impacto ambiental en todos los sectores donde se utilizan.<\/p>\n<p>[\/et_pb_text][\/et_pb_column_inner][\/et_pb_row_inner][\/et_pb_column][et_pb_column type=&#8221;1_4&#8243; _builder_version=&#8221;4.16&#8243; custom_padding=&#8221;|||&#8221; global_colors_info=&#8221;{}&#8221; custom_padding__hover=&#8221;|||&#8221;][et_pb_sidebar admin_label=&#8221;Sidebar&#8221; _builder_version=&#8221;4.16&#8243; _module_preset=&#8221;default&#8221; scroll_vertical_motion=&#8221;0|22|22|100|4|0|-4&#8243; motion_trigger_start=&#8221;top&#8221; global_colors_info=&#8221;{}&#8221;][\/et_pb_sidebar][\/et_pb_column][\/et_pb_section]<\/p>\n","protected":false},"excerpt":{"rendered":"<p>El cat\u00e1logo de Italiana Contenitori El valor de un producto que ha hecho de la perfecci\u00f3n una tradici\u00f3nCon m\u00e1s de cuatro d\u00e9cadas de experiencia en el sector, nos enorgullece presentar nuestro cat\u00e1logo de soluciones de almacenamiento y manipulaci\u00f3n de mercanc\u00edas, contenedores de malla met\u00e1lica galvanizada que representan la excelencia en log\u00edstica y almacenamiento. Nuestros contenedores [&hellip;]<\/p>\n","protected":false},"author":1,"featured_media":0,"parent":0,"menu_order":0,"comment_status":"closed","ping_status":"closed","template":"","meta":{"_acf_changed":false,"_et_pb_use_builder":"on","_et_pb_old_content":"","_et_gb_content_width":"","footnotes":""},"class_list":["post-239278","page","type-page","status-publish","hentry"],"acf":{"mirror_link":null,"campaign_id":null,"newsletter_html":null},"yoast_head":"<!-- This site is optimized with the Yoast SEO plugin v27.3 - https:\/\/yoast.com\/product\/yoast-seo-wordpress\/ -->\n<title>Cat\u00e1logo Espa\u00f1ol - italianacontenitori.com<\/title>\n<meta name=\"description\" content=\"Una visi\u00f3n completa con todos los modelos de contenedores industriales de IC: cestas met\u00e1licas apilables, marcos met\u00e1licos para pal\u00e9, roll containers y mucho m\u00e1s\" \/>\n<meta name=\"robots\" content=\"index, follow, max-snippet:-1, max-image-preview:large, max-video-preview:-1\" \/>\n<link rel=\"canonical\" href=\"https:\/\/www.italianacontenitori.com\/es\/cataogo-es\/\" \/>\n<meta property=\"og:locale\" content=\"es_ES\" \/>\n<meta property=\"og:type\" content=\"article\" \/>\n<meta property=\"og:title\" content=\"Cat\u00e1logo Espa\u00f1ol - italianacontenitori.com\" \/>\n<meta property=\"og:description\" content=\"Una visi\u00f3n completa con todos los modelos de contenedores industriales de IC: cestas met\u00e1licas apilables, marcos met\u00e1licos para pal\u00e9, roll containers y mucho m\u00e1s\" \/>\n<meta property=\"og:url\" content=\"https:\/\/www.italianacontenitori.com\/es\/cataogo-es\/\" \/>\n<meta property=\"og:site_name\" content=\"italianacontenitori.com\" \/>\n<meta property=\"article:modified_time\" content=\"2026-01-15T09:01:39+00:00\" \/>\n<meta name=\"twitter:card\" content=\"summary_large_image\" \/>\n<meta name=\"twitter:label1\" content=\"Tiempo de lectura\" \/>\n\t<meta name=\"twitter:data1\" content=\"5 minutos\" \/>\n<script type=\"application\/ld+json\" class=\"yoast-schema-graph\">{\"@context\":\"https:\\\/\\\/schema.org\",\"@graph\":[{\"@type\":\"WebPage\",\"@id\":\"https:\\\/\\\/www.italianacontenitori.com\\\/es\\\/cataogo-es\\\/\",\"url\":\"https:\\\/\\\/www.italianacontenitori.com\\\/es\\\/cataogo-es\\\/\",\"name\":\"Cat\u00e1logo Espa\u00f1ol - italianacontenitori.com\",\"isPartOf\":{\"@id\":\"https:\\\/\\\/www.italianacontenitori.com\\\/es\\\/#website\"},\"datePublished\":\"2020-12-30T10:15:48+00:00\",\"dateModified\":\"2026-01-15T09:01:39+00:00\",\"description\":\"Una visi\u00f3n completa con todos los modelos de contenedores industriales de IC: cestas met\u00e1licas apilables, marcos met\u00e1licos para pal\u00e9, roll containers y mucho m\u00e1s\",\"breadcrumb\":{\"@id\":\"https:\\\/\\\/www.italianacontenitori.com\\\/es\\\/cataogo-es\\\/#breadcrumb\"},\"inLanguage\":\"es\",\"potentialAction\":[{\"@type\":\"ReadAction\",\"target\":[\"https:\\\/\\\/www.italianacontenitori.com\\\/es\\\/cataogo-es\\\/\"]}]},{\"@type\":\"BreadcrumbList\",\"@id\":\"https:\\\/\\\/www.italianacontenitori.com\\\/es\\\/cataogo-es\\\/#breadcrumb\",\"itemListElement\":[{\"@type\":\"ListItem\",\"position\":1,\"name\":\"Home\",\"item\":\"https:\\\/\\\/www.italianacontenitori.com\\\/es\\\/contenedores-de-malla-metalica\\\/\"},{\"@type\":\"ListItem\",\"position\":2,\"name\":\"Cat\u00e1logo Espa\u00f1ol\"}]},{\"@type\":\"WebSite\",\"@id\":\"https:\\\/\\\/www.italianacontenitori.com\\\/es\\\/#website\",\"url\":\"https:\\\/\\\/www.italianacontenitori.com\\\/es\\\/\",\"name\":\"italianacontenitori.com\",\"description\":\"Produzione di contenitori industriali e roll container\",\"publisher\":{\"@id\":\"https:\\\/\\\/www.italianacontenitori.com\\\/es\\\/#organization\"},\"potentialAction\":[{\"@type\":\"SearchAction\",\"target\":{\"@type\":\"EntryPoint\",\"urlTemplate\":\"https:\\\/\\\/www.italianacontenitori.com\\\/es\\\/?s={search_term_string}\"},\"query-input\":{\"@type\":\"PropertyValueSpecification\",\"valueRequired\":true,\"valueName\":\"search_term_string\"}}],\"inLanguage\":\"es\"},{\"@type\":\"Organization\",\"@id\":\"https:\\\/\\\/www.italianacontenitori.com\\\/es\\\/#organization\",\"name\":\"Italiana Contenitori s.r.l.\",\"alternateName\":\"IC\",\"url\":\"https:\\\/\\\/www.italianacontenitori.com\\\/es\\\/\",\"logo\":{\"@type\":\"ImageObject\",\"inLanguage\":\"es\",\"@id\":\"https:\\\/\\\/www.italianacontenitori.com\\\/es\\\/#\\\/schema\\\/logo\\\/image\\\/\",\"url\":\"https:\\\/\\\/www.italianacontenitori.com\\\/wp-content\\\/uploads\\\/2020\\\/11\\\/cropped-Logo-Italiana-Contenitori_favicon.jpg\",\"contentUrl\":\"https:\\\/\\\/www.italianacontenitori.com\\\/wp-content\\\/uploads\\\/2020\\\/11\\\/cropped-Logo-Italiana-Contenitori_favicon.jpg\",\"width\":512,\"height\":512,\"caption\":\"Italiana Contenitori s.r.l.\"},\"image\":{\"@id\":\"https:\\\/\\\/www.italianacontenitori.com\\\/es\\\/#\\\/schema\\\/logo\\\/image\\\/\"}}]}<\/script>\n<!-- \/ Yoast SEO plugin. -->","yoast_head_json":{"title":"Cat\u00e1logo Espa\u00f1ol - italianacontenitori.com","description":"Una visi\u00f3n completa con todos los modelos de contenedores industriales de IC: cestas met\u00e1licas apilables, marcos met\u00e1licos para pal\u00e9, roll containers y mucho m\u00e1s","robots":{"index":"index","follow":"follow","max-snippet":"max-snippet:-1","max-image-preview":"max-image-preview:large","max-video-preview":"max-video-preview:-1"},"canonical":"https:\/\/www.italianacontenitori.com\/es\/cataogo-es\/","og_locale":"es_ES","og_type":"article","og_title":"Cat\u00e1logo Espa\u00f1ol - italianacontenitori.com","og_description":"Una visi\u00f3n completa con todos los modelos de contenedores industriales de IC: cestas met\u00e1licas apilables, marcos met\u00e1licos para pal\u00e9, roll containers y mucho m\u00e1s","og_url":"https:\/\/www.italianacontenitori.com\/es\/cataogo-es\/","og_site_name":"italianacontenitori.com","article_modified_time":"2026-01-15T09:01:39+00:00","twitter_card":"summary_large_image","twitter_misc":{"Tiempo de lectura":"5 minutos"},"schema":{"@context":"https:\/\/schema.org","@graph":[{"@type":"WebPage","@id":"https:\/\/www.italianacontenitori.com\/es\/cataogo-es\/","url":"https:\/\/www.italianacontenitori.com\/es\/cataogo-es\/","name":"Cat\u00e1logo Espa\u00f1ol - italianacontenitori.com","isPartOf":{"@id":"https:\/\/www.italianacontenitori.com\/es\/#website"},"datePublished":"2020-12-30T10:15:48+00:00","dateModified":"2026-01-15T09:01:39+00:00","description":"Una visi\u00f3n completa con todos los modelos de contenedores industriales de IC: cestas met\u00e1licas apilables, marcos met\u00e1licos para pal\u00e9, roll containers y mucho m\u00e1s","breadcrumb":{"@id":"https:\/\/www.italianacontenitori.com\/es\/cataogo-es\/#breadcrumb"},"inLanguage":"es","potentialAction":[{"@type":"ReadAction","target":["https:\/\/www.italianacontenitori.com\/es\/cataogo-es\/"]}]},{"@type":"BreadcrumbList","@id":"https:\/\/www.italianacontenitori.com\/es\/cataogo-es\/#breadcrumb","itemListElement":[{"@type":"ListItem","position":1,"name":"Home","item":"https:\/\/www.italianacontenitori.com\/es\/contenedores-de-malla-metalica\/"},{"@type":"ListItem","position":2,"name":"Cat\u00e1logo Espa\u00f1ol"}]},{"@type":"WebSite","@id":"https:\/\/www.italianacontenitori.com\/es\/#website","url":"https:\/\/www.italianacontenitori.com\/es\/","name":"italianacontenitori.com","description":"Produzione di contenitori industriali e roll container","publisher":{"@id":"https:\/\/www.italianacontenitori.com\/es\/#organization"},"potentialAction":[{"@type":"SearchAction","target":{"@type":"EntryPoint","urlTemplate":"https:\/\/www.italianacontenitori.com\/es\/?s={search_term_string}"},"query-input":{"@type":"PropertyValueSpecification","valueRequired":true,"valueName":"search_term_string"}}],"inLanguage":"es"},{"@type":"Organization","@id":"https:\/\/www.italianacontenitori.com\/es\/#organization","name":"Italiana Contenitori s.r.l.","alternateName":"IC","url":"https:\/\/www.italianacontenitori.com\/es\/","logo":{"@type":"ImageObject","inLanguage":"es","@id":"https:\/\/www.italianacontenitori.com\/es\/#\/schema\/logo\/image\/","url":"https:\/\/www.italianacontenitori.com\/wp-content\/uploads\/2020\/11\/cropped-Logo-Italiana-Contenitori_favicon.jpg","contentUrl":"https:\/\/www.italianacontenitori.com\/wp-content\/uploads\/2020\/11\/cropped-Logo-Italiana-Contenitori_favicon.jpg","width":512,"height":512,"caption":"Italiana Contenitori s.r.l."},"image":{"@id":"https:\/\/www.italianacontenitori.com\/es\/#\/schema\/logo\/image\/"}}]}},"_links":{"self":[{"href":"https:\/\/www.italianacontenitori.com\/es\/wp-json\/wp\/v2\/pages\/239278","targetHints":{"allow":["GET"]}}],"collection":[{"href":"https:\/\/www.italianacontenitori.com\/es\/wp-json\/wp\/v2\/pages"}],"about":[{"href":"https:\/\/www.italianacontenitori.com\/es\/wp-json\/wp\/v2\/types\/page"}],"author":[{"embeddable":true,"href":"https:\/\/www.italianacontenitori.com\/es\/wp-json\/wp\/v2\/users\/1"}],"replies":[{"embeddable":true,"href":"https:\/\/www.italianacontenitori.com\/es\/wp-json\/wp\/v2\/comments?post=239278"}],"version-history":[{"count":3,"href":"https:\/\/www.italianacontenitori.com\/es\/wp-json\/wp\/v2\/pages\/239278\/revisions"}],"predecessor-version":[{"id":247950,"href":"https:\/\/www.italianacontenitori.com\/es\/wp-json\/wp\/v2\/pages\/239278\/revisions\/247950"}],"wp:attachment":[{"href":"https:\/\/www.italianacontenitori.com\/es\/wp-json\/wp\/v2\/media?parent=239278"}],"curies":[{"name":"wp","href":"https:\/\/api.w.org\/{rel}","templated":true}]}}