{"id":246030,"date":"2025-02-06T14:41:42","date_gmt":"2025-02-06T14:41:42","guid":{"rendered":"https:\/\/www.italianacontenitori.com\/italiana-contenitori-socio\/"},"modified":"2026-04-02T15:41:03","modified_gmt":"2026-04-02T15:41:03","slug":"italiana-contenitori-socio","status":"publish","type":"page","link":"https:\/\/www.italianacontenitori.com\/es\/italiana-contenitori-socio\/","title":{"rendered":"Italiana Contenitori &#8211; socio"},"content":{"rendered":"<p>[et_pb_section fb_built=&#8221;1&#8243; _builder_version=&#8221;4.16&#8243; _module_preset=&#8221;default&#8221; global_colors_info=&#8221;{}&#8221;][et_pb_row _builder_version=&#8221;4.16&#8243; _module_preset=&#8221;default&#8221; global_colors_info=&#8221;{}&#8221;][et_pb_column type=&#8221;4_4&#8243; _builder_version=&#8221;4.16&#8243; _module_preset=&#8221;default&#8221; global_colors_info=&#8221;{}&#8221;][et_pb_text _builder_version=&#8221;4.16&#8243; _module_preset=&#8221;default&#8221; global_colors_info=&#8221;{}&#8221;]<\/p>\n<h2>DESCUBRE LOS SOCIOS DE ITALIANA CONTENITORI<\/h2>\n<p>[\/et_pb_text][\/et_pb_column][\/et_pb_row][et_pb_row _builder_version=&#8221;4.16&#8243; _module_preset=&#8221;default&#8221; global_colors_info=&#8221;{}&#8221;][et_pb_column type=&#8221;4_4&#8243; _builder_version=&#8221;4.16&#8243; _module_preset=&#8221;default&#8221; global_colors_info=&#8221;{}&#8221;][et_pb_image src=&#8221;https:\/\/www.italianacontenitori.com\/wp-content\/uploads\/2025\/12\/POSTER-pubblicizzazione.jpg&#8221; _builder_version=&#8221;4.27.4&#8243; _module_preset=&#8221;default&#8221; alt=&#8221;Convocatoria para la Eficiencia Energ\u00e9tica y las Energ\u00edas Renovables en las Empresas&#8221; title_text=&#8221;Convocatoria para la Eficiencia Energ\u00e9tica y las Energ\u00edas Renovables en las Empresas&#8221; hover_enabled=&#8221;0&#8243; sticky_enabled=&#8221;0&#8243; align=&#8221;center&#8221;][\/et_pb_image][et_pb_image src=&#8221;https:\/\/www.italianacontenitori.com\/wp-content\/uploads\/2021\/12\/Banner-POR-FESR.png&#8221; alt=&#8221;Fondo Europeo de Desarrollo Regional &#8211; Piamonte&#8221; title_text=&#8221;Fondo Europeo de Desarrollo Regional &#8211; Piamonte&#8221; _builder_version=&#8221;4.27.4&#8243; _module_preset=&#8221;default&#8221; hover_enabled=&#8221;0&#8243; global_colors_info=&#8221;{}&#8221; width=&#8221;81%&#8221; module_alignment=&#8221;center&#8221; sticky_enabled=&#8221;0&#8243;][\/et_pb_image][\/et_pb_column][\/et_pb_row][\/et_pb_section]<\/p>\n","protected":false},"excerpt":{"rendered":"<p>DESCUBRE LOS SOCIOS DE ITALIANA CONTENITORI<\/p>\n","protected":false},"author":1,"featured_media":0,"parent":0,"menu_order":0,"comment_status":"closed","ping_status":"closed","template":"","meta":{"_acf_changed":false,"_et_pb_use_builder":"on","_et_pb_old_content":"","_et_gb_content_width":"","footnotes":""},"class_list":["post-246030","page","type-page","status-publish","hentry"],"acf":{"mirror_link":null,"campaign_id":null,"newsletter_html":null},"yoast_head":"<!-- This site is optimized with the Yoast SEO plugin v27.4 - https:\/\/yoast.com\/product\/yoast-seo-wordpress\/ -->\n<title>Italiana Contenitori - socio - italianacontenitori.com<\/title>\n<meta name=\"robots\" content=\"index, follow, max-snippet:-1, max-image-preview:large, max-video-preview:-1\" \/>\n<link rel=\"canonical\" href=\"https:\/\/www.italianacontenitori.com\/es\/italiana-contenitori-socio\/\" \/>\n<meta property=\"og:locale\" content=\"es_ES\" \/>\n<meta property=\"og:type\" content=\"article\" \/>\n<meta property=\"og:title\" content=\"Italiana Contenitori - socio - italianacontenitori.com\" \/>\n<meta property=\"og:description\" content=\"Profundiza tus conocimientos sobre los roll containers En esta secci\u00f3n encontrar\u00e1s art\u00edculos detallados sobre las caracter\u00edsticas, el uso, las ventajas y los puntos fuertes de nuestros carros.\" \/>\n<meta property=\"og:url\" content=\"https:\/\/www.italianacontenitori.com\/es\/italiana-contenitori-socio\/\" \/>\n<meta property=\"og:site_name\" content=\"italianacontenitori.com\" \/>\n<meta property=\"article:modified_time\" content=\"2026-04-02T15:41:03+00:00\" \/>\n<meta name=\"twitter:card\" content=\"summary_large_image\" \/>\n<meta name=\"twitter:label1\" content=\"Tiempo de lectura\" \/>\n\t<meta name=\"twitter:data1\" content=\"1 minuto\" \/>\n<script type=\"application\/ld+json\" class=\"yoast-schema-graph\">{\"@context\":\"https:\\\/\\\/schema.org\",\"@graph\":[{\"@type\":\"WebPage\",\"@id\":\"https:\\\/\\\/www.italianacontenitori.com\\\/es\\\/italiana-contenitori-socio\\\/\",\"url\":\"https:\\\/\\\/www.italianacontenitori.com\\\/es\\\/italiana-contenitori-socio\\\/\",\"name\":\"Italiana Contenitori - socio - italianacontenitori.com\",\"isPartOf\":{\"@id\":\"https:\\\/\\\/www.italianacontenitori.com\\\/es\\\/#website\"},\"datePublished\":\"2025-02-06T14:41:42+00:00\",\"dateModified\":\"2026-04-02T15:41:03+00:00\",\"breadcrumb\":{\"@id\":\"https:\\\/\\\/www.italianacontenitori.com\\\/es\\\/italiana-contenitori-socio\\\/#breadcrumb\"},\"inLanguage\":\"es\",\"potentialAction\":[{\"@type\":\"ReadAction\",\"target\":[\"https:\\\/\\\/www.italianacontenitori.com\\\/es\\\/italiana-contenitori-socio\\\/\"]}]},{\"@type\":\"BreadcrumbList\",\"@id\":\"https:\\\/\\\/www.italianacontenitori.com\\\/es\\\/italiana-contenitori-socio\\\/#breadcrumb\",\"itemListElement\":[{\"@type\":\"ListItem\",\"position\":1,\"name\":\"Home\",\"item\":\"https:\\\/\\\/www.italianacontenitori.com\\\/es\\\/contenedores-de-malla-metalica\\\/\"},{\"@type\":\"ListItem\",\"position\":2,\"name\":\"Italiana Contenitori &#8211; socio\"}]},{\"@type\":\"WebSite\",\"@id\":\"https:\\\/\\\/www.italianacontenitori.com\\\/es\\\/#website\",\"url\":\"https:\\\/\\\/www.italianacontenitori.com\\\/es\\\/\",\"name\":\"italianacontenitori.com\",\"description\":\"Produzione di contenitori industriali e roll container\",\"publisher\":{\"@id\":\"https:\\\/\\\/www.italianacontenitori.com\\\/es\\\/#organization\"},\"potentialAction\":[{\"@type\":\"SearchAction\",\"target\":{\"@type\":\"EntryPoint\",\"urlTemplate\":\"https:\\\/\\\/www.italianacontenitori.com\\\/es\\\/?s={search_term_string}\"},\"query-input\":{\"@type\":\"PropertyValueSpecification\",\"valueRequired\":true,\"valueName\":\"search_term_string\"}}],\"inLanguage\":\"es\"},{\"@type\":\"Organization\",\"@id\":\"https:\\\/\\\/www.italianacontenitori.com\\\/es\\\/#organization\",\"name\":\"Italiana Contenitori s.r.l.\",\"alternateName\":\"IC\",\"url\":\"https:\\\/\\\/www.italianacontenitori.com\\\/es\\\/\",\"logo\":{\"@type\":\"ImageObject\",\"inLanguage\":\"es\",\"@id\":\"https:\\\/\\\/www.italianacontenitori.com\\\/es\\\/#\\\/schema\\\/logo\\\/image\\\/\",\"url\":\"https:\\\/\\\/www.italianacontenitori.com\\\/wp-content\\\/uploads\\\/2020\\\/11\\\/cropped-Logo-Italiana-Contenitori_favicon.jpg\",\"contentUrl\":\"https:\\\/\\\/www.italianacontenitori.com\\\/wp-content\\\/uploads\\\/2020\\\/11\\\/cropped-Logo-Italiana-Contenitori_favicon.jpg\",\"width\":512,\"height\":512,\"caption\":\"Italiana Contenitori s.r.l.\"},\"image\":{\"@id\":\"https:\\\/\\\/www.italianacontenitori.com\\\/es\\\/#\\\/schema\\\/logo\\\/image\\\/\"}}]}<\/script>\n<!-- \/ Yoast SEO plugin. -->","yoast_head_json":{"title":"Italiana Contenitori - socio - italianacontenitori.com","robots":{"index":"index","follow":"follow","max-snippet":"max-snippet:-1","max-image-preview":"max-image-preview:large","max-video-preview":"max-video-preview:-1"},"canonical":"https:\/\/www.italianacontenitori.com\/es\/italiana-contenitori-socio\/","og_locale":"es_ES","og_type":"article","og_title":"Italiana Contenitori - socio - italianacontenitori.com","og_description":"Profundiza tus conocimientos sobre los roll containers En esta secci\u00f3n encontrar\u00e1s art\u00edculos detallados sobre las caracter\u00edsticas, el uso, las ventajas y los puntos fuertes de nuestros carros.","og_url":"https:\/\/www.italianacontenitori.com\/es\/italiana-contenitori-socio\/","og_site_name":"italianacontenitori.com","article_modified_time":"2026-04-02T15:41:03+00:00","twitter_card":"summary_large_image","twitter_misc":{"Tiempo de lectura":"1 minuto"},"schema":{"@context":"https:\/\/schema.org","@graph":[{"@type":"WebPage","@id":"https:\/\/www.italianacontenitori.com\/es\/italiana-contenitori-socio\/","url":"https:\/\/www.italianacontenitori.com\/es\/italiana-contenitori-socio\/","name":"Italiana Contenitori - socio - italianacontenitori.com","isPartOf":{"@id":"https:\/\/www.italianacontenitori.com\/es\/#website"},"datePublished":"2025-02-06T14:41:42+00:00","dateModified":"2026-04-02T15:41:03+00:00","breadcrumb":{"@id":"https:\/\/www.italianacontenitori.com\/es\/italiana-contenitori-socio\/#breadcrumb"},"inLanguage":"es","potentialAction":[{"@type":"ReadAction","target":["https:\/\/www.italianacontenitori.com\/es\/italiana-contenitori-socio\/"]}]},{"@type":"BreadcrumbList","@id":"https:\/\/www.italianacontenitori.com\/es\/italiana-contenitori-socio\/#breadcrumb","itemListElement":[{"@type":"ListItem","position":1,"name":"Home","item":"https:\/\/www.italianacontenitori.com\/es\/contenedores-de-malla-metalica\/"},{"@type":"ListItem","position":2,"name":"Italiana Contenitori &#8211; socio"}]},{"@type":"WebSite","@id":"https:\/\/www.italianacontenitori.com\/es\/#website","url":"https:\/\/www.italianacontenitori.com\/es\/","name":"italianacontenitori.com","description":"Produzione di contenitori industriali e roll container","publisher":{"@id":"https:\/\/www.italianacontenitori.com\/es\/#organization"},"potentialAction":[{"@type":"SearchAction","target":{"@type":"EntryPoint","urlTemplate":"https:\/\/www.italianacontenitori.com\/es\/?s={search_term_string}"},"query-input":{"@type":"PropertyValueSpecification","valueRequired":true,"valueName":"search_term_string"}}],"inLanguage":"es"},{"@type":"Organization","@id":"https:\/\/www.italianacontenitori.com\/es\/#organization","name":"Italiana Contenitori s.r.l.","alternateName":"IC","url":"https:\/\/www.italianacontenitori.com\/es\/","logo":{"@type":"ImageObject","inLanguage":"es","@id":"https:\/\/www.italianacontenitori.com\/es\/#\/schema\/logo\/image\/","url":"https:\/\/www.italianacontenitori.com\/wp-content\/uploads\/2020\/11\/cropped-Logo-Italiana-Contenitori_favicon.jpg","contentUrl":"https:\/\/www.italianacontenitori.com\/wp-content\/uploads\/2020\/11\/cropped-Logo-Italiana-Contenitori_favicon.jpg","width":512,"height":512,"caption":"Italiana Contenitori s.r.l."},"image":{"@id":"https:\/\/www.italianacontenitori.com\/es\/#\/schema\/logo\/image\/"}}]}},"_links":{"self":[{"href":"https:\/\/www.italianacontenitori.com\/es\/wp-json\/wp\/v2\/pages\/246030","targetHints":{"allow":["GET"]}}],"collection":[{"href":"https:\/\/www.italianacontenitori.com\/es\/wp-json\/wp\/v2\/pages"}],"about":[{"href":"https:\/\/www.italianacontenitori.com\/es\/wp-json\/wp\/v2\/types\/page"}],"author":[{"embeddable":true,"href":"https:\/\/www.italianacontenitori.com\/es\/wp-json\/wp\/v2\/users\/1"}],"replies":[{"embeddable":true,"href":"https:\/\/www.italianacontenitori.com\/es\/wp-json\/wp\/v2\/comments?post=246030"}],"version-history":[{"count":11,"href":"https:\/\/www.italianacontenitori.com\/es\/wp-json\/wp\/v2\/pages\/246030\/revisions"}],"predecessor-version":[{"id":248916,"href":"https:\/\/www.italianacontenitori.com\/es\/wp-json\/wp\/v2\/pages\/246030\/revisions\/248916"}],"wp:attachment":[{"href":"https:\/\/www.italianacontenitori.com\/es\/wp-json\/wp\/v2\/media?parent=246030"}],"curies":[{"name":"wp","href":"https:\/\/api.w.org\/{rel}","templated":true}]}}