{"id":248932,"date":"2026-04-02T15:41:10","date_gmt":"2026-04-02T15:41:10","guid":{"rendered":"https:\/\/www.italianacontenitori.com\/presupuesto-enviado\/"},"modified":"2026-04-02T15:41:12","modified_gmt":"2026-04-02T15:41:12","slug":"presupuesto-enviado","status":"publish","type":"page","link":"https:\/\/www.italianacontenitori.com\/es\/presupuesto-enviado\/","title":{"rendered":"Presupuesto enviado"},"content":{"rendered":"<p>[et_pb_section fb_built=&#8221;1&#8243; theme_builder_area=&#8221;post_content&#8221; _builder_version=&#8221;4.27.5&#8243; _module_preset=&#8221;default&#8221;][et_pb_row _builder_version=&#8221;4.27.5&#8243; _module_preset=&#8221;default&#8221; theme_builder_area=&#8221;post_content&#8221; custom_padding=&#8221;||3px|||&#8221;][et_pb_column _builder_version=&#8221;4.27.5&#8243; _module_preset=&#8221;default&#8221; type=&#8221;4_4&#8243; theme_builder_area=&#8221;post_content&#8221;][et_pb_text _builder_version=&#8221;4.27.5&#8243; _module_preset=&#8221;default&#8221; theme_builder_area=&#8221;post_content&#8221; hover_enabled=&#8221;0&#8243; sticky_enabled=&#8221;0&#8243; custom_margin=&#8221;||18px|||&#8221;]<\/p>\n<p style=\"text-align: center;\">Tu solicitud se ha enviado correctamente.<br \/>Nuestro departamento de ventas se pondr\u00e1 en contacto contigo lo antes posible.<\/p>\n<p style=\"text-align: center;\">Si deseas completar tu solicitud con m\u00e1s informaci\u00f3n t\u00e9cnica, puedes responder directamente al correo electr\u00f3nico de confirmaci\u00f3n que acabamos de enviarte, o llamarnos directamente: <a href=\"tel:%20+390119375765\" target=\"_blank\" rel=\"noopener\" title=\"Ll\u00e1menos ahora\"><span>+39 011 937 57 65<\/span><\/a><\/p>\n<p>[\/et_pb_text][et_pb_button _builder_version=&#8221;4.27.5&#8243; _module_preset=&#8221;default&#8221; theme_builder_area=&#8221;post_content&#8221; hover_enabled=&#8221;0&#8243; sticky_enabled=&#8221;0&#8243;][\/et_pb_button][\/et_pb_column][\/et_pb_row][et_pb_row _builder_version=&#8221;4.27.5&#8243; _module_preset=&#8221;default&#8221; theme_builder_area=&#8221;post_content&#8221; custom_padding=&#8221;7px|||||&#8221; disabled_on=&#8221;off|on|on&#8221; hover_enabled=&#8221;0&#8243; sticky_enabled=&#8221;0&#8243;][et_pb_column _builder_version=&#8221;4.27.5&#8243; _module_preset=&#8221;default&#8221; type=&#8221;4_4&#8243; theme_builder_area=&#8221;post_content&#8221;][et_pb_button button_text=&#8221;Llamar a ventas&#8221; _builder_version=&#8221;4.27.5&#8243; _module_preset=&#8221;default&#8221; theme_builder_area=&#8221;post_content&#8221; button_alignment=&#8221;center&#8221; hover_enabled=&#8221;0&#8243; sticky_enabled=&#8221;0&#8243;][\/et_pb_button][\/et_pb_column][\/et_pb_row][\/et_pb_section]<\/p>\n","protected":false},"excerpt":{"rendered":"<p>Tu solicitud se ha enviado correctamente.Nuestro departamento de ventas se pondr\u00e1 en contacto contigo lo antes posible. Si deseas completar tu solicitud con m\u00e1s informaci\u00f3n t\u00e9cnica, puedes responder directamente al correo electr\u00f3nico de confirmaci\u00f3n que acabamos de enviarte, o llamarnos directamente: +39 011 937 57 65<\/p>\n","protected":false},"author":1,"featured_media":0,"parent":0,"menu_order":0,"comment_status":"closed","ping_status":"closed","template":"","meta":{"_acf_changed":false,"_et_pb_use_builder":"on","_et_pb_old_content":"","_et_gb_content_width":"","footnotes":""},"class_list":["post-248932","page","type-page","status-publish","hentry"],"acf":{"mirror_link":""},"yoast_head":"<!-- This site is optimized with the Yoast SEO plugin v27.3 - https:\/\/yoast.com\/product\/yoast-seo-wordpress\/ -->\n<title>Presupuesto enviado - italianacontenitori.com<\/title>\n<meta name=\"robots\" content=\"index, follow, max-snippet:-1, max-image-preview:large, max-video-preview:-1\" \/>\n<link rel=\"canonical\" href=\"https:\/\/www.italianacontenitori.com\/es\/presupuesto-enviado\/\" \/>\n<meta property=\"og:locale\" content=\"es_ES\" \/>\n<meta property=\"og:type\" content=\"article\" \/>\n<meta property=\"og:title\" content=\"Presupuesto enviado - italianacontenitori.com\" \/>\n<meta property=\"og:description\" content=\"Profundiza tus conocimientos sobre los roll containers En esta secci\u00f3n encontrar\u00e1s art\u00edculos detallados sobre las caracter\u00edsticas, el uso, las ventajas y los puntos fuertes de nuestros carros.\" \/>\n<meta property=\"og:url\" content=\"https:\/\/www.italianacontenitori.com\/es\/presupuesto-enviado\/\" \/>\n<meta property=\"og:site_name\" content=\"italianacontenitori.com\" \/>\n<meta property=\"article:modified_time\" content=\"2026-04-02T15:41:12+00:00\" \/>\n<meta name=\"twitter:card\" content=\"summary_large_image\" \/>\n<meta name=\"twitter:label1\" content=\"Tiempo de lectura\" \/>\n\t<meta name=\"twitter:data1\" content=\"1 minuto\" \/>\n<script type=\"application\/ld+json\" class=\"yoast-schema-graph\">{\"@context\":\"https:\\\/\\\/schema.org\",\"@graph\":[{\"@type\":\"WebPage\",\"@id\":\"https:\\\/\\\/www.italianacontenitori.com\\\/es\\\/presupuesto-enviado\\\/\",\"url\":\"https:\\\/\\\/www.italianacontenitori.com\\\/es\\\/presupuesto-enviado\\\/\",\"name\":\"Presupuesto enviado - italianacontenitori.com\",\"isPartOf\":{\"@id\":\"https:\\\/\\\/www.italianacontenitori.com\\\/es\\\/#website\"},\"datePublished\":\"2026-04-02T15:41:10+00:00\",\"dateModified\":\"2026-04-02T15:41:12+00:00\",\"breadcrumb\":{\"@id\":\"https:\\\/\\\/www.italianacontenitori.com\\\/es\\\/presupuesto-enviado\\\/#breadcrumb\"},\"inLanguage\":\"es\",\"potentialAction\":[{\"@type\":\"ReadAction\",\"target\":[\"https:\\\/\\\/www.italianacontenitori.com\\\/es\\\/presupuesto-enviado\\\/\"]}]},{\"@type\":\"BreadcrumbList\",\"@id\":\"https:\\\/\\\/www.italianacontenitori.com\\\/es\\\/presupuesto-enviado\\\/#breadcrumb\",\"itemListElement\":[{\"@type\":\"ListItem\",\"position\":1,\"name\":\"Home\",\"item\":\"https:\\\/\\\/www.italianacontenitori.com\\\/es\\\/contenedores-de-malla-metalica\\\/\"},{\"@type\":\"ListItem\",\"position\":2,\"name\":\"Presupuesto enviado\"}]},{\"@type\":\"WebSite\",\"@id\":\"https:\\\/\\\/www.italianacontenitori.com\\\/es\\\/#website\",\"url\":\"https:\\\/\\\/www.italianacontenitori.com\\\/es\\\/\",\"name\":\"italianacontenitori.com\",\"description\":\"Produzione di contenitori industriali e roll container\",\"publisher\":{\"@id\":\"https:\\\/\\\/www.italianacontenitori.com\\\/es\\\/#organization\"},\"potentialAction\":[{\"@type\":\"SearchAction\",\"target\":{\"@type\":\"EntryPoint\",\"urlTemplate\":\"https:\\\/\\\/www.italianacontenitori.com\\\/es\\\/?s={search_term_string}\"},\"query-input\":{\"@type\":\"PropertyValueSpecification\",\"valueRequired\":true,\"valueName\":\"search_term_string\"}}],\"inLanguage\":\"es\"},{\"@type\":\"Organization\",\"@id\":\"https:\\\/\\\/www.italianacontenitori.com\\\/es\\\/#organization\",\"name\":\"Italiana Contenitori s.r.l.\",\"alternateName\":\"IC\",\"url\":\"https:\\\/\\\/www.italianacontenitori.com\\\/es\\\/\",\"logo\":{\"@type\":\"ImageObject\",\"inLanguage\":\"es\",\"@id\":\"https:\\\/\\\/www.italianacontenitori.com\\\/es\\\/#\\\/schema\\\/logo\\\/image\\\/\",\"url\":\"https:\\\/\\\/www.italianacontenitori.com\\\/wp-content\\\/uploads\\\/2020\\\/11\\\/cropped-Logo-Italiana-Contenitori_favicon.jpg\",\"contentUrl\":\"https:\\\/\\\/www.italianacontenitori.com\\\/wp-content\\\/uploads\\\/2020\\\/11\\\/cropped-Logo-Italiana-Contenitori_favicon.jpg\",\"width\":512,\"height\":512,\"caption\":\"Italiana Contenitori s.r.l.\"},\"image\":{\"@id\":\"https:\\\/\\\/www.italianacontenitori.com\\\/es\\\/#\\\/schema\\\/logo\\\/image\\\/\"}}]}<\/script>\n<!-- \/ Yoast SEO plugin. -->","yoast_head_json":{"title":"Presupuesto enviado - italianacontenitori.com","robots":{"index":"index","follow":"follow","max-snippet":"max-snippet:-1","max-image-preview":"max-image-preview:large","max-video-preview":"max-video-preview:-1"},"canonical":"https:\/\/www.italianacontenitori.com\/es\/presupuesto-enviado\/","og_locale":"es_ES","og_type":"article","og_title":"Presupuesto enviado - italianacontenitori.com","og_description":"Profundiza tus conocimientos sobre los roll containers En esta secci\u00f3n encontrar\u00e1s art\u00edculos detallados sobre las caracter\u00edsticas, el uso, las ventajas y los puntos fuertes de nuestros carros.","og_url":"https:\/\/www.italianacontenitori.com\/es\/presupuesto-enviado\/","og_site_name":"italianacontenitori.com","article_modified_time":"2026-04-02T15:41:12+00:00","twitter_card":"summary_large_image","twitter_misc":{"Tiempo de lectura":"1 minuto"},"schema":{"@context":"https:\/\/schema.org","@graph":[{"@type":"WebPage","@id":"https:\/\/www.italianacontenitori.com\/es\/presupuesto-enviado\/","url":"https:\/\/www.italianacontenitori.com\/es\/presupuesto-enviado\/","name":"Presupuesto enviado - italianacontenitori.com","isPartOf":{"@id":"https:\/\/www.italianacontenitori.com\/es\/#website"},"datePublished":"2026-04-02T15:41:10+00:00","dateModified":"2026-04-02T15:41:12+00:00","breadcrumb":{"@id":"https:\/\/www.italianacontenitori.com\/es\/presupuesto-enviado\/#breadcrumb"},"inLanguage":"es","potentialAction":[{"@type":"ReadAction","target":["https:\/\/www.italianacontenitori.com\/es\/presupuesto-enviado\/"]}]},{"@type":"BreadcrumbList","@id":"https:\/\/www.italianacontenitori.com\/es\/presupuesto-enviado\/#breadcrumb","itemListElement":[{"@type":"ListItem","position":1,"name":"Home","item":"https:\/\/www.italianacontenitori.com\/es\/contenedores-de-malla-metalica\/"},{"@type":"ListItem","position":2,"name":"Presupuesto enviado"}]},{"@type":"WebSite","@id":"https:\/\/www.italianacontenitori.com\/es\/#website","url":"https:\/\/www.italianacontenitori.com\/es\/","name":"italianacontenitori.com","description":"Produzione di contenitori industriali e roll container","publisher":{"@id":"https:\/\/www.italianacontenitori.com\/es\/#organization"},"potentialAction":[{"@type":"SearchAction","target":{"@type":"EntryPoint","urlTemplate":"https:\/\/www.italianacontenitori.com\/es\/?s={search_term_string}"},"query-input":{"@type":"PropertyValueSpecification","valueRequired":true,"valueName":"search_term_string"}}],"inLanguage":"es"},{"@type":"Organization","@id":"https:\/\/www.italianacontenitori.com\/es\/#organization","name":"Italiana Contenitori s.r.l.","alternateName":"IC","url":"https:\/\/www.italianacontenitori.com\/es\/","logo":{"@type":"ImageObject","inLanguage":"es","@id":"https:\/\/www.italianacontenitori.com\/es\/#\/schema\/logo\/image\/","url":"https:\/\/www.italianacontenitori.com\/wp-content\/uploads\/2020\/11\/cropped-Logo-Italiana-Contenitori_favicon.jpg","contentUrl":"https:\/\/www.italianacontenitori.com\/wp-content\/uploads\/2020\/11\/cropped-Logo-Italiana-Contenitori_favicon.jpg","width":512,"height":512,"caption":"Italiana Contenitori s.r.l."},"image":{"@id":"https:\/\/www.italianacontenitori.com\/es\/#\/schema\/logo\/image\/"}}]}},"_links":{"self":[{"href":"https:\/\/www.italianacontenitori.com\/es\/wp-json\/wp\/v2\/pages\/248932","targetHints":{"allow":["GET"]}}],"collection":[{"href":"https:\/\/www.italianacontenitori.com\/es\/wp-json\/wp\/v2\/pages"}],"about":[{"href":"https:\/\/www.italianacontenitori.com\/es\/wp-json\/wp\/v2\/types\/page"}],"author":[{"embeddable":true,"href":"https:\/\/www.italianacontenitori.com\/es\/wp-json\/wp\/v2\/users\/1"}],"replies":[{"embeddable":true,"href":"https:\/\/www.italianacontenitori.com\/es\/wp-json\/wp\/v2\/comments?post=248932"}],"version-history":[{"count":1,"href":"https:\/\/www.italianacontenitori.com\/es\/wp-json\/wp\/v2\/pages\/248932\/revisions"}],"predecessor-version":[{"id":248937,"href":"https:\/\/www.italianacontenitori.com\/es\/wp-json\/wp\/v2\/pages\/248932\/revisions\/248937"}],"wp:attachment":[{"href":"https:\/\/www.italianacontenitori.com\/es\/wp-json\/wp\/v2\/media?parent=248932"}],"curies":[{"name":"wp","href":"https:\/\/api.w.org\/{rel}","templated":true}]}}