{"id":241086,"date":"2021-01-11T16:54:42","date_gmt":"2021-03-01T13:42:46","guid":{"rendered":"https:\/\/www.italianacontenitori.com\/product\/market-120-x-80\/"},"modified":"2025-06-13T13:23:36","modified_gmt":"2025-06-13T13:23:36","slug":"market-120-x-80","status":"publish","type":"product","link":"https:\/\/www.italianacontenitori.com\/es\/prodotto\/market-120-x-80\/","title":{"rendered":"Contenedor industrial de malla met\u00e1lica &#8211; Mercado 120 x 80 &#8211; EUR"},"content":{"rendered":"<p>El Mercado 120 x 80 es la soluci\u00f3n perfecta para quienes buscan eficacia y durabilidad en un contenedor de malla met\u00e1lica industrial EUR de tama\u00f1o est\u00e1ndar. Esta cesta de alambre, <strong>fabricada en Italia con materiales de alta calidad<\/strong>, est\u00e1 dise\u00f1ada para resistir la intemperie, el polvo, la suciedad y la salinidad gracias a su proceso de <strong>galvanizado<\/strong>. Su robustez se ve reforzada por la <strong>estructura autoportante de malla met\u00e1lica;<\/strong> esto no s\u00f3lo garantiza la durabilidad, sino tambi\u00e9n la visibilidad inmediata del contenido, lo cual es crucial para la optimizaci\u00f3n del almac\u00e9n. El contenedor tiene una puerta de inspecci\u00f3n en el lado largo para facilitar las operaciones de picking.   <\/p>\n<h2>El contenedor industrial de malla met\u00e1lica perfecto: ligero, apilable, plegable y con gran capacidad de carga<\/h2>\n<p>El dise\u00f1o del Market 120 x 80 est\u00e1 cuidado hasta el \u00faltimo detalle, con una capacidad de apilamiento que permite <strong>apilar hasta tres cubos completamente cargados sobre una misma base<\/strong>. Esta caracter\u00edstica hace que la vers\u00e1til cesta met\u00e1lica sea ideal para una amplia gama de aplicaciones industriales. <strong>Sus dimensiones cumplen las normas europeas<\/strong>, lo que garantiza su compatibilidad y eficacia en distintos contextos operativos. <\/p>\n<p>Un punto fuerte distintivo de Italiana Contenitori es su personalizaci\u00f3n: <strong>controlamos todo el ciclo de producci\u00f3n y ofrecemos a nuestros clientes la posibilidad de personalizar los contenedores industriales met\u00e1licos<\/strong>. Las opciones est\u00e1ndar de carga m\u00e1xima en dos tama\u00f1os diferentes <strong>-capacidad de carga: 600 y 1000 kg-<\/strong> y varias alturas (790, 900, 980 y 1190 cm) permiten a nuestros clientes elegir la configuraci\u00f3n que mejor se adapte a sus necesidades espec\u00edficas, ya en nuestro sitio web. Si las variantes est\u00e1ndar no satisfacen tus necesidades espec\u00edficas, ponte en contacto con nuestro servicio de atenci\u00f3n al cliente, que, en sinergia con el departamento t\u00e9cnico y de dise\u00f1o, podr\u00e1 ofrecerte una <strong>soluci\u00f3n personalizada, duradera y resistente<\/strong>.  <\/p>\n<h2>Un cest\u00f3n met\u00e1lico para un almacenamiento vers\u00e1til<\/h2>\n<p>La versatilidad de este contenedor industrial de malla met\u00e1lica es una de sus caracter\u00edsticas m\u00e1s innovadoras. Cuando no se utiliza, o durante los viajes de ida y vuelta en vac\u00edo, el contenedor puede <strong>plegarse f\u00e1cilmente, reduciendo el desorden<\/strong> y permitiendo una optimizaci\u00f3n sin igual del espacio de almacenamiento y transporte. Sus dimensiones son ideales para saturar tus transportes: 68 contenedores abiertos corresponden a 330 plegados.  <\/p>\n<p>El Mercado 120 x 80 se adapta perfectamente a los <strong>sectores vin\u00edcola, industrial y agr\u00edcola,<\/strong> proporcionando una soluci\u00f3n fiable para almacenar y manipular mercanc\u00edas. Su versatilidad la hace ideal para cualquier almac\u00e9n que requiera una soluci\u00f3n \u00e1gil, adaptable y f\u00e1cil de manejar. Con la cesta industrial Market 120 x 80, tu almac\u00e9n ser\u00e1 m\u00e1s eficaz, organizado y estar\u00e1 preparado para responder a todas las necesidades de espacio y manipulaci\u00f3n.  <\/p>\n","protected":false},"excerpt":{"rendered":"<p>Contenedor apilable, resistente y vers\u00e1til. Permite ahorrar espacio pleg\u00e1ndolo cuando se transporta vac\u00edo y en el almac\u00e9n. Sus dimensiones son ideales para optimizar el transporte : hasta 68 contenedores abiertos y 330 plegados.<\/p>\n","protected":false},"featured_media":240088,"comment_status":"open","ping_status":"closed","template":"","meta":{"_acf_changed":false,"_et_pb_use_builder":"off","_et_pb_old_content":"El Mercado 120 x 80 es la soluci\u00f3n perfecta para quienes buscan eficacia y durabilidad en un contenedor industrial EUR de malla met\u00e1lica de tama\u00f1o est\u00e1ndar. Esta cesta met\u00e1lica, <strong>fabricada en Italia con materiales de alta calidad<\/strong>, est\u00e1 dise\u00f1ada para resistir la intemperie, el polvo, la suciedad y la salinidad gracias a su proceso de <strong>galvanizado<\/strong>. Su robustez se ve reforzada por la <strong>estructura autoportante<\/strong> de <strong>malla<\/strong> met\u00e1lica, que no s\u00f3lo garantiza la durabilidad, sino tambi\u00e9n la visibilidad inmediata del contenido, un aspecto crucial para la optimizaci\u00f3n del almac\u00e9n. El contenedor tiene una puerta de inspecci\u00f3n en el lado largo para facilitar las operaciones de picking.   \n<h2>El contenedor industrial perfecto: ligero, apilable, plegable y con gran capacidad de carga<\/h2>\nEl dise\u00f1o del Market 120 x 80 est\u00e1 cuidado hasta el \u00faltimo detalle, con una capacidad de apilamiento que permite <strong>apilar hasta tres contenedores completamente cargados sobre una misma base<\/strong>. Esta caracter\u00edstica hace que el contenedor sea vers\u00e1til e ideal para una amplia gama de aplicaciones industriales. <strong>Sus dimensiones cumplen las normas europeas<\/strong>, lo que garantiza su compatibilidad y eficacia en distintos contextos operativos. \n\nUn punto fuerte distintivo de Italiana Contenitori es su personalizaci\u00f3n: <strong>controlamos todo el ciclo de producci\u00f3n y ofrecemos a nuestros clientes la posibilidad de personalizar los contenedores industriales met\u00e1licos<\/strong>. Las opciones est\u00e1ndar de carga m\u00e1xima en dos tama\u00f1os diferentes <strong>-capacidad de carga: 600 y 1000 kg-<\/strong> y varias alturas (790, 900, 980 y 1190 cm) permiten a nuestros clientes elegir la configuraci\u00f3n que mejor se adapte a sus necesidades espec\u00edficas, ya en nuestro sitio web. Si las variantes est\u00e1ndar no satisfacen tus necesidades espec\u00edficas, ponte en contacto con nuestro servicio de atenci\u00f3n al cliente, que, en sinergia con el departamento t\u00e9cnico y de dise\u00f1o, podr\u00e1 ofrecerte una <strong>soluci\u00f3n personalizada, duradera y resistente<\/strong>.  \n\nLa versatilidad de este contenedor es una de sus caracter\u00edsticas m\u00e1s innovadoras. Cuando no se utiliza, o durante los viajes de ida y vuelta en vac\u00edo, el contenedor puede <strong>plegarse f\u00e1cilmente, reduciendo el desorden<\/strong> y permitiendo una optimizaci\u00f3n sin igual del espacio de almacenamiento y transporte. Sus dimensiones son ideales para saturar tus transportes: 68 contenedores abiertos corresponden a 330 plegados.  \n\nEl Mercado 120 x 80 se adapta perfectamente a los <strong>sectores vin\u00edcola, industrial y agr\u00edcola,<\/strong> proporcionando una soluci\u00f3n fiable para almacenar y manipular mercanc\u00edas. Su versatilidad la hace ideal para cualquier almac\u00e9n que requiera una soluci\u00f3n \u00e1gil, adaptable y f\u00e1cil de manejar. Con el Market 120 x 80, tu almac\u00e9n ser\u00e1 m\u00e1s eficaz, organizado y estar\u00e1 preparado para responder a todas las necesidades de espacio y manipulaci\u00f3n.  ","_et_gb_content_width":""},"product_brand":[],"product_cat":[1931],"product_tag":[2045],"class_list":{"0":"post-241086","1":"product","2":"type-product","3":"status-publish","4":"has-post-thumbnail","6":"product_cat-market-es","7":"product_tag-containers-es","9":"first","10":"instock","11":"shipping-taxable","12":"purchasable","13":"product-type-variable"},"acf":[],"yoast_head":"<!-- This site is optimized with the Yoast SEO plugin v27.3 - https:\/\/yoast.com\/product\/yoast-seo-wordpress\/ -->\n<title>Contenedor de malla met\u00e1lica industrial | Mercado 120x80 - EUR<\/title>\n<meta name=\"description\" content=\"Cesta de malla de alambre galvanizado. Capacidad de carga 600\/1000 kg, apilable (3 en 1), plegable, con puerta de inspecci\u00f3n, transportable. Fabricada en Italia.\" \/>\n<meta name=\"robots\" content=\"index, follow, max-snippet:-1, max-image-preview:large, max-video-preview:-1\" \/>\n<link rel=\"canonical\" href=\"https:\/\/www.italianacontenitori.com\/es\/prodotto\/market-120-x-80\/\" \/>\n<meta property=\"og:locale\" content=\"es_ES\" \/>\n<meta property=\"og:type\" content=\"article\" \/>\n<meta property=\"og:title\" content=\"Contenedor de malla met\u00e1lica industrial | Mercado 120x80 - EUR\" \/>\n<meta property=\"og:description\" content=\"Cesta de malla de alambre galvanizado. Capacidad de carga 600\/1000 kg, apilable (3 en 1), plegable, con puerta de inspecci\u00f3n, transportable. Fabricada en Italia.\" \/>\n<meta property=\"og:url\" content=\"https:\/\/www.italianacontenitori.com\/es\/prodotto\/market-120-x-80\/\" \/>\n<meta property=\"og:site_name\" content=\"italianacontenitori.com\" \/>\n<meta property=\"article:modified_time\" content=\"2025-06-13T13:23:36+00:00\" \/>\n<meta property=\"og:image\" content=\"https:\/\/www.italianacontenitori.com\/wp-content\/uploads\/2021\/01\/MARK079119.png\" \/>\n\t<meta property=\"og:image:width\" content=\"1024\" \/>\n\t<meta property=\"og:image:height\" content=\"1024\" \/>\n\t<meta property=\"og:image:type\" content=\"image\/png\" \/>\n<meta name=\"twitter:card\" content=\"summary_large_image\" \/>\n<meta name=\"twitter:label1\" content=\"Tiempo de lectura\" \/>\n\t<meta name=\"twitter:data1\" content=\"2 minutos\" \/>\n<script type=\"application\/ld+json\" class=\"yoast-schema-graph\">{\"@context\":\"https:\\\/\\\/schema.org\",\"@graph\":[{\"@type\":\"WebPage\",\"@id\":\"https:\\\/\\\/www.italianacontenitori.com\\\/es\\\/prodotto\\\/market-120-x-80\\\/\",\"url\":\"https:\\\/\\\/www.italianacontenitori.com\\\/es\\\/prodotto\\\/market-120-x-80\\\/\",\"name\":\"Contenedor de malla met\u00e1lica industrial | Mercado 120x80 - EUR\",\"isPartOf\":{\"@id\":\"https:\\\/\\\/www.italianacontenitori.com\\\/es\\\/#website\"},\"primaryImageOfPage\":{\"@id\":\"https:\\\/\\\/www.italianacontenitori.com\\\/es\\\/prodotto\\\/market-120-x-80\\\/#primaryimage\"},\"image\":{\"@id\":\"https:\\\/\\\/www.italianacontenitori.com\\\/es\\\/prodotto\\\/market-120-x-80\\\/#primaryimage\"},\"thumbnailUrl\":\"https:\\\/\\\/www.italianacontenitori.com\\\/wp-content\\\/uploads\\\/2021\\\/01\\\/MARK079119.png\",\"datePublished\":\"2021-03-01T13:42:46+00:00\",\"dateModified\":\"2025-06-13T13:23:36+00:00\",\"description\":\"Cesta de malla de alambre galvanizado. Capacidad de carga 600\\\/1000 kg, apilable (3 en 1), plegable, con puerta de inspecci\u00f3n, transportable. Fabricada en Italia.\",\"breadcrumb\":{\"@id\":\"https:\\\/\\\/www.italianacontenitori.com\\\/es\\\/prodotto\\\/market-120-x-80\\\/#breadcrumb\"},\"inLanguage\":\"es\",\"potentialAction\":[{\"@type\":\"ReadAction\",\"target\":[\"https:\\\/\\\/www.italianacontenitori.com\\\/es\\\/prodotto\\\/market-120-x-80\\\/\"]}]},{\"@type\":\"ImageObject\",\"inLanguage\":\"es\",\"@id\":\"https:\\\/\\\/www.italianacontenitori.com\\\/es\\\/prodotto\\\/market-120-x-80\\\/#primaryimage\",\"url\":\"https:\\\/\\\/www.italianacontenitori.com\\\/wp-content\\\/uploads\\\/2021\\\/01\\\/MARK079119.png\",\"contentUrl\":\"https:\\\/\\\/www.italianacontenitori.com\\\/wp-content\\\/uploads\\\/2021\\\/01\\\/MARK079119.png\",\"width\":1024,\"height\":1024,\"caption\":\"Contenitore industriale in rete metallica galvanizzata. Sovrapponibile, ripieghevole, resistente. Portata 600\\\/1000kg. Italiana Contenitori.\"},{\"@type\":\"BreadcrumbList\",\"@id\":\"https:\\\/\\\/www.italianacontenitori.com\\\/es\\\/prodotto\\\/market-120-x-80\\\/#breadcrumb\",\"itemListElement\":[{\"@type\":\"ListItem\",\"position\":1,\"name\":\"Home\",\"item\":\"https:\\\/\\\/www.italianacontenitori.com\\\/es\\\/contenedores-de-malla-metalica\\\/\"},{\"@type\":\"ListItem\",\"position\":2,\"name\":\"Contenedor industrial de malla met\u00e1lica &#8211; Mercado 120 x 80 &#8211; EUR\"}]},{\"@type\":\"WebSite\",\"@id\":\"https:\\\/\\\/www.italianacontenitori.com\\\/es\\\/#website\",\"url\":\"https:\\\/\\\/www.italianacontenitori.com\\\/es\\\/\",\"name\":\"italianacontenitori.com\",\"description\":\"Produzione di contenitori industriali e roll container\",\"publisher\":{\"@id\":\"https:\\\/\\\/www.italianacontenitori.com\\\/es\\\/#organization\"},\"potentialAction\":[{\"@type\":\"SearchAction\",\"target\":{\"@type\":\"EntryPoint\",\"urlTemplate\":\"https:\\\/\\\/www.italianacontenitori.com\\\/es\\\/?s={search_term_string}\"},\"query-input\":{\"@type\":\"PropertyValueSpecification\",\"valueRequired\":true,\"valueName\":\"search_term_string\"}}],\"inLanguage\":\"es\"},{\"@type\":\"Organization\",\"@id\":\"https:\\\/\\\/www.italianacontenitori.com\\\/es\\\/#organization\",\"name\":\"Italiana Contenitori s.r.l.\",\"alternateName\":\"IC\",\"url\":\"https:\\\/\\\/www.italianacontenitori.com\\\/es\\\/\",\"logo\":{\"@type\":\"ImageObject\",\"inLanguage\":\"es\",\"@id\":\"https:\\\/\\\/www.italianacontenitori.com\\\/es\\\/#\\\/schema\\\/logo\\\/image\\\/\",\"url\":\"https:\\\/\\\/www.italianacontenitori.com\\\/wp-content\\\/uploads\\\/2020\\\/11\\\/cropped-Logo-Italiana-Contenitori_favicon.jpg\",\"contentUrl\":\"https:\\\/\\\/www.italianacontenitori.com\\\/wp-content\\\/uploads\\\/2020\\\/11\\\/cropped-Logo-Italiana-Contenitori_favicon.jpg\",\"width\":512,\"height\":512,\"caption\":\"Italiana Contenitori s.r.l.\"},\"image\":{\"@id\":\"https:\\\/\\\/www.italianacontenitori.com\\\/es\\\/#\\\/schema\\\/logo\\\/image\\\/\"}}]}<\/script>\n<!-- \/ Yoast SEO plugin. -->","yoast_head_json":{"title":"Contenedor de malla met\u00e1lica industrial | Mercado 120x80 - EUR","description":"Cesta de malla de alambre galvanizado. Capacidad de carga 600\/1000 kg, apilable (3 en 1), plegable, con puerta de inspecci\u00f3n, transportable. Fabricada en Italia.","robots":{"index":"index","follow":"follow","max-snippet":"max-snippet:-1","max-image-preview":"max-image-preview:large","max-video-preview":"max-video-preview:-1"},"canonical":"https:\/\/www.italianacontenitori.com\/es\/prodotto\/market-120-x-80\/","og_locale":"es_ES","og_type":"article","og_title":"Contenedor de malla met\u00e1lica industrial | Mercado 120x80 - EUR","og_description":"Cesta de malla de alambre galvanizado. Capacidad de carga 600\/1000 kg, apilable (3 en 1), plegable, con puerta de inspecci\u00f3n, transportable. Fabricada en Italia.","og_url":"https:\/\/www.italianacontenitori.com\/es\/prodotto\/market-120-x-80\/","og_site_name":"italianacontenitori.com","article_modified_time":"2025-06-13T13:23:36+00:00","og_image":[{"width":1024,"height":1024,"url":"https:\/\/www.italianacontenitori.com\/wp-content\/uploads\/2021\/01\/MARK079119.png","type":"image\/png"}],"twitter_card":"summary_large_image","twitter_misc":{"Tiempo de lectura":"2 minutos"},"schema":{"@context":"https:\/\/schema.org","@graph":[{"@type":"WebPage","@id":"https:\/\/www.italianacontenitori.com\/es\/prodotto\/market-120-x-80\/","url":"https:\/\/www.italianacontenitori.com\/es\/prodotto\/market-120-x-80\/","name":"Contenedor de malla met\u00e1lica industrial | Mercado 120x80 - EUR","isPartOf":{"@id":"https:\/\/www.italianacontenitori.com\/es\/#website"},"primaryImageOfPage":{"@id":"https:\/\/www.italianacontenitori.com\/es\/prodotto\/market-120-x-80\/#primaryimage"},"image":{"@id":"https:\/\/www.italianacontenitori.com\/es\/prodotto\/market-120-x-80\/#primaryimage"},"thumbnailUrl":"https:\/\/www.italianacontenitori.com\/wp-content\/uploads\/2021\/01\/MARK079119.png","datePublished":"2021-03-01T13:42:46+00:00","dateModified":"2025-06-13T13:23:36+00:00","description":"Cesta de malla de alambre galvanizado. Capacidad de carga 600\/1000 kg, apilable (3 en 1), plegable, con puerta de inspecci\u00f3n, transportable. Fabricada en Italia.","breadcrumb":{"@id":"https:\/\/www.italianacontenitori.com\/es\/prodotto\/market-120-x-80\/#breadcrumb"},"inLanguage":"es","potentialAction":[{"@type":"ReadAction","target":["https:\/\/www.italianacontenitori.com\/es\/prodotto\/market-120-x-80\/"]}]},{"@type":"ImageObject","inLanguage":"es","@id":"https:\/\/www.italianacontenitori.com\/es\/prodotto\/market-120-x-80\/#primaryimage","url":"https:\/\/www.italianacontenitori.com\/wp-content\/uploads\/2021\/01\/MARK079119.png","contentUrl":"https:\/\/www.italianacontenitori.com\/wp-content\/uploads\/2021\/01\/MARK079119.png","width":1024,"height":1024,"caption":"Contenitore industriale in rete metallica galvanizzata. Sovrapponibile, ripieghevole, resistente. Portata 600\/1000kg. Italiana Contenitori."},{"@type":"BreadcrumbList","@id":"https:\/\/www.italianacontenitori.com\/es\/prodotto\/market-120-x-80\/#breadcrumb","itemListElement":[{"@type":"ListItem","position":1,"name":"Home","item":"https:\/\/www.italianacontenitori.com\/es\/contenedores-de-malla-metalica\/"},{"@type":"ListItem","position":2,"name":"Contenedor industrial de malla met\u00e1lica &#8211; Mercado 120 x 80 &#8211; EUR"}]},{"@type":"WebSite","@id":"https:\/\/www.italianacontenitori.com\/es\/#website","url":"https:\/\/www.italianacontenitori.com\/es\/","name":"italianacontenitori.com","description":"Produzione di contenitori industriali e roll container","publisher":{"@id":"https:\/\/www.italianacontenitori.com\/es\/#organization"},"potentialAction":[{"@type":"SearchAction","target":{"@type":"EntryPoint","urlTemplate":"https:\/\/www.italianacontenitori.com\/es\/?s={search_term_string}"},"query-input":{"@type":"PropertyValueSpecification","valueRequired":true,"valueName":"search_term_string"}}],"inLanguage":"es"},{"@type":"Organization","@id":"https:\/\/www.italianacontenitori.com\/es\/#organization","name":"Italiana Contenitori s.r.l.","alternateName":"IC","url":"https:\/\/www.italianacontenitori.com\/es\/","logo":{"@type":"ImageObject","inLanguage":"es","@id":"https:\/\/www.italianacontenitori.com\/es\/#\/schema\/logo\/image\/","url":"https:\/\/www.italianacontenitori.com\/wp-content\/uploads\/2020\/11\/cropped-Logo-Italiana-Contenitori_favicon.jpg","contentUrl":"https:\/\/www.italianacontenitori.com\/wp-content\/uploads\/2020\/11\/cropped-Logo-Italiana-Contenitori_favicon.jpg","width":512,"height":512,"caption":"Italiana Contenitori s.r.l."},"image":{"@id":"https:\/\/www.italianacontenitori.com\/es\/#\/schema\/logo\/image\/"}}]}},"_links":{"self":[{"href":"https:\/\/www.italianacontenitori.com\/es\/wp-json\/wp\/v2\/product\/241086","targetHints":{"allow":["GET"]}}],"collection":[{"href":"https:\/\/www.italianacontenitori.com\/es\/wp-json\/wp\/v2\/product"}],"about":[{"href":"https:\/\/www.italianacontenitori.com\/es\/wp-json\/wp\/v2\/types\/product"}],"replies":[{"embeddable":true,"href":"https:\/\/www.italianacontenitori.com\/es\/wp-json\/wp\/v2\/comments?post=241086"}],"wp:featuredmedia":[{"embeddable":true,"href":"https:\/\/www.italianacontenitori.com\/es\/wp-json\/wp\/v2\/media\/240088"}],"wp:attachment":[{"href":"https:\/\/www.italianacontenitori.com\/es\/wp-json\/wp\/v2\/media?parent=241086"}],"wp:term":[{"taxonomy":"product_brand","embeddable":true,"href":"https:\/\/www.italianacontenitori.com\/es\/wp-json\/wp\/v2\/product_brand?post=241086"},{"taxonomy":"product_cat","embeddable":true,"href":"https:\/\/www.italianacontenitori.com\/es\/wp-json\/wp\/v2\/product_cat?post=241086"},{"taxonomy":"product_tag","embeddable":true,"href":"https:\/\/www.italianacontenitori.com\/es\/wp-json\/wp\/v2\/product_tag?post=241086"}],"curies":[{"name":"wp","href":"https:\/\/api.w.org\/{rel}","templated":true}]}}