{"id":241111,"date":"2020-12-15T13:18:45","date_gmt":"2020-12-15T13:18:45","guid":{"rendered":"https:\/\/www.italianacontenitori.com\/product\/roll-encajable-de-seguridad\/"},"modified":"2026-04-10T14:36:36","modified_gmt":"2026-04-10T14:36:36","slug":"roll-encajable-seguridad","status":"publish","type":"product","link":"https:\/\/www.italianacontenitori.com\/es\/producto\/roll-encajable-seguridad\/","title":{"rendered":"Rollo contenedor de seguridad 72 x 86 cm &#8211; Compenetrable"},"content":{"rendered":"<p>El <strong>contenedor rodante de seguridad<\/strong> <strong>embalable<\/strong>(tambi\u00e9n conocido como <strong>contenedor rodante embalable<\/strong>) es la soluci\u00f3n ideal para quienes buscan la m\u00e1xima protecci\u00f3n para sus mercanc\u00edas valiosas. Dise\u00f1ado con una <strong>estructura totalmente cerrada<\/strong> y paredes de <strong>malla met\u00e1lica<\/strong> resistente <strong>y densa (50&#215;50 mm)<\/strong>, este <strong>carro industrial<\/strong> ofrece <strong>una resistencia eficaz contra el robo<\/strong>, tanto durante el transporte como durante el almacenamiento. La <strong>malla antirrobo<\/strong> y la <strong>puerta con cerradura<\/strong> no s\u00f3lo reducen el riesgo de hurto, sino que tambi\u00e9n garantizan que cualquier intento de robo sea inmediatamente evidente, lo que tambi\u00e9n es crucial a efectos del seguro. Este <strong>vers\u00e1til contenedor enrollable<\/strong> se puede plegar con unos pocos movimientos de mu\u00f1eca, e incluye un <strong>estante plegable de media altura<\/strong> para una flexibilidad instant\u00e1nea.   <\/p>\n<h2>Optimizaci\u00f3n del espacio: \u00bfpor qu\u00e9 elegir un rollo de botella?<\/h2>\n<p>Este  <strong>roll container<\/strong> se distingue no s\u00f3lo por su robustez, sino tambi\u00e9n por su practicidad y versatilidad, ventajas concretas para tu log\u00edstica:<\/p>\n<ul>\n<li><strong>Dise\u00f1o<\/strong> encajable <strong>para ocupar el m\u00ednimo espacio<\/strong>: permite <strong>que los roll containers vac\u00edos quepan unos dentro de otros<\/strong>, <strong>como los carritos de la compra<\/strong>. Esta soluci\u00f3n reduce significativamente la huella vac\u00eda sin necesidad de desmontaje, optimizando el espacio en almacenes, en veh\u00edculos de transporte de retorno y en cualquier zona donde el espacio sea escaso. <\/li>\n<li><strong>Aprovechamiento \u00f3ptimo del volumen interior<\/strong>: gracias al denso tejido de la malla (50&#215;50 mm), los estantes pueden colocarse a intervalos de s\u00f3lo 5 cm en vertical. Esto permite aprovechar al m\u00e1ximo cada cent\u00edmetro de volumen interior, por lo que es ideal para transportar y almacenar mercanc\u00edas peque\u00f1as y medianas, evitando que se desplacen o caigan. <\/li>\n<\/ul>\n<h2>Movimiento protegido con el rodillo de seguridad compenetrable<\/h2>\n<p>Elegir el Contenedor <strong>Rodante de Seguridad Compenetrable<\/strong> de Italiana Contenitori significa invertir en una soluci\u00f3n que combina protecci\u00f3n avanzada, eficacia log\u00edstica y dise\u00f1o inteligente para la manipulaci\u00f3n \u00f3ptima de tus mercanc\u00edas m\u00e1s importantes.<\/p>\n<ul>\n<li><strong>Manipulaci\u00f3n sencilla y controlada<\/strong>\n<ul>\n<li>Nuestros <strong>contenedores rodantes<\/strong> est\u00e1n equipados con <strong>cuatro ruedas de alta calidad<\/strong>, normalmente <strong>dos fijas<\/strong> para mantener la trayectoria al empujar y <strong>dos giratorias con freno<\/strong>, para garantizar la maniobrabilidad, la estabilidad y la seguridad cuando se utiliza el carro.<\/li>\n<li>La configuraci\u00f3n est\u00e1ndar garantiza <strong>una maniobrabilidad suave y un control \u00f3ptimo<\/strong>, incluso a plena carga, facilitando la manipulaci\u00f3n interna y el transporte.<\/li>\n<\/ul>\n<\/li>\n<li><strong>Ideal para muchos sectores<\/strong>: perfecto para la log\u00edstica, la gran distribuci\u00f3n (GDO), el sector farmac\u00e9utico y cualquier industria que necesite proteger y trasladar mercanc\u00edas sensibles o valiosas de forma eficaz y segura.<\/li>\n<\/ul>\n<p>Elegir el Contenedor <strong>Rodante de Seguridad Compenetrable<\/strong> de Italiana Contenitori significa invertir en una soluci\u00f3n que combina protecci\u00f3n avanzada, eficacia log\u00edstica y dise\u00f1o inteligente para la manipulaci\u00f3n \u00f3ptima de tus mercanc\u00edas m\u00e1s importantes.<\/p>\n","protected":false},"excerpt":{"rendered":"<p>Roll container vers\u00e1til que se puede cerrar con unos pocos gestos. Al ser encajable, permite reducir considerablemente el espacio que ocupa sin necesidad de desmontarlo. La malla de 50 x 50 mm y la puerta que se puede cerrar con candado reducen el riesgo de robo y, de ser forzadas, alertar\u00edan del posible allanamiento. Incluye un estante abatible a media altura.<\/p>\n","protected":false},"featured_media":240119,"comment_status":"open","ping_status":"closed","template":"","meta":{"_acf_changed":false,"_et_pb_use_builder":"","_et_pb_old_content":"","_et_gb_content_width":""},"product_brand":[],"product_cat":[1548],"product_tag":[2127,2126],"class_list":{"0":"post-241111","1":"product","2":"type-product","3":"status-publish","4":"has-post-thumbnail","6":"product_cat-roll-container-es","7":"product_tag-roll-container-dimensiones-estandar","8":"product_tag-seguridad","10":"first","11":"instock","12":"shipping-taxable","13":"purchasable","14":"product-type-simple"},"acf":[],"yoast_head":"<!-- This site is optimized with the Yoast SEO plugin v27.3 - https:\/\/yoast.com\/product\/yoast-seo-wordpress\/ -->\n<title>Roll Contenedor Seguridad - Compenetrable | Italiana Contenitori<\/title>\n<meta name=\"description\" content=\"Contenedores en rollo de seguridad compenetrables: encajan uno dentro de otro. Gracias a su densa malla, permiten el transporte seguro de mercanc\u00edas valiosas.\" \/>\n<meta name=\"robots\" content=\"index, follow, max-snippet:-1, max-image-preview:large, max-video-preview:-1\" \/>\n<link rel=\"canonical\" href=\"https:\/\/www.italianacontenitori.com\/es\/producto\/roll-encajable-seguridad\/\" \/>\n<meta property=\"og:locale\" content=\"es_ES\" \/>\n<meta property=\"og:type\" content=\"article\" \/>\n<meta property=\"og:title\" content=\"Roll Contenedor Seguridad - Compenetrable | Italiana Contenitori\" \/>\n<meta property=\"og:description\" content=\"Contenedores en rollo de seguridad compenetrables: encajan uno dentro de otro. Gracias a su densa malla, permiten el transporte seguro de mercanc\u00edas valiosas.\" \/>\n<meta property=\"og:url\" content=\"https:\/\/www.italianacontenitori.com\/es\/producto\/roll-encajable-seguridad\/\" \/>\n<meta property=\"og:site_name\" content=\"italianacontenitori.com\" \/>\n<meta property=\"article:modified_time\" content=\"2026-04-10T14:36:36+00:00\" \/>\n<meta property=\"og:image\" content=\"https:\/\/www.italianacontenitori.com\/wp-content\/uploads\/2020\/12\/ROLL201011.png\" \/>\n\t<meta property=\"og:image:width\" content=\"1024\" \/>\n\t<meta property=\"og:image:height\" content=\"1024\" \/>\n\t<meta property=\"og:image:type\" content=\"image\/png\" \/>\n<meta name=\"twitter:card\" content=\"summary_large_image\" \/>\n<meta name=\"twitter:label1\" content=\"Tiempo de lectura\" \/>\n\t<meta name=\"twitter:data1\" content=\"2 minutos\" \/>\n<script type=\"application\/ld+json\" class=\"yoast-schema-graph\">{\"@context\":\"https:\\\/\\\/schema.org\",\"@graph\":[{\"@type\":\"WebPage\",\"@id\":\"https:\\\/\\\/www.italianacontenitori.com\\\/es\\\/producto\\\/roll-encajable-seguridad\\\/\",\"url\":\"https:\\\/\\\/www.italianacontenitori.com\\\/es\\\/producto\\\/roll-encajable-seguridad\\\/\",\"name\":\"Roll Contenedor Seguridad - Compenetrable | Italiana Contenitori\",\"isPartOf\":{\"@id\":\"https:\\\/\\\/www.italianacontenitori.com\\\/es\\\/#website\"},\"primaryImageOfPage\":{\"@id\":\"https:\\\/\\\/www.italianacontenitori.com\\\/es\\\/producto\\\/roll-encajable-seguridad\\\/#primaryimage\"},\"image\":{\"@id\":\"https:\\\/\\\/www.italianacontenitori.com\\\/es\\\/producto\\\/roll-encajable-seguridad\\\/#primaryimage\"},\"thumbnailUrl\":\"https:\\\/\\\/www.italianacontenitori.com\\\/wp-content\\\/uploads\\\/2020\\\/12\\\/ROLL201011.png\",\"datePublished\":\"2020-12-15T13:18:45+00:00\",\"dateModified\":\"2026-04-10T14:36:36+00:00\",\"description\":\"Contenedores en rollo de seguridad compenetrables: encajan uno dentro de otro. Gracias a su densa malla, permiten el transporte seguro de mercanc\u00edas valiosas.\",\"breadcrumb\":{\"@id\":\"https:\\\/\\\/www.italianacontenitori.com\\\/es\\\/producto\\\/roll-encajable-seguridad\\\/#breadcrumb\"},\"inLanguage\":\"es\",\"potentialAction\":[{\"@type\":\"ReadAction\",\"target\":[\"https:\\\/\\\/www.italianacontenitori.com\\\/es\\\/producto\\\/roll-encajable-seguridad\\\/\"]}]},{\"@type\":\"ImageObject\",\"inLanguage\":\"es\",\"@id\":\"https:\\\/\\\/www.italianacontenitori.com\\\/es\\\/producto\\\/roll-encajable-seguridad\\\/#primaryimage\",\"url\":\"https:\\\/\\\/www.italianacontenitori.com\\\/wp-content\\\/uploads\\\/2020\\\/12\\\/ROLL201011.png\",\"contentUrl\":\"https:\\\/\\\/www.italianacontenitori.com\\\/wp-content\\\/uploads\\\/2020\\\/12\\\/ROLL201011.png\",\"width\":1024,\"height\":1024,\"caption\":\"Contenedor en rollo de seguridad compenetrable\"},{\"@type\":\"BreadcrumbList\",\"@id\":\"https:\\\/\\\/www.italianacontenitori.com\\\/es\\\/producto\\\/roll-encajable-seguridad\\\/#breadcrumb\",\"itemListElement\":[{\"@type\":\"ListItem\",\"position\":1,\"name\":\"Home\",\"item\":\"https:\\\/\\\/www.italianacontenitori.com\\\/es\\\/contenedores-de-malla-metalica\\\/\"},{\"@type\":\"ListItem\",\"position\":2,\"name\":\"Rollo contenedor de seguridad 72 x 86 cm &#8211; Compenetrable\"}]},{\"@type\":\"WebSite\",\"@id\":\"https:\\\/\\\/www.italianacontenitori.com\\\/es\\\/#website\",\"url\":\"https:\\\/\\\/www.italianacontenitori.com\\\/es\\\/\",\"name\":\"italianacontenitori.com\",\"description\":\"Produzione di contenitori industriali e roll container\",\"publisher\":{\"@id\":\"https:\\\/\\\/www.italianacontenitori.com\\\/es\\\/#organization\"},\"potentialAction\":[{\"@type\":\"SearchAction\",\"target\":{\"@type\":\"EntryPoint\",\"urlTemplate\":\"https:\\\/\\\/www.italianacontenitori.com\\\/es\\\/?s={search_term_string}\"},\"query-input\":{\"@type\":\"PropertyValueSpecification\",\"valueRequired\":true,\"valueName\":\"search_term_string\"}}],\"inLanguage\":\"es\"},{\"@type\":\"Organization\",\"@id\":\"https:\\\/\\\/www.italianacontenitori.com\\\/es\\\/#organization\",\"name\":\"Italiana Contenitori s.r.l.\",\"alternateName\":\"IC\",\"url\":\"https:\\\/\\\/www.italianacontenitori.com\\\/es\\\/\",\"logo\":{\"@type\":\"ImageObject\",\"inLanguage\":\"es\",\"@id\":\"https:\\\/\\\/www.italianacontenitori.com\\\/es\\\/#\\\/schema\\\/logo\\\/image\\\/\",\"url\":\"https:\\\/\\\/www.italianacontenitori.com\\\/wp-content\\\/uploads\\\/2020\\\/11\\\/cropped-Logo-Italiana-Contenitori_favicon.jpg\",\"contentUrl\":\"https:\\\/\\\/www.italianacontenitori.com\\\/wp-content\\\/uploads\\\/2020\\\/11\\\/cropped-Logo-Italiana-Contenitori_favicon.jpg\",\"width\":512,\"height\":512,\"caption\":\"Italiana Contenitori s.r.l.\"},\"image\":{\"@id\":\"https:\\\/\\\/www.italianacontenitori.com\\\/es\\\/#\\\/schema\\\/logo\\\/image\\\/\"}}]}<\/script>\n<!-- \/ Yoast SEO plugin. -->","yoast_head_json":{"title":"Roll Contenedor Seguridad - Compenetrable | Italiana Contenitori","description":"Contenedores en rollo de seguridad compenetrables: encajan uno dentro de otro. Gracias a su densa malla, permiten el transporte seguro de mercanc\u00edas valiosas.","robots":{"index":"index","follow":"follow","max-snippet":"max-snippet:-1","max-image-preview":"max-image-preview:large","max-video-preview":"max-video-preview:-1"},"canonical":"https:\/\/www.italianacontenitori.com\/es\/producto\/roll-encajable-seguridad\/","og_locale":"es_ES","og_type":"article","og_title":"Roll Contenedor Seguridad - Compenetrable | Italiana Contenitori","og_description":"Contenedores en rollo de seguridad compenetrables: encajan uno dentro de otro. Gracias a su densa malla, permiten el transporte seguro de mercanc\u00edas valiosas.","og_url":"https:\/\/www.italianacontenitori.com\/es\/producto\/roll-encajable-seguridad\/","og_site_name":"italianacontenitori.com","article_modified_time":"2026-04-10T14:36:36+00:00","og_image":[{"width":1024,"height":1024,"url":"https:\/\/www.italianacontenitori.com\/wp-content\/uploads\/2020\/12\/ROLL201011.png","type":"image\/png"}],"twitter_card":"summary_large_image","twitter_misc":{"Tiempo de lectura":"2 minutos"},"schema":{"@context":"https:\/\/schema.org","@graph":[{"@type":"WebPage","@id":"https:\/\/www.italianacontenitori.com\/es\/producto\/roll-encajable-seguridad\/","url":"https:\/\/www.italianacontenitori.com\/es\/producto\/roll-encajable-seguridad\/","name":"Roll Contenedor Seguridad - Compenetrable | Italiana Contenitori","isPartOf":{"@id":"https:\/\/www.italianacontenitori.com\/es\/#website"},"primaryImageOfPage":{"@id":"https:\/\/www.italianacontenitori.com\/es\/producto\/roll-encajable-seguridad\/#primaryimage"},"image":{"@id":"https:\/\/www.italianacontenitori.com\/es\/producto\/roll-encajable-seguridad\/#primaryimage"},"thumbnailUrl":"https:\/\/www.italianacontenitori.com\/wp-content\/uploads\/2020\/12\/ROLL201011.png","datePublished":"2020-12-15T13:18:45+00:00","dateModified":"2026-04-10T14:36:36+00:00","description":"Contenedores en rollo de seguridad compenetrables: encajan uno dentro de otro. Gracias a su densa malla, permiten el transporte seguro de mercanc\u00edas valiosas.","breadcrumb":{"@id":"https:\/\/www.italianacontenitori.com\/es\/producto\/roll-encajable-seguridad\/#breadcrumb"},"inLanguage":"es","potentialAction":[{"@type":"ReadAction","target":["https:\/\/www.italianacontenitori.com\/es\/producto\/roll-encajable-seguridad\/"]}]},{"@type":"ImageObject","inLanguage":"es","@id":"https:\/\/www.italianacontenitori.com\/es\/producto\/roll-encajable-seguridad\/#primaryimage","url":"https:\/\/www.italianacontenitori.com\/wp-content\/uploads\/2020\/12\/ROLL201011.png","contentUrl":"https:\/\/www.italianacontenitori.com\/wp-content\/uploads\/2020\/12\/ROLL201011.png","width":1024,"height":1024,"caption":"Contenedor en rollo de seguridad compenetrable"},{"@type":"BreadcrumbList","@id":"https:\/\/www.italianacontenitori.com\/es\/producto\/roll-encajable-seguridad\/#breadcrumb","itemListElement":[{"@type":"ListItem","position":1,"name":"Home","item":"https:\/\/www.italianacontenitori.com\/es\/contenedores-de-malla-metalica\/"},{"@type":"ListItem","position":2,"name":"Rollo contenedor de seguridad 72 x 86 cm &#8211; Compenetrable"}]},{"@type":"WebSite","@id":"https:\/\/www.italianacontenitori.com\/es\/#website","url":"https:\/\/www.italianacontenitori.com\/es\/","name":"italianacontenitori.com","description":"Produzione di contenitori industriali e roll container","publisher":{"@id":"https:\/\/www.italianacontenitori.com\/es\/#organization"},"potentialAction":[{"@type":"SearchAction","target":{"@type":"EntryPoint","urlTemplate":"https:\/\/www.italianacontenitori.com\/es\/?s={search_term_string}"},"query-input":{"@type":"PropertyValueSpecification","valueRequired":true,"valueName":"search_term_string"}}],"inLanguage":"es"},{"@type":"Organization","@id":"https:\/\/www.italianacontenitori.com\/es\/#organization","name":"Italiana Contenitori s.r.l.","alternateName":"IC","url":"https:\/\/www.italianacontenitori.com\/es\/","logo":{"@type":"ImageObject","inLanguage":"es","@id":"https:\/\/www.italianacontenitori.com\/es\/#\/schema\/logo\/image\/","url":"https:\/\/www.italianacontenitori.com\/wp-content\/uploads\/2020\/11\/cropped-Logo-Italiana-Contenitori_favicon.jpg","contentUrl":"https:\/\/www.italianacontenitori.com\/wp-content\/uploads\/2020\/11\/cropped-Logo-Italiana-Contenitori_favicon.jpg","width":512,"height":512,"caption":"Italiana Contenitori s.r.l."},"image":{"@id":"https:\/\/www.italianacontenitori.com\/es\/#\/schema\/logo\/image\/"}}]}},"_links":{"self":[{"href":"https:\/\/www.italianacontenitori.com\/es\/wp-json\/wp\/v2\/product\/241111","targetHints":{"allow":["GET"]}}],"collection":[{"href":"https:\/\/www.italianacontenitori.com\/es\/wp-json\/wp\/v2\/product"}],"about":[{"href":"https:\/\/www.italianacontenitori.com\/es\/wp-json\/wp\/v2\/types\/product"}],"replies":[{"embeddable":true,"href":"https:\/\/www.italianacontenitori.com\/es\/wp-json\/wp\/v2\/comments?post=241111"}],"wp:featuredmedia":[{"embeddable":true,"href":"https:\/\/www.italianacontenitori.com\/es\/wp-json\/wp\/v2\/media\/240119"}],"wp:attachment":[{"href":"https:\/\/www.italianacontenitori.com\/es\/wp-json\/wp\/v2\/media?parent=241111"}],"wp:term":[{"taxonomy":"product_brand","embeddable":true,"href":"https:\/\/www.italianacontenitori.com\/es\/wp-json\/wp\/v2\/product_brand?post=241111"},{"taxonomy":"product_cat","embeddable":true,"href":"https:\/\/www.italianacontenitori.com\/es\/wp-json\/wp\/v2\/product_cat?post=241111"},{"taxonomy":"product_tag","embeddable":true,"href":"https:\/\/www.italianacontenitori.com\/es\/wp-json\/wp\/v2\/product_tag?post=241111"}],"curies":[{"name":"wp","href":"https:\/\/api.w.org\/{rel}","templated":true}]}}