{"id":241145,"date":"2020-12-15T10:57:07","date_gmt":"2020-12-15T10:57:07","guid":{"rendered":"https:\/\/www.italianacontenitori.com\/product\/roll-container-de-tubo-o-25-mm\/"},"modified":"2026-04-10T14:36:28","modified_gmt":"2026-04-10T14:36:28","slug":"roll-base-francia-fr-72-x-81-t25","status":"publish","type":"product","link":"https:\/\/www.italianacontenitori.com\/es\/producto\/roll-base-francia-fr-72-x-81-t25\/","title":{"rendered":"Contenedor de rollo con base francesa &#8211; 72 x 81 cm (tubo \u00f8 25 mm)"},"content":{"rendered":"<p>El <strong>contenedor rodante b\u00e1sico de 72&#215;81 cm<\/strong> es una soluci\u00f3n <strong>est\u00e1ndar<\/strong> vers\u00e1til para almacenar y transportar eficazmente tus mercanc\u00edas. Las <strong>barandillas<\/strong> laterales, fabricadas con <strong>tubos sobredimensionados<\/strong> de 25 mm de di\u00e1metro, proporcionan<strong>una robustez superior, ideal para cargas pesadas y voluminosas.<\/strong> Este modelo est\u00e1 equipado <strong>con dos correas el\u00e1sticas<\/strong> para asegurar la carga durante la manipulaci\u00f3n y una placa met\u00e1lica en cada aparador para fijar etiquetas de identificaci\u00f3n.  <\/p>\n<h2>Roll container con base est\u00e1ndar: caracter\u00edsticas principales<\/h2>\n<ul>\n<li>Dimensiones exteriores: 720 x 810 mm<\/li>\n<li>Capacidad interna: 660 x 790 mm<\/li>\n<li>Estructura: ra\u00edles laterales con tubos de \u00d825 mm para mayor resistencia<\/li>\n<li>Accesorios incluidos: dos correas el\u00e1sticas para sujetar la carga y placas met\u00e1licas de identificaci\u00f3n<\/li>\n<\/ul>\n<p>Este contenedor en rollo b\u00e1sico de 72&#215;81 est\u00e1 dise\u00f1ado para satisfacer las necesidades de distintos sectores, una soluci\u00f3n fiable y duradera para la manipulaci\u00f3n y el almacenamiento de mercanc\u00edas para diversos sectores como el comercio minorista y al por menor, la industria, las lavander\u00edas, la gesti\u00f3n de residuos, el reciclaje, el transporte y la manipulaci\u00f3n interna.<\/p>\n","protected":false},"excerpt":{"rendered":"<p>Roll container vers\u00e1til para el almacenamiento y transporte de mercanc\u00edas. Las paredes laterales de tubo de 25 mm de di\u00e1metro garantizan una alta resistencia. El producto incluye dos correas el\u00e1sticas para asegurar la carga y una tarjeta de metal en cada lado para colocar posibles etiquetas.<\/p>\n","protected":false},"featured_media":240140,"comment_status":"open","ping_status":"closed","template":"","meta":{"_acf_changed":false,"_et_pb_use_builder":"","_et_pb_old_content":"","_et_gb_content_width":""},"product_brand":[],"product_cat":[1548],"product_tag":[2127],"class_list":{"0":"post-241145","1":"product","2":"type-product","3":"status-publish","4":"has-post-thumbnail","6":"product_cat-roll-container-es","7":"product_tag-roll-container-dimensiones-estandar","9":"first","10":"instock","11":"shipping-taxable","12":"purchasable","13":"product-type-variable","14":"has-default-attributes"},"acf":[],"yoast_head":"<!-- This site is optimized with the Yoast SEO plugin v27.3 - https:\/\/yoast.com\/product\/yoast-seo-wordpress\/ -->\n<title>Rollo Contenedor Est\u00e1ndar 72x81 - italianacontenitori.com<\/title>\n<meta name=\"description\" content=\"Base de contenedor rodante 72x81 est\u00e1ndar, tiene barandillas laterales con tubos sobredimensionados de 25 mm para una mayor resistencia, dos correas el\u00e1sticas y placas incluidas.\" \/>\n<meta name=\"robots\" content=\"index, follow, max-snippet:-1, max-image-preview:large, max-video-preview:-1\" \/>\n<link rel=\"canonical\" href=\"https:\/\/www.italianacontenitori.com\/es\/producto\/roll-base-francia-fr-72-x-81-t25\/\" \/>\n<meta property=\"og:locale\" content=\"es_ES\" \/>\n<meta property=\"og:type\" content=\"article\" \/>\n<meta property=\"og:title\" content=\"Rollo Contenedor Est\u00e1ndar 72x81 - italianacontenitori.com\" \/>\n<meta property=\"og:description\" content=\"Base de contenedor rodante 72x81 est\u00e1ndar, tiene barandillas laterales con tubos sobredimensionados de 25 mm para una mayor resistencia, dos correas el\u00e1sticas y placas incluidas.\" \/>\n<meta property=\"og:url\" content=\"https:\/\/www.italianacontenitori.com\/es\/producto\/roll-base-francia-fr-72-x-81-t25\/\" \/>\n<meta property=\"og:site_name\" content=\"italianacontenitori.com\" \/>\n<meta property=\"article:modified_time\" content=\"2026-04-10T14:36:28+00:00\" \/>\n<meta property=\"og:image\" content=\"https:\/\/www.italianacontenitori.com\/wp-content\/uploads\/2020\/12\/ROLF0060H210.png\" \/>\n\t<meta property=\"og:image:width\" content=\"1024\" \/>\n\t<meta property=\"og:image:height\" content=\"1024\" \/>\n\t<meta property=\"og:image:type\" content=\"image\/png\" \/>\n<meta name=\"twitter:card\" content=\"summary_large_image\" \/>\n<meta name=\"twitter:label1\" content=\"Tiempo de lectura\" \/>\n\t<meta name=\"twitter:data1\" content=\"1 minuto\" \/>\n<script type=\"application\/ld+json\" class=\"yoast-schema-graph\">{\"@context\":\"https:\\\/\\\/schema.org\",\"@graph\":[{\"@type\":\"WebPage\",\"@id\":\"https:\\\/\\\/www.italianacontenitori.com\\\/es\\\/producto\\\/roll-base-francia-fr-72-x-81-t25\\\/\",\"url\":\"https:\\\/\\\/www.italianacontenitori.com\\\/es\\\/producto\\\/roll-base-francia-fr-72-x-81-t25\\\/\",\"name\":\"Rollo Contenedor Est\u00e1ndar 72x81 - italianacontenitori.com\",\"isPartOf\":{\"@id\":\"https:\\\/\\\/www.italianacontenitori.com\\\/es\\\/#website\"},\"primaryImageOfPage\":{\"@id\":\"https:\\\/\\\/www.italianacontenitori.com\\\/es\\\/producto\\\/roll-base-francia-fr-72-x-81-t25\\\/#primaryimage\"},\"image\":{\"@id\":\"https:\\\/\\\/www.italianacontenitori.com\\\/es\\\/producto\\\/roll-base-francia-fr-72-x-81-t25\\\/#primaryimage\"},\"thumbnailUrl\":\"https:\\\/\\\/www.italianacontenitori.com\\\/wp-content\\\/uploads\\\/2020\\\/12\\\/ROLF0060H210.png\",\"datePublished\":\"2020-12-15T10:57:07+00:00\",\"dateModified\":\"2026-04-10T14:36:28+00:00\",\"description\":\"Base de contenedor rodante 72x81 est\u00e1ndar, tiene barandillas laterales con tubos sobredimensionados de 25 mm para una mayor resistencia, dos correas el\u00e1sticas y placas incluidas.\",\"breadcrumb\":{\"@id\":\"https:\\\/\\\/www.italianacontenitori.com\\\/es\\\/producto\\\/roll-base-francia-fr-72-x-81-t25\\\/#breadcrumb\"},\"inLanguage\":\"es\",\"potentialAction\":[{\"@type\":\"ReadAction\",\"target\":[\"https:\\\/\\\/www.italianacontenitori.com\\\/es\\\/producto\\\/roll-base-francia-fr-72-x-81-t25\\\/\"]}]},{\"@type\":\"ImageObject\",\"inLanguage\":\"es\",\"@id\":\"https:\\\/\\\/www.italianacontenitori.com\\\/es\\\/producto\\\/roll-base-francia-fr-72-x-81-t25\\\/#primaryimage\",\"url\":\"https:\\\/\\\/www.italianacontenitori.com\\\/wp-content\\\/uploads\\\/2020\\\/12\\\/ROLF0060H210.png\",\"contentUrl\":\"https:\\\/\\\/www.italianacontenitori.com\\\/wp-content\\\/uploads\\\/2020\\\/12\\\/ROLF0060H210.png\",\"width\":1024,\"height\":1024,\"caption\":\"Roll container Base francesa con laterales reforzados. Modelo ROLF0060H210\"},{\"@type\":\"BreadcrumbList\",\"@id\":\"https:\\\/\\\/www.italianacontenitori.com\\\/es\\\/producto\\\/roll-base-francia-fr-72-x-81-t25\\\/#breadcrumb\",\"itemListElement\":[{\"@type\":\"ListItem\",\"position\":1,\"name\":\"Home\",\"item\":\"https:\\\/\\\/www.italianacontenitori.com\\\/es\\\/contenedores-de-malla-metalica\\\/\"},{\"@type\":\"ListItem\",\"position\":2,\"name\":\"Contenedor de rollo con base francesa &#8211; 72 x 81 cm (tubo \u00f8 25 mm)\"}]},{\"@type\":\"WebSite\",\"@id\":\"https:\\\/\\\/www.italianacontenitori.com\\\/es\\\/#website\",\"url\":\"https:\\\/\\\/www.italianacontenitori.com\\\/es\\\/\",\"name\":\"italianacontenitori.com\",\"description\":\"Produzione di contenitori industriali e roll container\",\"publisher\":{\"@id\":\"https:\\\/\\\/www.italianacontenitori.com\\\/es\\\/#organization\"},\"potentialAction\":[{\"@type\":\"SearchAction\",\"target\":{\"@type\":\"EntryPoint\",\"urlTemplate\":\"https:\\\/\\\/www.italianacontenitori.com\\\/es\\\/?s={search_term_string}\"},\"query-input\":{\"@type\":\"PropertyValueSpecification\",\"valueRequired\":true,\"valueName\":\"search_term_string\"}}],\"inLanguage\":\"es\"},{\"@type\":\"Organization\",\"@id\":\"https:\\\/\\\/www.italianacontenitori.com\\\/es\\\/#organization\",\"name\":\"Italiana Contenitori s.r.l.\",\"alternateName\":\"IC\",\"url\":\"https:\\\/\\\/www.italianacontenitori.com\\\/es\\\/\",\"logo\":{\"@type\":\"ImageObject\",\"inLanguage\":\"es\",\"@id\":\"https:\\\/\\\/www.italianacontenitori.com\\\/es\\\/#\\\/schema\\\/logo\\\/image\\\/\",\"url\":\"https:\\\/\\\/www.italianacontenitori.com\\\/wp-content\\\/uploads\\\/2020\\\/11\\\/cropped-Logo-Italiana-Contenitori_favicon.jpg\",\"contentUrl\":\"https:\\\/\\\/www.italianacontenitori.com\\\/wp-content\\\/uploads\\\/2020\\\/11\\\/cropped-Logo-Italiana-Contenitori_favicon.jpg\",\"width\":512,\"height\":512,\"caption\":\"Italiana Contenitori s.r.l.\"},\"image\":{\"@id\":\"https:\\\/\\\/www.italianacontenitori.com\\\/es\\\/#\\\/schema\\\/logo\\\/image\\\/\"}}]}<\/script>\n<!-- \/ Yoast SEO plugin. -->","yoast_head_json":{"title":"Rollo Contenedor Est\u00e1ndar 72x81 - italianacontenitori.com","description":"Base de contenedor rodante 72x81 est\u00e1ndar, tiene barandillas laterales con tubos sobredimensionados de 25 mm para una mayor resistencia, dos correas el\u00e1sticas y placas incluidas.","robots":{"index":"index","follow":"follow","max-snippet":"max-snippet:-1","max-image-preview":"max-image-preview:large","max-video-preview":"max-video-preview:-1"},"canonical":"https:\/\/www.italianacontenitori.com\/es\/producto\/roll-base-francia-fr-72-x-81-t25\/","og_locale":"es_ES","og_type":"article","og_title":"Rollo Contenedor Est\u00e1ndar 72x81 - italianacontenitori.com","og_description":"Base de contenedor rodante 72x81 est\u00e1ndar, tiene barandillas laterales con tubos sobredimensionados de 25 mm para una mayor resistencia, dos correas el\u00e1sticas y placas incluidas.","og_url":"https:\/\/www.italianacontenitori.com\/es\/producto\/roll-base-francia-fr-72-x-81-t25\/","og_site_name":"italianacontenitori.com","article_modified_time":"2026-04-10T14:36:28+00:00","og_image":[{"width":1024,"height":1024,"url":"https:\/\/www.italianacontenitori.com\/wp-content\/uploads\/2020\/12\/ROLF0060H210.png","type":"image\/png"}],"twitter_card":"summary_large_image","twitter_misc":{"Tiempo de lectura":"1 minuto"},"schema":{"@context":"https:\/\/schema.org","@graph":[{"@type":"WebPage","@id":"https:\/\/www.italianacontenitori.com\/es\/producto\/roll-base-francia-fr-72-x-81-t25\/","url":"https:\/\/www.italianacontenitori.com\/es\/producto\/roll-base-francia-fr-72-x-81-t25\/","name":"Rollo Contenedor Est\u00e1ndar 72x81 - italianacontenitori.com","isPartOf":{"@id":"https:\/\/www.italianacontenitori.com\/es\/#website"},"primaryImageOfPage":{"@id":"https:\/\/www.italianacontenitori.com\/es\/producto\/roll-base-francia-fr-72-x-81-t25\/#primaryimage"},"image":{"@id":"https:\/\/www.italianacontenitori.com\/es\/producto\/roll-base-francia-fr-72-x-81-t25\/#primaryimage"},"thumbnailUrl":"https:\/\/www.italianacontenitori.com\/wp-content\/uploads\/2020\/12\/ROLF0060H210.png","datePublished":"2020-12-15T10:57:07+00:00","dateModified":"2026-04-10T14:36:28+00:00","description":"Base de contenedor rodante 72x81 est\u00e1ndar, tiene barandillas laterales con tubos sobredimensionados de 25 mm para una mayor resistencia, dos correas el\u00e1sticas y placas incluidas.","breadcrumb":{"@id":"https:\/\/www.italianacontenitori.com\/es\/producto\/roll-base-francia-fr-72-x-81-t25\/#breadcrumb"},"inLanguage":"es","potentialAction":[{"@type":"ReadAction","target":["https:\/\/www.italianacontenitori.com\/es\/producto\/roll-base-francia-fr-72-x-81-t25\/"]}]},{"@type":"ImageObject","inLanguage":"es","@id":"https:\/\/www.italianacontenitori.com\/es\/producto\/roll-base-francia-fr-72-x-81-t25\/#primaryimage","url":"https:\/\/www.italianacontenitori.com\/wp-content\/uploads\/2020\/12\/ROLF0060H210.png","contentUrl":"https:\/\/www.italianacontenitori.com\/wp-content\/uploads\/2020\/12\/ROLF0060H210.png","width":1024,"height":1024,"caption":"Roll container Base francesa con laterales reforzados. Modelo ROLF0060H210"},{"@type":"BreadcrumbList","@id":"https:\/\/www.italianacontenitori.com\/es\/producto\/roll-base-francia-fr-72-x-81-t25\/#breadcrumb","itemListElement":[{"@type":"ListItem","position":1,"name":"Home","item":"https:\/\/www.italianacontenitori.com\/es\/contenedores-de-malla-metalica\/"},{"@type":"ListItem","position":2,"name":"Contenedor de rollo con base francesa &#8211; 72 x 81 cm (tubo \u00f8 25 mm)"}]},{"@type":"WebSite","@id":"https:\/\/www.italianacontenitori.com\/es\/#website","url":"https:\/\/www.italianacontenitori.com\/es\/","name":"italianacontenitori.com","description":"Produzione di contenitori industriali e roll container","publisher":{"@id":"https:\/\/www.italianacontenitori.com\/es\/#organization"},"potentialAction":[{"@type":"SearchAction","target":{"@type":"EntryPoint","urlTemplate":"https:\/\/www.italianacontenitori.com\/es\/?s={search_term_string}"},"query-input":{"@type":"PropertyValueSpecification","valueRequired":true,"valueName":"search_term_string"}}],"inLanguage":"es"},{"@type":"Organization","@id":"https:\/\/www.italianacontenitori.com\/es\/#organization","name":"Italiana Contenitori s.r.l.","alternateName":"IC","url":"https:\/\/www.italianacontenitori.com\/es\/","logo":{"@type":"ImageObject","inLanguage":"es","@id":"https:\/\/www.italianacontenitori.com\/es\/#\/schema\/logo\/image\/","url":"https:\/\/www.italianacontenitori.com\/wp-content\/uploads\/2020\/11\/cropped-Logo-Italiana-Contenitori_favicon.jpg","contentUrl":"https:\/\/www.italianacontenitori.com\/wp-content\/uploads\/2020\/11\/cropped-Logo-Italiana-Contenitori_favicon.jpg","width":512,"height":512,"caption":"Italiana Contenitori s.r.l."},"image":{"@id":"https:\/\/www.italianacontenitori.com\/es\/#\/schema\/logo\/image\/"}}]}},"_links":{"self":[{"href":"https:\/\/www.italianacontenitori.com\/es\/wp-json\/wp\/v2\/product\/241145","targetHints":{"allow":["GET"]}}],"collection":[{"href":"https:\/\/www.italianacontenitori.com\/es\/wp-json\/wp\/v2\/product"}],"about":[{"href":"https:\/\/www.italianacontenitori.com\/es\/wp-json\/wp\/v2\/types\/product"}],"replies":[{"embeddable":true,"href":"https:\/\/www.italianacontenitori.com\/es\/wp-json\/wp\/v2\/comments?post=241145"}],"wp:featuredmedia":[{"embeddable":true,"href":"https:\/\/www.italianacontenitori.com\/es\/wp-json\/wp\/v2\/media\/240140"}],"wp:attachment":[{"href":"https:\/\/www.italianacontenitori.com\/es\/wp-json\/wp\/v2\/media?parent=241145"}],"wp:term":[{"taxonomy":"product_brand","embeddable":true,"href":"https:\/\/www.italianacontenitori.com\/es\/wp-json\/wp\/v2\/product_brand?post=241145"},{"taxonomy":"product_cat","embeddable":true,"href":"https:\/\/www.italianacontenitori.com\/es\/wp-json\/wp\/v2\/product_cat?post=241145"},{"taxonomy":"product_tag","embeddable":true,"href":"https:\/\/www.italianacontenitori.com\/es\/wp-json\/wp\/v2\/product_tag?post=241145"}],"curies":[{"name":"wp","href":"https:\/\/api.w.org\/{rel}","templated":true}]}}