{"id":241174,"date":"2020-12-15T10:39:07","date_gmt":"2020-12-15T10:39:07","guid":{"rendered":"https:\/\/www.italianacontenitori.com\/product\/roll-container-con-base-de-plastico-de-tubo-o-25-mm\/"},"modified":"2026-04-10T14:36:22","modified_gmt":"2026-04-10T14:36:22","slug":"roll-base-plastico-72-x-81-t25","status":"publish","type":"product","link":"https:\/\/www.italianacontenitori.com\/es\/prodotto\/roll-base-plastico-72-x-81-t25\/","title":{"rendered":"Contenedor en rollo con base de pl\u00e1stico 72 x 81 &#8211; Reforzado"},"content":{"rendered":"<p>El <strong>roll container reforzado<\/strong> de 72 x 81 cm <strong>con base de pl\u00e1stico<\/strong> combina ligereza y resistencia, gracias al mayor di\u00e1metro de los ra\u00edles laterales y a una base de pl\u00e1stico reforzada con cuatro barras met\u00e1licas que distribuyen el peso uniformemente, garantizando la resistencia incluso con cargas pesadas. La base de pl\u00e1stico ofrece mayor ligereza que los modelos met\u00e1licos, por lo que este roll container es ideal para sectores como la gran distribuci\u00f3n y las lavander\u00edas industriales, donde la manipulaci\u00f3n frecuente est\u00e1 a la orden del d\u00eda. <\/p>\n<h2>Roll container reforzado con base de pl\u00e1stico: caracter\u00edsticas principales<\/h2>\n<ul>\n<li><strong>Dimensiones exteriores:<\/strong> 720 x 810 mm<\/li>\n<li><strong>Capacidad interna:<\/strong> 660 x 800 mm<\/li>\n<li><strong>Estructura reforzada:<\/strong> ra\u00edles laterales con tubos de \u00d825 mm para mayor estabilidad incluso con cargas pesadas<\/li>\n<li><strong>Base ligera y resistente:<\/strong> pl\u00e1stico reforzado con barras met\u00e1licas, que evitan que se doble y garantizan una larga vida \u00fatil<\/li>\n<li><strong>Accesorios incluidos:<\/strong> dos correas el\u00e1sticas para asegurar la carga y placas met\u00e1licas para identificar la mercanc\u00eda<\/li>\n<\/ul>\n<p>Gracias a la combinaci\u00f3n de <strong>pl\u00e1stico ligero y refuerzos met\u00e1licos<\/strong>, este <strong>roll container reforzado<\/strong> representa un equilibrio ideal entre facilidad de maniobra y capacidad de carga, para un transporte seguro y optimizado incluso en las situaciones m\u00e1s din\u00e1micas.<\/p>\n","protected":false},"excerpt":{"rendered":"<p>Roll container ligero y vers\u00e1til para el almacenamiento y transporte de mercanc\u00edas. Las paredes laterales de tubo de 25 mm de di\u00e1metro garantizan una alta resistencia. El producto incluye dos correas el\u00e1sticas para asegurar la carga y una tarjeta de metal en cada lado para colocar posibles etiquetas. La base de pl\u00e1stico est\u00e1 reforzada con armaz\u00f3n met\u00e1lica para mayor resistencia.<\/p>\n","protected":false},"featured_media":240161,"comment_status":"open","ping_status":"closed","template":"","meta":{"_acf_changed":false,"_et_pb_use_builder":"","_et_pb_old_content":"","_et_gb_content_width":""},"product_brand":[],"product_cat":[1548],"product_tag":[2127,2142],"class_list":{"0":"post-241174","1":"product","2":"type-product","3":"status-publish","4":"has-post-thumbnail","6":"product_cat-roll-container-es","7":"product_tag-roll-container-dimensiones-estandar","8":"product_tag-rollo-base-plastico","9":"pa_base-roll-en-plastico","10":"pa_numero-di-sponde-2-es","11":"pa_numero-di-sponde-3-es","12":"pa_numero-di-sponde-4-con-solapa","14":"first","15":"instock","16":"shipping-taxable","17":"purchasable","18":"product-type-variable","19":"has-default-attributes"},"acf":[],"yoast_head":"<!-- This site is optimized with the Yoast SEO plugin v27.3 - https:\/\/yoast.com\/product\/yoast-seo-wordpress\/ -->\n<title>italianacontenitori.com<\/title>\n<meta name=\"description\" content=\"Contenedor rodante con base de pl\u00e1stico y laterales reforzados para cargas pesadas. Ligero, maniobrable y duradero, disponible con 2, 3 y 4 laterales abatibles.\" \/>\n<meta name=\"robots\" content=\"index, follow, max-snippet:-1, max-image-preview:large, max-video-preview:-1\" \/>\n<link rel=\"canonical\" href=\"https:\/\/www.italianacontenitori.com\/es\/prodotto\/roll-base-plastico-72-x-81-t25\/\" \/>\n<meta property=\"og:locale\" content=\"es_ES\" \/>\n<meta property=\"og:type\" content=\"article\" \/>\n<meta property=\"og:description\" content=\"Contenedor rodante con base de pl\u00e1stico y laterales reforzados para cargas pesadas. Ligero, maniobrable y duradero, disponible con 2, 3 y 4 laterales abatibles.\" \/>\n<meta property=\"og:url\" content=\"https:\/\/www.italianacontenitori.com\/es\/prodotto\/roll-base-plastico-72-x-81-t25\/\" \/>\n<meta property=\"og:site_name\" content=\"italianacontenitori.com\" \/>\n<meta property=\"article:modified_time\" content=\"2026-04-10T14:36:22+00:00\" \/>\n<meta property=\"og:image\" content=\"https:\/\/www.italianacontenitori.com\/wp-content\/uploads\/2020\/12\/ROLL0020.png\" \/>\n\t<meta property=\"og:image:width\" content=\"1024\" \/>\n\t<meta property=\"og:image:height\" content=\"1024\" \/>\n\t<meta property=\"og:image:type\" content=\"image\/png\" \/>\n<meta name=\"twitter:card\" content=\"summary_large_image\" \/>\n<meta name=\"twitter:label1\" content=\"Tiempo de lectura\" \/>\n\t<meta name=\"twitter:data1\" content=\"1 minuto\" \/>\n<script type=\"application\/ld+json\" class=\"yoast-schema-graph\">{\"@context\":\"https:\\\/\\\/schema.org\",\"@graph\":[{\"@type\":\"WebPage\",\"@id\":\"https:\\\/\\\/www.italianacontenitori.com\\\/es\\\/prodotto\\\/roll-base-plastico-72-x-81-t25\\\/\",\"url\":\"https:\\\/\\\/www.italianacontenitori.com\\\/es\\\/prodotto\\\/roll-base-plastico-72-x-81-t25\\\/\",\"name\":\"\",\"isPartOf\":{\"@id\":\"https:\\\/\\\/www.italianacontenitori.com\\\/es\\\/#website\"},\"primaryImageOfPage\":{\"@id\":\"https:\\\/\\\/www.italianacontenitori.com\\\/es\\\/prodotto\\\/roll-base-plastico-72-x-81-t25\\\/#primaryimage\"},\"image\":{\"@id\":\"https:\\\/\\\/www.italianacontenitori.com\\\/es\\\/prodotto\\\/roll-base-plastico-72-x-81-t25\\\/#primaryimage\"},\"thumbnailUrl\":\"https:\\\/\\\/www.italianacontenitori.com\\\/wp-content\\\/uploads\\\/2020\\\/12\\\/ROLL0020.png\",\"datePublished\":\"2020-12-15T10:39:07+00:00\",\"dateModified\":\"2026-04-10T14:36:22+00:00\",\"description\":\"Contenedor rodante con base de pl\u00e1stico y laterales reforzados para cargas pesadas. Ligero, maniobrable y duradero, disponible con 2, 3 y 4 laterales abatibles.\",\"breadcrumb\":{\"@id\":\"https:\\\/\\\/www.italianacontenitori.com\\\/es\\\/prodotto\\\/roll-base-plastico-72-x-81-t25\\\/#breadcrumb\"},\"inLanguage\":\"es\",\"potentialAction\":[{\"@type\":\"ReadAction\",\"target\":[\"https:\\\/\\\/www.italianacontenitori.com\\\/es\\\/prodotto\\\/roll-base-plastico-72-x-81-t25\\\/\"]}]},{\"@type\":\"ImageObject\",\"inLanguage\":\"es\",\"@id\":\"https:\\\/\\\/www.italianacontenitori.com\\\/es\\\/prodotto\\\/roll-base-plastico-72-x-81-t25\\\/#primaryimage\",\"url\":\"https:\\\/\\\/www.italianacontenitori.com\\\/wp-content\\\/uploads\\\/2020\\\/12\\\/ROLL0020.png\",\"contentUrl\":\"https:\\\/\\\/www.italianacontenitori.com\\\/wp-content\\\/uploads\\\/2020\\\/12\\\/ROLL0020.png\",\"width\":1024,\"height\":1024,\"caption\":\"Rollo contenedor reforzado con base de pl\u00e1stico. Modelo ROLL0020\"},{\"@type\":\"BreadcrumbList\",\"@id\":\"https:\\\/\\\/www.italianacontenitori.com\\\/es\\\/prodotto\\\/roll-base-plastico-72-x-81-t25\\\/#breadcrumb\",\"itemListElement\":[{\"@type\":\"ListItem\",\"position\":1,\"name\":\"Home\",\"item\":\"https:\\\/\\\/www.italianacontenitori.com\\\/es\\\/contenedores-de-malla-metalica\\\/\"},{\"@type\":\"ListItem\",\"position\":2,\"name\":\"Contenedor en rollo con base de pl\u00e1stico 72 x 81 &#8211; Reforzado\"}]},{\"@type\":\"WebSite\",\"@id\":\"https:\\\/\\\/www.italianacontenitori.com\\\/es\\\/#website\",\"url\":\"https:\\\/\\\/www.italianacontenitori.com\\\/es\\\/\",\"name\":\"italianacontenitori.com\",\"description\":\"Produzione di contenitori industriali e roll container\",\"publisher\":{\"@id\":\"https:\\\/\\\/www.italianacontenitori.com\\\/es\\\/#organization\"},\"potentialAction\":[{\"@type\":\"SearchAction\",\"target\":{\"@type\":\"EntryPoint\",\"urlTemplate\":\"https:\\\/\\\/www.italianacontenitori.com\\\/es\\\/?s={search_term_string}\"},\"query-input\":{\"@type\":\"PropertyValueSpecification\",\"valueRequired\":true,\"valueName\":\"search_term_string\"}}],\"inLanguage\":\"es\"},{\"@type\":\"Organization\",\"@id\":\"https:\\\/\\\/www.italianacontenitori.com\\\/es\\\/#organization\",\"name\":\"Italiana Contenitori s.r.l.\",\"alternateName\":\"IC\",\"url\":\"https:\\\/\\\/www.italianacontenitori.com\\\/es\\\/\",\"logo\":{\"@type\":\"ImageObject\",\"inLanguage\":\"es\",\"@id\":\"https:\\\/\\\/www.italianacontenitori.com\\\/es\\\/#\\\/schema\\\/logo\\\/image\\\/\",\"url\":\"https:\\\/\\\/www.italianacontenitori.com\\\/wp-content\\\/uploads\\\/2020\\\/11\\\/cropped-Logo-Italiana-Contenitori_favicon.jpg\",\"contentUrl\":\"https:\\\/\\\/www.italianacontenitori.com\\\/wp-content\\\/uploads\\\/2020\\\/11\\\/cropped-Logo-Italiana-Contenitori_favicon.jpg\",\"width\":512,\"height\":512,\"caption\":\"Italiana Contenitori s.r.l.\"},\"image\":{\"@id\":\"https:\\\/\\\/www.italianacontenitori.com\\\/es\\\/#\\\/schema\\\/logo\\\/image\\\/\"}}]}<\/script>\n<!-- \/ Yoast SEO plugin. -->","yoast_head_json":{"title":"italianacontenitori.com","description":"Contenedor rodante con base de pl\u00e1stico y laterales reforzados para cargas pesadas. Ligero, maniobrable y duradero, disponible con 2, 3 y 4 laterales abatibles.","robots":{"index":"index","follow":"follow","max-snippet":"max-snippet:-1","max-image-preview":"max-image-preview:large","max-video-preview":"max-video-preview:-1"},"canonical":"https:\/\/www.italianacontenitori.com\/es\/prodotto\/roll-base-plastico-72-x-81-t25\/","og_locale":"es_ES","og_type":"article","og_description":"Contenedor rodante con base de pl\u00e1stico y laterales reforzados para cargas pesadas. Ligero, maniobrable y duradero, disponible con 2, 3 y 4 laterales abatibles.","og_url":"https:\/\/www.italianacontenitori.com\/es\/prodotto\/roll-base-plastico-72-x-81-t25\/","og_site_name":"italianacontenitori.com","article_modified_time":"2026-04-10T14:36:22+00:00","og_image":[{"width":1024,"height":1024,"url":"https:\/\/www.italianacontenitori.com\/wp-content\/uploads\/2020\/12\/ROLL0020.png","type":"image\/png"}],"twitter_card":"summary_large_image","twitter_misc":{"Tiempo de lectura":"1 minuto"},"schema":{"@context":"https:\/\/schema.org","@graph":[{"@type":"WebPage","@id":"https:\/\/www.italianacontenitori.com\/es\/prodotto\/roll-base-plastico-72-x-81-t25\/","url":"https:\/\/www.italianacontenitori.com\/es\/prodotto\/roll-base-plastico-72-x-81-t25\/","name":"","isPartOf":{"@id":"https:\/\/www.italianacontenitori.com\/es\/#website"},"primaryImageOfPage":{"@id":"https:\/\/www.italianacontenitori.com\/es\/prodotto\/roll-base-plastico-72-x-81-t25\/#primaryimage"},"image":{"@id":"https:\/\/www.italianacontenitori.com\/es\/prodotto\/roll-base-plastico-72-x-81-t25\/#primaryimage"},"thumbnailUrl":"https:\/\/www.italianacontenitori.com\/wp-content\/uploads\/2020\/12\/ROLL0020.png","datePublished":"2020-12-15T10:39:07+00:00","dateModified":"2026-04-10T14:36:22+00:00","description":"Contenedor rodante con base de pl\u00e1stico y laterales reforzados para cargas pesadas. Ligero, maniobrable y duradero, disponible con 2, 3 y 4 laterales abatibles.","breadcrumb":{"@id":"https:\/\/www.italianacontenitori.com\/es\/prodotto\/roll-base-plastico-72-x-81-t25\/#breadcrumb"},"inLanguage":"es","potentialAction":[{"@type":"ReadAction","target":["https:\/\/www.italianacontenitori.com\/es\/prodotto\/roll-base-plastico-72-x-81-t25\/"]}]},{"@type":"ImageObject","inLanguage":"es","@id":"https:\/\/www.italianacontenitori.com\/es\/prodotto\/roll-base-plastico-72-x-81-t25\/#primaryimage","url":"https:\/\/www.italianacontenitori.com\/wp-content\/uploads\/2020\/12\/ROLL0020.png","contentUrl":"https:\/\/www.italianacontenitori.com\/wp-content\/uploads\/2020\/12\/ROLL0020.png","width":1024,"height":1024,"caption":"Rollo contenedor reforzado con base de pl\u00e1stico. Modelo ROLL0020"},{"@type":"BreadcrumbList","@id":"https:\/\/www.italianacontenitori.com\/es\/prodotto\/roll-base-plastico-72-x-81-t25\/#breadcrumb","itemListElement":[{"@type":"ListItem","position":1,"name":"Home","item":"https:\/\/www.italianacontenitori.com\/es\/contenedores-de-malla-metalica\/"},{"@type":"ListItem","position":2,"name":"Contenedor en rollo con base de pl\u00e1stico 72 x 81 &#8211; Reforzado"}]},{"@type":"WebSite","@id":"https:\/\/www.italianacontenitori.com\/es\/#website","url":"https:\/\/www.italianacontenitori.com\/es\/","name":"italianacontenitori.com","description":"Produzione di contenitori industriali e roll container","publisher":{"@id":"https:\/\/www.italianacontenitori.com\/es\/#organization"},"potentialAction":[{"@type":"SearchAction","target":{"@type":"EntryPoint","urlTemplate":"https:\/\/www.italianacontenitori.com\/es\/?s={search_term_string}"},"query-input":{"@type":"PropertyValueSpecification","valueRequired":true,"valueName":"search_term_string"}}],"inLanguage":"es"},{"@type":"Organization","@id":"https:\/\/www.italianacontenitori.com\/es\/#organization","name":"Italiana Contenitori s.r.l.","alternateName":"IC","url":"https:\/\/www.italianacontenitori.com\/es\/","logo":{"@type":"ImageObject","inLanguage":"es","@id":"https:\/\/www.italianacontenitori.com\/es\/#\/schema\/logo\/image\/","url":"https:\/\/www.italianacontenitori.com\/wp-content\/uploads\/2020\/11\/cropped-Logo-Italiana-Contenitori_favicon.jpg","contentUrl":"https:\/\/www.italianacontenitori.com\/wp-content\/uploads\/2020\/11\/cropped-Logo-Italiana-Contenitori_favicon.jpg","width":512,"height":512,"caption":"Italiana Contenitori s.r.l."},"image":{"@id":"https:\/\/www.italianacontenitori.com\/es\/#\/schema\/logo\/image\/"}}]}},"_links":{"self":[{"href":"https:\/\/www.italianacontenitori.com\/es\/wp-json\/wp\/v2\/product\/241174","targetHints":{"allow":["GET"]}}],"collection":[{"href":"https:\/\/www.italianacontenitori.com\/es\/wp-json\/wp\/v2\/product"}],"about":[{"href":"https:\/\/www.italianacontenitori.com\/es\/wp-json\/wp\/v2\/types\/product"}],"replies":[{"embeddable":true,"href":"https:\/\/www.italianacontenitori.com\/es\/wp-json\/wp\/v2\/comments?post=241174"}],"wp:featuredmedia":[{"embeddable":true,"href":"https:\/\/www.italianacontenitori.com\/es\/wp-json\/wp\/v2\/media\/240161"}],"wp:attachment":[{"href":"https:\/\/www.italianacontenitori.com\/es\/wp-json\/wp\/v2\/media?parent=241174"}],"wp:term":[{"taxonomy":"product_brand","embeddable":true,"href":"https:\/\/www.italianacontenitori.com\/es\/wp-json\/wp\/v2\/product_brand?post=241174"},{"taxonomy":"product_cat","embeddable":true,"href":"https:\/\/www.italianacontenitori.com\/es\/wp-json\/wp\/v2\/product_cat?post=241174"},{"taxonomy":"product_tag","embeddable":true,"href":"https:\/\/www.italianacontenitori.com\/es\/wp-json\/wp\/v2\/product_tag?post=241174"}],"curies":[{"name":"wp","href":"https:\/\/api.w.org\/{rel}","templated":true}]}}