{"id":241202,"date":"2020-12-11T17:48:02","date_gmt":"2020-12-11T17:48:02","guid":{"rendered":"https:\/\/www.italianacontenitori.com\/product\/roll-container-con-base-de-plastico-de-tubo-o-25-mm\/"},"modified":"2026-04-10T14:36:14","modified_gmt":"2026-04-10T14:36:14","slug":"roll-base-plastico-72-x-81-t21","status":"publish","type":"product","link":"https:\/\/www.italianacontenitori.com\/es\/producto\/roll-base-plastico-72-x-81-t21\/","title":{"rendered":"Contenedor en rollo con base de pl\u00e1stico &#8211; 72 x 81 cm"},"content":{"rendered":"<p>El <strong>roll container est\u00e1ndar con base de pl\u00e1stico<\/strong> de 72 x 81 cm est\u00e1 dise\u00f1ado para una manipulaci\u00f3n f\u00e1cil y segura, y es una soluci\u00f3n ligera y vers\u00e1til para almacenar y transportar mercanc\u00edas. <strong>La base de pl\u00e1stico, reforzada con l\u00e1minas met\u00e1licas, confiere al roll container una estructura s\u00f3lida pero ligera para el transporte a plena carga con total seguridad.<\/strong> Su ligereza y resistencia hacen que este<strong> roll container con base de pl\u00e1stico<\/strong> sea ideal para aplicaciones en las que hay que mover mercanc\u00edas con frecuencia, como en almacenes y centros de distribuci\u00f3n.<\/p>\n<h2>Roll container con base de pl\u00e1stico: caracter\u00edsticas principales<\/h2>\n<ul>\n<li><strong>Dimensiones exteriores:<\/strong> 720 x 810 mm<\/li>\n<li><strong>Capacidad interna:<\/strong> 660 x 800 mm<\/li>\n<li><strong>Construcci\u00f3n robusta:<\/strong> ra\u00edles laterales de tubo de \u00d821,25 mm para mayor resistencia<\/li>\n<li><strong>Base de pl\u00e1stico reforzado:<\/strong> robusta y ligera, f\u00e1cil de manejar y duradera<\/li>\n<li><strong>Versatilidad de uso:<\/strong> perfecto para el comercio, la industria, las lavander\u00edas, la gesti\u00f3n de residuos, el reciclaje, el transporte y la manipulaci\u00f3n interna.<\/li>\n<\/ul>\n<p>El <strong>roll container est\u00e1ndar con base de pl\u00e1stico<\/strong> tambi\u00e9n puede personalizarse con accesorios \u00fatiles para mayor seguridad y comodidad: correas el\u00e1sticas para asegurar la carga, placas met\u00e1licas a cada lado para fijar etiquetas identificativas, y mucho m\u00e1s. Gracias a su <strong>estructura ligera y s\u00f3lida<\/strong>, este rollo con base de pl\u00e1stico satisface las necesidades de diversos sectores, ofreciendo una opci\u00f3n pr\u00e1ctica y duradera para trasladar y almacenar mercanc\u00edas. <\/p>\n","protected":false},"excerpt":{"rendered":"<p>Contenedor rodante est\u00e1ndar con base de pl\u00e1stico de 720&#215;810 mm, ligero y resistente gracias a la base reforzada con l\u00e1minas met\u00e1licas. F\u00e1cil de maniobrar, es ideal para el almacenamiento y la manipulaci\u00f3n de mercanc\u00edas en el comercio, la log\u00edstica, las lavander\u00edas y la industria. Personalizable con accesorios para una manipulaci\u00f3n de la carga a\u00fan m\u00e1s segura y eficaz.  <\/p>\n","protected":false},"featured_media":240192,"comment_status":"open","ping_status":"closed","template":"","meta":{"_acf_changed":false,"_et_pb_use_builder":"","_et_pb_old_content":"","_et_gb_content_width":""},"product_brand":[],"product_cat":[1548],"product_tag":[2127,2142],"class_list":{"0":"post-241202","1":"product","2":"type-product","3":"status-publish","4":"has-post-thumbnail","6":"product_cat-roll-container-es","7":"product_tag-roll-container-dimensiones-estandar","8":"product_tag-rollo-base-plastico","10":"first","11":"instock","12":"shipping-taxable","13":"purchasable","14":"product-type-variable","15":"has-default-attributes"},"acf":[],"yoast_head":"<!-- This site is optimized with the Yoast SEO plugin v27.3 - https:\/\/yoast.com\/product\/yoast-seo-wordpress\/ -->\n<title>Contenedor en rollo con base de pl\u00e1stico - 72 x 81 cm - italianacontenitori.com<\/title>\n<meta name=\"description\" content=\"El contenedor rodante est\u00e1ndar con base de pl\u00e1stico (reforzado con l\u00e1minas met\u00e1licas) tiene una construcci\u00f3n s\u00f3lida pero ligera. Larga vida \u00fatil.\" \/>\n<meta name=\"robots\" content=\"index, follow, max-snippet:-1, max-image-preview:large, max-video-preview:-1\" \/>\n<link rel=\"canonical\" href=\"https:\/\/www.italianacontenitori.com\/es\/producto\/roll-base-plastico-72-x-81-t21\/\" \/>\n<meta property=\"og:locale\" content=\"es_ES\" \/>\n<meta property=\"og:type\" content=\"article\" \/>\n<meta property=\"og:title\" content=\"Contenedor en rollo con base de pl\u00e1stico - 72 x 81 cm - italianacontenitori.com\" \/>\n<meta property=\"og:description\" content=\"El contenedor rodante est\u00e1ndar con base de pl\u00e1stico (reforzado con l\u00e1minas met\u00e1licas) tiene una construcci\u00f3n s\u00f3lida pero ligera. Larga vida \u00fatil.\" \/>\n<meta property=\"og:url\" content=\"https:\/\/www.italianacontenitori.com\/es\/producto\/roll-base-plastico-72-x-81-t21\/\" \/>\n<meta property=\"og:site_name\" content=\"italianacontenitori.com\" \/>\n<meta property=\"article:modified_time\" content=\"2026-04-10T14:36:14+00:00\" \/>\n<meta property=\"og:image\" content=\"https:\/\/www.italianacontenitori.com\/wp-content\/uploads\/2020\/12\/ROLL0035.png\" \/>\n\t<meta property=\"og:image:width\" content=\"1024\" \/>\n\t<meta property=\"og:image:height\" content=\"1024\" \/>\n\t<meta property=\"og:image:type\" content=\"image\/png\" \/>\n<meta name=\"twitter:card\" content=\"summary_large_image\" \/>\n<meta name=\"twitter:label1\" content=\"Tiempo de lectura\" \/>\n\t<meta name=\"twitter:data1\" content=\"1 minuto\" \/>\n<script type=\"application\/ld+json\" class=\"yoast-schema-graph\">{\"@context\":\"https:\\\/\\\/schema.org\",\"@graph\":[{\"@type\":\"WebPage\",\"@id\":\"https:\\\/\\\/www.italianacontenitori.com\\\/es\\\/producto\\\/roll-base-plastico-72-x-81-t21\\\/\",\"url\":\"https:\\\/\\\/www.italianacontenitori.com\\\/es\\\/producto\\\/roll-base-plastico-72-x-81-t21\\\/\",\"name\":\"Contenedor en rollo con base de pl\u00e1stico - 72 x 81 cm - italianacontenitori.com\",\"isPartOf\":{\"@id\":\"https:\\\/\\\/www.italianacontenitori.com\\\/es\\\/#website\"},\"primaryImageOfPage\":{\"@id\":\"https:\\\/\\\/www.italianacontenitori.com\\\/es\\\/producto\\\/roll-base-plastico-72-x-81-t21\\\/#primaryimage\"},\"image\":{\"@id\":\"https:\\\/\\\/www.italianacontenitori.com\\\/es\\\/producto\\\/roll-base-plastico-72-x-81-t21\\\/#primaryimage\"},\"thumbnailUrl\":\"https:\\\/\\\/www.italianacontenitori.com\\\/wp-content\\\/uploads\\\/2020\\\/12\\\/ROLL0035.png\",\"datePublished\":\"2020-12-11T17:48:02+00:00\",\"dateModified\":\"2026-04-10T14:36:14+00:00\",\"description\":\"El contenedor rodante est\u00e1ndar con base de pl\u00e1stico (reforzado con l\u00e1minas met\u00e1licas) tiene una construcci\u00f3n s\u00f3lida pero ligera. Larga vida \u00fatil.\",\"breadcrumb\":{\"@id\":\"https:\\\/\\\/www.italianacontenitori.com\\\/es\\\/producto\\\/roll-base-plastico-72-x-81-t21\\\/#breadcrumb\"},\"inLanguage\":\"es\",\"potentialAction\":[{\"@type\":\"ReadAction\",\"target\":[\"https:\\\/\\\/www.italianacontenitori.com\\\/es\\\/producto\\\/roll-base-plastico-72-x-81-t21\\\/\"]}]},{\"@type\":\"ImageObject\",\"inLanguage\":\"es\",\"@id\":\"https:\\\/\\\/www.italianacontenitori.com\\\/es\\\/producto\\\/roll-base-plastico-72-x-81-t21\\\/#primaryimage\",\"url\":\"https:\\\/\\\/www.italianacontenitori.com\\\/wp-content\\\/uploads\\\/2020\\\/12\\\/ROLL0035.png\",\"contentUrl\":\"https:\\\/\\\/www.italianacontenitori.com\\\/wp-content\\\/uploads\\\/2020\\\/12\\\/ROLL0035.png\",\"width\":1024,\"height\":1024,\"caption\":\"Roll container est\u00e1ndar con base de pl\u00e1stico. Modelo ROLL0035\"},{\"@type\":\"BreadcrumbList\",\"@id\":\"https:\\\/\\\/www.italianacontenitori.com\\\/es\\\/producto\\\/roll-base-plastico-72-x-81-t21\\\/#breadcrumb\",\"itemListElement\":[{\"@type\":\"ListItem\",\"position\":1,\"name\":\"Home\",\"item\":\"https:\\\/\\\/www.italianacontenitori.com\\\/es\\\/contenedores-de-malla-metalica\\\/\"},{\"@type\":\"ListItem\",\"position\":2,\"name\":\"Contenedor en rollo con base de pl\u00e1stico &#8211; 72 x 81 cm\"}]},{\"@type\":\"WebSite\",\"@id\":\"https:\\\/\\\/www.italianacontenitori.com\\\/es\\\/#website\",\"url\":\"https:\\\/\\\/www.italianacontenitori.com\\\/es\\\/\",\"name\":\"italianacontenitori.com\",\"description\":\"Produzione di contenitori industriali e roll container\",\"publisher\":{\"@id\":\"https:\\\/\\\/www.italianacontenitori.com\\\/es\\\/#organization\"},\"potentialAction\":[{\"@type\":\"SearchAction\",\"target\":{\"@type\":\"EntryPoint\",\"urlTemplate\":\"https:\\\/\\\/www.italianacontenitori.com\\\/es\\\/?s={search_term_string}\"},\"query-input\":{\"@type\":\"PropertyValueSpecification\",\"valueRequired\":true,\"valueName\":\"search_term_string\"}}],\"inLanguage\":\"es\"},{\"@type\":\"Organization\",\"@id\":\"https:\\\/\\\/www.italianacontenitori.com\\\/es\\\/#organization\",\"name\":\"Italiana Contenitori s.r.l.\",\"alternateName\":\"IC\",\"url\":\"https:\\\/\\\/www.italianacontenitori.com\\\/es\\\/\",\"logo\":{\"@type\":\"ImageObject\",\"inLanguage\":\"es\",\"@id\":\"https:\\\/\\\/www.italianacontenitori.com\\\/es\\\/#\\\/schema\\\/logo\\\/image\\\/\",\"url\":\"https:\\\/\\\/www.italianacontenitori.com\\\/wp-content\\\/uploads\\\/2020\\\/11\\\/cropped-Logo-Italiana-Contenitori_favicon.jpg\",\"contentUrl\":\"https:\\\/\\\/www.italianacontenitori.com\\\/wp-content\\\/uploads\\\/2020\\\/11\\\/cropped-Logo-Italiana-Contenitori_favicon.jpg\",\"width\":512,\"height\":512,\"caption\":\"Italiana Contenitori s.r.l.\"},\"image\":{\"@id\":\"https:\\\/\\\/www.italianacontenitori.com\\\/es\\\/#\\\/schema\\\/logo\\\/image\\\/\"}}]}<\/script>\n<!-- \/ Yoast SEO plugin. -->","yoast_head_json":{"title":"Contenedor en rollo con base de pl\u00e1stico - 72 x 81 cm - italianacontenitori.com","description":"El contenedor rodante est\u00e1ndar con base de pl\u00e1stico (reforzado con l\u00e1minas met\u00e1licas) tiene una construcci\u00f3n s\u00f3lida pero ligera. Larga vida \u00fatil.","robots":{"index":"index","follow":"follow","max-snippet":"max-snippet:-1","max-image-preview":"max-image-preview:large","max-video-preview":"max-video-preview:-1"},"canonical":"https:\/\/www.italianacontenitori.com\/es\/producto\/roll-base-plastico-72-x-81-t21\/","og_locale":"es_ES","og_type":"article","og_title":"Contenedor en rollo con base de pl\u00e1stico - 72 x 81 cm - italianacontenitori.com","og_description":"El contenedor rodante est\u00e1ndar con base de pl\u00e1stico (reforzado con l\u00e1minas met\u00e1licas) tiene una construcci\u00f3n s\u00f3lida pero ligera. Larga vida \u00fatil.","og_url":"https:\/\/www.italianacontenitori.com\/es\/producto\/roll-base-plastico-72-x-81-t21\/","og_site_name":"italianacontenitori.com","article_modified_time":"2026-04-10T14:36:14+00:00","og_image":[{"width":1024,"height":1024,"url":"https:\/\/www.italianacontenitori.com\/wp-content\/uploads\/2020\/12\/ROLL0035.png","type":"image\/png"}],"twitter_card":"summary_large_image","twitter_misc":{"Tiempo de lectura":"1 minuto"},"schema":{"@context":"https:\/\/schema.org","@graph":[{"@type":"WebPage","@id":"https:\/\/www.italianacontenitori.com\/es\/producto\/roll-base-plastico-72-x-81-t21\/","url":"https:\/\/www.italianacontenitori.com\/es\/producto\/roll-base-plastico-72-x-81-t21\/","name":"Contenedor en rollo con base de pl\u00e1stico - 72 x 81 cm - italianacontenitori.com","isPartOf":{"@id":"https:\/\/www.italianacontenitori.com\/es\/#website"},"primaryImageOfPage":{"@id":"https:\/\/www.italianacontenitori.com\/es\/producto\/roll-base-plastico-72-x-81-t21\/#primaryimage"},"image":{"@id":"https:\/\/www.italianacontenitori.com\/es\/producto\/roll-base-plastico-72-x-81-t21\/#primaryimage"},"thumbnailUrl":"https:\/\/www.italianacontenitori.com\/wp-content\/uploads\/2020\/12\/ROLL0035.png","datePublished":"2020-12-11T17:48:02+00:00","dateModified":"2026-04-10T14:36:14+00:00","description":"El contenedor rodante est\u00e1ndar con base de pl\u00e1stico (reforzado con l\u00e1minas met\u00e1licas) tiene una construcci\u00f3n s\u00f3lida pero ligera. Larga vida \u00fatil.","breadcrumb":{"@id":"https:\/\/www.italianacontenitori.com\/es\/producto\/roll-base-plastico-72-x-81-t21\/#breadcrumb"},"inLanguage":"es","potentialAction":[{"@type":"ReadAction","target":["https:\/\/www.italianacontenitori.com\/es\/producto\/roll-base-plastico-72-x-81-t21\/"]}]},{"@type":"ImageObject","inLanguage":"es","@id":"https:\/\/www.italianacontenitori.com\/es\/producto\/roll-base-plastico-72-x-81-t21\/#primaryimage","url":"https:\/\/www.italianacontenitori.com\/wp-content\/uploads\/2020\/12\/ROLL0035.png","contentUrl":"https:\/\/www.italianacontenitori.com\/wp-content\/uploads\/2020\/12\/ROLL0035.png","width":1024,"height":1024,"caption":"Roll container est\u00e1ndar con base de pl\u00e1stico. Modelo ROLL0035"},{"@type":"BreadcrumbList","@id":"https:\/\/www.italianacontenitori.com\/es\/producto\/roll-base-plastico-72-x-81-t21\/#breadcrumb","itemListElement":[{"@type":"ListItem","position":1,"name":"Home","item":"https:\/\/www.italianacontenitori.com\/es\/contenedores-de-malla-metalica\/"},{"@type":"ListItem","position":2,"name":"Contenedor en rollo con base de pl\u00e1stico &#8211; 72 x 81 cm"}]},{"@type":"WebSite","@id":"https:\/\/www.italianacontenitori.com\/es\/#website","url":"https:\/\/www.italianacontenitori.com\/es\/","name":"italianacontenitori.com","description":"Produzione di contenitori industriali e roll container","publisher":{"@id":"https:\/\/www.italianacontenitori.com\/es\/#organization"},"potentialAction":[{"@type":"SearchAction","target":{"@type":"EntryPoint","urlTemplate":"https:\/\/www.italianacontenitori.com\/es\/?s={search_term_string}"},"query-input":{"@type":"PropertyValueSpecification","valueRequired":true,"valueName":"search_term_string"}}],"inLanguage":"es"},{"@type":"Organization","@id":"https:\/\/www.italianacontenitori.com\/es\/#organization","name":"Italiana Contenitori s.r.l.","alternateName":"IC","url":"https:\/\/www.italianacontenitori.com\/es\/","logo":{"@type":"ImageObject","inLanguage":"es","@id":"https:\/\/www.italianacontenitori.com\/es\/#\/schema\/logo\/image\/","url":"https:\/\/www.italianacontenitori.com\/wp-content\/uploads\/2020\/11\/cropped-Logo-Italiana-Contenitori_favicon.jpg","contentUrl":"https:\/\/www.italianacontenitori.com\/wp-content\/uploads\/2020\/11\/cropped-Logo-Italiana-Contenitori_favicon.jpg","width":512,"height":512,"caption":"Italiana Contenitori s.r.l."},"image":{"@id":"https:\/\/www.italianacontenitori.com\/es\/#\/schema\/logo\/image\/"}}]}},"_links":{"self":[{"href":"https:\/\/www.italianacontenitori.com\/es\/wp-json\/wp\/v2\/product\/241202","targetHints":{"allow":["GET"]}}],"collection":[{"href":"https:\/\/www.italianacontenitori.com\/es\/wp-json\/wp\/v2\/product"}],"about":[{"href":"https:\/\/www.italianacontenitori.com\/es\/wp-json\/wp\/v2\/types\/product"}],"replies":[{"embeddable":true,"href":"https:\/\/www.italianacontenitori.com\/es\/wp-json\/wp\/v2\/comments?post=241202"}],"wp:featuredmedia":[{"embeddable":true,"href":"https:\/\/www.italianacontenitori.com\/es\/wp-json\/wp\/v2\/media\/240192"}],"wp:attachment":[{"href":"https:\/\/www.italianacontenitori.com\/es\/wp-json\/wp\/v2\/media?parent=241202"}],"wp:term":[{"taxonomy":"product_brand","embeddable":true,"href":"https:\/\/www.italianacontenitori.com\/es\/wp-json\/wp\/v2\/product_brand?post=241202"},{"taxonomy":"product_cat","embeddable":true,"href":"https:\/\/www.italianacontenitori.com\/es\/wp-json\/wp\/v2\/product_cat?post=241202"},{"taxonomy":"product_tag","embeddable":true,"href":"https:\/\/www.italianacontenitori.com\/es\/wp-json\/wp\/v2\/product_tag?post=241202"}],"curies":[{"name":"wp","href":"https:\/\/api.w.org\/{rel}","templated":true}]}}