{"id":241216,"date":"2020-12-15T12:51:56","date_gmt":"2020-12-15T12:51:56","guid":{"rendered":"https:\/\/www.italianacontenitori.com\/product\/roll-container-encajable-72-x-80-cm\/"},"modified":"2026-04-10T14:36:26","modified_gmt":"2026-04-10T14:36:26","slug":"roll-container-encajable","status":"publish","type":"product","link":"https:\/\/www.italianacontenitori.com\/es\/producto\/roll-container-encajable\/","title":{"rendered":"Contenedor en rollo compenetrable &#8211; 72 x 80 cm"},"content":{"rendered":"<p>El roll container compenetrable de Italiana Contenitori es la soluci\u00f3n ideal para optimizar el espacio y simplificar la gesti\u00f3n log\u00edstica. Es un roll container vers\u00e1til que <strong>puede plegarse y apilarse horizontalmente en pocos pasos.<\/strong> La compenetrabilidad permite reducir considerablemente el espacio vac\u00edo sin necesidad de desmontar el carro, que <strong>incluye un estante plegable<\/strong> a media altura. Ideal para ahorrar espacio en poco tiempo, <strong>el rollo plegable est\u00e1 dise\u00f1ado para encajar en otros rollos<\/strong> del <strong>mismo<\/strong> tipo, lo que ofrece un importante ahorro de espacio: para hacerse una idea, el concepto es el mismo que el de los carros de la compra de los supermercados. Perfecto para transportar y almacenar mercanc\u00edas en m\u00faltiples sectores, <strong>combina practicidad y versatilidad en un solo producto.<\/strong>   <\/p>\n<h2>Carro industrial para contenedores rodantes de un vistazo<\/h2>\n<p><b>Dimensiones exteriores: <\/b>72 x 80 cm<br \/>\n<b>Altura:<\/b> 192 cm<br \/>\n<b>Capacidad de carga:<\/b> hasta 600 kg<br \/>\n<b>Malla ajustada en la base:<\/b> evita que caigan objetos peque\u00f1os, mejorando la seguridad.<\/p>\n<h2>Ra\u00edles laterales, malla, ruedas y otras caracter\u00edsticas del rodillo embotellado<\/h2>\n<p>El roll container compenetrable est\u00e1 <strong>disponible en versiones de 2, 3 \u00f3 4 lados<\/strong>, adaptables a distintos requisitos log\u00edsticos. La malla met\u00e1lica electrosoldada ofrece una estructura s\u00f3lida y resistente, garantizando su durabilidad incluso con un uso intensivo. Las ruedas pueden configurarse seg\u00fan los cuatro kits disponibles y con distintas opciones (fijas, giratorias, con o sin freno) para garantizar la m\u00e1xima flexibilidad de uso en diversos contextos operativos.  <\/p>\n<p>La <strong>versi\u00f3n con jaula an<\/strong>tivuelco est\u00e1 disponible con una puerta delantera que se puede cerrar con candado, ideal para proteger mercanc\u00edas valiosas. Este modelo es la elecci\u00f3n perfecta para quienes buscan un carro robusto y seguro para transportar mercanc\u00edas peque\u00f1as o de gran valor. Con el roll container compenetrable de Italiana Contenitori, la manipulaci\u00f3n y el almacenamiento se vuelven m\u00e1s eficaces y seguros. Elige una soluci\u00f3n vers\u00e1til e innovadora para mejorar la log\u00edstica de tu empresa.   <\/p>\n","protected":false},"excerpt":{"rendered":"<p>Roll container vers\u00e1til que se puede cerrar con unos pocos gestos. Al ser encajable, permite reducir considerablemente el espacio que ocupa sin necesidad de desmontarlo. Incluye un estante abatible a media altura. Ideal para ahorrar espacio en poco tiempo y sin desmontar el rollo contenedor.<\/p>\n","protected":false},"featured_media":240124,"comment_status":"open","ping_status":"closed","template":"","meta":{"_acf_changed":false,"_et_pb_use_builder":"","_et_pb_old_content":"","_et_gb_content_width":""},"product_brand":[],"product_cat":[1548],"product_tag":[2127],"class_list":{"0":"post-241216","1":"product","2":"type-product","3":"status-publish","4":"has-post-thumbnail","6":"product_cat-roll-container-es","7":"product_tag-roll-container-dimensiones-estandar","9":"first","10":"instock","11":"shipping-taxable","12":"purchasable","13":"product-type-variable","14":"has-default-attributes"},"acf":[],"yoast_head":"<!-- This site is optimized with the Yoast SEO plugin v27.3 - https:\/\/yoast.com\/product\/yoast-seo-wordpress\/ -->\n<title>Contenedor en rollo compenetrable - 72 x 80 cm - italianacontenitori.com<\/title>\n<meta name=\"description\" content=\"Los contenedores en rollo compenetrables encajan f\u00e1cilmente unos en otros para ahorrar espacio. Robustos, seguros y vers\u00e1tiles para la log\u00edstica.\" \/>\n<meta name=\"robots\" content=\"index, follow, max-snippet:-1, max-image-preview:large, max-video-preview:-1\" \/>\n<link rel=\"canonical\" href=\"https:\/\/www.italianacontenitori.com\/es\/producto\/roll-container-encajable\/\" \/>\n<meta property=\"og:locale\" content=\"es_ES\" \/>\n<meta property=\"og:type\" content=\"article\" \/>\n<meta property=\"og:title\" content=\"Contenedor en rollo compenetrable - 72 x 80 cm - italianacontenitori.com\" \/>\n<meta property=\"og:description\" content=\"Los contenedores en rollo compenetrables encajan f\u00e1cilmente unos en otros para ahorrar espacio. Robustos, seguros y vers\u00e1tiles para la log\u00edstica.\" \/>\n<meta property=\"og:url\" content=\"https:\/\/www.italianacontenitori.com\/es\/producto\/roll-container-encajable\/\" \/>\n<meta property=\"og:site_name\" content=\"italianacontenitori.com\" \/>\n<meta property=\"article:modified_time\" content=\"2026-04-10T14:36:26+00:00\" \/>\n<meta property=\"og:image\" content=\"https:\/\/www.italianacontenitori.com\/wp-content\/uploads\/2020\/12\/ROLL200010.png\" \/>\n\t<meta property=\"og:image:width\" content=\"1024\" \/>\n\t<meta property=\"og:image:height\" content=\"1024\" \/>\n\t<meta property=\"og:image:type\" content=\"image\/png\" \/>\n<meta name=\"twitter:card\" content=\"summary_large_image\" \/>\n<meta name=\"twitter:label1\" content=\"Tiempo de lectura\" \/>\n\t<meta name=\"twitter:data1\" content=\"2 minutos\" \/>\n<script type=\"application\/ld+json\" class=\"yoast-schema-graph\">{\"@context\":\"https:\\\/\\\/schema.org\",\"@graph\":[{\"@type\":\"WebPage\",\"@id\":\"https:\\\/\\\/www.italianacontenitori.com\\\/es\\\/producto\\\/roll-container-encajable\\\/\",\"url\":\"https:\\\/\\\/www.italianacontenitori.com\\\/es\\\/producto\\\/roll-container-encajable\\\/\",\"name\":\"Contenedor en rollo compenetrable - 72 x 80 cm - italianacontenitori.com\",\"isPartOf\":{\"@id\":\"https:\\\/\\\/www.italianacontenitori.com\\\/es\\\/#website\"},\"primaryImageOfPage\":{\"@id\":\"https:\\\/\\\/www.italianacontenitori.com\\\/es\\\/producto\\\/roll-container-encajable\\\/#primaryimage\"},\"image\":{\"@id\":\"https:\\\/\\\/www.italianacontenitori.com\\\/es\\\/producto\\\/roll-container-encajable\\\/#primaryimage\"},\"thumbnailUrl\":\"https:\\\/\\\/www.italianacontenitori.com\\\/wp-content\\\/uploads\\\/2020\\\/12\\\/ROLL200010.png\",\"datePublished\":\"2020-12-15T12:51:56+00:00\",\"dateModified\":\"2026-04-10T14:36:26+00:00\",\"description\":\"Los contenedores en rollo compenetrables encajan f\u00e1cilmente unos en otros para ahorrar espacio. Robustos, seguros y vers\u00e1tiles para la log\u00edstica.\",\"breadcrumb\":{\"@id\":\"https:\\\/\\\/www.italianacontenitori.com\\\/es\\\/producto\\\/roll-container-encajable\\\/#breadcrumb\"},\"inLanguage\":\"es\",\"potentialAction\":[{\"@type\":\"ReadAction\",\"target\":[\"https:\\\/\\\/www.italianacontenitori.com\\\/es\\\/producto\\\/roll-container-encajable\\\/\"]}]},{\"@type\":\"ImageObject\",\"inLanguage\":\"es\",\"@id\":\"https:\\\/\\\/www.italianacontenitori.com\\\/es\\\/producto\\\/roll-container-encajable\\\/#primaryimage\",\"url\":\"https:\\\/\\\/www.italianacontenitori.com\\\/wp-content\\\/uploads\\\/2020\\\/12\\\/ROLL200010.png\",\"contentUrl\":\"https:\\\/\\\/www.italianacontenitori.com\\\/wp-content\\\/uploads\\\/2020\\\/12\\\/ROLL200010.png\",\"width\":1024,\"height\":1024,\"caption\":\"Contenedor de ruedas compenetrable. Encajan unos en otros sin tener que desmontarlos, como los carros de la compra. Incluye un estante.\"},{\"@type\":\"BreadcrumbList\",\"@id\":\"https:\\\/\\\/www.italianacontenitori.com\\\/es\\\/producto\\\/roll-container-encajable\\\/#breadcrumb\",\"itemListElement\":[{\"@type\":\"ListItem\",\"position\":1,\"name\":\"Home\",\"item\":\"https:\\\/\\\/www.italianacontenitori.com\\\/es\\\/contenedores-de-malla-metalica\\\/\"},{\"@type\":\"ListItem\",\"position\":2,\"name\":\"Contenedor en rollo compenetrable &#8211; 72 x 80 cm\"}]},{\"@type\":\"WebSite\",\"@id\":\"https:\\\/\\\/www.italianacontenitori.com\\\/es\\\/#website\",\"url\":\"https:\\\/\\\/www.italianacontenitori.com\\\/es\\\/\",\"name\":\"italianacontenitori.com\",\"description\":\"Produzione di contenitori industriali e roll container\",\"publisher\":{\"@id\":\"https:\\\/\\\/www.italianacontenitori.com\\\/es\\\/#organization\"},\"potentialAction\":[{\"@type\":\"SearchAction\",\"target\":{\"@type\":\"EntryPoint\",\"urlTemplate\":\"https:\\\/\\\/www.italianacontenitori.com\\\/es\\\/?s={search_term_string}\"},\"query-input\":{\"@type\":\"PropertyValueSpecification\",\"valueRequired\":true,\"valueName\":\"search_term_string\"}}],\"inLanguage\":\"es\"},{\"@type\":\"Organization\",\"@id\":\"https:\\\/\\\/www.italianacontenitori.com\\\/es\\\/#organization\",\"name\":\"Italiana Contenitori s.r.l.\",\"alternateName\":\"IC\",\"url\":\"https:\\\/\\\/www.italianacontenitori.com\\\/es\\\/\",\"logo\":{\"@type\":\"ImageObject\",\"inLanguage\":\"es\",\"@id\":\"https:\\\/\\\/www.italianacontenitori.com\\\/es\\\/#\\\/schema\\\/logo\\\/image\\\/\",\"url\":\"https:\\\/\\\/www.italianacontenitori.com\\\/wp-content\\\/uploads\\\/2020\\\/11\\\/cropped-Logo-Italiana-Contenitori_favicon.jpg\",\"contentUrl\":\"https:\\\/\\\/www.italianacontenitori.com\\\/wp-content\\\/uploads\\\/2020\\\/11\\\/cropped-Logo-Italiana-Contenitori_favicon.jpg\",\"width\":512,\"height\":512,\"caption\":\"Italiana Contenitori s.r.l.\"},\"image\":{\"@id\":\"https:\\\/\\\/www.italianacontenitori.com\\\/es\\\/#\\\/schema\\\/logo\\\/image\\\/\"}}]}<\/script>\n<!-- \/ Yoast SEO plugin. -->","yoast_head_json":{"title":"Contenedor en rollo compenetrable - 72 x 80 cm - italianacontenitori.com","description":"Los contenedores en rollo compenetrables encajan f\u00e1cilmente unos en otros para ahorrar espacio. Robustos, seguros y vers\u00e1tiles para la log\u00edstica.","robots":{"index":"index","follow":"follow","max-snippet":"max-snippet:-1","max-image-preview":"max-image-preview:large","max-video-preview":"max-video-preview:-1"},"canonical":"https:\/\/www.italianacontenitori.com\/es\/producto\/roll-container-encajable\/","og_locale":"es_ES","og_type":"article","og_title":"Contenedor en rollo compenetrable - 72 x 80 cm - italianacontenitori.com","og_description":"Los contenedores en rollo compenetrables encajan f\u00e1cilmente unos en otros para ahorrar espacio. Robustos, seguros y vers\u00e1tiles para la log\u00edstica.","og_url":"https:\/\/www.italianacontenitori.com\/es\/producto\/roll-container-encajable\/","og_site_name":"italianacontenitori.com","article_modified_time":"2026-04-10T14:36:26+00:00","og_image":[{"width":1024,"height":1024,"url":"https:\/\/www.italianacontenitori.com\/wp-content\/uploads\/2020\/12\/ROLL200010.png","type":"image\/png"}],"twitter_card":"summary_large_image","twitter_misc":{"Tiempo de lectura":"2 minutos"},"schema":{"@context":"https:\/\/schema.org","@graph":[{"@type":"WebPage","@id":"https:\/\/www.italianacontenitori.com\/es\/producto\/roll-container-encajable\/","url":"https:\/\/www.italianacontenitori.com\/es\/producto\/roll-container-encajable\/","name":"Contenedor en rollo compenetrable - 72 x 80 cm - italianacontenitori.com","isPartOf":{"@id":"https:\/\/www.italianacontenitori.com\/es\/#website"},"primaryImageOfPage":{"@id":"https:\/\/www.italianacontenitori.com\/es\/producto\/roll-container-encajable\/#primaryimage"},"image":{"@id":"https:\/\/www.italianacontenitori.com\/es\/producto\/roll-container-encajable\/#primaryimage"},"thumbnailUrl":"https:\/\/www.italianacontenitori.com\/wp-content\/uploads\/2020\/12\/ROLL200010.png","datePublished":"2020-12-15T12:51:56+00:00","dateModified":"2026-04-10T14:36:26+00:00","description":"Los contenedores en rollo compenetrables encajan f\u00e1cilmente unos en otros para ahorrar espacio. Robustos, seguros y vers\u00e1tiles para la log\u00edstica.","breadcrumb":{"@id":"https:\/\/www.italianacontenitori.com\/es\/producto\/roll-container-encajable\/#breadcrumb"},"inLanguage":"es","potentialAction":[{"@type":"ReadAction","target":["https:\/\/www.italianacontenitori.com\/es\/producto\/roll-container-encajable\/"]}]},{"@type":"ImageObject","inLanguage":"es","@id":"https:\/\/www.italianacontenitori.com\/es\/producto\/roll-container-encajable\/#primaryimage","url":"https:\/\/www.italianacontenitori.com\/wp-content\/uploads\/2020\/12\/ROLL200010.png","contentUrl":"https:\/\/www.italianacontenitori.com\/wp-content\/uploads\/2020\/12\/ROLL200010.png","width":1024,"height":1024,"caption":"Contenedor de ruedas compenetrable. Encajan unos en otros sin tener que desmontarlos, como los carros de la compra. Incluye un estante."},{"@type":"BreadcrumbList","@id":"https:\/\/www.italianacontenitori.com\/es\/producto\/roll-container-encajable\/#breadcrumb","itemListElement":[{"@type":"ListItem","position":1,"name":"Home","item":"https:\/\/www.italianacontenitori.com\/es\/contenedores-de-malla-metalica\/"},{"@type":"ListItem","position":2,"name":"Contenedor en rollo compenetrable &#8211; 72 x 80 cm"}]},{"@type":"WebSite","@id":"https:\/\/www.italianacontenitori.com\/es\/#website","url":"https:\/\/www.italianacontenitori.com\/es\/","name":"italianacontenitori.com","description":"Produzione di contenitori industriali e roll container","publisher":{"@id":"https:\/\/www.italianacontenitori.com\/es\/#organization"},"potentialAction":[{"@type":"SearchAction","target":{"@type":"EntryPoint","urlTemplate":"https:\/\/www.italianacontenitori.com\/es\/?s={search_term_string}"},"query-input":{"@type":"PropertyValueSpecification","valueRequired":true,"valueName":"search_term_string"}}],"inLanguage":"es"},{"@type":"Organization","@id":"https:\/\/www.italianacontenitori.com\/es\/#organization","name":"Italiana Contenitori s.r.l.","alternateName":"IC","url":"https:\/\/www.italianacontenitori.com\/es\/","logo":{"@type":"ImageObject","inLanguage":"es","@id":"https:\/\/www.italianacontenitori.com\/es\/#\/schema\/logo\/image\/","url":"https:\/\/www.italianacontenitori.com\/wp-content\/uploads\/2020\/11\/cropped-Logo-Italiana-Contenitori_favicon.jpg","contentUrl":"https:\/\/www.italianacontenitori.com\/wp-content\/uploads\/2020\/11\/cropped-Logo-Italiana-Contenitori_favicon.jpg","width":512,"height":512,"caption":"Italiana Contenitori s.r.l."},"image":{"@id":"https:\/\/www.italianacontenitori.com\/es\/#\/schema\/logo\/image\/"}}]}},"_links":{"self":[{"href":"https:\/\/www.italianacontenitori.com\/es\/wp-json\/wp\/v2\/product\/241216","targetHints":{"allow":["GET"]}}],"collection":[{"href":"https:\/\/www.italianacontenitori.com\/es\/wp-json\/wp\/v2\/product"}],"about":[{"href":"https:\/\/www.italianacontenitori.com\/es\/wp-json\/wp\/v2\/types\/product"}],"replies":[{"embeddable":true,"href":"https:\/\/www.italianacontenitori.com\/es\/wp-json\/wp\/v2\/comments?post=241216"}],"wp:featuredmedia":[{"embeddable":true,"href":"https:\/\/www.italianacontenitori.com\/es\/wp-json\/wp\/v2\/media\/240124"}],"wp:attachment":[{"href":"https:\/\/www.italianacontenitori.com\/es\/wp-json\/wp\/v2\/media?parent=241216"}],"wp:term":[{"taxonomy":"product_brand","embeddable":true,"href":"https:\/\/www.italianacontenitori.com\/es\/wp-json\/wp\/v2\/product_brand?post=241216"},{"taxonomy":"product_cat","embeddable":true,"href":"https:\/\/www.italianacontenitori.com\/es\/wp-json\/wp\/v2\/product_cat?post=241216"},{"taxonomy":"product_tag","embeddable":true,"href":"https:\/\/www.italianacontenitori.com\/es\/wp-json\/wp\/v2\/product_tag?post=241216"}],"curies":[{"name":"wp","href":"https:\/\/api.w.org\/{rel}","templated":true}]}}