{"id":241247,"date":"2020-12-11T16:20:33","date_gmt":"2020-12-11T16:20:33","guid":{"rendered":"https:\/\/www.italianacontenitori.com\/product\/roll-container-de-seguridad-72-x-80-cm\/"},"modified":"2026-04-10T14:36:07","modified_gmt":"2026-04-10T14:36:07","slug":"roll-72-x-80-cm-seguridad","status":"publish","type":"product","link":"https:\/\/www.italianacontenitori.com\/es\/producto\/roll-72-x-80-cm-seguridad\/","title":{"rendered":"Rollo contenedor de seguridad &#8211; 72 x 80 cm"},"content":{"rendered":"<p>El <strong>roll container de seguridad<\/strong> est\u00e1ndar de<strong> 72 x 80 cm<\/strong> es la soluci\u00f3n ideal para el transporte seguro de mercanc\u00edas valiosas, delicadas y peque\u00f1as. Equipado con una robusta <strong>puerta con cerradura<\/strong>, garantiza la protecci\u00f3n contra el acceso no autorizado. Gracias a su construcci\u00f3n de<strong> malla met\u00e1lica de alta densidad con una densa malla de 5 x 5 cm<\/strong>, este <strong>carro antihurto<\/strong> es perfecto para el transporte y la manipulaci\u00f3n de productos valiosos en entornos log\u00edsticos y minoristas.  <\/p>\n<h2>Contenedor rodante bloqueable: log\u00edstica segura con ruedas giratorias y freno<\/h2>\n<p>Este <strong>contenedor rodante con ruedas fijas y giratorias<\/strong> es muy vers\u00e1til, lo que permite manejarlo f\u00e1cilmente en distintas superficies. Las ruedas pueden configurarse con o sin freno, eligiendo las opciones personalizables que aparecen a continuaci\u00f3n, en funci\u00f3n de tus necesidades. Una vez cerrado con candado, el Contenedor rodante de seguridad no ofrece ning\u00fan medio de acceso a las valiosas mercanc\u00edas almacenadas en su interior, <strong>ofrece resistencia a los intentos de robo y hace evidente el robo a efectos del seguro.<\/strong>  <\/p>\n<h2>Seguridad de los contenedores rodantes para el transporte de productos valiosos<\/h2>\n<p>Con una capacidad de carga de <strong>hasta 600 kg<\/strong>, este <strong>roll container con malla antirrobo<\/strong> est\u00e1 dise\u00f1ado para soportar un uso intensivo. La <strong>densa malla met\u00e1lica<\/strong> (malla de 50 x 50 mm) garantiza la protecci\u00f3n de las mercanc\u00edas frente a robos o sustracciones no autorizadas, por lo que es ideal para el almacenamiento y la manipulaci\u00f3n en contextos industriales y de transporte. <\/p>\n<h2>Carro de rejilla denso que optimiza el espacio&#8230; incluso cuando no se necesita<\/h2>\n<p>Este <strong>roll container<\/strong> te permite a\u00f1adir hasta <strong>un estante por cada 5 cm de desarrollo vertical<\/strong> para optimizar el espacio interior. Su ingenioso dise\u00f1o lo hace perfecto para necesidades log\u00edsticas din\u00e1micas, ya que se puede almacenar r\u00e1pidamente. Cuando no se utiliza, el <strong>carro con ruedas puede desmontarse sin herramientas especiales,<\/strong> y se vuelve a montar r\u00e1pida y f\u00e1cilmente.  <\/p>\n","protected":false},"excerpt":{"rendered":"<p>Roll container antirrobo que permite prevenir y detectar recogidas no autorizadas. La puerta delantera se puede cerrar con candado. Ideal para albergar y transportar productos valiosos. Disponible en tres alturas diferentes, se adapta a cualquier medio de transporte.<\/p>\n","protected":false},"featured_media":240233,"comment_status":"open","ping_status":"closed","template":"","meta":{"_acf_changed":false,"_et_pb_use_builder":"","_et_pb_old_content":"","_et_gb_content_width":""},"product_brand":[],"product_cat":[2066,1548],"product_tag":[2127,2126],"class_list":{"0":"post-241247","1":"product","2":"type-product","3":"status-publish","4":"has-post-thumbnail","6":"product_cat-carros-logisticos-de-seguridad","7":"product_cat-roll-container-es","8":"product_tag-roll-container-dimensiones-estandar","9":"product_tag-seguridad","11":"first","12":"instock","13":"shipping-taxable","14":"purchasable","15":"product-type-variable","16":"has-default-attributes"},"acf":[],"yoast_head":"<!-- This site is optimized with the Yoast SEO plugin v27.3 - https:\/\/yoast.com\/product\/yoast-seo-wordpress\/ -->\n<title>Rollo contenedor de seguridad - 72 x 80 cm - italianacontenitori.com<\/title>\n<meta name=\"robots\" content=\"index, follow, max-snippet:-1, max-image-preview:large, max-video-preview:-1\" \/>\n<link rel=\"canonical\" href=\"https:\/\/www.italianacontenitori.com\/es\/producto\/roll-72-x-80-cm-seguridad\/\" \/>\n<meta property=\"og:locale\" content=\"es_ES\" \/>\n<meta property=\"og:type\" content=\"article\" \/>\n<meta property=\"og:title\" content=\"Rollo contenedor de seguridad - 72 x 80 cm - italianacontenitori.com\" \/>\n<meta property=\"og:description\" content=\"Roll container antirrobo que permite prevenir y detectar recogidas no autorizadas. La puerta delantera se puede cerrar con candado. Ideal para albergar y transportar productos valiosos. Disponible en tres alturas diferentes, se adapta a cualquier medio de transporte.\" \/>\n<meta property=\"og:url\" content=\"https:\/\/www.italianacontenitori.com\/es\/producto\/roll-72-x-80-cm-seguridad\/\" \/>\n<meta property=\"og:site_name\" content=\"italianacontenitori.com\" \/>\n<meta property=\"article:modified_time\" content=\"2026-04-10T14:36:07+00:00\" \/>\n<meta property=\"og:image\" content=\"https:\/\/www.italianacontenitori.com\/wp-content\/uploads\/2020\/12\/ROLS1200.png\" \/>\n\t<meta property=\"og:image:width\" content=\"1024\" \/>\n\t<meta property=\"og:image:height\" content=\"1024\" \/>\n\t<meta property=\"og:image:type\" content=\"image\/png\" \/>\n<meta name=\"twitter:card\" content=\"summary_large_image\" \/>\n<meta name=\"twitter:label1\" content=\"Tiempo de lectura\" \/>\n\t<meta name=\"twitter:data1\" content=\"2 minutos\" \/>\n<script type=\"application\/ld+json\" class=\"yoast-schema-graph\">{\"@context\":\"https:\\\/\\\/schema.org\",\"@graph\":[{\"@type\":\"WebPage\",\"@id\":\"https:\\\/\\\/www.italianacontenitori.com\\\/es\\\/producto\\\/roll-72-x-80-cm-seguridad\\\/\",\"url\":\"https:\\\/\\\/www.italianacontenitori.com\\\/es\\\/producto\\\/roll-72-x-80-cm-seguridad\\\/\",\"name\":\"Rollo contenedor de seguridad - 72 x 80 cm - italianacontenitori.com\",\"isPartOf\":{\"@id\":\"https:\\\/\\\/www.italianacontenitori.com\\\/es\\\/#website\"},\"primaryImageOfPage\":{\"@id\":\"https:\\\/\\\/www.italianacontenitori.com\\\/es\\\/producto\\\/roll-72-x-80-cm-seguridad\\\/#primaryimage\"},\"image\":{\"@id\":\"https:\\\/\\\/www.italianacontenitori.com\\\/es\\\/producto\\\/roll-72-x-80-cm-seguridad\\\/#primaryimage\"},\"thumbnailUrl\":\"https:\\\/\\\/www.italianacontenitori.com\\\/wp-content\\\/uploads\\\/2020\\\/12\\\/ROLS1200.png\",\"datePublished\":\"2020-12-11T16:20:33+00:00\",\"dateModified\":\"2026-04-10T14:36:07+00:00\",\"breadcrumb\":{\"@id\":\"https:\\\/\\\/www.italianacontenitori.com\\\/es\\\/producto\\\/roll-72-x-80-cm-seguridad\\\/#breadcrumb\"},\"inLanguage\":\"es\",\"potentialAction\":[{\"@type\":\"ReadAction\",\"target\":[\"https:\\\/\\\/www.italianacontenitori.com\\\/es\\\/producto\\\/roll-72-x-80-cm-seguridad\\\/\"]}]},{\"@type\":\"ImageObject\",\"inLanguage\":\"es\",\"@id\":\"https:\\\/\\\/www.italianacontenitori.com\\\/es\\\/producto\\\/roll-72-x-80-cm-seguridad\\\/#primaryimage\",\"url\":\"https:\\\/\\\/www.italianacontenitori.com\\\/wp-content\\\/uploads\\\/2020\\\/12\\\/ROLS1200.png\",\"contentUrl\":\"https:\\\/\\\/www.italianacontenitori.com\\\/wp-content\\\/uploads\\\/2020\\\/12\\\/ROLS1200.png\",\"width\":1024,\"height\":1024,\"caption\":\"Rollo Contenedor de Seguridad Est\u00e1ndar de tejido tupido. Optimiza el env\u00edo de mercanc\u00edas valiosas o delicadas.\"},{\"@type\":\"BreadcrumbList\",\"@id\":\"https:\\\/\\\/www.italianacontenitori.com\\\/es\\\/producto\\\/roll-72-x-80-cm-seguridad\\\/#breadcrumb\",\"itemListElement\":[{\"@type\":\"ListItem\",\"position\":1,\"name\":\"Home\",\"item\":\"https:\\\/\\\/www.italianacontenitori.com\\\/es\\\/contenedores-de-malla-metalica\\\/\"},{\"@type\":\"ListItem\",\"position\":2,\"name\":\"Rollo contenedor de seguridad &#8211; 72 x 80 cm\"}]},{\"@type\":\"WebSite\",\"@id\":\"https:\\\/\\\/www.italianacontenitori.com\\\/es\\\/#website\",\"url\":\"https:\\\/\\\/www.italianacontenitori.com\\\/es\\\/\",\"name\":\"italianacontenitori.com\",\"description\":\"Produzione di contenitori industriali e roll container\",\"publisher\":{\"@id\":\"https:\\\/\\\/www.italianacontenitori.com\\\/es\\\/#organization\"},\"potentialAction\":[{\"@type\":\"SearchAction\",\"target\":{\"@type\":\"EntryPoint\",\"urlTemplate\":\"https:\\\/\\\/www.italianacontenitori.com\\\/es\\\/?s={search_term_string}\"},\"query-input\":{\"@type\":\"PropertyValueSpecification\",\"valueRequired\":true,\"valueName\":\"search_term_string\"}}],\"inLanguage\":\"es\"},{\"@type\":\"Organization\",\"@id\":\"https:\\\/\\\/www.italianacontenitori.com\\\/es\\\/#organization\",\"name\":\"Italiana Contenitori s.r.l.\",\"alternateName\":\"IC\",\"url\":\"https:\\\/\\\/www.italianacontenitori.com\\\/es\\\/\",\"logo\":{\"@type\":\"ImageObject\",\"inLanguage\":\"es\",\"@id\":\"https:\\\/\\\/www.italianacontenitori.com\\\/es\\\/#\\\/schema\\\/logo\\\/image\\\/\",\"url\":\"https:\\\/\\\/www.italianacontenitori.com\\\/wp-content\\\/uploads\\\/2020\\\/11\\\/cropped-Logo-Italiana-Contenitori_favicon.jpg\",\"contentUrl\":\"https:\\\/\\\/www.italianacontenitori.com\\\/wp-content\\\/uploads\\\/2020\\\/11\\\/cropped-Logo-Italiana-Contenitori_favicon.jpg\",\"width\":512,\"height\":512,\"caption\":\"Italiana Contenitori s.r.l.\"},\"image\":{\"@id\":\"https:\\\/\\\/www.italianacontenitori.com\\\/es\\\/#\\\/schema\\\/logo\\\/image\\\/\"}}]}<\/script>\n<!-- \/ Yoast SEO plugin. -->","yoast_head_json":{"title":"Rollo contenedor de seguridad - 72 x 80 cm - italianacontenitori.com","robots":{"index":"index","follow":"follow","max-snippet":"max-snippet:-1","max-image-preview":"max-image-preview:large","max-video-preview":"max-video-preview:-1"},"canonical":"https:\/\/www.italianacontenitori.com\/es\/producto\/roll-72-x-80-cm-seguridad\/","og_locale":"es_ES","og_type":"article","og_title":"Rollo contenedor de seguridad - 72 x 80 cm - italianacontenitori.com","og_description":"Roll container antirrobo que permite prevenir y detectar recogidas no autorizadas. La puerta delantera se puede cerrar con candado. Ideal para albergar y transportar productos valiosos. Disponible en tres alturas diferentes, se adapta a cualquier medio de transporte.","og_url":"https:\/\/www.italianacontenitori.com\/es\/producto\/roll-72-x-80-cm-seguridad\/","og_site_name":"italianacontenitori.com","article_modified_time":"2026-04-10T14:36:07+00:00","og_image":[{"width":1024,"height":1024,"url":"https:\/\/www.italianacontenitori.com\/wp-content\/uploads\/2020\/12\/ROLS1200.png","type":"image\/png"}],"twitter_card":"summary_large_image","twitter_misc":{"Tiempo de lectura":"2 minutos"},"schema":{"@context":"https:\/\/schema.org","@graph":[{"@type":"WebPage","@id":"https:\/\/www.italianacontenitori.com\/es\/producto\/roll-72-x-80-cm-seguridad\/","url":"https:\/\/www.italianacontenitori.com\/es\/producto\/roll-72-x-80-cm-seguridad\/","name":"Rollo contenedor de seguridad - 72 x 80 cm - italianacontenitori.com","isPartOf":{"@id":"https:\/\/www.italianacontenitori.com\/es\/#website"},"primaryImageOfPage":{"@id":"https:\/\/www.italianacontenitori.com\/es\/producto\/roll-72-x-80-cm-seguridad\/#primaryimage"},"image":{"@id":"https:\/\/www.italianacontenitori.com\/es\/producto\/roll-72-x-80-cm-seguridad\/#primaryimage"},"thumbnailUrl":"https:\/\/www.italianacontenitori.com\/wp-content\/uploads\/2020\/12\/ROLS1200.png","datePublished":"2020-12-11T16:20:33+00:00","dateModified":"2026-04-10T14:36:07+00:00","breadcrumb":{"@id":"https:\/\/www.italianacontenitori.com\/es\/producto\/roll-72-x-80-cm-seguridad\/#breadcrumb"},"inLanguage":"es","potentialAction":[{"@type":"ReadAction","target":["https:\/\/www.italianacontenitori.com\/es\/producto\/roll-72-x-80-cm-seguridad\/"]}]},{"@type":"ImageObject","inLanguage":"es","@id":"https:\/\/www.italianacontenitori.com\/es\/producto\/roll-72-x-80-cm-seguridad\/#primaryimage","url":"https:\/\/www.italianacontenitori.com\/wp-content\/uploads\/2020\/12\/ROLS1200.png","contentUrl":"https:\/\/www.italianacontenitori.com\/wp-content\/uploads\/2020\/12\/ROLS1200.png","width":1024,"height":1024,"caption":"Rollo Contenedor de Seguridad Est\u00e1ndar de tejido tupido. Optimiza el env\u00edo de mercanc\u00edas valiosas o delicadas."},{"@type":"BreadcrumbList","@id":"https:\/\/www.italianacontenitori.com\/es\/producto\/roll-72-x-80-cm-seguridad\/#breadcrumb","itemListElement":[{"@type":"ListItem","position":1,"name":"Home","item":"https:\/\/www.italianacontenitori.com\/es\/contenedores-de-malla-metalica\/"},{"@type":"ListItem","position":2,"name":"Rollo contenedor de seguridad &#8211; 72 x 80 cm"}]},{"@type":"WebSite","@id":"https:\/\/www.italianacontenitori.com\/es\/#website","url":"https:\/\/www.italianacontenitori.com\/es\/","name":"italianacontenitori.com","description":"Produzione di contenitori industriali e roll container","publisher":{"@id":"https:\/\/www.italianacontenitori.com\/es\/#organization"},"potentialAction":[{"@type":"SearchAction","target":{"@type":"EntryPoint","urlTemplate":"https:\/\/www.italianacontenitori.com\/es\/?s={search_term_string}"},"query-input":{"@type":"PropertyValueSpecification","valueRequired":true,"valueName":"search_term_string"}}],"inLanguage":"es"},{"@type":"Organization","@id":"https:\/\/www.italianacontenitori.com\/es\/#organization","name":"Italiana Contenitori s.r.l.","alternateName":"IC","url":"https:\/\/www.italianacontenitori.com\/es\/","logo":{"@type":"ImageObject","inLanguage":"es","@id":"https:\/\/www.italianacontenitori.com\/es\/#\/schema\/logo\/image\/","url":"https:\/\/www.italianacontenitori.com\/wp-content\/uploads\/2020\/11\/cropped-Logo-Italiana-Contenitori_favicon.jpg","contentUrl":"https:\/\/www.italianacontenitori.com\/wp-content\/uploads\/2020\/11\/cropped-Logo-Italiana-Contenitori_favicon.jpg","width":512,"height":512,"caption":"Italiana Contenitori s.r.l."},"image":{"@id":"https:\/\/www.italianacontenitori.com\/es\/#\/schema\/logo\/image\/"}}]}},"_links":{"self":[{"href":"https:\/\/www.italianacontenitori.com\/es\/wp-json\/wp\/v2\/product\/241247","targetHints":{"allow":["GET"]}}],"collection":[{"href":"https:\/\/www.italianacontenitori.com\/es\/wp-json\/wp\/v2\/product"}],"about":[{"href":"https:\/\/www.italianacontenitori.com\/es\/wp-json\/wp\/v2\/types\/product"}],"replies":[{"embeddable":true,"href":"https:\/\/www.italianacontenitori.com\/es\/wp-json\/wp\/v2\/comments?post=241247"}],"wp:featuredmedia":[{"embeddable":true,"href":"https:\/\/www.italianacontenitori.com\/es\/wp-json\/wp\/v2\/media\/240233"}],"wp:attachment":[{"href":"https:\/\/www.italianacontenitori.com\/es\/wp-json\/wp\/v2\/media?parent=241247"}],"wp:term":[{"taxonomy":"product_brand","embeddable":true,"href":"https:\/\/www.italianacontenitori.com\/es\/wp-json\/wp\/v2\/product_brand?post=241247"},{"taxonomy":"product_cat","embeddable":true,"href":"https:\/\/www.italianacontenitori.com\/es\/wp-json\/wp\/v2\/product_cat?post=241247"},{"taxonomy":"product_tag","embeddable":true,"href":"https:\/\/www.italianacontenitori.com\/es\/wp-json\/wp\/v2\/product_tag?post=241247"}],"curies":[{"name":"wp","href":"https:\/\/api.w.org\/{rel}","templated":true}]}}