{"id":241263,"date":"2020-12-11T16:06:49","date_gmt":"2020-12-11T16:06:49","guid":{"rendered":"https:\/\/www.italianacontenitori.com\/product\/roll-200-x-80-cm-reforzado\/"},"modified":"2026-04-10T14:36:02","modified_gmt":"2026-04-10T14:36:02","slug":"roll-200-x-80-cm-reforzado","status":"publish","type":"product","link":"https:\/\/www.italianacontenitori.com\/es\/producto\/roll-200-x-80-cm-reforzado\/","title":{"rendered":"Rollo contenedor JUMBO &#8211; 200 x 80 cm &#8211; Reforzado"},"content":{"rendered":"<p><strong>El roll container grande, conocido como roll container Jumbo<\/strong>, es una versi\u00f3n a\u00fan <strong>mayor del Roll MAXI<\/strong> y, gracias a su <strong>estructura reforzada<\/strong> y a su resistente malla met\u00e1lica, es perfecto para<strong> un uso intensivo<\/strong> y resulta adecuado para diversos sectores, desde la gran distribuci\u00f3n y los puntos de venta que necesitan manipular grandes cantidades de productos, hasta la industria, donde el transporte de cargas pesadas y voluminosas est\u00e1 a la orden del d\u00eda. Tambi\u00e9n es ideal como <strong>gran carro industrial<\/strong> para lavander\u00edas, donde facilita el transporte de pedidos voluminosos (piensa en la lavander\u00eda de los grandes hoteles), o como <strong>carro de malla met\u00e1lica para la recogida y reciclaje de residuos voluminosos<\/strong>, este roll container es una soluci\u00f3n vers\u00e1til y fiable. Su estructura s\u00f3lida y reforzada y su gran capacidad de carga (hasta 600 kg) lo convierten en una potente herramienta para quienes buscan un <strong>carro contenedor rodante de gran tama\u00f1o para la manipulaci\u00f3n interna y el transporte de mercanc\u00edas voluminosas<\/strong>.  <\/p>\n<h2>Eficacia, robustez y m\u00e1xima capacidad para una jaula antivuelco extragrande.<\/h2>\n<p>\u00c9stos son los puntos fuertes de estas grandes y silenciosas carretillas industriales, preparadas para soportar durante a\u00f1os el peso de tus mercanc\u00edas m\u00e1s voluminosas.<\/p>\n<ul>\n<li><strong>Tama\u00f1o extragrande<\/strong>: 200 x 80 cm para una mayor capacidad de carga.<\/li>\n<li><strong>Estructura reforzada<\/strong>: garantiza durabilidad y resistencia incluso con cargas pesadas.<\/li>\n<li><strong>Flexibilidad de configuraci\u00f3n<\/strong>: disponible con 3 \u00f3 4 portones traseros y trampilla para facilitar el acceso de la carga.<\/li>\n<li><strong>Versatilidad de aplicaci\u00f3n<\/strong>: adecuado para el comercio, la industria, las lavander\u00edas, la gesti\u00f3n de residuos y el reciclaje.<\/li>\n<li><strong>Numerosos accesorios<\/strong>: hasta 3 estantes adicionales, correas de seguridad, placas de identificaci\u00f3n y diferentes tipos de ruedas<\/li>\n<\/ul>\n<p>El carro Roll Jumbo es la soluci\u00f3n ideal para quienes necesitan un <strong>roll container grande, robusto y vers\u00e1til<\/strong>, capaz de soportar y optimizar el transporte y almacenamiento de <strong>mercanc\u00edas voluminosas. <\/strong> <\/p>\n","protected":false},"excerpt":{"rendered":"<p>El roll container m\u00e1s grande de nuestra gama, un carro apto para el transporte de objetos muy voluminosos: colchones, paneles mobiliarios o similares. Puede albergar hasta tres estantes horizontales.<\/p>\n","protected":false},"featured_media":240248,"comment_status":"open","ping_status":"closed","template":"","meta":{"_acf_changed":false,"_et_pb_use_builder":"","_et_pb_old_content":"","_et_gb_content_width":""},"product_brand":[],"product_cat":[1548],"product_tag":[2245],"class_list":{"0":"post-241263","1":"product","2":"type-product","3":"status-publish","4":"has-post-thumbnail","6":"product_cat-roll-container-es","7":"product_tag-portarrollos-tamano-jumbo","9":"first","10":"instock","11":"shipping-taxable","12":"purchasable","13":"product-type-variable","14":"has-default-attributes"},"acf":[],"yoast_head":"<!-- This site is optimized with the Yoast SEO plugin v27.3 - https:\/\/yoast.com\/product\/yoast-seo-wordpress\/ -->\n<title>italianacontenitori.com<\/title>\n<meta name=\"description\" content=\"Gran contenedor rodante: JUMBO, a\u00fan mayor que el MAXI, es el gigante de la casa. Estructura reforzada para mercanc\u00edas voluminosas y uso intensivo.\" \/>\n<meta name=\"robots\" content=\"index, follow, max-snippet:-1, max-image-preview:large, max-video-preview:-1\" \/>\n<link rel=\"canonical\" href=\"https:\/\/www.italianacontenitori.com\/es\/producto\/roll-200-x-80-cm-reforzado\/\" \/>\n<meta property=\"og:locale\" content=\"es_ES\" \/>\n<meta property=\"og:type\" content=\"article\" \/>\n<meta property=\"og:description\" content=\"Gran contenedor rodante: JUMBO, a\u00fan mayor que el MAXI, es el gigante de la casa. Estructura reforzada para mercanc\u00edas voluminosas y uso intensivo.\" \/>\n<meta property=\"og:url\" content=\"https:\/\/www.italianacontenitori.com\/es\/producto\/roll-200-x-80-cm-reforzado\/\" \/>\n<meta property=\"og:site_name\" content=\"italianacontenitori.com\" \/>\n<meta property=\"article:modified_time\" content=\"2026-04-10T14:36:02+00:00\" \/>\n<meta property=\"og:image\" content=\"https:\/\/www.italianacontenitori.com\/wp-content\/uploads\/2020\/12\/ROLR0200H4R0.png\" \/>\n\t<meta property=\"og:image:width\" content=\"1024\" \/>\n\t<meta property=\"og:image:height\" content=\"1024\" \/>\n\t<meta property=\"og:image:type\" content=\"image\/png\" \/>\n<meta name=\"twitter:card\" content=\"summary_large_image\" \/>\n<meta name=\"twitter:label1\" content=\"Tiempo de lectura\" \/>\n\t<meta name=\"twitter:data1\" content=\"2 minutos\" \/>\n<script type=\"application\/ld+json\" class=\"yoast-schema-graph\">{\"@context\":\"https:\\\/\\\/schema.org\",\"@graph\":[{\"@type\":\"WebPage\",\"@id\":\"https:\\\/\\\/www.italianacontenitori.com\\\/es\\\/producto\\\/roll-200-x-80-cm-reforzado\\\/\",\"url\":\"https:\\\/\\\/www.italianacontenitori.com\\\/es\\\/producto\\\/roll-200-x-80-cm-reforzado\\\/\",\"name\":\"\",\"isPartOf\":{\"@id\":\"https:\\\/\\\/www.italianacontenitori.com\\\/es\\\/#website\"},\"primaryImageOfPage\":{\"@id\":\"https:\\\/\\\/www.italianacontenitori.com\\\/es\\\/producto\\\/roll-200-x-80-cm-reforzado\\\/#primaryimage\"},\"image\":{\"@id\":\"https:\\\/\\\/www.italianacontenitori.com\\\/es\\\/producto\\\/roll-200-x-80-cm-reforzado\\\/#primaryimage\"},\"thumbnailUrl\":\"https:\\\/\\\/www.italianacontenitori.com\\\/wp-content\\\/uploads\\\/2020\\\/12\\\/ROLR0200H4R0.png\",\"datePublished\":\"2020-12-11T16:06:49+00:00\",\"dateModified\":\"2026-04-10T14:36:02+00:00\",\"description\":\"Gran contenedor rodante: JUMBO, a\u00fan mayor que el MAXI, es el gigante de la casa. Estructura reforzada para mercanc\u00edas voluminosas y uso intensivo.\",\"breadcrumb\":{\"@id\":\"https:\\\/\\\/www.italianacontenitori.com\\\/es\\\/producto\\\/roll-200-x-80-cm-reforzado\\\/#breadcrumb\"},\"inLanguage\":\"es\",\"potentialAction\":[{\"@type\":\"ReadAction\",\"target\":[\"https:\\\/\\\/www.italianacontenitori.com\\\/es\\\/producto\\\/roll-200-x-80-cm-reforzado\\\/\"]}]},{\"@type\":\"ImageObject\",\"inLanguage\":\"es\",\"@id\":\"https:\\\/\\\/www.italianacontenitori.com\\\/es\\\/producto\\\/roll-200-x-80-cm-reforzado\\\/#primaryimage\",\"url\":\"https:\\\/\\\/www.italianacontenitori.com\\\/wp-content\\\/uploads\\\/2020\\\/12\\\/ROLR0200H4R0.png\",\"contentUrl\":\"https:\\\/\\\/www.italianacontenitori.com\\\/wp-content\\\/uploads\\\/2020\\\/12\\\/ROLR0200H4R0.png\",\"width\":1024,\"height\":1024,\"caption\":\"Contenedor de rollo grande, JUMBO. Modelo ROLR0200H4R0\"},{\"@type\":\"BreadcrumbList\",\"@id\":\"https:\\\/\\\/www.italianacontenitori.com\\\/es\\\/producto\\\/roll-200-x-80-cm-reforzado\\\/#breadcrumb\",\"itemListElement\":[{\"@type\":\"ListItem\",\"position\":1,\"name\":\"Home\",\"item\":\"https:\\\/\\\/www.italianacontenitori.com\\\/es\\\/contenedores-de-malla-metalica\\\/\"},{\"@type\":\"ListItem\",\"position\":2,\"name\":\"Rollo contenedor JUMBO &#8211; 200 x 80 cm &#8211; Reforzado\"}]},{\"@type\":\"WebSite\",\"@id\":\"https:\\\/\\\/www.italianacontenitori.com\\\/es\\\/#website\",\"url\":\"https:\\\/\\\/www.italianacontenitori.com\\\/es\\\/\",\"name\":\"italianacontenitori.com\",\"description\":\"Produzione di contenitori industriali e roll container\",\"publisher\":{\"@id\":\"https:\\\/\\\/www.italianacontenitori.com\\\/es\\\/#organization\"},\"potentialAction\":[{\"@type\":\"SearchAction\",\"target\":{\"@type\":\"EntryPoint\",\"urlTemplate\":\"https:\\\/\\\/www.italianacontenitori.com\\\/es\\\/?s={search_term_string}\"},\"query-input\":{\"@type\":\"PropertyValueSpecification\",\"valueRequired\":true,\"valueName\":\"search_term_string\"}}],\"inLanguage\":\"es\"},{\"@type\":\"Organization\",\"@id\":\"https:\\\/\\\/www.italianacontenitori.com\\\/es\\\/#organization\",\"name\":\"Italiana Contenitori s.r.l.\",\"alternateName\":\"IC\",\"url\":\"https:\\\/\\\/www.italianacontenitori.com\\\/es\\\/\",\"logo\":{\"@type\":\"ImageObject\",\"inLanguage\":\"es\",\"@id\":\"https:\\\/\\\/www.italianacontenitori.com\\\/es\\\/#\\\/schema\\\/logo\\\/image\\\/\",\"url\":\"https:\\\/\\\/www.italianacontenitori.com\\\/wp-content\\\/uploads\\\/2020\\\/11\\\/cropped-Logo-Italiana-Contenitori_favicon.jpg\",\"contentUrl\":\"https:\\\/\\\/www.italianacontenitori.com\\\/wp-content\\\/uploads\\\/2020\\\/11\\\/cropped-Logo-Italiana-Contenitori_favicon.jpg\",\"width\":512,\"height\":512,\"caption\":\"Italiana Contenitori s.r.l.\"},\"image\":{\"@id\":\"https:\\\/\\\/www.italianacontenitori.com\\\/es\\\/#\\\/schema\\\/logo\\\/image\\\/\"}}]}<\/script>\n<!-- \/ Yoast SEO plugin. -->","yoast_head_json":{"title":"italianacontenitori.com","description":"Gran contenedor rodante: JUMBO, a\u00fan mayor que el MAXI, es el gigante de la casa. Estructura reforzada para mercanc\u00edas voluminosas y uso intensivo.","robots":{"index":"index","follow":"follow","max-snippet":"max-snippet:-1","max-image-preview":"max-image-preview:large","max-video-preview":"max-video-preview:-1"},"canonical":"https:\/\/www.italianacontenitori.com\/es\/producto\/roll-200-x-80-cm-reforzado\/","og_locale":"es_ES","og_type":"article","og_description":"Gran contenedor rodante: JUMBO, a\u00fan mayor que el MAXI, es el gigante de la casa. Estructura reforzada para mercanc\u00edas voluminosas y uso intensivo.","og_url":"https:\/\/www.italianacontenitori.com\/es\/producto\/roll-200-x-80-cm-reforzado\/","og_site_name":"italianacontenitori.com","article_modified_time":"2026-04-10T14:36:02+00:00","og_image":[{"width":1024,"height":1024,"url":"https:\/\/www.italianacontenitori.com\/wp-content\/uploads\/2020\/12\/ROLR0200H4R0.png","type":"image\/png"}],"twitter_card":"summary_large_image","twitter_misc":{"Tiempo de lectura":"2 minutos"},"schema":{"@context":"https:\/\/schema.org","@graph":[{"@type":"WebPage","@id":"https:\/\/www.italianacontenitori.com\/es\/producto\/roll-200-x-80-cm-reforzado\/","url":"https:\/\/www.italianacontenitori.com\/es\/producto\/roll-200-x-80-cm-reforzado\/","name":"","isPartOf":{"@id":"https:\/\/www.italianacontenitori.com\/es\/#website"},"primaryImageOfPage":{"@id":"https:\/\/www.italianacontenitori.com\/es\/producto\/roll-200-x-80-cm-reforzado\/#primaryimage"},"image":{"@id":"https:\/\/www.italianacontenitori.com\/es\/producto\/roll-200-x-80-cm-reforzado\/#primaryimage"},"thumbnailUrl":"https:\/\/www.italianacontenitori.com\/wp-content\/uploads\/2020\/12\/ROLR0200H4R0.png","datePublished":"2020-12-11T16:06:49+00:00","dateModified":"2026-04-10T14:36:02+00:00","description":"Gran contenedor rodante: JUMBO, a\u00fan mayor que el MAXI, es el gigante de la casa. Estructura reforzada para mercanc\u00edas voluminosas y uso intensivo.","breadcrumb":{"@id":"https:\/\/www.italianacontenitori.com\/es\/producto\/roll-200-x-80-cm-reforzado\/#breadcrumb"},"inLanguage":"es","potentialAction":[{"@type":"ReadAction","target":["https:\/\/www.italianacontenitori.com\/es\/producto\/roll-200-x-80-cm-reforzado\/"]}]},{"@type":"ImageObject","inLanguage":"es","@id":"https:\/\/www.italianacontenitori.com\/es\/producto\/roll-200-x-80-cm-reforzado\/#primaryimage","url":"https:\/\/www.italianacontenitori.com\/wp-content\/uploads\/2020\/12\/ROLR0200H4R0.png","contentUrl":"https:\/\/www.italianacontenitori.com\/wp-content\/uploads\/2020\/12\/ROLR0200H4R0.png","width":1024,"height":1024,"caption":"Contenedor de rollo grande, JUMBO. Modelo ROLR0200H4R0"},{"@type":"BreadcrumbList","@id":"https:\/\/www.italianacontenitori.com\/es\/producto\/roll-200-x-80-cm-reforzado\/#breadcrumb","itemListElement":[{"@type":"ListItem","position":1,"name":"Home","item":"https:\/\/www.italianacontenitori.com\/es\/contenedores-de-malla-metalica\/"},{"@type":"ListItem","position":2,"name":"Rollo contenedor JUMBO &#8211; 200 x 80 cm &#8211; Reforzado"}]},{"@type":"WebSite","@id":"https:\/\/www.italianacontenitori.com\/es\/#website","url":"https:\/\/www.italianacontenitori.com\/es\/","name":"italianacontenitori.com","description":"Produzione di contenitori industriali e roll container","publisher":{"@id":"https:\/\/www.italianacontenitori.com\/es\/#organization"},"potentialAction":[{"@type":"SearchAction","target":{"@type":"EntryPoint","urlTemplate":"https:\/\/www.italianacontenitori.com\/es\/?s={search_term_string}"},"query-input":{"@type":"PropertyValueSpecification","valueRequired":true,"valueName":"search_term_string"}}],"inLanguage":"es"},{"@type":"Organization","@id":"https:\/\/www.italianacontenitori.com\/es\/#organization","name":"Italiana Contenitori s.r.l.","alternateName":"IC","url":"https:\/\/www.italianacontenitori.com\/es\/","logo":{"@type":"ImageObject","inLanguage":"es","@id":"https:\/\/www.italianacontenitori.com\/es\/#\/schema\/logo\/image\/","url":"https:\/\/www.italianacontenitori.com\/wp-content\/uploads\/2020\/11\/cropped-Logo-Italiana-Contenitori_favicon.jpg","contentUrl":"https:\/\/www.italianacontenitori.com\/wp-content\/uploads\/2020\/11\/cropped-Logo-Italiana-Contenitori_favicon.jpg","width":512,"height":512,"caption":"Italiana Contenitori s.r.l."},"image":{"@id":"https:\/\/www.italianacontenitori.com\/es\/#\/schema\/logo\/image\/"}}]}},"_links":{"self":[{"href":"https:\/\/www.italianacontenitori.com\/es\/wp-json\/wp\/v2\/product\/241263","targetHints":{"allow":["GET"]}}],"collection":[{"href":"https:\/\/www.italianacontenitori.com\/es\/wp-json\/wp\/v2\/product"}],"about":[{"href":"https:\/\/www.italianacontenitori.com\/es\/wp-json\/wp\/v2\/types\/product"}],"replies":[{"embeddable":true,"href":"https:\/\/www.italianacontenitori.com\/es\/wp-json\/wp\/v2\/comments?post=241263"}],"wp:featuredmedia":[{"embeddable":true,"href":"https:\/\/www.italianacontenitori.com\/es\/wp-json\/wp\/v2\/media\/240248"}],"wp:attachment":[{"href":"https:\/\/www.italianacontenitori.com\/es\/wp-json\/wp\/v2\/media?parent=241263"}],"wp:term":[{"taxonomy":"product_brand","embeddable":true,"href":"https:\/\/www.italianacontenitori.com\/es\/wp-json\/wp\/v2\/product_brand?post=241263"},{"taxonomy":"product_cat","embeddable":true,"href":"https:\/\/www.italianacontenitori.com\/es\/wp-json\/wp\/v2\/product_cat?post=241263"},{"taxonomy":"product_tag","embeddable":true,"href":"https:\/\/www.italianacontenitori.com\/es\/wp-json\/wp\/v2\/product_tag?post=241263"}],"curies":[{"name":"wp","href":"https:\/\/api.w.org\/{rel}","templated":true}]}}