{"id":241295,"date":"2020-12-11T15:53:28","date_gmt":"2020-12-11T15:53:28","guid":{"rendered":"https:\/\/www.italianacontenitori.com\/product\/roll-120-x-100-cm-reforzado\/"},"modified":"2026-04-10T14:35:54","modified_gmt":"2026-04-10T14:35:54","slug":"roll-120-x-100-cm-reforzado","status":"publish","type":"product","link":"https:\/\/www.italianacontenitori.com\/es\/producto\/roll-120-x-100-cm-reforzado\/","title":{"rendered":"Rollo contenedor MAXI 120 x 100 cm &#8211; Reforzado"},"content":{"rendered":"<p>El <strong>maxi contenedor rodante reforzado de 120 x 100 cm<\/strong>, modelo ROLR0180, est\u00e1 dise\u00f1ado para satisfacer las necesidades de manipulaci\u00f3n de cargas voluminosas en entornos como <strong>almacenes<\/strong>, <strong>centros de distribuci\u00f3n<\/strong> y <strong>lavander\u00edas industriales<\/strong>. Gracias a su robustez y generosas dimensiones, es ideal para optimizar la carga de los camiones, mejorar la eficacia log\u00edstica y reducir el tiempo de transporte. <\/p>\n<p>Con <strong>unas dimensiones exteriores de 1200 x 1000 mm<\/strong>, este roll container ofrece una capacidad de carga de hasta <strong>600 kg<\/strong>, garantizando estabilidad y seguridad al transportar mercanc\u00edas voluminosas. Su construcci\u00f3n <strong>de alambre galvanizado<\/strong> garantiza durabilidad y resistencia a la corrosi\u00f3n, por lo que es adecuado para un uso intensivo incluso en entornos dif\u00edciles. <\/p>\n<h2>Caracter\u00edsticas principales del <strong>maxi contenedor rodante con base reforzada<\/strong>:<\/h2>\n<ul>\n<li><strong>Dimensiones exteriores<\/strong>: 1200 x 1000 mm<\/li>\n<li><strong>Capacidad de carga m\u00e1xima<\/strong>: 600 kg<\/li>\n<li><strong>Alturas disponibles<\/strong>: de 1520 a 1800 mm<\/li>\n<li><strong>Construcci\u00f3n robusta<\/strong>: malla de alambre galvanizado electrol\u00edticamente para mayor resistencia y durabilidad<\/li>\n<li><strong>Estantes regulables<\/strong>: Posibilidad de configurar el rollo con estantes para optimizar el espacio interior<\/li>\n<\/ul>\n<p><strong>Las ruedas de poliuretano<\/strong>, silenciosas y duraderas, garantizan una maniobrabilidad perfecta en distintas superficies, lo que hace que el roll container sea ideal para <strong>transportar mercanc\u00edas en almacenes<\/strong> y <strong>centros de distribuci\u00f3n<\/strong>. Puede equiparse con <strong>ruedas con freno<\/strong> para mejorar la estabilidad durante la carga y descarga, especialmente en superficies inclinadas o en entornos de mucho tr\u00e1fico. <\/p>\n<h2>Optimizaci\u00f3n log\u00edstica y seguridad<\/h2>\n<p>Gracias a su tama\u00f1o y dise\u00f1o optimizados, el <strong>maxi contenedor reforzado<\/strong> aprovecha al m\u00e1ximo el espacio disponible dentro de los camiones, maximizando las cargas y reduciendo los costes de transporte. Sus <strong>laterales de malla met\u00e1lica<\/strong> ayudan a mantener el contenido estable y protegido durante el movimiento. Puede equiparse con <strong>accesorios como correas, estantes<\/strong> <strong>y placas de identificaci\u00f3n<\/strong> para mejorar a\u00fan m\u00e1s la eficacia operativa.  <\/p>\n","protected":false},"excerpt":{"rendered":"<p>Roll container de gran tama\u00f1o para almacenamiento y transporte. Puede albergar hasta tres estantes horizontales. La base de esquinas reforzadas asegura una mayor resistencia.<\/p>\n","protected":false},"featured_media":240268,"comment_status":"open","ping_status":"closed","template":"","meta":{"_acf_changed":false,"_et_pb_use_builder":"","_et_pb_old_content":"","_et_gb_content_width":""},"product_brand":[],"product_cat":[1548],"product_tag":[2119],"class_list":{"0":"post-241295","1":"product","2":"type-product","3":"status-publish","4":"has-post-thumbnail","6":"product_cat-roll-container-es","7":"product_tag-roll-container-dimensiones-maxi","9":"first","10":"instock","11":"shipping-taxable","12":"purchasable","13":"product-type-variable","14":"has-default-attributes"},"acf":[],"yoast_head":"<!-- This site is optimized with the Yoast SEO plugin v27.3 - https:\/\/yoast.com\/product\/yoast-seo-wordpress\/ -->\n<title>Contenedor en rollo reforzado MAXI 120 x 100 cm | Italiana Contenitori<\/title>\n<meta name=\"description\" content=\"Contenedor rodante MAXI con base reforzada, ideal para cargas voluminosas de hasta 600 kg. De 2 a 4 laterales abatibles, con estantes regulables y accesorios.\" \/>\n<meta name=\"robots\" content=\"index, follow, max-snippet:-1, max-image-preview:large, max-video-preview:-1\" \/>\n<link rel=\"canonical\" href=\"https:\/\/www.italianacontenitori.com\/es\/producto\/roll-120-x-100-cm-reforzado\/\" \/>\n<meta property=\"og:locale\" content=\"es_ES\" \/>\n<meta property=\"og:type\" content=\"article\" \/>\n<meta property=\"og:title\" content=\"Contenedor en rollo reforzado MAXI 120 x 100 cm | Italiana Contenitori\" \/>\n<meta property=\"og:description\" content=\"Contenedor rodante MAXI con base reforzada, ideal para cargas voluminosas de hasta 600 kg. De 2 a 4 laterales abatibles, con estantes regulables y accesorios.\" \/>\n<meta property=\"og:url\" content=\"https:\/\/www.italianacontenitori.com\/es\/producto\/roll-120-x-100-cm-reforzado\/\" \/>\n<meta property=\"og:site_name\" content=\"italianacontenitori.com\" \/>\n<meta property=\"article:modified_time\" content=\"2026-04-10T14:35:54+00:00\" \/>\n<meta property=\"og:image\" content=\"https:\/\/www.italianacontenitori.com\/wp-content\/uploads\/2020\/12\/ROLR0180H4R0-1.png\" \/>\n\t<meta property=\"og:image:width\" content=\"1024\" \/>\n\t<meta property=\"og:image:height\" content=\"1024\" \/>\n\t<meta property=\"og:image:type\" content=\"image\/png\" \/>\n<meta name=\"twitter:card\" content=\"summary_large_image\" \/>\n<meta name=\"twitter:label1\" content=\"Tiempo de lectura\" \/>\n\t<meta name=\"twitter:data1\" content=\"2 minutos\" \/>\n<script type=\"application\/ld+json\" class=\"yoast-schema-graph\">{\"@context\":\"https:\\\/\\\/schema.org\",\"@graph\":[{\"@type\":\"WebPage\",\"@id\":\"https:\\\/\\\/www.italianacontenitori.com\\\/es\\\/producto\\\/roll-120-x-100-cm-reforzado\\\/\",\"url\":\"https:\\\/\\\/www.italianacontenitori.com\\\/es\\\/producto\\\/roll-120-x-100-cm-reforzado\\\/\",\"name\":\"Contenedor en rollo reforzado MAXI 120 x 100 cm | Italiana Contenitori\",\"isPartOf\":{\"@id\":\"https:\\\/\\\/www.italianacontenitori.com\\\/es\\\/#website\"},\"primaryImageOfPage\":{\"@id\":\"https:\\\/\\\/www.italianacontenitori.com\\\/es\\\/producto\\\/roll-120-x-100-cm-reforzado\\\/#primaryimage\"},\"image\":{\"@id\":\"https:\\\/\\\/www.italianacontenitori.com\\\/es\\\/producto\\\/roll-120-x-100-cm-reforzado\\\/#primaryimage\"},\"thumbnailUrl\":\"https:\\\/\\\/www.italianacontenitori.com\\\/wp-content\\\/uploads\\\/2020\\\/12\\\/ROLR0180H4R0-1.png\",\"datePublished\":\"2020-12-11T15:53:28+00:00\",\"dateModified\":\"2026-04-10T14:35:54+00:00\",\"description\":\"Contenedor rodante MAXI con base reforzada, ideal para cargas voluminosas de hasta 600 kg. De 2 a 4 laterales abatibles, con estantes regulables y accesorios.\",\"breadcrumb\":{\"@id\":\"https:\\\/\\\/www.italianacontenitori.com\\\/es\\\/producto\\\/roll-120-x-100-cm-reforzado\\\/#breadcrumb\"},\"inLanguage\":\"es\",\"potentialAction\":[{\"@type\":\"ReadAction\",\"target\":[\"https:\\\/\\\/www.italianacontenitori.com\\\/es\\\/producto\\\/roll-120-x-100-cm-reforzado\\\/\"]}]},{\"@type\":\"ImageObject\",\"inLanguage\":\"es\",\"@id\":\"https:\\\/\\\/www.italianacontenitori.com\\\/es\\\/producto\\\/roll-120-x-100-cm-reforzado\\\/#primaryimage\",\"url\":\"https:\\\/\\\/www.italianacontenitori.com\\\/wp-content\\\/uploads\\\/2020\\\/12\\\/ROLR0180H4R0-1.png\",\"contentUrl\":\"https:\\\/\\\/www.italianacontenitori.com\\\/wp-content\\\/uploads\\\/2020\\\/12\\\/ROLR0180H4R0-1.png\",\"width\":1024,\"height\":1024,\"caption\":\"Roll Container MAXI con base reforzada - 2 a 4 lados con solapa. Capacidad de carga de hasta 600 kg para mercanc\u00edas voluminosas\"},{\"@type\":\"BreadcrumbList\",\"@id\":\"https:\\\/\\\/www.italianacontenitori.com\\\/es\\\/producto\\\/roll-120-x-100-cm-reforzado\\\/#breadcrumb\",\"itemListElement\":[{\"@type\":\"ListItem\",\"position\":1,\"name\":\"Home\",\"item\":\"https:\\\/\\\/www.italianacontenitori.com\\\/es\\\/contenedores-de-malla-metalica\\\/\"},{\"@type\":\"ListItem\",\"position\":2,\"name\":\"Rollo contenedor MAXI 120 x 100 cm &#8211; Reforzado\"}]},{\"@type\":\"WebSite\",\"@id\":\"https:\\\/\\\/www.italianacontenitori.com\\\/es\\\/#website\",\"url\":\"https:\\\/\\\/www.italianacontenitori.com\\\/es\\\/\",\"name\":\"italianacontenitori.com\",\"description\":\"Produzione di contenitori industriali e roll container\",\"publisher\":{\"@id\":\"https:\\\/\\\/www.italianacontenitori.com\\\/es\\\/#organization\"},\"potentialAction\":[{\"@type\":\"SearchAction\",\"target\":{\"@type\":\"EntryPoint\",\"urlTemplate\":\"https:\\\/\\\/www.italianacontenitori.com\\\/es\\\/?s={search_term_string}\"},\"query-input\":{\"@type\":\"PropertyValueSpecification\",\"valueRequired\":true,\"valueName\":\"search_term_string\"}}],\"inLanguage\":\"es\"},{\"@type\":\"Organization\",\"@id\":\"https:\\\/\\\/www.italianacontenitori.com\\\/es\\\/#organization\",\"name\":\"Italiana Contenitori s.r.l.\",\"alternateName\":\"IC\",\"url\":\"https:\\\/\\\/www.italianacontenitori.com\\\/es\\\/\",\"logo\":{\"@type\":\"ImageObject\",\"inLanguage\":\"es\",\"@id\":\"https:\\\/\\\/www.italianacontenitori.com\\\/es\\\/#\\\/schema\\\/logo\\\/image\\\/\",\"url\":\"https:\\\/\\\/www.italianacontenitori.com\\\/wp-content\\\/uploads\\\/2020\\\/11\\\/cropped-Logo-Italiana-Contenitori_favicon.jpg\",\"contentUrl\":\"https:\\\/\\\/www.italianacontenitori.com\\\/wp-content\\\/uploads\\\/2020\\\/11\\\/cropped-Logo-Italiana-Contenitori_favicon.jpg\",\"width\":512,\"height\":512,\"caption\":\"Italiana Contenitori s.r.l.\"},\"image\":{\"@id\":\"https:\\\/\\\/www.italianacontenitori.com\\\/es\\\/#\\\/schema\\\/logo\\\/image\\\/\"}}]}<\/script>\n<!-- \/ Yoast SEO plugin. -->","yoast_head_json":{"title":"Contenedor en rollo reforzado MAXI 120 x 100 cm | Italiana Contenitori","description":"Contenedor rodante MAXI con base reforzada, ideal para cargas voluminosas de hasta 600 kg. De 2 a 4 laterales abatibles, con estantes regulables y accesorios.","robots":{"index":"index","follow":"follow","max-snippet":"max-snippet:-1","max-image-preview":"max-image-preview:large","max-video-preview":"max-video-preview:-1"},"canonical":"https:\/\/www.italianacontenitori.com\/es\/producto\/roll-120-x-100-cm-reforzado\/","og_locale":"es_ES","og_type":"article","og_title":"Contenedor en rollo reforzado MAXI 120 x 100 cm | Italiana Contenitori","og_description":"Contenedor rodante MAXI con base reforzada, ideal para cargas voluminosas de hasta 600 kg. De 2 a 4 laterales abatibles, con estantes regulables y accesorios.","og_url":"https:\/\/www.italianacontenitori.com\/es\/producto\/roll-120-x-100-cm-reforzado\/","og_site_name":"italianacontenitori.com","article_modified_time":"2026-04-10T14:35:54+00:00","og_image":[{"width":1024,"height":1024,"url":"https:\/\/www.italianacontenitori.com\/wp-content\/uploads\/2020\/12\/ROLR0180H4R0-1.png","type":"image\/png"}],"twitter_card":"summary_large_image","twitter_misc":{"Tiempo de lectura":"2 minutos"},"schema":{"@context":"https:\/\/schema.org","@graph":[{"@type":"WebPage","@id":"https:\/\/www.italianacontenitori.com\/es\/producto\/roll-120-x-100-cm-reforzado\/","url":"https:\/\/www.italianacontenitori.com\/es\/producto\/roll-120-x-100-cm-reforzado\/","name":"Contenedor en rollo reforzado MAXI 120 x 100 cm | Italiana Contenitori","isPartOf":{"@id":"https:\/\/www.italianacontenitori.com\/es\/#website"},"primaryImageOfPage":{"@id":"https:\/\/www.italianacontenitori.com\/es\/producto\/roll-120-x-100-cm-reforzado\/#primaryimage"},"image":{"@id":"https:\/\/www.italianacontenitori.com\/es\/producto\/roll-120-x-100-cm-reforzado\/#primaryimage"},"thumbnailUrl":"https:\/\/www.italianacontenitori.com\/wp-content\/uploads\/2020\/12\/ROLR0180H4R0-1.png","datePublished":"2020-12-11T15:53:28+00:00","dateModified":"2026-04-10T14:35:54+00:00","description":"Contenedor rodante MAXI con base reforzada, ideal para cargas voluminosas de hasta 600 kg. De 2 a 4 laterales abatibles, con estantes regulables y accesorios.","breadcrumb":{"@id":"https:\/\/www.italianacontenitori.com\/es\/producto\/roll-120-x-100-cm-reforzado\/#breadcrumb"},"inLanguage":"es","potentialAction":[{"@type":"ReadAction","target":["https:\/\/www.italianacontenitori.com\/es\/producto\/roll-120-x-100-cm-reforzado\/"]}]},{"@type":"ImageObject","inLanguage":"es","@id":"https:\/\/www.italianacontenitori.com\/es\/producto\/roll-120-x-100-cm-reforzado\/#primaryimage","url":"https:\/\/www.italianacontenitori.com\/wp-content\/uploads\/2020\/12\/ROLR0180H4R0-1.png","contentUrl":"https:\/\/www.italianacontenitori.com\/wp-content\/uploads\/2020\/12\/ROLR0180H4R0-1.png","width":1024,"height":1024,"caption":"Roll Container MAXI con base reforzada - 2 a 4 lados con solapa. Capacidad de carga de hasta 600 kg para mercanc\u00edas voluminosas"},{"@type":"BreadcrumbList","@id":"https:\/\/www.italianacontenitori.com\/es\/producto\/roll-120-x-100-cm-reforzado\/#breadcrumb","itemListElement":[{"@type":"ListItem","position":1,"name":"Home","item":"https:\/\/www.italianacontenitori.com\/es\/contenedores-de-malla-metalica\/"},{"@type":"ListItem","position":2,"name":"Rollo contenedor MAXI 120 x 100 cm &#8211; Reforzado"}]},{"@type":"WebSite","@id":"https:\/\/www.italianacontenitori.com\/es\/#website","url":"https:\/\/www.italianacontenitori.com\/es\/","name":"italianacontenitori.com","description":"Produzione di contenitori industriali e roll container","publisher":{"@id":"https:\/\/www.italianacontenitori.com\/es\/#organization"},"potentialAction":[{"@type":"SearchAction","target":{"@type":"EntryPoint","urlTemplate":"https:\/\/www.italianacontenitori.com\/es\/?s={search_term_string}"},"query-input":{"@type":"PropertyValueSpecification","valueRequired":true,"valueName":"search_term_string"}}],"inLanguage":"es"},{"@type":"Organization","@id":"https:\/\/www.italianacontenitori.com\/es\/#organization","name":"Italiana Contenitori s.r.l.","alternateName":"IC","url":"https:\/\/www.italianacontenitori.com\/es\/","logo":{"@type":"ImageObject","inLanguage":"es","@id":"https:\/\/www.italianacontenitori.com\/es\/#\/schema\/logo\/image\/","url":"https:\/\/www.italianacontenitori.com\/wp-content\/uploads\/2020\/11\/cropped-Logo-Italiana-Contenitori_favicon.jpg","contentUrl":"https:\/\/www.italianacontenitori.com\/wp-content\/uploads\/2020\/11\/cropped-Logo-Italiana-Contenitori_favicon.jpg","width":512,"height":512,"caption":"Italiana Contenitori s.r.l."},"image":{"@id":"https:\/\/www.italianacontenitori.com\/es\/#\/schema\/logo\/image\/"}}]}},"_links":{"self":[{"href":"https:\/\/www.italianacontenitori.com\/es\/wp-json\/wp\/v2\/product\/241295","targetHints":{"allow":["GET"]}}],"collection":[{"href":"https:\/\/www.italianacontenitori.com\/es\/wp-json\/wp\/v2\/product"}],"about":[{"href":"https:\/\/www.italianacontenitori.com\/es\/wp-json\/wp\/v2\/types\/product"}],"replies":[{"embeddable":true,"href":"https:\/\/www.italianacontenitori.com\/es\/wp-json\/wp\/v2\/comments?post=241295"}],"wp:featuredmedia":[{"embeddable":true,"href":"https:\/\/www.italianacontenitori.com\/es\/wp-json\/wp\/v2\/media\/240268"}],"wp:attachment":[{"href":"https:\/\/www.italianacontenitori.com\/es\/wp-json\/wp\/v2\/media?parent=241295"}],"wp:term":[{"taxonomy":"product_brand","embeddable":true,"href":"https:\/\/www.italianacontenitori.com\/es\/wp-json\/wp\/v2\/product_brand?post=241295"},{"taxonomy":"product_cat","embeddable":true,"href":"https:\/\/www.italianacontenitori.com\/es\/wp-json\/wp\/v2\/product_cat?post=241295"},{"taxonomy":"product_tag","embeddable":true,"href":"https:\/\/www.italianacontenitori.com\/es\/wp-json\/wp\/v2\/product_tag?post=241295"}],"curies":[{"name":"wp","href":"https:\/\/api.w.org\/{rel}","templated":true}]}}