{"id":241448,"date":"2020-12-11T09:34:32","date_gmt":"2020-12-11T09:34:32","guid":{"rendered":"https:\/\/www.italianacontenitori.com\/product\/roll-60-x-80-cm\/"},"modified":"2026-04-10T14:35:47","modified_gmt":"2026-04-10T14:35:47","slug":"roll-60-x-80-cm-es","status":"publish","type":"product","link":"https:\/\/www.italianacontenitori.com\/es\/producto\/roll-60-x-80-cm-es\/","title":{"rendered":"Rollo contenedor 60 x 80 cm &#8211; Peque\u00f1o"},"content":{"rendered":"<p>El <strong>contenedor de rollo de alambre peque\u00f1o de 60 x 80 cm<\/strong>, modelo ROLG0030, es perfecto para quienes buscan una soluci\u00f3n de manipulaci\u00f3n compacta, robusta y vers\u00e1til. Con unas dimensiones exteriores de <strong>600 x 800 mm<\/strong>, este <strong>rollo industrial<\/strong> est\u00e1 dise\u00f1ado para optimizar el espacio, ideal para operaciones de almacenamiento en sectores como lavander\u00edas industriales, hospitales y almacenes. <\/p>\n<p>Disponible en alturas de hasta <strong>1.800 mm<\/strong>, este <strong>roll container<\/strong> puede soportar cargas pesadas de hasta <strong>600 kg <\/strong>a pesar de su peque\u00f1o tama\u00f1o: una soluci\u00f3n eficaz para manipular mercanc\u00edas. Su estructura s\u00f3lida y resistente, de alambre galvanizado, se complementa con una <strong>malla met\u00e1lica<\/strong> que var\u00eda seg\u00fan la altura y la configuraci\u00f3n del rollo. El rollo puede desmontarse r\u00e1pidamente con unos sencillos pasos y sin necesidad de herramientas.  <\/p>\n<p>Los <strong>estantes regulables<\/strong> aprovechan al m\u00e1ximo el espacio interior, adapt\u00e1ndose a distintos tipos de mercanc\u00edas y mejorando la organizaci\u00f3n de la carga. Esta flexibilidad la hace ideal para diversos usos, desde la gesti\u00f3n de la producci\u00f3n hasta la manipulaci\u00f3n en supermercados y puntos de venta. <\/p>\n<h2>Contenedor en rollo compacto de 60 x 80 cm de un vistazo:<\/h2>\n<ul>\n<li><strong>Dimensiones exteriores<\/strong>: 600 x 800 mm<\/li>\n<li><strong>Capacidad de carga<\/strong>: hasta 600 kg<\/li>\n<li><strong>Alturas disponibles<\/strong>: 1520 mm, 1650 mm, 1800 mm<\/li>\n<\/ul>\n<p><strong>Ruedas<\/strong> para cada necesidad de manipulaci\u00f3n El contenedor rodante puede equiparse con <strong>cuatro kits de ruedas<\/strong> especialmente dise\u00f1ados para satisfacer cualquier necesidad de manipulaci\u00f3n. En orden ascendente de rendimiento: <strong>Kit Est\u00e1ndar, Kit <\/strong><strong>Silencioso <\/strong><strong>, <\/strong><strong>Kit Pesado, Kit Fuerte. <\/strong>Las ruedas pueden ser giratorias o con freno, normalmente de dos en dos. <\/p>\n<h2>Log\u00edstica y transporte optimizados<\/h2>\n<p>Gracias a su dise\u00f1o inteligente, el <strong>roll container industrial de base estrecha<\/strong> (s\u00f3lo 60 cm) cabe en furgonetas y elevadores sin problemas y ofrece una soluci\u00f3n perfecta para quienes buscan eficiencia log\u00edstica. Con la capacidad de enviar hasta <strong>5 unidades desmontadas<\/strong> dentro de un rollo montado, puedes reducir dr\u00e1sticamente los costes de transporte de retorno y optimizar el espacio en el cami\u00f3n maximizando el n\u00famero de rollos por carga. Con esta soluci\u00f3n, puedes conseguir <strong>ahorros inmediatos<\/strong>, mejorar tu gesti\u00f3n del espacio y aumentar la eficacia operativa de tu empresa.  <\/p>\n","protected":false},"excerpt":{"rendered":"<p>Roll container ideal para lavander\u00edas industriales y hospitalarias; su peque\u00f1o tama\u00f1o facilita el acceso a los ascensores y el transporte en furgoneta. Disponible en varias alturas y configuraciones para gestionar mejor el almacenamiento y el transporte de mercanc\u00edas.<\/p>\n","protected":false},"featured_media":240655,"comment_status":"open","ping_status":"closed","template":"","meta":{"_acf_changed":false,"_et_pb_use_builder":"","_et_pb_old_content":"","_et_gb_content_width":""},"product_brand":[],"product_cat":[1548],"product_tag":[2237],"class_list":{"0":"post-241448","1":"product","2":"type-product","3":"status-publish","4":"has-post-thumbnail","6":"product_cat-roll-container-es","7":"product_tag-contenedor-en-rollo-dimensiones-compactas","9":"first","10":"instock","11":"shipping-taxable","12":"purchasable","13":"product-type-variable","14":"has-default-attributes"},"acf":[],"yoast_head":"<!-- This site is optimized with the Yoast SEO plugin v27.3 - https:\/\/yoast.com\/product\/yoast-seo-wordpress\/ -->\n<title>Contenedor Peque\u00f1o 60 x 80 cm | Italiana Contenitori<\/title>\n<meta name=\"description\" content=\"Contenedor rodante peque\u00f1o, pero robusto, maniobrable y estable. Dispone de estantes ajustables y juegos de 4 ruedas. Cabe en furgonetas y elevadores, soporta hasta 600 kg.\" \/>\n<meta name=\"robots\" content=\"index, follow, max-snippet:-1, max-image-preview:large, max-video-preview:-1\" \/>\n<link rel=\"canonical\" href=\"https:\/\/www.italianacontenitori.com\/es\/producto\/roll-60-x-80-cm-es\/\" \/>\n<meta property=\"og:locale\" content=\"es_ES\" \/>\n<meta property=\"og:type\" content=\"article\" \/>\n<meta property=\"og:title\" content=\"Contenedor Peque\u00f1o 60 x 80 cm | Italiana Contenitori\" \/>\n<meta property=\"og:description\" content=\"Contenedor rodante peque\u00f1o, pero robusto, maniobrable y estable. Dispone de estantes ajustables y juegos de 4 ruedas. Cabe en furgonetas y elevadores, soporta hasta 600 kg.\" \/>\n<meta property=\"og:url\" content=\"https:\/\/www.italianacontenitori.com\/es\/producto\/roll-60-x-80-cm-es\/\" \/>\n<meta property=\"og:site_name\" content=\"italianacontenitori.com\" \/>\n<meta property=\"article:modified_time\" content=\"2026-04-10T14:35:47+00:00\" \/>\n<meta property=\"og:image\" content=\"https:\/\/www.italianacontenitori.com\/wp-content\/uploads\/2020\/12\/ROLG0030H4R0a.png\" \/>\n\t<meta property=\"og:image:width\" content=\"1024\" \/>\n\t<meta property=\"og:image:height\" content=\"1024\" \/>\n\t<meta property=\"og:image:type\" content=\"image\/png\" \/>\n<meta name=\"twitter:card\" content=\"summary_large_image\" \/>\n<meta name=\"twitter:label1\" content=\"Tiempo de lectura\" \/>\n\t<meta name=\"twitter:data1\" content=\"2 minutos\" \/>\n<script type=\"application\/ld+json\" class=\"yoast-schema-graph\">{\"@context\":\"https:\\\/\\\/schema.org\",\"@graph\":[{\"@type\":\"WebPage\",\"@id\":\"https:\\\/\\\/www.italianacontenitori.com\\\/es\\\/producto\\\/roll-60-x-80-cm-es\\\/\",\"url\":\"https:\\\/\\\/www.italianacontenitori.com\\\/es\\\/producto\\\/roll-60-x-80-cm-es\\\/\",\"name\":\"Contenedor Peque\u00f1o 60 x 80 cm | Italiana Contenitori\",\"isPartOf\":{\"@id\":\"https:\\\/\\\/www.italianacontenitori.com\\\/es\\\/#website\"},\"primaryImageOfPage\":{\"@id\":\"https:\\\/\\\/www.italianacontenitori.com\\\/es\\\/producto\\\/roll-60-x-80-cm-es\\\/#primaryimage\"},\"image\":{\"@id\":\"https:\\\/\\\/www.italianacontenitori.com\\\/es\\\/producto\\\/roll-60-x-80-cm-es\\\/#primaryimage\"},\"thumbnailUrl\":\"https:\\\/\\\/www.italianacontenitori.com\\\/wp-content\\\/uploads\\\/2020\\\/12\\\/ROLG0030H4R0a.png\",\"datePublished\":\"2020-12-11T09:34:32+00:00\",\"dateModified\":\"2026-04-10T14:35:47+00:00\",\"description\":\"Contenedor rodante peque\u00f1o, pero robusto, maniobrable y estable. Dispone de estantes ajustables y juegos de 4 ruedas. Cabe en furgonetas y elevadores, soporta hasta 600 kg.\",\"breadcrumb\":{\"@id\":\"https:\\\/\\\/www.italianacontenitori.com\\\/es\\\/producto\\\/roll-60-x-80-cm-es\\\/#breadcrumb\"},\"inLanguage\":\"es\",\"potentialAction\":[{\"@type\":\"ReadAction\",\"target\":[\"https:\\\/\\\/www.italianacontenitori.com\\\/es\\\/producto\\\/roll-60-x-80-cm-es\\\/\"]}]},{\"@type\":\"ImageObject\",\"inLanguage\":\"es\",\"@id\":\"https:\\\/\\\/www.italianacontenitori.com\\\/es\\\/producto\\\/roll-60-x-80-cm-es\\\/#primaryimage\",\"url\":\"https:\\\/\\\/www.italianacontenitori.com\\\/wp-content\\\/uploads\\\/2020\\\/12\\\/ROLG0030H4R0a.png\",\"contentUrl\":\"https:\\\/\\\/www.italianacontenitori.com\\\/wp-content\\\/uploads\\\/2020\\\/12\\\/ROLG0030H4R0a.png\",\"width\":1024,\"height\":1024,\"caption\":\"Peque\u00f1o contenedor rodante. Dimensiones compactas para espacios reducidos, ascensores, furgonetas. Transporta hasta 600 kg. Estantes y accesorios disponibles.\"},{\"@type\":\"BreadcrumbList\",\"@id\":\"https:\\\/\\\/www.italianacontenitori.com\\\/es\\\/producto\\\/roll-60-x-80-cm-es\\\/#breadcrumb\",\"itemListElement\":[{\"@type\":\"ListItem\",\"position\":1,\"name\":\"Home\",\"item\":\"https:\\\/\\\/www.italianacontenitori.com\\\/es\\\/contenedores-de-malla-metalica\\\/\"},{\"@type\":\"ListItem\",\"position\":2,\"name\":\"Rollo contenedor 60 x 80 cm &#8211; Peque\u00f1o\"}]},{\"@type\":\"WebSite\",\"@id\":\"https:\\\/\\\/www.italianacontenitori.com\\\/es\\\/#website\",\"url\":\"https:\\\/\\\/www.italianacontenitori.com\\\/es\\\/\",\"name\":\"italianacontenitori.com\",\"description\":\"Produzione di contenitori industriali e roll container\",\"publisher\":{\"@id\":\"https:\\\/\\\/www.italianacontenitori.com\\\/es\\\/#organization\"},\"potentialAction\":[{\"@type\":\"SearchAction\",\"target\":{\"@type\":\"EntryPoint\",\"urlTemplate\":\"https:\\\/\\\/www.italianacontenitori.com\\\/es\\\/?s={search_term_string}\"},\"query-input\":{\"@type\":\"PropertyValueSpecification\",\"valueRequired\":true,\"valueName\":\"search_term_string\"}}],\"inLanguage\":\"es\"},{\"@type\":\"Organization\",\"@id\":\"https:\\\/\\\/www.italianacontenitori.com\\\/es\\\/#organization\",\"name\":\"Italiana Contenitori s.r.l.\",\"alternateName\":\"IC\",\"url\":\"https:\\\/\\\/www.italianacontenitori.com\\\/es\\\/\",\"logo\":{\"@type\":\"ImageObject\",\"inLanguage\":\"es\",\"@id\":\"https:\\\/\\\/www.italianacontenitori.com\\\/es\\\/#\\\/schema\\\/logo\\\/image\\\/\",\"url\":\"https:\\\/\\\/www.italianacontenitori.com\\\/wp-content\\\/uploads\\\/2020\\\/11\\\/cropped-Logo-Italiana-Contenitori_favicon.jpg\",\"contentUrl\":\"https:\\\/\\\/www.italianacontenitori.com\\\/wp-content\\\/uploads\\\/2020\\\/11\\\/cropped-Logo-Italiana-Contenitori_favicon.jpg\",\"width\":512,\"height\":512,\"caption\":\"Italiana Contenitori s.r.l.\"},\"image\":{\"@id\":\"https:\\\/\\\/www.italianacontenitori.com\\\/es\\\/#\\\/schema\\\/logo\\\/image\\\/\"}}]}<\/script>\n<!-- \/ Yoast SEO plugin. -->","yoast_head_json":{"title":"Contenedor Peque\u00f1o 60 x 80 cm | Italiana Contenitori","description":"Contenedor rodante peque\u00f1o, pero robusto, maniobrable y estable. Dispone de estantes ajustables y juegos de 4 ruedas. Cabe en furgonetas y elevadores, soporta hasta 600 kg.","robots":{"index":"index","follow":"follow","max-snippet":"max-snippet:-1","max-image-preview":"max-image-preview:large","max-video-preview":"max-video-preview:-1"},"canonical":"https:\/\/www.italianacontenitori.com\/es\/producto\/roll-60-x-80-cm-es\/","og_locale":"es_ES","og_type":"article","og_title":"Contenedor Peque\u00f1o 60 x 80 cm | Italiana Contenitori","og_description":"Contenedor rodante peque\u00f1o, pero robusto, maniobrable y estable. Dispone de estantes ajustables y juegos de 4 ruedas. Cabe en furgonetas y elevadores, soporta hasta 600 kg.","og_url":"https:\/\/www.italianacontenitori.com\/es\/producto\/roll-60-x-80-cm-es\/","og_site_name":"italianacontenitori.com","article_modified_time":"2026-04-10T14:35:47+00:00","og_image":[{"width":1024,"height":1024,"url":"https:\/\/www.italianacontenitori.com\/wp-content\/uploads\/2020\/12\/ROLG0030H4R0a.png","type":"image\/png"}],"twitter_card":"summary_large_image","twitter_misc":{"Tiempo de lectura":"2 minutos"},"schema":{"@context":"https:\/\/schema.org","@graph":[{"@type":"WebPage","@id":"https:\/\/www.italianacontenitori.com\/es\/producto\/roll-60-x-80-cm-es\/","url":"https:\/\/www.italianacontenitori.com\/es\/producto\/roll-60-x-80-cm-es\/","name":"Contenedor Peque\u00f1o 60 x 80 cm | Italiana Contenitori","isPartOf":{"@id":"https:\/\/www.italianacontenitori.com\/es\/#website"},"primaryImageOfPage":{"@id":"https:\/\/www.italianacontenitori.com\/es\/producto\/roll-60-x-80-cm-es\/#primaryimage"},"image":{"@id":"https:\/\/www.italianacontenitori.com\/es\/producto\/roll-60-x-80-cm-es\/#primaryimage"},"thumbnailUrl":"https:\/\/www.italianacontenitori.com\/wp-content\/uploads\/2020\/12\/ROLG0030H4R0a.png","datePublished":"2020-12-11T09:34:32+00:00","dateModified":"2026-04-10T14:35:47+00:00","description":"Contenedor rodante peque\u00f1o, pero robusto, maniobrable y estable. Dispone de estantes ajustables y juegos de 4 ruedas. Cabe en furgonetas y elevadores, soporta hasta 600 kg.","breadcrumb":{"@id":"https:\/\/www.italianacontenitori.com\/es\/producto\/roll-60-x-80-cm-es\/#breadcrumb"},"inLanguage":"es","potentialAction":[{"@type":"ReadAction","target":["https:\/\/www.italianacontenitori.com\/es\/producto\/roll-60-x-80-cm-es\/"]}]},{"@type":"ImageObject","inLanguage":"es","@id":"https:\/\/www.italianacontenitori.com\/es\/producto\/roll-60-x-80-cm-es\/#primaryimage","url":"https:\/\/www.italianacontenitori.com\/wp-content\/uploads\/2020\/12\/ROLG0030H4R0a.png","contentUrl":"https:\/\/www.italianacontenitori.com\/wp-content\/uploads\/2020\/12\/ROLG0030H4R0a.png","width":1024,"height":1024,"caption":"Peque\u00f1o contenedor rodante. Dimensiones compactas para espacios reducidos, ascensores, furgonetas. Transporta hasta 600 kg. Estantes y accesorios disponibles."},{"@type":"BreadcrumbList","@id":"https:\/\/www.italianacontenitori.com\/es\/producto\/roll-60-x-80-cm-es\/#breadcrumb","itemListElement":[{"@type":"ListItem","position":1,"name":"Home","item":"https:\/\/www.italianacontenitori.com\/es\/contenedores-de-malla-metalica\/"},{"@type":"ListItem","position":2,"name":"Rollo contenedor 60 x 80 cm &#8211; Peque\u00f1o"}]},{"@type":"WebSite","@id":"https:\/\/www.italianacontenitori.com\/es\/#website","url":"https:\/\/www.italianacontenitori.com\/es\/","name":"italianacontenitori.com","description":"Produzione di contenitori industriali e roll container","publisher":{"@id":"https:\/\/www.italianacontenitori.com\/es\/#organization"},"potentialAction":[{"@type":"SearchAction","target":{"@type":"EntryPoint","urlTemplate":"https:\/\/www.italianacontenitori.com\/es\/?s={search_term_string}"},"query-input":{"@type":"PropertyValueSpecification","valueRequired":true,"valueName":"search_term_string"}}],"inLanguage":"es"},{"@type":"Organization","@id":"https:\/\/www.italianacontenitori.com\/es\/#organization","name":"Italiana Contenitori s.r.l.","alternateName":"IC","url":"https:\/\/www.italianacontenitori.com\/es\/","logo":{"@type":"ImageObject","inLanguage":"es","@id":"https:\/\/www.italianacontenitori.com\/es\/#\/schema\/logo\/image\/","url":"https:\/\/www.italianacontenitori.com\/wp-content\/uploads\/2020\/11\/cropped-Logo-Italiana-Contenitori_favicon.jpg","contentUrl":"https:\/\/www.italianacontenitori.com\/wp-content\/uploads\/2020\/11\/cropped-Logo-Italiana-Contenitori_favicon.jpg","width":512,"height":512,"caption":"Italiana Contenitori s.r.l."},"image":{"@id":"https:\/\/www.italianacontenitori.com\/es\/#\/schema\/logo\/image\/"}}]}},"_links":{"self":[{"href":"https:\/\/www.italianacontenitori.com\/es\/wp-json\/wp\/v2\/product\/241448","targetHints":{"allow":["GET"]}}],"collection":[{"href":"https:\/\/www.italianacontenitori.com\/es\/wp-json\/wp\/v2\/product"}],"about":[{"href":"https:\/\/www.italianacontenitori.com\/es\/wp-json\/wp\/v2\/types\/product"}],"replies":[{"embeddable":true,"href":"https:\/\/www.italianacontenitori.com\/es\/wp-json\/wp\/v2\/comments?post=241448"}],"wp:featuredmedia":[{"embeddable":true,"href":"https:\/\/www.italianacontenitori.com\/es\/wp-json\/wp\/v2\/media\/240655"}],"wp:attachment":[{"href":"https:\/\/www.italianacontenitori.com\/es\/wp-json\/wp\/v2\/media?parent=241448"}],"wp:term":[{"taxonomy":"product_brand","embeddable":true,"href":"https:\/\/www.italianacontenitori.com\/es\/wp-json\/wp\/v2\/product_brand?post=241448"},{"taxonomy":"product_cat","embeddable":true,"href":"https:\/\/www.italianacontenitori.com\/es\/wp-json\/wp\/v2\/product_cat?post=241448"},{"taxonomy":"product_tag","embeddable":true,"href":"https:\/\/www.italianacontenitori.com\/es\/wp-json\/wp\/v2\/product_tag?post=241448"}],"curies":[{"name":"wp","href":"https:\/\/api.w.org\/{rel}","templated":true}]}}