{"id":241580,"date":"2020-12-10T09:44:15","date_gmt":"2021-03-03T09:43:20","guid":{"rendered":"https:\/\/www.italianacontenitori.com\/product\/pet103-x-121-cm\/"},"modified":"2025-08-25T08:36:49","modified_gmt":"2025-08-25T08:36:49","slug":"contenedor-103-x-121-cm-pet","status":"publish","type":"product","link":"https:\/\/www.italianacontenitori.com\/es\/producto\/contenedor-103-x-121-cm-pet\/","title":{"rendered":"Contenedor industrial para preformas PET &#8211; 103 x 121 cm"},"content":{"rendered":"<p>Un contenedor industrial para preformas de PET, de malla met\u00e1lica de 103 x 121 cm, es la soluci\u00f3n ideal para almacenar y manipular preformas en la producci\u00f3n de botellas de pl\u00e1stico. Las preformas de PET son peque\u00f1os tubos de pl\u00e1stico transparente, similares a los tubos de ensayo, que se soplan y moldean para crear botellas. Como son ligeros pero voluminosos, requieren jaulas apilables de carga optimizada que garanticen <strong>la m\u00e1xima protecci\u00f3n durante el transporte y el almacenamiento<\/strong>, sin deformaciones ni da\u00f1os. Para una protecci\u00f3n a\u00fan mayor, <strong>las paredes pueden llevar un revestimiento de pl\u00e1stico<\/strong>, que impide que las preformas se caigan accidentalmente, incluso en caso de golpes o vibraciones durante el transporte.   <\/p>\n<p>Esta cesta met\u00e1lica se ha dise\u00f1ado teniendo en cuenta las necesidades espec\u00edficas de la industria del envasado, y su construcci\u00f3n de malla garantiza:<\/p>\n<ul>\n<li>robustez y estabilidad incluso a plena carga<\/li>\n<li>resistencia a la compresi\u00f3n<\/li>\n<li>f\u00e1cil apilamiento y manipulaci\u00f3n con carretillas elevadoras.<\/li>\n<\/ul>\n<p>Gracias a su compatibilidad con las dimensiones est\u00e1ndar de la industria, este contenedor industrial para preformas de PET facilita las operaciones log\u00edsticas, optimiza el espacio del almac\u00e9n y protege las preformas de golpes y deformaciones. Perfecto para empresas que buscan eficacia, seguridad y orden en la manipulaci\u00f3n de preformas de PET. <\/p>\n","protected":false},"excerpt":{"rendered":"<p>Contenedor plegable y apilable, espec\u00edfico para preformas PET. Las paredes se pueden cubrir con pl\u00e1stico para evitar que se salgan las preformas.<\/p>\n","protected":false},"featured_media":240349,"comment_status":"open","ping_status":"closed","template":"","meta":{"_acf_changed":false,"_et_pb_use_builder":"","_et_pb_old_content":"","_et_gb_content_width":""},"product_brand":[],"product_cat":[1915,1939],"product_tag":[2045],"class_list":{"0":"post-241580","1":"product","2":"type-product","3":"status-publish","4":"has-post-thumbnail","6":"product_cat-contenidores","7":"product_cat-preformas-pet","8":"product_tag-containers-es","10":"first","11":"instock","12":"shipping-taxable","13":"purchasable","14":"product-type-variable"},"acf":[],"yoast_head":"<!-- This site is optimized with the Yoast SEO plugin v27.3 - https:\/\/yoast.com\/product\/yoast-seo-wordpress\/ -->\n<title>Contenedor industrial para preformas de PET - Italiana Contenitori<\/title>\n<meta name=\"description\" content=\"Contenedor industrial optimizado para el almacenamiento y la manipulaci\u00f3n de preformas de PET. Dimensiones optimizadas para la carga. Plegable y duradero.\" \/>\n<meta name=\"robots\" content=\"index, follow, max-snippet:-1, max-image-preview:large, max-video-preview:-1\" \/>\n<link rel=\"canonical\" href=\"https:\/\/www.italianacontenitori.com\/es\/producto\/contenedor-103-x-121-cm-pet\/\" \/>\n<meta property=\"og:locale\" content=\"es_ES\" \/>\n<meta property=\"og:type\" content=\"article\" \/>\n<meta property=\"og:title\" content=\"Contenedor industrial para preformas de PET - Italiana Contenitori\" \/>\n<meta property=\"og:description\" content=\"Contenedor industrial optimizado para el almacenamiento y la manipulaci\u00f3n de preformas de PET. Dimensiones optimizadas para la carga. Plegable y duradero.\" \/>\n<meta property=\"og:url\" content=\"https:\/\/www.italianacontenitori.com\/es\/producto\/contenedor-103-x-121-cm-pet\/\" \/>\n<meta property=\"og:site_name\" content=\"italianacontenitori.com\" \/>\n<meta property=\"article:modified_time\" content=\"2025-08-25T08:36:49+00:00\" \/>\n<meta property=\"og:image\" content=\"https:\/\/www.italianacontenitori.com\/wp-content\/uploads\/2020\/12\/CONT1150.png\" \/>\n\t<meta property=\"og:image:width\" content=\"1024\" \/>\n\t<meta property=\"og:image:height\" content=\"1024\" \/>\n\t<meta property=\"og:image:type\" content=\"image\/png\" \/>\n<meta name=\"twitter:card\" content=\"summary_large_image\" \/>\n<meta name=\"twitter:label1\" content=\"Tiempo de lectura\" \/>\n\t<meta name=\"twitter:data1\" content=\"1 minuto\" \/>\n<script type=\"application\/ld+json\" class=\"yoast-schema-graph\">{\"@context\":\"https:\\\/\\\/schema.org\",\"@graph\":[{\"@type\":\"WebPage\",\"@id\":\"https:\\\/\\\/www.italianacontenitori.com\\\/es\\\/producto\\\/contenedor-103-x-121-cm-pet\\\/\",\"url\":\"https:\\\/\\\/www.italianacontenitori.com\\\/es\\\/producto\\\/contenedor-103-x-121-cm-pet\\\/\",\"name\":\"Contenedor industrial para preformas de PET - Italiana Contenitori\",\"isPartOf\":{\"@id\":\"https:\\\/\\\/www.italianacontenitori.com\\\/es\\\/#website\"},\"primaryImageOfPage\":{\"@id\":\"https:\\\/\\\/www.italianacontenitori.com\\\/es\\\/producto\\\/contenedor-103-x-121-cm-pet\\\/#primaryimage\"},\"image\":{\"@id\":\"https:\\\/\\\/www.italianacontenitori.com\\\/es\\\/producto\\\/contenedor-103-x-121-cm-pet\\\/#primaryimage\"},\"thumbnailUrl\":\"https:\\\/\\\/www.italianacontenitori.com\\\/wp-content\\\/uploads\\\/2020\\\/12\\\/CONT1150.png\",\"datePublished\":\"2021-03-03T09:43:20+00:00\",\"dateModified\":\"2025-08-25T08:36:49+00:00\",\"description\":\"Contenedor industrial optimizado para el almacenamiento y la manipulaci\u00f3n de preformas de PET. Dimensiones optimizadas para la carga. Plegable y duradero.\",\"breadcrumb\":{\"@id\":\"https:\\\/\\\/www.italianacontenitori.com\\\/es\\\/producto\\\/contenedor-103-x-121-cm-pet\\\/#breadcrumb\"},\"inLanguage\":\"es\",\"potentialAction\":[{\"@type\":\"ReadAction\",\"target\":[\"https:\\\/\\\/www.italianacontenitori.com\\\/es\\\/producto\\\/contenedor-103-x-121-cm-pet\\\/\"]}]},{\"@type\":\"ImageObject\",\"inLanguage\":\"es\",\"@id\":\"https:\\\/\\\/www.italianacontenitori.com\\\/es\\\/producto\\\/contenedor-103-x-121-cm-pet\\\/#primaryimage\",\"url\":\"https:\\\/\\\/www.italianacontenitori.com\\\/wp-content\\\/uploads\\\/2020\\\/12\\\/CONT1150.png\",\"contentUrl\":\"https:\\\/\\\/www.italianacontenitori.com\\\/wp-content\\\/uploads\\\/2020\\\/12\\\/CONT1150.png\",\"width\":1024,\"height\":1024},{\"@type\":\"BreadcrumbList\",\"@id\":\"https:\\\/\\\/www.italianacontenitori.com\\\/es\\\/producto\\\/contenedor-103-x-121-cm-pet\\\/#breadcrumb\",\"itemListElement\":[{\"@type\":\"ListItem\",\"position\":1,\"name\":\"Home\",\"item\":\"https:\\\/\\\/www.italianacontenitori.com\\\/es\\\/contenedores-de-malla-metalica\\\/\"},{\"@type\":\"ListItem\",\"position\":2,\"name\":\"Contenedor industrial para preformas PET &#8211; 103 x 121 cm\"}]},{\"@type\":\"WebSite\",\"@id\":\"https:\\\/\\\/www.italianacontenitori.com\\\/es\\\/#website\",\"url\":\"https:\\\/\\\/www.italianacontenitori.com\\\/es\\\/\",\"name\":\"italianacontenitori.com\",\"description\":\"Produzione di contenitori industriali e roll container\",\"publisher\":{\"@id\":\"https:\\\/\\\/www.italianacontenitori.com\\\/es\\\/#organization\"},\"potentialAction\":[{\"@type\":\"SearchAction\",\"target\":{\"@type\":\"EntryPoint\",\"urlTemplate\":\"https:\\\/\\\/www.italianacontenitori.com\\\/es\\\/?s={search_term_string}\"},\"query-input\":{\"@type\":\"PropertyValueSpecification\",\"valueRequired\":true,\"valueName\":\"search_term_string\"}}],\"inLanguage\":\"es\"},{\"@type\":\"Organization\",\"@id\":\"https:\\\/\\\/www.italianacontenitori.com\\\/es\\\/#organization\",\"name\":\"Italiana Contenitori s.r.l.\",\"alternateName\":\"IC\",\"url\":\"https:\\\/\\\/www.italianacontenitori.com\\\/es\\\/\",\"logo\":{\"@type\":\"ImageObject\",\"inLanguage\":\"es\",\"@id\":\"https:\\\/\\\/www.italianacontenitori.com\\\/es\\\/#\\\/schema\\\/logo\\\/image\\\/\",\"url\":\"https:\\\/\\\/www.italianacontenitori.com\\\/wp-content\\\/uploads\\\/2020\\\/11\\\/cropped-Logo-Italiana-Contenitori_favicon.jpg\",\"contentUrl\":\"https:\\\/\\\/www.italianacontenitori.com\\\/wp-content\\\/uploads\\\/2020\\\/11\\\/cropped-Logo-Italiana-Contenitori_favicon.jpg\",\"width\":512,\"height\":512,\"caption\":\"Italiana Contenitori s.r.l.\"},\"image\":{\"@id\":\"https:\\\/\\\/www.italianacontenitori.com\\\/es\\\/#\\\/schema\\\/logo\\\/image\\\/\"}}]}<\/script>\n<!-- \/ Yoast SEO plugin. -->","yoast_head_json":{"title":"Contenedor industrial para preformas de PET - Italiana Contenitori","description":"Contenedor industrial optimizado para el almacenamiento y la manipulaci\u00f3n de preformas de PET. Dimensiones optimizadas para la carga. Plegable y duradero.","robots":{"index":"index","follow":"follow","max-snippet":"max-snippet:-1","max-image-preview":"max-image-preview:large","max-video-preview":"max-video-preview:-1"},"canonical":"https:\/\/www.italianacontenitori.com\/es\/producto\/contenedor-103-x-121-cm-pet\/","og_locale":"es_ES","og_type":"article","og_title":"Contenedor industrial para preformas de PET - Italiana Contenitori","og_description":"Contenedor industrial optimizado para el almacenamiento y la manipulaci\u00f3n de preformas de PET. Dimensiones optimizadas para la carga. Plegable y duradero.","og_url":"https:\/\/www.italianacontenitori.com\/es\/producto\/contenedor-103-x-121-cm-pet\/","og_site_name":"italianacontenitori.com","article_modified_time":"2025-08-25T08:36:49+00:00","og_image":[{"width":1024,"height":1024,"url":"https:\/\/www.italianacontenitori.com\/wp-content\/uploads\/2020\/12\/CONT1150.png","type":"image\/png"}],"twitter_card":"summary_large_image","twitter_misc":{"Tiempo de lectura":"1 minuto"},"schema":{"@context":"https:\/\/schema.org","@graph":[{"@type":"WebPage","@id":"https:\/\/www.italianacontenitori.com\/es\/producto\/contenedor-103-x-121-cm-pet\/","url":"https:\/\/www.italianacontenitori.com\/es\/producto\/contenedor-103-x-121-cm-pet\/","name":"Contenedor industrial para preformas de PET - Italiana Contenitori","isPartOf":{"@id":"https:\/\/www.italianacontenitori.com\/es\/#website"},"primaryImageOfPage":{"@id":"https:\/\/www.italianacontenitori.com\/es\/producto\/contenedor-103-x-121-cm-pet\/#primaryimage"},"image":{"@id":"https:\/\/www.italianacontenitori.com\/es\/producto\/contenedor-103-x-121-cm-pet\/#primaryimage"},"thumbnailUrl":"https:\/\/www.italianacontenitori.com\/wp-content\/uploads\/2020\/12\/CONT1150.png","datePublished":"2021-03-03T09:43:20+00:00","dateModified":"2025-08-25T08:36:49+00:00","description":"Contenedor industrial optimizado para el almacenamiento y la manipulaci\u00f3n de preformas de PET. Dimensiones optimizadas para la carga. Plegable y duradero.","breadcrumb":{"@id":"https:\/\/www.italianacontenitori.com\/es\/producto\/contenedor-103-x-121-cm-pet\/#breadcrumb"},"inLanguage":"es","potentialAction":[{"@type":"ReadAction","target":["https:\/\/www.italianacontenitori.com\/es\/producto\/contenedor-103-x-121-cm-pet\/"]}]},{"@type":"ImageObject","inLanguage":"es","@id":"https:\/\/www.italianacontenitori.com\/es\/producto\/contenedor-103-x-121-cm-pet\/#primaryimage","url":"https:\/\/www.italianacontenitori.com\/wp-content\/uploads\/2020\/12\/CONT1150.png","contentUrl":"https:\/\/www.italianacontenitori.com\/wp-content\/uploads\/2020\/12\/CONT1150.png","width":1024,"height":1024},{"@type":"BreadcrumbList","@id":"https:\/\/www.italianacontenitori.com\/es\/producto\/contenedor-103-x-121-cm-pet\/#breadcrumb","itemListElement":[{"@type":"ListItem","position":1,"name":"Home","item":"https:\/\/www.italianacontenitori.com\/es\/contenedores-de-malla-metalica\/"},{"@type":"ListItem","position":2,"name":"Contenedor industrial para preformas PET &#8211; 103 x 121 cm"}]},{"@type":"WebSite","@id":"https:\/\/www.italianacontenitori.com\/es\/#website","url":"https:\/\/www.italianacontenitori.com\/es\/","name":"italianacontenitori.com","description":"Produzione di contenitori industriali e roll container","publisher":{"@id":"https:\/\/www.italianacontenitori.com\/es\/#organization"},"potentialAction":[{"@type":"SearchAction","target":{"@type":"EntryPoint","urlTemplate":"https:\/\/www.italianacontenitori.com\/es\/?s={search_term_string}"},"query-input":{"@type":"PropertyValueSpecification","valueRequired":true,"valueName":"search_term_string"}}],"inLanguage":"es"},{"@type":"Organization","@id":"https:\/\/www.italianacontenitori.com\/es\/#organization","name":"Italiana Contenitori s.r.l.","alternateName":"IC","url":"https:\/\/www.italianacontenitori.com\/es\/","logo":{"@type":"ImageObject","inLanguage":"es","@id":"https:\/\/www.italianacontenitori.com\/es\/#\/schema\/logo\/image\/","url":"https:\/\/www.italianacontenitori.com\/wp-content\/uploads\/2020\/11\/cropped-Logo-Italiana-Contenitori_favicon.jpg","contentUrl":"https:\/\/www.italianacontenitori.com\/wp-content\/uploads\/2020\/11\/cropped-Logo-Italiana-Contenitori_favicon.jpg","width":512,"height":512,"caption":"Italiana Contenitori s.r.l."},"image":{"@id":"https:\/\/www.italianacontenitori.com\/es\/#\/schema\/logo\/image\/"}}]}},"_links":{"self":[{"href":"https:\/\/www.italianacontenitori.com\/es\/wp-json\/wp\/v2\/product\/241580","targetHints":{"allow":["GET"]}}],"collection":[{"href":"https:\/\/www.italianacontenitori.com\/es\/wp-json\/wp\/v2\/product"}],"about":[{"href":"https:\/\/www.italianacontenitori.com\/es\/wp-json\/wp\/v2\/types\/product"}],"replies":[{"embeddable":true,"href":"https:\/\/www.italianacontenitori.com\/es\/wp-json\/wp\/v2\/comments?post=241580"}],"wp:featuredmedia":[{"embeddable":true,"href":"https:\/\/www.italianacontenitori.com\/es\/wp-json\/wp\/v2\/media\/240349"}],"wp:attachment":[{"href":"https:\/\/www.italianacontenitori.com\/es\/wp-json\/wp\/v2\/media?parent=241580"}],"wp:term":[{"taxonomy":"product_brand","embeddable":true,"href":"https:\/\/www.italianacontenitori.com\/es\/wp-json\/wp\/v2\/product_brand?post=241580"},{"taxonomy":"product_cat","embeddable":true,"href":"https:\/\/www.italianacontenitori.com\/es\/wp-json\/wp\/v2\/product_cat?post=241580"},{"taxonomy":"product_tag","embeddable":true,"href":"https:\/\/www.italianacontenitori.com\/es\/wp-json\/wp\/v2\/product_tag?post=241580"}],"curies":[{"name":"wp","href":"https:\/\/api.w.org\/{rel}","templated":true}]}}