{"id":241587,"date":"2020-12-10T09:31:28","date_gmt":"2021-03-03T09:49:00","guid":{"rendered":"https:\/\/www.italianacontenitori.com\/product\/contenedor-100-x-120-cm-seguridad\/"},"modified":"2025-08-25T08:13:30","modified_gmt":"2025-08-25T08:13:30","slug":"cont-100-x-120-cm_sic","status":"publish","type":"product","link":"https:\/\/www.italianacontenitori.com\/es\/prodotto\/cont-100-x-120-cm_sic\/","title":{"rendered":"Contenedor industrial antirrobo 100 x 120 cm &#8211; Seguridad"},"content":{"rendered":"<p>Esta jaula de hierro de 100 x 120 cm est\u00e1 dise\u00f1ada para <strong>proporcionar la m\u00e1xima seguridad al transportar y almacenar productos valiosos<\/strong>. Equipada con una tapa con cerradura y una malla met\u00e1lica de 50&#215;50 mm, es una soluci\u00f3n ideal para manipular <strong>materiales sensibles, farmac\u00e9uticos o caros<\/strong>, reduciendo el riesgo de robo y manipulaci\u00f3n. Gracias al cierre con candado, cualquier intento de forzar el contenedor industrial antirrobo es visible y documentable, una ventaja importante tambi\u00e9n en caso de reclamaci\u00f3n al seguro.  <\/p>\n<h2>Contenedor industrial antirrobo: seguridad, robustez y practicidad<\/h2>\n<p>Esta cesta industrial combina la robustez de la rejilla met\u00e1lica con una estructura ligera y maniobrable, f\u00e1cilmente manejable por transpaletas y carretillas elevadoras. Adem\u00e1s, es: <\/p>\n<ul>\n<li>Apilable, para optimizar el espacio de almacenamiento<\/li>\n<li>Plegable, para reducir el volumen en los transportes de ida y vuelta o cuando no se utiliza<\/li>\n<li>Resistente al desgaste, ideal para un uso intensivo en log\u00edstica e industria.<\/li>\n<\/ul>\n<p>El <a href=\"https:\/\/www.italianacontenitori.com\/es\/cataogo-es\/?filters=caratteristiche%5B174%5D\">contenedor industrial antirrobo forma parte de los contenedores de seguridad industrial<\/a>, y es la elecci\u00f3n perfecta para las empresas que necesitan soluciones seguras, pr\u00e1cticas y duraderas para manipular mercanc\u00edas de gran valor. Lote m\u00ednimo: 100 unidades <\/p>\n","protected":false},"excerpt":{"rendered":"<p>Contenedor antirrobo con malla de 50 x 50 mm y tapa con candado. Base plegable y apilable 3 en 1, es ideal para transportar productos farmac\u00e9uticos o valiosos. Capacidad de carga m\u00e1xima: 1.000 kg.  Lote m\u00ednimo de 100 piezas.<\/p>\n","protected":false},"featured_media":240354,"comment_status":"open","ping_status":"closed","template":"","meta":{"_acf_changed":false,"_et_pb_use_builder":"off","_et_pb_old_content":"Esta jaula de hierro de 100 x 120 cm est\u00e1 dise\u00f1ada para <strong>ofrecer la m\u00e1xima seguridad al transportar y almacenar productos valiosos<\/strong>. Equipada con una tapa que se puede cerrar con candado y una malla met\u00e1lica de 50x50 mm, es una soluci\u00f3n ideal para la manipulaci\u00f3n de <strong>materiales sensibles, farmac\u00e9uticos o caros<\/strong>, minimizando el riesgo de robo y manipulaci\u00f3n. Gracias al cierre con candado, cualquier intento de robo es visible y documentable, una ventaja importante tambi\u00e9n en caso de reclamaci\u00f3n al seguro.  \n<h2>Contenedor industrial antirrobo: seguridad, robustez y practicidad<\/h2>\nEsta cesta industrial combina la robustez de la rejilla met\u00e1lica con una estructura ligera y maniobrable, f\u00e1cilmente manejable por transpaletas y carretillas elevadoras. Adem\u00e1s, es: \n<ul>\n \t<li>Apilable, para optimizar el espacio de almacenamiento<\/li>\n \t<li>Plegable, para reducir el volumen en los transportes de ida y vuelta o cuando no se utiliza<\/li>\n \t<li>Resistente al desgaste, ideal para un uso intensivo en log\u00edstica e industria.<\/li>\n<\/ul>\nEl contenedor industrial antirrobo es la elecci\u00f3n perfecta para las empresas que necesitan soluciones seguras, pr\u00e1cticas y duraderas para manipular mercanc\u00edas de gran valor.\n\nLote m\u00ednimo: 100 piezas","_et_gb_content_width":""},"product_brand":[],"product_cat":[1915],"product_tag":[2170,2126],"class_list":{"0":"post-241587","1":"product","2":"type-product","3":"status-publish","4":"has-post-thumbnail","6":"product_cat-contenidores","7":"product_tag-malla-densa","8":"product_tag-seguridad","10":"first","11":"instock","12":"shipping-taxable","13":"purchasable","14":"product-type-simple"},"acf":[],"yoast_head":"<!-- This site is optimized with the Yoast SEO plugin v27.3 - https:\/\/yoast.com\/product\/yoast-seo-wordpress\/ -->\n<title>Contenedor industrial antirrobo 100 x 120 cm - Seguridad - italianacontenitori.com<\/title>\n<meta name=\"description\" content=\"Contenedor de malla cerrada con tapa bloqueable, dise\u00f1ado para el almacenamiento y la manipulaci\u00f3n de mercanc\u00edas valiosas. Capacidad de carga de 1.000 kg. Apilable 3 en 1.\" \/>\n<meta name=\"robots\" content=\"index, follow, max-snippet:-1, max-image-preview:large, max-video-preview:-1\" \/>\n<link rel=\"canonical\" href=\"https:\/\/www.italianacontenitori.com\/es\/prodotto\/cont-100-x-120-cm_sic\/\" \/>\n<meta property=\"og:locale\" content=\"es_ES\" \/>\n<meta property=\"og:type\" content=\"article\" \/>\n<meta property=\"og:title\" content=\"Contenedor industrial antirrobo 100 x 120 cm - Seguridad - italianacontenitori.com\" \/>\n<meta property=\"og:description\" content=\"Contenedor de malla cerrada con tapa bloqueable, dise\u00f1ado para el almacenamiento y la manipulaci\u00f3n de mercanc\u00edas valiosas. Capacidad de carga de 1.000 kg. Apilable 3 en 1.\" \/>\n<meta property=\"og:url\" content=\"https:\/\/www.italianacontenitori.com\/es\/prodotto\/cont-100-x-120-cm_sic\/\" \/>\n<meta property=\"og:site_name\" content=\"italianacontenitori.com\" \/>\n<meta property=\"article:modified_time\" content=\"2025-08-25T08:13:30+00:00\" \/>\n<meta property=\"og:image\" content=\"https:\/\/www.italianacontenitori.com\/wp-content\/uploads\/2020\/12\/CONT1220-1.jpg\" \/>\n\t<meta property=\"og:image:width\" content=\"1249\" \/>\n\t<meta property=\"og:image:height\" content=\"1249\" \/>\n\t<meta property=\"og:image:type\" content=\"image\/jpeg\" \/>\n<meta name=\"twitter:card\" content=\"summary_large_image\" \/>\n<meta name=\"twitter:label1\" content=\"Tiempo de lectura\" \/>\n\t<meta name=\"twitter:data1\" content=\"1 minuto\" \/>\n<script type=\"application\/ld+json\" class=\"yoast-schema-graph\">{\"@context\":\"https:\\\/\\\/schema.org\",\"@graph\":[{\"@type\":\"WebPage\",\"@id\":\"https:\\\/\\\/www.italianacontenitori.com\\\/es\\\/prodotto\\\/cont-100-x-120-cm_sic\\\/\",\"url\":\"https:\\\/\\\/www.italianacontenitori.com\\\/es\\\/prodotto\\\/cont-100-x-120-cm_sic\\\/\",\"name\":\"Contenedor industrial antirrobo 100 x 120 cm - Seguridad - italianacontenitori.com\",\"isPartOf\":{\"@id\":\"https:\\\/\\\/www.italianacontenitori.com\\\/es\\\/#website\"},\"primaryImageOfPage\":{\"@id\":\"https:\\\/\\\/www.italianacontenitori.com\\\/es\\\/prodotto\\\/cont-100-x-120-cm_sic\\\/#primaryimage\"},\"image\":{\"@id\":\"https:\\\/\\\/www.italianacontenitori.com\\\/es\\\/prodotto\\\/cont-100-x-120-cm_sic\\\/#primaryimage\"},\"thumbnailUrl\":\"https:\\\/\\\/www.italianacontenitori.com\\\/wp-content\\\/uploads\\\/2020\\\/12\\\/CONT1220-1.jpg\",\"datePublished\":\"2021-03-03T09:49:00+00:00\",\"dateModified\":\"2025-08-25T08:13:30+00:00\",\"description\":\"Contenedor de malla cerrada con tapa bloqueable, dise\u00f1ado para el almacenamiento y la manipulaci\u00f3n de mercanc\u00edas valiosas. Capacidad de carga de 1.000 kg. Apilable 3 en 1.\",\"breadcrumb\":{\"@id\":\"https:\\\/\\\/www.italianacontenitori.com\\\/es\\\/prodotto\\\/cont-100-x-120-cm_sic\\\/#breadcrumb\"},\"inLanguage\":\"es\",\"potentialAction\":[{\"@type\":\"ReadAction\",\"target\":[\"https:\\\/\\\/www.italianacontenitori.com\\\/es\\\/prodotto\\\/cont-100-x-120-cm_sic\\\/\"]}]},{\"@type\":\"ImageObject\",\"inLanguage\":\"es\",\"@id\":\"https:\\\/\\\/www.italianacontenitori.com\\\/es\\\/prodotto\\\/cont-100-x-120-cm_sic\\\/#primaryimage\",\"url\":\"https:\\\/\\\/www.italianacontenitori.com\\\/wp-content\\\/uploads\\\/2020\\\/12\\\/CONT1220-1.jpg\",\"contentUrl\":\"https:\\\/\\\/www.italianacontenitori.com\\\/wp-content\\\/uploads\\\/2020\\\/12\\\/CONT1220-1.jpg\",\"width\":1249,\"height\":1249,\"caption\":\"Contenitore industriale antifurto\"},{\"@type\":\"BreadcrumbList\",\"@id\":\"https:\\\/\\\/www.italianacontenitori.com\\\/es\\\/prodotto\\\/cont-100-x-120-cm_sic\\\/#breadcrumb\",\"itemListElement\":[{\"@type\":\"ListItem\",\"position\":1,\"name\":\"Home\",\"item\":\"https:\\\/\\\/www.italianacontenitori.com\\\/es\\\/contenedores-de-malla-metalica\\\/\"},{\"@type\":\"ListItem\",\"position\":2,\"name\":\"Contenedor industrial antirrobo 100 x 120 cm &#8211; Seguridad\"}]},{\"@type\":\"WebSite\",\"@id\":\"https:\\\/\\\/www.italianacontenitori.com\\\/es\\\/#website\",\"url\":\"https:\\\/\\\/www.italianacontenitori.com\\\/es\\\/\",\"name\":\"italianacontenitori.com\",\"description\":\"Produzione di contenitori industriali e roll container\",\"publisher\":{\"@id\":\"https:\\\/\\\/www.italianacontenitori.com\\\/es\\\/#organization\"},\"potentialAction\":[{\"@type\":\"SearchAction\",\"target\":{\"@type\":\"EntryPoint\",\"urlTemplate\":\"https:\\\/\\\/www.italianacontenitori.com\\\/es\\\/?s={search_term_string}\"},\"query-input\":{\"@type\":\"PropertyValueSpecification\",\"valueRequired\":true,\"valueName\":\"search_term_string\"}}],\"inLanguage\":\"es\"},{\"@type\":\"Organization\",\"@id\":\"https:\\\/\\\/www.italianacontenitori.com\\\/es\\\/#organization\",\"name\":\"Italiana Contenitori s.r.l.\",\"alternateName\":\"IC\",\"url\":\"https:\\\/\\\/www.italianacontenitori.com\\\/es\\\/\",\"logo\":{\"@type\":\"ImageObject\",\"inLanguage\":\"es\",\"@id\":\"https:\\\/\\\/www.italianacontenitori.com\\\/es\\\/#\\\/schema\\\/logo\\\/image\\\/\",\"url\":\"https:\\\/\\\/www.italianacontenitori.com\\\/wp-content\\\/uploads\\\/2020\\\/11\\\/cropped-Logo-Italiana-Contenitori_favicon.jpg\",\"contentUrl\":\"https:\\\/\\\/www.italianacontenitori.com\\\/wp-content\\\/uploads\\\/2020\\\/11\\\/cropped-Logo-Italiana-Contenitori_favicon.jpg\",\"width\":512,\"height\":512,\"caption\":\"Italiana Contenitori s.r.l.\"},\"image\":{\"@id\":\"https:\\\/\\\/www.italianacontenitori.com\\\/es\\\/#\\\/schema\\\/logo\\\/image\\\/\"}}]}<\/script>\n<!-- \/ Yoast SEO plugin. -->","yoast_head_json":{"title":"Contenedor industrial antirrobo 100 x 120 cm - Seguridad - italianacontenitori.com","description":"Contenedor de malla cerrada con tapa bloqueable, dise\u00f1ado para el almacenamiento y la manipulaci\u00f3n de mercanc\u00edas valiosas. Capacidad de carga de 1.000 kg. Apilable 3 en 1.","robots":{"index":"index","follow":"follow","max-snippet":"max-snippet:-1","max-image-preview":"max-image-preview:large","max-video-preview":"max-video-preview:-1"},"canonical":"https:\/\/www.italianacontenitori.com\/es\/prodotto\/cont-100-x-120-cm_sic\/","og_locale":"es_ES","og_type":"article","og_title":"Contenedor industrial antirrobo 100 x 120 cm - Seguridad - italianacontenitori.com","og_description":"Contenedor de malla cerrada con tapa bloqueable, dise\u00f1ado para el almacenamiento y la manipulaci\u00f3n de mercanc\u00edas valiosas. Capacidad de carga de 1.000 kg. Apilable 3 en 1.","og_url":"https:\/\/www.italianacontenitori.com\/es\/prodotto\/cont-100-x-120-cm_sic\/","og_site_name":"italianacontenitori.com","article_modified_time":"2025-08-25T08:13:30+00:00","og_image":[{"width":1249,"height":1249,"url":"https:\/\/www.italianacontenitori.com\/wp-content\/uploads\/2020\/12\/CONT1220-1.jpg","type":"image\/jpeg"}],"twitter_card":"summary_large_image","twitter_misc":{"Tiempo de lectura":"1 minuto"},"schema":{"@context":"https:\/\/schema.org","@graph":[{"@type":"WebPage","@id":"https:\/\/www.italianacontenitori.com\/es\/prodotto\/cont-100-x-120-cm_sic\/","url":"https:\/\/www.italianacontenitori.com\/es\/prodotto\/cont-100-x-120-cm_sic\/","name":"Contenedor industrial antirrobo 100 x 120 cm - Seguridad - italianacontenitori.com","isPartOf":{"@id":"https:\/\/www.italianacontenitori.com\/es\/#website"},"primaryImageOfPage":{"@id":"https:\/\/www.italianacontenitori.com\/es\/prodotto\/cont-100-x-120-cm_sic\/#primaryimage"},"image":{"@id":"https:\/\/www.italianacontenitori.com\/es\/prodotto\/cont-100-x-120-cm_sic\/#primaryimage"},"thumbnailUrl":"https:\/\/www.italianacontenitori.com\/wp-content\/uploads\/2020\/12\/CONT1220-1.jpg","datePublished":"2021-03-03T09:49:00+00:00","dateModified":"2025-08-25T08:13:30+00:00","description":"Contenedor de malla cerrada con tapa bloqueable, dise\u00f1ado para el almacenamiento y la manipulaci\u00f3n de mercanc\u00edas valiosas. Capacidad de carga de 1.000 kg. Apilable 3 en 1.","breadcrumb":{"@id":"https:\/\/www.italianacontenitori.com\/es\/prodotto\/cont-100-x-120-cm_sic\/#breadcrumb"},"inLanguage":"es","potentialAction":[{"@type":"ReadAction","target":["https:\/\/www.italianacontenitori.com\/es\/prodotto\/cont-100-x-120-cm_sic\/"]}]},{"@type":"ImageObject","inLanguage":"es","@id":"https:\/\/www.italianacontenitori.com\/es\/prodotto\/cont-100-x-120-cm_sic\/#primaryimage","url":"https:\/\/www.italianacontenitori.com\/wp-content\/uploads\/2020\/12\/CONT1220-1.jpg","contentUrl":"https:\/\/www.italianacontenitori.com\/wp-content\/uploads\/2020\/12\/CONT1220-1.jpg","width":1249,"height":1249,"caption":"Contenitore industriale antifurto"},{"@type":"BreadcrumbList","@id":"https:\/\/www.italianacontenitori.com\/es\/prodotto\/cont-100-x-120-cm_sic\/#breadcrumb","itemListElement":[{"@type":"ListItem","position":1,"name":"Home","item":"https:\/\/www.italianacontenitori.com\/es\/contenedores-de-malla-metalica\/"},{"@type":"ListItem","position":2,"name":"Contenedor industrial antirrobo 100 x 120 cm &#8211; Seguridad"}]},{"@type":"WebSite","@id":"https:\/\/www.italianacontenitori.com\/es\/#website","url":"https:\/\/www.italianacontenitori.com\/es\/","name":"italianacontenitori.com","description":"Produzione di contenitori industriali e roll container","publisher":{"@id":"https:\/\/www.italianacontenitori.com\/es\/#organization"},"potentialAction":[{"@type":"SearchAction","target":{"@type":"EntryPoint","urlTemplate":"https:\/\/www.italianacontenitori.com\/es\/?s={search_term_string}"},"query-input":{"@type":"PropertyValueSpecification","valueRequired":true,"valueName":"search_term_string"}}],"inLanguage":"es"},{"@type":"Organization","@id":"https:\/\/www.italianacontenitori.com\/es\/#organization","name":"Italiana Contenitori s.r.l.","alternateName":"IC","url":"https:\/\/www.italianacontenitori.com\/es\/","logo":{"@type":"ImageObject","inLanguage":"es","@id":"https:\/\/www.italianacontenitori.com\/es\/#\/schema\/logo\/image\/","url":"https:\/\/www.italianacontenitori.com\/wp-content\/uploads\/2020\/11\/cropped-Logo-Italiana-Contenitori_favicon.jpg","contentUrl":"https:\/\/www.italianacontenitori.com\/wp-content\/uploads\/2020\/11\/cropped-Logo-Italiana-Contenitori_favicon.jpg","width":512,"height":512,"caption":"Italiana Contenitori s.r.l."},"image":{"@id":"https:\/\/www.italianacontenitori.com\/es\/#\/schema\/logo\/image\/"}}]}},"_links":{"self":[{"href":"https:\/\/www.italianacontenitori.com\/es\/wp-json\/wp\/v2\/product\/241587","targetHints":{"allow":["GET"]}}],"collection":[{"href":"https:\/\/www.italianacontenitori.com\/es\/wp-json\/wp\/v2\/product"}],"about":[{"href":"https:\/\/www.italianacontenitori.com\/es\/wp-json\/wp\/v2\/types\/product"}],"replies":[{"embeddable":true,"href":"https:\/\/www.italianacontenitori.com\/es\/wp-json\/wp\/v2\/comments?post=241587"}],"wp:featuredmedia":[{"embeddable":true,"href":"https:\/\/www.italianacontenitori.com\/es\/wp-json\/wp\/v2\/media\/240354"}],"wp:attachment":[{"href":"https:\/\/www.italianacontenitori.com\/es\/wp-json\/wp\/v2\/media?parent=241587"}],"wp:term":[{"taxonomy":"product_brand","embeddable":true,"href":"https:\/\/www.italianacontenitori.com\/es\/wp-json\/wp\/v2\/product_brand?post=241587"},{"taxonomy":"product_cat","embeddable":true,"href":"https:\/\/www.italianacontenitori.com\/es\/wp-json\/wp\/v2\/product_cat?post=241587"},{"taxonomy":"product_tag","embeddable":true,"href":"https:\/\/www.italianacontenitori.com\/es\/wp-json\/wp\/v2\/product_tag?post=241587"}],"curies":[{"name":"wp","href":"https:\/\/api.w.org\/{rel}","templated":true}]}}