{"id":241591,"date":"2020-12-09T14:50:35","date_gmt":"2020-12-09T14:50:35","guid":{"rendered":"https:\/\/www.italianacontenitori.com\/product\/leggero-102-x-120-cm-h-140m\/"},"modified":"2026-04-10T14:35:33","modified_gmt":"2026-04-10T14:35:33","slug":"leggero-102-x-120-cm-h-140m","status":"publish","type":"product","link":"https:\/\/www.italianacontenitori.com\/es\/producto\/leggero-102-x-120-cm-h-140m\/","title":{"rendered":"LUZ 102 x 120 x 140h"},"content":{"rendered":"<p>Este contenedor de malla met\u00e1lica de la Serie Ligera est\u00e1 dise\u00f1ado para ofrecer la m\u00e1xima capacidad interna y facilidad de manejo, gracias a una construcci\u00f3n robusta pero m\u00e1s ligera que la est\u00e1ndar. Con sus dimensiones de 102 x 120 x 140h cm, ofrece un <strong>volumen interior de m\u00e1s de 1,4 m3<\/strong>, ideal para almacenar y transportar materiales ligeros pero voluminosos. La elecci\u00f3n perfecta para quienes buscan un equilibrio entre gran volumen de carga y maniobrabilidad, gracias a su <strong>peso de s\u00f3lo 54 kg<\/strong>, ofrece una soluci\u00f3n excelente para <strong>almacenar y transportar materiales volum<\/strong>inosos sin sobrecargar las operaciones log\u00edsticas. Fabricada con <strong>malla electrosoldada de 65 x 115 mm<\/strong>, es duradera y f\u00e1cil de mover, incluso en entornos donde la manipulaci\u00f3n manual o ligera es frecuente.   <\/p>\n<p>Gracias a la<strong>abertura en ambos lados largos,<\/strong> siempre se puede acceder f\u00e1cilmente al contenido, incluso cuando el contenedor est\u00e1 apilado. La carga y descarga es r\u00e1pida y segura. <\/p>\n<h2>Caracter\u00edsticas principales de la cesta met\u00e1lica LEGG102120<\/h2>\n<ul>\n<li><strong>Ligero y robusto<\/strong>, ideal para quienes necesitan manejar grandes vol\u00famenes r\u00e1pidamente<\/li>\n<li><strong>Apertura en ambos lados largos<\/strong> para acceder c\u00f3modamente al contenido desde varias direcciones<\/li>\n<li><strong>Apilable y plegable<\/strong>, para optimizar el espacio de almacenamiento o durante el transporte de vuelta<\/li>\n<li><strong>Base reforzada<\/strong>, compatible con transpaletas y carretillas elevadoras<\/li>\n<\/ul>\n<p>Perfecta para empresas que buscan una cesta industrial ligera, espaciosa y funcional para almacenar y manipular productos voluminosos. Esta cesta met\u00e1lica vers\u00e1til y funcional es adecuada para una amplia gama de industrias, desde la log\u00edstica y el reciclaje hasta el procesado y la fabricaci\u00f3n de alimentos. <\/p>\n","protected":false},"excerpt":{"rendered":"<p>Contenedor ligero con gran volumen de carga. Plegable y apilable con apertura en los dos lados largos. Lote m\u00ednimo de 100 piezas.<\/p>\n","protected":false},"featured_media":240360,"comment_status":"open","ping_status":"closed","template":"","meta":{"_acf_changed":false,"_et_pb_use_builder":"off","_et_pb_old_content":"Contenedor ligero con gran volumen de carga. Plegable y apilable con apertura en los dos lados largos. Lote m\u00ednimo de 100 piezas.","_et_gb_content_width":""},"product_brand":[],"product_cat":[1919,1927],"product_tag":[2045],"class_list":{"0":"post-241591","1":"product","2":"type-product","3":"status-publish","4":"has-post-thumbnail","6":"product_cat-contenedor-de-malla-metalica","7":"product_cat-ligero-leggero","8":"product_tag-containers-es","10":"first","11":"instock","12":"shipping-taxable","13":"purchasable","14":"product-type-simple"},"acf":[],"yoast_head":"<!-- This site is optimized with the Yoast SEO plugin v27.4 - https:\/\/yoast.com\/product\/yoast-seo-wordpress\/ -->\n<title>Contenedor ligero para mercanc\u00edas voluminosas - Italiana Contenitori<\/title>\n<meta name=\"description\" content=\"Jaula industrial ligera (41 kg) de hierro galvanizado con m\u00e1s de 800 litros de capacidad de carga, doble puerta, apilable, base reforzada para carretilla elevadora.\" \/>\n<meta name=\"robots\" content=\"index, follow, max-snippet:-1, max-image-preview:large, max-video-preview:-1\" \/>\n<link rel=\"canonical\" href=\"https:\/\/www.italianacontenitori.com\/es\/producto\/leggero-102-x-120-cm-h-140m\/\" \/>\n<meta property=\"og:locale\" content=\"es_ES\" \/>\n<meta property=\"og:type\" content=\"article\" \/>\n<meta property=\"og:title\" content=\"Contenedor ligero para mercanc\u00edas voluminosas - Italiana Contenitori\" \/>\n<meta property=\"og:description\" content=\"Jaula industrial ligera (41 kg) de hierro galvanizado con m\u00e1s de 800 litros de capacidad de carga, doble puerta, apilable, base reforzada para carretilla elevadora.\" \/>\n<meta property=\"og:url\" content=\"https:\/\/www.italianacontenitori.com\/es\/producto\/leggero-102-x-120-cm-h-140m\/\" \/>\n<meta property=\"og:site_name\" content=\"italianacontenitori.com\" \/>\n<meta property=\"article:modified_time\" content=\"2026-04-10T14:35:33+00:00\" \/>\n<meta property=\"og:image\" content=\"https:\/\/www.italianacontenitori.com\/wp-content\/uploads\/2020\/12\/LEGG102120.png\" \/>\n\t<meta property=\"og:image:width\" content=\"1024\" \/>\n\t<meta property=\"og:image:height\" content=\"1024\" \/>\n\t<meta property=\"og:image:type\" content=\"image\/png\" \/>\n<meta name=\"twitter:card\" content=\"summary_large_image\" \/>\n<meta name=\"twitter:label1\" content=\"Tiempo de lectura\" \/>\n\t<meta name=\"twitter:data1\" content=\"1 minuto\" \/>\n<script type=\"application\/ld+json\" class=\"yoast-schema-graph\">{\"@context\":\"https:\\\/\\\/schema.org\",\"@graph\":[{\"@type\":\"WebPage\",\"@id\":\"https:\\\/\\\/www.italianacontenitori.com\\\/es\\\/producto\\\/leggero-102-x-120-cm-h-140m\\\/\",\"url\":\"https:\\\/\\\/www.italianacontenitori.com\\\/es\\\/producto\\\/leggero-102-x-120-cm-h-140m\\\/\",\"name\":\"Contenedor ligero para mercanc\u00edas voluminosas - Italiana Contenitori\",\"isPartOf\":{\"@id\":\"https:\\\/\\\/www.italianacontenitori.com\\\/es\\\/#website\"},\"primaryImageOfPage\":{\"@id\":\"https:\\\/\\\/www.italianacontenitori.com\\\/es\\\/producto\\\/leggero-102-x-120-cm-h-140m\\\/#primaryimage\"},\"image\":{\"@id\":\"https:\\\/\\\/www.italianacontenitori.com\\\/es\\\/producto\\\/leggero-102-x-120-cm-h-140m\\\/#primaryimage\"},\"thumbnailUrl\":\"https:\\\/\\\/www.italianacontenitori.com\\\/wp-content\\\/uploads\\\/2020\\\/12\\\/LEGG102120.png\",\"datePublished\":\"2020-12-09T14:50:35+00:00\",\"dateModified\":\"2026-04-10T14:35:33+00:00\",\"description\":\"Jaula industrial ligera (41 kg) de hierro galvanizado con m\u00e1s de 800 litros de capacidad de carga, doble puerta, apilable, base reforzada para carretilla elevadora.\",\"breadcrumb\":{\"@id\":\"https:\\\/\\\/www.italianacontenitori.com\\\/es\\\/producto\\\/leggero-102-x-120-cm-h-140m\\\/#breadcrumb\"},\"inLanguage\":\"es\",\"potentialAction\":[{\"@type\":\"ReadAction\",\"target\":[\"https:\\\/\\\/www.italianacontenitori.com\\\/es\\\/producto\\\/leggero-102-x-120-cm-h-140m\\\/\"]}]},{\"@type\":\"ImageObject\",\"inLanguage\":\"es\",\"@id\":\"https:\\\/\\\/www.italianacontenitori.com\\\/es\\\/producto\\\/leggero-102-x-120-cm-h-140m\\\/#primaryimage\",\"url\":\"https:\\\/\\\/www.italianacontenitori.com\\\/wp-content\\\/uploads\\\/2020\\\/12\\\/LEGG102120.png\",\"contentUrl\":\"https:\\\/\\\/www.italianacontenitori.com\\\/wp-content\\\/uploads\\\/2020\\\/12\\\/LEGG102120.png\",\"width\":1024,\"height\":1024},{\"@type\":\"BreadcrumbList\",\"@id\":\"https:\\\/\\\/www.italianacontenitori.com\\\/es\\\/producto\\\/leggero-102-x-120-cm-h-140m\\\/#breadcrumb\",\"itemListElement\":[{\"@type\":\"ListItem\",\"position\":1,\"name\":\"Home\",\"item\":\"https:\\\/\\\/www.italianacontenitori.com\\\/es\\\/contenedores-de-malla-metalica\\\/\"},{\"@type\":\"ListItem\",\"position\":2,\"name\":\"Cat\u00e1logo Espa\u00f1ol\",\"item\":\"https:\\\/\\\/www.italianacontenitori.com\\\/es\\\/cataogo-es\\\/\"},{\"@type\":\"ListItem\",\"position\":3,\"name\":\"LUZ 102 x 120 x 140h\"}]},{\"@type\":\"WebSite\",\"@id\":\"https:\\\/\\\/www.italianacontenitori.com\\\/es\\\/#website\",\"url\":\"https:\\\/\\\/www.italianacontenitori.com\\\/es\\\/\",\"name\":\"italianacontenitori.com\",\"description\":\"Produzione di contenitori industriali e roll container\",\"publisher\":{\"@id\":\"https:\\\/\\\/www.italianacontenitori.com\\\/es\\\/#organization\"},\"potentialAction\":[{\"@type\":\"SearchAction\",\"target\":{\"@type\":\"EntryPoint\",\"urlTemplate\":\"https:\\\/\\\/www.italianacontenitori.com\\\/es\\\/?s={search_term_string}\"},\"query-input\":{\"@type\":\"PropertyValueSpecification\",\"valueRequired\":true,\"valueName\":\"search_term_string\"}}],\"inLanguage\":\"es\"},{\"@type\":\"Organization\",\"@id\":\"https:\\\/\\\/www.italianacontenitori.com\\\/es\\\/#organization\",\"name\":\"Italiana Contenitori s.r.l.\",\"alternateName\":\"IC\",\"url\":\"https:\\\/\\\/www.italianacontenitori.com\\\/es\\\/\",\"logo\":{\"@type\":\"ImageObject\",\"inLanguage\":\"es\",\"@id\":\"https:\\\/\\\/www.italianacontenitori.com\\\/es\\\/#\\\/schema\\\/logo\\\/image\\\/\",\"url\":\"https:\\\/\\\/www.italianacontenitori.com\\\/wp-content\\\/uploads\\\/2020\\\/11\\\/cropped-Logo-Italiana-Contenitori_favicon.jpg\",\"contentUrl\":\"https:\\\/\\\/www.italianacontenitori.com\\\/wp-content\\\/uploads\\\/2020\\\/11\\\/cropped-Logo-Italiana-Contenitori_favicon.jpg\",\"width\":512,\"height\":512,\"caption\":\"Italiana Contenitori s.r.l.\"},\"image\":{\"@id\":\"https:\\\/\\\/www.italianacontenitori.com\\\/es\\\/#\\\/schema\\\/logo\\\/image\\\/\"}}]}<\/script>\n<!-- \/ Yoast SEO plugin. -->","yoast_head_json":{"title":"Contenedor ligero para mercanc\u00edas voluminosas - Italiana Contenitori","description":"Jaula industrial ligera (41 kg) de hierro galvanizado con m\u00e1s de 800 litros de capacidad de carga, doble puerta, apilable, base reforzada para carretilla elevadora.","robots":{"index":"index","follow":"follow","max-snippet":"max-snippet:-1","max-image-preview":"max-image-preview:large","max-video-preview":"max-video-preview:-1"},"canonical":"https:\/\/www.italianacontenitori.com\/es\/producto\/leggero-102-x-120-cm-h-140m\/","og_locale":"es_ES","og_type":"article","og_title":"Contenedor ligero para mercanc\u00edas voluminosas - Italiana Contenitori","og_description":"Jaula industrial ligera (41 kg) de hierro galvanizado con m\u00e1s de 800 litros de capacidad de carga, doble puerta, apilable, base reforzada para carretilla elevadora.","og_url":"https:\/\/www.italianacontenitori.com\/es\/producto\/leggero-102-x-120-cm-h-140m\/","og_site_name":"italianacontenitori.com","article_modified_time":"2026-04-10T14:35:33+00:00","og_image":[{"width":1024,"height":1024,"url":"https:\/\/www.italianacontenitori.com\/wp-content\/uploads\/2020\/12\/LEGG102120.png","type":"image\/png"}],"twitter_card":"summary_large_image","twitter_misc":{"Tiempo de lectura":"1 minuto"},"schema":{"@context":"https:\/\/schema.org","@graph":[{"@type":"WebPage","@id":"https:\/\/www.italianacontenitori.com\/es\/producto\/leggero-102-x-120-cm-h-140m\/","url":"https:\/\/www.italianacontenitori.com\/es\/producto\/leggero-102-x-120-cm-h-140m\/","name":"Contenedor ligero para mercanc\u00edas voluminosas - Italiana Contenitori","isPartOf":{"@id":"https:\/\/www.italianacontenitori.com\/es\/#website"},"primaryImageOfPage":{"@id":"https:\/\/www.italianacontenitori.com\/es\/producto\/leggero-102-x-120-cm-h-140m\/#primaryimage"},"image":{"@id":"https:\/\/www.italianacontenitori.com\/es\/producto\/leggero-102-x-120-cm-h-140m\/#primaryimage"},"thumbnailUrl":"https:\/\/www.italianacontenitori.com\/wp-content\/uploads\/2020\/12\/LEGG102120.png","datePublished":"2020-12-09T14:50:35+00:00","dateModified":"2026-04-10T14:35:33+00:00","description":"Jaula industrial ligera (41 kg) de hierro galvanizado con m\u00e1s de 800 litros de capacidad de carga, doble puerta, apilable, base reforzada para carretilla elevadora.","breadcrumb":{"@id":"https:\/\/www.italianacontenitori.com\/es\/producto\/leggero-102-x-120-cm-h-140m\/#breadcrumb"},"inLanguage":"es","potentialAction":[{"@type":"ReadAction","target":["https:\/\/www.italianacontenitori.com\/es\/producto\/leggero-102-x-120-cm-h-140m\/"]}]},{"@type":"ImageObject","inLanguage":"es","@id":"https:\/\/www.italianacontenitori.com\/es\/producto\/leggero-102-x-120-cm-h-140m\/#primaryimage","url":"https:\/\/www.italianacontenitori.com\/wp-content\/uploads\/2020\/12\/LEGG102120.png","contentUrl":"https:\/\/www.italianacontenitori.com\/wp-content\/uploads\/2020\/12\/LEGG102120.png","width":1024,"height":1024},{"@type":"BreadcrumbList","@id":"https:\/\/www.italianacontenitori.com\/es\/producto\/leggero-102-x-120-cm-h-140m\/#breadcrumb","itemListElement":[{"@type":"ListItem","position":1,"name":"Home","item":"https:\/\/www.italianacontenitori.com\/es\/contenedores-de-malla-metalica\/"},{"@type":"ListItem","position":2,"name":"Cat\u00e1logo Espa\u00f1ol","item":"https:\/\/www.italianacontenitori.com\/es\/cataogo-es\/"},{"@type":"ListItem","position":3,"name":"LUZ 102 x 120 x 140h"}]},{"@type":"WebSite","@id":"https:\/\/www.italianacontenitori.com\/es\/#website","url":"https:\/\/www.italianacontenitori.com\/es\/","name":"italianacontenitori.com","description":"Produzione di contenitori industriali e roll container","publisher":{"@id":"https:\/\/www.italianacontenitori.com\/es\/#organization"},"potentialAction":[{"@type":"SearchAction","target":{"@type":"EntryPoint","urlTemplate":"https:\/\/www.italianacontenitori.com\/es\/?s={search_term_string}"},"query-input":{"@type":"PropertyValueSpecification","valueRequired":true,"valueName":"search_term_string"}}],"inLanguage":"es"},{"@type":"Organization","@id":"https:\/\/www.italianacontenitori.com\/es\/#organization","name":"Italiana Contenitori s.r.l.","alternateName":"IC","url":"https:\/\/www.italianacontenitori.com\/es\/","logo":{"@type":"ImageObject","inLanguage":"es","@id":"https:\/\/www.italianacontenitori.com\/es\/#\/schema\/logo\/image\/","url":"https:\/\/www.italianacontenitori.com\/wp-content\/uploads\/2020\/11\/cropped-Logo-Italiana-Contenitori_favicon.jpg","contentUrl":"https:\/\/www.italianacontenitori.com\/wp-content\/uploads\/2020\/11\/cropped-Logo-Italiana-Contenitori_favicon.jpg","width":512,"height":512,"caption":"Italiana Contenitori s.r.l."},"image":{"@id":"https:\/\/www.italianacontenitori.com\/es\/#\/schema\/logo\/image\/"}}]}},"_links":{"self":[{"href":"https:\/\/www.italianacontenitori.com\/es\/wp-json\/wp\/v2\/product\/241591","targetHints":{"allow":["GET"]}}],"collection":[{"href":"https:\/\/www.italianacontenitori.com\/es\/wp-json\/wp\/v2\/product"}],"about":[{"href":"https:\/\/www.italianacontenitori.com\/es\/wp-json\/wp\/v2\/types\/product"}],"replies":[{"embeddable":true,"href":"https:\/\/www.italianacontenitori.com\/es\/wp-json\/wp\/v2\/comments?post=241591"}],"wp:featuredmedia":[{"embeddable":true,"href":"https:\/\/www.italianacontenitori.com\/es\/wp-json\/wp\/v2\/media\/240360"}],"wp:attachment":[{"href":"https:\/\/www.italianacontenitori.com\/es\/wp-json\/wp\/v2\/media?parent=241591"}],"wp:term":[{"taxonomy":"product_brand","embeddable":true,"href":"https:\/\/www.italianacontenitori.com\/es\/wp-json\/wp\/v2\/product_brand?post=241591"},{"taxonomy":"product_cat","embeddable":true,"href":"https:\/\/www.italianacontenitori.com\/es\/wp-json\/wp\/v2\/product_cat?post=241591"},{"taxonomy":"product_tag","embeddable":true,"href":"https:\/\/www.italianacontenitori.com\/es\/wp-json\/wp\/v2\/product_tag?post=241591"}],"curies":[{"name":"wp","href":"https:\/\/api.w.org\/{rel}","templated":true}]}}