{"id":241612,"date":"2020-12-09T14:02:40","date_gmt":"2021-03-03T10:09:21","guid":{"rendered":"https:\/\/www.italianacontenitori.com\/product\/euro-market-82-x-123-cm\/"},"modified":"2025-08-25T08:52:19","modified_gmt":"2025-08-25T08:52:19","slug":"euro-market-82-x-123-cm","status":"publish","type":"product","link":"https:\/\/www.italianacontenitori.com\/es\/prodotto\/euro-market-82-x-123-cm\/","title":{"rendered":"Contenedor industrial con barras superiores para palets &#8211; Euro Market 82 x 123 cm"},"content":{"rendered":"<p>EURO MARKET 82&#215;123 cm es un contenedor industrial robusto, <strong>plegable<\/strong> y vers\u00e1til. Gracias a <strong>las chapas perimetrales<\/strong> de la parte superior, es posible apilar <strong>una tarima EUR encima de este contenedor de malla met\u00e1lica<\/strong> de madera de 80&#215;100 cm. Los contenedores EURO MARKET ofrecen una<strong> estructura robusta y protectora<\/strong> para las mercanc\u00edas y, gracias a los ra\u00edles superiores para palets, se puede apilar una plataforma EUR encima. Esta caracter\u00edstica de dise\u00f1o ayuda a mantener las mercanc\u00edas delicadas alejadas del suelo, protegi\u00e9ndolas de la humedad, la suciedad y los da\u00f1os durante el almacenamiento. El borde en forma de L de las placas perimetrales superiores permite un transporte y manipulaci\u00f3n seguros, y la paleta apilada <strong>siempre estar\u00e1 firmemente sujeta al contenedor base<\/strong>.   <\/p>\n<h2>El contenedor industrial flexible, ideal para almacenamiento vertical y palets EUR<\/h2>\n<p>Cabe destacar que el almacenamiento vertical permite <strong>optimizar el espacio disponible en almacenes<\/strong> y medios de transporte: utilizando las cestas industriales met\u00e1licas EURO MARKET como unidades base, se pueden apilar varias cargas verticalmente, reduciendo as\u00ed las necesidades de espacio en el suelo. Adem\u00e1s de la posibilidad de apilar un palet EUR, tambi\u00e9n es posible <strong>apilar hasta tres contenedores de la serie PALLET\/EUROMARKET en una unidad base.<\/strong> Esta flexibilidad permite aprovechar al m\u00e1ximo el espacio disponible en los centros de almacenamiento, lo que tambi\u00e9n optimiza la log\u00edstica. Recuerda que cada contenedor EURO MARKET tiene una <strong>capacidad de carga de 1000 kg<\/strong>, y soporta hasta 3000 kg apilado sobre el contenedor base.   <\/p>\n<h2>Accesorios, dise\u00f1o y calidad made in Italy<\/h2>\n<p>En el centro de la pared frontal, una pr\u00e1ctica puerta -o trampilla de inspecci\u00f3n- permite un acceso r\u00e1pido incluso cuando est\u00e1 apilado est\u00e1ticamente. Tambi\u00e9n hay disponible una gama de accesorios y personalizaciones para este modelo de contenedor industrial de malla met\u00e1lica, dise\u00f1ado para las necesidades de la industria y la log\u00edstica. Esta cesta de malla met\u00e1lica, <strong>fabricada en Italia con materiales de alta calidad<\/strong>, est\u00e1 dise\u00f1ada para resistir la intemperie, el polvo, la suciedad y la salinidad gracias a su proceso de <strong>galvanizado<\/strong>. Su robustez se ve reforzada por la <strong>estructura autoportante<\/strong> de <strong>malla met\u00e1l<\/strong>ica, que no s\u00f3lo garantiza la durabilidad, sino tambi\u00e9n la visibilidad inmediata del contenido, un aspecto crucial para la optimizaci\u00f3n del almac\u00e9n.   <\/p>\n<p><strong>Lote m\u00ednimo de 100 piezas.<\/strong><\/p>\n","protected":false},"excerpt":{"rendered":"<p>Contenedores resistentes, plegables y especialmente vers\u00e1tiles. Gracias a las l\u00e1minas perimetrales en la parte superior, permite apilar paquetes de mercanc\u00edas sobre un palet de madera de 120 x 80 \/ 120 x 100 u otro contenedor de la serie PALLET\/EUROMARKET. La pr\u00e1ctica puerta en el centro de la pared delantera permite un acceso r\u00e1pido incluso en caso de apilamiento est\u00e1tico. Lote m\u00ednimo de 100 piezas.<\/p>\n","protected":false},"featured_media":240375,"comment_status":"open","ping_status":"closed","template":"","meta":{"_acf_changed":false,"_et_pb_use_builder":"","_et_pb_old_content":"","_et_gb_content_width":""},"product_brand":[],"product_cat":[1923],"product_tag":[2045],"class_list":{"0":"post-241612","1":"product","2":"type-product","3":"status-publish","4":"has-post-thumbnail","6":"product_cat-emak-es","7":"product_tag-containers-es","9":"first","10":"instock","11":"shipping-taxable","12":"purchasable","13":"product-type-simple"},"acf":[],"yoast_head":"<!-- This site is optimized with the Yoast SEO plugin v27.3 - https:\/\/yoast.com\/product\/yoast-seo-wordpress\/ -->\n<title>Contenedor industrial EURO MARKET | Plegable y apilable<\/title>\n<meta name=\"description\" content=\"Contenedor de rejilla met\u00e1lica. Gracias a las chapas perimetrales del borde superior, es posible apilar una plataforma EUR 80x120 o tres contenedores.\" \/>\n<meta name=\"robots\" content=\"index, follow, max-snippet:-1, max-image-preview:large, max-video-preview:-1\" \/>\n<link rel=\"canonical\" href=\"https:\/\/www.italianacontenitori.com\/es\/prodotto\/euro-market-82-x-123-cm\/\" \/>\n<meta property=\"og:locale\" content=\"es_ES\" \/>\n<meta property=\"og:type\" content=\"article\" \/>\n<meta property=\"og:title\" content=\"Contenedor industrial EURO MARKET | Plegable y apilable\" \/>\n<meta property=\"og:description\" content=\"Contenedor de rejilla met\u00e1lica. Gracias a las chapas perimetrales del borde superior, es posible apilar una plataforma EUR 80x120 o tres contenedores.\" \/>\n<meta property=\"og:url\" content=\"https:\/\/www.italianacontenitori.com\/es\/prodotto\/euro-market-82-x-123-cm\/\" \/>\n<meta property=\"og:site_name\" content=\"italianacontenitori.com\" \/>\n<meta property=\"article:modified_time\" content=\"2025-08-25T08:52:19+00:00\" \/>\n<meta property=\"og:image\" content=\"https:\/\/www.italianacontenitori.com\/wp-content\/uploads\/2020\/12\/EMAK082123.png\" \/>\n\t<meta property=\"og:image:width\" content=\"1024\" \/>\n\t<meta property=\"og:image:height\" content=\"1024\" \/>\n\t<meta property=\"og:image:type\" content=\"image\/png\" \/>\n<meta name=\"twitter:card\" content=\"summary_large_image\" \/>\n<meta name=\"twitter:label1\" content=\"Tiempo de lectura\" \/>\n\t<meta name=\"twitter:data1\" content=\"2 minutos\" \/>\n<script type=\"application\/ld+json\" class=\"yoast-schema-graph\">{\"@context\":\"https:\\\/\\\/schema.org\",\"@graph\":[{\"@type\":\"WebPage\",\"@id\":\"https:\\\/\\\/www.italianacontenitori.com\\\/es\\\/prodotto\\\/euro-market-82-x-123-cm\\\/\",\"url\":\"https:\\\/\\\/www.italianacontenitori.com\\\/es\\\/prodotto\\\/euro-market-82-x-123-cm\\\/\",\"name\":\"Contenedor industrial EURO MARKET | Plegable y apilable\",\"isPartOf\":{\"@id\":\"https:\\\/\\\/www.italianacontenitori.com\\\/es\\\/#website\"},\"primaryImageOfPage\":{\"@id\":\"https:\\\/\\\/www.italianacontenitori.com\\\/es\\\/prodotto\\\/euro-market-82-x-123-cm\\\/#primaryimage\"},\"image\":{\"@id\":\"https:\\\/\\\/www.italianacontenitori.com\\\/es\\\/prodotto\\\/euro-market-82-x-123-cm\\\/#primaryimage\"},\"thumbnailUrl\":\"https:\\\/\\\/www.italianacontenitori.com\\\/wp-content\\\/uploads\\\/2020\\\/12\\\/EMAK082123.png\",\"datePublished\":\"2021-03-03T10:09:21+00:00\",\"dateModified\":\"2025-08-25T08:52:19+00:00\",\"description\":\"Contenedor de rejilla met\u00e1lica. Gracias a las chapas perimetrales del borde superior, es posible apilar una plataforma EUR 80x120 o tres contenedores.\",\"breadcrumb\":{\"@id\":\"https:\\\/\\\/www.italianacontenitori.com\\\/es\\\/prodotto\\\/euro-market-82-x-123-cm\\\/#breadcrumb\"},\"inLanguage\":\"es\",\"potentialAction\":[{\"@type\":\"ReadAction\",\"target\":[\"https:\\\/\\\/www.italianacontenitori.com\\\/es\\\/prodotto\\\/euro-market-82-x-123-cm\\\/\"]}]},{\"@type\":\"ImageObject\",\"inLanguage\":\"es\",\"@id\":\"https:\\\/\\\/www.italianacontenitori.com\\\/es\\\/prodotto\\\/euro-market-82-x-123-cm\\\/#primaryimage\",\"url\":\"https:\\\/\\\/www.italianacontenitori.com\\\/wp-content\\\/uploads\\\/2020\\\/12\\\/EMAK082123.png\",\"contentUrl\":\"https:\\\/\\\/www.italianacontenitori.com\\\/wp-content\\\/uploads\\\/2020\\\/12\\\/EMAK082123.png\",\"width\":1024,\"height\":1024,\"caption\":\"Contenitore industriale in rete metallica zincata - Bordo superiore per sovrapporre un pallet EUR 80x120. Modello\"},{\"@type\":\"BreadcrumbList\",\"@id\":\"https:\\\/\\\/www.italianacontenitori.com\\\/es\\\/prodotto\\\/euro-market-82-x-123-cm\\\/#breadcrumb\",\"itemListElement\":[{\"@type\":\"ListItem\",\"position\":1,\"name\":\"Home\",\"item\":\"https:\\\/\\\/www.italianacontenitori.com\\\/es\\\/contenedores-de-malla-metalica\\\/\"},{\"@type\":\"ListItem\",\"position\":2,\"name\":\"Contenedor industrial con barras superiores para palets &#8211; Euro Market 82 x 123 cm\"}]},{\"@type\":\"WebSite\",\"@id\":\"https:\\\/\\\/www.italianacontenitori.com\\\/es\\\/#website\",\"url\":\"https:\\\/\\\/www.italianacontenitori.com\\\/es\\\/\",\"name\":\"italianacontenitori.com\",\"description\":\"Produzione di contenitori industriali e roll container\",\"publisher\":{\"@id\":\"https:\\\/\\\/www.italianacontenitori.com\\\/es\\\/#organization\"},\"potentialAction\":[{\"@type\":\"SearchAction\",\"target\":{\"@type\":\"EntryPoint\",\"urlTemplate\":\"https:\\\/\\\/www.italianacontenitori.com\\\/es\\\/?s={search_term_string}\"},\"query-input\":{\"@type\":\"PropertyValueSpecification\",\"valueRequired\":true,\"valueName\":\"search_term_string\"}}],\"inLanguage\":\"es\"},{\"@type\":\"Organization\",\"@id\":\"https:\\\/\\\/www.italianacontenitori.com\\\/es\\\/#organization\",\"name\":\"Italiana Contenitori s.r.l.\",\"alternateName\":\"IC\",\"url\":\"https:\\\/\\\/www.italianacontenitori.com\\\/es\\\/\",\"logo\":{\"@type\":\"ImageObject\",\"inLanguage\":\"es\",\"@id\":\"https:\\\/\\\/www.italianacontenitori.com\\\/es\\\/#\\\/schema\\\/logo\\\/image\\\/\",\"url\":\"https:\\\/\\\/www.italianacontenitori.com\\\/wp-content\\\/uploads\\\/2020\\\/11\\\/cropped-Logo-Italiana-Contenitori_favicon.jpg\",\"contentUrl\":\"https:\\\/\\\/www.italianacontenitori.com\\\/wp-content\\\/uploads\\\/2020\\\/11\\\/cropped-Logo-Italiana-Contenitori_favicon.jpg\",\"width\":512,\"height\":512,\"caption\":\"Italiana Contenitori s.r.l.\"},\"image\":{\"@id\":\"https:\\\/\\\/www.italianacontenitori.com\\\/es\\\/#\\\/schema\\\/logo\\\/image\\\/\"}}]}<\/script>\n<!-- \/ Yoast SEO plugin. -->","yoast_head_json":{"title":"Contenedor industrial EURO MARKET | Plegable y apilable","description":"Contenedor de rejilla met\u00e1lica. Gracias a las chapas perimetrales del borde superior, es posible apilar una plataforma EUR 80x120 o tres contenedores.","robots":{"index":"index","follow":"follow","max-snippet":"max-snippet:-1","max-image-preview":"max-image-preview:large","max-video-preview":"max-video-preview:-1"},"canonical":"https:\/\/www.italianacontenitori.com\/es\/prodotto\/euro-market-82-x-123-cm\/","og_locale":"es_ES","og_type":"article","og_title":"Contenedor industrial EURO MARKET | Plegable y apilable","og_description":"Contenedor de rejilla met\u00e1lica. Gracias a las chapas perimetrales del borde superior, es posible apilar una plataforma EUR 80x120 o tres contenedores.","og_url":"https:\/\/www.italianacontenitori.com\/es\/prodotto\/euro-market-82-x-123-cm\/","og_site_name":"italianacontenitori.com","article_modified_time":"2025-08-25T08:52:19+00:00","og_image":[{"width":1024,"height":1024,"url":"https:\/\/www.italianacontenitori.com\/wp-content\/uploads\/2020\/12\/EMAK082123.png","type":"image\/png"}],"twitter_card":"summary_large_image","twitter_misc":{"Tiempo de lectura":"2 minutos"},"schema":{"@context":"https:\/\/schema.org","@graph":[{"@type":"WebPage","@id":"https:\/\/www.italianacontenitori.com\/es\/prodotto\/euro-market-82-x-123-cm\/","url":"https:\/\/www.italianacontenitori.com\/es\/prodotto\/euro-market-82-x-123-cm\/","name":"Contenedor industrial EURO MARKET | Plegable y apilable","isPartOf":{"@id":"https:\/\/www.italianacontenitori.com\/es\/#website"},"primaryImageOfPage":{"@id":"https:\/\/www.italianacontenitori.com\/es\/prodotto\/euro-market-82-x-123-cm\/#primaryimage"},"image":{"@id":"https:\/\/www.italianacontenitori.com\/es\/prodotto\/euro-market-82-x-123-cm\/#primaryimage"},"thumbnailUrl":"https:\/\/www.italianacontenitori.com\/wp-content\/uploads\/2020\/12\/EMAK082123.png","datePublished":"2021-03-03T10:09:21+00:00","dateModified":"2025-08-25T08:52:19+00:00","description":"Contenedor de rejilla met\u00e1lica. Gracias a las chapas perimetrales del borde superior, es posible apilar una plataforma EUR 80x120 o tres contenedores.","breadcrumb":{"@id":"https:\/\/www.italianacontenitori.com\/es\/prodotto\/euro-market-82-x-123-cm\/#breadcrumb"},"inLanguage":"es","potentialAction":[{"@type":"ReadAction","target":["https:\/\/www.italianacontenitori.com\/es\/prodotto\/euro-market-82-x-123-cm\/"]}]},{"@type":"ImageObject","inLanguage":"es","@id":"https:\/\/www.italianacontenitori.com\/es\/prodotto\/euro-market-82-x-123-cm\/#primaryimage","url":"https:\/\/www.italianacontenitori.com\/wp-content\/uploads\/2020\/12\/EMAK082123.png","contentUrl":"https:\/\/www.italianacontenitori.com\/wp-content\/uploads\/2020\/12\/EMAK082123.png","width":1024,"height":1024,"caption":"Contenitore industriale in rete metallica zincata - Bordo superiore per sovrapporre un pallet EUR 80x120. Modello"},{"@type":"BreadcrumbList","@id":"https:\/\/www.italianacontenitori.com\/es\/prodotto\/euro-market-82-x-123-cm\/#breadcrumb","itemListElement":[{"@type":"ListItem","position":1,"name":"Home","item":"https:\/\/www.italianacontenitori.com\/es\/contenedores-de-malla-metalica\/"},{"@type":"ListItem","position":2,"name":"Contenedor industrial con barras superiores para palets &#8211; Euro Market 82 x 123 cm"}]},{"@type":"WebSite","@id":"https:\/\/www.italianacontenitori.com\/es\/#website","url":"https:\/\/www.italianacontenitori.com\/es\/","name":"italianacontenitori.com","description":"Produzione di contenitori industriali e roll container","publisher":{"@id":"https:\/\/www.italianacontenitori.com\/es\/#organization"},"potentialAction":[{"@type":"SearchAction","target":{"@type":"EntryPoint","urlTemplate":"https:\/\/www.italianacontenitori.com\/es\/?s={search_term_string}"},"query-input":{"@type":"PropertyValueSpecification","valueRequired":true,"valueName":"search_term_string"}}],"inLanguage":"es"},{"@type":"Organization","@id":"https:\/\/www.italianacontenitori.com\/es\/#organization","name":"Italiana Contenitori s.r.l.","alternateName":"IC","url":"https:\/\/www.italianacontenitori.com\/es\/","logo":{"@type":"ImageObject","inLanguage":"es","@id":"https:\/\/www.italianacontenitori.com\/es\/#\/schema\/logo\/image\/","url":"https:\/\/www.italianacontenitori.com\/wp-content\/uploads\/2020\/11\/cropped-Logo-Italiana-Contenitori_favicon.jpg","contentUrl":"https:\/\/www.italianacontenitori.com\/wp-content\/uploads\/2020\/11\/cropped-Logo-Italiana-Contenitori_favicon.jpg","width":512,"height":512,"caption":"Italiana Contenitori s.r.l."},"image":{"@id":"https:\/\/www.italianacontenitori.com\/es\/#\/schema\/logo\/image\/"}}]}},"_links":{"self":[{"href":"https:\/\/www.italianacontenitori.com\/es\/wp-json\/wp\/v2\/product\/241612","targetHints":{"allow":["GET"]}}],"collection":[{"href":"https:\/\/www.italianacontenitori.com\/es\/wp-json\/wp\/v2\/product"}],"about":[{"href":"https:\/\/www.italianacontenitori.com\/es\/wp-json\/wp\/v2\/types\/product"}],"replies":[{"embeddable":true,"href":"https:\/\/www.italianacontenitori.com\/es\/wp-json\/wp\/v2\/comments?post=241612"}],"wp:featuredmedia":[{"embeddable":true,"href":"https:\/\/www.italianacontenitori.com\/es\/wp-json\/wp\/v2\/media\/240375"}],"wp:attachment":[{"href":"https:\/\/www.italianacontenitori.com\/es\/wp-json\/wp\/v2\/media?parent=241612"}],"wp:term":[{"taxonomy":"product_brand","embeddable":true,"href":"https:\/\/www.italianacontenitori.com\/es\/wp-json\/wp\/v2\/product_brand?post=241612"},{"taxonomy":"product_cat","embeddable":true,"href":"https:\/\/www.italianacontenitori.com\/es\/wp-json\/wp\/v2\/product_cat?post=241612"},{"taxonomy":"product_tag","embeddable":true,"href":"https:\/\/www.italianacontenitori.com\/es\/wp-json\/wp\/v2\/product_tag?post=241612"}],"curies":[{"name":"wp","href":"https:\/\/api.w.org\/{rel}","templated":true}]}}